{"id":288894,"date":"2023-11-22T16:48:34","date_gmt":"2023-11-22T15:48:34","guid":{"rendered":"https:\/\/miomiorun.com\/prodotto\/hike-medium-crew\/"},"modified":"2026-05-08T21:56:02","modified_gmt":"2026-05-08T19:56:02","slug":"hike-medium-crew","status":"publish","type":"product","link":"https:\/\/www.miomiorun.com\/fr\/produit\/hike-medium-crew\/","title":{"rendered":"Hike Medium Crew"},"content":{"rendered":"<div class=\"vc-row container\"><div class=\"vc-column\"><div class=\"vc-column-text\"><span style=\"font-weight: 400;\">Excursion d&#8217;une journ\u00e9e ou apr\u00e8s ? \u00c0 vous de choisir. Quoi qu&#8217;il en soit, vous serez au chaud et au sec gr\u00e2ce \u00e0 ces chaussettes en laine m\u00e9rinos.<\/span><\/p>\n<h2>Caract\u00e9ristiques<\/h2>\n<ul>\n<li>Amortissement cibl\u00e9 : Amortissement cibl\u00e9 pour plus de confort l\u00e0 o\u00f9 vous en avez le plus besoin.<\/li>\n<li>Soutien de la vo\u00fbte plantaire : Le soutien de la vo\u00fbte plantaire stabilise votre swing avec style.<\/li>\n<li>Fermeture des orteils sans couture : Fermeture des orteils sans couture pour une finition anti-friction que vos pieds appr\u00e9cieront.<\/li>\n<li>Poche profonde au niveau du talon : Les poches profondes au niveau du talon compl\u00e8tent le soutien de la vo\u00fbte plantaire avec un ajustement confortable.<\/li>\n<\/ul>\n<h2>Amortissement moyen<\/h2>\n<p>Amortissement mod\u00e9r\u00e9 sur l&#8217;ensemble de la chaussette pour un ajustement s\u00fbr et une protection accrue contre les impacts.<\/p>\n<h2>Haut de jambe<\/h2>\n<p>Une hauteur de chaussette classique qui atteint le milieu de la jambe.<\/p>\n<h2>Entretien du produit<\/h2>\n<ul>\n<li style=\"font-weight: 400;\"><span style=\"font-weight: 400;\">Lavage en machine \u00e0 40\u00b0C<\/span><\/li>\n<li style=\"font-weight: 400;\"><span style=\"font-weight: 400;\">\u00c9viter le blanchiment ou le repassage<\/span><\/li>\n<li style=\"font-weight: 400;\"><span style=\"font-weight: 400;\">Les chaussettes dureront plus longtemps si vous ne les mettez pas au s\u00e8che-linge.<\/span><\/li>\n<\/ul>\n<p><\/div><\/div><\/div>\n","protected":false},"excerpt":{"rendered":"<p>Choisissez la taille et la couleur pour d\u00e9couvrir les caract\u00e9ristiques des diff\u00e9rents mod\u00e8les disponibles<\/p>\n","protected":false},"featured_media":244062,"template":"","meta":{"_acf_changed":false,"inline_featured_image":false},"product_brand":[],"product_cat":[24256,22597,22596,24482,24484,22595],"product_tag":[23538,23547,23548],"class_list":{"0":"post-288894","1":"product","2":"type-product","3":"status-publish","4":"has-post-thumbnail","6":"product_cat-chaussettes-fr","7":"product_cat-chaussettes","8":"product_cat-vetements-pour-femmes","9":"product_cat-vetements-pour-hommes-fr","10":"product_cat-homme","11":"product_cat-femme","12":"product_tag-stance-fr","13":"product_tag-stance-femme","14":"product_tag-stance-homme","15":"pa_attivita-marcher","16":"pa_attivita-outdoor-fr","17":"pa_colore-bezel-hike-adventure-w-blue-fr","18":"pa_colore-everest-fr","19":"pa_colore-gunnison-hike-grey-fr","20":"pa_colore-peak-adventure-w-grey-fr","21":"pa_colore-redstone-hike-grey-fr","22":"pa_colore-windy-peaks-dustyrose-fr","23":"pa_colore-windy-peaks-teal-fr","24":"pa_marca-stance-fr","25":"pa_sesso-femme","26":"pa_sesso-homme","27":"pa_size-35-37-fr","28":"pa_size-38-42-fr","29":"pa_size-43-46-fr","31":"first","32":"instock","33":"sale","34":"taxable","35":"shipping-taxable","36":"purchasable","37":"product-type-variable","38":"wvs-archive-product-wrapper"},"acf":[],"yoast_head":"<!-- This site is optimized with the Yoast SEO plugin v26.8 - https:\/\/yoast.com\/product\/yoast-seo-wordpress\/ -->\n<title>Stance Hike Medium Crew - Chaussettes de course - MioMioRun.com<\/title>\n<meta name=\"description\" content=\"Excursion d&#039;une journ\u00e9e ou apr\u00e8s ? \u00c0 vous de choisir. Quoi qu&#039;il en soit, vous serez au chaud et au sec avec ces chaussettes en laine m\u00e9rinos.\" \/>\n<meta name=\"robots\" content=\"index, follow, max-snippet:-1, max-image-preview:large, max-video-preview:-1\" \/>\n<link rel=\"canonical\" href=\"https:\/\/www.miomiorun.com\/fr\/produit\/hike-medium-crew\/\" \/>\n<meta property=\"og:locale\" content=\"fr_FR\" \/>\n<meta property=\"og:type\" content=\"article\" \/>\n<meta property=\"og:title\" content=\"Stance Hike Medium Crew - Chaussettes de course - MioMioRun.com\" \/>\n<meta property=\"og:description\" content=\"Excursion d&#039;une journ\u00e9e ou apr\u00e8s ? \u00c0 vous de choisir. Quoi qu&#039;il en soit, vous serez au chaud et au sec avec ces chaussettes en laine m\u00e9rinos.\" \/>\n<meta property=\"og:url\" content=\"https:\/\/www.miomiorun.com\/fr\/produit\/hike-medium-crew\/\" \/>\n<meta property=\"og:site_name\" content=\"MioMioRun\" \/>\n<meta property=\"article:publisher\" content=\"https:\/\/www.facebook.com\/miomiorun\/\" \/>\n<meta property=\"article:modified_time\" content=\"2026-05-08T19:56:02+00:00\" \/>\n<meta property=\"og:image\" content=\"https:\/\/www.miomiorun.com\/app\/uploads\/2023\/11\/stance-divided-A588A23DIV.jpg\" \/>\n\t<meta property=\"og:image:width\" content=\"600\" \/>\n\t<meta property=\"og:image:height\" content=\"600\" \/>\n\t<meta property=\"og:image:type\" content=\"image\/jpeg\" \/>\n<meta name=\"twitter:card\" content=\"summary_large_image\" \/>\n<meta name=\"twitter:label1\" content=\"Est. reading time\" \/>\n\t<meta name=\"twitter:data1\" content=\"1 minute\" \/>\n<script type=\"application\/ld+json\" class=\"yoast-schema-graph\">{\"@context\":\"https:\/\/schema.org\",\"@graph\":[{\"@type\":\"WebPage\",\"@id\":\"https:\/\/www.miomiorun.com\/fr\/produit\/hike-medium-crew\/\",\"url\":\"https:\/\/www.miomiorun.com\/fr\/produit\/hike-medium-crew\/\",\"name\":\"Stance Hike Medium Crew - Chaussettes de course - MioMioRun.com\",\"isPartOf\":{\"@id\":\"https:\/\/www.miomiorun.com\/fr\/#website\"},\"primaryImageOfPage\":{\"@id\":\"https:\/\/www.miomiorun.com\/fr\/produit\/hike-medium-crew\/#primaryimage\"},\"image\":{\"@id\":\"https:\/\/www.miomiorun.com\/fr\/produit\/hike-medium-crew\/#primaryimage\"},\"thumbnailUrl\":\"https:\/\/www.miomiorun.com\/app\/uploads\/2023\/11\/stance-divided-A588A23DIV.jpg\",\"datePublished\":\"2023-11-22T15:48:34+00:00\",\"dateModified\":\"2026-05-08T19:56:02+00:00\",\"description\":\"Excursion d'une journ\u00e9e ou apr\u00e8s ? \u00c0 vous de choisir. Quoi qu'il en soit, vous serez au chaud et au sec avec ces chaussettes en laine m\u00e9rinos.\",\"breadcrumb\":{\"@id\":\"https:\/\/www.miomiorun.com\/fr\/produit\/hike-medium-crew\/#breadcrumb\"},\"inLanguage\":\"fr-FR\",\"potentialAction\":[{\"@type\":\"ReadAction\",\"target\":[\"https:\/\/www.miomiorun.com\/fr\/produit\/hike-medium-crew\/\"]}]},{\"@type\":\"ImageObject\",\"inLanguage\":\"fr-FR\",\"@id\":\"https:\/\/www.miomiorun.com\/fr\/produit\/hike-medium-crew\/#primaryimage\",\"url\":\"https:\/\/www.miomiorun.com\/app\/uploads\/2023\/11\/stance-divided-A588A23DIV.jpg\",\"contentUrl\":\"https:\/\/www.miomiorun.com\/app\/uploads\/2023\/11\/stance-divided-A588A23DIV.jpg\",\"width\":600,\"height\":600,\"caption\":\"stance-divided-A588A23DIV\"},{\"@type\":\"BreadcrumbList\",\"@id\":\"https:\/\/www.miomiorun.com\/fr\/produit\/hike-medium-crew\/#breadcrumb\",\"itemListElement\":[{\"@type\":\"ListItem\",\"position\":1,\"name\":\"Home\",\"item\":\"https:\/\/www.miomiorun.com\/fr\/home-page\/\"},{\"@type\":\"ListItem\",\"position\":2,\"name\":\"Shop\",\"item\":\"https:\/\/www.miomiorun.com\/shop\/\"},{\"@type\":\"ListItem\",\"position\":3,\"name\":\"Hike Medium Crew\"}]},{\"@type\":\"WebSite\",\"@id\":\"https:\/\/www.miomiorun.com\/fr\/#website\",\"url\":\"https:\/\/www.miomiorun.com\/fr\/\",\"name\":\"MioMioRun\",\"description\":\"Boutique 100% running et trail\",\"publisher\":{\"@id\":\"https:\/\/www.miomiorun.com\/fr\/#organization\"},\"potentialAction\":[{\"@type\":\"SearchAction\",\"target\":{\"@type\":\"EntryPoint\",\"urlTemplate\":\"https:\/\/www.miomiorun.com\/fr\/?s={search_term_string}\"},\"query-input\":{\"@type\":\"PropertyValueSpecification\",\"valueRequired\":true,\"valueName\":\"search_term_string\"}}],\"inLanguage\":\"fr-FR\"},{\"@type\":\"Organization\",\"@id\":\"https:\/\/www.miomiorun.com\/fr\/#organization\",\"name\":\"MioMio Run\",\"url\":\"https:\/\/www.miomiorun.com\/fr\/\",\"logo\":{\"@type\":\"ImageObject\",\"inLanguage\":\"fr-FR\",\"@id\":\"https:\/\/www.miomiorun.com\/fr\/#\/schema\/logo\/image\/\",\"url\":\"https:\/\/www.miomiorun.com\/app\/uploads\/2019\/12\/logomio.png\",\"contentUrl\":\"https:\/\/www.miomiorun.com\/app\/uploads\/2019\/12\/logomio.png\",\"width\":115,\"height\":82,\"caption\":\"MioMio Run\"},\"image\":{\"@id\":\"https:\/\/www.miomiorun.com\/fr\/#\/schema\/logo\/image\/\"},\"sameAs\":[\"https:\/\/www.facebook.com\/miomiorun\/\",\"https:\/\/www.instagram.com\/miomiorun\/\"]}]}<\/script>\n<!-- \/ Yoast SEO plugin. -->","yoast_head_json":{"title":"Stance Hike Medium Crew - Chaussettes de course - MioMioRun.com","description":"Excursion d'une journ\u00e9e ou apr\u00e8s ? \u00c0 vous de choisir. Quoi qu'il en soit, vous serez au chaud et au sec avec ces chaussettes en laine m\u00e9rinos.","robots":{"index":"index","follow":"follow","max-snippet":"max-snippet:-1","max-image-preview":"max-image-preview:large","max-video-preview":"max-video-preview:-1"},"canonical":"https:\/\/www.miomiorun.com\/fr\/produit\/hike-medium-crew\/","og_locale":"fr_FR","og_type":"article","og_title":"Stance Hike Medium Crew - Chaussettes de course - MioMioRun.com","og_description":"Excursion d'une journ\u00e9e ou apr\u00e8s ? \u00c0 vous de choisir. Quoi qu'il en soit, vous serez au chaud et au sec avec ces chaussettes en laine m\u00e9rinos.","og_url":"https:\/\/www.miomiorun.com\/fr\/produit\/hike-medium-crew\/","og_site_name":"MioMioRun","article_publisher":"https:\/\/www.facebook.com\/miomiorun\/","article_modified_time":"2026-05-08T19:56:02+00:00","og_image":[{"width":600,"height":600,"url":"https:\/\/www.miomiorun.com\/app\/uploads\/2023\/11\/stance-divided-A588A23DIV.jpg","type":"image\/jpeg"}],"twitter_card":"summary_large_image","twitter_misc":{"Est. reading time":"1 minute"},"schema":{"@context":"https:\/\/schema.org","@graph":[{"@type":"WebPage","@id":"https:\/\/www.miomiorun.com\/fr\/produit\/hike-medium-crew\/","url":"https:\/\/www.miomiorun.com\/fr\/produit\/hike-medium-crew\/","name":"Stance Hike Medium Crew - Chaussettes de course - MioMioRun.com","isPartOf":{"@id":"https:\/\/www.miomiorun.com\/fr\/#website"},"primaryImageOfPage":{"@id":"https:\/\/www.miomiorun.com\/fr\/produit\/hike-medium-crew\/#primaryimage"},"image":{"@id":"https:\/\/www.miomiorun.com\/fr\/produit\/hike-medium-crew\/#primaryimage"},"thumbnailUrl":"https:\/\/www.miomiorun.com\/app\/uploads\/2023\/11\/stance-divided-A588A23DIV.jpg","datePublished":"2023-11-22T15:48:34+00:00","dateModified":"2026-05-08T19:56:02+00:00","description":"Excursion d'une journ\u00e9e ou apr\u00e8s ? \u00c0 vous de choisir. Quoi qu'il en soit, vous serez au chaud et au sec avec ces chaussettes en laine m\u00e9rinos.","breadcrumb":{"@id":"https:\/\/www.miomiorun.com\/fr\/produit\/hike-medium-crew\/#breadcrumb"},"inLanguage":"fr-FR","potentialAction":[{"@type":"ReadAction","target":["https:\/\/www.miomiorun.com\/fr\/produit\/hike-medium-crew\/"]}]},{"@type":"ImageObject","inLanguage":"fr-FR","@id":"https:\/\/www.miomiorun.com\/fr\/produit\/hike-medium-crew\/#primaryimage","url":"https:\/\/www.miomiorun.com\/app\/uploads\/2023\/11\/stance-divided-A588A23DIV.jpg","contentUrl":"https:\/\/www.miomiorun.com\/app\/uploads\/2023\/11\/stance-divided-A588A23DIV.jpg","width":600,"height":600,"caption":"stance-divided-A588A23DIV"},{"@type":"BreadcrumbList","@id":"https:\/\/www.miomiorun.com\/fr\/produit\/hike-medium-crew\/#breadcrumb","itemListElement":[{"@type":"ListItem","position":1,"name":"Home","item":"https:\/\/www.miomiorun.com\/fr\/home-page\/"},{"@type":"ListItem","position":2,"name":"Shop","item":"https:\/\/www.miomiorun.com\/shop\/"},{"@type":"ListItem","position":3,"name":"Hike Medium Crew"}]},{"@type":"WebSite","@id":"https:\/\/www.miomiorun.com\/fr\/#website","url":"https:\/\/www.miomiorun.com\/fr\/","name":"MioMioRun","description":"Boutique 100% running et trail","publisher":{"@id":"https:\/\/www.miomiorun.com\/fr\/#organization"},"potentialAction":[{"@type":"SearchAction","target":{"@type":"EntryPoint","urlTemplate":"https:\/\/www.miomiorun.com\/fr\/?s={search_term_string}"},"query-input":{"@type":"PropertyValueSpecification","valueRequired":true,"valueName":"search_term_string"}}],"inLanguage":"fr-FR"},{"@type":"Organization","@id":"https:\/\/www.miomiorun.com\/fr\/#organization","name":"MioMio Run","url":"https:\/\/www.miomiorun.com\/fr\/","logo":{"@type":"ImageObject","inLanguage":"fr-FR","@id":"https:\/\/www.miomiorun.com\/fr\/#\/schema\/logo\/image\/","url":"https:\/\/www.miomiorun.com\/app\/uploads\/2019\/12\/logomio.png","contentUrl":"https:\/\/www.miomiorun.com\/app\/uploads\/2019\/12\/logomio.png","width":115,"height":82,"caption":"MioMio Run"},"image":{"@id":"https:\/\/www.miomiorun.com\/fr\/#\/schema\/logo\/image\/"},"sameAs":["https:\/\/www.facebook.com\/miomiorun\/","https:\/\/www.instagram.com\/miomiorun\/"]}]}},"_links":{"self":[{"href":"https:\/\/www.miomiorun.com\/fr\/wp-json\/wp\/v2\/product\/288894","targetHints":{"allow":["GET"]}}],"collection":[{"href":"https:\/\/www.miomiorun.com\/fr\/wp-json\/wp\/v2\/product"}],"about":[{"href":"https:\/\/www.miomiorun.com\/fr\/wp-json\/wp\/v2\/types\/product"}],"wp:featuredmedia":[{"embeddable":true,"href":"https:\/\/www.miomiorun.com\/fr\/wp-json\/wp\/v2\/media\/244062"}],"wp:attachment":[{"href":"https:\/\/www.miomiorun.com\/fr\/wp-json\/wp\/v2\/media?parent=288894"}],"wp:term":[{"taxonomy":"product_brand","embeddable":true,"href":"https:\/\/www.miomiorun.com\/fr\/wp-json\/wp\/v2\/product_brand?post=288894"},{"taxonomy":"product_cat","embeddable":true,"href":"https:\/\/www.miomiorun.com\/fr\/wp-json\/wp\/v2\/product_cat?post=288894"},{"taxonomy":"product_tag","embeddable":true,"href":"https:\/\/www.miomiorun.com\/fr\/wp-json\/wp\/v2\/product_tag?post=288894"}],"curies":[{"name":"wp","href":"https:\/\/api.w.org\/{rel}","templated":true}]}}