{"id":288779,"date":"2023-12-14T15:53:25","date_gmt":"2023-12-14T14:53:25","guid":{"rendered":"https:\/\/miomiorun.com\/prodotto\/inox-pants-uomo\/"},"modified":"2026-05-08T21:55:38","modified_gmt":"2026-05-08T19:55:38","slug":"inox-pants-homme","status":"publish","type":"product","link":"https:\/\/www.miomiorun.com\/fr\/produit\/inox-pants-homme\/","title":{"rendered":"Inox Pants homme"},"content":{"rendered":"<p>Le pantalon <strong>Inox<\/strong> pour homme est un pantalon long en nylon DWR extensible dans les quatre sens. Il s&#8217;agit d&#8217;un v\u00eatement id\u00e9al pour le ski de montagne, le trekking, diverses activit\u00e9s de plein air et les loisirs par temps froid.<\/p>\n<p><strong>Caract\u00e9ristiques :<\/strong><\/p>\n<div id=\"description\" class=\"data item content\" role=\"tabpanel\" aria-hidden=\"false\" data-role=\"content\" aria-labelledby=\"tab-label-description\">&#8211; Pantalon long pour homme<br \/>\n&#8211; Tissu nylon DWR extensible dans les 4 sens<br \/>\n&#8211; Patch genoux et patch fesses en nylon extensible<br \/>\n&#8211; Bas de jambe en nylon extensible r\u00e9sistant aux d\u00e9chirures et \u00e0 l&#8217;abrasion<br \/>\n&#8211; Taille ferm\u00e9e par \u00e9lastique, ajustement par cordon de serrage et ouverture \u00e0 rabat<br \/>\n&#8211; Poches repose mains avec zip, poche arri\u00e8re avec zip<br \/>\n&#8211; Bas de jambe ajustable avec zip et soufflet<br \/>\n&#8211; Bas de jambe fini avec \u00e9lastique silicone antid\u00e9rapant<br \/>\n&#8211; Ultrasons et taping pour r\u00e9duire l&#8217;\u00e9paisseur<br \/>\n&#8211; V\u00eatement id\u00e9al pour l&#8217;alpinisme, le trekking, diverses activit\u00e9s de plein air et les loisirs en climat froidPoids<\/p>\n<p class=\"product-weight\">: 0,5<\/p>\n<p>kg.<\/p>\n<p class=\"product-weight\">41 kg<\/p>\n<\/div>\n<p>&nbsp;<\/p>\n<p>&nbsp;<\/p>\n<p>&nbsp;<\/p>\n<p>&nbsp;<\/p>\n","protected":false},"excerpt":{"rendered":"<ul>\n<li>Pantalon d&#8217;hiver<\/li>\n<li>Id\u00e9al pour les activit\u00e9s de plein air par temps froid.<\/li>\n<\/ul>\n","protected":false},"featured_media":244472,"template":"","meta":{"_acf_changed":false,"inline_featured_image":false},"product_brand":[],"product_cat":[24450,24482],"product_tag":[23512,23524],"class_list":{"0":"post-288779","1":"product","2":"type-product","3":"status-publish","4":"has-post-thumbnail","6":"product_cat-pantalon-long-fr-3","7":"product_cat-vetements-pour-hommes-fr","8":"product_tag-montura-fr","9":"product_tag-montura-homme","10":"pa_attivita-marcher","11":"pa_attivita-outdoor-fr","12":"pa_colore-inox-pants-antracite-giallo-fluo-fr","13":"pa_marca-montura-fr","14":"pa_sesso-homme","15":"pa_size-large-fr","17":"first","18":"instock","19":"taxable","20":"shipping-taxable","21":"purchasable","22":"product-type-variable","23":"wvs-archive-product-wrapper"},"acf":[],"yoast_head":"<!-- This site is optimized with the Yoast SEO plugin v26.8 - https:\/\/yoast.com\/product\/yoast-seo-wordpress\/ -->\n<title>Montura Inox Pants homme - pantalon de montagne - MioMioRun<\/title>\n<meta name=\"description\" content=\"Le pantalon Inox pour homme est un pantalon long en nylon DWR 4 way-stretch, un v\u00eatement id\u00e9al pour le ski de montagne, le trekking et diverses activit\u00e9s de plein air.\" \/>\n<meta name=\"robots\" content=\"index, follow, max-snippet:-1, max-image-preview:large, max-video-preview:-1\" \/>\n<link rel=\"canonical\" href=\"https:\/\/www.miomiorun.com\/fr\/produit\/inox-pants-homme\/\" \/>\n<meta property=\"og:locale\" content=\"fr_FR\" \/>\n<meta property=\"og:type\" content=\"article\" \/>\n<meta property=\"og:title\" content=\"Montura Inox Pants homme - pantalon de montagne - MioMioRun\" \/>\n<meta property=\"og:description\" content=\"Le pantalon Inox pour homme est un pantalon long en nylon DWR 4 way-stretch, un v\u00eatement id\u00e9al pour le ski de montagne, le trekking et diverses activit\u00e9s de plein air.\" \/>\n<meta property=\"og:url\" content=\"https:\/\/www.miomiorun.com\/fr\/produit\/inox-pants-homme\/\" \/>\n<meta property=\"og:site_name\" content=\"MioMioRun\" \/>\n<meta property=\"article:publisher\" content=\"https:\/\/www.facebook.com\/miomiorun\/\" \/>\n<meta property=\"article:modified_time\" content=\"2026-05-08T19:55:38+00:00\" \/>\n<meta property=\"og:image\" content=\"https:\/\/www.miomiorun.com\/app\/uploads\/2023\/12\/montura-inox-pants-antracite-giallo-fluo-MPLK01X.9270F.jpg\" \/>\n\t<meta property=\"og:image:width\" content=\"600\" \/>\n\t<meta property=\"og:image:height\" content=\"600\" \/>\n\t<meta property=\"og:image:type\" content=\"image\/jpeg\" \/>\n<meta name=\"twitter:card\" content=\"summary_large_image\" \/>\n<meta name=\"twitter:label1\" content=\"Est. reading time\" \/>\n\t<meta name=\"twitter:data1\" content=\"1 minute\" \/>\n<script type=\"application\/ld+json\" class=\"yoast-schema-graph\">{\"@context\":\"https:\/\/schema.org\",\"@graph\":[{\"@type\":\"WebPage\",\"@id\":\"https:\/\/www.miomiorun.com\/fr\/produit\/inox-pants-homme\/\",\"url\":\"https:\/\/www.miomiorun.com\/fr\/produit\/inox-pants-homme\/\",\"name\":\"Montura Inox Pants homme - pantalon de montagne - MioMioRun\",\"isPartOf\":{\"@id\":\"https:\/\/www.miomiorun.com\/fr\/#website\"},\"primaryImageOfPage\":{\"@id\":\"https:\/\/www.miomiorun.com\/fr\/produit\/inox-pants-homme\/#primaryimage\"},\"image\":{\"@id\":\"https:\/\/www.miomiorun.com\/fr\/produit\/inox-pants-homme\/#primaryimage\"},\"thumbnailUrl\":\"https:\/\/www.miomiorun.com\/app\/uploads\/2023\/12\/montura-inox-pants-antracite-giallo-fluo-MPLK01X.9270F.jpg\",\"datePublished\":\"2023-12-14T14:53:25+00:00\",\"dateModified\":\"2026-05-08T19:55:38+00:00\",\"description\":\"Le pantalon Inox pour homme est un pantalon long en nylon DWR 4 way-stretch, un v\u00eatement id\u00e9al pour le ski de montagne, le trekking et diverses activit\u00e9s de plein air.\",\"breadcrumb\":{\"@id\":\"https:\/\/www.miomiorun.com\/fr\/produit\/inox-pants-homme\/#breadcrumb\"},\"inLanguage\":\"fr-FR\",\"potentialAction\":[{\"@type\":\"ReadAction\",\"target\":[\"https:\/\/www.miomiorun.com\/fr\/produit\/inox-pants-homme\/\"]}]},{\"@type\":\"ImageObject\",\"inLanguage\":\"fr-FR\",\"@id\":\"https:\/\/www.miomiorun.com\/fr\/produit\/inox-pants-homme\/#primaryimage\",\"url\":\"https:\/\/www.miomiorun.com\/app\/uploads\/2023\/12\/montura-inox-pants-antracite-giallo-fluo-MPLK01X.9270F.jpg\",\"contentUrl\":\"https:\/\/www.miomiorun.com\/app\/uploads\/2023\/12\/montura-inox-pants-antracite-giallo-fluo-MPLK01X.9270F.jpg\",\"width\":600,\"height\":600,\"caption\":\"montura-inox-pants-antracite-giallo-fluo-MPLK01X.9270F\"},{\"@type\":\"BreadcrumbList\",\"@id\":\"https:\/\/www.miomiorun.com\/fr\/produit\/inox-pants-homme\/#breadcrumb\",\"itemListElement\":[{\"@type\":\"ListItem\",\"position\":1,\"name\":\"Home\",\"item\":\"https:\/\/www.miomiorun.com\/fr\/home-page\/\"},{\"@type\":\"ListItem\",\"position\":2,\"name\":\"Shop\",\"item\":\"https:\/\/www.miomiorun.com\/shop\/\"},{\"@type\":\"ListItem\",\"position\":3,\"name\":\"Inox Pants homme\"}]},{\"@type\":\"WebSite\",\"@id\":\"https:\/\/www.miomiorun.com\/fr\/#website\",\"url\":\"https:\/\/www.miomiorun.com\/fr\/\",\"name\":\"MioMioRun\",\"description\":\"Boutique 100% running et trail\",\"publisher\":{\"@id\":\"https:\/\/www.miomiorun.com\/fr\/#organization\"},\"potentialAction\":[{\"@type\":\"SearchAction\",\"target\":{\"@type\":\"EntryPoint\",\"urlTemplate\":\"https:\/\/www.miomiorun.com\/fr\/?s={search_term_string}\"},\"query-input\":{\"@type\":\"PropertyValueSpecification\",\"valueRequired\":true,\"valueName\":\"search_term_string\"}}],\"inLanguage\":\"fr-FR\"},{\"@type\":\"Organization\",\"@id\":\"https:\/\/www.miomiorun.com\/fr\/#organization\",\"name\":\"MioMio Run\",\"url\":\"https:\/\/www.miomiorun.com\/fr\/\",\"logo\":{\"@type\":\"ImageObject\",\"inLanguage\":\"fr-FR\",\"@id\":\"https:\/\/www.miomiorun.com\/fr\/#\/schema\/logo\/image\/\",\"url\":\"https:\/\/www.miomiorun.com\/app\/uploads\/2019\/12\/logomio.png\",\"contentUrl\":\"https:\/\/www.miomiorun.com\/app\/uploads\/2019\/12\/logomio.png\",\"width\":115,\"height\":82,\"caption\":\"MioMio Run\"},\"image\":{\"@id\":\"https:\/\/www.miomiorun.com\/fr\/#\/schema\/logo\/image\/\"},\"sameAs\":[\"https:\/\/www.facebook.com\/miomiorun\/\",\"https:\/\/www.instagram.com\/miomiorun\/\"]}]}<\/script>\n<!-- \/ Yoast SEO plugin. -->","yoast_head_json":{"title":"Montura Inox Pants homme - pantalon de montagne - MioMioRun","description":"Le pantalon Inox pour homme est un pantalon long en nylon DWR 4 way-stretch, un v\u00eatement id\u00e9al pour le ski de montagne, le trekking et diverses activit\u00e9s de plein air.","robots":{"index":"index","follow":"follow","max-snippet":"max-snippet:-1","max-image-preview":"max-image-preview:large","max-video-preview":"max-video-preview:-1"},"canonical":"https:\/\/www.miomiorun.com\/fr\/produit\/inox-pants-homme\/","og_locale":"fr_FR","og_type":"article","og_title":"Montura Inox Pants homme - pantalon de montagne - MioMioRun","og_description":"Le pantalon Inox pour homme est un pantalon long en nylon DWR 4 way-stretch, un v\u00eatement id\u00e9al pour le ski de montagne, le trekking et diverses activit\u00e9s de plein air.","og_url":"https:\/\/www.miomiorun.com\/fr\/produit\/inox-pants-homme\/","og_site_name":"MioMioRun","article_publisher":"https:\/\/www.facebook.com\/miomiorun\/","article_modified_time":"2026-05-08T19:55:38+00:00","og_image":[{"width":600,"height":600,"url":"https:\/\/www.miomiorun.com\/app\/uploads\/2023\/12\/montura-inox-pants-antracite-giallo-fluo-MPLK01X.9270F.jpg","type":"image\/jpeg"}],"twitter_card":"summary_large_image","twitter_misc":{"Est. reading time":"1 minute"},"schema":{"@context":"https:\/\/schema.org","@graph":[{"@type":"WebPage","@id":"https:\/\/www.miomiorun.com\/fr\/produit\/inox-pants-homme\/","url":"https:\/\/www.miomiorun.com\/fr\/produit\/inox-pants-homme\/","name":"Montura Inox Pants homme - pantalon de montagne - MioMioRun","isPartOf":{"@id":"https:\/\/www.miomiorun.com\/fr\/#website"},"primaryImageOfPage":{"@id":"https:\/\/www.miomiorun.com\/fr\/produit\/inox-pants-homme\/#primaryimage"},"image":{"@id":"https:\/\/www.miomiorun.com\/fr\/produit\/inox-pants-homme\/#primaryimage"},"thumbnailUrl":"https:\/\/www.miomiorun.com\/app\/uploads\/2023\/12\/montura-inox-pants-antracite-giallo-fluo-MPLK01X.9270F.jpg","datePublished":"2023-12-14T14:53:25+00:00","dateModified":"2026-05-08T19:55:38+00:00","description":"Le pantalon Inox pour homme est un pantalon long en nylon DWR 4 way-stretch, un v\u00eatement id\u00e9al pour le ski de montagne, le trekking et diverses activit\u00e9s de plein air.","breadcrumb":{"@id":"https:\/\/www.miomiorun.com\/fr\/produit\/inox-pants-homme\/#breadcrumb"},"inLanguage":"fr-FR","potentialAction":[{"@type":"ReadAction","target":["https:\/\/www.miomiorun.com\/fr\/produit\/inox-pants-homme\/"]}]},{"@type":"ImageObject","inLanguage":"fr-FR","@id":"https:\/\/www.miomiorun.com\/fr\/produit\/inox-pants-homme\/#primaryimage","url":"https:\/\/www.miomiorun.com\/app\/uploads\/2023\/12\/montura-inox-pants-antracite-giallo-fluo-MPLK01X.9270F.jpg","contentUrl":"https:\/\/www.miomiorun.com\/app\/uploads\/2023\/12\/montura-inox-pants-antracite-giallo-fluo-MPLK01X.9270F.jpg","width":600,"height":600,"caption":"montura-inox-pants-antracite-giallo-fluo-MPLK01X.9270F"},{"@type":"BreadcrumbList","@id":"https:\/\/www.miomiorun.com\/fr\/produit\/inox-pants-homme\/#breadcrumb","itemListElement":[{"@type":"ListItem","position":1,"name":"Home","item":"https:\/\/www.miomiorun.com\/fr\/home-page\/"},{"@type":"ListItem","position":2,"name":"Shop","item":"https:\/\/www.miomiorun.com\/shop\/"},{"@type":"ListItem","position":3,"name":"Inox Pants homme"}]},{"@type":"WebSite","@id":"https:\/\/www.miomiorun.com\/fr\/#website","url":"https:\/\/www.miomiorun.com\/fr\/","name":"MioMioRun","description":"Boutique 100% running et trail","publisher":{"@id":"https:\/\/www.miomiorun.com\/fr\/#organization"},"potentialAction":[{"@type":"SearchAction","target":{"@type":"EntryPoint","urlTemplate":"https:\/\/www.miomiorun.com\/fr\/?s={search_term_string}"},"query-input":{"@type":"PropertyValueSpecification","valueRequired":true,"valueName":"search_term_string"}}],"inLanguage":"fr-FR"},{"@type":"Organization","@id":"https:\/\/www.miomiorun.com\/fr\/#organization","name":"MioMio Run","url":"https:\/\/www.miomiorun.com\/fr\/","logo":{"@type":"ImageObject","inLanguage":"fr-FR","@id":"https:\/\/www.miomiorun.com\/fr\/#\/schema\/logo\/image\/","url":"https:\/\/www.miomiorun.com\/app\/uploads\/2019\/12\/logomio.png","contentUrl":"https:\/\/www.miomiorun.com\/app\/uploads\/2019\/12\/logomio.png","width":115,"height":82,"caption":"MioMio Run"},"image":{"@id":"https:\/\/www.miomiorun.com\/fr\/#\/schema\/logo\/image\/"},"sameAs":["https:\/\/www.facebook.com\/miomiorun\/","https:\/\/www.instagram.com\/miomiorun\/"]}]}},"_links":{"self":[{"href":"https:\/\/www.miomiorun.com\/fr\/wp-json\/wp\/v2\/product\/288779","targetHints":{"allow":["GET"]}}],"collection":[{"href":"https:\/\/www.miomiorun.com\/fr\/wp-json\/wp\/v2\/product"}],"about":[{"href":"https:\/\/www.miomiorun.com\/fr\/wp-json\/wp\/v2\/types\/product"}],"wp:featuredmedia":[{"embeddable":true,"href":"https:\/\/www.miomiorun.com\/fr\/wp-json\/wp\/v2\/media\/244472"}],"wp:attachment":[{"href":"https:\/\/www.miomiorun.com\/fr\/wp-json\/wp\/v2\/media?parent=288779"}],"wp:term":[{"taxonomy":"product_brand","embeddable":true,"href":"https:\/\/www.miomiorun.com\/fr\/wp-json\/wp\/v2\/product_brand?post=288779"},{"taxonomy":"product_cat","embeddable":true,"href":"https:\/\/www.miomiorun.com\/fr\/wp-json\/wp\/v2\/product_cat?post=288779"},{"taxonomy":"product_tag","embeddable":true,"href":"https:\/\/www.miomiorun.com\/fr\/wp-json\/wp\/v2\/product_tag?post=288779"}],"curies":[{"name":"wp","href":"https:\/\/api.w.org\/{rel}","templated":true}]}}