{"id":288745,"date":"2023-12-15T16:46:43","date_gmt":"2023-12-15T15:46:43","guid":{"rendered":"https:\/\/miomiorun.com\/prodotto\/soundtrack-maglia-uomo\/"},"modified":"2025-06-13T17:38:40","modified_gmt":"2025-06-13T15:38:40","slug":"soundtrack-maillot-homme","status":"publish","type":"product","link":"https:\/\/www.miomiorun.com\/fr\/produit\/soundtrack-maillot-homme\/","title":{"rendered":"Soundtrack Maillot homme"},"content":{"rendered":"<div class=\"product-attribute product-attribute-passion\">\n<p>Le <strong>Soundtrack<\/strong> pour hommes est un maillot, qui peut \u00e9galement \u00eatre utilis\u00e9 comme une veste, fabriqu\u00e9 en tissu polaire extensible hautement respirant et prot\u00e9g\u00e9 contre les UV sur l&#8217;envers, un v\u00eatement id\u00e9al pour diverses activit\u00e9s de plein air et de loisir.<\/p>\n<p><strong>Caract\u00e9ristiques :<\/strong><\/p>\n<p>&#8211; Maillot ouvert \u00e0 capuche pour hommes<br \/>\n&#8211; Tissu polaire power stretch hautement respirant et prot\u00e9g\u00e9 des UV sur l&#8217;envers<br \/>\n&#8211; Fermeture \u00e9clair au centre du corps, poches ouvertes pour les mains<br \/>\n&#8211; V\u00eatement id\u00e9al pour les activit\u00e9s d&#8217;a\u00e9robic, de plein air et de loisir<\/p>\n<div id=\"description\" class=\"data item content\" role=\"tabpanel\" aria-hidden=\"false\" data-role=\"content\" aria-labelledby=\"tab-label-description\">\n<p class=\"product-weight\">Poids : 0,67 kg<\/p>\n<\/div>\n<p>&nbsp;<\/p>\n<div class=\"product-attribute-passion\"><img decoding=\"async\" src=\"https:\/\/www.montura.it\/media\/amasty\/shopby\/option_images\/slider\/ICM94.svg\" alt=\"ICM94\" \/><\/div>\n<div class=\"product-info-main\">\n<div class=\"product-attribute product-attribute-passion\">\n<h3 class=\"attribute-label\"><img decoding=\"async\" src=\"https:\/\/www.montura.it\/media\/amasty\/shopby\/option_images\/slider\/climate.svg\" alt=\"Freddo\" \/> <img decoding=\"async\" src=\"https:\/\/www.montura.it\/media\/amasty\/shopby\/option_images\/slider\/breathable_1.svg\" alt=\"breathable\" \/><\/h3>\n<\/div>\n<\/div>\n<\/div>\n","protected":false},"excerpt":{"rendered":"<ul>\n<li>Pull d&#8217;hiver pour les activit\u00e9s de plein air<\/li>\n<\/ul>\n","protected":false},"featured_media":244508,"template":"","meta":{"_acf_changed":false,"inline_featured_image":false},"product_brand":[],"product_cat":[24478,24482,24484],"product_tag":[23512,23524],"class_list":{"0":"post-288745","1":"product","2":"type-product","3":"status-publish","4":"has-post-thumbnail","6":"product_cat-maillots-fr-2","7":"product_cat-vetements-pour-hommes-fr","8":"product_cat-homme","9":"product_tag-montura-fr","10":"product_tag-montura-homme","11":"pa_attivita-marcher","12":"pa_attivita-outdoor-fr","13":"pa_colore-soundtrack-maglia-deep-blue-fr","14":"pa_marca-montura-fr","15":"pa_sesso-homme","16":"pa_size-small-fr","17":"pa_size-medium-fr","18":"pa_size-large-fr","20":"first","21":"instock","22":"taxable","23":"shipping-taxable","24":"purchasable","25":"product-type-variable","26":"wvs-archive-product-wrapper"},"acf":[],"yoast_head":"<!-- This site is optimized with the Yoast SEO plugin v26.8 - https:\/\/yoast.com\/product\/yoast-seo-wordpress\/ -->\n<title>Montura Soundtrack Maillot homme - Maillot d&#039;hiver - MioMioRun<\/title>\n<meta name=\"description\" content=\"Soundtrack pour homme est un maillot, qui peut \u00e9galement \u00eatre utilis\u00e9 comme une veste, en tissu polaire extensible avec un revers gaufr\u00e9 tr\u00e8s respirant.\" \/>\n<meta name=\"robots\" content=\"index, follow, max-snippet:-1, max-image-preview:large, max-video-preview:-1\" \/>\n<link rel=\"canonical\" href=\"https:\/\/www.miomiorun.com\/fr\/produit\/soundtrack-maillot-homme\/\" \/>\n<meta property=\"og:locale\" content=\"fr_FR\" \/>\n<meta property=\"og:type\" content=\"article\" \/>\n<meta property=\"og:title\" content=\"Montura Soundtrack Maillot homme - Maillot d&#039;hiver - MioMioRun\" \/>\n<meta property=\"og:description\" content=\"Soundtrack pour homme est un maillot, qui peut \u00e9galement \u00eatre utilis\u00e9 comme une veste, en tissu polaire extensible avec un revers gaufr\u00e9 tr\u00e8s respirant.\" \/>\n<meta property=\"og:url\" content=\"https:\/\/www.miomiorun.com\/fr\/produit\/soundtrack-maillot-homme\/\" \/>\n<meta property=\"og:site_name\" content=\"MioMioRun\" \/>\n<meta property=\"article:publisher\" content=\"https:\/\/www.facebook.com\/miomiorun\/\" \/>\n<meta property=\"article:modified_time\" content=\"2025-06-13T15:38:40+00:00\" \/>\n<meta property=\"og:image\" content=\"https:\/\/www.miomiorun.com\/app\/uploads\/2023\/12\/montura-soundtrack-maglia-deep-blue-MMAP24X.87.jpg\" \/>\n\t<meta property=\"og:image:width\" content=\"600\" \/>\n\t<meta property=\"og:image:height\" content=\"600\" \/>\n\t<meta property=\"og:image:type\" content=\"image\/jpeg\" \/>\n<meta name=\"twitter:card\" content=\"summary_large_image\" \/>\n<script type=\"application\/ld+json\" class=\"yoast-schema-graph\">{\"@context\":\"https:\/\/schema.org\",\"@graph\":[{\"@type\":\"WebPage\",\"@id\":\"https:\/\/www.miomiorun.com\/fr\/produit\/soundtrack-maillot-homme\/\",\"url\":\"https:\/\/www.miomiorun.com\/fr\/produit\/soundtrack-maillot-homme\/\",\"name\":\"Montura Soundtrack Maillot homme - Maillot d'hiver - MioMioRun\",\"isPartOf\":{\"@id\":\"https:\/\/www.miomiorun.com\/fr\/#website\"},\"primaryImageOfPage\":{\"@id\":\"https:\/\/www.miomiorun.com\/fr\/produit\/soundtrack-maillot-homme\/#primaryimage\"},\"image\":{\"@id\":\"https:\/\/www.miomiorun.com\/fr\/produit\/soundtrack-maillot-homme\/#primaryimage\"},\"thumbnailUrl\":\"https:\/\/www.miomiorun.com\/app\/uploads\/2023\/12\/montura-soundtrack-maglia-deep-blue-MMAP24X.87.jpg\",\"datePublished\":\"2023-12-15T15:46:43+00:00\",\"dateModified\":\"2025-06-13T15:38:40+00:00\",\"description\":\"Soundtrack pour homme est un maillot, qui peut \u00e9galement \u00eatre utilis\u00e9 comme une veste, en tissu polaire extensible avec un revers gaufr\u00e9 tr\u00e8s respirant.\",\"breadcrumb\":{\"@id\":\"https:\/\/www.miomiorun.com\/fr\/produit\/soundtrack-maillot-homme\/#breadcrumb\"},\"inLanguage\":\"fr-FR\",\"potentialAction\":[{\"@type\":\"ReadAction\",\"target\":[\"https:\/\/www.miomiorun.com\/fr\/produit\/soundtrack-maillot-homme\/\"]}]},{\"@type\":\"ImageObject\",\"inLanguage\":\"fr-FR\",\"@id\":\"https:\/\/www.miomiorun.com\/fr\/produit\/soundtrack-maillot-homme\/#primaryimage\",\"url\":\"https:\/\/www.miomiorun.com\/app\/uploads\/2023\/12\/montura-soundtrack-maglia-deep-blue-MMAP24X.87.jpg\",\"contentUrl\":\"https:\/\/www.miomiorun.com\/app\/uploads\/2023\/12\/montura-soundtrack-maglia-deep-blue-MMAP24X.87.jpg\",\"width\":600,\"height\":600,\"caption\":\"montura-soundtrack-maglia-deep-blue-MMAP24X.87\"},{\"@type\":\"BreadcrumbList\",\"@id\":\"https:\/\/www.miomiorun.com\/fr\/produit\/soundtrack-maillot-homme\/#breadcrumb\",\"itemListElement\":[{\"@type\":\"ListItem\",\"position\":1,\"name\":\"Home\",\"item\":\"https:\/\/www.miomiorun.com\/fr\/home-page\/\"},{\"@type\":\"ListItem\",\"position\":2,\"name\":\"Shop\",\"item\":\"https:\/\/www.miomiorun.com\/shop\/\"},{\"@type\":\"ListItem\",\"position\":3,\"name\":\"Soundtrack Maillot homme\"}]},{\"@type\":\"WebSite\",\"@id\":\"https:\/\/www.miomiorun.com\/fr\/#website\",\"url\":\"https:\/\/www.miomiorun.com\/fr\/\",\"name\":\"MioMioRun\",\"description\":\"Boutique 100% running et trail\",\"publisher\":{\"@id\":\"https:\/\/www.miomiorun.com\/fr\/#organization\"},\"potentialAction\":[{\"@type\":\"SearchAction\",\"target\":{\"@type\":\"EntryPoint\",\"urlTemplate\":\"https:\/\/www.miomiorun.com\/fr\/?s={search_term_string}\"},\"query-input\":{\"@type\":\"PropertyValueSpecification\",\"valueRequired\":true,\"valueName\":\"search_term_string\"}}],\"inLanguage\":\"fr-FR\"},{\"@type\":\"Organization\",\"@id\":\"https:\/\/www.miomiorun.com\/fr\/#organization\",\"name\":\"MioMio Run\",\"url\":\"https:\/\/www.miomiorun.com\/fr\/\",\"logo\":{\"@type\":\"ImageObject\",\"inLanguage\":\"fr-FR\",\"@id\":\"https:\/\/www.miomiorun.com\/fr\/#\/schema\/logo\/image\/\",\"url\":\"https:\/\/www.miomiorun.com\/app\/uploads\/2019\/12\/logomio.png\",\"contentUrl\":\"https:\/\/www.miomiorun.com\/app\/uploads\/2019\/12\/logomio.png\",\"width\":115,\"height\":82,\"caption\":\"MioMio Run\"},\"image\":{\"@id\":\"https:\/\/www.miomiorun.com\/fr\/#\/schema\/logo\/image\/\"},\"sameAs\":[\"https:\/\/www.facebook.com\/miomiorun\/\",\"https:\/\/www.instagram.com\/miomiorun\/\"]}]}<\/script>\n<!-- \/ Yoast SEO plugin. -->","yoast_head_json":{"title":"Montura Soundtrack Maillot homme - Maillot d'hiver - MioMioRun","description":"Soundtrack pour homme est un maillot, qui peut \u00e9galement \u00eatre utilis\u00e9 comme une veste, en tissu polaire extensible avec un revers gaufr\u00e9 tr\u00e8s respirant.","robots":{"index":"index","follow":"follow","max-snippet":"max-snippet:-1","max-image-preview":"max-image-preview:large","max-video-preview":"max-video-preview:-1"},"canonical":"https:\/\/www.miomiorun.com\/fr\/produit\/soundtrack-maillot-homme\/","og_locale":"fr_FR","og_type":"article","og_title":"Montura Soundtrack Maillot homme - Maillot d'hiver - MioMioRun","og_description":"Soundtrack pour homme est un maillot, qui peut \u00e9galement \u00eatre utilis\u00e9 comme une veste, en tissu polaire extensible avec un revers gaufr\u00e9 tr\u00e8s respirant.","og_url":"https:\/\/www.miomiorun.com\/fr\/produit\/soundtrack-maillot-homme\/","og_site_name":"MioMioRun","article_publisher":"https:\/\/www.facebook.com\/miomiorun\/","article_modified_time":"2025-06-13T15:38:40+00:00","og_image":[{"width":600,"height":600,"url":"https:\/\/www.miomiorun.com\/app\/uploads\/2023\/12\/montura-soundtrack-maglia-deep-blue-MMAP24X.87.jpg","type":"image\/jpeg"}],"twitter_card":"summary_large_image","schema":{"@context":"https:\/\/schema.org","@graph":[{"@type":"WebPage","@id":"https:\/\/www.miomiorun.com\/fr\/produit\/soundtrack-maillot-homme\/","url":"https:\/\/www.miomiorun.com\/fr\/produit\/soundtrack-maillot-homme\/","name":"Montura Soundtrack Maillot homme - Maillot d'hiver - MioMioRun","isPartOf":{"@id":"https:\/\/www.miomiorun.com\/fr\/#website"},"primaryImageOfPage":{"@id":"https:\/\/www.miomiorun.com\/fr\/produit\/soundtrack-maillot-homme\/#primaryimage"},"image":{"@id":"https:\/\/www.miomiorun.com\/fr\/produit\/soundtrack-maillot-homme\/#primaryimage"},"thumbnailUrl":"https:\/\/www.miomiorun.com\/app\/uploads\/2023\/12\/montura-soundtrack-maglia-deep-blue-MMAP24X.87.jpg","datePublished":"2023-12-15T15:46:43+00:00","dateModified":"2025-06-13T15:38:40+00:00","description":"Soundtrack pour homme est un maillot, qui peut \u00e9galement \u00eatre utilis\u00e9 comme une veste, en tissu polaire extensible avec un revers gaufr\u00e9 tr\u00e8s respirant.","breadcrumb":{"@id":"https:\/\/www.miomiorun.com\/fr\/produit\/soundtrack-maillot-homme\/#breadcrumb"},"inLanguage":"fr-FR","potentialAction":[{"@type":"ReadAction","target":["https:\/\/www.miomiorun.com\/fr\/produit\/soundtrack-maillot-homme\/"]}]},{"@type":"ImageObject","inLanguage":"fr-FR","@id":"https:\/\/www.miomiorun.com\/fr\/produit\/soundtrack-maillot-homme\/#primaryimage","url":"https:\/\/www.miomiorun.com\/app\/uploads\/2023\/12\/montura-soundtrack-maglia-deep-blue-MMAP24X.87.jpg","contentUrl":"https:\/\/www.miomiorun.com\/app\/uploads\/2023\/12\/montura-soundtrack-maglia-deep-blue-MMAP24X.87.jpg","width":600,"height":600,"caption":"montura-soundtrack-maglia-deep-blue-MMAP24X.87"},{"@type":"BreadcrumbList","@id":"https:\/\/www.miomiorun.com\/fr\/produit\/soundtrack-maillot-homme\/#breadcrumb","itemListElement":[{"@type":"ListItem","position":1,"name":"Home","item":"https:\/\/www.miomiorun.com\/fr\/home-page\/"},{"@type":"ListItem","position":2,"name":"Shop","item":"https:\/\/www.miomiorun.com\/shop\/"},{"@type":"ListItem","position":3,"name":"Soundtrack Maillot homme"}]},{"@type":"WebSite","@id":"https:\/\/www.miomiorun.com\/fr\/#website","url":"https:\/\/www.miomiorun.com\/fr\/","name":"MioMioRun","description":"Boutique 100% running et trail","publisher":{"@id":"https:\/\/www.miomiorun.com\/fr\/#organization"},"potentialAction":[{"@type":"SearchAction","target":{"@type":"EntryPoint","urlTemplate":"https:\/\/www.miomiorun.com\/fr\/?s={search_term_string}"},"query-input":{"@type":"PropertyValueSpecification","valueRequired":true,"valueName":"search_term_string"}}],"inLanguage":"fr-FR"},{"@type":"Organization","@id":"https:\/\/www.miomiorun.com\/fr\/#organization","name":"MioMio Run","url":"https:\/\/www.miomiorun.com\/fr\/","logo":{"@type":"ImageObject","inLanguage":"fr-FR","@id":"https:\/\/www.miomiorun.com\/fr\/#\/schema\/logo\/image\/","url":"https:\/\/www.miomiorun.com\/app\/uploads\/2019\/12\/logomio.png","contentUrl":"https:\/\/www.miomiorun.com\/app\/uploads\/2019\/12\/logomio.png","width":115,"height":82,"caption":"MioMio Run"},"image":{"@id":"https:\/\/www.miomiorun.com\/fr\/#\/schema\/logo\/image\/"},"sameAs":["https:\/\/www.facebook.com\/miomiorun\/","https:\/\/www.instagram.com\/miomiorun\/"]}]}},"_links":{"self":[{"href":"https:\/\/www.miomiorun.com\/fr\/wp-json\/wp\/v2\/product\/288745","targetHints":{"allow":["GET"]}}],"collection":[{"href":"https:\/\/www.miomiorun.com\/fr\/wp-json\/wp\/v2\/product"}],"about":[{"href":"https:\/\/www.miomiorun.com\/fr\/wp-json\/wp\/v2\/types\/product"}],"wp:featuredmedia":[{"embeddable":true,"href":"https:\/\/www.miomiorun.com\/fr\/wp-json\/wp\/v2\/media\/244508"}],"wp:attachment":[{"href":"https:\/\/www.miomiorun.com\/fr\/wp-json\/wp\/v2\/media?parent=288745"}],"wp:term":[{"taxonomy":"product_brand","embeddable":true,"href":"https:\/\/www.miomiorun.com\/fr\/wp-json\/wp\/v2\/product_brand?post=288745"},{"taxonomy":"product_cat","embeddable":true,"href":"https:\/\/www.miomiorun.com\/fr\/wp-json\/wp\/v2\/product_cat?post=288745"},{"taxonomy":"product_tag","embeddable":true,"href":"https:\/\/www.miomiorun.com\/fr\/wp-json\/wp\/v2\/product_tag?post=288745"}],"curies":[{"name":"wp","href":"https:\/\/api.w.org\/{rel}","templated":true}]}}