{"id":288641,"date":"2023-12-21T10:40:14","date_gmt":"2023-12-21T09:40:14","guid":{"rendered":"https:\/\/miomiorun.com\/prodotto\/race-verde-acqua-canottiera-donna\/"},"modified":"2025-06-13T18:56:52","modified_gmt":"2025-06-13T16:56:52","slug":"race-vert-eau-debardeur-femme","status":"publish","type":"product","link":"https:\/\/www.miomiorun.com\/fr\/produit\/race-vert-eau-debardeur-femme\/","title":{"rendered":"Race Vert Eau D\u00e9bardeur Femme"},"content":{"rendered":"<p>Race Collection : pour vous pousser au-del\u00e0 de vos limites. Tissu hautement technique, recycl\u00e9 et fabriqu\u00e9 en Italie. Structure en tissu 3D pour une respirabilit\u00e9 exceptionnelle. Nouvelle coupe ergonomique.<\/p>\n<p>La collection Race pour femmes repr\u00e9sente les produits les plus techniquement sophistiqu\u00e9s de notre production. Ce sont les plus l\u00e9gers et les plus respirants. Enti\u00e8rement fabriqu\u00e9s en tissu recycl\u00e9 Made in Italy. Con\u00e7us pour les d\u00e9fis les plus exigeants, peu importe que ce soit votre premi\u00e8re ou votre centi\u00e8me course.<\/p>\n<p>Caract\u00e9ristiques<br \/>\nD\u00e9bardeur technique, l\u00e9ger et respirant.<br \/>\nFabriqu\u00e9 en tissu recycl\u00e9 Made in Italy.<br \/>\nCon\u00e7u pour les d\u00e9fis les plus exigeants.<br \/>\nL&#8217;impression du graphisme est r\u00e9alis\u00e9e par sublimation : elle ne s&#8217;ab\u00eeme pas et ne se d\u00e9colore pas.<br \/>\nInstructions de lavage<\/p>\n<p>Les produits Wild Tee sont faits pour durer, leur entretien est tr\u00e8s simple : laver \u00e0 l&#8217;envers, en machine, avec un programme pour v\u00eatements de sport, sans adoucissant, \u00e0 40 \u00b0C maximum, s\u00e9cher \u00e0 l&#8217;air libre.<\/p>\n<p>Composition<br \/>\n93 % polyester recycl\u00e9 7 % \u00e9lasthanne recycl\u00e9<\/p>\n<p>Poids : seulement 40 g.<\/p>\n","protected":false},"excerpt":{"rendered":"<ul>\n<li>D\u00e9bardeur ultra l\u00e9ger<\/li>\n<li>Parfait pour toutes les courses<\/li>\n<\/ul>\n","protected":false},"featured_media":244572,"template":"","meta":{"_acf_changed":false,"inline_featured_image":false},"product_brand":[],"product_cat":[22598,22596,22595],"product_tag":[23528,23568],"class_list":{"0":"post-288641","1":"product","2":"type-product","3":"status-publish","4":"has-post-thumbnail","6":"product_cat-gilets","7":"product_cat-vetements-pour-femmes","8":"product_cat-femme","9":"product_tag-wild-tee-fr","10":"product_tag-wild-tee-femme","11":"pa_attivita-fitness-fr","12":"pa_attivita-marcher","13":"pa_attivita-running-fr","14":"pa_attivita-trail-fr","15":"pa_marca-wild-tee-fr","16":"pa_sesso-femme","17":"pa_size-extra-small-fr","18":"pa_size-small-fr","19":"pa_size-medium-fr","21":"first","22":"instock","23":"taxable","24":"shipping-taxable","25":"purchasable","26":"product-type-variable","27":"wvs-archive-product-wrapper"},"acf":[],"yoast_head":"<!-- This site is optimized with the Yoast SEO plugin v26.8 - https:\/\/yoast.com\/product\/yoast-seo-wordpress\/ -->\n<title>Wild TeeRace Vert Eau D\u00e9bardeur Femme - D\u00e9bardeur de course - MioMioRun<\/title>\n<meta name=\"description\" content=\"Les maillots Race pour femmes repr\u00e9sentent sans aucun doute les produits les plus sophistiqu\u00e9s techniquement de notre gamme. Ils sont les plus l\u00e9gers et les plus respirants.\" \/>\n<meta name=\"robots\" content=\"index, follow, max-snippet:-1, max-image-preview:large, max-video-preview:-1\" \/>\n<link rel=\"canonical\" href=\"https:\/\/www.miomiorun.com\/fr\/produit\/race-vert-eau-debardeur-femme\/\" \/>\n<meta property=\"og:locale\" content=\"fr_FR\" \/>\n<meta property=\"og:type\" content=\"article\" \/>\n<meta property=\"og:title\" content=\"Wild TeeRace Vert Eau D\u00e9bardeur Femme - D\u00e9bardeur de course - MioMioRun\" \/>\n<meta property=\"og:description\" content=\"Les maillots Race pour femmes repr\u00e9sentent sans aucun doute les produits les plus sophistiqu\u00e9s techniquement de notre gamme. Ils sont les plus l\u00e9gers et les plus respirants.\" \/>\n<meta property=\"og:url\" content=\"https:\/\/www.miomiorun.com\/fr\/produit\/race-vert-eau-debardeur-femme\/\" \/>\n<meta property=\"og:site_name\" content=\"MioMioRun\" \/>\n<meta property=\"article:publisher\" content=\"https:\/\/www.facebook.com\/miomiorun\/\" \/>\n<meta property=\"article:modified_time\" content=\"2025-06-13T16:56:52+00:00\" \/>\n<meta property=\"og:image\" content=\"https:\/\/www.miomiorun.com\/app\/uploads\/2023\/12\/wild-tee-race-verde-acqua-canotta-donna-WT005WT159.jpg\" \/>\n\t<meta property=\"og:image:width\" content=\"600\" \/>\n\t<meta property=\"og:image:height\" content=\"600\" \/>\n\t<meta property=\"og:image:type\" content=\"image\/jpeg\" \/>\n<meta name=\"twitter:card\" content=\"summary_large_image\" \/>\n<meta name=\"twitter:label1\" content=\"Est. reading time\" \/>\n\t<meta name=\"twitter:data1\" content=\"1 minute\" \/>\n<script type=\"application\/ld+json\" class=\"yoast-schema-graph\">{\"@context\":\"https:\/\/schema.org\",\"@graph\":[{\"@type\":\"WebPage\",\"@id\":\"https:\/\/www.miomiorun.com\/fr\/produit\/race-vert-eau-debardeur-femme\/\",\"url\":\"https:\/\/www.miomiorun.com\/fr\/produit\/race-vert-eau-debardeur-femme\/\",\"name\":\"Wild TeeRace Vert Eau D\u00e9bardeur Femme - D\u00e9bardeur de course - MioMioRun\",\"isPartOf\":{\"@id\":\"https:\/\/www.miomiorun.com\/fr\/#website\"},\"primaryImageOfPage\":{\"@id\":\"https:\/\/www.miomiorun.com\/fr\/produit\/race-vert-eau-debardeur-femme\/#primaryimage\"},\"image\":{\"@id\":\"https:\/\/www.miomiorun.com\/fr\/produit\/race-vert-eau-debardeur-femme\/#primaryimage\"},\"thumbnailUrl\":\"https:\/\/www.miomiorun.com\/app\/uploads\/2023\/12\/wild-tee-race-verde-acqua-canotta-donna-WT005WT159.jpg\",\"datePublished\":\"2023-12-21T09:40:14+00:00\",\"dateModified\":\"2025-06-13T16:56:52+00:00\",\"description\":\"Les maillots Race pour femmes repr\u00e9sentent sans aucun doute les produits les plus sophistiqu\u00e9s techniquement de notre gamme. Ils sont les plus l\u00e9gers et les plus respirants.\",\"breadcrumb\":{\"@id\":\"https:\/\/www.miomiorun.com\/fr\/produit\/race-vert-eau-debardeur-femme\/#breadcrumb\"},\"inLanguage\":\"fr-FR\",\"potentialAction\":[{\"@type\":\"ReadAction\",\"target\":[\"https:\/\/www.miomiorun.com\/fr\/produit\/race-vert-eau-debardeur-femme\/\"]}]},{\"@type\":\"ImageObject\",\"inLanguage\":\"fr-FR\",\"@id\":\"https:\/\/www.miomiorun.com\/fr\/produit\/race-vert-eau-debardeur-femme\/#primaryimage\",\"url\":\"https:\/\/www.miomiorun.com\/app\/uploads\/2023\/12\/wild-tee-race-verde-acqua-canotta-donna-WT005WT159.jpg\",\"contentUrl\":\"https:\/\/www.miomiorun.com\/app\/uploads\/2023\/12\/wild-tee-race-verde-acqua-canotta-donna-WT005WT159.jpg\",\"width\":600,\"height\":600,\"caption\":\"wild-tee-race-verde-acqua-canotta-donna-WT005WT159\"},{\"@type\":\"BreadcrumbList\",\"@id\":\"https:\/\/www.miomiorun.com\/fr\/produit\/race-vert-eau-debardeur-femme\/#breadcrumb\",\"itemListElement\":[{\"@type\":\"ListItem\",\"position\":1,\"name\":\"Home\",\"item\":\"https:\/\/www.miomiorun.com\/fr\/home-page\/\"},{\"@type\":\"ListItem\",\"position\":2,\"name\":\"Shop\",\"item\":\"https:\/\/www.miomiorun.com\/shop\/\"},{\"@type\":\"ListItem\",\"position\":3,\"name\":\"Race Vert Eau D\u00e9bardeur Femme\"}]},{\"@type\":\"WebSite\",\"@id\":\"https:\/\/www.miomiorun.com\/fr\/#website\",\"url\":\"https:\/\/www.miomiorun.com\/fr\/\",\"name\":\"MioMioRun\",\"description\":\"Boutique 100% running et trail\",\"publisher\":{\"@id\":\"https:\/\/www.miomiorun.com\/fr\/#organization\"},\"potentialAction\":[{\"@type\":\"SearchAction\",\"target\":{\"@type\":\"EntryPoint\",\"urlTemplate\":\"https:\/\/www.miomiorun.com\/fr\/?s={search_term_string}\"},\"query-input\":{\"@type\":\"PropertyValueSpecification\",\"valueRequired\":true,\"valueName\":\"search_term_string\"}}],\"inLanguage\":\"fr-FR\"},{\"@type\":\"Organization\",\"@id\":\"https:\/\/www.miomiorun.com\/fr\/#organization\",\"name\":\"MioMio Run\",\"url\":\"https:\/\/www.miomiorun.com\/fr\/\",\"logo\":{\"@type\":\"ImageObject\",\"inLanguage\":\"fr-FR\",\"@id\":\"https:\/\/www.miomiorun.com\/fr\/#\/schema\/logo\/image\/\",\"url\":\"https:\/\/www.miomiorun.com\/app\/uploads\/2019\/12\/logomio.png\",\"contentUrl\":\"https:\/\/www.miomiorun.com\/app\/uploads\/2019\/12\/logomio.png\",\"width\":115,\"height\":82,\"caption\":\"MioMio Run\"},\"image\":{\"@id\":\"https:\/\/www.miomiorun.com\/fr\/#\/schema\/logo\/image\/\"},\"sameAs\":[\"https:\/\/www.facebook.com\/miomiorun\/\",\"https:\/\/www.instagram.com\/miomiorun\/\"]}]}<\/script>\n<!-- \/ Yoast SEO plugin. -->","yoast_head_json":{"title":"Wild TeeRace Vert Eau D\u00e9bardeur Femme - D\u00e9bardeur de course - MioMioRun","description":"Les maillots Race pour femmes repr\u00e9sentent sans aucun doute les produits les plus sophistiqu\u00e9s techniquement de notre gamme. Ils sont les plus l\u00e9gers et les plus respirants.","robots":{"index":"index","follow":"follow","max-snippet":"max-snippet:-1","max-image-preview":"max-image-preview:large","max-video-preview":"max-video-preview:-1"},"canonical":"https:\/\/www.miomiorun.com\/fr\/produit\/race-vert-eau-debardeur-femme\/","og_locale":"fr_FR","og_type":"article","og_title":"Wild TeeRace Vert Eau D\u00e9bardeur Femme - D\u00e9bardeur de course - MioMioRun","og_description":"Les maillots Race pour femmes repr\u00e9sentent sans aucun doute les produits les plus sophistiqu\u00e9s techniquement de notre gamme. Ils sont les plus l\u00e9gers et les plus respirants.","og_url":"https:\/\/www.miomiorun.com\/fr\/produit\/race-vert-eau-debardeur-femme\/","og_site_name":"MioMioRun","article_publisher":"https:\/\/www.facebook.com\/miomiorun\/","article_modified_time":"2025-06-13T16:56:52+00:00","og_image":[{"width":600,"height":600,"url":"https:\/\/www.miomiorun.com\/app\/uploads\/2023\/12\/wild-tee-race-verde-acqua-canotta-donna-WT005WT159.jpg","type":"image\/jpeg"}],"twitter_card":"summary_large_image","twitter_misc":{"Est. reading time":"1 minute"},"schema":{"@context":"https:\/\/schema.org","@graph":[{"@type":"WebPage","@id":"https:\/\/www.miomiorun.com\/fr\/produit\/race-vert-eau-debardeur-femme\/","url":"https:\/\/www.miomiorun.com\/fr\/produit\/race-vert-eau-debardeur-femme\/","name":"Wild TeeRace Vert Eau D\u00e9bardeur Femme - D\u00e9bardeur de course - MioMioRun","isPartOf":{"@id":"https:\/\/www.miomiorun.com\/fr\/#website"},"primaryImageOfPage":{"@id":"https:\/\/www.miomiorun.com\/fr\/produit\/race-vert-eau-debardeur-femme\/#primaryimage"},"image":{"@id":"https:\/\/www.miomiorun.com\/fr\/produit\/race-vert-eau-debardeur-femme\/#primaryimage"},"thumbnailUrl":"https:\/\/www.miomiorun.com\/app\/uploads\/2023\/12\/wild-tee-race-verde-acqua-canotta-donna-WT005WT159.jpg","datePublished":"2023-12-21T09:40:14+00:00","dateModified":"2025-06-13T16:56:52+00:00","description":"Les maillots Race pour femmes repr\u00e9sentent sans aucun doute les produits les plus sophistiqu\u00e9s techniquement de notre gamme. Ils sont les plus l\u00e9gers et les plus respirants.","breadcrumb":{"@id":"https:\/\/www.miomiorun.com\/fr\/produit\/race-vert-eau-debardeur-femme\/#breadcrumb"},"inLanguage":"fr-FR","potentialAction":[{"@type":"ReadAction","target":["https:\/\/www.miomiorun.com\/fr\/produit\/race-vert-eau-debardeur-femme\/"]}]},{"@type":"ImageObject","inLanguage":"fr-FR","@id":"https:\/\/www.miomiorun.com\/fr\/produit\/race-vert-eau-debardeur-femme\/#primaryimage","url":"https:\/\/www.miomiorun.com\/app\/uploads\/2023\/12\/wild-tee-race-verde-acqua-canotta-donna-WT005WT159.jpg","contentUrl":"https:\/\/www.miomiorun.com\/app\/uploads\/2023\/12\/wild-tee-race-verde-acqua-canotta-donna-WT005WT159.jpg","width":600,"height":600,"caption":"wild-tee-race-verde-acqua-canotta-donna-WT005WT159"},{"@type":"BreadcrumbList","@id":"https:\/\/www.miomiorun.com\/fr\/produit\/race-vert-eau-debardeur-femme\/#breadcrumb","itemListElement":[{"@type":"ListItem","position":1,"name":"Home","item":"https:\/\/www.miomiorun.com\/fr\/home-page\/"},{"@type":"ListItem","position":2,"name":"Shop","item":"https:\/\/www.miomiorun.com\/shop\/"},{"@type":"ListItem","position":3,"name":"Race Vert Eau D\u00e9bardeur Femme"}]},{"@type":"WebSite","@id":"https:\/\/www.miomiorun.com\/fr\/#website","url":"https:\/\/www.miomiorun.com\/fr\/","name":"MioMioRun","description":"Boutique 100% running et trail","publisher":{"@id":"https:\/\/www.miomiorun.com\/fr\/#organization"},"potentialAction":[{"@type":"SearchAction","target":{"@type":"EntryPoint","urlTemplate":"https:\/\/www.miomiorun.com\/fr\/?s={search_term_string}"},"query-input":{"@type":"PropertyValueSpecification","valueRequired":true,"valueName":"search_term_string"}}],"inLanguage":"fr-FR"},{"@type":"Organization","@id":"https:\/\/www.miomiorun.com\/fr\/#organization","name":"MioMio Run","url":"https:\/\/www.miomiorun.com\/fr\/","logo":{"@type":"ImageObject","inLanguage":"fr-FR","@id":"https:\/\/www.miomiorun.com\/fr\/#\/schema\/logo\/image\/","url":"https:\/\/www.miomiorun.com\/app\/uploads\/2019\/12\/logomio.png","contentUrl":"https:\/\/www.miomiorun.com\/app\/uploads\/2019\/12\/logomio.png","width":115,"height":82,"caption":"MioMio Run"},"image":{"@id":"https:\/\/www.miomiorun.com\/fr\/#\/schema\/logo\/image\/"},"sameAs":["https:\/\/www.facebook.com\/miomiorun\/","https:\/\/www.instagram.com\/miomiorun\/"]}]}},"_links":{"self":[{"href":"https:\/\/www.miomiorun.com\/fr\/wp-json\/wp\/v2\/product\/288641","targetHints":{"allow":["GET"]}}],"collection":[{"href":"https:\/\/www.miomiorun.com\/fr\/wp-json\/wp\/v2\/product"}],"about":[{"href":"https:\/\/www.miomiorun.com\/fr\/wp-json\/wp\/v2\/types\/product"}],"wp:featuredmedia":[{"embeddable":true,"href":"https:\/\/www.miomiorun.com\/fr\/wp-json\/wp\/v2\/media\/244572"}],"wp:attachment":[{"href":"https:\/\/www.miomiorun.com\/fr\/wp-json\/wp\/v2\/media?parent=288641"}],"wp:term":[{"taxonomy":"product_brand","embeddable":true,"href":"https:\/\/www.miomiorun.com\/fr\/wp-json\/wp\/v2\/product_brand?post=288641"},{"taxonomy":"product_cat","embeddable":true,"href":"https:\/\/www.miomiorun.com\/fr\/wp-json\/wp\/v2\/product_cat?post=288641"},{"taxonomy":"product_tag","embeddable":true,"href":"https:\/\/www.miomiorun.com\/fr\/wp-json\/wp\/v2\/product_tag?post=288641"}],"curies":[{"name":"wp","href":"https:\/\/api.w.org\/{rel}","templated":true}]}}