{"id":288426,"date":"2023-10-30T17:56:15","date_gmt":"2023-10-30T16:56:15","guid":{"rendered":"https:\/\/miomiorun.com\/prodotto\/challenger-atr-7-gtx-donna\/"},"modified":"2025-10-07T11:14:44","modified_gmt":"2025-10-07T09:14:44","slug":"challenger-atr-7-gtx-femme","status":"publish","type":"product","link":"https:\/\/www.miomiorun.com\/fr\/produit\/challenger-atr-7-gtx-femme\/","title":{"rendered":"Challenger ATR 7 Gtx femme"},"content":{"rendered":"<div class=\"vc-row container\"><div class=\"vc-column\"><div class=\"vc-column-text\"><\/p>\n<p><strong>Caract\u00e9ristiques techniques<\/strong><\/p>\n<p>Cat\u00e9gorie : amorti sup\u00e9rieur<br \/>\nD\u00e9calage : 5 mm<br \/>\nPoids : 198 g<br \/>\nId\u00e9al pour : coureurs tout-terrain \u00e0 la recherche d&#8217;un mod\u00e8le bien amorti pouvant \u00eatre utilis\u00e9 sur des distances longues \u00e0 moyennes en montagne, ainsi que sur des chemins de terre et parfois de l&#8217;asphalte.<br \/>\nPoids de l&#8217;athl\u00e8te : 60-70 kg<br \/>\nAllure de course : moyenne (5.00 min\/km)<br \/>\n<a href=\"https:\/\/miomiorun.com\/fr\/guide-des-specificites\/\">Guide de sp\u00e9cification<\/a><\/p>\n<p><\/div><\/div><div class=\"vc-column\"><div class=\"vc-column-text\"><strong>Qu&#8217;il pleuve ou qu&#8217;il vente. De la route au sommet.<\/strong><\/p>\n<p>En trouvant le compromis entre un mod\u00e8le de route et un mod\u00e8le de sentier, nous avons redessin\u00e9 la <strong>Challenger 7 GTX<\/strong> pour femmes depuis le d\u00e9but. En combinant une tige en mesh simplifi\u00e9e avec une nouvelle mousse souple, nous avons augment\u00e9 la hauteur de la semelle pour une sensation plus douce et ajout\u00e9 la technologie GORE-TEX INVISIBLE FIT avec des mat\u00e9riaux partiellement recycl\u00e9s pour une protection accrue contre les intemp\u00e9ries. Inspir\u00e9s par les pneus de gravier, nous avons con\u00e7u un motif de crampons avec des \u00e9l\u00e9ments plus petits et moins espac\u00e9s au centre et des \u00e9l\u00e9ments plus grands et plus agressifs sur le p\u00e9rim\u00e8tre pour am\u00e9liorer l&#8217;adh\u00e9rence sur les terrains irr\u00e9guliers.<\/p>\n<h3><strong>Caract\u00e9ristiques :<br \/>\n<\/strong><\/h3>\n<ul class=\"features-container\">\n<li class=\"feature-item\">Tirette prolong\u00e9e au niveau du talon<\/li>\n<li class=\"feature-item\">Maille technique<\/li>\n<li class=\"feature-item\">Tissu ext\u00e9rieur GORE-TEX Invisible Fit avec 70 % de polyester recycl\u00e9<\/li>\n<li class=\"feature-item\">Semelle interm\u00e9diaire en mousse EVA moul\u00e9e par compression<\/li>\n<li class=\"feature-item\">Semelle ext\u00e9rieure en caoutchouc durabrasion<\/li>\n<li class=\"feature-item\">Carrarmato de 4 mm<\/li>\n<li class=\"feature-item\">Lacets en nylon recycl\u00e9 (70 %) et en polyester recycl\u00e9 (30 %), \u00e0 l&#8217;exclusion des aiguillettes<\/li>\n<\/ul>\n<p><strong>Nouveaut\u00e9s<\/strong><\/p>\n<p>Plus l\u00e9g\u00e8re que la version pr\u00e9c\u00e9dente, elle est dot\u00e9e d&#8217;une plus grande hauteur d&#8217;empilement pour plus d&#8217;amorti et d&#8217;une carcasse au design \u00e9volu\u00e9 pour une meilleure traction.<\/p>\n<h2 class=\"card-title mb-3\"><span title=\"\" data-original-title=\"\" data-title=\"Alcune scarpe hanno un supporto integrato superiore, pensato per gli iperpronatori; altre sono in minima parte ortopediche, progettate per garantire ammortizzazione senza ostacolarti.\" data-placement=\"bottom\" data-toggle=\"tooltip\"><span class=\"techspec-bar-title\">Stabilit\u00e9<\/span><\/span><\/h2>\n<p class=\"tech-spec-product-msg active\">La Challenger 7 GORE-TEX est dot\u00e9e d&#8217;une assise sym\u00e9trique, sans technologie orthop\u00e9dique suppl\u00e9mentaire. Con\u00e7ue pour vous apporter le soutien dont vous avez besoin, sans caract\u00e9ristiques superflues.<\/p>\n<h2 class=\"card-title mb-3\"><span title=\"\" data-original-title=\"\" data-title=\"Tutte le nostre calzature presentano un\u2019intersuola ammortizzata, progettata per ridurre l\u2019impatto e garantire supporto. La quantit\u00e0 di ammortizzazione e quanto sia compatta o morbida varia da modello a modello.\" data-placement=\"bottom\" data-toggle=\"tooltip\"><span class=\"techspec-bar-title\">Amortissement<\/span><\/span><\/h2>\n<p class=\"tech-spec-product-msg active\">La Challenger 7 GORE-TEX est dot\u00e9e d&#8217;un amorti plus \u00e9lev\u00e9, con\u00e7u pour un impact et une exp\u00e9rience d&#8217;utilisation plus doux.<\/p>\n<div class=\"content\">\n<h6><\/h6>\n<\/div>\n<p><\/div><\/div><\/div>\n","protected":false},"excerpt":{"rendered":"<ul class=\"features-container\">\n<li class=\"feature-item\">Bride de talon allong\u00e9e<\/li>\n<li class=\"feature-item\">Maille technique<\/li>\n<li class=\"feature-item\">Membrane GTX<\/li>\n<\/ul>\n","protected":false},"featured_media":357021,"template":"","meta":{"_acf_changed":false,"inline_featured_image":false},"product_brand":[],"product_cat":[22605,22608],"product_tag":[23478,23494],"class_list":{"0":"post-288426","1":"product","2":"type-product","3":"status-publish","4":"has-post-thumbnail","6":"product_cat-chaussures-pour-femmes","7":"product_cat-trail-fr","8":"product_tag-hoka-one-one-fr","9":"product_tag-hoka-femme","10":"pa_attivita-marcher","11":"pa_attivita-running-fr","12":"pa_attivita-trail-fr","13":"pa_colore-challenger-atr-7-gtx-w-raindrop-grout-fr","14":"pa_marca-hoka-fr","15":"pa_sesso-femme","16":"pa_size-38-fr","17":"pa_size-39-fr","18":"pa_size-40-fr","19":"pa_size-41-fr","20":"pa_size-42-fr","22":"first","23":"instock","24":"sale","25":"taxable","26":"shipping-taxable","27":"purchasable","28":"product-type-variable","29":"wvs-archive-product-wrapper"},"acf":[],"yoast_head":"<!-- This site is optimized with the Yoast SEO plugin v26.8 - https:\/\/yoast.com\/product\/yoast-seo-wordpress\/ -->\n<title>HokaChallenger ATR 7 Gtx femme - Chaussures de trail- MioMioRun<\/title>\n<meta name=\"description\" content=\"Nous avons r\u00e9imagin\u00e9 la Challenger 7 GTX pour femmes depuis le d\u00e9but. En combinant une tige en maille simplifi\u00e9e avec une nouvelle mousse souple, la Challenger 7 GTX a \u00e9t\u00e9 enti\u00e8rement repens\u00e9e.\" \/>\n<meta name=\"robots\" content=\"index, follow, max-snippet:-1, max-image-preview:large, max-video-preview:-1\" \/>\n<link rel=\"canonical\" href=\"https:\/\/www.miomiorun.com\/fr\/produit\/challenger-atr-7-gtx-femme\/\" \/>\n<meta property=\"og:locale\" content=\"fr_FR\" \/>\n<meta property=\"og:type\" content=\"article\" \/>\n<meta property=\"og:title\" content=\"HokaChallenger ATR 7 Gtx femme - Chaussures de trail- MioMioRun\" \/>\n<meta property=\"og:description\" content=\"Nous avons r\u00e9imagin\u00e9 la Challenger 7 GTX pour femmes depuis le d\u00e9but. En combinant une tige en maille simplifi\u00e9e avec une nouvelle mousse souple, la Challenger 7 GTX a \u00e9t\u00e9 enti\u00e8rement repens\u00e9e.\" \/>\n<meta property=\"og:url\" content=\"https:\/\/www.miomiorun.com\/fr\/produit\/challenger-atr-7-gtx-femme\/\" \/>\n<meta property=\"og:site_name\" content=\"MioMioRun\" \/>\n<meta property=\"article:publisher\" content=\"https:\/\/www.facebook.com\/miomiorun\/\" \/>\n<meta property=\"article:modified_time\" content=\"2025-10-07T09:14:44+00:00\" \/>\n<meta property=\"og:image\" content=\"https:\/\/www.miomiorun.com\/app\/uploads\/2023\/11\/hoka-one-one-challenger-ATR-7-GTX-W-ocean-mist-deep-lagoon-1134502-OMDL.jpg\" \/>\n\t<meta property=\"og:image:width\" content=\"600\" \/>\n\t<meta property=\"og:image:height\" content=\"600\" \/>\n\t<meta property=\"og:image:type\" content=\"image\/jpeg\" \/>\n<meta name=\"twitter:card\" content=\"summary_large_image\" \/>\n<meta name=\"twitter:label1\" content=\"Est. reading time\" \/>\n\t<meta name=\"twitter:data1\" content=\"2 minutes\" \/>\n<script type=\"application\/ld+json\" class=\"yoast-schema-graph\">{\"@context\":\"https:\/\/schema.org\",\"@graph\":[{\"@type\":\"WebPage\",\"@id\":\"https:\/\/www.miomiorun.com\/fr\/produit\/challenger-atr-7-gtx-femme\/\",\"url\":\"https:\/\/www.miomiorun.com\/fr\/produit\/challenger-atr-7-gtx-femme\/\",\"name\":\"HokaChallenger ATR 7 Gtx femme - Chaussures de trail- MioMioRun\",\"isPartOf\":{\"@id\":\"https:\/\/www.miomiorun.com\/fr\/#website\"},\"primaryImageOfPage\":{\"@id\":\"https:\/\/www.miomiorun.com\/fr\/produit\/challenger-atr-7-gtx-femme\/#primaryimage\"},\"image\":{\"@id\":\"https:\/\/www.miomiorun.com\/fr\/produit\/challenger-atr-7-gtx-femme\/#primaryimage\"},\"thumbnailUrl\":\"https:\/\/www.miomiorun.com\/app\/uploads\/2025\/10\/hoka-Challenger-ATR-7-GTX-W-raindrop-grout-1134502F-RPG.webp\",\"datePublished\":\"2023-10-30T16:56:15+00:00\",\"dateModified\":\"2025-10-07T09:14:44+00:00\",\"description\":\"Nous avons r\u00e9imagin\u00e9 la Challenger 7 GTX pour femmes depuis le d\u00e9but. En combinant une tige en maille simplifi\u00e9e avec une nouvelle mousse souple, la Challenger 7 GTX a \u00e9t\u00e9 enti\u00e8rement repens\u00e9e.\",\"breadcrumb\":{\"@id\":\"https:\/\/www.miomiorun.com\/fr\/produit\/challenger-atr-7-gtx-femme\/#breadcrumb\"},\"inLanguage\":\"fr-FR\",\"potentialAction\":[{\"@type\":\"ReadAction\",\"target\":[\"https:\/\/www.miomiorun.com\/fr\/produit\/challenger-atr-7-gtx-femme\/\"]}]},{\"@type\":\"ImageObject\",\"inLanguage\":\"fr-FR\",\"@id\":\"https:\/\/www.miomiorun.com\/fr\/produit\/challenger-atr-7-gtx-femme\/#primaryimage\",\"url\":\"https:\/\/www.miomiorun.com\/app\/uploads\/2025\/10\/hoka-Challenger-ATR-7-GTX-W-raindrop-grout-1134502F-RPG.webp\",\"contentUrl\":\"https:\/\/www.miomiorun.com\/app\/uploads\/2025\/10\/hoka-Challenger-ATR-7-GTX-W-raindrop-grout-1134502F-RPG.webp\",\"width\":720,\"height\":720,\"caption\":\"hoka Challenger ATR 7 GTX W raindrop grout 1134502F RPG\"},{\"@type\":\"BreadcrumbList\",\"@id\":\"https:\/\/www.miomiorun.com\/fr\/produit\/challenger-atr-7-gtx-femme\/#breadcrumb\",\"itemListElement\":[{\"@type\":\"ListItem\",\"position\":1,\"name\":\"Home\",\"item\":\"https:\/\/www.miomiorun.com\/fr\/home-page\/\"},{\"@type\":\"ListItem\",\"position\":2,\"name\":\"Shop\",\"item\":\"https:\/\/www.miomiorun.com\/shop\/\"},{\"@type\":\"ListItem\",\"position\":3,\"name\":\"Challenger ATR 7 Gtx femme\"}]},{\"@type\":\"WebSite\",\"@id\":\"https:\/\/www.miomiorun.com\/fr\/#website\",\"url\":\"https:\/\/www.miomiorun.com\/fr\/\",\"name\":\"MioMioRun\",\"description\":\"Boutique 100% running et trail\",\"publisher\":{\"@id\":\"https:\/\/www.miomiorun.com\/fr\/#organization\"},\"potentialAction\":[{\"@type\":\"SearchAction\",\"target\":{\"@type\":\"EntryPoint\",\"urlTemplate\":\"https:\/\/www.miomiorun.com\/fr\/?s={search_term_string}\"},\"query-input\":{\"@type\":\"PropertyValueSpecification\",\"valueRequired\":true,\"valueName\":\"search_term_string\"}}],\"inLanguage\":\"fr-FR\"},{\"@type\":\"Organization\",\"@id\":\"https:\/\/www.miomiorun.com\/fr\/#organization\",\"name\":\"MioMio Run\",\"url\":\"https:\/\/www.miomiorun.com\/fr\/\",\"logo\":{\"@type\":\"ImageObject\",\"inLanguage\":\"fr-FR\",\"@id\":\"https:\/\/www.miomiorun.com\/fr\/#\/schema\/logo\/image\/\",\"url\":\"https:\/\/www.miomiorun.com\/app\/uploads\/2019\/12\/logomio.png\",\"contentUrl\":\"https:\/\/www.miomiorun.com\/app\/uploads\/2019\/12\/logomio.png\",\"width\":115,\"height\":82,\"caption\":\"MioMio Run\"},\"image\":{\"@id\":\"https:\/\/www.miomiorun.com\/fr\/#\/schema\/logo\/image\/\"},\"sameAs\":[\"https:\/\/www.facebook.com\/miomiorun\/\",\"https:\/\/www.instagram.com\/miomiorun\/\"]}]}<\/script>\n<!-- \/ Yoast SEO plugin. -->","yoast_head_json":{"title":"HokaChallenger ATR 7 Gtx femme - Chaussures de trail- MioMioRun","description":"Nous avons r\u00e9imagin\u00e9 la Challenger 7 GTX pour femmes depuis le d\u00e9but. En combinant une tige en maille simplifi\u00e9e avec une nouvelle mousse souple, la Challenger 7 GTX a \u00e9t\u00e9 enti\u00e8rement repens\u00e9e.","robots":{"index":"index","follow":"follow","max-snippet":"max-snippet:-1","max-image-preview":"max-image-preview:large","max-video-preview":"max-video-preview:-1"},"canonical":"https:\/\/www.miomiorun.com\/fr\/produit\/challenger-atr-7-gtx-femme\/","og_locale":"fr_FR","og_type":"article","og_title":"HokaChallenger ATR 7 Gtx femme - Chaussures de trail- MioMioRun","og_description":"Nous avons r\u00e9imagin\u00e9 la Challenger 7 GTX pour femmes depuis le d\u00e9but. En combinant une tige en maille simplifi\u00e9e avec une nouvelle mousse souple, la Challenger 7 GTX a \u00e9t\u00e9 enti\u00e8rement repens\u00e9e.","og_url":"https:\/\/www.miomiorun.com\/fr\/produit\/challenger-atr-7-gtx-femme\/","og_site_name":"MioMioRun","article_publisher":"https:\/\/www.facebook.com\/miomiorun\/","article_modified_time":"2025-10-07T09:14:44+00:00","og_image":[{"width":600,"height":600,"url":"https:\/\/www.miomiorun.com\/app\/uploads\/2023\/11\/hoka-one-one-challenger-ATR-7-GTX-W-ocean-mist-deep-lagoon-1134502-OMDL.jpg","type":"image\/jpeg"}],"twitter_card":"summary_large_image","twitter_misc":{"Est. reading time":"2 minutes"},"schema":{"@context":"https:\/\/schema.org","@graph":[{"@type":"WebPage","@id":"https:\/\/www.miomiorun.com\/fr\/produit\/challenger-atr-7-gtx-femme\/","url":"https:\/\/www.miomiorun.com\/fr\/produit\/challenger-atr-7-gtx-femme\/","name":"HokaChallenger ATR 7 Gtx femme - Chaussures de trail- MioMioRun","isPartOf":{"@id":"https:\/\/www.miomiorun.com\/fr\/#website"},"primaryImageOfPage":{"@id":"https:\/\/www.miomiorun.com\/fr\/produit\/challenger-atr-7-gtx-femme\/#primaryimage"},"image":{"@id":"https:\/\/www.miomiorun.com\/fr\/produit\/challenger-atr-7-gtx-femme\/#primaryimage"},"thumbnailUrl":"https:\/\/www.miomiorun.com\/app\/uploads\/2025\/10\/hoka-Challenger-ATR-7-GTX-W-raindrop-grout-1134502F-RPG.webp","datePublished":"2023-10-30T16:56:15+00:00","dateModified":"2025-10-07T09:14:44+00:00","description":"Nous avons r\u00e9imagin\u00e9 la Challenger 7 GTX pour femmes depuis le d\u00e9but. En combinant une tige en maille simplifi\u00e9e avec une nouvelle mousse souple, la Challenger 7 GTX a \u00e9t\u00e9 enti\u00e8rement repens\u00e9e.","breadcrumb":{"@id":"https:\/\/www.miomiorun.com\/fr\/produit\/challenger-atr-7-gtx-femme\/#breadcrumb"},"inLanguage":"fr-FR","potentialAction":[{"@type":"ReadAction","target":["https:\/\/www.miomiorun.com\/fr\/produit\/challenger-atr-7-gtx-femme\/"]}]},{"@type":"ImageObject","inLanguage":"fr-FR","@id":"https:\/\/www.miomiorun.com\/fr\/produit\/challenger-atr-7-gtx-femme\/#primaryimage","url":"https:\/\/www.miomiorun.com\/app\/uploads\/2025\/10\/hoka-Challenger-ATR-7-GTX-W-raindrop-grout-1134502F-RPG.webp","contentUrl":"https:\/\/www.miomiorun.com\/app\/uploads\/2025\/10\/hoka-Challenger-ATR-7-GTX-W-raindrop-grout-1134502F-RPG.webp","width":720,"height":720,"caption":"hoka Challenger ATR 7 GTX W raindrop grout 1134502F RPG"},{"@type":"BreadcrumbList","@id":"https:\/\/www.miomiorun.com\/fr\/produit\/challenger-atr-7-gtx-femme\/#breadcrumb","itemListElement":[{"@type":"ListItem","position":1,"name":"Home","item":"https:\/\/www.miomiorun.com\/fr\/home-page\/"},{"@type":"ListItem","position":2,"name":"Shop","item":"https:\/\/www.miomiorun.com\/shop\/"},{"@type":"ListItem","position":3,"name":"Challenger ATR 7 Gtx femme"}]},{"@type":"WebSite","@id":"https:\/\/www.miomiorun.com\/fr\/#website","url":"https:\/\/www.miomiorun.com\/fr\/","name":"MioMioRun","description":"Boutique 100% running et trail","publisher":{"@id":"https:\/\/www.miomiorun.com\/fr\/#organization"},"potentialAction":[{"@type":"SearchAction","target":{"@type":"EntryPoint","urlTemplate":"https:\/\/www.miomiorun.com\/fr\/?s={search_term_string}"},"query-input":{"@type":"PropertyValueSpecification","valueRequired":true,"valueName":"search_term_string"}}],"inLanguage":"fr-FR"},{"@type":"Organization","@id":"https:\/\/www.miomiorun.com\/fr\/#organization","name":"MioMio Run","url":"https:\/\/www.miomiorun.com\/fr\/","logo":{"@type":"ImageObject","inLanguage":"fr-FR","@id":"https:\/\/www.miomiorun.com\/fr\/#\/schema\/logo\/image\/","url":"https:\/\/www.miomiorun.com\/app\/uploads\/2019\/12\/logomio.png","contentUrl":"https:\/\/www.miomiorun.com\/app\/uploads\/2019\/12\/logomio.png","width":115,"height":82,"caption":"MioMio Run"},"image":{"@id":"https:\/\/www.miomiorun.com\/fr\/#\/schema\/logo\/image\/"},"sameAs":["https:\/\/www.facebook.com\/miomiorun\/","https:\/\/www.instagram.com\/miomiorun\/"]}]}},"_links":{"self":[{"href":"https:\/\/www.miomiorun.com\/fr\/wp-json\/wp\/v2\/product\/288426","targetHints":{"allow":["GET"]}}],"collection":[{"href":"https:\/\/www.miomiorun.com\/fr\/wp-json\/wp\/v2\/product"}],"about":[{"href":"https:\/\/www.miomiorun.com\/fr\/wp-json\/wp\/v2\/types\/product"}],"wp:featuredmedia":[{"embeddable":true,"href":"https:\/\/www.miomiorun.com\/fr\/wp-json\/wp\/v2\/media\/357021"}],"wp:attachment":[{"href":"https:\/\/www.miomiorun.com\/fr\/wp-json\/wp\/v2\/media?parent=288426"}],"wp:term":[{"taxonomy":"product_brand","embeddable":true,"href":"https:\/\/www.miomiorun.com\/fr\/wp-json\/wp\/v2\/product_brand?post=288426"},{"taxonomy":"product_cat","embeddable":true,"href":"https:\/\/www.miomiorun.com\/fr\/wp-json\/wp\/v2\/product_cat?post=288426"},{"taxonomy":"product_tag","embeddable":true,"href":"https:\/\/www.miomiorun.com\/fr\/wp-json\/wp\/v2\/product_tag?post=288426"}],"curies":[{"name":"wp","href":"https:\/\/api.w.org\/{rel}","templated":true}]}}