{"id":288424,"date":"2023-10-30T18:49:06","date_gmt":"2023-10-30T17:49:06","guid":{"rendered":"https:\/\/miomiorun.com\/prodotto\/band-stem\/"},"modified":"2025-06-17T17:19:10","modified_gmt":"2025-06-17T15:19:10","slug":"band-stem","status":"publish","type":"product","link":"https:\/\/www.miomiorun.com\/fr\/produit\/band-stem\/","title":{"rendered":"Band Stem"},"content":{"rendered":"<p><strong>Tige de<\/strong> bande non fa\u00e7onn\u00e9e et coup\u00e9e \u00e0 vif pour la course \u00e0 pied et le ski de haute intensit\u00e9, id\u00e9ale \u00e9galement comme cagoule. Fabriqu\u00e9 en microfibre l\u00e9g\u00e8re avec impression de graph\u00e8ne. La politique de notre entreprise est de veiller \u00e0 ne pas gaspiller des mati\u00e8res premi\u00e8res pr\u00e9cieuses. Les tissus utilis\u00e9s pour fabriquer les vestes ou les pulls sont donc soigneusement coup\u00e9s pour minimiser les d\u00e9chets.<\/p>\n<p><strong>CARACT\u00c9RISTIQUES :<\/strong><\/p>\n<ul>\n<li>Bandeau unisexe<\/li>\n<li>Bandeau non fa\u00e7onn\u00e9<\/li>\n<li>Fabriqu\u00e9 en microfibre l\u00e9g\u00e8re<\/li>\n<\/ul>\n<p>&nbsp;<\/p>\n","protected":false},"excerpt":{"rendered":"<ul>\n<li>Id\u00e9al pour les entra\u00eenements intensifs<\/li>\n<li>Id\u00e9al \u00e9galement comme cagoule<\/li>\n<\/ul>\n","protected":false},"featured_media":243590,"template":"","meta":{"_acf_changed":false,"inline_featured_image":false},"product_brand":[],"product_cat":[22580,22579,22538],"product_tag":[23489],"class_list":{"0":"post-288424","1":"product","2":"type-product","3":"status-publish","4":"has-post-thumbnail","6":"product_cat-chapeaux-casquettes","7":"product_cat-chauffage","8":"product_cat-accessoires","9":"product_tag-crazy-idea-fr","10":"pa_attivita-marcher","11":"pa_attivita-outdoor-fr","12":"pa_attivita-running-fr","13":"pa_attivita-trail-fr","14":"pa_colore-band-stem-big-white-fr","15":"pa_colore-band-stem-clarabelle-fr","16":"pa_colore-band-stem-early-fr","17":"pa_colore-band-stem-pop-fr","18":"pa_colore-band-stem-selfie-fr","19":"pa_colore-band-stem-selfie-fr-2","20":"pa_colore-band-stem-start-and-go-fr","21":"pa_marca-crazy-idea-fr","22":"pa_sesso-femme","23":"pa_sesso-homme","24":"pa_size-medium-fr","25":"pa_size-large-fr","27":"first","28":"instock","29":"sale","30":"taxable","31":"shipping-taxable","32":"purchasable","33":"product-type-variable","34":"wvs-archive-product-wrapper"},"acf":[],"yoast_head":"<!-- This site is optimized with the Yoast SEO plugin v26.8 - https:\/\/yoast.com\/product\/yoast-seo-wordpress\/ -->\n<title>Crazy Idea Band Stem - Groupe de course - MioMioRun<\/title>\n<meta name=\"description\" content=\"Tige \u00e0 bande non fa\u00e7onn\u00e9e et coup\u00e9e \u00e0 vif pour la course \u00e0 pied et le ski de haute intensit\u00e9, id\u00e9ale \u00e9galement comme cagoule. Fabriqu\u00e9 en microfibre l\u00e9g\u00e8re\" \/>\n<meta name=\"robots\" content=\"index, follow, max-snippet:-1, max-image-preview:large, max-video-preview:-1\" \/>\n<link rel=\"canonical\" href=\"https:\/\/www.miomiorun.com\/fr\/produit\/band-stem\/\" \/>\n<meta property=\"og:locale\" content=\"fr_FR\" \/>\n<meta property=\"og:type\" content=\"article\" \/>\n<meta property=\"og:title\" content=\"Crazy Idea Band Stem - Groupe de course - MioMioRun\" \/>\n<meta property=\"og:description\" content=\"Tige \u00e0 bande non fa\u00e7onn\u00e9e et coup\u00e9e \u00e0 vif pour la course \u00e0 pied et le ski de haute intensit\u00e9, id\u00e9ale \u00e9galement comme cagoule. Fabriqu\u00e9 en microfibre l\u00e9g\u00e8re\" \/>\n<meta property=\"og:url\" content=\"https:\/\/www.miomiorun.com\/fr\/produit\/band-stem\/\" \/>\n<meta property=\"og:site_name\" content=\"MioMioRun\" \/>\n<meta property=\"article:publisher\" content=\"https:\/\/www.facebook.com\/miomiorun\/\" \/>\n<meta property=\"article:modified_time\" content=\"2025-06-17T15:19:10+00:00\" \/>\n<meta property=\"og:image\" content=\"https:\/\/www.miomiorun.com\/app\/uploads\/2023\/10\/crazy-idea-Band-stem-big-white-W23126027X-00X181.jpg\" \/>\n\t<meta property=\"og:image:width\" content=\"600\" \/>\n\t<meta property=\"og:image:height\" content=\"600\" \/>\n\t<meta property=\"og:image:type\" content=\"image\/jpeg\" \/>\n<meta name=\"twitter:card\" content=\"summary_large_image\" \/>\n<script type=\"application\/ld+json\" class=\"yoast-schema-graph\">{\"@context\":\"https:\/\/schema.org\",\"@graph\":[{\"@type\":\"WebPage\",\"@id\":\"https:\/\/www.miomiorun.com\/fr\/produit\/band-stem\/\",\"url\":\"https:\/\/www.miomiorun.com\/fr\/produit\/band-stem\/\",\"name\":\"Crazy Idea Band Stem - Groupe de course - MioMioRun\",\"isPartOf\":{\"@id\":\"https:\/\/www.miomiorun.com\/fr\/#website\"},\"primaryImageOfPage\":{\"@id\":\"https:\/\/www.miomiorun.com\/fr\/produit\/band-stem\/#primaryimage\"},\"image\":{\"@id\":\"https:\/\/www.miomiorun.com\/fr\/produit\/band-stem\/#primaryimage\"},\"thumbnailUrl\":\"https:\/\/www.miomiorun.com\/app\/uploads\/2023\/10\/crazy-idea-Band-stem-big-white-W23126027X-00X181.jpg\",\"datePublished\":\"2023-10-30T17:49:06+00:00\",\"dateModified\":\"2025-06-17T15:19:10+00:00\",\"description\":\"Tige \u00e0 bande non fa\u00e7onn\u00e9e et coup\u00e9e \u00e0 vif pour la course \u00e0 pied et le ski de haute intensit\u00e9, id\u00e9ale \u00e9galement comme cagoule. Fabriqu\u00e9 en microfibre l\u00e9g\u00e8re\",\"breadcrumb\":{\"@id\":\"https:\/\/www.miomiorun.com\/fr\/produit\/band-stem\/#breadcrumb\"},\"inLanguage\":\"fr-FR\",\"potentialAction\":[{\"@type\":\"ReadAction\",\"target\":[\"https:\/\/www.miomiorun.com\/fr\/produit\/band-stem\/\"]}]},{\"@type\":\"ImageObject\",\"inLanguage\":\"fr-FR\",\"@id\":\"https:\/\/www.miomiorun.com\/fr\/produit\/band-stem\/#primaryimage\",\"url\":\"https:\/\/www.miomiorun.com\/app\/uploads\/2023\/10\/crazy-idea-Band-stem-big-white-W23126027X-00X181.jpg\",\"contentUrl\":\"https:\/\/www.miomiorun.com\/app\/uploads\/2023\/10\/crazy-idea-Band-stem-big-white-W23126027X-00X181.jpg\",\"width\":600,\"height\":600,\"caption\":\"crazy-idea-Band-stem-big-white-W23126027X-00X181\"},{\"@type\":\"BreadcrumbList\",\"@id\":\"https:\/\/www.miomiorun.com\/fr\/produit\/band-stem\/#breadcrumb\",\"itemListElement\":[{\"@type\":\"ListItem\",\"position\":1,\"name\":\"Home\",\"item\":\"https:\/\/www.miomiorun.com\/fr\/home-page\/\"},{\"@type\":\"ListItem\",\"position\":2,\"name\":\"Shop\",\"item\":\"https:\/\/www.miomiorun.com\/shop\/\"},{\"@type\":\"ListItem\",\"position\":3,\"name\":\"Band Stem\"}]},{\"@type\":\"WebSite\",\"@id\":\"https:\/\/www.miomiorun.com\/fr\/#website\",\"url\":\"https:\/\/www.miomiorun.com\/fr\/\",\"name\":\"MioMioRun\",\"description\":\"Boutique 100% running et trail\",\"publisher\":{\"@id\":\"https:\/\/www.miomiorun.com\/fr\/#organization\"},\"potentialAction\":[{\"@type\":\"SearchAction\",\"target\":{\"@type\":\"EntryPoint\",\"urlTemplate\":\"https:\/\/www.miomiorun.com\/fr\/?s={search_term_string}\"},\"query-input\":{\"@type\":\"PropertyValueSpecification\",\"valueRequired\":true,\"valueName\":\"search_term_string\"}}],\"inLanguage\":\"fr-FR\"},{\"@type\":\"Organization\",\"@id\":\"https:\/\/www.miomiorun.com\/fr\/#organization\",\"name\":\"MioMio Run\",\"url\":\"https:\/\/www.miomiorun.com\/fr\/\",\"logo\":{\"@type\":\"ImageObject\",\"inLanguage\":\"fr-FR\",\"@id\":\"https:\/\/www.miomiorun.com\/fr\/#\/schema\/logo\/image\/\",\"url\":\"https:\/\/www.miomiorun.com\/app\/uploads\/2019\/12\/logomio.png\",\"contentUrl\":\"https:\/\/www.miomiorun.com\/app\/uploads\/2019\/12\/logomio.png\",\"width\":115,\"height\":82,\"caption\":\"MioMio Run\"},\"image\":{\"@id\":\"https:\/\/www.miomiorun.com\/fr\/#\/schema\/logo\/image\/\"},\"sameAs\":[\"https:\/\/www.facebook.com\/miomiorun\/\",\"https:\/\/www.instagram.com\/miomiorun\/\"]}]}<\/script>\n<!-- \/ Yoast SEO plugin. -->","yoast_head_json":{"title":"Crazy Idea Band Stem - Groupe de course - MioMioRun","description":"Tige \u00e0 bande non fa\u00e7onn\u00e9e et coup\u00e9e \u00e0 vif pour la course \u00e0 pied et le ski de haute intensit\u00e9, id\u00e9ale \u00e9galement comme cagoule. Fabriqu\u00e9 en microfibre l\u00e9g\u00e8re","robots":{"index":"index","follow":"follow","max-snippet":"max-snippet:-1","max-image-preview":"max-image-preview:large","max-video-preview":"max-video-preview:-1"},"canonical":"https:\/\/www.miomiorun.com\/fr\/produit\/band-stem\/","og_locale":"fr_FR","og_type":"article","og_title":"Crazy Idea Band Stem - Groupe de course - MioMioRun","og_description":"Tige \u00e0 bande non fa\u00e7onn\u00e9e et coup\u00e9e \u00e0 vif pour la course \u00e0 pied et le ski de haute intensit\u00e9, id\u00e9ale \u00e9galement comme cagoule. Fabriqu\u00e9 en microfibre l\u00e9g\u00e8re","og_url":"https:\/\/www.miomiorun.com\/fr\/produit\/band-stem\/","og_site_name":"MioMioRun","article_publisher":"https:\/\/www.facebook.com\/miomiorun\/","article_modified_time":"2025-06-17T15:19:10+00:00","og_image":[{"width":600,"height":600,"url":"https:\/\/www.miomiorun.com\/app\/uploads\/2023\/10\/crazy-idea-Band-stem-big-white-W23126027X-00X181.jpg","type":"image\/jpeg"}],"twitter_card":"summary_large_image","schema":{"@context":"https:\/\/schema.org","@graph":[{"@type":"WebPage","@id":"https:\/\/www.miomiorun.com\/fr\/produit\/band-stem\/","url":"https:\/\/www.miomiorun.com\/fr\/produit\/band-stem\/","name":"Crazy Idea Band Stem - Groupe de course - MioMioRun","isPartOf":{"@id":"https:\/\/www.miomiorun.com\/fr\/#website"},"primaryImageOfPage":{"@id":"https:\/\/www.miomiorun.com\/fr\/produit\/band-stem\/#primaryimage"},"image":{"@id":"https:\/\/www.miomiorun.com\/fr\/produit\/band-stem\/#primaryimage"},"thumbnailUrl":"https:\/\/www.miomiorun.com\/app\/uploads\/2023\/10\/crazy-idea-Band-stem-big-white-W23126027X-00X181.jpg","datePublished":"2023-10-30T17:49:06+00:00","dateModified":"2025-06-17T15:19:10+00:00","description":"Tige \u00e0 bande non fa\u00e7onn\u00e9e et coup\u00e9e \u00e0 vif pour la course \u00e0 pied et le ski de haute intensit\u00e9, id\u00e9ale \u00e9galement comme cagoule. Fabriqu\u00e9 en microfibre l\u00e9g\u00e8re","breadcrumb":{"@id":"https:\/\/www.miomiorun.com\/fr\/produit\/band-stem\/#breadcrumb"},"inLanguage":"fr-FR","potentialAction":[{"@type":"ReadAction","target":["https:\/\/www.miomiorun.com\/fr\/produit\/band-stem\/"]}]},{"@type":"ImageObject","inLanguage":"fr-FR","@id":"https:\/\/www.miomiorun.com\/fr\/produit\/band-stem\/#primaryimage","url":"https:\/\/www.miomiorun.com\/app\/uploads\/2023\/10\/crazy-idea-Band-stem-big-white-W23126027X-00X181.jpg","contentUrl":"https:\/\/www.miomiorun.com\/app\/uploads\/2023\/10\/crazy-idea-Band-stem-big-white-W23126027X-00X181.jpg","width":600,"height":600,"caption":"crazy-idea-Band-stem-big-white-W23126027X-00X181"},{"@type":"BreadcrumbList","@id":"https:\/\/www.miomiorun.com\/fr\/produit\/band-stem\/#breadcrumb","itemListElement":[{"@type":"ListItem","position":1,"name":"Home","item":"https:\/\/www.miomiorun.com\/fr\/home-page\/"},{"@type":"ListItem","position":2,"name":"Shop","item":"https:\/\/www.miomiorun.com\/shop\/"},{"@type":"ListItem","position":3,"name":"Band Stem"}]},{"@type":"WebSite","@id":"https:\/\/www.miomiorun.com\/fr\/#website","url":"https:\/\/www.miomiorun.com\/fr\/","name":"MioMioRun","description":"Boutique 100% running et trail","publisher":{"@id":"https:\/\/www.miomiorun.com\/fr\/#organization"},"potentialAction":[{"@type":"SearchAction","target":{"@type":"EntryPoint","urlTemplate":"https:\/\/www.miomiorun.com\/fr\/?s={search_term_string}"},"query-input":{"@type":"PropertyValueSpecification","valueRequired":true,"valueName":"search_term_string"}}],"inLanguage":"fr-FR"},{"@type":"Organization","@id":"https:\/\/www.miomiorun.com\/fr\/#organization","name":"MioMio Run","url":"https:\/\/www.miomiorun.com\/fr\/","logo":{"@type":"ImageObject","inLanguage":"fr-FR","@id":"https:\/\/www.miomiorun.com\/fr\/#\/schema\/logo\/image\/","url":"https:\/\/www.miomiorun.com\/app\/uploads\/2019\/12\/logomio.png","contentUrl":"https:\/\/www.miomiorun.com\/app\/uploads\/2019\/12\/logomio.png","width":115,"height":82,"caption":"MioMio Run"},"image":{"@id":"https:\/\/www.miomiorun.com\/fr\/#\/schema\/logo\/image\/"},"sameAs":["https:\/\/www.facebook.com\/miomiorun\/","https:\/\/www.instagram.com\/miomiorun\/"]}]}},"_links":{"self":[{"href":"https:\/\/www.miomiorun.com\/fr\/wp-json\/wp\/v2\/product\/288424","targetHints":{"allow":["GET"]}}],"collection":[{"href":"https:\/\/www.miomiorun.com\/fr\/wp-json\/wp\/v2\/product"}],"about":[{"href":"https:\/\/www.miomiorun.com\/fr\/wp-json\/wp\/v2\/types\/product"}],"wp:featuredmedia":[{"embeddable":true,"href":"https:\/\/www.miomiorun.com\/fr\/wp-json\/wp\/v2\/media\/243590"}],"wp:attachment":[{"href":"https:\/\/www.miomiorun.com\/fr\/wp-json\/wp\/v2\/media?parent=288424"}],"wp:term":[{"taxonomy":"product_brand","embeddable":true,"href":"https:\/\/www.miomiorun.com\/fr\/wp-json\/wp\/v2\/product_brand?post=288424"},{"taxonomy":"product_cat","embeddable":true,"href":"https:\/\/www.miomiorun.com\/fr\/wp-json\/wp\/v2\/product_cat?post=288424"},{"taxonomy":"product_tag","embeddable":true,"href":"https:\/\/www.miomiorun.com\/fr\/wp-json\/wp\/v2\/product_tag?post=288424"}],"curies":[{"name":"wp","href":"https:\/\/api.w.org\/{rel}","templated":true}]}}