{"id":288404,"date":"2023-10-31T13:59:47","date_gmt":"2023-10-31T12:59:47","guid":{"rendered":"https:\/\/miomiorun.com\/prodotto\/draft-hybrid-glove\/"},"modified":"2025-12-06T11:57:32","modified_gmt":"2025-12-06T10:57:32","slug":"draft-hybrid-glove","status":"publish","type":"product","link":"https:\/\/www.miomiorun.com\/fr\/produit\/draft-hybrid-glove\/","title":{"rendered":"Draft Hybrid Glove"},"content":{"rendered":"<p class=\"tw-data-text tw-text-large XcVN5d tw-ta\" dir=\"ltr\" data-placeholder=\"Traduzione\">Gardez les intemp\u00e9ries \u00e0 distance avec ces gants hybrides. Portez ces gants coupe-vent et d\u00e9perlants par-dessus des gants l\u00e9gers et respirants pour vous prot\u00e9ger des \u00e9l\u00e9ments. Les inserts en mesh sur la paume permettent \u00e0 l&#8217;air de passer pendant l&#8217;\u00e9chauffement.<\/p>\n<h3 dir=\"ltr\" data-placeholder=\"Traduzione\">Caract\u00e9ristiques :<\/h3>\n<ul class=\"m-long-description__features\">\n<li class=\"m-long-description__feature\">Coutures essentielles<\/li>\n<li class=\"m-long-description__feature\">\n<div class=\"m-long-description__feature--bullets\" aria-hidden=\"true\">Compatibilit\u00e9 num\u00e9rique<\/div>\n<\/li>\n<li class=\"m-long-description__feature\">\n<div class=\"m-long-description__feature--bullets\" aria-hidden=\"true\">Gants coupe-vent<\/div>\n<\/li>\n<\/ul>\n<h2 class=\"a-type-h2 a-type-h2--big\">Mi gants, mi moufles, 100% confort.<\/h2>\n<p><strong>COUTURES ESSENTIELLES<\/strong><\/p>\n<p>Les coutures essentielles r\u00e9duisent les irritations et procurent un confort agr\u00e9able.<\/p>\n<p><strong>COMPATIBILIT\u00c9 NUM\u00c9RIQUE<\/strong><\/p>\n<p>Gr\u00e2ce au tissu au bout des doigts con\u00e7u pour l&#8217;utilisation des smartphones, vos mains resteront toujours au chaud.<\/p>\n<p><strong>GANTS COUPE-VENT<\/strong><\/p>\n<p>Ces gants de course respirants sont dot\u00e9s de sur-gants coupe-vent et d&#8217;inserts en maille sur la paume pour assurer une bonne ventilation.<\/p>\n<p>&nbsp;<\/p>\n<p dir=\"ltr\" data-placeholder=\"Traduzione\">\n","protected":false},"excerpt":{"rendered":"<ul>\n<li>sur-gant coupe-vent<\/li>\n<li>compatibilit\u00e9 num\u00e9rique<\/li>\n<\/ul>\n","protected":false},"featured_media":243660,"template":"","meta":{"_acf_changed":false,"inline_featured_image":false},"product_brand":[],"product_cat":[22581,22538],"product_tag":[23462,23656,23655],"class_list":{"0":"post-288404","1":"product","2":"type-product","3":"status-publish","4":"has-post-thumbnail","6":"product_cat-gants","7":"product_cat-accessoires","8":"product_tag-brooks-fr","9":"product_tag-brooks-femme","10":"product_tag-brooks-homme","11":"pa_attivita-marcher","12":"pa_attivita-running-fr","13":"pa_colore-draft-hybrid-glove-asphalt-nightlife-white-fr","14":"pa_marca-brooks-fr","15":"pa_sesso-femme","16":"pa_sesso-homme","17":"pa_size-small-fr","18":"pa_size-medium-fr","19":"pa_size-large-fr","21":"first","22":"instock","23":"sale","24":"taxable","25":"shipping-taxable","26":"purchasable","27":"product-type-variable","28":"wvs-archive-product-wrapper"},"acf":[],"yoast_head":"<!-- This site is optimized with the Yoast SEO plugin v26.8 - https:\/\/yoast.com\/product\/yoast-seo-wordpress\/ -->\n<title>BrooksDraft Hybrid Glove - gants de course - MioMioRun.com<\/title>\n<meta name=\"description\" content=\"Portez des gants coupe-vent et imperm\u00e9ables par-dessus des gants l\u00e9gers et respirants pour vous prot\u00e9ger des intemp\u00e9ries.\" \/>\n<meta name=\"robots\" content=\"index, follow, max-snippet:-1, max-image-preview:large, max-video-preview:-1\" \/>\n<link rel=\"canonical\" href=\"https:\/\/www.miomiorun.com\/fr\/produit\/draft-hybrid-glove\/\" \/>\n<meta property=\"og:locale\" content=\"fr_FR\" \/>\n<meta property=\"og:type\" content=\"article\" \/>\n<meta property=\"og:title\" content=\"BrooksDraft Hybrid Glove - gants de course - MioMioRun.com\" \/>\n<meta property=\"og:description\" content=\"Portez des gants coupe-vent et imperm\u00e9ables par-dessus des gants l\u00e9gers et respirants pour vous prot\u00e9ger des intemp\u00e9ries.\" \/>\n<meta property=\"og:url\" content=\"https:\/\/www.miomiorun.com\/fr\/produit\/draft-hybrid-glove\/\" \/>\n<meta property=\"og:site_name\" content=\"MioMioRun\" \/>\n<meta property=\"article:publisher\" content=\"https:\/\/www.facebook.com\/miomiorun\/\" \/>\n<meta property=\"article:modified_time\" content=\"2025-12-06T10:57:32+00:00\" \/>\n<meta property=\"og:image\" content=\"https:\/\/www.miomiorun.com\/app\/uploads\/2023\/11\/brooks-draft-hybrid-glove-asphalt-nightlife-white-280437025.jpg\" \/>\n\t<meta property=\"og:image:width\" content=\"600\" \/>\n\t<meta property=\"og:image:height\" content=\"600\" \/>\n\t<meta property=\"og:image:type\" content=\"image\/jpeg\" \/>\n<meta name=\"twitter:card\" content=\"summary_large_image\" \/>\n<meta name=\"twitter:label1\" content=\"Est. reading time\" \/>\n\t<meta name=\"twitter:data1\" content=\"1 minute\" \/>\n<script type=\"application\/ld+json\" class=\"yoast-schema-graph\">{\"@context\":\"https:\/\/schema.org\",\"@graph\":[{\"@type\":\"WebPage\",\"@id\":\"https:\/\/www.miomiorun.com\/fr\/produit\/draft-hybrid-glove\/\",\"url\":\"https:\/\/www.miomiorun.com\/fr\/produit\/draft-hybrid-glove\/\",\"name\":\"BrooksDraft Hybrid Glove - gants de course - MioMioRun.com\",\"isPartOf\":{\"@id\":\"https:\/\/www.miomiorun.com\/fr\/#website\"},\"primaryImageOfPage\":{\"@id\":\"https:\/\/www.miomiorun.com\/fr\/produit\/draft-hybrid-glove\/#primaryimage\"},\"image\":{\"@id\":\"https:\/\/www.miomiorun.com\/fr\/produit\/draft-hybrid-glove\/#primaryimage\"},\"thumbnailUrl\":\"https:\/\/www.miomiorun.com\/app\/uploads\/2023\/11\/brooks-draft-hybrid-glove-asphalt-nightlife-white-280437025.jpg\",\"datePublished\":\"2023-10-31T12:59:47+00:00\",\"dateModified\":\"2025-12-06T10:57:32+00:00\",\"description\":\"Portez des gants coupe-vent et imperm\u00e9ables par-dessus des gants l\u00e9gers et respirants pour vous prot\u00e9ger des intemp\u00e9ries.\",\"breadcrumb\":{\"@id\":\"https:\/\/www.miomiorun.com\/fr\/produit\/draft-hybrid-glove\/#breadcrumb\"},\"inLanguage\":\"fr-FR\",\"potentialAction\":[{\"@type\":\"ReadAction\",\"target\":[\"https:\/\/www.miomiorun.com\/fr\/produit\/draft-hybrid-glove\/\"]}]},{\"@type\":\"ImageObject\",\"inLanguage\":\"fr-FR\",\"@id\":\"https:\/\/www.miomiorun.com\/fr\/produit\/draft-hybrid-glove\/#primaryimage\",\"url\":\"https:\/\/www.miomiorun.com\/app\/uploads\/2023\/11\/brooks-draft-hybrid-glove-asphalt-nightlife-white-280437025.jpg\",\"contentUrl\":\"https:\/\/www.miomiorun.com\/app\/uploads\/2023\/11\/brooks-draft-hybrid-glove-asphalt-nightlife-white-280437025.jpg\",\"width\":600,\"height\":600,\"caption\":\"brooks-draft-hybrid-glove-asphalt-nightlife-white-280437025\"},{\"@type\":\"BreadcrumbList\",\"@id\":\"https:\/\/www.miomiorun.com\/fr\/produit\/draft-hybrid-glove\/#breadcrumb\",\"itemListElement\":[{\"@type\":\"ListItem\",\"position\":1,\"name\":\"Home\",\"item\":\"https:\/\/www.miomiorun.com\/fr\/home-page\/\"},{\"@type\":\"ListItem\",\"position\":2,\"name\":\"Shop\",\"item\":\"https:\/\/www.miomiorun.com\/shop\/\"},{\"@type\":\"ListItem\",\"position\":3,\"name\":\"Draft Hybrid Glove\"}]},{\"@type\":\"WebSite\",\"@id\":\"https:\/\/www.miomiorun.com\/fr\/#website\",\"url\":\"https:\/\/www.miomiorun.com\/fr\/\",\"name\":\"MioMioRun\",\"description\":\"Boutique 100% running et trail\",\"publisher\":{\"@id\":\"https:\/\/www.miomiorun.com\/fr\/#organization\"},\"potentialAction\":[{\"@type\":\"SearchAction\",\"target\":{\"@type\":\"EntryPoint\",\"urlTemplate\":\"https:\/\/www.miomiorun.com\/fr\/?s={search_term_string}\"},\"query-input\":{\"@type\":\"PropertyValueSpecification\",\"valueRequired\":true,\"valueName\":\"search_term_string\"}}],\"inLanguage\":\"fr-FR\"},{\"@type\":\"Organization\",\"@id\":\"https:\/\/www.miomiorun.com\/fr\/#organization\",\"name\":\"MioMio Run\",\"url\":\"https:\/\/www.miomiorun.com\/fr\/\",\"logo\":{\"@type\":\"ImageObject\",\"inLanguage\":\"fr-FR\",\"@id\":\"https:\/\/www.miomiorun.com\/fr\/#\/schema\/logo\/image\/\",\"url\":\"https:\/\/www.miomiorun.com\/app\/uploads\/2019\/12\/logomio.png\",\"contentUrl\":\"https:\/\/www.miomiorun.com\/app\/uploads\/2019\/12\/logomio.png\",\"width\":115,\"height\":82,\"caption\":\"MioMio Run\"},\"image\":{\"@id\":\"https:\/\/www.miomiorun.com\/fr\/#\/schema\/logo\/image\/\"},\"sameAs\":[\"https:\/\/www.facebook.com\/miomiorun\/\",\"https:\/\/www.instagram.com\/miomiorun\/\"]}]}<\/script>\n<!-- \/ Yoast SEO plugin. -->","yoast_head_json":{"title":"BrooksDraft Hybrid Glove - gants de course - MioMioRun.com","description":"Portez des gants coupe-vent et imperm\u00e9ables par-dessus des gants l\u00e9gers et respirants pour vous prot\u00e9ger des intemp\u00e9ries.","robots":{"index":"index","follow":"follow","max-snippet":"max-snippet:-1","max-image-preview":"max-image-preview:large","max-video-preview":"max-video-preview:-1"},"canonical":"https:\/\/www.miomiorun.com\/fr\/produit\/draft-hybrid-glove\/","og_locale":"fr_FR","og_type":"article","og_title":"BrooksDraft Hybrid Glove - gants de course - MioMioRun.com","og_description":"Portez des gants coupe-vent et imperm\u00e9ables par-dessus des gants l\u00e9gers et respirants pour vous prot\u00e9ger des intemp\u00e9ries.","og_url":"https:\/\/www.miomiorun.com\/fr\/produit\/draft-hybrid-glove\/","og_site_name":"MioMioRun","article_publisher":"https:\/\/www.facebook.com\/miomiorun\/","article_modified_time":"2025-12-06T10:57:32+00:00","og_image":[{"width":600,"height":600,"url":"https:\/\/www.miomiorun.com\/app\/uploads\/2023\/11\/brooks-draft-hybrid-glove-asphalt-nightlife-white-280437025.jpg","type":"image\/jpeg"}],"twitter_card":"summary_large_image","twitter_misc":{"Est. reading time":"1 minute"},"schema":{"@context":"https:\/\/schema.org","@graph":[{"@type":"WebPage","@id":"https:\/\/www.miomiorun.com\/fr\/produit\/draft-hybrid-glove\/","url":"https:\/\/www.miomiorun.com\/fr\/produit\/draft-hybrid-glove\/","name":"BrooksDraft Hybrid Glove - gants de course - MioMioRun.com","isPartOf":{"@id":"https:\/\/www.miomiorun.com\/fr\/#website"},"primaryImageOfPage":{"@id":"https:\/\/www.miomiorun.com\/fr\/produit\/draft-hybrid-glove\/#primaryimage"},"image":{"@id":"https:\/\/www.miomiorun.com\/fr\/produit\/draft-hybrid-glove\/#primaryimage"},"thumbnailUrl":"https:\/\/www.miomiorun.com\/app\/uploads\/2023\/11\/brooks-draft-hybrid-glove-asphalt-nightlife-white-280437025.jpg","datePublished":"2023-10-31T12:59:47+00:00","dateModified":"2025-12-06T10:57:32+00:00","description":"Portez des gants coupe-vent et imperm\u00e9ables par-dessus des gants l\u00e9gers et respirants pour vous prot\u00e9ger des intemp\u00e9ries.","breadcrumb":{"@id":"https:\/\/www.miomiorun.com\/fr\/produit\/draft-hybrid-glove\/#breadcrumb"},"inLanguage":"fr-FR","potentialAction":[{"@type":"ReadAction","target":["https:\/\/www.miomiorun.com\/fr\/produit\/draft-hybrid-glove\/"]}]},{"@type":"ImageObject","inLanguage":"fr-FR","@id":"https:\/\/www.miomiorun.com\/fr\/produit\/draft-hybrid-glove\/#primaryimage","url":"https:\/\/www.miomiorun.com\/app\/uploads\/2023\/11\/brooks-draft-hybrid-glove-asphalt-nightlife-white-280437025.jpg","contentUrl":"https:\/\/www.miomiorun.com\/app\/uploads\/2023\/11\/brooks-draft-hybrid-glove-asphalt-nightlife-white-280437025.jpg","width":600,"height":600,"caption":"brooks-draft-hybrid-glove-asphalt-nightlife-white-280437025"},{"@type":"BreadcrumbList","@id":"https:\/\/www.miomiorun.com\/fr\/produit\/draft-hybrid-glove\/#breadcrumb","itemListElement":[{"@type":"ListItem","position":1,"name":"Home","item":"https:\/\/www.miomiorun.com\/fr\/home-page\/"},{"@type":"ListItem","position":2,"name":"Shop","item":"https:\/\/www.miomiorun.com\/shop\/"},{"@type":"ListItem","position":3,"name":"Draft Hybrid Glove"}]},{"@type":"WebSite","@id":"https:\/\/www.miomiorun.com\/fr\/#website","url":"https:\/\/www.miomiorun.com\/fr\/","name":"MioMioRun","description":"Boutique 100% running et trail","publisher":{"@id":"https:\/\/www.miomiorun.com\/fr\/#organization"},"potentialAction":[{"@type":"SearchAction","target":{"@type":"EntryPoint","urlTemplate":"https:\/\/www.miomiorun.com\/fr\/?s={search_term_string}"},"query-input":{"@type":"PropertyValueSpecification","valueRequired":true,"valueName":"search_term_string"}}],"inLanguage":"fr-FR"},{"@type":"Organization","@id":"https:\/\/www.miomiorun.com\/fr\/#organization","name":"MioMio Run","url":"https:\/\/www.miomiorun.com\/fr\/","logo":{"@type":"ImageObject","inLanguage":"fr-FR","@id":"https:\/\/www.miomiorun.com\/fr\/#\/schema\/logo\/image\/","url":"https:\/\/www.miomiorun.com\/app\/uploads\/2019\/12\/logomio.png","contentUrl":"https:\/\/www.miomiorun.com\/app\/uploads\/2019\/12\/logomio.png","width":115,"height":82,"caption":"MioMio Run"},"image":{"@id":"https:\/\/www.miomiorun.com\/fr\/#\/schema\/logo\/image\/"},"sameAs":["https:\/\/www.facebook.com\/miomiorun\/","https:\/\/www.instagram.com\/miomiorun\/"]}]}},"_links":{"self":[{"href":"https:\/\/www.miomiorun.com\/fr\/wp-json\/wp\/v2\/product\/288404","targetHints":{"allow":["GET"]}}],"collection":[{"href":"https:\/\/www.miomiorun.com\/fr\/wp-json\/wp\/v2\/product"}],"about":[{"href":"https:\/\/www.miomiorun.com\/fr\/wp-json\/wp\/v2\/types\/product"}],"wp:featuredmedia":[{"embeddable":true,"href":"https:\/\/www.miomiorun.com\/fr\/wp-json\/wp\/v2\/media\/243660"}],"wp:attachment":[{"href":"https:\/\/www.miomiorun.com\/fr\/wp-json\/wp\/v2\/media?parent=288404"}],"wp:term":[{"taxonomy":"product_brand","embeddable":true,"href":"https:\/\/www.miomiorun.com\/fr\/wp-json\/wp\/v2\/product_brand?post=288404"},{"taxonomy":"product_cat","embeddable":true,"href":"https:\/\/www.miomiorun.com\/fr\/wp-json\/wp\/v2\/product_cat?post=288404"},{"taxonomy":"product_tag","embeddable":true,"href":"https:\/\/www.miomiorun.com\/fr\/wp-json\/wp\/v2\/product_tag?post=288404"}],"curies":[{"name":"wp","href":"https:\/\/api.w.org\/{rel}","templated":true}]}}