{"id":288397,"date":"2023-10-31T15:22:16","date_gmt":"2023-10-31T14:22:16","guid":{"rendered":"https:\/\/miomiorun.com\/prodotto\/bushido-ii-gtx-jr\/"},"modified":"2026-05-08T21:54:10","modified_gmt":"2026-05-08T19:54:10","slug":"bushido-ii-gtx-jr","status":"publish","type":"product","link":"https:\/\/www.miomiorun.com\/fr\/produit\/bushido-ii-gtx-jr\/","title":{"rendered":"Bushido II Gtx Jr"},"content":{"rendered":"<div class=\"vc-row container\"><div class=\"vc-column\"><div class=\"vc-column-text\"><\/p>\n<h4>Caract\u00e9ristiques techniques<\/h4>\n<p>Cat\u00e9gorie : Amortissement structur\u00e9<br \/>\nD\u00e9calage : 4mm<br \/>\nId\u00e9al pour : les gar\u00e7ons qui ont besoin d&#8217;une chaussure avec un bon amorti et une bonne structure pour aborder les sentiers de montagne. Id\u00e9ale pour une premi\u00e8re approche du trail running ou pour les gar\u00e7ons qui sont d\u00e9j\u00e0 enclins \u00e0 s&#8217;attaquer \u00e0 des distances moyennes \u00e0 longues.<br \/>\n<a href=\"https:\/\/miomiorun.com\/fr\/guide-des-specificites\/\">Specifications guide<\/a><\/p>\n<p><\/div><\/div><div class=\"vc-column\"><div class=\"vc-column-text\"><\/p>\n<p class=\"product-name\" data-qa=\"productName\">Version junior de l&#8217;embl\u00e9matique mod\u00e8le <strong>Bushido II Gtx<\/strong>. Une chaussure con\u00e7ue pour les loisirs et les courses des enfants, avec un look tr\u00e8s similaire \u00e0 la version adulte et les m\u00eames caract\u00e9ristiques de stabilit\u00e9 et de soutien, \u00e9quip\u00e9e d&#8217;une membrane <strong>Gore-Tex<\/strong> pour prot\u00e9ger les pieds des enfants de l&#8217;humidit\u00e9.<\/p>\n<p data-qa=\"productName\"><strong>Caract\u00e9ristiques :<\/strong><\/p>\n<div class=\"description-techspecs__items\">\n<ul class=\"features-container\">\n<li class=\"feature-item\">Semelle avec compos\u00e9 Frixion Blue durable et syst\u00e8me Impact Brake pour une meilleure absorption des chocs et une meilleure traction<\/li>\n<li class=\"feature-item\">Applications TPU pour la protection et la durabilit\u00e9<\/li>\n<li class=\"feature-item\">Syst\u00e8me de la\u00e7age rapide<\/li>\n<\/ul>\n<p>TIGE <b>:<\/b><br \/>\nAir mesh respirant + renforts en film thermoplastique<br \/>\nDOUBLURE<b>:<\/b><br \/>\nMesh antid\u00e9rapant<br \/>\n<b>SEMELLE :<\/b><br \/>\nOrtholite\u00ae Hybrid Kids<br \/>\n<b>SEMELLE :<\/b><br \/>\nCompression EVA absorbant les chocs<br \/>\n<b>SEMELLE :<\/b><br \/>\nFriXion\u00ae Blue compound avec Impact Brake System<br \/>\n<b>POIDS :<\/b><br \/>\n165gr<\/p>\n<p>&nbsp;<\/p>\n<\/div>\n<p><\/div><\/div><\/div>\n","protected":false},"excerpt":{"rendered":"<ul>\n<li>Chaussure pour les enfants qui aiment la montagne.<\/li>\n<li>Super amorti et excellente adh\u00e9rence.<\/li>\n<\/ul>\n","protected":false},"featured_media":243646,"template":"","meta":{"_acf_changed":false,"inline_featured_image":false},"product_brand":[],"product_cat":[22594,22593,22590],"product_tag":[23597,24181,24188],"class_list":{"0":"post-288397","1":"product","2":"type-product","3":"status-publish","4":"has-post-thumbnail","6":"product_cat-chaussures-pour-enfants","7":"product_cat-chaussures-pour-filles","8":"product_cat-enfant","9":"product_tag-la-sportiva-fr","10":"product_tag-la-sportiva-fille","11":"product_tag-la-sportiva-garcon","12":"pa_attivita-marcher","13":"pa_attivita-outdoor-fr","14":"pa_colore-bushido-ii-jr-gtx-tiger-yellow-fr","15":"pa_marca-la-sportiva-fr","16":"pa_sesso-femme","17":"pa_sesso-homme","18":"pa_size-32-fr","19":"pa_size-33-fr","20":"pa_size-34-fr","22":"first","23":"instock","24":"sale","25":"taxable","26":"shipping-taxable","27":"purchasable","28":"product-type-variable","29":"wvs-archive-product-wrapper"},"acf":[],"yoast_head":"<!-- This site is optimized with the Yoast SEO plugin v26.8 - https:\/\/yoast.com\/product\/yoast-seo-wordpress\/ -->\n<title>La Sportiva Bushido II Gtx Jr - chaussures de course pour enfants - MioMioRun<\/title>\n<meta name=\"description\" content=\"Version junior du mod\u00e8le embl\u00e9matique Bushido II Gtx. Chaussure con\u00e7ue pour le loisir et la comp\u00e9tition pour les jeunes enfants, avec un look similaire \u00e0 celui de l&#039;adulte.\" \/>\n<meta name=\"robots\" content=\"index, follow, max-snippet:-1, max-image-preview:large, max-video-preview:-1\" \/>\n<link rel=\"canonical\" href=\"https:\/\/www.miomiorun.com\/fr\/produit\/bushido-ii-gtx-jr\/\" \/>\n<meta property=\"og:locale\" content=\"fr_FR\" \/>\n<meta property=\"og:type\" content=\"article\" \/>\n<meta property=\"og:title\" content=\"La Sportiva Bushido II Gtx Jr - chaussures de course pour enfants - MioMioRun\" \/>\n<meta property=\"og:description\" content=\"Version junior du mod\u00e8le embl\u00e9matique Bushido II Gtx. Chaussure con\u00e7ue pour le loisir et la comp\u00e9tition pour les jeunes enfants, avec un look similaire \u00e0 celui de l&#039;adulte.\" \/>\n<meta property=\"og:url\" content=\"https:\/\/www.miomiorun.com\/fr\/produit\/bushido-ii-gtx-jr\/\" \/>\n<meta property=\"og:site_name\" content=\"MioMioRun\" \/>\n<meta property=\"article:publisher\" content=\"https:\/\/www.facebook.com\/miomiorun\/\" \/>\n<meta property=\"article:modified_time\" content=\"2026-05-08T19:54:10+00:00\" \/>\n<meta property=\"og:image\" content=\"https:\/\/www.miomiorun.com\/app\/uploads\/2023\/11\/la-sportiva-Bushido-II-JR-Gtx-tiger-yellow-56O206100.jpg\" \/>\n\t<meta property=\"og:image:width\" content=\"600\" \/>\n\t<meta property=\"og:image:height\" content=\"600\" \/>\n\t<meta property=\"og:image:type\" content=\"image\/jpeg\" \/>\n<meta name=\"twitter:card\" content=\"summary_large_image\" \/>\n<meta name=\"twitter:label1\" content=\"Est. reading time\" \/>\n\t<meta name=\"twitter:data1\" content=\"1 minute\" \/>\n<script type=\"application\/ld+json\" class=\"yoast-schema-graph\">{\"@context\":\"https:\/\/schema.org\",\"@graph\":[{\"@type\":\"WebPage\",\"@id\":\"https:\/\/www.miomiorun.com\/fr\/produit\/bushido-ii-gtx-jr\/\",\"url\":\"https:\/\/www.miomiorun.com\/fr\/produit\/bushido-ii-gtx-jr\/\",\"name\":\"La Sportiva Bushido II Gtx Jr - chaussures de course pour enfants - MioMioRun\",\"isPartOf\":{\"@id\":\"https:\/\/www.miomiorun.com\/fr\/#website\"},\"primaryImageOfPage\":{\"@id\":\"https:\/\/www.miomiorun.com\/fr\/produit\/bushido-ii-gtx-jr\/#primaryimage\"},\"image\":{\"@id\":\"https:\/\/www.miomiorun.com\/fr\/produit\/bushido-ii-gtx-jr\/#primaryimage\"},\"thumbnailUrl\":\"https:\/\/www.miomiorun.com\/app\/uploads\/2023\/11\/la-sportiva-Bushido-II-JR-Gtx-tiger-yellow-56O206100.jpg\",\"datePublished\":\"2023-10-31T14:22:16+00:00\",\"dateModified\":\"2026-05-08T19:54:10+00:00\",\"description\":\"Version junior du mod\u00e8le embl\u00e9matique Bushido II Gtx. Chaussure con\u00e7ue pour le loisir et la comp\u00e9tition pour les jeunes enfants, avec un look similaire \u00e0 celui de l'adulte.\",\"breadcrumb\":{\"@id\":\"https:\/\/www.miomiorun.com\/fr\/produit\/bushido-ii-gtx-jr\/#breadcrumb\"},\"inLanguage\":\"fr-FR\",\"potentialAction\":[{\"@type\":\"ReadAction\",\"target\":[\"https:\/\/www.miomiorun.com\/fr\/produit\/bushido-ii-gtx-jr\/\"]}]},{\"@type\":\"ImageObject\",\"inLanguage\":\"fr-FR\",\"@id\":\"https:\/\/www.miomiorun.com\/fr\/produit\/bushido-ii-gtx-jr\/#primaryimage\",\"url\":\"https:\/\/www.miomiorun.com\/app\/uploads\/2023\/11\/la-sportiva-Bushido-II-JR-Gtx-tiger-yellow-56O206100.jpg\",\"contentUrl\":\"https:\/\/www.miomiorun.com\/app\/uploads\/2023\/11\/la-sportiva-Bushido-II-JR-Gtx-tiger-yellow-56O206100.jpg\",\"width\":600,\"height\":600,\"caption\":\"la-sportiva-Bushido-II-JR-Gtx-tiger-yellow-56O206100\"},{\"@type\":\"BreadcrumbList\",\"@id\":\"https:\/\/www.miomiorun.com\/fr\/produit\/bushido-ii-gtx-jr\/#breadcrumb\",\"itemListElement\":[{\"@type\":\"ListItem\",\"position\":1,\"name\":\"Home\",\"item\":\"https:\/\/www.miomiorun.com\/fr\/home-page\/\"},{\"@type\":\"ListItem\",\"position\":2,\"name\":\"Shop\",\"item\":\"https:\/\/www.miomiorun.com\/shop\/\"},{\"@type\":\"ListItem\",\"position\":3,\"name\":\"Bushido II Gtx Jr\"}]},{\"@type\":\"WebSite\",\"@id\":\"https:\/\/www.miomiorun.com\/fr\/#website\",\"url\":\"https:\/\/www.miomiorun.com\/fr\/\",\"name\":\"MioMioRun\",\"description\":\"Boutique 100% running et trail\",\"publisher\":{\"@id\":\"https:\/\/www.miomiorun.com\/fr\/#organization\"},\"potentialAction\":[{\"@type\":\"SearchAction\",\"target\":{\"@type\":\"EntryPoint\",\"urlTemplate\":\"https:\/\/www.miomiorun.com\/fr\/?s={search_term_string}\"},\"query-input\":{\"@type\":\"PropertyValueSpecification\",\"valueRequired\":true,\"valueName\":\"search_term_string\"}}],\"inLanguage\":\"fr-FR\"},{\"@type\":\"Organization\",\"@id\":\"https:\/\/www.miomiorun.com\/fr\/#organization\",\"name\":\"MioMio Run\",\"url\":\"https:\/\/www.miomiorun.com\/fr\/\",\"logo\":{\"@type\":\"ImageObject\",\"inLanguage\":\"fr-FR\",\"@id\":\"https:\/\/www.miomiorun.com\/fr\/#\/schema\/logo\/image\/\",\"url\":\"https:\/\/www.miomiorun.com\/app\/uploads\/2019\/12\/logomio.png\",\"contentUrl\":\"https:\/\/www.miomiorun.com\/app\/uploads\/2019\/12\/logomio.png\",\"width\":115,\"height\":82,\"caption\":\"MioMio Run\"},\"image\":{\"@id\":\"https:\/\/www.miomiorun.com\/fr\/#\/schema\/logo\/image\/\"},\"sameAs\":[\"https:\/\/www.facebook.com\/miomiorun\/\",\"https:\/\/www.instagram.com\/miomiorun\/\"]}]}<\/script>\n<!-- \/ Yoast SEO plugin. -->","yoast_head_json":{"title":"La Sportiva Bushido II Gtx Jr - chaussures de course pour enfants - MioMioRun","description":"Version junior du mod\u00e8le embl\u00e9matique Bushido II Gtx. Chaussure con\u00e7ue pour le loisir et la comp\u00e9tition pour les jeunes enfants, avec un look similaire \u00e0 celui de l'adulte.","robots":{"index":"index","follow":"follow","max-snippet":"max-snippet:-1","max-image-preview":"max-image-preview:large","max-video-preview":"max-video-preview:-1"},"canonical":"https:\/\/www.miomiorun.com\/fr\/produit\/bushido-ii-gtx-jr\/","og_locale":"fr_FR","og_type":"article","og_title":"La Sportiva Bushido II Gtx Jr - chaussures de course pour enfants - MioMioRun","og_description":"Version junior du mod\u00e8le embl\u00e9matique Bushido II Gtx. Chaussure con\u00e7ue pour le loisir et la comp\u00e9tition pour les jeunes enfants, avec un look similaire \u00e0 celui de l'adulte.","og_url":"https:\/\/www.miomiorun.com\/fr\/produit\/bushido-ii-gtx-jr\/","og_site_name":"MioMioRun","article_publisher":"https:\/\/www.facebook.com\/miomiorun\/","article_modified_time":"2026-05-08T19:54:10+00:00","og_image":[{"width":600,"height":600,"url":"https:\/\/www.miomiorun.com\/app\/uploads\/2023\/11\/la-sportiva-Bushido-II-JR-Gtx-tiger-yellow-56O206100.jpg","type":"image\/jpeg"}],"twitter_card":"summary_large_image","twitter_misc":{"Est. reading time":"1 minute"},"schema":{"@context":"https:\/\/schema.org","@graph":[{"@type":"WebPage","@id":"https:\/\/www.miomiorun.com\/fr\/produit\/bushido-ii-gtx-jr\/","url":"https:\/\/www.miomiorun.com\/fr\/produit\/bushido-ii-gtx-jr\/","name":"La Sportiva Bushido II Gtx Jr - chaussures de course pour enfants - MioMioRun","isPartOf":{"@id":"https:\/\/www.miomiorun.com\/fr\/#website"},"primaryImageOfPage":{"@id":"https:\/\/www.miomiorun.com\/fr\/produit\/bushido-ii-gtx-jr\/#primaryimage"},"image":{"@id":"https:\/\/www.miomiorun.com\/fr\/produit\/bushido-ii-gtx-jr\/#primaryimage"},"thumbnailUrl":"https:\/\/www.miomiorun.com\/app\/uploads\/2023\/11\/la-sportiva-Bushido-II-JR-Gtx-tiger-yellow-56O206100.jpg","datePublished":"2023-10-31T14:22:16+00:00","dateModified":"2026-05-08T19:54:10+00:00","description":"Version junior du mod\u00e8le embl\u00e9matique Bushido II Gtx. Chaussure con\u00e7ue pour le loisir et la comp\u00e9tition pour les jeunes enfants, avec un look similaire \u00e0 celui de l'adulte.","breadcrumb":{"@id":"https:\/\/www.miomiorun.com\/fr\/produit\/bushido-ii-gtx-jr\/#breadcrumb"},"inLanguage":"fr-FR","potentialAction":[{"@type":"ReadAction","target":["https:\/\/www.miomiorun.com\/fr\/produit\/bushido-ii-gtx-jr\/"]}]},{"@type":"ImageObject","inLanguage":"fr-FR","@id":"https:\/\/www.miomiorun.com\/fr\/produit\/bushido-ii-gtx-jr\/#primaryimage","url":"https:\/\/www.miomiorun.com\/app\/uploads\/2023\/11\/la-sportiva-Bushido-II-JR-Gtx-tiger-yellow-56O206100.jpg","contentUrl":"https:\/\/www.miomiorun.com\/app\/uploads\/2023\/11\/la-sportiva-Bushido-II-JR-Gtx-tiger-yellow-56O206100.jpg","width":600,"height":600,"caption":"la-sportiva-Bushido-II-JR-Gtx-tiger-yellow-56O206100"},{"@type":"BreadcrumbList","@id":"https:\/\/www.miomiorun.com\/fr\/produit\/bushido-ii-gtx-jr\/#breadcrumb","itemListElement":[{"@type":"ListItem","position":1,"name":"Home","item":"https:\/\/www.miomiorun.com\/fr\/home-page\/"},{"@type":"ListItem","position":2,"name":"Shop","item":"https:\/\/www.miomiorun.com\/shop\/"},{"@type":"ListItem","position":3,"name":"Bushido II Gtx Jr"}]},{"@type":"WebSite","@id":"https:\/\/www.miomiorun.com\/fr\/#website","url":"https:\/\/www.miomiorun.com\/fr\/","name":"MioMioRun","description":"Boutique 100% running et trail","publisher":{"@id":"https:\/\/www.miomiorun.com\/fr\/#organization"},"potentialAction":[{"@type":"SearchAction","target":{"@type":"EntryPoint","urlTemplate":"https:\/\/www.miomiorun.com\/fr\/?s={search_term_string}"},"query-input":{"@type":"PropertyValueSpecification","valueRequired":true,"valueName":"search_term_string"}}],"inLanguage":"fr-FR"},{"@type":"Organization","@id":"https:\/\/www.miomiorun.com\/fr\/#organization","name":"MioMio Run","url":"https:\/\/www.miomiorun.com\/fr\/","logo":{"@type":"ImageObject","inLanguage":"fr-FR","@id":"https:\/\/www.miomiorun.com\/fr\/#\/schema\/logo\/image\/","url":"https:\/\/www.miomiorun.com\/app\/uploads\/2019\/12\/logomio.png","contentUrl":"https:\/\/www.miomiorun.com\/app\/uploads\/2019\/12\/logomio.png","width":115,"height":82,"caption":"MioMio Run"},"image":{"@id":"https:\/\/www.miomiorun.com\/fr\/#\/schema\/logo\/image\/"},"sameAs":["https:\/\/www.facebook.com\/miomiorun\/","https:\/\/www.instagram.com\/miomiorun\/"]}]}},"_links":{"self":[{"href":"https:\/\/www.miomiorun.com\/fr\/wp-json\/wp\/v2\/product\/288397","targetHints":{"allow":["GET"]}}],"collection":[{"href":"https:\/\/www.miomiorun.com\/fr\/wp-json\/wp\/v2\/product"}],"about":[{"href":"https:\/\/www.miomiorun.com\/fr\/wp-json\/wp\/v2\/types\/product"}],"wp:featuredmedia":[{"embeddable":true,"href":"https:\/\/www.miomiorun.com\/fr\/wp-json\/wp\/v2\/media\/243646"}],"wp:attachment":[{"href":"https:\/\/www.miomiorun.com\/fr\/wp-json\/wp\/v2\/media?parent=288397"}],"wp:term":[{"taxonomy":"product_brand","embeddable":true,"href":"https:\/\/www.miomiorun.com\/fr\/wp-json\/wp\/v2\/product_brand?post=288397"},{"taxonomy":"product_cat","embeddable":true,"href":"https:\/\/www.miomiorun.com\/fr\/wp-json\/wp\/v2\/product_cat?post=288397"},{"taxonomy":"product_tag","embeddable":true,"href":"https:\/\/www.miomiorun.com\/fr\/wp-json\/wp\/v2\/product_tag?post=288397"}],"curies":[{"name":"wp","href":"https:\/\/api.w.org\/{rel}","templated":true}]}}