{"id":288365,"date":"2023-10-31T15:08:13","date_gmt":"2023-10-31T14:08:13","guid":{"rendered":"https:\/\/miomiorun.com\/prodotto\/ultra-raptor-ii-jr\/"},"modified":"2026-05-08T21:53:53","modified_gmt":"2026-05-08T19:53:53","slug":"ultra-raptor-ii-jr","status":"publish","type":"product","link":"https:\/\/www.miomiorun.com\/fr\/produit\/ultra-raptor-ii-jr\/","title":{"rendered":"Ultra Raptor II JR"},"content":{"rendered":"<div class=\"vc-row container\"><div class=\"vc-column\"><div class=\"vc-column-text\"><\/p>\n<h4>Caract\u00e9ristiques techniques<\/h4>\n<p>Cat\u00e9gorie : Amortissement structur\u00e9<br \/>\nD\u00e9calage : 4mm<br \/>\nId\u00e9al pour : les gar\u00e7ons qui ont besoin d&#8217;une chaussure avec un bon amorti et une bonne structure pour aborder les sentiers de montagne. Id\u00e9ale pour une premi\u00e8re approche du trail running ou pour les gar\u00e7ons qui sont d\u00e9j\u00e0 enclins \u00e0 s&#8217;attaquer \u00e0 des distances moyennes \u00e0 longues.<br \/>\n<a href=\"https:\/\/miomiorun.com\/fr\/guide-des-specificites\/\">Specifications guide<\/a><\/p>\n<p><\/div><\/div><div class=\"vc-column\"><div class=\"vc-column-text\"><\/p>\n<p class=\"product-name\" data-qa=\"productName\">Chaussure d\u00e9di\u00e9e aux jeunes randonneurs, parfaite pour un usage quotidien et pour faire ses premiers pas en tout-terrain.<\/p>\n<p data-qa=\"productName\"><strong>Ultra Raptor II Junior<\/strong> est la chaussure de randonn\u00e9e d\u00e9di\u00e9e aux petits randonneurs, parfaite pour un usage quotidien et pour faire ses premiers pas en tout-terrain. La tige est en maille respirante avec renforts en microfibres thermocollants et bordures anti-abrasion pour plus de l\u00e9g\u00e8ret\u00e9 et une protection maximale contre les chocs. L&#8217;assise plantaire Ortholite\u00ae Hybrid est fabriqu\u00e9e \u00e0 partir de composants recycl\u00e9s issus du cycle de traitement et tous les mat\u00e9riaux de la chaussure sont v\u00e9g\u00e9taliens. La semelle FriXion\u00ae Blue compound offre une excellente adh\u00e9rence et une grande durabilit\u00e9. D\u00e9di\u00e9e \u00e0 nos petits V\u00e9lociraptors.<\/p>\n<p data-qa=\"productName\"><strong>Caract\u00e9ristiques :<\/strong><\/p>\n<div class=\"description-techspecs__items\">\n<p><b>Partie sup\u00e9rieure :<\/b><br \/>\nMesh respirant avec renforts en microfibre thermocoll\u00e9s et bord anti-abrasion<br \/>\nDoublure<b>:<\/b><br \/>\nmesh anti-d\u00e9rapant<br \/>\n<b>Semelle :<\/b><br \/>\nOtholite\u00ae Hybrid Kid&#8217;s<br \/>\n<b>Semelle interm\u00e9diaire :<\/b><br \/>\nMemlex EVA l\u00e9ger et absorbant les chocs<br \/>\n<b>Semelle ext\u00e9rieure :<\/b><br \/>\nFrixion\u00ae Blue<\/p>\n<p><img decoding=\"async\" src=\"https:\/\/www.lasportiva.com\/media\/techinfo_icons\/friction-blue.png\" \/><\/p>\n<p>Les compos\u00e9s <strong>FriXion\u00ae<\/strong> de <strong>La Sportiva<\/strong> ont \u00e9t\u00e9 cr\u00e9\u00e9s pour cr\u00e9er des semelles avec diff\u00e9rents param\u00e8tres d&#8217;adh\u00e9rence et de durabilit\u00e9 en fonction du type d&#8217;utilisation et du terrain sur lequel les chaussures La Sportiva sont utilis\u00e9es.<\/p>\n<p><img decoding=\"async\" src=\"https:\/\/www.lasportiva.com\/media\/techinfo_icons\/impact-brake-system.png\" \/><\/p>\n<p><strong>Syst\u00e8me innovant appliqu\u00e9 \u00e0 la semelle qui absorbe l&#8217;impact, favorise la traction et la tenue au freinage.<\/strong><br \/>\nCon\u00e7u et d\u00e9velopp\u00e9 par le Centre de Recherche et D\u00e9veloppement de La Sportiva, il offre de r\u00e9els avantages pendant la course en r\u00e9duisant l&#8217;impact n\u00e9gatif avec le sol. La disposition particuli\u00e8re des blocs fait que certains d&#8217;entre eux entrent d&#8217;abord en contact avec le sol, ce qui adoucit la bande de roulement.<\/p>\n<p><img decoding=\"async\" src=\"https:\/\/www.lasportiva.com\/media\/techinfo_icons\/laspo6.png\" \/><\/p>\n<p>Les trois mod\u00e8les Laspokids favorisent le d\u00e9veloppement des enfants gr\u00e2ce \u00e0 des technologies con\u00e7ues pour stimuler leur croissance physique et mentale de mani\u00e8re naturelle, gr\u00e2ce \u00e0 des solutions qui encouragent la libert\u00e9, la proprioception, l&#8217;interaction avec l&#8217;environnement et le &#8220;confort sensoriel&#8221;.<br \/>\nRunning, climbing et trekking : 3 produits pour 3 des moments les plus agr\u00e9ables d&#8217;une journ\u00e9e en montagne en compagnie de LaspoBoy et LaspoGirl : les sympathiques personnages qui, gr\u00e2ce aux pouvoirs de leurs chaussures, nous guident \u00e0 la d\u00e9couverte de la nature et des sports de montagne.<\/p>\n<\/div>\n<p><\/div><\/div><\/div>\n","protected":false},"excerpt":{"rendered":"<ul>\n<li>Chaussure pour les enfants qui aiment la montagne.<\/li>\n<li>Super amorti et excellente adh\u00e9rence.<\/li>\n<\/ul>\n","protected":false},"featured_media":243640,"template":"","meta":{"_acf_changed":false,"inline_featured_image":false},"product_brand":[],"product_cat":[22594,22593,22590],"product_tag":[23597,24181,24188],"class_list":{"0":"post-288365","1":"product","2":"type-product","3":"status-publish","4":"has-post-thumbnail","6":"product_cat-chaussures-pour-enfants","7":"product_cat-chaussures-pour-filles","8":"product_cat-enfant","9":"product_tag-la-sportiva-fr","10":"product_tag-la-sportiva-fille","11":"product_tag-la-sportiva-garcon","12":"pa_attivita-marcher","13":"pa_attivita-outdoor-fr","14":"pa_colore-ultra-raptor-ii-jr-carbon-goji-fr","15":"pa_colore-ultra-raptor-ii-jr-kale-lime-green-fr","16":"pa_colore-ultra-raptor-ii-jr-space-blue-maple-fr","17":"pa_colore-ultra-raptor-ii-jr-velvet-flamingo-fr","18":"pa_marca-la-sportiva-fr","19":"pa_sesso-femme","20":"pa_sesso-homme","21":"pa_size-30-fr","22":"pa_size-31-fr","23":"pa_size-32-fr","24":"pa_size-33-fr","25":"pa_size-34-fr","26":"pa_size-35-fr","27":"pa_size-36-fr","28":"pa_size-37-fr","29":"pa_size-38-fr","31":"first","32":"instock","33":"sale","34":"taxable","35":"shipping-taxable","36":"purchasable","37":"product-type-variable","38":"wvs-archive-product-wrapper"},"acf":[],"yoast_head":"<!-- This site is optimized with the Yoast SEO plugin v26.8 - https:\/\/yoast.com\/product\/yoast-seo-wordpress\/ -->\n<title>La SportivaUltra Raptor II JR - chaussures de course pour enfants - MioMioRun<\/title>\n<meta name=\"description\" content=\"Ultra Raptor II Junior est la chaussure de randonn\u00e9e d\u00e9di\u00e9e aux jeunes enfants, parfaite pour un usage quotidien et pour faire ses premiers pas en dehors des sentiers battus.\" \/>\n<meta name=\"robots\" content=\"index, follow, max-snippet:-1, max-image-preview:large, max-video-preview:-1\" \/>\n<link rel=\"canonical\" href=\"https:\/\/www.miomiorun.com\/fr\/produit\/ultra-raptor-ii-jr\/\" \/>\n<meta property=\"og:locale\" content=\"fr_FR\" \/>\n<meta property=\"og:type\" content=\"article\" \/>\n<meta property=\"og:title\" content=\"La SportivaUltra Raptor II JR - chaussures de course pour enfants - MioMioRun\" \/>\n<meta property=\"og:description\" content=\"Ultra Raptor II Junior est la chaussure de randonn\u00e9e d\u00e9di\u00e9e aux jeunes enfants, parfaite pour un usage quotidien et pour faire ses premiers pas en dehors des sentiers battus.\" \/>\n<meta property=\"og:url\" content=\"https:\/\/www.miomiorun.com\/fr\/produit\/ultra-raptor-ii-jr\/\" \/>\n<meta property=\"og:site_name\" content=\"MioMioRun\" \/>\n<meta property=\"article:publisher\" content=\"https:\/\/www.facebook.com\/miomiorun\/\" \/>\n<meta property=\"article:modified_time\" content=\"2026-05-08T19:53:53+00:00\" \/>\n<meta property=\"og:image\" content=\"https:\/\/www.miomiorun.com\/app\/uploads\/2023\/10\/la-sportiva-Ultra-Raptor-II-JR-carbon-goji-34N900314.jpg\" \/>\n\t<meta property=\"og:image:width\" content=\"600\" \/>\n\t<meta property=\"og:image:height\" content=\"600\" \/>\n\t<meta property=\"og:image:type\" content=\"image\/jpeg\" \/>\n<meta name=\"twitter:card\" content=\"summary_large_image\" \/>\n<meta name=\"twitter:label1\" content=\"Est. reading time\" \/>\n\t<meta name=\"twitter:data1\" content=\"2 minutes\" \/>\n<script type=\"application\/ld+json\" class=\"yoast-schema-graph\">{\"@context\":\"https:\/\/schema.org\",\"@graph\":[{\"@type\":\"WebPage\",\"@id\":\"https:\/\/www.miomiorun.com\/fr\/produit\/ultra-raptor-ii-jr\/\",\"url\":\"https:\/\/www.miomiorun.com\/fr\/produit\/ultra-raptor-ii-jr\/\",\"name\":\"La SportivaUltra Raptor II JR - chaussures de course pour enfants - MioMioRun\",\"isPartOf\":{\"@id\":\"https:\/\/www.miomiorun.com\/fr\/#website\"},\"primaryImageOfPage\":{\"@id\":\"https:\/\/www.miomiorun.com\/fr\/produit\/ultra-raptor-ii-jr\/#primaryimage\"},\"image\":{\"@id\":\"https:\/\/www.miomiorun.com\/fr\/produit\/ultra-raptor-ii-jr\/#primaryimage\"},\"thumbnailUrl\":\"https:\/\/www.miomiorun.com\/app\/uploads\/2023\/10\/la-sportiva-Ultra-Raptor-II-JR-carbon-goji-34N900314.jpg\",\"datePublished\":\"2023-10-31T14:08:13+00:00\",\"dateModified\":\"2026-05-08T19:53:53+00:00\",\"description\":\"Ultra Raptor II Junior est la chaussure de randonn\u00e9e d\u00e9di\u00e9e aux jeunes enfants, parfaite pour un usage quotidien et pour faire ses premiers pas en dehors des sentiers battus.\",\"breadcrumb\":{\"@id\":\"https:\/\/www.miomiorun.com\/fr\/produit\/ultra-raptor-ii-jr\/#breadcrumb\"},\"inLanguage\":\"fr-FR\",\"potentialAction\":[{\"@type\":\"ReadAction\",\"target\":[\"https:\/\/www.miomiorun.com\/fr\/produit\/ultra-raptor-ii-jr\/\"]}]},{\"@type\":\"ImageObject\",\"inLanguage\":\"fr-FR\",\"@id\":\"https:\/\/www.miomiorun.com\/fr\/produit\/ultra-raptor-ii-jr\/#primaryimage\",\"url\":\"https:\/\/www.miomiorun.com\/app\/uploads\/2023\/10\/la-sportiva-Ultra-Raptor-II-JR-carbon-goji-34N900314.jpg\",\"contentUrl\":\"https:\/\/www.miomiorun.com\/app\/uploads\/2023\/10\/la-sportiva-Ultra-Raptor-II-JR-carbon-goji-34N900314.jpg\",\"width\":600,\"height\":600,\"caption\":\"la-sportiva-Ultra-Raptor-II-JR-carbon-goji-34N900314\"},{\"@type\":\"BreadcrumbList\",\"@id\":\"https:\/\/www.miomiorun.com\/fr\/produit\/ultra-raptor-ii-jr\/#breadcrumb\",\"itemListElement\":[{\"@type\":\"ListItem\",\"position\":1,\"name\":\"Home\",\"item\":\"https:\/\/www.miomiorun.com\/fr\/home-page\/\"},{\"@type\":\"ListItem\",\"position\":2,\"name\":\"Shop\",\"item\":\"https:\/\/www.miomiorun.com\/shop\/\"},{\"@type\":\"ListItem\",\"position\":3,\"name\":\"Ultra Raptor II JR\"}]},{\"@type\":\"WebSite\",\"@id\":\"https:\/\/www.miomiorun.com\/fr\/#website\",\"url\":\"https:\/\/www.miomiorun.com\/fr\/\",\"name\":\"MioMioRun\",\"description\":\"Boutique 100% running et trail\",\"publisher\":{\"@id\":\"https:\/\/www.miomiorun.com\/fr\/#organization\"},\"potentialAction\":[{\"@type\":\"SearchAction\",\"target\":{\"@type\":\"EntryPoint\",\"urlTemplate\":\"https:\/\/www.miomiorun.com\/fr\/?s={search_term_string}\"},\"query-input\":{\"@type\":\"PropertyValueSpecification\",\"valueRequired\":true,\"valueName\":\"search_term_string\"}}],\"inLanguage\":\"fr-FR\"},{\"@type\":\"Organization\",\"@id\":\"https:\/\/www.miomiorun.com\/fr\/#organization\",\"name\":\"MioMio Run\",\"url\":\"https:\/\/www.miomiorun.com\/fr\/\",\"logo\":{\"@type\":\"ImageObject\",\"inLanguage\":\"fr-FR\",\"@id\":\"https:\/\/www.miomiorun.com\/fr\/#\/schema\/logo\/image\/\",\"url\":\"https:\/\/www.miomiorun.com\/app\/uploads\/2019\/12\/logomio.png\",\"contentUrl\":\"https:\/\/www.miomiorun.com\/app\/uploads\/2019\/12\/logomio.png\",\"width\":115,\"height\":82,\"caption\":\"MioMio Run\"},\"image\":{\"@id\":\"https:\/\/www.miomiorun.com\/fr\/#\/schema\/logo\/image\/\"},\"sameAs\":[\"https:\/\/www.facebook.com\/miomiorun\/\",\"https:\/\/www.instagram.com\/miomiorun\/\"]}]}<\/script>\n<!-- \/ Yoast SEO plugin. -->","yoast_head_json":{"title":"La SportivaUltra Raptor II JR - chaussures de course pour enfants - MioMioRun","description":"Ultra Raptor II Junior est la chaussure de randonn\u00e9e d\u00e9di\u00e9e aux jeunes enfants, parfaite pour un usage quotidien et pour faire ses premiers pas en dehors des sentiers battus.","robots":{"index":"index","follow":"follow","max-snippet":"max-snippet:-1","max-image-preview":"max-image-preview:large","max-video-preview":"max-video-preview:-1"},"canonical":"https:\/\/www.miomiorun.com\/fr\/produit\/ultra-raptor-ii-jr\/","og_locale":"fr_FR","og_type":"article","og_title":"La SportivaUltra Raptor II JR - chaussures de course pour enfants - MioMioRun","og_description":"Ultra Raptor II Junior est la chaussure de randonn\u00e9e d\u00e9di\u00e9e aux jeunes enfants, parfaite pour un usage quotidien et pour faire ses premiers pas en dehors des sentiers battus.","og_url":"https:\/\/www.miomiorun.com\/fr\/produit\/ultra-raptor-ii-jr\/","og_site_name":"MioMioRun","article_publisher":"https:\/\/www.facebook.com\/miomiorun\/","article_modified_time":"2026-05-08T19:53:53+00:00","og_image":[{"width":600,"height":600,"url":"https:\/\/www.miomiorun.com\/app\/uploads\/2023\/10\/la-sportiva-Ultra-Raptor-II-JR-carbon-goji-34N900314.jpg","type":"image\/jpeg"}],"twitter_card":"summary_large_image","twitter_misc":{"Est. reading time":"2 minutes"},"schema":{"@context":"https:\/\/schema.org","@graph":[{"@type":"WebPage","@id":"https:\/\/www.miomiorun.com\/fr\/produit\/ultra-raptor-ii-jr\/","url":"https:\/\/www.miomiorun.com\/fr\/produit\/ultra-raptor-ii-jr\/","name":"La SportivaUltra Raptor II JR - chaussures de course pour enfants - MioMioRun","isPartOf":{"@id":"https:\/\/www.miomiorun.com\/fr\/#website"},"primaryImageOfPage":{"@id":"https:\/\/www.miomiorun.com\/fr\/produit\/ultra-raptor-ii-jr\/#primaryimage"},"image":{"@id":"https:\/\/www.miomiorun.com\/fr\/produit\/ultra-raptor-ii-jr\/#primaryimage"},"thumbnailUrl":"https:\/\/www.miomiorun.com\/app\/uploads\/2023\/10\/la-sportiva-Ultra-Raptor-II-JR-carbon-goji-34N900314.jpg","datePublished":"2023-10-31T14:08:13+00:00","dateModified":"2026-05-08T19:53:53+00:00","description":"Ultra Raptor II Junior est la chaussure de randonn\u00e9e d\u00e9di\u00e9e aux jeunes enfants, parfaite pour un usage quotidien et pour faire ses premiers pas en dehors des sentiers battus.","breadcrumb":{"@id":"https:\/\/www.miomiorun.com\/fr\/produit\/ultra-raptor-ii-jr\/#breadcrumb"},"inLanguage":"fr-FR","potentialAction":[{"@type":"ReadAction","target":["https:\/\/www.miomiorun.com\/fr\/produit\/ultra-raptor-ii-jr\/"]}]},{"@type":"ImageObject","inLanguage":"fr-FR","@id":"https:\/\/www.miomiorun.com\/fr\/produit\/ultra-raptor-ii-jr\/#primaryimage","url":"https:\/\/www.miomiorun.com\/app\/uploads\/2023\/10\/la-sportiva-Ultra-Raptor-II-JR-carbon-goji-34N900314.jpg","contentUrl":"https:\/\/www.miomiorun.com\/app\/uploads\/2023\/10\/la-sportiva-Ultra-Raptor-II-JR-carbon-goji-34N900314.jpg","width":600,"height":600,"caption":"la-sportiva-Ultra-Raptor-II-JR-carbon-goji-34N900314"},{"@type":"BreadcrumbList","@id":"https:\/\/www.miomiorun.com\/fr\/produit\/ultra-raptor-ii-jr\/#breadcrumb","itemListElement":[{"@type":"ListItem","position":1,"name":"Home","item":"https:\/\/www.miomiorun.com\/fr\/home-page\/"},{"@type":"ListItem","position":2,"name":"Shop","item":"https:\/\/www.miomiorun.com\/shop\/"},{"@type":"ListItem","position":3,"name":"Ultra Raptor II JR"}]},{"@type":"WebSite","@id":"https:\/\/www.miomiorun.com\/fr\/#website","url":"https:\/\/www.miomiorun.com\/fr\/","name":"MioMioRun","description":"Boutique 100% running et trail","publisher":{"@id":"https:\/\/www.miomiorun.com\/fr\/#organization"},"potentialAction":[{"@type":"SearchAction","target":{"@type":"EntryPoint","urlTemplate":"https:\/\/www.miomiorun.com\/fr\/?s={search_term_string}"},"query-input":{"@type":"PropertyValueSpecification","valueRequired":true,"valueName":"search_term_string"}}],"inLanguage":"fr-FR"},{"@type":"Organization","@id":"https:\/\/www.miomiorun.com\/fr\/#organization","name":"MioMio Run","url":"https:\/\/www.miomiorun.com\/fr\/","logo":{"@type":"ImageObject","inLanguage":"fr-FR","@id":"https:\/\/www.miomiorun.com\/fr\/#\/schema\/logo\/image\/","url":"https:\/\/www.miomiorun.com\/app\/uploads\/2019\/12\/logomio.png","contentUrl":"https:\/\/www.miomiorun.com\/app\/uploads\/2019\/12\/logomio.png","width":115,"height":82,"caption":"MioMio Run"},"image":{"@id":"https:\/\/www.miomiorun.com\/fr\/#\/schema\/logo\/image\/"},"sameAs":["https:\/\/www.facebook.com\/miomiorun\/","https:\/\/www.instagram.com\/miomiorun\/"]}]}},"_links":{"self":[{"href":"https:\/\/www.miomiorun.com\/fr\/wp-json\/wp\/v2\/product\/288365","targetHints":{"allow":["GET"]}}],"collection":[{"href":"https:\/\/www.miomiorun.com\/fr\/wp-json\/wp\/v2\/product"}],"about":[{"href":"https:\/\/www.miomiorun.com\/fr\/wp-json\/wp\/v2\/types\/product"}],"wp:featuredmedia":[{"embeddable":true,"href":"https:\/\/www.miomiorun.com\/fr\/wp-json\/wp\/v2\/media\/243640"}],"wp:attachment":[{"href":"https:\/\/www.miomiorun.com\/fr\/wp-json\/wp\/v2\/media?parent=288365"}],"wp:term":[{"taxonomy":"product_brand","embeddable":true,"href":"https:\/\/www.miomiorun.com\/fr\/wp-json\/wp\/v2\/product_brand?post=288365"},{"taxonomy":"product_cat","embeddable":true,"href":"https:\/\/www.miomiorun.com\/fr\/wp-json\/wp\/v2\/product_cat?post=288365"},{"taxonomy":"product_tag","embeddable":true,"href":"https:\/\/www.miomiorun.com\/fr\/wp-json\/wp\/v2\/product_tag?post=288365"}],"curies":[{"name":"wp","href":"https:\/\/api.w.org\/{rel}","templated":true}]}}