{"id":288338,"date":"2023-11-02T14:07:44","date_gmt":"2023-11-02T13:07:44","guid":{"rendered":"https:\/\/miomiorun.com\/prodotto\/warm-longsleeved-uomo\/"},"modified":"2025-06-18T12:33:09","modified_gmt":"2025-06-18T10:33:09","slug":"warm-longsleeved-homme","status":"publish","type":"product","link":"https:\/\/www.miomiorun.com\/fr\/produit\/warm-longsleeved-homme\/","title":{"rendered":"Warm Longsleeved homme"},"content":{"rendered":"<div class=\"vc-row container\"><div class=\"vc-column\"><div class=\"vc-column-text\"><\/p>\n<p id=\"tw-target-text\" class=\"tw-data-text tw-text-large XcVN5d tw-ta\" dir=\"ltr\" data-placeholder=\"Traduzione\">Le maillot \u00e0 manches longues ajust\u00e9 maintient le corps au chaud et au sec par des temp\u00e9ratures douces\/froides \u00e0 des niveaux d&#8217;activit\u00e9 \u00e9lev\u00e9s. De plus, la combinaison de mat\u00e9riaux chauffants de haute qualit\u00e9 garantit une excellente gestion de l&#8217;humidit\u00e9 et de la chaleur. La coupe parfaite assure une libert\u00e9 de mouvement maximale gr\u00e2ce \u00e0 des zones flexibles aux \u00e9paules et aux coudes.<\/p>\n<h3 dir=\"ltr\" data-placeholder=\"Traduzione\"><strong>Caract\u00e9ristiques :<\/strong><\/h3>\n<ul class=\"product-features-new__list\">\n<li class=\"product-features-new__item\">Convient aux temp\u00e9ratures chaudes et froides<\/li>\n<li class=\"product-features-new__item\">Maintient le corps au chaud et au sec \u00e0 des niveaux d&#8217;activit\u00e9 \u00e9lev\u00e9s<\/li>\n<li class=\"product-features-new__item\">Construction respirante \u00e0 2 couches pour vous garder au sec et \u00e0 l&#8217;aise<\/li>\n<li class=\"product-features-new__item\">Tricotage anatomique pour une libert\u00e9 de mouvement maximale pendant le sport<\/li>\n<li class=\"product-features-new__item\">Convient aux activit\u00e9s d&#8217;intensit\u00e9 moyenne \u00e0 \u00e9lev\u00e9e<\/li>\n<li class=\"product-features-new__item\">Zones de flexion ergonomiques<\/li>\n<li class=\"product-features-new__item\">Maillot \u00e0 manches longues ajust\u00e9<\/li>\n<\/ul>\n<h3><strong>Caract\u00e9ristiques :<\/strong><\/h3>\n<p><img decoding=\"async\" src=\"https:\/\/www.falke.com\/it_it\/b3b39c9b226f78e769a04f89f68a6ddf4576fbbb\/assets\/base\/staticImages\/functionalsymbols\/icon_feuchtigkeitsregulierend.svg\" \/><\/p>\n<p class=\"product-functional-symbols-new__content-name\"><strong>R\u00e9gule l&#8217;humidit\u00e9<\/strong><\/p>\n<p class=\"product-functional-symbols-new__content-description\">Sensation unique de s\u00e9cheresse sur la peau gr\u00e2ce \u00e0 sa capacit\u00e9 d&#8217;absorption de l&#8217;humidit\u00e9.<\/p>\n<p><img decoding=\"async\" src=\"https:\/\/www.falke.com\/it_it\/b3b39c9b226f78e769a04f89f68a6ddf4576fbbb\/assets\/base\/staticImages\/functionalsymbols\/icon_schnellste_ruecktrocknung.svg\" \/><\/p>\n<p class=\"product-functional-symbols-new__content-name\"><strong>S\u00e9chage plus rapide<\/strong><\/p>\n<p class=\"product-functional-symbols-new__content-description\">mat\u00e9riau \u00e0 s\u00e9chage rapide<\/p>\n<p><\/div><\/div><\/div>\n","protected":false},"excerpt":{"rendered":"<ul class=\"product-features-new__list\">\n<li class=\"product-features-new__item\">Convient aux temp\u00e9ratures chaudes et froides<\/li>\n<li class=\"product-features-new__item\">Maintient le corps au chaud et au sec m\u00eame lors d&#8217;activit\u00e9s intenses<\/li>\n<\/ul>\n","protected":false},"featured_media":246062,"template":"","meta":{"_acf_changed":false,"inline_featured_image":false},"product_brand":[],"product_cat":[24479,24482,24484],"product_tag":[23482,23606],"class_list":{"0":"post-288338","1":"product","2":"type-product","3":"status-publish","4":"has-post-thumbnail","6":"product_cat-sous-vetements-fr-2","7":"product_cat-vetements-pour-hommes-fr","8":"product_cat-homme","9":"product_tag-falke-fr","10":"product_tag-falke-homme","11":"pa_attivita-marcher","12":"pa_attivita-outdoor-fr","13":"pa_attivita-running-fr","14":"pa_attivita-trail-fr","15":"pa_colore-m-longsleeved-black-fr","16":"pa_colore-maglia-warm-m-white-fr","17":"pa_marca-falke-fr","18":"pa_sesso-homme","19":"pa_size-small-fr","20":"pa_size-medium-fr","21":"pa_size-large-fr","22":"pa_size-extra-large-fr","24":"first","25":"instock","26":"sale","27":"taxable","28":"shipping-taxable","29":"purchasable","30":"product-type-variable","31":"wvs-archive-product-wrapper"},"acf":[],"yoast_head":"<!-- This site is optimized with the Yoast SEO plugin v26.8 - https:\/\/yoast.com\/product\/yoast-seo-wordpress\/ -->\n<title>Warm Longsleeved homme -Sous-v\u00eatements thermiques - MioMioRun<\/title>\n<meta name=\"description\" content=\"Le maillot \u00e0 manches longues ajust\u00e9 garde le corps au chaud et au sec par temp\u00e9ratures douces\/froides \u00e0 des niveaux d&#039;activit\u00e9 \u00e9lev\u00e9s.\" \/>\n<meta name=\"robots\" content=\"index, follow, max-snippet:-1, max-image-preview:large, max-video-preview:-1\" \/>\n<link rel=\"canonical\" href=\"https:\/\/www.miomiorun.com\/fr\/produit\/warm-longsleeved-homme\/\" \/>\n<meta property=\"og:locale\" content=\"fr_FR\" \/>\n<meta property=\"og:type\" content=\"article\" \/>\n<meta property=\"og:title\" content=\"Warm Longsleeved homme -Sous-v\u00eatements thermiques - MioMioRun\" \/>\n<meta property=\"og:description\" content=\"Le maillot \u00e0 manches longues ajust\u00e9 garde le corps au chaud et au sec par temp\u00e9ratures douces\/froides \u00e0 des niveaux d&#039;activit\u00e9 \u00e9lev\u00e9s.\" \/>\n<meta property=\"og:url\" content=\"https:\/\/www.miomiorun.com\/fr\/produit\/warm-longsleeved-homme\/\" \/>\n<meta property=\"og:site_name\" content=\"MioMioRun\" \/>\n<meta property=\"article:publisher\" content=\"https:\/\/www.facebook.com\/miomiorun\/\" \/>\n<meta property=\"article:modified_time\" content=\"2025-06-18T10:33:09+00:00\" \/>\n<meta property=\"og:image\" content=\"https:\/\/www.miomiorun.com\/app\/uploads\/2024\/03\/falke-M-longsleeved-black-39611-3000.webp\" \/>\n\t<meta property=\"og:image:width\" content=\"600\" \/>\n\t<meta property=\"og:image:height\" content=\"600\" \/>\n\t<meta property=\"og:image:type\" content=\"image\/webp\" \/>\n<meta name=\"twitter:card\" content=\"summary_large_image\" \/>\n<meta name=\"twitter:label1\" content=\"Est. reading time\" \/>\n\t<meta name=\"twitter:data1\" content=\"1 minute\" \/>\n<script type=\"application\/ld+json\" class=\"yoast-schema-graph\">{\"@context\":\"https:\/\/schema.org\",\"@graph\":[{\"@type\":\"WebPage\",\"@id\":\"https:\/\/www.miomiorun.com\/fr\/produit\/warm-longsleeved-homme\/\",\"url\":\"https:\/\/www.miomiorun.com\/fr\/produit\/warm-longsleeved-homme\/\",\"name\":\"Warm Longsleeved homme -Sous-v\u00eatements thermiques - MioMioRun\",\"isPartOf\":{\"@id\":\"https:\/\/www.miomiorun.com\/fr\/#website\"},\"primaryImageOfPage\":{\"@id\":\"https:\/\/www.miomiorun.com\/fr\/produit\/warm-longsleeved-homme\/#primaryimage\"},\"image\":{\"@id\":\"https:\/\/www.miomiorun.com\/fr\/produit\/warm-longsleeved-homme\/#primaryimage\"},\"thumbnailUrl\":\"https:\/\/www.miomiorun.com\/app\/uploads\/2024\/03\/falke-M-longsleeved-black-39611-3000.webp\",\"datePublished\":\"2023-11-02T13:07:44+00:00\",\"dateModified\":\"2025-06-18T10:33:09+00:00\",\"description\":\"Le maillot \u00e0 manches longues ajust\u00e9 garde le corps au chaud et au sec par temp\u00e9ratures douces\/froides \u00e0 des niveaux d'activit\u00e9 \u00e9lev\u00e9s.\",\"breadcrumb\":{\"@id\":\"https:\/\/www.miomiorun.com\/fr\/produit\/warm-longsleeved-homme\/#breadcrumb\"},\"inLanguage\":\"fr-FR\",\"potentialAction\":[{\"@type\":\"ReadAction\",\"target\":[\"https:\/\/www.miomiorun.com\/fr\/produit\/warm-longsleeved-homme\/\"]}]},{\"@type\":\"ImageObject\",\"inLanguage\":\"fr-FR\",\"@id\":\"https:\/\/www.miomiorun.com\/fr\/produit\/warm-longsleeved-homme\/#primaryimage\",\"url\":\"https:\/\/www.miomiorun.com\/app\/uploads\/2024\/03\/falke-M-longsleeved-black-39611-3000.webp\",\"contentUrl\":\"https:\/\/www.miomiorun.com\/app\/uploads\/2024\/03\/falke-M-longsleeved-black-39611-3000.webp\",\"width\":600,\"height\":600,\"caption\":\"falke M longsleeved black 39611 3000\"},{\"@type\":\"BreadcrumbList\",\"@id\":\"https:\/\/www.miomiorun.com\/fr\/produit\/warm-longsleeved-homme\/#breadcrumb\",\"itemListElement\":[{\"@type\":\"ListItem\",\"position\":1,\"name\":\"Home\",\"item\":\"https:\/\/www.miomiorun.com\/fr\/home-page\/\"},{\"@type\":\"ListItem\",\"position\":2,\"name\":\"Shop\",\"item\":\"https:\/\/www.miomiorun.com\/shop\/\"},{\"@type\":\"ListItem\",\"position\":3,\"name\":\"Warm Longsleeved homme\"}]},{\"@type\":\"WebSite\",\"@id\":\"https:\/\/www.miomiorun.com\/fr\/#website\",\"url\":\"https:\/\/www.miomiorun.com\/fr\/\",\"name\":\"MioMioRun\",\"description\":\"Boutique 100% running et trail\",\"publisher\":{\"@id\":\"https:\/\/www.miomiorun.com\/fr\/#organization\"},\"potentialAction\":[{\"@type\":\"SearchAction\",\"target\":{\"@type\":\"EntryPoint\",\"urlTemplate\":\"https:\/\/www.miomiorun.com\/fr\/?s={search_term_string}\"},\"query-input\":{\"@type\":\"PropertyValueSpecification\",\"valueRequired\":true,\"valueName\":\"search_term_string\"}}],\"inLanguage\":\"fr-FR\"},{\"@type\":\"Organization\",\"@id\":\"https:\/\/www.miomiorun.com\/fr\/#organization\",\"name\":\"MioMio Run\",\"url\":\"https:\/\/www.miomiorun.com\/fr\/\",\"logo\":{\"@type\":\"ImageObject\",\"inLanguage\":\"fr-FR\",\"@id\":\"https:\/\/www.miomiorun.com\/fr\/#\/schema\/logo\/image\/\",\"url\":\"https:\/\/www.miomiorun.com\/app\/uploads\/2019\/12\/logomio.png\",\"contentUrl\":\"https:\/\/www.miomiorun.com\/app\/uploads\/2019\/12\/logomio.png\",\"width\":115,\"height\":82,\"caption\":\"MioMio Run\"},\"image\":{\"@id\":\"https:\/\/www.miomiorun.com\/fr\/#\/schema\/logo\/image\/\"},\"sameAs\":[\"https:\/\/www.facebook.com\/miomiorun\/\",\"https:\/\/www.instagram.com\/miomiorun\/\"]}]}<\/script>\n<!-- \/ Yoast SEO plugin. -->","yoast_head_json":{"title":"Warm Longsleeved homme -Sous-v\u00eatements thermiques - MioMioRun","description":"Le maillot \u00e0 manches longues ajust\u00e9 garde le corps au chaud et au sec par temp\u00e9ratures douces\/froides \u00e0 des niveaux d'activit\u00e9 \u00e9lev\u00e9s.","robots":{"index":"index","follow":"follow","max-snippet":"max-snippet:-1","max-image-preview":"max-image-preview:large","max-video-preview":"max-video-preview:-1"},"canonical":"https:\/\/www.miomiorun.com\/fr\/produit\/warm-longsleeved-homme\/","og_locale":"fr_FR","og_type":"article","og_title":"Warm Longsleeved homme -Sous-v\u00eatements thermiques - MioMioRun","og_description":"Le maillot \u00e0 manches longues ajust\u00e9 garde le corps au chaud et au sec par temp\u00e9ratures douces\/froides \u00e0 des niveaux d'activit\u00e9 \u00e9lev\u00e9s.","og_url":"https:\/\/www.miomiorun.com\/fr\/produit\/warm-longsleeved-homme\/","og_site_name":"MioMioRun","article_publisher":"https:\/\/www.facebook.com\/miomiorun\/","article_modified_time":"2025-06-18T10:33:09+00:00","og_image":[{"width":600,"height":600,"url":"https:\/\/www.miomiorun.com\/app\/uploads\/2024\/03\/falke-M-longsleeved-black-39611-3000.webp","type":"image\/webp"}],"twitter_card":"summary_large_image","twitter_misc":{"Est. reading time":"1 minute"},"schema":{"@context":"https:\/\/schema.org","@graph":[{"@type":"WebPage","@id":"https:\/\/www.miomiorun.com\/fr\/produit\/warm-longsleeved-homme\/","url":"https:\/\/www.miomiorun.com\/fr\/produit\/warm-longsleeved-homme\/","name":"Warm Longsleeved homme -Sous-v\u00eatements thermiques - MioMioRun","isPartOf":{"@id":"https:\/\/www.miomiorun.com\/fr\/#website"},"primaryImageOfPage":{"@id":"https:\/\/www.miomiorun.com\/fr\/produit\/warm-longsleeved-homme\/#primaryimage"},"image":{"@id":"https:\/\/www.miomiorun.com\/fr\/produit\/warm-longsleeved-homme\/#primaryimage"},"thumbnailUrl":"https:\/\/www.miomiorun.com\/app\/uploads\/2024\/03\/falke-M-longsleeved-black-39611-3000.webp","datePublished":"2023-11-02T13:07:44+00:00","dateModified":"2025-06-18T10:33:09+00:00","description":"Le maillot \u00e0 manches longues ajust\u00e9 garde le corps au chaud et au sec par temp\u00e9ratures douces\/froides \u00e0 des niveaux d'activit\u00e9 \u00e9lev\u00e9s.","breadcrumb":{"@id":"https:\/\/www.miomiorun.com\/fr\/produit\/warm-longsleeved-homme\/#breadcrumb"},"inLanguage":"fr-FR","potentialAction":[{"@type":"ReadAction","target":["https:\/\/www.miomiorun.com\/fr\/produit\/warm-longsleeved-homme\/"]}]},{"@type":"ImageObject","inLanguage":"fr-FR","@id":"https:\/\/www.miomiorun.com\/fr\/produit\/warm-longsleeved-homme\/#primaryimage","url":"https:\/\/www.miomiorun.com\/app\/uploads\/2024\/03\/falke-M-longsleeved-black-39611-3000.webp","contentUrl":"https:\/\/www.miomiorun.com\/app\/uploads\/2024\/03\/falke-M-longsleeved-black-39611-3000.webp","width":600,"height":600,"caption":"falke M longsleeved black 39611 3000"},{"@type":"BreadcrumbList","@id":"https:\/\/www.miomiorun.com\/fr\/produit\/warm-longsleeved-homme\/#breadcrumb","itemListElement":[{"@type":"ListItem","position":1,"name":"Home","item":"https:\/\/www.miomiorun.com\/fr\/home-page\/"},{"@type":"ListItem","position":2,"name":"Shop","item":"https:\/\/www.miomiorun.com\/shop\/"},{"@type":"ListItem","position":3,"name":"Warm Longsleeved homme"}]},{"@type":"WebSite","@id":"https:\/\/www.miomiorun.com\/fr\/#website","url":"https:\/\/www.miomiorun.com\/fr\/","name":"MioMioRun","description":"Boutique 100% running et trail","publisher":{"@id":"https:\/\/www.miomiorun.com\/fr\/#organization"},"potentialAction":[{"@type":"SearchAction","target":{"@type":"EntryPoint","urlTemplate":"https:\/\/www.miomiorun.com\/fr\/?s={search_term_string}"},"query-input":{"@type":"PropertyValueSpecification","valueRequired":true,"valueName":"search_term_string"}}],"inLanguage":"fr-FR"},{"@type":"Organization","@id":"https:\/\/www.miomiorun.com\/fr\/#organization","name":"MioMio Run","url":"https:\/\/www.miomiorun.com\/fr\/","logo":{"@type":"ImageObject","inLanguage":"fr-FR","@id":"https:\/\/www.miomiorun.com\/fr\/#\/schema\/logo\/image\/","url":"https:\/\/www.miomiorun.com\/app\/uploads\/2019\/12\/logomio.png","contentUrl":"https:\/\/www.miomiorun.com\/app\/uploads\/2019\/12\/logomio.png","width":115,"height":82,"caption":"MioMio Run"},"image":{"@id":"https:\/\/www.miomiorun.com\/fr\/#\/schema\/logo\/image\/"},"sameAs":["https:\/\/www.facebook.com\/miomiorun\/","https:\/\/www.instagram.com\/miomiorun\/"]}]}},"_links":{"self":[{"href":"https:\/\/www.miomiorun.com\/fr\/wp-json\/wp\/v2\/product\/288338","targetHints":{"allow":["GET"]}}],"collection":[{"href":"https:\/\/www.miomiorun.com\/fr\/wp-json\/wp\/v2\/product"}],"about":[{"href":"https:\/\/www.miomiorun.com\/fr\/wp-json\/wp\/v2\/types\/product"}],"wp:featuredmedia":[{"embeddable":true,"href":"https:\/\/www.miomiorun.com\/fr\/wp-json\/wp\/v2\/media\/246062"}],"wp:attachment":[{"href":"https:\/\/www.miomiorun.com\/fr\/wp-json\/wp\/v2\/media?parent=288338"}],"wp:term":[{"taxonomy":"product_brand","embeddable":true,"href":"https:\/\/www.miomiorun.com\/fr\/wp-json\/wp\/v2\/product_brand?post=288338"},{"taxonomy":"product_cat","embeddable":true,"href":"https:\/\/www.miomiorun.com\/fr\/wp-json\/wp\/v2\/product_cat?post=288338"},{"taxonomy":"product_tag","embeddable":true,"href":"https:\/\/www.miomiorun.com\/fr\/wp-json\/wp\/v2\/product_tag?post=288338"}],"curies":[{"name":"wp","href":"https:\/\/api.w.org\/{rel}","templated":true}]}}