{"id":288331,"date":"2023-11-02T14:37:33","date_gmt":"2023-11-02T13:37:33","guid":{"rendered":"https:\/\/miomiorun.com\/prodotto\/t-shirt-ultralight-cool-donna\/"},"modified":"2025-06-18T12:27:52","modified_gmt":"2025-06-18T10:27:52","slug":"t-shirt-ultralight-cool-femme","status":"publish","type":"product","link":"https:\/\/www.miomiorun.com\/fr\/produit\/t-shirt-ultralight-cool-femme\/","title":{"rendered":"T-Shirt Ultralight Cool femme"},"content":{"rendered":"<div class=\"vc-row container\"><div class=\"vc-column\"><div class=\"vc-column-text\"><\/p>\n<div class=\"tab-custom-inner-max content-wysiwyg\"><\/div>\n<div class=\"tab-custom-inner-max content-wysiwyg\">\n<div class=\"product-line\">\n<p>Ce sous-v\u00eatement fonctionnel est con\u00e7u pour vous faire \u00e9conomiser de l&#8217;\u00e9nergie lors des entra\u00eenements les plus difficiles. Le sous-v\u00eatement fonctionnel <strong>Ultralight Cool<\/strong> aide le corps \u00e0 maintenir sa temp\u00e9rature basse, ce qui vous permet d&#8217;utiliser toute votre \u00e9nergie pour le sport. Le polyamide recycl\u00e9 \u00e9vacue l&#8217;humidit\u00e9 du corps et s\u00e8che rapidement, ce qui vous donne une sensation de fra\u00eecheur, de s\u00e9cheresse et de confort \u00e0 tout moment. Gr\u00e2ce \u00e0 la coupe anatomique et \u00e0 la technique de tricotage sans couture, le sous-v\u00eatement s&#8217;adapte parfaitement au corps et offre un soutien optimal pendant le sport.<\/p>\n<p><strong>Caract\u00e9ristiques :<\/strong><\/p>\n<ul>\n<li class=\"product-features-new__item\">Convient aux temp\u00e9ratures chaudes \u00e0 tr\u00e8s chaudes<\/li>\n<li class=\"product-features-new__item\">Extr\u00eamement l\u00e9ger : moins de 50 grammes<\/li>\n<li class=\"product-features-new__item\">100% polyamide recycl\u00e9 &#8211; Un choix conscient sans compromis sur la l\u00e9g\u00e8ret\u00e9, la r\u00e9sistance et la durabilit\u00e9<\/li>\n<li class=\"product-features-new__item\">Construction en polyamide recycl\u00e9 respirant et \u00e0 s\u00e9chage rapide pour une sensation de fra\u00eecheur, de s\u00e9cheresse et de confort \u00e0 tout moment.<\/li>\n<li class=\"product-features-new__item\">Tricotage anatomique pour une libert\u00e9 de mouvement maximale pendant le sport<\/li>\n<li class=\"product-features-new__item\">Convient aux activit\u00e9s de haute intensit\u00e9<\/li>\n<li class=\"product-features-new__item\">Ajustement serr\u00e9<\/li>\n<\/ul>\n<h3>Fonctionnalit\u00e9<\/h3>\n<div id=\"tab-technology\" class=\"tab-pane active\" role=\"tabpanel\">\n<div class=\"tab-custom\">\n<div class=\"tab-items\">\n<div class=\"row\">\n<div class=\"col-xs-12 col-sm-4\">\n<div class=\"tab-item\">\n<div class=\"media media-md\">\n<div class=\"media-left\">\n<ul class=\"product-functional-symbols-new\">\n<li class=\"product-functional-symbols-new__symbol\"><img loading=\"lazy\" decoding=\"async\" class=\"product-functional-symbols-new__image\" src=\"https:\/\/www.falke.com\/it_it\/b3b39c9b226f78e769a04f89f68a6ddf4576fbbb\/assets\/base\/staticImages\/functionalsymbols\/icon_schnellste_ruecktrocknung.svg\" alt=\"\" width=\"50\" height=\"50\" \/>\n<div class=\"product-functional-symbols-new__content\">\n<p class=\"product-functional-symbols-new__content-name\"><strong>S\u00e9chage plus rapide<\/strong><\/p>\n<p class=\"product-functional-symbols-new__content-description\">mat\u00e9riau \u00e0 s\u00e9chage rapide<\/p>\n<\/div>\n<\/li>\n<li class=\"product-functional-symbols-new__symbol\"><img loading=\"lazy\" decoding=\"async\" class=\"product-functional-symbols-new__image\" src=\"https:\/\/www.falke.com\/it_it\/b3b39c9b226f78e769a04f89f68a6ddf4576fbbb\/assets\/base\/staticImages\/functionalsymbols\/icon_cooling-effect.svg\" alt=\"\" width=\"50\" height=\"50\" \/>\n<div class=\"product-functional-symbols-new__content\">\n<p class=\"product-functional-symbols-new__content-name\"><strong>Effet rafra\u00eechissant<\/strong><\/p>\n<p class=\"product-functional-symbols-new__content-description\">Assure une temp\u00e9rature optimale.<\/p>\n<\/div>\n<\/li>\n<li class=\"product-functional-symbols-new__symbol\"><img loading=\"lazy\" decoding=\"async\" class=\"product-functional-symbols-new__image\" src=\"https:\/\/www.falke.com\/it_it\/b3b39c9b226f78e769a04f89f68a6ddf4576fbbb\/assets\/base\/staticImages\/functionalsymbols\/icon_feuchtigkeitsregulierend.svg\" alt=\"\" width=\"50\" height=\"50\" \/>\n<div class=\"product-functional-symbols-new__content\">\n<p class=\"product-functional-symbols-new__content-name\"><strong>R\u00e9gule l&#8217;humidit\u00e9<\/strong><\/p>\n<p class=\"product-functional-symbols-new__content-description\">Sensation unique de s\u00e9cheresse sur la peau gr\u00e2ce \u00e0 sa capacit\u00e9 d&#8217;absorption de l&#8217;humidit\u00e9.<\/p>\n<\/div>\n<\/li>\n<li class=\"product-functional-symbols-new__symbol\"><img loading=\"lazy\" decoding=\"async\" class=\"product-functional-symbols-new__image\" src=\"https:\/\/www.falke.com\/it_it\/b3b39c9b226f78e769a04f89f68a6ddf4576fbbb\/assets\/base\/staticImages\/functionalsymbols\/icon_cool.svg\" alt=\"\" width=\"50\" height=\"50\" \/>\n<div class=\"product-functional-symbols-new__content\">\n<p class=\"product-functional-symbols-new__content-name\"><strong>Protection contre les temp\u00e9ratures ext\u00e9rieures douces\/chaudes<\/strong><\/p>\n<p class=\"product-functional-symbols-new__content-description\">Transport optimal de l&#8217;humidit\u00e9 et effet rafra\u00eechissant.<\/p>\n<\/div>\n<\/li>\n<\/ul>\n<\/div>\n<\/div>\n<\/div>\n<\/div>\n<\/div>\n<\/div>\n<\/div>\n<\/div>\n<\/div>\n<\/div>\n<p><\/div><\/div><\/div>\n","protected":false},"excerpt":{"rendered":"<ul>\n<li class=\"product-features-new__item\">Convient aux temp\u00e9ratures chaudes \u00e0 tr\u00e8s chaudes<\/li>\n<li class=\"product-features-new__item\">Extr\u00eamement l\u00e9ger<\/li>\n<\/ul>\n","protected":false},"featured_media":246328,"template":"","meta":{"_acf_changed":false,"inline_featured_image":false},"product_brand":[],"product_cat":[22600,22604,22596,22595],"product_tag":[23482,23493],"class_list":{"0":"post-288331","1":"product","2":"type-product","3":"status-publish","4":"has-post-thumbnail","6":"product_cat-sous-vetements","7":"product_cat-t-shirt","8":"product_cat-vetements-pour-femmes","9":"product_cat-femme","10":"product_tag-falke-fr","11":"product_tag-falke-femme","12":"pa_attivita-marcher","13":"pa_attivita-outdoor-fr","14":"pa_attivita-running-fr","15":"pa_attivita-trail-fr","16":"pa_marca-falke-fr","17":"pa_sesso-femme","18":"pa_size-extra-small-fr","19":"pa_size-small-fr","20":"pa_size-medium-fr","22":"first","23":"instock","24":"sale","25":"taxable","26":"shipping-taxable","27":"purchasable","28":"product-type-variable","29":"wvs-archive-product-wrapper"},"acf":[],"yoast_head":"<!-- This site is optimized with the Yoast SEO plugin v26.8 - https:\/\/yoast.com\/product\/yoast-seo-wordpress\/ -->\n<title>FalkeT-Shirt Ultralight Cool femme - T-shirt sous-v\u00eatements- MioMioRun<\/title>\n<meta name=\"description\" content=\"Les sous-v\u00eatements fonctionnels Ultralight Cool aident le corps \u00e0 maintenir sa temp\u00e9rature \u00e0 un niveau bas, ce qui vous permet d&#039;utiliser toute votre \u00e9nergie pour le sport.\" \/>\n<meta name=\"robots\" content=\"index, follow, max-snippet:-1, max-image-preview:large, max-video-preview:-1\" \/>\n<link rel=\"canonical\" href=\"https:\/\/www.miomiorun.com\/fr\/produit\/t-shirt-ultralight-cool-femme\/\" \/>\n<meta property=\"og:locale\" content=\"fr_FR\" \/>\n<meta property=\"og:type\" content=\"article\" \/>\n<meta property=\"og:title\" content=\"FalkeT-Shirt Ultralight Cool femme - T-shirt sous-v\u00eatements- MioMioRun\" \/>\n<meta property=\"og:description\" content=\"Les sous-v\u00eatements fonctionnels Ultralight Cool aident le corps \u00e0 maintenir sa temp\u00e9rature \u00e0 un niveau bas, ce qui vous permet d&#039;utiliser toute votre \u00e9nergie pour le sport.\" \/>\n<meta property=\"og:url\" content=\"https:\/\/www.miomiorun.com\/fr\/produit\/t-shirt-ultralight-cool-femme\/\" \/>\n<meta property=\"og:site_name\" content=\"MioMioRun\" \/>\n<meta property=\"article:publisher\" content=\"https:\/\/www.facebook.com\/miomiorun\/\" \/>\n<meta property=\"article:modified_time\" content=\"2025-06-18T10:27:52+00:00\" \/>\n<meta property=\"og:image\" content=\"https:\/\/www.miomiorun.com\/app\/uploads\/2023\/11\/falke-Maglietta-W-cool-white-33271-2860.webp\" \/>\n\t<meta property=\"og:image:width\" content=\"600\" \/>\n\t<meta property=\"og:image:height\" content=\"600\" \/>\n\t<meta property=\"og:image:type\" content=\"image\/webp\" \/>\n<meta name=\"twitter:card\" content=\"summary_large_image\" \/>\n<meta name=\"twitter:label1\" content=\"Est. reading time\" \/>\n\t<meta name=\"twitter:data1\" content=\"1 minute\" \/>\n<script type=\"application\/ld+json\" class=\"yoast-schema-graph\">{\"@context\":\"https:\/\/schema.org\",\"@graph\":[{\"@type\":\"WebPage\",\"@id\":\"https:\/\/www.miomiorun.com\/fr\/produit\/t-shirt-ultralight-cool-femme\/\",\"url\":\"https:\/\/www.miomiorun.com\/fr\/produit\/t-shirt-ultralight-cool-femme\/\",\"name\":\"FalkeT-Shirt Ultralight Cool femme - T-shirt sous-v\u00eatements- MioMioRun\",\"isPartOf\":{\"@id\":\"https:\/\/www.miomiorun.com\/fr\/#website\"},\"primaryImageOfPage\":{\"@id\":\"https:\/\/www.miomiorun.com\/fr\/produit\/t-shirt-ultralight-cool-femme\/#primaryimage\"},\"image\":{\"@id\":\"https:\/\/www.miomiorun.com\/fr\/produit\/t-shirt-ultralight-cool-femme\/#primaryimage\"},\"thumbnailUrl\":\"https:\/\/www.miomiorun.com\/app\/uploads\/2023\/11\/falke-Maglietta-W-cool-white-33271-2860.webp\",\"datePublished\":\"2023-11-02T13:37:33+00:00\",\"dateModified\":\"2025-06-18T10:27:52+00:00\",\"description\":\"Les sous-v\u00eatements fonctionnels Ultralight Cool aident le corps \u00e0 maintenir sa temp\u00e9rature \u00e0 un niveau bas, ce qui vous permet d'utiliser toute votre \u00e9nergie pour le sport.\",\"breadcrumb\":{\"@id\":\"https:\/\/www.miomiorun.com\/fr\/produit\/t-shirt-ultralight-cool-femme\/#breadcrumb\"},\"inLanguage\":\"fr-FR\",\"potentialAction\":[{\"@type\":\"ReadAction\",\"target\":[\"https:\/\/www.miomiorun.com\/fr\/produit\/t-shirt-ultralight-cool-femme\/\"]}]},{\"@type\":\"ImageObject\",\"inLanguage\":\"fr-FR\",\"@id\":\"https:\/\/www.miomiorun.com\/fr\/produit\/t-shirt-ultralight-cool-femme\/#primaryimage\",\"url\":\"https:\/\/www.miomiorun.com\/app\/uploads\/2023\/11\/falke-Maglietta-W-cool-white-33271-2860.webp\",\"contentUrl\":\"https:\/\/www.miomiorun.com\/app\/uploads\/2023\/11\/falke-Maglietta-W-cool-white-33271-2860.webp\",\"width\":600,\"height\":600,\"caption\":\"falke Maglietta W cool white 33271 2860\"},{\"@type\":\"BreadcrumbList\",\"@id\":\"https:\/\/www.miomiorun.com\/fr\/produit\/t-shirt-ultralight-cool-femme\/#breadcrumb\",\"itemListElement\":[{\"@type\":\"ListItem\",\"position\":1,\"name\":\"Home\",\"item\":\"https:\/\/www.miomiorun.com\/fr\/home-page\/\"},{\"@type\":\"ListItem\",\"position\":2,\"name\":\"Shop\",\"item\":\"https:\/\/www.miomiorun.com\/shop\/\"},{\"@type\":\"ListItem\",\"position\":3,\"name\":\"T-Shirt Ultralight Cool femme\"}]},{\"@type\":\"WebSite\",\"@id\":\"https:\/\/www.miomiorun.com\/fr\/#website\",\"url\":\"https:\/\/www.miomiorun.com\/fr\/\",\"name\":\"MioMioRun\",\"description\":\"Boutique 100% running et trail\",\"publisher\":{\"@id\":\"https:\/\/www.miomiorun.com\/fr\/#organization\"},\"potentialAction\":[{\"@type\":\"SearchAction\",\"target\":{\"@type\":\"EntryPoint\",\"urlTemplate\":\"https:\/\/www.miomiorun.com\/fr\/?s={search_term_string}\"},\"query-input\":{\"@type\":\"PropertyValueSpecification\",\"valueRequired\":true,\"valueName\":\"search_term_string\"}}],\"inLanguage\":\"fr-FR\"},{\"@type\":\"Organization\",\"@id\":\"https:\/\/www.miomiorun.com\/fr\/#organization\",\"name\":\"MioMio Run\",\"url\":\"https:\/\/www.miomiorun.com\/fr\/\",\"logo\":{\"@type\":\"ImageObject\",\"inLanguage\":\"fr-FR\",\"@id\":\"https:\/\/www.miomiorun.com\/fr\/#\/schema\/logo\/image\/\",\"url\":\"https:\/\/www.miomiorun.com\/app\/uploads\/2019\/12\/logomio.png\",\"contentUrl\":\"https:\/\/www.miomiorun.com\/app\/uploads\/2019\/12\/logomio.png\",\"width\":115,\"height\":82,\"caption\":\"MioMio Run\"},\"image\":{\"@id\":\"https:\/\/www.miomiorun.com\/fr\/#\/schema\/logo\/image\/\"},\"sameAs\":[\"https:\/\/www.facebook.com\/miomiorun\/\",\"https:\/\/www.instagram.com\/miomiorun\/\"]}]}<\/script>\n<!-- \/ Yoast SEO plugin. -->","yoast_head_json":{"title":"FalkeT-Shirt Ultralight Cool femme - T-shirt sous-v\u00eatements- MioMioRun","description":"Les sous-v\u00eatements fonctionnels Ultralight Cool aident le corps \u00e0 maintenir sa temp\u00e9rature \u00e0 un niveau bas, ce qui vous permet d'utiliser toute votre \u00e9nergie pour le sport.","robots":{"index":"index","follow":"follow","max-snippet":"max-snippet:-1","max-image-preview":"max-image-preview:large","max-video-preview":"max-video-preview:-1"},"canonical":"https:\/\/www.miomiorun.com\/fr\/produit\/t-shirt-ultralight-cool-femme\/","og_locale":"fr_FR","og_type":"article","og_title":"FalkeT-Shirt Ultralight Cool femme - T-shirt sous-v\u00eatements- MioMioRun","og_description":"Les sous-v\u00eatements fonctionnels Ultralight Cool aident le corps \u00e0 maintenir sa temp\u00e9rature \u00e0 un niveau bas, ce qui vous permet d'utiliser toute votre \u00e9nergie pour le sport.","og_url":"https:\/\/www.miomiorun.com\/fr\/produit\/t-shirt-ultralight-cool-femme\/","og_site_name":"MioMioRun","article_publisher":"https:\/\/www.facebook.com\/miomiorun\/","article_modified_time":"2025-06-18T10:27:52+00:00","og_image":[{"width":600,"height":600,"url":"https:\/\/www.miomiorun.com\/app\/uploads\/2023\/11\/falke-Maglietta-W-cool-white-33271-2860.webp","type":"image\/webp"}],"twitter_card":"summary_large_image","twitter_misc":{"Est. reading time":"1 minute"},"schema":{"@context":"https:\/\/schema.org","@graph":[{"@type":"WebPage","@id":"https:\/\/www.miomiorun.com\/fr\/produit\/t-shirt-ultralight-cool-femme\/","url":"https:\/\/www.miomiorun.com\/fr\/produit\/t-shirt-ultralight-cool-femme\/","name":"FalkeT-Shirt Ultralight Cool femme - T-shirt sous-v\u00eatements- MioMioRun","isPartOf":{"@id":"https:\/\/www.miomiorun.com\/fr\/#website"},"primaryImageOfPage":{"@id":"https:\/\/www.miomiorun.com\/fr\/produit\/t-shirt-ultralight-cool-femme\/#primaryimage"},"image":{"@id":"https:\/\/www.miomiorun.com\/fr\/produit\/t-shirt-ultralight-cool-femme\/#primaryimage"},"thumbnailUrl":"https:\/\/www.miomiorun.com\/app\/uploads\/2023\/11\/falke-Maglietta-W-cool-white-33271-2860.webp","datePublished":"2023-11-02T13:37:33+00:00","dateModified":"2025-06-18T10:27:52+00:00","description":"Les sous-v\u00eatements fonctionnels Ultralight Cool aident le corps \u00e0 maintenir sa temp\u00e9rature \u00e0 un niveau bas, ce qui vous permet d'utiliser toute votre \u00e9nergie pour le sport.","breadcrumb":{"@id":"https:\/\/www.miomiorun.com\/fr\/produit\/t-shirt-ultralight-cool-femme\/#breadcrumb"},"inLanguage":"fr-FR","potentialAction":[{"@type":"ReadAction","target":["https:\/\/www.miomiorun.com\/fr\/produit\/t-shirt-ultralight-cool-femme\/"]}]},{"@type":"ImageObject","inLanguage":"fr-FR","@id":"https:\/\/www.miomiorun.com\/fr\/produit\/t-shirt-ultralight-cool-femme\/#primaryimage","url":"https:\/\/www.miomiorun.com\/app\/uploads\/2023\/11\/falke-Maglietta-W-cool-white-33271-2860.webp","contentUrl":"https:\/\/www.miomiorun.com\/app\/uploads\/2023\/11\/falke-Maglietta-W-cool-white-33271-2860.webp","width":600,"height":600,"caption":"falke Maglietta W cool white 33271 2860"},{"@type":"BreadcrumbList","@id":"https:\/\/www.miomiorun.com\/fr\/produit\/t-shirt-ultralight-cool-femme\/#breadcrumb","itemListElement":[{"@type":"ListItem","position":1,"name":"Home","item":"https:\/\/www.miomiorun.com\/fr\/home-page\/"},{"@type":"ListItem","position":2,"name":"Shop","item":"https:\/\/www.miomiorun.com\/shop\/"},{"@type":"ListItem","position":3,"name":"T-Shirt Ultralight Cool femme"}]},{"@type":"WebSite","@id":"https:\/\/www.miomiorun.com\/fr\/#website","url":"https:\/\/www.miomiorun.com\/fr\/","name":"MioMioRun","description":"Boutique 100% running et trail","publisher":{"@id":"https:\/\/www.miomiorun.com\/fr\/#organization"},"potentialAction":[{"@type":"SearchAction","target":{"@type":"EntryPoint","urlTemplate":"https:\/\/www.miomiorun.com\/fr\/?s={search_term_string}"},"query-input":{"@type":"PropertyValueSpecification","valueRequired":true,"valueName":"search_term_string"}}],"inLanguage":"fr-FR"},{"@type":"Organization","@id":"https:\/\/www.miomiorun.com\/fr\/#organization","name":"MioMio Run","url":"https:\/\/www.miomiorun.com\/fr\/","logo":{"@type":"ImageObject","inLanguage":"fr-FR","@id":"https:\/\/www.miomiorun.com\/fr\/#\/schema\/logo\/image\/","url":"https:\/\/www.miomiorun.com\/app\/uploads\/2019\/12\/logomio.png","contentUrl":"https:\/\/www.miomiorun.com\/app\/uploads\/2019\/12\/logomio.png","width":115,"height":82,"caption":"MioMio Run"},"image":{"@id":"https:\/\/www.miomiorun.com\/fr\/#\/schema\/logo\/image\/"},"sameAs":["https:\/\/www.facebook.com\/miomiorun\/","https:\/\/www.instagram.com\/miomiorun\/"]}]}},"_links":{"self":[{"href":"https:\/\/www.miomiorun.com\/fr\/wp-json\/wp\/v2\/product\/288331","targetHints":{"allow":["GET"]}}],"collection":[{"href":"https:\/\/www.miomiorun.com\/fr\/wp-json\/wp\/v2\/product"}],"about":[{"href":"https:\/\/www.miomiorun.com\/fr\/wp-json\/wp\/v2\/types\/product"}],"wp:featuredmedia":[{"embeddable":true,"href":"https:\/\/www.miomiorun.com\/fr\/wp-json\/wp\/v2\/media\/246328"}],"wp:attachment":[{"href":"https:\/\/www.miomiorun.com\/fr\/wp-json\/wp\/v2\/media?parent=288331"}],"wp:term":[{"taxonomy":"product_brand","embeddable":true,"href":"https:\/\/www.miomiorun.com\/fr\/wp-json\/wp\/v2\/product_brand?post=288331"},{"taxonomy":"product_cat","embeddable":true,"href":"https:\/\/www.miomiorun.com\/fr\/wp-json\/wp\/v2\/product_cat?post=288331"},{"taxonomy":"product_tag","embeddable":true,"href":"https:\/\/www.miomiorun.com\/fr\/wp-json\/wp\/v2\/product_tag?post=288331"}],"curies":[{"name":"wp","href":"https:\/\/api.w.org\/{rel}","templated":true}]}}