{"id":288299,"date":"2023-11-02T15:04:02","date_gmt":"2023-11-02T14:04:02","guid":{"rendered":"https:\/\/miomiorun.com\/prodotto\/singlet-ultralight-cool-uomo\/"},"modified":"2025-06-18T15:55:10","modified_gmt":"2025-06-18T13:55:10","slug":"singlet-ultralight-cool-homme","status":"publish","type":"product","link":"https:\/\/www.miomiorun.com\/fr\/produit\/singlet-ultralight-cool-homme\/","title":{"rendered":"Singlet Ultralight Cool homme"},"content":{"rendered":"<p id=\"tw-target-text\" class=\"tw-data-text tw-text-large XcVN5d tw-ta\" dir=\"ltr\" data-placeholder=\"Traduzione\">Ce sous-v\u00eatement fonctionnel est con\u00e7u pour vous faire \u00e9conomiser de l&#8217;\u00e9nergie lors des entra\u00eenements les plus difficiles. Le sous-v\u00eatement fonctionnel <strong>Ultralight Cool<\/strong> aide le corps \u00e0 maintenir sa temp\u00e9rature basse, ce qui vous permet d&#8217;utiliser toute votre \u00e9nergie pour le sport. Le polyamide recycl\u00e9 \u00e9vacue l&#8217;humidit\u00e9 du corps et s\u00e8che rapidement, ce qui vous donne une sensation de fra\u00eecheur, de s\u00e9cheresse et de confort \u00e0 tout moment. Gr\u00e2ce \u00e0 la coupe anatomique et \u00e0 la technique de tricotage sans couture, le sous-v\u00eatement s&#8217;adapte parfaitement au corps et offre un soutien optimal pendant le sport.<\/p>\n<h3 dir=\"ltr\" data-placeholder=\"Traduzione\">Caract\u00e9ristiques :<\/h3>\n<ul class=\"product-features-new__list\">\n<li class=\"product-features-new__item\">Convient aux temp\u00e9ratures chaudes \u00e0 tr\u00e8s chaudes<\/li>\n<li class=\"product-features-new__item\">Extr\u00eamement l\u00e9ger : moins de 50 grammes<\/li>\n<li class=\"product-features-new__item\">100% polyamide recycl\u00e9 &#8211; Un choix conscient sans compromis sur la l\u00e9g\u00e8ret\u00e9, la r\u00e9sistance et la durabilit\u00e9<\/li>\n<li class=\"product-features-new__item\">Le polyamide garantit le transport de l&#8217;humidit\u00e9<\/li>\n<li class=\"product-features-new__item\">Tricotage anatomique pour une libert\u00e9 de mouvement maximale pendant le sport<\/li>\n<li class=\"product-features-new__item\">Convient aux activit\u00e9s de faible et de forte intensit\u00e9<\/li>\n<li class=\"product-features-new__item\">Ajustement serr\u00e9<\/li>\n<\/ul>\n<p><strong>Fonctionnalit\u00e9 :<\/strong><\/p>\n<ul class=\"product-functional-symbols-new\">\n<li class=\"product-functional-symbols-new__symbol\"><img loading=\"lazy\" decoding=\"async\" class=\"product-functional-symbols-new__image\" src=\"https:\/\/www.falke.com\/it_it\/b3b39c9b226f78e769a04f89f68a6ddf4576fbbb\/assets\/base\/staticImages\/functionalsymbols\/icon_schnellste_ruecktrocknung.svg\" alt=\"\" width=\"50\" height=\"50\" \/>\n<div class=\"product-functional-symbols-new__content\">\n<p class=\"product-functional-symbols-new__content-name\"><strong>S\u00e9chage plus rapide<\/strong><\/p>\n<p class=\"product-functional-symbols-new__content-description\">mat\u00e9riau \u00e0 s\u00e9chage rapide<\/p>\n<\/div>\n<\/li>\n<li class=\"product-functional-symbols-new__symbol\"><img loading=\"lazy\" decoding=\"async\" class=\"product-functional-symbols-new__image\" src=\"https:\/\/www.falke.com\/it_it\/b3b39c9b226f78e769a04f89f68a6ddf4576fbbb\/assets\/base\/staticImages\/functionalsymbols\/icon_cooling-effect.svg\" alt=\"\" width=\"50\" height=\"50\" \/>\n<div class=\"product-functional-symbols-new__content\">\n<p class=\"product-functional-symbols-new__content-name\"><strong>Effet rafra\u00eechissant<\/strong><\/p>\n<p class=\"product-functional-symbols-new__content-description\">Assure une temp\u00e9rature optimale.<\/p>\n<\/div>\n<\/li>\n<li class=\"product-functional-symbols-new__symbol\"><img loading=\"lazy\" decoding=\"async\" class=\"product-functional-symbols-new__image\" src=\"https:\/\/www.falke.com\/it_it\/b3b39c9b226f78e769a04f89f68a6ddf4576fbbb\/assets\/base\/staticImages\/functionalsymbols\/icon_feuchtigkeitsregulierend.svg\" alt=\"\" width=\"50\" height=\"50\" \/>\n<div class=\"product-functional-symbols-new__content\">\n<p class=\"product-functional-symbols-new__content-name\"><strong>R\u00e9gule l&#8217;humidit\u00e9<\/strong><\/p>\n<p class=\"product-functional-symbols-new__content-description\">Sensation unique de s\u00e9cheresse sur la peau gr\u00e2ce \u00e0 sa capacit\u00e9 d&#8217;absorption de l&#8217;humidit\u00e9.<\/p>\n<\/div>\n<\/li>\n<li class=\"product-functional-symbols-new__symbol\"><img loading=\"lazy\" decoding=\"async\" class=\"product-functional-symbols-new__image\" src=\"https:\/\/www.falke.com\/it_it\/b3b39c9b226f78e769a04f89f68a6ddf4576fbbb\/assets\/base\/staticImages\/functionalsymbols\/icon_cool.svg\" alt=\"\" width=\"50\" height=\"50\" \/>\n<div class=\"product-functional-symbols-new__content\">\n<p class=\"product-functional-symbols-new__content-name\"><strong>Protection contre les temp\u00e9ratures ext\u00e9rieures douces\/chaudes<\/strong><\/p>\n<p class=\"product-functional-symbols-new__content-description\">Transport optimal de l&#8217;humidit\u00e9 et effet rafra\u00eechissant.<\/p>\n<\/div>\n<\/li>\n<\/ul>\n","protected":false},"excerpt":{"rendered":"<ul class=\"product-features-new__list\">\n<li class=\"product-features-new__item\">Convient aux temp\u00e9ratures chaudes \u00e0 tr\u00e8s chaudes<\/li>\n<li class=\"product-features-new__item\">Extr\u00eamement l\u00e9ger<\/li>\n<\/ul>\n","protected":false},"featured_media":244188,"template":"","meta":{"_acf_changed":false,"inline_featured_image":false},"product_brand":[],"product_cat":[24479,24482,24484],"product_tag":[23482,23606],"class_list":{"0":"post-288299","1":"product","2":"type-product","3":"status-publish","4":"has-post-thumbnail","6":"product_cat-sous-vetements-fr-2","7":"product_cat-vetements-pour-hommes-fr","8":"product_cat-homme","9":"product_tag-falke-fr","10":"product_tag-falke-homme","11":"pa_attivita-marcher","12":"pa_attivita-outdoor-fr","13":"pa_attivita-running-fr","14":"pa_attivita-trail-fr","15":"pa_colore-singlet-m-cool-white-fr","16":"pa_colore-singlet-m-cool-yve-fr","17":"pa_marca-falke-fr","18":"pa_sesso-homme","19":"pa_size-small-fr","20":"pa_size-medium-fr","21":"pa_size-large-fr","22":"pa_size-extra-large-fr","24":"first","25":"instock","26":"sale","27":"taxable","28":"shipping-taxable","29":"purchasable","30":"product-type-variable","31":"wvs-archive-product-wrapper"},"acf":[],"yoast_head":"<!-- This site is optimized with the Yoast SEO plugin v26.8 - https:\/\/yoast.com\/product\/yoast-seo-wordpress\/ -->\n<title>Falke Singlet Ultralight Cool homme - Sous-v\u00eatements - MioMioRun.com<\/title>\n<meta name=\"description\" content=\"Ultralight Cool aide le corps \u00e0 conserver sa temp\u00e9rature, ce qui vous permet d&#039;utiliser toute votre \u00e9nergie pour le sport.\" \/>\n<meta name=\"robots\" content=\"index, follow, max-snippet:-1, max-image-preview:large, max-video-preview:-1\" \/>\n<link rel=\"canonical\" href=\"https:\/\/www.miomiorun.com\/fr\/produit\/singlet-ultralight-cool-homme\/\" \/>\n<meta property=\"og:locale\" content=\"fr_FR\" \/>\n<meta property=\"og:type\" content=\"article\" \/>\n<meta property=\"og:title\" content=\"Falke Singlet Ultralight Cool homme - Sous-v\u00eatements - MioMioRun.com\" \/>\n<meta property=\"og:description\" content=\"Ultralight Cool aide le corps \u00e0 conserver sa temp\u00e9rature, ce qui vous permet d&#039;utiliser toute votre \u00e9nergie pour le sport.\" \/>\n<meta property=\"og:url\" content=\"https:\/\/www.miomiorun.com\/fr\/produit\/singlet-ultralight-cool-homme\/\" \/>\n<meta property=\"og:site_name\" content=\"MioMioRun\" \/>\n<meta property=\"article:publisher\" content=\"https:\/\/www.facebook.com\/miomiorun\/\" \/>\n<meta property=\"article:modified_time\" content=\"2025-06-18T13:55:10+00:00\" \/>\n<meta property=\"og:image\" content=\"https:\/\/www.miomiorun.com\/app\/uploads\/2023\/12\/falke-Singlet-M-cool-yve-22-33772-6714.jpg\" \/>\n\t<meta property=\"og:image:width\" content=\"600\" \/>\n\t<meta property=\"og:image:height\" content=\"600\" \/>\n\t<meta property=\"og:image:type\" content=\"image\/jpeg\" \/>\n<meta name=\"twitter:card\" content=\"summary_large_image\" \/>\n<meta name=\"twitter:label1\" content=\"Est. reading time\" \/>\n\t<meta name=\"twitter:data1\" content=\"1 minute\" \/>\n<script type=\"application\/ld+json\" class=\"yoast-schema-graph\">{\"@context\":\"https:\/\/schema.org\",\"@graph\":[{\"@type\":\"WebPage\",\"@id\":\"https:\/\/www.miomiorun.com\/fr\/produit\/singlet-ultralight-cool-homme\/\",\"url\":\"https:\/\/www.miomiorun.com\/fr\/produit\/singlet-ultralight-cool-homme\/\",\"name\":\"Falke Singlet Ultralight Cool homme - Sous-v\u00eatements - MioMioRun.com\",\"isPartOf\":{\"@id\":\"https:\/\/www.miomiorun.com\/fr\/#website\"},\"primaryImageOfPage\":{\"@id\":\"https:\/\/www.miomiorun.com\/fr\/produit\/singlet-ultralight-cool-homme\/#primaryimage\"},\"image\":{\"@id\":\"https:\/\/www.miomiorun.com\/fr\/produit\/singlet-ultralight-cool-homme\/#primaryimage\"},\"thumbnailUrl\":\"https:\/\/www.miomiorun.com\/app\/uploads\/2023\/12\/falke-Singlet-M-cool-yve-22-33772-6714.jpg\",\"datePublished\":\"2023-11-02T14:04:02+00:00\",\"dateModified\":\"2025-06-18T13:55:10+00:00\",\"description\":\"Ultralight Cool aide le corps \u00e0 conserver sa temp\u00e9rature, ce qui vous permet d'utiliser toute votre \u00e9nergie pour le sport.\",\"breadcrumb\":{\"@id\":\"https:\/\/www.miomiorun.com\/fr\/produit\/singlet-ultralight-cool-homme\/#breadcrumb\"},\"inLanguage\":\"fr-FR\",\"potentialAction\":[{\"@type\":\"ReadAction\",\"target\":[\"https:\/\/www.miomiorun.com\/fr\/produit\/singlet-ultralight-cool-homme\/\"]}]},{\"@type\":\"ImageObject\",\"inLanguage\":\"fr-FR\",\"@id\":\"https:\/\/www.miomiorun.com\/fr\/produit\/singlet-ultralight-cool-homme\/#primaryimage\",\"url\":\"https:\/\/www.miomiorun.com\/app\/uploads\/2023\/12\/falke-Singlet-M-cool-yve-22-33772-6714.jpg\",\"contentUrl\":\"https:\/\/www.miomiorun.com\/app\/uploads\/2023\/12\/falke-Singlet-M-cool-yve-22-33772-6714.jpg\",\"width\":600,\"height\":600,\"caption\":\"falke-Singlet-M-cool-yve-22-33772-6714\"},{\"@type\":\"BreadcrumbList\",\"@id\":\"https:\/\/www.miomiorun.com\/fr\/produit\/singlet-ultralight-cool-homme\/#breadcrumb\",\"itemListElement\":[{\"@type\":\"ListItem\",\"position\":1,\"name\":\"Home\",\"item\":\"https:\/\/www.miomiorun.com\/fr\/home-page\/\"},{\"@type\":\"ListItem\",\"position\":2,\"name\":\"Shop\",\"item\":\"https:\/\/www.miomiorun.com\/shop\/\"},{\"@type\":\"ListItem\",\"position\":3,\"name\":\"Singlet Ultralight Cool homme\"}]},{\"@type\":\"WebSite\",\"@id\":\"https:\/\/www.miomiorun.com\/fr\/#website\",\"url\":\"https:\/\/www.miomiorun.com\/fr\/\",\"name\":\"MioMioRun\",\"description\":\"Boutique 100% running et trail\",\"publisher\":{\"@id\":\"https:\/\/www.miomiorun.com\/fr\/#organization\"},\"potentialAction\":[{\"@type\":\"SearchAction\",\"target\":{\"@type\":\"EntryPoint\",\"urlTemplate\":\"https:\/\/www.miomiorun.com\/fr\/?s={search_term_string}\"},\"query-input\":{\"@type\":\"PropertyValueSpecification\",\"valueRequired\":true,\"valueName\":\"search_term_string\"}}],\"inLanguage\":\"fr-FR\"},{\"@type\":\"Organization\",\"@id\":\"https:\/\/www.miomiorun.com\/fr\/#organization\",\"name\":\"MioMio Run\",\"url\":\"https:\/\/www.miomiorun.com\/fr\/\",\"logo\":{\"@type\":\"ImageObject\",\"inLanguage\":\"fr-FR\",\"@id\":\"https:\/\/www.miomiorun.com\/fr\/#\/schema\/logo\/image\/\",\"url\":\"https:\/\/www.miomiorun.com\/app\/uploads\/2019\/12\/logomio.png\",\"contentUrl\":\"https:\/\/www.miomiorun.com\/app\/uploads\/2019\/12\/logomio.png\",\"width\":115,\"height\":82,\"caption\":\"MioMio Run\"},\"image\":{\"@id\":\"https:\/\/www.miomiorun.com\/fr\/#\/schema\/logo\/image\/\"},\"sameAs\":[\"https:\/\/www.facebook.com\/miomiorun\/\",\"https:\/\/www.instagram.com\/miomiorun\/\"]}]}<\/script>\n<!-- \/ Yoast SEO plugin. -->","yoast_head_json":{"title":"Falke Singlet Ultralight Cool homme - Sous-v\u00eatements - MioMioRun.com","description":"Ultralight Cool aide le corps \u00e0 conserver sa temp\u00e9rature, ce qui vous permet d'utiliser toute votre \u00e9nergie pour le sport.","robots":{"index":"index","follow":"follow","max-snippet":"max-snippet:-1","max-image-preview":"max-image-preview:large","max-video-preview":"max-video-preview:-1"},"canonical":"https:\/\/www.miomiorun.com\/fr\/produit\/singlet-ultralight-cool-homme\/","og_locale":"fr_FR","og_type":"article","og_title":"Falke Singlet Ultralight Cool homme - Sous-v\u00eatements - MioMioRun.com","og_description":"Ultralight Cool aide le corps \u00e0 conserver sa temp\u00e9rature, ce qui vous permet d'utiliser toute votre \u00e9nergie pour le sport.","og_url":"https:\/\/www.miomiorun.com\/fr\/produit\/singlet-ultralight-cool-homme\/","og_site_name":"MioMioRun","article_publisher":"https:\/\/www.facebook.com\/miomiorun\/","article_modified_time":"2025-06-18T13:55:10+00:00","og_image":[{"width":600,"height":600,"url":"https:\/\/www.miomiorun.com\/app\/uploads\/2023\/12\/falke-Singlet-M-cool-yve-22-33772-6714.jpg","type":"image\/jpeg"}],"twitter_card":"summary_large_image","twitter_misc":{"Est. reading time":"1 minute"},"schema":{"@context":"https:\/\/schema.org","@graph":[{"@type":"WebPage","@id":"https:\/\/www.miomiorun.com\/fr\/produit\/singlet-ultralight-cool-homme\/","url":"https:\/\/www.miomiorun.com\/fr\/produit\/singlet-ultralight-cool-homme\/","name":"Falke Singlet Ultralight Cool homme - Sous-v\u00eatements - MioMioRun.com","isPartOf":{"@id":"https:\/\/www.miomiorun.com\/fr\/#website"},"primaryImageOfPage":{"@id":"https:\/\/www.miomiorun.com\/fr\/produit\/singlet-ultralight-cool-homme\/#primaryimage"},"image":{"@id":"https:\/\/www.miomiorun.com\/fr\/produit\/singlet-ultralight-cool-homme\/#primaryimage"},"thumbnailUrl":"https:\/\/www.miomiorun.com\/app\/uploads\/2023\/12\/falke-Singlet-M-cool-yve-22-33772-6714.jpg","datePublished":"2023-11-02T14:04:02+00:00","dateModified":"2025-06-18T13:55:10+00:00","description":"Ultralight Cool aide le corps \u00e0 conserver sa temp\u00e9rature, ce qui vous permet d'utiliser toute votre \u00e9nergie pour le sport.","breadcrumb":{"@id":"https:\/\/www.miomiorun.com\/fr\/produit\/singlet-ultralight-cool-homme\/#breadcrumb"},"inLanguage":"fr-FR","potentialAction":[{"@type":"ReadAction","target":["https:\/\/www.miomiorun.com\/fr\/produit\/singlet-ultralight-cool-homme\/"]}]},{"@type":"ImageObject","inLanguage":"fr-FR","@id":"https:\/\/www.miomiorun.com\/fr\/produit\/singlet-ultralight-cool-homme\/#primaryimage","url":"https:\/\/www.miomiorun.com\/app\/uploads\/2023\/12\/falke-Singlet-M-cool-yve-22-33772-6714.jpg","contentUrl":"https:\/\/www.miomiorun.com\/app\/uploads\/2023\/12\/falke-Singlet-M-cool-yve-22-33772-6714.jpg","width":600,"height":600,"caption":"falke-Singlet-M-cool-yve-22-33772-6714"},{"@type":"BreadcrumbList","@id":"https:\/\/www.miomiorun.com\/fr\/produit\/singlet-ultralight-cool-homme\/#breadcrumb","itemListElement":[{"@type":"ListItem","position":1,"name":"Home","item":"https:\/\/www.miomiorun.com\/fr\/home-page\/"},{"@type":"ListItem","position":2,"name":"Shop","item":"https:\/\/www.miomiorun.com\/shop\/"},{"@type":"ListItem","position":3,"name":"Singlet Ultralight Cool homme"}]},{"@type":"WebSite","@id":"https:\/\/www.miomiorun.com\/fr\/#website","url":"https:\/\/www.miomiorun.com\/fr\/","name":"MioMioRun","description":"Boutique 100% running et trail","publisher":{"@id":"https:\/\/www.miomiorun.com\/fr\/#organization"},"potentialAction":[{"@type":"SearchAction","target":{"@type":"EntryPoint","urlTemplate":"https:\/\/www.miomiorun.com\/fr\/?s={search_term_string}"},"query-input":{"@type":"PropertyValueSpecification","valueRequired":true,"valueName":"search_term_string"}}],"inLanguage":"fr-FR"},{"@type":"Organization","@id":"https:\/\/www.miomiorun.com\/fr\/#organization","name":"MioMio Run","url":"https:\/\/www.miomiorun.com\/fr\/","logo":{"@type":"ImageObject","inLanguage":"fr-FR","@id":"https:\/\/www.miomiorun.com\/fr\/#\/schema\/logo\/image\/","url":"https:\/\/www.miomiorun.com\/app\/uploads\/2019\/12\/logomio.png","contentUrl":"https:\/\/www.miomiorun.com\/app\/uploads\/2019\/12\/logomio.png","width":115,"height":82,"caption":"MioMio Run"},"image":{"@id":"https:\/\/www.miomiorun.com\/fr\/#\/schema\/logo\/image\/"},"sameAs":["https:\/\/www.facebook.com\/miomiorun\/","https:\/\/www.instagram.com\/miomiorun\/"]}]}},"_links":{"self":[{"href":"https:\/\/www.miomiorun.com\/fr\/wp-json\/wp\/v2\/product\/288299","targetHints":{"allow":["GET"]}}],"collection":[{"href":"https:\/\/www.miomiorun.com\/fr\/wp-json\/wp\/v2\/product"}],"about":[{"href":"https:\/\/www.miomiorun.com\/fr\/wp-json\/wp\/v2\/types\/product"}],"wp:featuredmedia":[{"embeddable":true,"href":"https:\/\/www.miomiorun.com\/fr\/wp-json\/wp\/v2\/media\/244188"}],"wp:attachment":[{"href":"https:\/\/www.miomiorun.com\/fr\/wp-json\/wp\/v2\/media?parent=288299"}],"wp:term":[{"taxonomy":"product_brand","embeddable":true,"href":"https:\/\/www.miomiorun.com\/fr\/wp-json\/wp\/v2\/product_brand?post=288299"},{"taxonomy":"product_cat","embeddable":true,"href":"https:\/\/www.miomiorun.com\/fr\/wp-json\/wp\/v2\/product_cat?post=288299"},{"taxonomy":"product_tag","embeddable":true,"href":"https:\/\/www.miomiorun.com\/fr\/wp-json\/wp\/v2\/product_tag?post=288299"}],"curies":[{"name":"wp","href":"https:\/\/api.w.org\/{rel}","templated":true}]}}