{"id":288296,"date":"2023-11-02T15:21:39","date_gmt":"2023-11-02T14:21:39","guid":{"rendered":"https:\/\/miomiorun.com\/prodotto\/warm-longsleeved-donna\/"},"modified":"2025-06-18T15:56:29","modified_gmt":"2025-06-18T13:56:29","slug":"warm-longsleeved-femme","status":"publish","type":"product","link":"https:\/\/www.miomiorun.com\/fr\/produit\/warm-longsleeved-femme\/","title":{"rendered":"Warm Longsleeved femme"},"content":{"rendered":"<div class=\"tab-custom-inner-max content-wysiwyg\">Le maillot \u00e0 manches longues ajust\u00e9 maintient le corps au chaud et au sec par des temp\u00e9ratures douces\/froides \u00e0 des niveaux d&#8217;activit\u00e9 \u00e9lev\u00e9s. De plus, la combinaison de mat\u00e9riaux chauffants de haute qualit\u00e9 garantit une excellente gestion de l&#8217;humidit\u00e9 et de la chaleur. La coupe parfaite assure une libert\u00e9 de mouvement maximale gr\u00e2ce \u00e0 des zones flexibles aux \u00e9paules et aux coudes.<\/div>\n<div class=\"tab-custom-inner-max content-wysiwyg\">\n<div class=\"product-line\">\n<p><strong>Caract\u00e9ristiques :<\/strong><\/p>\n<ul>\n<li>Prot\u00e8ge contre les temp\u00e9ratures ext\u00e9rieures douces\/froides<\/li>\n<li>Maintient le corps au chaud et au sec en cas d&#8217;activit\u00e9 intense<\/li>\n<li>Gestion parfaite de l&#8217;humidit\u00e9 et de la chaleur gr\u00e2ce \u00e0 une construction \u00e0 deux couches<\/li>\n<li>Combinaison de mat\u00e9riaux chauffants de haute qualit\u00e9<\/li>\n<li>Maillot \u00e0 manches longues ajust\u00e9<\/li>\n<li>Ajustement parfait et libert\u00e9 de mouvement maximale gr\u00e2ce aux zones flexibles aux \u00e9paules et aux coudes<\/li>\n<\/ul>\n<h3>Fonctionnalit\u00e9 :<\/h3>\n<ul class=\"product-functional-symbols-new\">\n<li class=\"product-functional-symbols-new__symbol\"><img loading=\"lazy\" decoding=\"async\" class=\"product-functional-symbols-new__image\" src=\"https:\/\/www.falke.com\/it_it\/b3b39c9b226f78e769a04f89f68a6ddf4576fbbb\/assets\/base\/staticImages\/functionalsymbols\/icon_feuchtigkeitsregulierend.svg\" alt=\"\" width=\"50\" height=\"50\" \/>\n<div class=\"product-functional-symbols-new__content\">\n<p class=\"product-functional-symbols-new__content-name\"><strong>R\u00e9gule l&#8217;hydratation<\/strong><\/p>\n<p class=\"product-functional-symbols-new__content-description\">Sensation unique de s\u00e9cheresse sur la peau gr\u00e2ce \u00e0 sa capacit\u00e9 d&#8217;absorption de l&#8217;humidit\u00e9.<\/p>\n<\/div>\n<\/li>\n<li class=\"product-functional-symbols-new__symbol\"><img loading=\"lazy\" decoding=\"async\" class=\"product-functional-symbols-new__image\" src=\"https:\/\/www.falke.com\/it_it\/b3b39c9b226f78e769a04f89f68a6ddf4576fbbb\/assets\/base\/staticImages\/functionalsymbols\/icon_schnellste_ruecktrocknung.svg\" alt=\"\" width=\"50\" height=\"50\" \/>\n<div class=\"product-functional-symbols-new__content\">\n<p class=\"product-functional-symbols-new__content-name\"><strong>S\u00e9chage plus rapide<\/strong><\/p>\n<p class=\"product-functional-symbols-new__content-description\">mat\u00e9riau \u00e0 s\u00e9chage rapide<\/p>\n<\/div>\n<\/li>\n<\/ul>\n<ul>\n<li style=\"list-style-type: none;\"><\/li>\n<\/ul>\n<\/div>\n<\/div>\n","protected":false},"excerpt":{"rendered":"<ul>\n<li>Maintient le corps au chaud et au sec m\u00eame lors d&#8217;activit\u00e9s intenses.<\/li>\n<li>Gestion parfaite de l&#8217;humidit\u00e9 et de la chaleur gr\u00e2ce \u00e0 sa structure \u00e0 deux couches.<\/li>\n<\/ul>\n","protected":false},"featured_media":246066,"template":"","meta":{"_acf_changed":false,"inline_featured_image":false},"product_brand":[],"product_cat":[22600,22604,22596,22595],"product_tag":[23482,23493],"class_list":{"0":"post-288296","1":"product","2":"type-product","3":"status-publish","4":"has-post-thumbnail","6":"product_cat-sous-vetements","7":"product_cat-t-shirt","8":"product_cat-vetements-pour-femmes","9":"product_cat-femme","10":"product_tag-falke-fr","11":"product_tag-falke-femme","12":"pa_attivita-marcher","13":"pa_attivita-outdoor-fr","14":"pa_attivita-running-fr","15":"pa_attivita-trail-fr","16":"pa_marca-falke-fr","17":"pa_sesso-femme","18":"pa_size-extra-small-fr","19":"pa_size-small-fr","20":"pa_size-medium-fr","21":"pa_size-large-fr","23":"first","24":"instock","25":"sale","26":"taxable","27":"shipping-taxable","28":"purchasable","29":"product-type-variable","30":"wvs-archive-product-wrapper"},"acf":[],"yoast_head":"<!-- This site is optimized with the Yoast SEO plugin v26.8 - https:\/\/yoast.com\/product\/yoast-seo-wordpress\/ -->\n<title>Uyn Warm Longsleeved femme - T-shirt intime- MioMioRun.com<\/title>\n<meta name=\"description\" content=\"Le maillot \u00e0 manches longues ajust\u00e9 garde le corps au chaud et au sec par temp\u00e9ratures douces\/froides \u00e0 des niveaux d&#039;activit\u00e9 \u00e9lev\u00e9s.\" \/>\n<meta name=\"robots\" content=\"index, follow, max-snippet:-1, max-image-preview:large, max-video-preview:-1\" \/>\n<link rel=\"canonical\" href=\"https:\/\/www.miomiorun.com\/fr\/produit\/warm-longsleeved-femme\/\" \/>\n<meta property=\"og:locale\" content=\"fr_FR\" \/>\n<meta property=\"og:type\" content=\"article\" \/>\n<meta property=\"og:title\" content=\"Uyn Warm Longsleeved femme - T-shirt intime- MioMioRun.com\" \/>\n<meta property=\"og:description\" content=\"Le maillot \u00e0 manches longues ajust\u00e9 garde le corps au chaud et au sec par temp\u00e9ratures douces\/froides \u00e0 des niveaux d&#039;activit\u00e9 \u00e9lev\u00e9s.\" \/>\n<meta property=\"og:url\" content=\"https:\/\/www.miomiorun.com\/fr\/produit\/warm-longsleeved-femme\/\" \/>\n<meta property=\"og:site_name\" content=\"MioMioRun\" \/>\n<meta property=\"article:publisher\" content=\"https:\/\/www.facebook.com\/miomiorun\/\" \/>\n<meta property=\"article:modified_time\" content=\"2025-06-18T13:56:29+00:00\" \/>\n<meta property=\"og:image\" content=\"https:\/\/www.miomiorun.com\/app\/uploads\/2023\/11\/falke-W-longsleeved-black-39111-3000.webp\" \/>\n\t<meta property=\"og:image:width\" content=\"600\" \/>\n\t<meta property=\"og:image:height\" content=\"600\" \/>\n\t<meta property=\"og:image:type\" content=\"image\/webp\" \/>\n<meta name=\"twitter:card\" content=\"summary_large_image\" \/>\n<meta name=\"twitter:label1\" content=\"Est. reading time\" \/>\n\t<meta name=\"twitter:data1\" content=\"1 minute\" \/>\n<script type=\"application\/ld+json\" class=\"yoast-schema-graph\">{\"@context\":\"https:\/\/schema.org\",\"@graph\":[{\"@type\":\"WebPage\",\"@id\":\"https:\/\/www.miomiorun.com\/fr\/produit\/warm-longsleeved-femme\/\",\"url\":\"https:\/\/www.miomiorun.com\/fr\/produit\/warm-longsleeved-femme\/\",\"name\":\"Uyn Warm Longsleeved femme - T-shirt intime- MioMioRun.com\",\"isPartOf\":{\"@id\":\"https:\/\/www.miomiorun.com\/fr\/#website\"},\"primaryImageOfPage\":{\"@id\":\"https:\/\/www.miomiorun.com\/fr\/produit\/warm-longsleeved-femme\/#primaryimage\"},\"image\":{\"@id\":\"https:\/\/www.miomiorun.com\/fr\/produit\/warm-longsleeved-femme\/#primaryimage\"},\"thumbnailUrl\":\"https:\/\/www.miomiorun.com\/app\/uploads\/2023\/11\/falke-W-longsleeved-black-39111-3000.webp\",\"datePublished\":\"2023-11-02T14:21:39+00:00\",\"dateModified\":\"2025-06-18T13:56:29+00:00\",\"description\":\"Le maillot \u00e0 manches longues ajust\u00e9 garde le corps au chaud et au sec par temp\u00e9ratures douces\/froides \u00e0 des niveaux d'activit\u00e9 \u00e9lev\u00e9s.\",\"breadcrumb\":{\"@id\":\"https:\/\/www.miomiorun.com\/fr\/produit\/warm-longsleeved-femme\/#breadcrumb\"},\"inLanguage\":\"fr-FR\",\"potentialAction\":[{\"@type\":\"ReadAction\",\"target\":[\"https:\/\/www.miomiorun.com\/fr\/produit\/warm-longsleeved-femme\/\"]}]},{\"@type\":\"ImageObject\",\"inLanguage\":\"fr-FR\",\"@id\":\"https:\/\/www.miomiorun.com\/fr\/produit\/warm-longsleeved-femme\/#primaryimage\",\"url\":\"https:\/\/www.miomiorun.com\/app\/uploads\/2023\/11\/falke-W-longsleeved-black-39111-3000.webp\",\"contentUrl\":\"https:\/\/www.miomiorun.com\/app\/uploads\/2023\/11\/falke-W-longsleeved-black-39111-3000.webp\",\"width\":600,\"height\":600,\"caption\":\"falke W longsleeved black 39111 3000\"},{\"@type\":\"BreadcrumbList\",\"@id\":\"https:\/\/www.miomiorun.com\/fr\/produit\/warm-longsleeved-femme\/#breadcrumb\",\"itemListElement\":[{\"@type\":\"ListItem\",\"position\":1,\"name\":\"Home\",\"item\":\"https:\/\/www.miomiorun.com\/fr\/home-page\/\"},{\"@type\":\"ListItem\",\"position\":2,\"name\":\"Shop\",\"item\":\"https:\/\/www.miomiorun.com\/shop\/\"},{\"@type\":\"ListItem\",\"position\":3,\"name\":\"Warm Longsleeved femme\"}]},{\"@type\":\"WebSite\",\"@id\":\"https:\/\/www.miomiorun.com\/fr\/#website\",\"url\":\"https:\/\/www.miomiorun.com\/fr\/\",\"name\":\"MioMioRun\",\"description\":\"Boutique 100% running et trail\",\"publisher\":{\"@id\":\"https:\/\/www.miomiorun.com\/fr\/#organization\"},\"potentialAction\":[{\"@type\":\"SearchAction\",\"target\":{\"@type\":\"EntryPoint\",\"urlTemplate\":\"https:\/\/www.miomiorun.com\/fr\/?s={search_term_string}\"},\"query-input\":{\"@type\":\"PropertyValueSpecification\",\"valueRequired\":true,\"valueName\":\"search_term_string\"}}],\"inLanguage\":\"fr-FR\"},{\"@type\":\"Organization\",\"@id\":\"https:\/\/www.miomiorun.com\/fr\/#organization\",\"name\":\"MioMio Run\",\"url\":\"https:\/\/www.miomiorun.com\/fr\/\",\"logo\":{\"@type\":\"ImageObject\",\"inLanguage\":\"fr-FR\",\"@id\":\"https:\/\/www.miomiorun.com\/fr\/#\/schema\/logo\/image\/\",\"url\":\"https:\/\/www.miomiorun.com\/app\/uploads\/2019\/12\/logomio.png\",\"contentUrl\":\"https:\/\/www.miomiorun.com\/app\/uploads\/2019\/12\/logomio.png\",\"width\":115,\"height\":82,\"caption\":\"MioMio Run\"},\"image\":{\"@id\":\"https:\/\/www.miomiorun.com\/fr\/#\/schema\/logo\/image\/\"},\"sameAs\":[\"https:\/\/www.facebook.com\/miomiorun\/\",\"https:\/\/www.instagram.com\/miomiorun\/\"]}]}<\/script>\n<!-- \/ Yoast SEO plugin. -->","yoast_head_json":{"title":"Uyn Warm Longsleeved femme - T-shirt intime- MioMioRun.com","description":"Le maillot \u00e0 manches longues ajust\u00e9 garde le corps au chaud et au sec par temp\u00e9ratures douces\/froides \u00e0 des niveaux d'activit\u00e9 \u00e9lev\u00e9s.","robots":{"index":"index","follow":"follow","max-snippet":"max-snippet:-1","max-image-preview":"max-image-preview:large","max-video-preview":"max-video-preview:-1"},"canonical":"https:\/\/www.miomiorun.com\/fr\/produit\/warm-longsleeved-femme\/","og_locale":"fr_FR","og_type":"article","og_title":"Uyn Warm Longsleeved femme - T-shirt intime- MioMioRun.com","og_description":"Le maillot \u00e0 manches longues ajust\u00e9 garde le corps au chaud et au sec par temp\u00e9ratures douces\/froides \u00e0 des niveaux d'activit\u00e9 \u00e9lev\u00e9s.","og_url":"https:\/\/www.miomiorun.com\/fr\/produit\/warm-longsleeved-femme\/","og_site_name":"MioMioRun","article_publisher":"https:\/\/www.facebook.com\/miomiorun\/","article_modified_time":"2025-06-18T13:56:29+00:00","og_image":[{"width":600,"height":600,"url":"https:\/\/www.miomiorun.com\/app\/uploads\/2023\/11\/falke-W-longsleeved-black-39111-3000.webp","type":"image\/webp"}],"twitter_card":"summary_large_image","twitter_misc":{"Est. reading time":"1 minute"},"schema":{"@context":"https:\/\/schema.org","@graph":[{"@type":"WebPage","@id":"https:\/\/www.miomiorun.com\/fr\/produit\/warm-longsleeved-femme\/","url":"https:\/\/www.miomiorun.com\/fr\/produit\/warm-longsleeved-femme\/","name":"Uyn Warm Longsleeved femme - T-shirt intime- MioMioRun.com","isPartOf":{"@id":"https:\/\/www.miomiorun.com\/fr\/#website"},"primaryImageOfPage":{"@id":"https:\/\/www.miomiorun.com\/fr\/produit\/warm-longsleeved-femme\/#primaryimage"},"image":{"@id":"https:\/\/www.miomiorun.com\/fr\/produit\/warm-longsleeved-femme\/#primaryimage"},"thumbnailUrl":"https:\/\/www.miomiorun.com\/app\/uploads\/2023\/11\/falke-W-longsleeved-black-39111-3000.webp","datePublished":"2023-11-02T14:21:39+00:00","dateModified":"2025-06-18T13:56:29+00:00","description":"Le maillot \u00e0 manches longues ajust\u00e9 garde le corps au chaud et au sec par temp\u00e9ratures douces\/froides \u00e0 des niveaux d'activit\u00e9 \u00e9lev\u00e9s.","breadcrumb":{"@id":"https:\/\/www.miomiorun.com\/fr\/produit\/warm-longsleeved-femme\/#breadcrumb"},"inLanguage":"fr-FR","potentialAction":[{"@type":"ReadAction","target":["https:\/\/www.miomiorun.com\/fr\/produit\/warm-longsleeved-femme\/"]}]},{"@type":"ImageObject","inLanguage":"fr-FR","@id":"https:\/\/www.miomiorun.com\/fr\/produit\/warm-longsleeved-femme\/#primaryimage","url":"https:\/\/www.miomiorun.com\/app\/uploads\/2023\/11\/falke-W-longsleeved-black-39111-3000.webp","contentUrl":"https:\/\/www.miomiorun.com\/app\/uploads\/2023\/11\/falke-W-longsleeved-black-39111-3000.webp","width":600,"height":600,"caption":"falke W longsleeved black 39111 3000"},{"@type":"BreadcrumbList","@id":"https:\/\/www.miomiorun.com\/fr\/produit\/warm-longsleeved-femme\/#breadcrumb","itemListElement":[{"@type":"ListItem","position":1,"name":"Home","item":"https:\/\/www.miomiorun.com\/fr\/home-page\/"},{"@type":"ListItem","position":2,"name":"Shop","item":"https:\/\/www.miomiorun.com\/shop\/"},{"@type":"ListItem","position":3,"name":"Warm Longsleeved femme"}]},{"@type":"WebSite","@id":"https:\/\/www.miomiorun.com\/fr\/#website","url":"https:\/\/www.miomiorun.com\/fr\/","name":"MioMioRun","description":"Boutique 100% running et trail","publisher":{"@id":"https:\/\/www.miomiorun.com\/fr\/#organization"},"potentialAction":[{"@type":"SearchAction","target":{"@type":"EntryPoint","urlTemplate":"https:\/\/www.miomiorun.com\/fr\/?s={search_term_string}"},"query-input":{"@type":"PropertyValueSpecification","valueRequired":true,"valueName":"search_term_string"}}],"inLanguage":"fr-FR"},{"@type":"Organization","@id":"https:\/\/www.miomiorun.com\/fr\/#organization","name":"MioMio Run","url":"https:\/\/www.miomiorun.com\/fr\/","logo":{"@type":"ImageObject","inLanguage":"fr-FR","@id":"https:\/\/www.miomiorun.com\/fr\/#\/schema\/logo\/image\/","url":"https:\/\/www.miomiorun.com\/app\/uploads\/2019\/12\/logomio.png","contentUrl":"https:\/\/www.miomiorun.com\/app\/uploads\/2019\/12\/logomio.png","width":115,"height":82,"caption":"MioMio Run"},"image":{"@id":"https:\/\/www.miomiorun.com\/fr\/#\/schema\/logo\/image\/"},"sameAs":["https:\/\/www.facebook.com\/miomiorun\/","https:\/\/www.instagram.com\/miomiorun\/"]}]}},"_links":{"self":[{"href":"https:\/\/www.miomiorun.com\/fr\/wp-json\/wp\/v2\/product\/288296","targetHints":{"allow":["GET"]}}],"collection":[{"href":"https:\/\/www.miomiorun.com\/fr\/wp-json\/wp\/v2\/product"}],"about":[{"href":"https:\/\/www.miomiorun.com\/fr\/wp-json\/wp\/v2\/types\/product"}],"wp:featuredmedia":[{"embeddable":true,"href":"https:\/\/www.miomiorun.com\/fr\/wp-json\/wp\/v2\/media\/246066"}],"wp:attachment":[{"href":"https:\/\/www.miomiorun.com\/fr\/wp-json\/wp\/v2\/media?parent=288296"}],"wp:term":[{"taxonomy":"product_brand","embeddable":true,"href":"https:\/\/www.miomiorun.com\/fr\/wp-json\/wp\/v2\/product_brand?post=288296"},{"taxonomy":"product_cat","embeddable":true,"href":"https:\/\/www.miomiorun.com\/fr\/wp-json\/wp\/v2\/product_cat?post=288296"},{"taxonomy":"product_tag","embeddable":true,"href":"https:\/\/www.miomiorun.com\/fr\/wp-json\/wp\/v2\/product_tag?post=288296"}],"curies":[{"name":"wp","href":"https:\/\/api.w.org\/{rel}","templated":true}]}}