{"id":288180,"date":"2023-11-07T12:44:47","date_gmt":"2023-11-07T11:44:47","guid":{"rendered":"https:\/\/miomiorun.com\/prodotto\/clifton-9-gtx-uomo\/"},"modified":"2026-05-08T21:52:44","modified_gmt":"2026-05-08T19:52:44","slug":"clifton-9-gtx-homme","status":"publish","type":"product","link":"https:\/\/www.miomiorun.com\/fr\/produit\/clifton-9-gtx-homme\/","title":{"rendered":"Clifton 9 Gtx homme"},"content":{"rendered":"<div class=\"vc-row container\"><div class=\"vc-column\"><div class=\"vc-column-text\"><\/p>\n<h4>Caract\u00e9ristiques techniques<\/h4>\n<p>Cat\u00e9gorie : Amorti structur\u00e9<br \/>\nD\u00e9calage : 5 mm<br \/>\nPoids : 273 g<br \/>\nId\u00e9al pour : coureurs et marcheurs au pied neutre recherchant un mod\u00e8le \u00e0 l&#8217;amorti optimal et confortable, capable de neutraliser l&#8217;impact au sol, pour des courses de moyenne \u00e0 longue distance et des marches sur terrain humide.<br \/>\nPoids de l&#8217;athl\u00e8te : 70-80 kg<br \/>\nAllure de course : moyenne (5-6 min\/km)<br \/>\n<a href=\"https:\/\/miomiorun.com\/fr\/guide-des-specificites\/\">Guide des caract\u00e9ristiques<\/a><\/p>\n<p><\/div><\/div><div class=\"vc-column\"><div class=\"vc-column-text\"><\/p>\n<div class=\"content\">Nous avons revu notre <strong>Clifton 9<\/strong> classique <strong>avec la technologie GORE-TEX<\/strong> Invisible Fit et des \u00e9l\u00e9ments am\u00e9liorant l&#8217;adh\u00e9rence pour permettre aux coureurs de parcourir des kilom\u00e8tres par tous les temps. Premi\u00e8re chaussure de route imperm\u00e9able de HOKA, ce mod\u00e8le est r\u00e9sistant aux \u00e9claboussures, r\u00e9fl\u00e9chissant \u00e0 360\u00b0 et dot\u00e9 d&#8217;une construction en maille ferm\u00e9e pour une protection sup\u00e9rieure. Con\u00e7ue pour briller m\u00eame lorsque le soleil ne brille pas, la <strong>Clifton 9 GORE-TEX<\/strong> pour hommes prouve qu&#8217;il n&#8217;y a pas de temps prohibitif.<\/div>\n<div class=\"content\">\n<h3>CARACT\u00c9RISTIQUES<\/h3>\n<ul class=\"features-container\">\n<li class=\"feature-item\">Tissu Jacquard Creel<\/li>\n<li class=\"feature-item\">R\u00e9flectivit\u00e9 \u00e0 360<\/li>\n<li class=\"feature-item\">GORE-TEX Invisible Fit avec tissu ext\u00e9rieur en polyester recycl\u00e9 \u00e0 70<\/li>\n<li class=\"feature-item\">Semelle ext\u00e9rieure en caoutchouc durabrasion<\/li>\n<li class=\"feature-item\">\u00c9l\u00e9ments am\u00e9liorant la traction<\/li>\n<li class=\"feature-item\">Tige et col en maille de polyester recycl\u00e9 (30%)<\/li>\n<li class=\"feature-item\">Partie sup\u00e9rieure de la languette en mesh polyester recycl\u00e9 (100%)<\/li>\n<li class=\"feature-item\">Partie inf\u00e9rieure de la languette en maille de polyester recycl\u00e9 (92%)<\/li>\n<li class=\"feature-item\">Lacets en nylon recycl\u00e9 (70 %) et polyester recycl\u00e9 (30 %)<\/li>\n<li class=\"feature-item\">Assise plantaire en polyester recycl\u00e9 (87 %) \u00e0 texture stroboscopique<\/li>\n<\/ul>\n<\/div>\n<div class=\"hero-bottom-copy text-center\">\n<p><strong>Stabilit\u00e9 : <\/strong><\/p>\n<p>Clifton 9 GORE-TEX \u00e9quip\u00e9e d&#8217;un lit amortisseur sym\u00e9trique, sans technologie orthop\u00e9dique suppl\u00e9mentaire. Con\u00e7ue pour vous apporter le soutien dont vous avez besoin, sans caract\u00e9ristiques superflues.<\/p>\n<p><strong>Amortissement : <\/strong><\/p>\n<p>La Clifton 9 GORE-TEX est con\u00e7ue pour offrir un amorti protecteur tout en maintenant une pouss\u00e9e r\u00e9active lorsque vous souhaitez augmenter votre vitesse.<\/p>\n<div class=\"loveit-features\">\n<h3 class=\"phrase-title body-24-book\">Tissu Jacquard Creel<\/h3>\n<div class=\"phrase-caption\">Offre une meilleure respirabilit\u00e9<\/div>\n<h3 class=\"phrase-title body-24-book\">R\u00e9fl\u00e9chissant \u00e0 360<\/h3>\n<div class=\"phrase-caption\">Am\u00e9liore la visibilit\u00e9<\/div>\n<h3 class=\"phrase-title body-24-book\">GORE-TEX Invisible Fit en mat\u00e9riau partiellement recycl\u00e9<\/h3>\n<div class=\"phrase-caption\">Fournit une ventilation imperm\u00e9able plus l\u00e9g\u00e8re et respirante<\/div>\n<h3 class=\"phrase-title body-24-book\">Semelle ext\u00e9rieure en caoutchouc Durabrasion<\/h3>\n<div class=\"phrase-caption\">Augmente la traction sur les surfaces glissantes<\/div>\n<h3 class=\"phrase-title body-24-book\">\u00c9l\u00e9ments qui am\u00e9liorent la traction<\/h3>\n<div class=\"phrase-caption\">Am\u00e9liorent l&#8217;adh\u00e9rence au sol<\/div>\n<\/div>\n<\/div>\n<p><\/div><\/div><\/div>\n","protected":false},"excerpt":{"rendered":"<ul>\n<li>Chaussure super amortie<\/li>\n<li>Id\u00e9ale pour les longues marches<\/li>\n<li>En gore-tex<\/li>\n<\/ul>\n","protected":false},"featured_media":384093,"template":"","meta":{"_acf_changed":false,"inline_featured_image":false},"product_brand":[],"product_cat":[24448,24447],"product_tag":[23478,23604],"class_list":{"0":"post-288180","1":"product","2":"type-product","3":"status-publish","4":"has-post-thumbnail","6":"product_cat-chaussures-pour-hommes-fr","7":"product_cat-neutre-fr-3","8":"product_tag-hoka-one-one-fr","9":"product_tag-hoka-homme","10":"pa_attivita-lifestyle-fr","11":"pa_attivita-marcher","12":"pa_attivita-running-fr","13":"pa_colore-clifton-9-gtx-gravel-eggshell-fr","14":"pa_marca-hoka-fr","15":"pa_sesso-homme","16":"pa_size-42-fr","17":"pa_size-45-fr","18":"pa_size-46-fr","20":"first","21":"instock","22":"sale","23":"taxable","24":"shipping-taxable","25":"purchasable","26":"product-type-variable","27":"wvs-archive-product-wrapper"},"acf":[],"yoast_head":"<!-- This site is optimized with the Yoast SEO plugin v26.8 - https:\/\/yoast.com\/product\/yoast-seo-wordpress\/ -->\n<title>Hoka Clifton 9 Gtx homme - chaussures de course -MioMioRun.com<\/title>\n<meta name=\"description\" content=\"Ce mod\u00e8le est \u00e9tanche aux \u00e9claboussures, poss\u00e8de une r\u00e9flectivit\u00e9 \u00e0 360\u00b0 et une structure en maille ferm\u00e9e pour une protection sup\u00e9rieure.\" \/>\n<meta name=\"robots\" content=\"index, follow, max-snippet:-1, max-image-preview:large, max-video-preview:-1\" \/>\n<link rel=\"canonical\" href=\"https:\/\/www.miomiorun.com\/fr\/produit\/clifton-9-gtx-homme\/\" \/>\n<meta property=\"og:locale\" content=\"fr_FR\" \/>\n<meta property=\"og:type\" content=\"article\" \/>\n<meta property=\"og:title\" content=\"Hoka Clifton 9 Gtx homme - chaussures de course -MioMioRun.com\" \/>\n<meta property=\"og:description\" content=\"Ce mod\u00e8le est \u00e9tanche aux \u00e9claboussures, poss\u00e8de une r\u00e9flectivit\u00e9 \u00e0 360\u00b0 et une structure en maille ferm\u00e9e pour une protection sup\u00e9rieure.\" \/>\n<meta property=\"og:url\" content=\"https:\/\/www.miomiorun.com\/fr\/produit\/clifton-9-gtx-homme\/\" \/>\n<meta property=\"og:site_name\" content=\"MioMioRun\" \/>\n<meta property=\"article:publisher\" content=\"https:\/\/www.facebook.com\/miomiorun\/\" \/>\n<meta property=\"article:modified_time\" content=\"2026-05-08T19:52:44+00:00\" \/>\n<meta property=\"og:image\" content=\"https:\/\/www.miomiorun.com\/app\/uploads\/2025\/12\/hoka-Clifton-9-GTX-gravel-eggshell-1141470F-GVLG.webp\" \/>\n\t<meta property=\"og:image:width\" content=\"720\" \/>\n\t<meta property=\"og:image:height\" content=\"720\" \/>\n\t<meta property=\"og:image:type\" content=\"image\/webp\" \/>\n<meta name=\"twitter:card\" content=\"summary_large_image\" \/>\n<meta name=\"twitter:label1\" content=\"Est. reading time\" \/>\n\t<meta name=\"twitter:data1\" content=\"2 minutes\" \/>\n<script type=\"application\/ld+json\" class=\"yoast-schema-graph\">{\"@context\":\"https:\/\/schema.org\",\"@graph\":[{\"@type\":\"WebPage\",\"@id\":\"https:\/\/www.miomiorun.com\/fr\/produit\/clifton-9-gtx-homme\/\",\"url\":\"https:\/\/www.miomiorun.com\/fr\/produit\/clifton-9-gtx-homme\/\",\"name\":\"Hoka Clifton 9 Gtx homme - chaussures de course -MioMioRun.com\",\"isPartOf\":{\"@id\":\"https:\/\/www.miomiorun.com\/fr\/#website\"},\"primaryImageOfPage\":{\"@id\":\"https:\/\/www.miomiorun.com\/fr\/produit\/clifton-9-gtx-homme\/#primaryimage\"},\"image\":{\"@id\":\"https:\/\/www.miomiorun.com\/fr\/produit\/clifton-9-gtx-homme\/#primaryimage\"},\"thumbnailUrl\":\"https:\/\/www.miomiorun.com\/app\/uploads\/2025\/12\/hoka-Clifton-9-GTX-gravel-eggshell-1141470F-GVLG.webp\",\"datePublished\":\"2023-11-07T11:44:47+00:00\",\"dateModified\":\"2026-05-08T19:52:44+00:00\",\"description\":\"Ce mod\u00e8le est \u00e9tanche aux \u00e9claboussures, poss\u00e8de une r\u00e9flectivit\u00e9 \u00e0 360\u00b0 et une structure en maille ferm\u00e9e pour une protection sup\u00e9rieure.\",\"breadcrumb\":{\"@id\":\"https:\/\/www.miomiorun.com\/fr\/produit\/clifton-9-gtx-homme\/#breadcrumb\"},\"inLanguage\":\"fr-FR\",\"potentialAction\":[{\"@type\":\"ReadAction\",\"target\":[\"https:\/\/www.miomiorun.com\/fr\/produit\/clifton-9-gtx-homme\/\"]}]},{\"@type\":\"ImageObject\",\"inLanguage\":\"fr-FR\",\"@id\":\"https:\/\/www.miomiorun.com\/fr\/produit\/clifton-9-gtx-homme\/#primaryimage\",\"url\":\"https:\/\/www.miomiorun.com\/app\/uploads\/2025\/12\/hoka-Clifton-9-GTX-gravel-eggshell-1141470F-GVLG.webp\",\"contentUrl\":\"https:\/\/www.miomiorun.com\/app\/uploads\/2025\/12\/hoka-Clifton-9-GTX-gravel-eggshell-1141470F-GVLG.webp\",\"width\":720,\"height\":720,\"caption\":\"hoka Clifton 9 GTX gravel eggshell 1141470F GVLG\"},{\"@type\":\"BreadcrumbList\",\"@id\":\"https:\/\/www.miomiorun.com\/fr\/produit\/clifton-9-gtx-homme\/#breadcrumb\",\"itemListElement\":[{\"@type\":\"ListItem\",\"position\":1,\"name\":\"Home\",\"item\":\"https:\/\/www.miomiorun.com\/fr\/home-page\/\"},{\"@type\":\"ListItem\",\"position\":2,\"name\":\"Shop\",\"item\":\"https:\/\/www.miomiorun.com\/shop\/\"},{\"@type\":\"ListItem\",\"position\":3,\"name\":\"Clifton 9 Gtx homme\"}]},{\"@type\":\"WebSite\",\"@id\":\"https:\/\/www.miomiorun.com\/fr\/#website\",\"url\":\"https:\/\/www.miomiorun.com\/fr\/\",\"name\":\"MioMioRun\",\"description\":\"Boutique 100% running et trail\",\"publisher\":{\"@id\":\"https:\/\/www.miomiorun.com\/fr\/#organization\"},\"potentialAction\":[{\"@type\":\"SearchAction\",\"target\":{\"@type\":\"EntryPoint\",\"urlTemplate\":\"https:\/\/www.miomiorun.com\/fr\/?s={search_term_string}\"},\"query-input\":{\"@type\":\"PropertyValueSpecification\",\"valueRequired\":true,\"valueName\":\"search_term_string\"}}],\"inLanguage\":\"fr-FR\"},{\"@type\":\"Organization\",\"@id\":\"https:\/\/www.miomiorun.com\/fr\/#organization\",\"name\":\"MioMio Run\",\"url\":\"https:\/\/www.miomiorun.com\/fr\/\",\"logo\":{\"@type\":\"ImageObject\",\"inLanguage\":\"fr-FR\",\"@id\":\"https:\/\/www.miomiorun.com\/fr\/#\/schema\/logo\/image\/\",\"url\":\"https:\/\/www.miomiorun.com\/app\/uploads\/2019\/12\/logomio.png\",\"contentUrl\":\"https:\/\/www.miomiorun.com\/app\/uploads\/2019\/12\/logomio.png\",\"width\":115,\"height\":82,\"caption\":\"MioMio Run\"},\"image\":{\"@id\":\"https:\/\/www.miomiorun.com\/fr\/#\/schema\/logo\/image\/\"},\"sameAs\":[\"https:\/\/www.facebook.com\/miomiorun\/\",\"https:\/\/www.instagram.com\/miomiorun\/\"]}]}<\/script>\n<!-- \/ Yoast SEO plugin. -->","yoast_head_json":{"title":"Hoka Clifton 9 Gtx homme - chaussures de course -MioMioRun.com","description":"Ce mod\u00e8le est \u00e9tanche aux \u00e9claboussures, poss\u00e8de une r\u00e9flectivit\u00e9 \u00e0 360\u00b0 et une structure en maille ferm\u00e9e pour une protection sup\u00e9rieure.","robots":{"index":"index","follow":"follow","max-snippet":"max-snippet:-1","max-image-preview":"max-image-preview:large","max-video-preview":"max-video-preview:-1"},"canonical":"https:\/\/www.miomiorun.com\/fr\/produit\/clifton-9-gtx-homme\/","og_locale":"fr_FR","og_type":"article","og_title":"Hoka Clifton 9 Gtx homme - chaussures de course -MioMioRun.com","og_description":"Ce mod\u00e8le est \u00e9tanche aux \u00e9claboussures, poss\u00e8de une r\u00e9flectivit\u00e9 \u00e0 360\u00b0 et une structure en maille ferm\u00e9e pour une protection sup\u00e9rieure.","og_url":"https:\/\/www.miomiorun.com\/fr\/produit\/clifton-9-gtx-homme\/","og_site_name":"MioMioRun","article_publisher":"https:\/\/www.facebook.com\/miomiorun\/","article_modified_time":"2026-05-08T19:52:44+00:00","og_image":[{"width":720,"height":720,"url":"https:\/\/www.miomiorun.com\/app\/uploads\/2025\/12\/hoka-Clifton-9-GTX-gravel-eggshell-1141470F-GVLG.webp","type":"image\/webp"}],"twitter_card":"summary_large_image","twitter_misc":{"Est. reading time":"2 minutes"},"schema":{"@context":"https:\/\/schema.org","@graph":[{"@type":"WebPage","@id":"https:\/\/www.miomiorun.com\/fr\/produit\/clifton-9-gtx-homme\/","url":"https:\/\/www.miomiorun.com\/fr\/produit\/clifton-9-gtx-homme\/","name":"Hoka Clifton 9 Gtx homme - chaussures de course -MioMioRun.com","isPartOf":{"@id":"https:\/\/www.miomiorun.com\/fr\/#website"},"primaryImageOfPage":{"@id":"https:\/\/www.miomiorun.com\/fr\/produit\/clifton-9-gtx-homme\/#primaryimage"},"image":{"@id":"https:\/\/www.miomiorun.com\/fr\/produit\/clifton-9-gtx-homme\/#primaryimage"},"thumbnailUrl":"https:\/\/www.miomiorun.com\/app\/uploads\/2025\/12\/hoka-Clifton-9-GTX-gravel-eggshell-1141470F-GVLG.webp","datePublished":"2023-11-07T11:44:47+00:00","dateModified":"2026-05-08T19:52:44+00:00","description":"Ce mod\u00e8le est \u00e9tanche aux \u00e9claboussures, poss\u00e8de une r\u00e9flectivit\u00e9 \u00e0 360\u00b0 et une structure en maille ferm\u00e9e pour une protection sup\u00e9rieure.","breadcrumb":{"@id":"https:\/\/www.miomiorun.com\/fr\/produit\/clifton-9-gtx-homme\/#breadcrumb"},"inLanguage":"fr-FR","potentialAction":[{"@type":"ReadAction","target":["https:\/\/www.miomiorun.com\/fr\/produit\/clifton-9-gtx-homme\/"]}]},{"@type":"ImageObject","inLanguage":"fr-FR","@id":"https:\/\/www.miomiorun.com\/fr\/produit\/clifton-9-gtx-homme\/#primaryimage","url":"https:\/\/www.miomiorun.com\/app\/uploads\/2025\/12\/hoka-Clifton-9-GTX-gravel-eggshell-1141470F-GVLG.webp","contentUrl":"https:\/\/www.miomiorun.com\/app\/uploads\/2025\/12\/hoka-Clifton-9-GTX-gravel-eggshell-1141470F-GVLG.webp","width":720,"height":720,"caption":"hoka Clifton 9 GTX gravel eggshell 1141470F GVLG"},{"@type":"BreadcrumbList","@id":"https:\/\/www.miomiorun.com\/fr\/produit\/clifton-9-gtx-homme\/#breadcrumb","itemListElement":[{"@type":"ListItem","position":1,"name":"Home","item":"https:\/\/www.miomiorun.com\/fr\/home-page\/"},{"@type":"ListItem","position":2,"name":"Shop","item":"https:\/\/www.miomiorun.com\/shop\/"},{"@type":"ListItem","position":3,"name":"Clifton 9 Gtx homme"}]},{"@type":"WebSite","@id":"https:\/\/www.miomiorun.com\/fr\/#website","url":"https:\/\/www.miomiorun.com\/fr\/","name":"MioMioRun","description":"Boutique 100% running et trail","publisher":{"@id":"https:\/\/www.miomiorun.com\/fr\/#organization"},"potentialAction":[{"@type":"SearchAction","target":{"@type":"EntryPoint","urlTemplate":"https:\/\/www.miomiorun.com\/fr\/?s={search_term_string}"},"query-input":{"@type":"PropertyValueSpecification","valueRequired":true,"valueName":"search_term_string"}}],"inLanguage":"fr-FR"},{"@type":"Organization","@id":"https:\/\/www.miomiorun.com\/fr\/#organization","name":"MioMio Run","url":"https:\/\/www.miomiorun.com\/fr\/","logo":{"@type":"ImageObject","inLanguage":"fr-FR","@id":"https:\/\/www.miomiorun.com\/fr\/#\/schema\/logo\/image\/","url":"https:\/\/www.miomiorun.com\/app\/uploads\/2019\/12\/logomio.png","contentUrl":"https:\/\/www.miomiorun.com\/app\/uploads\/2019\/12\/logomio.png","width":115,"height":82,"caption":"MioMio Run"},"image":{"@id":"https:\/\/www.miomiorun.com\/fr\/#\/schema\/logo\/image\/"},"sameAs":["https:\/\/www.facebook.com\/miomiorun\/","https:\/\/www.instagram.com\/miomiorun\/"]}]}},"_links":{"self":[{"href":"https:\/\/www.miomiorun.com\/fr\/wp-json\/wp\/v2\/product\/288180","targetHints":{"allow":["GET"]}}],"collection":[{"href":"https:\/\/www.miomiorun.com\/fr\/wp-json\/wp\/v2\/product"}],"about":[{"href":"https:\/\/www.miomiorun.com\/fr\/wp-json\/wp\/v2\/types\/product"}],"wp:featuredmedia":[{"embeddable":true,"href":"https:\/\/www.miomiorun.com\/fr\/wp-json\/wp\/v2\/media\/384093"}],"wp:attachment":[{"href":"https:\/\/www.miomiorun.com\/fr\/wp-json\/wp\/v2\/media?parent=288180"}],"wp:term":[{"taxonomy":"product_brand","embeddable":true,"href":"https:\/\/www.miomiorun.com\/fr\/wp-json\/wp\/v2\/product_brand?post=288180"},{"taxonomy":"product_cat","embeddable":true,"href":"https:\/\/www.miomiorun.com\/fr\/wp-json\/wp\/v2\/product_cat?post=288180"},{"taxonomy":"product_tag","embeddable":true,"href":"https:\/\/www.miomiorun.com\/fr\/wp-json\/wp\/v2\/product_tag?post=288180"}],"curies":[{"name":"wp","href":"https:\/\/api.w.org\/{rel}","templated":true}]}}