{"id":288178,"date":"2023-11-07T14:11:57","date_gmt":"2023-11-07T13:11:57","guid":{"rendered":"https:\/\/miomiorun.com\/prodotto\/emil-z-canottiera-uomo\/"},"modified":"2025-04-28T18:00:22","modified_gmt":"2025-04-28T16:00:22","slug":"emil-z-debardeur-homme","status":"publish","type":"product","link":"https:\/\/www.miomiorun.com\/fr\/produit\/emil-z-debardeur-homme\/","title":{"rendered":"Emil Z. D\u00e9bardeur homme"},"content":{"rendered":"<h3>Pour notre s\u00e9rie &#8220;L\u00e9gendes de la course \u00e0 pied&#8221;, nous rendons hommage \u00e0 Emil Z\u00e1topek, la locomotive humaine. Nous avons voulu \u00e9voquer le maillot avec lequel il a remport\u00e9 l&#8217;or sur 5 000 m, 10 000 m et le marathon aux Jeux olympiques d&#8217;Helsinki en 1952.<\/h3>\n<div class=\"description-product\">\n<h3 class=\"title-description\">Caract\u00e9ristiques<\/h3>\n<div>\n<ul>\n<li>D\u00e9bardeur technique, l\u00e9ger et respirant.<\/li>\n<li>Fabriqu\u00e9 en Micromesh doux et soyeux.<\/li>\n<li>Id\u00e9al pour un tour de piste ou un concert de rock.<\/li>\n<\/ul>\n<div class=\"istruzioni\">\n<h3>Instructions de lavage<\/h3>\n<div>\n<p>Les produits Wild Tee sont faits pour durer, l&#8217;entretien est tr\u00e8s simple : lavage \u00e0 l&#8217;envers, en machine \u00e0 laver, programme pour v\u00eatements de sport, sans assouplissant, maximum 40\u00b0C, s\u00e9chage \u00e0 l&#8217;air libre.<\/p>\n<div class=\"tab-composizione\">\n<h3>Composition<\/h3>\n<div>100% PES imprim\u00e9 par sublimation. 100% recyclable.<\/div>\n<\/div>\n<\/div>\n<\/div>\n<\/div>\n<\/div>\n","protected":false},"excerpt":{"rendered":"<ul>\n<li>D\u00e9bardeur l\u00e9ger et tr\u00e8s respirant.<\/li>\n<li>Id\u00e9al pour les activit\u00e9s physiques.<\/li>\n<\/ul>\n","protected":false},"featured_media":244348,"template":"","meta":{"_acf_changed":false,"inline_featured_image":false},"product_brand":[],"product_cat":[24257,24482,24484],"product_tag":[23528,23567],"class_list":{"0":"post-288178","1":"product","2":"type-product","3":"status-publish","4":"has-post-thumbnail","6":"product_cat-gilets-fr","7":"product_cat-vetements-pour-hommes-fr","8":"product_cat-homme","9":"product_tag-wild-tee-fr","10":"product_tag-wild-tee-homme","11":"pa_attivita-marcher","12":"pa_attivita-running-fr","13":"pa_attivita-trail-fr","14":"pa_marca-wild-tee-fr","15":"pa_sesso-homme","16":"pa_size-small-fr","17":"pa_size-medium-fr","18":"pa_size-large-fr","19":"pa_size-extra-large-fr","21":"first","22":"instock","23":"sale","24":"taxable","25":"shipping-taxable","26":"purchasable","27":"product-type-variable","28":"wvs-archive-product-wrapper"},"acf":[],"yoast_head":"<!-- This site is optimized with the Yoast SEO plugin v26.8 - https:\/\/yoast.com\/product\/yoast-seo-wordpress\/ -->\n<title>Wild Tee Emil Z. D\u00e9bardeur homme - D\u00e9bardeur de course -<\/title>\n<meta name=\"description\" content=\"D\u00e9bardeur technique, l\u00e9ger et respirant en Micromesh doux comme de la soie, id\u00e9al pour un tour de piste ou un concert de rock.\" \/>\n<meta name=\"robots\" content=\"index, follow, max-snippet:-1, max-image-preview:large, max-video-preview:-1\" \/>\n<link rel=\"canonical\" href=\"https:\/\/www.miomiorun.com\/fr\/produit\/emil-z-debardeur-homme\/\" \/>\n<meta property=\"og:locale\" content=\"fr_FR\" \/>\n<meta property=\"og:type\" content=\"article\" \/>\n<meta property=\"og:title\" content=\"Wild Tee Emil Z. D\u00e9bardeur homme - D\u00e9bardeur de course -\" \/>\n<meta property=\"og:description\" content=\"D\u00e9bardeur technique, l\u00e9ger et respirant en Micromesh doux comme de la soie, id\u00e9al pour un tour de piste ou un concert de rock.\" \/>\n<meta property=\"og:url\" content=\"https:\/\/www.miomiorun.com\/fr\/produit\/emil-z-debardeur-homme\/\" \/>\n<meta property=\"og:site_name\" content=\"MioMioRun\" \/>\n<meta property=\"article:publisher\" content=\"https:\/\/www.facebook.com\/miomiorun\/\" \/>\n<meta property=\"article:modified_time\" content=\"2025-04-28T16:00:22+00:00\" \/>\n<meta property=\"og:image\" content=\"https:\/\/www.miomiorun.com\/app\/uploads\/2023\/11\/wild-tee-emil-z.-canotta-uomo-WT017WT112.jpg\" \/>\n\t<meta property=\"og:image:width\" content=\"600\" \/>\n\t<meta property=\"og:image:height\" content=\"600\" \/>\n\t<meta property=\"og:image:type\" content=\"image\/jpeg\" \/>\n<meta name=\"twitter:card\" content=\"summary_large_image\" \/>\n<meta name=\"twitter:label1\" content=\"Est. reading time\" \/>\n\t<meta name=\"twitter:data1\" content=\"1 minute\" \/>\n<script type=\"application\/ld+json\" class=\"yoast-schema-graph\">{\"@context\":\"https:\/\/schema.org\",\"@graph\":[{\"@type\":\"WebPage\",\"@id\":\"https:\/\/www.miomiorun.com\/fr\/produit\/emil-z-debardeur-homme\/\",\"url\":\"https:\/\/www.miomiorun.com\/fr\/produit\/emil-z-debardeur-homme\/\",\"name\":\"Wild Tee Emil Z. D\u00e9bardeur homme - D\u00e9bardeur de course -\",\"isPartOf\":{\"@id\":\"https:\/\/www.miomiorun.com\/fr\/#website\"},\"primaryImageOfPage\":{\"@id\":\"https:\/\/www.miomiorun.com\/fr\/produit\/emil-z-debardeur-homme\/#primaryimage\"},\"image\":{\"@id\":\"https:\/\/www.miomiorun.com\/fr\/produit\/emil-z-debardeur-homme\/#primaryimage\"},\"thumbnailUrl\":\"https:\/\/www.miomiorun.com\/app\/uploads\/2023\/11\/wild-tee-emil-z.-canotta-uomo-WT017WT112.jpg\",\"datePublished\":\"2023-11-07T13:11:57+00:00\",\"dateModified\":\"2025-04-28T16:00:22+00:00\",\"description\":\"D\u00e9bardeur technique, l\u00e9ger et respirant en Micromesh doux comme de la soie, id\u00e9al pour un tour de piste ou un concert de rock.\",\"breadcrumb\":{\"@id\":\"https:\/\/www.miomiorun.com\/fr\/produit\/emil-z-debardeur-homme\/#breadcrumb\"},\"inLanguage\":\"fr-FR\",\"potentialAction\":[{\"@type\":\"ReadAction\",\"target\":[\"https:\/\/www.miomiorun.com\/fr\/produit\/emil-z-debardeur-homme\/\"]}]},{\"@type\":\"ImageObject\",\"inLanguage\":\"fr-FR\",\"@id\":\"https:\/\/www.miomiorun.com\/fr\/produit\/emil-z-debardeur-homme\/#primaryimage\",\"url\":\"https:\/\/www.miomiorun.com\/app\/uploads\/2023\/11\/wild-tee-emil-z.-canotta-uomo-WT017WT112.jpg\",\"contentUrl\":\"https:\/\/www.miomiorun.com\/app\/uploads\/2023\/11\/wild-tee-emil-z.-canotta-uomo-WT017WT112.jpg\",\"width\":600,\"height\":600,\"caption\":\"wild-tee-emil-z.-canotta-uomo-WT017WT112\"},{\"@type\":\"BreadcrumbList\",\"@id\":\"https:\/\/www.miomiorun.com\/fr\/produit\/emil-z-debardeur-homme\/#breadcrumb\",\"itemListElement\":[{\"@type\":\"ListItem\",\"position\":1,\"name\":\"Home\",\"item\":\"https:\/\/www.miomiorun.com\/fr\/home-page\/\"},{\"@type\":\"ListItem\",\"position\":2,\"name\":\"Shop\",\"item\":\"https:\/\/www.miomiorun.com\/shop\/\"},{\"@type\":\"ListItem\",\"position\":3,\"name\":\"Emil Z. D\u00e9bardeur homme\"}]},{\"@type\":\"WebSite\",\"@id\":\"https:\/\/www.miomiorun.com\/fr\/#website\",\"url\":\"https:\/\/www.miomiorun.com\/fr\/\",\"name\":\"MioMioRun\",\"description\":\"Boutique 100% running et trail\",\"publisher\":{\"@id\":\"https:\/\/www.miomiorun.com\/fr\/#organization\"},\"potentialAction\":[{\"@type\":\"SearchAction\",\"target\":{\"@type\":\"EntryPoint\",\"urlTemplate\":\"https:\/\/www.miomiorun.com\/fr\/?s={search_term_string}\"},\"query-input\":{\"@type\":\"PropertyValueSpecification\",\"valueRequired\":true,\"valueName\":\"search_term_string\"}}],\"inLanguage\":\"fr-FR\"},{\"@type\":\"Organization\",\"@id\":\"https:\/\/www.miomiorun.com\/fr\/#organization\",\"name\":\"MioMio Run\",\"url\":\"https:\/\/www.miomiorun.com\/fr\/\",\"logo\":{\"@type\":\"ImageObject\",\"inLanguage\":\"fr-FR\",\"@id\":\"https:\/\/www.miomiorun.com\/fr\/#\/schema\/logo\/image\/\",\"url\":\"https:\/\/www.miomiorun.com\/app\/uploads\/2019\/12\/logomio.png\",\"contentUrl\":\"https:\/\/www.miomiorun.com\/app\/uploads\/2019\/12\/logomio.png\",\"width\":115,\"height\":82,\"caption\":\"MioMio Run\"},\"image\":{\"@id\":\"https:\/\/www.miomiorun.com\/fr\/#\/schema\/logo\/image\/\"},\"sameAs\":[\"https:\/\/www.facebook.com\/miomiorun\/\",\"https:\/\/www.instagram.com\/miomiorun\/\"]}]}<\/script>\n<!-- \/ Yoast SEO plugin. -->","yoast_head_json":{"title":"Wild Tee Emil Z. D\u00e9bardeur homme - D\u00e9bardeur de course -","description":"D\u00e9bardeur technique, l\u00e9ger et respirant en Micromesh doux comme de la soie, id\u00e9al pour un tour de piste ou un concert de rock.","robots":{"index":"index","follow":"follow","max-snippet":"max-snippet:-1","max-image-preview":"max-image-preview:large","max-video-preview":"max-video-preview:-1"},"canonical":"https:\/\/www.miomiorun.com\/fr\/produit\/emil-z-debardeur-homme\/","og_locale":"fr_FR","og_type":"article","og_title":"Wild Tee Emil Z. D\u00e9bardeur homme - D\u00e9bardeur de course -","og_description":"D\u00e9bardeur technique, l\u00e9ger et respirant en Micromesh doux comme de la soie, id\u00e9al pour un tour de piste ou un concert de rock.","og_url":"https:\/\/www.miomiorun.com\/fr\/produit\/emil-z-debardeur-homme\/","og_site_name":"MioMioRun","article_publisher":"https:\/\/www.facebook.com\/miomiorun\/","article_modified_time":"2025-04-28T16:00:22+00:00","og_image":[{"width":600,"height":600,"url":"https:\/\/www.miomiorun.com\/app\/uploads\/2023\/11\/wild-tee-emil-z.-canotta-uomo-WT017WT112.jpg","type":"image\/jpeg"}],"twitter_card":"summary_large_image","twitter_misc":{"Est. reading time":"1 minute"},"schema":{"@context":"https:\/\/schema.org","@graph":[{"@type":"WebPage","@id":"https:\/\/www.miomiorun.com\/fr\/produit\/emil-z-debardeur-homme\/","url":"https:\/\/www.miomiorun.com\/fr\/produit\/emil-z-debardeur-homme\/","name":"Wild Tee Emil Z. D\u00e9bardeur homme - D\u00e9bardeur de course -","isPartOf":{"@id":"https:\/\/www.miomiorun.com\/fr\/#website"},"primaryImageOfPage":{"@id":"https:\/\/www.miomiorun.com\/fr\/produit\/emil-z-debardeur-homme\/#primaryimage"},"image":{"@id":"https:\/\/www.miomiorun.com\/fr\/produit\/emil-z-debardeur-homme\/#primaryimage"},"thumbnailUrl":"https:\/\/www.miomiorun.com\/app\/uploads\/2023\/11\/wild-tee-emil-z.-canotta-uomo-WT017WT112.jpg","datePublished":"2023-11-07T13:11:57+00:00","dateModified":"2025-04-28T16:00:22+00:00","description":"D\u00e9bardeur technique, l\u00e9ger et respirant en Micromesh doux comme de la soie, id\u00e9al pour un tour de piste ou un concert de rock.","breadcrumb":{"@id":"https:\/\/www.miomiorun.com\/fr\/produit\/emil-z-debardeur-homme\/#breadcrumb"},"inLanguage":"fr-FR","potentialAction":[{"@type":"ReadAction","target":["https:\/\/www.miomiorun.com\/fr\/produit\/emil-z-debardeur-homme\/"]}]},{"@type":"ImageObject","inLanguage":"fr-FR","@id":"https:\/\/www.miomiorun.com\/fr\/produit\/emil-z-debardeur-homme\/#primaryimage","url":"https:\/\/www.miomiorun.com\/app\/uploads\/2023\/11\/wild-tee-emil-z.-canotta-uomo-WT017WT112.jpg","contentUrl":"https:\/\/www.miomiorun.com\/app\/uploads\/2023\/11\/wild-tee-emil-z.-canotta-uomo-WT017WT112.jpg","width":600,"height":600,"caption":"wild-tee-emil-z.-canotta-uomo-WT017WT112"},{"@type":"BreadcrumbList","@id":"https:\/\/www.miomiorun.com\/fr\/produit\/emil-z-debardeur-homme\/#breadcrumb","itemListElement":[{"@type":"ListItem","position":1,"name":"Home","item":"https:\/\/www.miomiorun.com\/fr\/home-page\/"},{"@type":"ListItem","position":2,"name":"Shop","item":"https:\/\/www.miomiorun.com\/shop\/"},{"@type":"ListItem","position":3,"name":"Emil Z. D\u00e9bardeur homme"}]},{"@type":"WebSite","@id":"https:\/\/www.miomiorun.com\/fr\/#website","url":"https:\/\/www.miomiorun.com\/fr\/","name":"MioMioRun","description":"Boutique 100% running et trail","publisher":{"@id":"https:\/\/www.miomiorun.com\/fr\/#organization"},"potentialAction":[{"@type":"SearchAction","target":{"@type":"EntryPoint","urlTemplate":"https:\/\/www.miomiorun.com\/fr\/?s={search_term_string}"},"query-input":{"@type":"PropertyValueSpecification","valueRequired":true,"valueName":"search_term_string"}}],"inLanguage":"fr-FR"},{"@type":"Organization","@id":"https:\/\/www.miomiorun.com\/fr\/#organization","name":"MioMio Run","url":"https:\/\/www.miomiorun.com\/fr\/","logo":{"@type":"ImageObject","inLanguage":"fr-FR","@id":"https:\/\/www.miomiorun.com\/fr\/#\/schema\/logo\/image\/","url":"https:\/\/www.miomiorun.com\/app\/uploads\/2019\/12\/logomio.png","contentUrl":"https:\/\/www.miomiorun.com\/app\/uploads\/2019\/12\/logomio.png","width":115,"height":82,"caption":"MioMio Run"},"image":{"@id":"https:\/\/www.miomiorun.com\/fr\/#\/schema\/logo\/image\/"},"sameAs":["https:\/\/www.facebook.com\/miomiorun\/","https:\/\/www.instagram.com\/miomiorun\/"]}]}},"_links":{"self":[{"href":"https:\/\/www.miomiorun.com\/fr\/wp-json\/wp\/v2\/product\/288178","targetHints":{"allow":["GET"]}}],"collection":[{"href":"https:\/\/www.miomiorun.com\/fr\/wp-json\/wp\/v2\/product"}],"about":[{"href":"https:\/\/www.miomiorun.com\/fr\/wp-json\/wp\/v2\/types\/product"}],"wp:featuredmedia":[{"embeddable":true,"href":"https:\/\/www.miomiorun.com\/fr\/wp-json\/wp\/v2\/media\/244348"}],"wp:attachment":[{"href":"https:\/\/www.miomiorun.com\/fr\/wp-json\/wp\/v2\/media?parent=288178"}],"wp:term":[{"taxonomy":"product_brand","embeddable":true,"href":"https:\/\/www.miomiorun.com\/fr\/wp-json\/wp\/v2\/product_brand?post=288178"},{"taxonomy":"product_cat","embeddable":true,"href":"https:\/\/www.miomiorun.com\/fr\/wp-json\/wp\/v2\/product_cat?post=288178"},{"taxonomy":"product_tag","embeddable":true,"href":"https:\/\/www.miomiorun.com\/fr\/wp-json\/wp\/v2\/product_tag?post=288178"}],"curies":[{"name":"wp","href":"https:\/\/api.w.org\/{rel}","templated":true}]}}