{"id":288053,"date":"2023-11-09T14:06:20","date_gmt":"2023-11-09T13:06:20","guid":{"rendered":"https:\/\/miomiorun.com\/prodotto\/orchidea-canottiera-donna\/"},"modified":"2026-05-08T21:51:25","modified_gmt":"2026-05-08T19:51:25","slug":"orchidea-debardeur-femme","status":"publish","type":"product","link":"https:\/\/www.miomiorun.com\/fr\/produit\/orchidea-debardeur-femme\/","title":{"rendered":"Orchidea D\u00e9bardeur femme"},"content":{"rendered":"<h2>Nous sommes partis d&#8217;une toile blanche et de p\u00e9tales d&#8217;orchid\u00e9es. Nous avons abouti \u00e0 une explosion de couleurs, contenant toutes les nuances de cette fleur dans une texture magique qui respire \u00e0 la fois la d\u00e9licatesse et l&#8217;\u00e9nergie. Notre logo et un motif g\u00e9om\u00e9trique compl\u00e8tent la composition.<\/h2>\n<div class=\"description-product\">\n<h3 class=\"title-description\">Caract\u00e9ristiques<\/h3>\n<div>\n<ul>\n<li>D\u00e9bardeur technique, l\u00e9ger et respirant.<\/li>\n<li>Fabriqu\u00e9 en Micromesh doux et soyeux.<\/li>\n<li>Parfait pour la montagne ou l&#8217;ap\u00e9ro entre amis.<\/li>\n<li>Son poids le rend \u00e9galement id\u00e9al pour les courses de Trail et d&#8217;Ultra Trail : respirant pour les moments les plus chauds, suffisamment couvrant par temps plus frais.<\/li>\n<li>Les graphismes sont imprim\u00e9s par sublimation : ils ne se d\u00e9t\u00e9riorent pas et ne se d\u00e9colorent pas.<\/li>\n<\/ul>\n<div class=\"istruzioni\">\n<h3>Instructions de lavage<\/h3>\n<div>\n<p>Les produits Wild Tee sont faits pour durer, l&#8217;entretien est tr\u00e8s simple : lavage \u00e0 l&#8217;envers, en machine \u00e0 laver, programme pour v\u00eatements de sport, sans assouplissant, maximum 40\u00b0C, s\u00e9chage \u00e0 l&#8217;air libre.<\/p>\n<div class=\"tab-composizione\">\n<h3>Composition<\/h3>\n<div>100% PES imprim\u00e9 par sublimation.<\/div>\n<\/div>\n<\/div>\n<\/div>\n<\/div>\n<\/div>\n","protected":false},"excerpt":{"rendered":"<ul>\n<li>D\u00e9bardeur ultra l\u00e9ger<\/li>\n<li>Parfait pour la montagne<\/li>\n<\/ul>\n","protected":false},"featured_media":244376,"template":"","meta":{"_acf_changed":false,"inline_featured_image":false},"product_brand":[],"product_cat":[22598,22596,22595],"product_tag":[23528,23568],"class_list":{"0":"post-288053","1":"product","2":"type-product","3":"status-publish","4":"has-post-thumbnail","6":"product_cat-gilets","7":"product_cat-vetements-pour-femmes","8":"product_cat-femme","9":"product_tag-wild-tee-fr","10":"product_tag-wild-tee-femme","11":"pa_attivita-marcher","12":"pa_attivita-running-fr","13":"pa_attivita-trail-fr","14":"pa_marca-wild-tee-fr","15":"pa_sesso-femme","16":"pa_size-extra-small-fr","17":"pa_size-medium-fr","19":"first","20":"instock","21":"sale","22":"taxable","23":"shipping-taxable","24":"purchasable","25":"product-type-variable","26":"wvs-archive-product-wrapper"},"acf":[],"yoast_head":"<!-- This site is optimized with the Yoast SEO plugin v26.8 - https:\/\/yoast.com\/product\/yoast-seo-wordpress\/ -->\n<title>Wild TeeOrchidea D\u00e9bardeur femme - Gilet de course - MioMioRun<\/title>\n<meta name=\"description\" content=\"D\u00e9bardeur technique, l\u00e9ger et respirant en Micromesh doux comme de la soie, id\u00e9al pour la montagne ou un verre entre amis.\" \/>\n<meta name=\"robots\" content=\"index, follow, max-snippet:-1, max-image-preview:large, max-video-preview:-1\" \/>\n<link rel=\"canonical\" href=\"https:\/\/www.miomiorun.com\/fr\/produit\/orchidea-debardeur-femme\/\" \/>\n<meta property=\"og:locale\" content=\"fr_FR\" \/>\n<meta property=\"og:type\" content=\"article\" \/>\n<meta property=\"og:title\" content=\"Wild TeeOrchidea D\u00e9bardeur femme - Gilet de course - MioMioRun\" \/>\n<meta property=\"og:description\" content=\"D\u00e9bardeur technique, l\u00e9ger et respirant en Micromesh doux comme de la soie, id\u00e9al pour la montagne ou un verre entre amis.\" \/>\n<meta property=\"og:url\" content=\"https:\/\/www.miomiorun.com\/fr\/produit\/orchidea-debardeur-femme\/\" \/>\n<meta property=\"og:site_name\" content=\"MioMioRun\" \/>\n<meta property=\"article:publisher\" content=\"https:\/\/www.facebook.com\/miomiorun\/\" \/>\n<meta property=\"article:modified_time\" content=\"2026-05-08T19:51:25+00:00\" \/>\n<meta property=\"og:image\" content=\"https:\/\/www.miomiorun.com\/app\/uploads\/2023\/11\/wild-tee-orchidea-canotta-donna-WT019WT156.jpg\" \/>\n\t<meta property=\"og:image:width\" content=\"600\" \/>\n\t<meta property=\"og:image:height\" content=\"600\" \/>\n\t<meta property=\"og:image:type\" content=\"image\/jpeg\" \/>\n<meta name=\"twitter:card\" content=\"summary_large_image\" \/>\n<meta name=\"twitter:label1\" content=\"Est. reading time\" \/>\n\t<meta name=\"twitter:data1\" content=\"1 minute\" \/>\n<script type=\"application\/ld+json\" class=\"yoast-schema-graph\">{\"@context\":\"https:\/\/schema.org\",\"@graph\":[{\"@type\":\"WebPage\",\"@id\":\"https:\/\/www.miomiorun.com\/fr\/produit\/orchidea-debardeur-femme\/\",\"url\":\"https:\/\/www.miomiorun.com\/fr\/produit\/orchidea-debardeur-femme\/\",\"name\":\"Wild TeeOrchidea D\u00e9bardeur femme - Gilet de course - MioMioRun\",\"isPartOf\":{\"@id\":\"https:\/\/www.miomiorun.com\/fr\/#website\"},\"primaryImageOfPage\":{\"@id\":\"https:\/\/www.miomiorun.com\/fr\/produit\/orchidea-debardeur-femme\/#primaryimage\"},\"image\":{\"@id\":\"https:\/\/www.miomiorun.com\/fr\/produit\/orchidea-debardeur-femme\/#primaryimage\"},\"thumbnailUrl\":\"https:\/\/www.miomiorun.com\/app\/uploads\/2023\/11\/wild-tee-orchidea-canotta-donna-WT019WT156.jpg\",\"datePublished\":\"2023-11-09T13:06:20+00:00\",\"dateModified\":\"2026-05-08T19:51:25+00:00\",\"description\":\"D\u00e9bardeur technique, l\u00e9ger et respirant en Micromesh doux comme de la soie, id\u00e9al pour la montagne ou un verre entre amis.\",\"breadcrumb\":{\"@id\":\"https:\/\/www.miomiorun.com\/fr\/produit\/orchidea-debardeur-femme\/#breadcrumb\"},\"inLanguage\":\"fr-FR\",\"potentialAction\":[{\"@type\":\"ReadAction\",\"target\":[\"https:\/\/www.miomiorun.com\/fr\/produit\/orchidea-debardeur-femme\/\"]}]},{\"@type\":\"ImageObject\",\"inLanguage\":\"fr-FR\",\"@id\":\"https:\/\/www.miomiorun.com\/fr\/produit\/orchidea-debardeur-femme\/#primaryimage\",\"url\":\"https:\/\/www.miomiorun.com\/app\/uploads\/2023\/11\/wild-tee-orchidea-canotta-donna-WT019WT156.jpg\",\"contentUrl\":\"https:\/\/www.miomiorun.com\/app\/uploads\/2023\/11\/wild-tee-orchidea-canotta-donna-WT019WT156.jpg\",\"width\":600,\"height\":600,\"caption\":\"wild-tee-orchidea-canotta-donna-WT019WT156\"},{\"@type\":\"BreadcrumbList\",\"@id\":\"https:\/\/www.miomiorun.com\/fr\/produit\/orchidea-debardeur-femme\/#breadcrumb\",\"itemListElement\":[{\"@type\":\"ListItem\",\"position\":1,\"name\":\"Home\",\"item\":\"https:\/\/www.miomiorun.com\/fr\/home-page\/\"},{\"@type\":\"ListItem\",\"position\":2,\"name\":\"Shop\",\"item\":\"https:\/\/www.miomiorun.com\/shop\/\"},{\"@type\":\"ListItem\",\"position\":3,\"name\":\"Orchidea D\u00e9bardeur femme\"}]},{\"@type\":\"WebSite\",\"@id\":\"https:\/\/www.miomiorun.com\/fr\/#website\",\"url\":\"https:\/\/www.miomiorun.com\/fr\/\",\"name\":\"MioMioRun\",\"description\":\"Boutique 100% running et trail\",\"publisher\":{\"@id\":\"https:\/\/www.miomiorun.com\/fr\/#organization\"},\"potentialAction\":[{\"@type\":\"SearchAction\",\"target\":{\"@type\":\"EntryPoint\",\"urlTemplate\":\"https:\/\/www.miomiorun.com\/fr\/?s={search_term_string}\"},\"query-input\":{\"@type\":\"PropertyValueSpecification\",\"valueRequired\":true,\"valueName\":\"search_term_string\"}}],\"inLanguage\":\"fr-FR\"},{\"@type\":\"Organization\",\"@id\":\"https:\/\/www.miomiorun.com\/fr\/#organization\",\"name\":\"MioMio Run\",\"url\":\"https:\/\/www.miomiorun.com\/fr\/\",\"logo\":{\"@type\":\"ImageObject\",\"inLanguage\":\"fr-FR\",\"@id\":\"https:\/\/www.miomiorun.com\/fr\/#\/schema\/logo\/image\/\",\"url\":\"https:\/\/www.miomiorun.com\/app\/uploads\/2019\/12\/logomio.png\",\"contentUrl\":\"https:\/\/www.miomiorun.com\/app\/uploads\/2019\/12\/logomio.png\",\"width\":115,\"height\":82,\"caption\":\"MioMio Run\"},\"image\":{\"@id\":\"https:\/\/www.miomiorun.com\/fr\/#\/schema\/logo\/image\/\"},\"sameAs\":[\"https:\/\/www.facebook.com\/miomiorun\/\",\"https:\/\/www.instagram.com\/miomiorun\/\"]}]}<\/script>\n<!-- \/ Yoast SEO plugin. -->","yoast_head_json":{"title":"Wild TeeOrchidea D\u00e9bardeur femme - Gilet de course - MioMioRun","description":"D\u00e9bardeur technique, l\u00e9ger et respirant en Micromesh doux comme de la soie, id\u00e9al pour la montagne ou un verre entre amis.","robots":{"index":"index","follow":"follow","max-snippet":"max-snippet:-1","max-image-preview":"max-image-preview:large","max-video-preview":"max-video-preview:-1"},"canonical":"https:\/\/www.miomiorun.com\/fr\/produit\/orchidea-debardeur-femme\/","og_locale":"fr_FR","og_type":"article","og_title":"Wild TeeOrchidea D\u00e9bardeur femme - Gilet de course - MioMioRun","og_description":"D\u00e9bardeur technique, l\u00e9ger et respirant en Micromesh doux comme de la soie, id\u00e9al pour la montagne ou un verre entre amis.","og_url":"https:\/\/www.miomiorun.com\/fr\/produit\/orchidea-debardeur-femme\/","og_site_name":"MioMioRun","article_publisher":"https:\/\/www.facebook.com\/miomiorun\/","article_modified_time":"2026-05-08T19:51:25+00:00","og_image":[{"width":600,"height":600,"url":"https:\/\/www.miomiorun.com\/app\/uploads\/2023\/11\/wild-tee-orchidea-canotta-donna-WT019WT156.jpg","type":"image\/jpeg"}],"twitter_card":"summary_large_image","twitter_misc":{"Est. reading time":"1 minute"},"schema":{"@context":"https:\/\/schema.org","@graph":[{"@type":"WebPage","@id":"https:\/\/www.miomiorun.com\/fr\/produit\/orchidea-debardeur-femme\/","url":"https:\/\/www.miomiorun.com\/fr\/produit\/orchidea-debardeur-femme\/","name":"Wild TeeOrchidea D\u00e9bardeur femme - Gilet de course - MioMioRun","isPartOf":{"@id":"https:\/\/www.miomiorun.com\/fr\/#website"},"primaryImageOfPage":{"@id":"https:\/\/www.miomiorun.com\/fr\/produit\/orchidea-debardeur-femme\/#primaryimage"},"image":{"@id":"https:\/\/www.miomiorun.com\/fr\/produit\/orchidea-debardeur-femme\/#primaryimage"},"thumbnailUrl":"https:\/\/www.miomiorun.com\/app\/uploads\/2023\/11\/wild-tee-orchidea-canotta-donna-WT019WT156.jpg","datePublished":"2023-11-09T13:06:20+00:00","dateModified":"2026-05-08T19:51:25+00:00","description":"D\u00e9bardeur technique, l\u00e9ger et respirant en Micromesh doux comme de la soie, id\u00e9al pour la montagne ou un verre entre amis.","breadcrumb":{"@id":"https:\/\/www.miomiorun.com\/fr\/produit\/orchidea-debardeur-femme\/#breadcrumb"},"inLanguage":"fr-FR","potentialAction":[{"@type":"ReadAction","target":["https:\/\/www.miomiorun.com\/fr\/produit\/orchidea-debardeur-femme\/"]}]},{"@type":"ImageObject","inLanguage":"fr-FR","@id":"https:\/\/www.miomiorun.com\/fr\/produit\/orchidea-debardeur-femme\/#primaryimage","url":"https:\/\/www.miomiorun.com\/app\/uploads\/2023\/11\/wild-tee-orchidea-canotta-donna-WT019WT156.jpg","contentUrl":"https:\/\/www.miomiorun.com\/app\/uploads\/2023\/11\/wild-tee-orchidea-canotta-donna-WT019WT156.jpg","width":600,"height":600,"caption":"wild-tee-orchidea-canotta-donna-WT019WT156"},{"@type":"BreadcrumbList","@id":"https:\/\/www.miomiorun.com\/fr\/produit\/orchidea-debardeur-femme\/#breadcrumb","itemListElement":[{"@type":"ListItem","position":1,"name":"Home","item":"https:\/\/www.miomiorun.com\/fr\/home-page\/"},{"@type":"ListItem","position":2,"name":"Shop","item":"https:\/\/www.miomiorun.com\/shop\/"},{"@type":"ListItem","position":3,"name":"Orchidea D\u00e9bardeur femme"}]},{"@type":"WebSite","@id":"https:\/\/www.miomiorun.com\/fr\/#website","url":"https:\/\/www.miomiorun.com\/fr\/","name":"MioMioRun","description":"Boutique 100% running et trail","publisher":{"@id":"https:\/\/www.miomiorun.com\/fr\/#organization"},"potentialAction":[{"@type":"SearchAction","target":{"@type":"EntryPoint","urlTemplate":"https:\/\/www.miomiorun.com\/fr\/?s={search_term_string}"},"query-input":{"@type":"PropertyValueSpecification","valueRequired":true,"valueName":"search_term_string"}}],"inLanguage":"fr-FR"},{"@type":"Organization","@id":"https:\/\/www.miomiorun.com\/fr\/#organization","name":"MioMio Run","url":"https:\/\/www.miomiorun.com\/fr\/","logo":{"@type":"ImageObject","inLanguage":"fr-FR","@id":"https:\/\/www.miomiorun.com\/fr\/#\/schema\/logo\/image\/","url":"https:\/\/www.miomiorun.com\/app\/uploads\/2019\/12\/logomio.png","contentUrl":"https:\/\/www.miomiorun.com\/app\/uploads\/2019\/12\/logomio.png","width":115,"height":82,"caption":"MioMio Run"},"image":{"@id":"https:\/\/www.miomiorun.com\/fr\/#\/schema\/logo\/image\/"},"sameAs":["https:\/\/www.facebook.com\/miomiorun\/","https:\/\/www.instagram.com\/miomiorun\/"]}]}},"_links":{"self":[{"href":"https:\/\/www.miomiorun.com\/fr\/wp-json\/wp\/v2\/product\/288053","targetHints":{"allow":["GET"]}}],"collection":[{"href":"https:\/\/www.miomiorun.com\/fr\/wp-json\/wp\/v2\/product"}],"about":[{"href":"https:\/\/www.miomiorun.com\/fr\/wp-json\/wp\/v2\/types\/product"}],"wp:featuredmedia":[{"embeddable":true,"href":"https:\/\/www.miomiorun.com\/fr\/wp-json\/wp\/v2\/media\/244376"}],"wp:attachment":[{"href":"https:\/\/www.miomiorun.com\/fr\/wp-json\/wp\/v2\/media?parent=288053"}],"wp:term":[{"taxonomy":"product_brand","embeddable":true,"href":"https:\/\/www.miomiorun.com\/fr\/wp-json\/wp\/v2\/product_brand?post=288053"},{"taxonomy":"product_cat","embeddable":true,"href":"https:\/\/www.miomiorun.com\/fr\/wp-json\/wp\/v2\/product_cat?post=288053"},{"taxonomy":"product_tag","embeddable":true,"href":"https:\/\/www.miomiorun.com\/fr\/wp-json\/wp\/v2\/product_tag?post=288053"}],"curies":[{"name":"wp","href":"https:\/\/api.w.org\/{rel}","templated":true}]}}