{"id":288048,"date":"2023-11-09T14:12:53","date_gmt":"2023-11-09T13:12:53","guid":{"rendered":"https:\/\/miomiorun.com\/prodotto\/antelope-2-0-pantaloncini-donna\/"},"modified":"2026-05-08T21:51:07","modified_gmt":"2026-05-08T19:51:07","slug":"antelope-2-0-shorts-femmes","status":"publish","type":"product","link":"https:\/\/www.miomiorun.com\/fr\/produit\/antelope-2-0-shorts-femmes\/","title":{"rendered":"Antelope 2.0 Shorts femmes"},"content":{"rendered":"<p>Les poches lat\u00e9rales sont d\u00e9sormais plus grandes de 6 %, ce qui permet de transporter des gels, des barres, un tube multifonctionnel et de les avoir toujours \u00e0 port\u00e9e de main lors des activit\u00e9s les plus longues. La poche arri\u00e8re est dot\u00e9e d&#8217;une nouvelle fermeture \u00e0 glissi\u00e8re YKK et peut contenir des smartphones jusqu&#8217;\u00e0 160 x 85 mm. Le tissu souple en polyester recycl\u00e9 all\u00e8ge cette nouvelle version de 22 %.<\/p>\n<div class=\"description-product\">\n<h3 class=\"title-description\">Caract\u00e9ristiques<\/h3>\n<div>\n<ul>\n<li>Short 2-en-1 l\u00e9ger et respirant avec 4 poches et une poche arri\u00e8re centrale avec fermeture \u00e0 glissi\u00e8re de s\u00e9curit\u00e9.<\/li>\n<li>Short int\u00e9rieur confortable et protecteur.<\/li>\n<li>Logo r\u00e9fl\u00e9chissant sur le devant et cordon de serrage Wild Tee personnalis\u00e9.<\/li>\n<li>Coupe confortable.<\/li>\n<\/ul>\n<div class=\"istruzioni\">\n<h3>Instructions de lavage<\/h3>\n<div>\n<p>Les produits Wild Tee sont faits pour durer, l&#8217;entretien est tr\u00e8s simple : lavage \u00e0 l&#8217;envers, en machine \u00e0 laver, programme pour v\u00eatements de sport, sans assouplissant, maximum 40\u00b0C, s\u00e9chage \u00e0 l&#8217;air libre.<\/p>\n<div class=\"tab-composizione\">\n<h3>Composition : Tissu ext\u00e9rieur : 100 % extensible dans les 4 sens, sans assouplissant.<\/h3>\n<div>Tissu ext\u00e9rieur : 100% Polyester recycl\u00e9 extensible dans les 4 sens, imprim\u00e9 par sublimation. Slip int\u00e9rieur et poches : 93% Polyester recycl\u00e9, 7% spandex.<\/div>\n<div><\/div>\n<\/div>\n<\/div>\n<\/div>\n<\/div>\n<\/div>\n<p>&nbsp;<\/p>\n<p>&nbsp;<\/p>\n<p>&nbsp;<\/p>\n","protected":false},"excerpt":{"rendered":"<ul>\n<li>ideale per praticare sport all&#8217; aperto<\/li>\n<li>elasticizzato in vita e comodo sulla gamba<\/li>\n<li>tasca per porta oggetti<\/li>\n<\/ul>\n","protected":false},"featured_media":244378,"template":"","meta":{"_acf_changed":false,"inline_featured_image":false},"product_brand":[],"product_cat":[22602,22596,22595],"product_tag":[23528,23568],"class_list":{"0":"post-288048","1":"product","2":"type-product","3":"status-publish","4":"has-post-thumbnail","6":"product_cat-pantalon-court","7":"product_cat-vetements-pour-femmes","8":"product_cat-femme","9":"product_tag-wild-tee-fr","10":"product_tag-wild-tee-femme","11":"pa_attivita-marcher","12":"pa_attivita-running-fr","13":"pa_attivita-trail-fr","14":"pa_marca-wild-tee-fr","15":"pa_sesso-femme","16":"pa_size-extra-small-fr","17":"pa_size-large-fr","19":"first","20":"instock","21":"sale","22":"taxable","23":"shipping-taxable","24":"purchasable","25":"product-type-variable","26":"wvs-archive-product-wrapper"},"acf":[],"yoast_head":"<!-- This site is optimized with the Yoast SEO plugin v26.8 - https:\/\/yoast.com\/product\/yoast-seo-wordpress\/ -->\n<title>Wild Tee Antelope 2.0 Shorts femmes - Shorts pour femmes - MioMioRun<\/title>\n<meta name=\"description\" content=\"Short 2-en-1 l\u00e9ger et respirant avec 4 poches et une poche arri\u00e8re centrale avec fermeture \u00e9clair de s\u00e9curit\u00e9.\" \/>\n<meta name=\"robots\" content=\"index, follow, max-snippet:-1, max-image-preview:large, max-video-preview:-1\" \/>\n<link rel=\"canonical\" href=\"https:\/\/www.miomiorun.com\/fr\/produit\/antelope-2-0-shorts-femmes\/\" \/>\n<meta property=\"og:locale\" content=\"fr_FR\" \/>\n<meta property=\"og:type\" content=\"article\" \/>\n<meta property=\"og:title\" content=\"Wild Tee Antelope 2.0 Shorts femmes - Shorts pour femmes - MioMioRun\" \/>\n<meta property=\"og:description\" content=\"Short 2-en-1 l\u00e9ger et respirant avec 4 poches et une poche arri\u00e8re centrale avec fermeture \u00e9clair de s\u00e9curit\u00e9.\" \/>\n<meta property=\"og:url\" content=\"https:\/\/www.miomiorun.com\/fr\/produit\/antelope-2-0-shorts-femmes\/\" \/>\n<meta property=\"og:site_name\" content=\"MioMioRun\" \/>\n<meta property=\"article:publisher\" content=\"https:\/\/www.facebook.com\/miomiorun\/\" \/>\n<meta property=\"article:modified_time\" content=\"2026-05-08T19:51:07+00:00\" \/>\n<meta property=\"og:image\" content=\"https:\/\/www.miomiorun.com\/app\/uploads\/2023\/11\/wild-tee-antelope-2.0-panta-donna-nero-WT200WT05.jpg\" \/>\n\t<meta property=\"og:image:width\" content=\"600\" \/>\n\t<meta property=\"og:image:height\" content=\"600\" \/>\n\t<meta property=\"og:image:type\" content=\"image\/jpeg\" \/>\n<meta name=\"twitter:card\" content=\"summary_large_image\" \/>\n<meta name=\"twitter:label1\" content=\"Est. reading time\" \/>\n\t<meta name=\"twitter:data1\" content=\"1 minute\" \/>\n<script type=\"application\/ld+json\" class=\"yoast-schema-graph\">{\"@context\":\"https:\/\/schema.org\",\"@graph\":[{\"@type\":\"WebPage\",\"@id\":\"https:\/\/www.miomiorun.com\/fr\/produit\/antelope-2-0-shorts-femmes\/\",\"url\":\"https:\/\/www.miomiorun.com\/fr\/produit\/antelope-2-0-shorts-femmes\/\",\"name\":\"Wild Tee Antelope 2.0 Shorts femmes - Shorts pour femmes - MioMioRun\",\"isPartOf\":{\"@id\":\"https:\/\/www.miomiorun.com\/fr\/#website\"},\"primaryImageOfPage\":{\"@id\":\"https:\/\/www.miomiorun.com\/fr\/produit\/antelope-2-0-shorts-femmes\/#primaryimage\"},\"image\":{\"@id\":\"https:\/\/www.miomiorun.com\/fr\/produit\/antelope-2-0-shorts-femmes\/#primaryimage\"},\"thumbnailUrl\":\"https:\/\/www.miomiorun.com\/app\/uploads\/2023\/11\/wild-tee-antelope-2.0-panta-donna-nero-WT200WT05.jpg\",\"datePublished\":\"2023-11-09T13:12:53+00:00\",\"dateModified\":\"2026-05-08T19:51:07+00:00\",\"description\":\"Short 2-en-1 l\u00e9ger et respirant avec 4 poches et une poche arri\u00e8re centrale avec fermeture \u00e9clair de s\u00e9curit\u00e9.\",\"breadcrumb\":{\"@id\":\"https:\/\/www.miomiorun.com\/fr\/produit\/antelope-2-0-shorts-femmes\/#breadcrumb\"},\"inLanguage\":\"fr-FR\",\"potentialAction\":[{\"@type\":\"ReadAction\",\"target\":[\"https:\/\/www.miomiorun.com\/fr\/produit\/antelope-2-0-shorts-femmes\/\"]}]},{\"@type\":\"ImageObject\",\"inLanguage\":\"fr-FR\",\"@id\":\"https:\/\/www.miomiorun.com\/fr\/produit\/antelope-2-0-shorts-femmes\/#primaryimage\",\"url\":\"https:\/\/www.miomiorun.com\/app\/uploads\/2023\/11\/wild-tee-antelope-2.0-panta-donna-nero-WT200WT05.jpg\",\"contentUrl\":\"https:\/\/www.miomiorun.com\/app\/uploads\/2023\/11\/wild-tee-antelope-2.0-panta-donna-nero-WT200WT05.jpg\",\"width\":600,\"height\":600,\"caption\":\"wild-tee-antelope-2.0-panta-donna-nero-WT200WT05\"},{\"@type\":\"BreadcrumbList\",\"@id\":\"https:\/\/www.miomiorun.com\/fr\/produit\/antelope-2-0-shorts-femmes\/#breadcrumb\",\"itemListElement\":[{\"@type\":\"ListItem\",\"position\":1,\"name\":\"Home\",\"item\":\"https:\/\/www.miomiorun.com\/fr\/home-page\/\"},{\"@type\":\"ListItem\",\"position\":2,\"name\":\"Shop\",\"item\":\"https:\/\/www.miomiorun.com\/shop\/\"},{\"@type\":\"ListItem\",\"position\":3,\"name\":\"Antelope 2.0 Shorts femmes\"}]},{\"@type\":\"WebSite\",\"@id\":\"https:\/\/www.miomiorun.com\/fr\/#website\",\"url\":\"https:\/\/www.miomiorun.com\/fr\/\",\"name\":\"MioMioRun\",\"description\":\"Boutique 100% running et trail\",\"publisher\":{\"@id\":\"https:\/\/www.miomiorun.com\/fr\/#organization\"},\"potentialAction\":[{\"@type\":\"SearchAction\",\"target\":{\"@type\":\"EntryPoint\",\"urlTemplate\":\"https:\/\/www.miomiorun.com\/fr\/?s={search_term_string}\"},\"query-input\":{\"@type\":\"PropertyValueSpecification\",\"valueRequired\":true,\"valueName\":\"search_term_string\"}}],\"inLanguage\":\"fr-FR\"},{\"@type\":\"Organization\",\"@id\":\"https:\/\/www.miomiorun.com\/fr\/#organization\",\"name\":\"MioMio Run\",\"url\":\"https:\/\/www.miomiorun.com\/fr\/\",\"logo\":{\"@type\":\"ImageObject\",\"inLanguage\":\"fr-FR\",\"@id\":\"https:\/\/www.miomiorun.com\/fr\/#\/schema\/logo\/image\/\",\"url\":\"https:\/\/www.miomiorun.com\/app\/uploads\/2019\/12\/logomio.png\",\"contentUrl\":\"https:\/\/www.miomiorun.com\/app\/uploads\/2019\/12\/logomio.png\",\"width\":115,\"height\":82,\"caption\":\"MioMio Run\"},\"image\":{\"@id\":\"https:\/\/www.miomiorun.com\/fr\/#\/schema\/logo\/image\/\"},\"sameAs\":[\"https:\/\/www.facebook.com\/miomiorun\/\",\"https:\/\/www.instagram.com\/miomiorun\/\"]}]}<\/script>\n<!-- \/ Yoast SEO plugin. -->","yoast_head_json":{"title":"Wild Tee Antelope 2.0 Shorts femmes - Shorts pour femmes - MioMioRun","description":"Short 2-en-1 l\u00e9ger et respirant avec 4 poches et une poche arri\u00e8re centrale avec fermeture \u00e9clair de s\u00e9curit\u00e9.","robots":{"index":"index","follow":"follow","max-snippet":"max-snippet:-1","max-image-preview":"max-image-preview:large","max-video-preview":"max-video-preview:-1"},"canonical":"https:\/\/www.miomiorun.com\/fr\/produit\/antelope-2-0-shorts-femmes\/","og_locale":"fr_FR","og_type":"article","og_title":"Wild Tee Antelope 2.0 Shorts femmes - Shorts pour femmes - MioMioRun","og_description":"Short 2-en-1 l\u00e9ger et respirant avec 4 poches et une poche arri\u00e8re centrale avec fermeture \u00e9clair de s\u00e9curit\u00e9.","og_url":"https:\/\/www.miomiorun.com\/fr\/produit\/antelope-2-0-shorts-femmes\/","og_site_name":"MioMioRun","article_publisher":"https:\/\/www.facebook.com\/miomiorun\/","article_modified_time":"2026-05-08T19:51:07+00:00","og_image":[{"width":600,"height":600,"url":"https:\/\/www.miomiorun.com\/app\/uploads\/2023\/11\/wild-tee-antelope-2.0-panta-donna-nero-WT200WT05.jpg","type":"image\/jpeg"}],"twitter_card":"summary_large_image","twitter_misc":{"Est. reading time":"1 minute"},"schema":{"@context":"https:\/\/schema.org","@graph":[{"@type":"WebPage","@id":"https:\/\/www.miomiorun.com\/fr\/produit\/antelope-2-0-shorts-femmes\/","url":"https:\/\/www.miomiorun.com\/fr\/produit\/antelope-2-0-shorts-femmes\/","name":"Wild Tee Antelope 2.0 Shorts femmes - Shorts pour femmes - MioMioRun","isPartOf":{"@id":"https:\/\/www.miomiorun.com\/fr\/#website"},"primaryImageOfPage":{"@id":"https:\/\/www.miomiorun.com\/fr\/produit\/antelope-2-0-shorts-femmes\/#primaryimage"},"image":{"@id":"https:\/\/www.miomiorun.com\/fr\/produit\/antelope-2-0-shorts-femmes\/#primaryimage"},"thumbnailUrl":"https:\/\/www.miomiorun.com\/app\/uploads\/2023\/11\/wild-tee-antelope-2.0-panta-donna-nero-WT200WT05.jpg","datePublished":"2023-11-09T13:12:53+00:00","dateModified":"2026-05-08T19:51:07+00:00","description":"Short 2-en-1 l\u00e9ger et respirant avec 4 poches et une poche arri\u00e8re centrale avec fermeture \u00e9clair de s\u00e9curit\u00e9.","breadcrumb":{"@id":"https:\/\/www.miomiorun.com\/fr\/produit\/antelope-2-0-shorts-femmes\/#breadcrumb"},"inLanguage":"fr-FR","potentialAction":[{"@type":"ReadAction","target":["https:\/\/www.miomiorun.com\/fr\/produit\/antelope-2-0-shorts-femmes\/"]}]},{"@type":"ImageObject","inLanguage":"fr-FR","@id":"https:\/\/www.miomiorun.com\/fr\/produit\/antelope-2-0-shorts-femmes\/#primaryimage","url":"https:\/\/www.miomiorun.com\/app\/uploads\/2023\/11\/wild-tee-antelope-2.0-panta-donna-nero-WT200WT05.jpg","contentUrl":"https:\/\/www.miomiorun.com\/app\/uploads\/2023\/11\/wild-tee-antelope-2.0-panta-donna-nero-WT200WT05.jpg","width":600,"height":600,"caption":"wild-tee-antelope-2.0-panta-donna-nero-WT200WT05"},{"@type":"BreadcrumbList","@id":"https:\/\/www.miomiorun.com\/fr\/produit\/antelope-2-0-shorts-femmes\/#breadcrumb","itemListElement":[{"@type":"ListItem","position":1,"name":"Home","item":"https:\/\/www.miomiorun.com\/fr\/home-page\/"},{"@type":"ListItem","position":2,"name":"Shop","item":"https:\/\/www.miomiorun.com\/shop\/"},{"@type":"ListItem","position":3,"name":"Antelope 2.0 Shorts femmes"}]},{"@type":"WebSite","@id":"https:\/\/www.miomiorun.com\/fr\/#website","url":"https:\/\/www.miomiorun.com\/fr\/","name":"MioMioRun","description":"Boutique 100% running et trail","publisher":{"@id":"https:\/\/www.miomiorun.com\/fr\/#organization"},"potentialAction":[{"@type":"SearchAction","target":{"@type":"EntryPoint","urlTemplate":"https:\/\/www.miomiorun.com\/fr\/?s={search_term_string}"},"query-input":{"@type":"PropertyValueSpecification","valueRequired":true,"valueName":"search_term_string"}}],"inLanguage":"fr-FR"},{"@type":"Organization","@id":"https:\/\/www.miomiorun.com\/fr\/#organization","name":"MioMio Run","url":"https:\/\/www.miomiorun.com\/fr\/","logo":{"@type":"ImageObject","inLanguage":"fr-FR","@id":"https:\/\/www.miomiorun.com\/fr\/#\/schema\/logo\/image\/","url":"https:\/\/www.miomiorun.com\/app\/uploads\/2019\/12\/logomio.png","contentUrl":"https:\/\/www.miomiorun.com\/app\/uploads\/2019\/12\/logomio.png","width":115,"height":82,"caption":"MioMio Run"},"image":{"@id":"https:\/\/www.miomiorun.com\/fr\/#\/schema\/logo\/image\/"},"sameAs":["https:\/\/www.facebook.com\/miomiorun\/","https:\/\/www.instagram.com\/miomiorun\/"]}]}},"_links":{"self":[{"href":"https:\/\/www.miomiorun.com\/fr\/wp-json\/wp\/v2\/product\/288048","targetHints":{"allow":["GET"]}}],"collection":[{"href":"https:\/\/www.miomiorun.com\/fr\/wp-json\/wp\/v2\/product"}],"about":[{"href":"https:\/\/www.miomiorun.com\/fr\/wp-json\/wp\/v2\/types\/product"}],"wp:featuredmedia":[{"embeddable":true,"href":"https:\/\/www.miomiorun.com\/fr\/wp-json\/wp\/v2\/media\/244378"}],"wp:attachment":[{"href":"https:\/\/www.miomiorun.com\/fr\/wp-json\/wp\/v2\/media?parent=288048"}],"wp:term":[{"taxonomy":"product_brand","embeddable":true,"href":"https:\/\/www.miomiorun.com\/fr\/wp-json\/wp\/v2\/product_brand?post=288048"},{"taxonomy":"product_cat","embeddable":true,"href":"https:\/\/www.miomiorun.com\/fr\/wp-json\/wp\/v2\/product_cat?post=288048"},{"taxonomy":"product_tag","embeddable":true,"href":"https:\/\/www.miomiorun.com\/fr\/wp-json\/wp\/v2\/product_tag?post=288048"}],"curies":[{"name":"wp","href":"https:\/\/api.w.org\/{rel}","templated":true}]}}