{"id":288033,"date":"2023-11-09T15:47:54","date_gmt":"2023-11-09T14:47:54","guid":{"rendered":"https:\/\/miomiorun.com\/prodotto\/lean-plus\/"},"modified":"2025-06-18T18:27:09","modified_gmt":"2025-06-18T16:27:09","slug":"lean-plus","status":"publish","type":"product","link":"https:\/\/www.miomiorun.com\/fr\/produit\/lean-plus\/","title":{"rendered":"Lean Plus"},"content":{"rendered":"<p>Le brassard<strong> Nike Lean Plus<\/strong> vous permet de garder votre t\u00e9l\u00e9phone \u00e0 port\u00e9e de main sans vous encombrer, o\u00f9 que vous soyez &#8211; \u00e0 la salle de sport, sur la piste ou dans la rue. L&#8217;acc\u00e8s \u00e0 l&#8217;\u00e9cran tactile est garanti par la fen\u00eatre de protection, tandis que des ouvertures strat\u00e9giques permettent d&#8217;acc\u00e9der aux boutons, au port et \u00e0 l&#8217;appareil photo, pour un brassard d&#8217;une praticit\u00e9 exceptionnelle.<\/p>\n<p><strong>Caract\u00e9ristiques :<\/strong><\/p>\n<ul>\n<li>Support de t\u00e9l\u00e9phone pour brassard<\/li>\n<li>Pratique<\/li>\n<\/ul>\n","protected":false},"excerpt":{"rendered":"<ul>\n<li>\u00a0Support de t\u00e9l\u00e9phone pour bras<\/li>\n<li>Id\u00e9al pour courir et \u00e9couter de la musique Bandeau pour bras<\/li>\n<\/ul>\n","protected":false},"featured_media":246058,"template":"","meta":{"_acf_changed":false,"inline_featured_image":false},"product_brand":[],"product_cat":[22586,22538],"product_tag":[23507],"class_list":{"0":"post-288033","1":"product","2":"type-product","3":"status-publish","4":"has-post-thumbnail","6":"product_cat-divers","7":"product_cat-accessoires","8":"product_tag-nike-fr","9":"pa_attivita-fitness-fr","10":"pa_attivita-marcher","11":"pa_attivita-running-fr","12":"pa_colore-lean-arm-band-plus-bk-bk-sl-fr","13":"pa_colore-lean-arm-band-plus-vt-bk-sl-fr","14":"pa_marca-nike-fr","15":"pa_sesso-femme","16":"pa_sesso-homme","18":"first","19":"instock","20":"sale","21":"taxable","22":"shipping-taxable","23":"purchasable","24":"product-type-variable","25":"wvs-archive-product-wrapper"},"acf":[],"yoast_head":"<!-- This site is optimized with the Yoast SEO plugin v26.8 - https:\/\/yoast.com\/product\/yoast-seo-wordpress\/ -->\n<title>NikeLean Plus - Bandage pour le bras - MioMioRun<\/title>\n<meta name=\"description\" content=\"Le Lean Plus vous permet de garder votre t\u00e9l\u00e9phone \u00e0 port\u00e9e de main sans occuper vos mains, o\u00f9 que vous soyez, dans la salle de sport, sur la piste ou dans la rue.\" \/>\n<meta name=\"robots\" content=\"index, follow, max-snippet:-1, max-image-preview:large, max-video-preview:-1\" \/>\n<link rel=\"canonical\" href=\"https:\/\/www.miomiorun.com\/fr\/produit\/lean-plus\/\" \/>\n<meta property=\"og:locale\" content=\"fr_FR\" \/>\n<meta property=\"og:type\" content=\"article\" \/>\n<meta property=\"og:title\" content=\"NikeLean Plus - Bandage pour le bras - MioMioRun\" \/>\n<meta property=\"og:description\" content=\"Le Lean Plus vous permet de garder votre t\u00e9l\u00e9phone \u00e0 port\u00e9e de main sans occuper vos mains, o\u00f9 que vous soyez, dans la salle de sport, sur la piste ou dans la rue.\" \/>\n<meta property=\"og:url\" content=\"https:\/\/www.miomiorun.com\/fr\/produit\/lean-plus\/\" \/>\n<meta property=\"og:site_name\" content=\"MioMioRun\" \/>\n<meta property=\"article:publisher\" content=\"https:\/\/www.facebook.com\/miomiorun\/\" \/>\n<meta property=\"article:modified_time\" content=\"2025-06-18T16:27:09+00:00\" \/>\n<meta property=\"og:image\" content=\"https:\/\/www.miomiorun.com\/app\/uploads\/2023\/11\/nike-LEAN-ARM-BAND-PLUS-BK-BK-SL-NRN760820S.webp\" \/>\n\t<meta property=\"og:image:width\" content=\"600\" \/>\n\t<meta property=\"og:image:height\" content=\"600\" \/>\n\t<meta property=\"og:image:type\" content=\"image\/webp\" \/>\n<meta name=\"twitter:card\" content=\"summary_large_image\" \/>\n<script type=\"application\/ld+json\" class=\"yoast-schema-graph\">{\"@context\":\"https:\/\/schema.org\",\"@graph\":[{\"@type\":\"WebPage\",\"@id\":\"https:\/\/www.miomiorun.com\/fr\/produit\/lean-plus\/\",\"url\":\"https:\/\/www.miomiorun.com\/fr\/produit\/lean-plus\/\",\"name\":\"NikeLean Plus - Bandage pour le bras - MioMioRun\",\"isPartOf\":{\"@id\":\"https:\/\/www.miomiorun.com\/fr\/#website\"},\"primaryImageOfPage\":{\"@id\":\"https:\/\/www.miomiorun.com\/fr\/produit\/lean-plus\/#primaryimage\"},\"image\":{\"@id\":\"https:\/\/www.miomiorun.com\/fr\/produit\/lean-plus\/#primaryimage\"},\"thumbnailUrl\":\"https:\/\/www.miomiorun.com\/app\/uploads\/2023\/11\/nike-LEAN-ARM-BAND-PLUS-BK-BK-SL-NRN760820S.webp\",\"datePublished\":\"2023-11-09T14:47:54+00:00\",\"dateModified\":\"2025-06-18T16:27:09+00:00\",\"description\":\"Le Lean Plus vous permet de garder votre t\u00e9l\u00e9phone \u00e0 port\u00e9e de main sans occuper vos mains, o\u00f9 que vous soyez, dans la salle de sport, sur la piste ou dans la rue.\",\"breadcrumb\":{\"@id\":\"https:\/\/www.miomiorun.com\/fr\/produit\/lean-plus\/#breadcrumb\"},\"inLanguage\":\"fr-FR\",\"potentialAction\":[{\"@type\":\"ReadAction\",\"target\":[\"https:\/\/www.miomiorun.com\/fr\/produit\/lean-plus\/\"]}]},{\"@type\":\"ImageObject\",\"inLanguage\":\"fr-FR\",\"@id\":\"https:\/\/www.miomiorun.com\/fr\/produit\/lean-plus\/#primaryimage\",\"url\":\"https:\/\/www.miomiorun.com\/app\/uploads\/2023\/11\/nike-LEAN-ARM-BAND-PLUS-BK-BK-SL-NRN760820S.webp\",\"contentUrl\":\"https:\/\/www.miomiorun.com\/app\/uploads\/2023\/11\/nike-LEAN-ARM-BAND-PLUS-BK-BK-SL-NRN760820S.webp\",\"width\":600,\"height\":600,\"caption\":\"nike LEAN ARM BAND PLUS BK BK SL NRN760820S\"},{\"@type\":\"BreadcrumbList\",\"@id\":\"https:\/\/www.miomiorun.com\/fr\/produit\/lean-plus\/#breadcrumb\",\"itemListElement\":[{\"@type\":\"ListItem\",\"position\":1,\"name\":\"Home\",\"item\":\"https:\/\/www.miomiorun.com\/fr\/home-page\/\"},{\"@type\":\"ListItem\",\"position\":2,\"name\":\"Shop\",\"item\":\"https:\/\/www.miomiorun.com\/shop\/\"},{\"@type\":\"ListItem\",\"position\":3,\"name\":\"Lean Plus\"}]},{\"@type\":\"WebSite\",\"@id\":\"https:\/\/www.miomiorun.com\/fr\/#website\",\"url\":\"https:\/\/www.miomiorun.com\/fr\/\",\"name\":\"MioMioRun\",\"description\":\"Boutique 100% running et trail\",\"publisher\":{\"@id\":\"https:\/\/www.miomiorun.com\/fr\/#organization\"},\"potentialAction\":[{\"@type\":\"SearchAction\",\"target\":{\"@type\":\"EntryPoint\",\"urlTemplate\":\"https:\/\/www.miomiorun.com\/fr\/?s={search_term_string}\"},\"query-input\":{\"@type\":\"PropertyValueSpecification\",\"valueRequired\":true,\"valueName\":\"search_term_string\"}}],\"inLanguage\":\"fr-FR\"},{\"@type\":\"Organization\",\"@id\":\"https:\/\/www.miomiorun.com\/fr\/#organization\",\"name\":\"MioMio Run\",\"url\":\"https:\/\/www.miomiorun.com\/fr\/\",\"logo\":{\"@type\":\"ImageObject\",\"inLanguage\":\"fr-FR\",\"@id\":\"https:\/\/www.miomiorun.com\/fr\/#\/schema\/logo\/image\/\",\"url\":\"https:\/\/www.miomiorun.com\/app\/uploads\/2019\/12\/logomio.png\",\"contentUrl\":\"https:\/\/www.miomiorun.com\/app\/uploads\/2019\/12\/logomio.png\",\"width\":115,\"height\":82,\"caption\":\"MioMio Run\"},\"image\":{\"@id\":\"https:\/\/www.miomiorun.com\/fr\/#\/schema\/logo\/image\/\"},\"sameAs\":[\"https:\/\/www.facebook.com\/miomiorun\/\",\"https:\/\/www.instagram.com\/miomiorun\/\"]}]}<\/script>\n<!-- \/ Yoast SEO plugin. -->","yoast_head_json":{"title":"NikeLean Plus - Bandage pour le bras - MioMioRun","description":"Le Lean Plus vous permet de garder votre t\u00e9l\u00e9phone \u00e0 port\u00e9e de main sans occuper vos mains, o\u00f9 que vous soyez, dans la salle de sport, sur la piste ou dans la rue.","robots":{"index":"index","follow":"follow","max-snippet":"max-snippet:-1","max-image-preview":"max-image-preview:large","max-video-preview":"max-video-preview:-1"},"canonical":"https:\/\/www.miomiorun.com\/fr\/produit\/lean-plus\/","og_locale":"fr_FR","og_type":"article","og_title":"NikeLean Plus - Bandage pour le bras - MioMioRun","og_description":"Le Lean Plus vous permet de garder votre t\u00e9l\u00e9phone \u00e0 port\u00e9e de main sans occuper vos mains, o\u00f9 que vous soyez, dans la salle de sport, sur la piste ou dans la rue.","og_url":"https:\/\/www.miomiorun.com\/fr\/produit\/lean-plus\/","og_site_name":"MioMioRun","article_publisher":"https:\/\/www.facebook.com\/miomiorun\/","article_modified_time":"2025-06-18T16:27:09+00:00","og_image":[{"width":600,"height":600,"url":"https:\/\/www.miomiorun.com\/app\/uploads\/2023\/11\/nike-LEAN-ARM-BAND-PLUS-BK-BK-SL-NRN760820S.webp","type":"image\/webp"}],"twitter_card":"summary_large_image","schema":{"@context":"https:\/\/schema.org","@graph":[{"@type":"WebPage","@id":"https:\/\/www.miomiorun.com\/fr\/produit\/lean-plus\/","url":"https:\/\/www.miomiorun.com\/fr\/produit\/lean-plus\/","name":"NikeLean Plus - Bandage pour le bras - MioMioRun","isPartOf":{"@id":"https:\/\/www.miomiorun.com\/fr\/#website"},"primaryImageOfPage":{"@id":"https:\/\/www.miomiorun.com\/fr\/produit\/lean-plus\/#primaryimage"},"image":{"@id":"https:\/\/www.miomiorun.com\/fr\/produit\/lean-plus\/#primaryimage"},"thumbnailUrl":"https:\/\/www.miomiorun.com\/app\/uploads\/2023\/11\/nike-LEAN-ARM-BAND-PLUS-BK-BK-SL-NRN760820S.webp","datePublished":"2023-11-09T14:47:54+00:00","dateModified":"2025-06-18T16:27:09+00:00","description":"Le Lean Plus vous permet de garder votre t\u00e9l\u00e9phone \u00e0 port\u00e9e de main sans occuper vos mains, o\u00f9 que vous soyez, dans la salle de sport, sur la piste ou dans la rue.","breadcrumb":{"@id":"https:\/\/www.miomiorun.com\/fr\/produit\/lean-plus\/#breadcrumb"},"inLanguage":"fr-FR","potentialAction":[{"@type":"ReadAction","target":["https:\/\/www.miomiorun.com\/fr\/produit\/lean-plus\/"]}]},{"@type":"ImageObject","inLanguage":"fr-FR","@id":"https:\/\/www.miomiorun.com\/fr\/produit\/lean-plus\/#primaryimage","url":"https:\/\/www.miomiorun.com\/app\/uploads\/2023\/11\/nike-LEAN-ARM-BAND-PLUS-BK-BK-SL-NRN760820S.webp","contentUrl":"https:\/\/www.miomiorun.com\/app\/uploads\/2023\/11\/nike-LEAN-ARM-BAND-PLUS-BK-BK-SL-NRN760820S.webp","width":600,"height":600,"caption":"nike LEAN ARM BAND PLUS BK BK SL NRN760820S"},{"@type":"BreadcrumbList","@id":"https:\/\/www.miomiorun.com\/fr\/produit\/lean-plus\/#breadcrumb","itemListElement":[{"@type":"ListItem","position":1,"name":"Home","item":"https:\/\/www.miomiorun.com\/fr\/home-page\/"},{"@type":"ListItem","position":2,"name":"Shop","item":"https:\/\/www.miomiorun.com\/shop\/"},{"@type":"ListItem","position":3,"name":"Lean Plus"}]},{"@type":"WebSite","@id":"https:\/\/www.miomiorun.com\/fr\/#website","url":"https:\/\/www.miomiorun.com\/fr\/","name":"MioMioRun","description":"Boutique 100% running et trail","publisher":{"@id":"https:\/\/www.miomiorun.com\/fr\/#organization"},"potentialAction":[{"@type":"SearchAction","target":{"@type":"EntryPoint","urlTemplate":"https:\/\/www.miomiorun.com\/fr\/?s={search_term_string}"},"query-input":{"@type":"PropertyValueSpecification","valueRequired":true,"valueName":"search_term_string"}}],"inLanguage":"fr-FR"},{"@type":"Organization","@id":"https:\/\/www.miomiorun.com\/fr\/#organization","name":"MioMio Run","url":"https:\/\/www.miomiorun.com\/fr\/","logo":{"@type":"ImageObject","inLanguage":"fr-FR","@id":"https:\/\/www.miomiorun.com\/fr\/#\/schema\/logo\/image\/","url":"https:\/\/www.miomiorun.com\/app\/uploads\/2019\/12\/logomio.png","contentUrl":"https:\/\/www.miomiorun.com\/app\/uploads\/2019\/12\/logomio.png","width":115,"height":82,"caption":"MioMio Run"},"image":{"@id":"https:\/\/www.miomiorun.com\/fr\/#\/schema\/logo\/image\/"},"sameAs":["https:\/\/www.facebook.com\/miomiorun\/","https:\/\/www.instagram.com\/miomiorun\/"]}]}},"_links":{"self":[{"href":"https:\/\/www.miomiorun.com\/fr\/wp-json\/wp\/v2\/product\/288033","targetHints":{"allow":["GET"]}}],"collection":[{"href":"https:\/\/www.miomiorun.com\/fr\/wp-json\/wp\/v2\/product"}],"about":[{"href":"https:\/\/www.miomiorun.com\/fr\/wp-json\/wp\/v2\/types\/product"}],"wp:featuredmedia":[{"embeddable":true,"href":"https:\/\/www.miomiorun.com\/fr\/wp-json\/wp\/v2\/media\/246058"}],"wp:attachment":[{"href":"https:\/\/www.miomiorun.com\/fr\/wp-json\/wp\/v2\/media?parent=288033"}],"wp:term":[{"taxonomy":"product_brand","embeddable":true,"href":"https:\/\/www.miomiorun.com\/fr\/wp-json\/wp\/v2\/product_brand?post=288033"},{"taxonomy":"product_cat","embeddable":true,"href":"https:\/\/www.miomiorun.com\/fr\/wp-json\/wp\/v2\/product_cat?post=288033"},{"taxonomy":"product_tag","embeddable":true,"href":"https:\/\/www.miomiorun.com\/fr\/wp-json\/wp\/v2\/product_tag?post=288033"}],"curies":[{"name":"wp","href":"https:\/\/api.w.org\/{rel}","templated":true}]}}