{"id":288010,"date":"2023-11-11T09:48:12","date_gmt":"2023-11-11T08:48:12","guid":{"rendered":"https:\/\/miomiorun.com\/prodotto\/challenger-waistpack-large\/"},"modified":"2025-06-18T18:33:07","modified_gmt":"2025-06-18T16:33:07","slug":"challenger-waistpack-large","status":"publish","type":"product","link":"https:\/\/www.miomiorun.com\/fr\/produit\/challenger-waistpack-large\/","title":{"rendered":"Challenger Waistpack Large"},"content":{"rendered":"<p>Vous n&#8217;aurez plus \u00e0 faire des choix difficiles quant \u00e0 ce que vous emporterez avec vous lors de votre course. Le compartiment principal zipp\u00e9 est dot\u00e9 d&#8217;un s\u00e9parateur pour organiser les petits objets. La conception l\u00e9g\u00e8re et profil\u00e9e offre un confort suppl\u00e9mentaire tout en minimisant les distractions. Le dos en maille offre une meilleure respirabilit\u00e9 pour une peau fra\u00eeche et s\u00e8che du d\u00e9but \u00e0 la fin.<\/p>\n<h3>Caract\u00e9ristiques :<\/h3>\n<ul>\n<li>35,5 x 12,5 cm environ (longueur x largeur)<\/li>\n<li>Corps : 54% polyester\/46% nylon. Doublure : 100% polyester.<\/li>\n<li>Nettoyer uniquement les parties tach\u00e9es<\/li>\n<li>Logo Swoosh avec motif r\u00e9fl\u00e9chissant<\/li>\n<\/ul>\n","protected":false},"excerpt":{"rendered":"<ul>\n<li>Sac banane pour transporter des objets.<\/li>\n<li>D\u00e9tails r\u00e9fl\u00e9chissants.<\/li>\n<\/ul>\n","protected":false},"featured_media":246056,"template":"","meta":{"_acf_changed":false,"inline_featured_image":false},"product_brand":[],"product_cat":[22588,22587,22538],"product_tag":[23507],"class_list":{"0":"post-288010","1":"product","2":"type-product","3":"status-publish","4":"has-post-thumbnail","6":"product_cat-ceintures","7":"product_cat-sacs-a-dos-et-ceintures","8":"product_cat-accessoires","9":"product_tag-nike-fr","10":"pa_attivita-marcher","11":"pa_attivita-running-fr","12":"pa_marca-nike-fr","13":"pa_sesso-femme","14":"pa_sesso-homme","16":"first","17":"instock","18":"sale","19":"taxable","20":"shipping-taxable","21":"purchasable","22":"product-type-simple"},"acf":[],"yoast_head":"<!-- This site is optimized with the Yoast SEO plugin v26.8 - https:\/\/yoast.com\/product\/yoast-seo-wordpress\/ -->\n<title>Nike Challenger Waistpack Large - Sac banane de course - MioMioRun<\/title>\n<meta name=\"description\" content=\"Vous n&#039;avez plus \u00e0 faire des choix difficiles quant \u00e0 ce que vous allez emporter avec vous lors de votre course. Le compartiment principal zipp\u00e9 est dot\u00e9 d&#039;un s\u00e9parateur\" \/>\n<meta name=\"robots\" content=\"index, follow, max-snippet:-1, max-image-preview:large, max-video-preview:-1\" \/>\n<link rel=\"canonical\" href=\"https:\/\/www.miomiorun.com\/fr\/produit\/challenger-waistpack-large\/\" \/>\n<meta property=\"og:locale\" content=\"fr_FR\" \/>\n<meta property=\"og:type\" content=\"article\" \/>\n<meta property=\"og:title\" content=\"Nike Challenger Waistpack Large - Sac banane de course - MioMioRun\" \/>\n<meta property=\"og:description\" content=\"Vous n&#039;avez plus \u00e0 faire des choix difficiles quant \u00e0 ce que vous allez emporter avec vous lors de votre course. Le compartiment principal zipp\u00e9 est dot\u00e9 d&#039;un s\u00e9parateur\" \/>\n<meta property=\"og:url\" content=\"https:\/\/www.miomiorun.com\/fr\/produit\/challenger-waistpack-large\/\" \/>\n<meta property=\"og:site_name\" content=\"MioMioRun\" \/>\n<meta property=\"article:publisher\" content=\"https:\/\/www.facebook.com\/miomiorun\/\" \/>\n<meta property=\"article:modified_time\" content=\"2025-06-18T16:33:07+00:00\" \/>\n<meta property=\"og:image\" content=\"https:\/\/www.miomiorun.com\/app\/uploads\/2023\/11\/nike-challenger-waistpack-large-BK-BK-WH-N10071420910S.webp\" \/>\n\t<meta property=\"og:image:width\" content=\"600\" \/>\n\t<meta property=\"og:image:height\" content=\"600\" \/>\n\t<meta property=\"og:image:type\" content=\"image\/webp\" \/>\n<meta name=\"twitter:card\" content=\"summary_large_image\" \/>\n<script type=\"application\/ld+json\" class=\"yoast-schema-graph\">{\"@context\":\"https:\/\/schema.org\",\"@graph\":[{\"@type\":\"WebPage\",\"@id\":\"https:\/\/www.miomiorun.com\/fr\/produit\/challenger-waistpack-large\/\",\"url\":\"https:\/\/www.miomiorun.com\/fr\/produit\/challenger-waistpack-large\/\",\"name\":\"Nike Challenger Waistpack Large - Sac banane de course - MioMioRun\",\"isPartOf\":{\"@id\":\"https:\/\/www.miomiorun.com\/fr\/#website\"},\"primaryImageOfPage\":{\"@id\":\"https:\/\/www.miomiorun.com\/fr\/produit\/challenger-waistpack-large\/#primaryimage\"},\"image\":{\"@id\":\"https:\/\/www.miomiorun.com\/fr\/produit\/challenger-waistpack-large\/#primaryimage\"},\"thumbnailUrl\":\"https:\/\/www.miomiorun.com\/app\/uploads\/2023\/11\/nike-challenger-waistpack-large-BK-BK-WH-N10071420910S.webp\",\"datePublished\":\"2023-11-11T08:48:12+00:00\",\"dateModified\":\"2025-06-18T16:33:07+00:00\",\"description\":\"Vous n'avez plus \u00e0 faire des choix difficiles quant \u00e0 ce que vous allez emporter avec vous lors de votre course. Le compartiment principal zipp\u00e9 est dot\u00e9 d'un s\u00e9parateur\",\"breadcrumb\":{\"@id\":\"https:\/\/www.miomiorun.com\/fr\/produit\/challenger-waistpack-large\/#breadcrumb\"},\"inLanguage\":\"fr-FR\",\"potentialAction\":[{\"@type\":\"ReadAction\",\"target\":[\"https:\/\/www.miomiorun.com\/fr\/produit\/challenger-waistpack-large\/\"]}]},{\"@type\":\"ImageObject\",\"inLanguage\":\"fr-FR\",\"@id\":\"https:\/\/www.miomiorun.com\/fr\/produit\/challenger-waistpack-large\/#primaryimage\",\"url\":\"https:\/\/www.miomiorun.com\/app\/uploads\/2023\/11\/nike-challenger-waistpack-large-BK-BK-WH-N10071420910S.webp\",\"contentUrl\":\"https:\/\/www.miomiorun.com\/app\/uploads\/2023\/11\/nike-challenger-waistpack-large-BK-BK-WH-N10071420910S.webp\",\"width\":600,\"height\":600,\"caption\":\"nike challenger waistpack large BK BK WH N10071420910S\"},{\"@type\":\"BreadcrumbList\",\"@id\":\"https:\/\/www.miomiorun.com\/fr\/produit\/challenger-waistpack-large\/#breadcrumb\",\"itemListElement\":[{\"@type\":\"ListItem\",\"position\":1,\"name\":\"Home\",\"item\":\"https:\/\/www.miomiorun.com\/fr\/home-page\/\"},{\"@type\":\"ListItem\",\"position\":2,\"name\":\"Shop\",\"item\":\"https:\/\/www.miomiorun.com\/shop\/\"},{\"@type\":\"ListItem\",\"position\":3,\"name\":\"Challenger Waistpack Large\"}]},{\"@type\":\"WebSite\",\"@id\":\"https:\/\/www.miomiorun.com\/fr\/#website\",\"url\":\"https:\/\/www.miomiorun.com\/fr\/\",\"name\":\"MioMioRun\",\"description\":\"Boutique 100% running et trail\",\"publisher\":{\"@id\":\"https:\/\/www.miomiorun.com\/fr\/#organization\"},\"potentialAction\":[{\"@type\":\"SearchAction\",\"target\":{\"@type\":\"EntryPoint\",\"urlTemplate\":\"https:\/\/www.miomiorun.com\/fr\/?s={search_term_string}\"},\"query-input\":{\"@type\":\"PropertyValueSpecification\",\"valueRequired\":true,\"valueName\":\"search_term_string\"}}],\"inLanguage\":\"fr-FR\"},{\"@type\":\"Organization\",\"@id\":\"https:\/\/www.miomiorun.com\/fr\/#organization\",\"name\":\"MioMio Run\",\"url\":\"https:\/\/www.miomiorun.com\/fr\/\",\"logo\":{\"@type\":\"ImageObject\",\"inLanguage\":\"fr-FR\",\"@id\":\"https:\/\/www.miomiorun.com\/fr\/#\/schema\/logo\/image\/\",\"url\":\"https:\/\/www.miomiorun.com\/app\/uploads\/2019\/12\/logomio.png\",\"contentUrl\":\"https:\/\/www.miomiorun.com\/app\/uploads\/2019\/12\/logomio.png\",\"width\":115,\"height\":82,\"caption\":\"MioMio Run\"},\"image\":{\"@id\":\"https:\/\/www.miomiorun.com\/fr\/#\/schema\/logo\/image\/\"},\"sameAs\":[\"https:\/\/www.facebook.com\/miomiorun\/\",\"https:\/\/www.instagram.com\/miomiorun\/\"]}]}<\/script>\n<!-- \/ Yoast SEO plugin. -->","yoast_head_json":{"title":"Nike Challenger Waistpack Large - Sac banane de course - MioMioRun","description":"Vous n'avez plus \u00e0 faire des choix difficiles quant \u00e0 ce que vous allez emporter avec vous lors de votre course. Le compartiment principal zipp\u00e9 est dot\u00e9 d'un s\u00e9parateur","robots":{"index":"index","follow":"follow","max-snippet":"max-snippet:-1","max-image-preview":"max-image-preview:large","max-video-preview":"max-video-preview:-1"},"canonical":"https:\/\/www.miomiorun.com\/fr\/produit\/challenger-waistpack-large\/","og_locale":"fr_FR","og_type":"article","og_title":"Nike Challenger Waistpack Large - Sac banane de course - MioMioRun","og_description":"Vous n'avez plus \u00e0 faire des choix difficiles quant \u00e0 ce que vous allez emporter avec vous lors de votre course. Le compartiment principal zipp\u00e9 est dot\u00e9 d'un s\u00e9parateur","og_url":"https:\/\/www.miomiorun.com\/fr\/produit\/challenger-waistpack-large\/","og_site_name":"MioMioRun","article_publisher":"https:\/\/www.facebook.com\/miomiorun\/","article_modified_time":"2025-06-18T16:33:07+00:00","og_image":[{"width":600,"height":600,"url":"https:\/\/www.miomiorun.com\/app\/uploads\/2023\/11\/nike-challenger-waistpack-large-BK-BK-WH-N10071420910S.webp","type":"image\/webp"}],"twitter_card":"summary_large_image","schema":{"@context":"https:\/\/schema.org","@graph":[{"@type":"WebPage","@id":"https:\/\/www.miomiorun.com\/fr\/produit\/challenger-waistpack-large\/","url":"https:\/\/www.miomiorun.com\/fr\/produit\/challenger-waistpack-large\/","name":"Nike Challenger Waistpack Large - Sac banane de course - MioMioRun","isPartOf":{"@id":"https:\/\/www.miomiorun.com\/fr\/#website"},"primaryImageOfPage":{"@id":"https:\/\/www.miomiorun.com\/fr\/produit\/challenger-waistpack-large\/#primaryimage"},"image":{"@id":"https:\/\/www.miomiorun.com\/fr\/produit\/challenger-waistpack-large\/#primaryimage"},"thumbnailUrl":"https:\/\/www.miomiorun.com\/app\/uploads\/2023\/11\/nike-challenger-waistpack-large-BK-BK-WH-N10071420910S.webp","datePublished":"2023-11-11T08:48:12+00:00","dateModified":"2025-06-18T16:33:07+00:00","description":"Vous n'avez plus \u00e0 faire des choix difficiles quant \u00e0 ce que vous allez emporter avec vous lors de votre course. Le compartiment principal zipp\u00e9 est dot\u00e9 d'un s\u00e9parateur","breadcrumb":{"@id":"https:\/\/www.miomiorun.com\/fr\/produit\/challenger-waistpack-large\/#breadcrumb"},"inLanguage":"fr-FR","potentialAction":[{"@type":"ReadAction","target":["https:\/\/www.miomiorun.com\/fr\/produit\/challenger-waistpack-large\/"]}]},{"@type":"ImageObject","inLanguage":"fr-FR","@id":"https:\/\/www.miomiorun.com\/fr\/produit\/challenger-waistpack-large\/#primaryimage","url":"https:\/\/www.miomiorun.com\/app\/uploads\/2023\/11\/nike-challenger-waistpack-large-BK-BK-WH-N10071420910S.webp","contentUrl":"https:\/\/www.miomiorun.com\/app\/uploads\/2023\/11\/nike-challenger-waistpack-large-BK-BK-WH-N10071420910S.webp","width":600,"height":600,"caption":"nike challenger waistpack large BK BK WH N10071420910S"},{"@type":"BreadcrumbList","@id":"https:\/\/www.miomiorun.com\/fr\/produit\/challenger-waistpack-large\/#breadcrumb","itemListElement":[{"@type":"ListItem","position":1,"name":"Home","item":"https:\/\/www.miomiorun.com\/fr\/home-page\/"},{"@type":"ListItem","position":2,"name":"Shop","item":"https:\/\/www.miomiorun.com\/shop\/"},{"@type":"ListItem","position":3,"name":"Challenger Waistpack Large"}]},{"@type":"WebSite","@id":"https:\/\/www.miomiorun.com\/fr\/#website","url":"https:\/\/www.miomiorun.com\/fr\/","name":"MioMioRun","description":"Boutique 100% running et trail","publisher":{"@id":"https:\/\/www.miomiorun.com\/fr\/#organization"},"potentialAction":[{"@type":"SearchAction","target":{"@type":"EntryPoint","urlTemplate":"https:\/\/www.miomiorun.com\/fr\/?s={search_term_string}"},"query-input":{"@type":"PropertyValueSpecification","valueRequired":true,"valueName":"search_term_string"}}],"inLanguage":"fr-FR"},{"@type":"Organization","@id":"https:\/\/www.miomiorun.com\/fr\/#organization","name":"MioMio Run","url":"https:\/\/www.miomiorun.com\/fr\/","logo":{"@type":"ImageObject","inLanguage":"fr-FR","@id":"https:\/\/www.miomiorun.com\/fr\/#\/schema\/logo\/image\/","url":"https:\/\/www.miomiorun.com\/app\/uploads\/2019\/12\/logomio.png","contentUrl":"https:\/\/www.miomiorun.com\/app\/uploads\/2019\/12\/logomio.png","width":115,"height":82,"caption":"MioMio Run"},"image":{"@id":"https:\/\/www.miomiorun.com\/fr\/#\/schema\/logo\/image\/"},"sameAs":["https:\/\/www.facebook.com\/miomiorun\/","https:\/\/www.instagram.com\/miomiorun\/"]}]}},"_links":{"self":[{"href":"https:\/\/www.miomiorun.com\/fr\/wp-json\/wp\/v2\/product\/288010","targetHints":{"allow":["GET"]}}],"collection":[{"href":"https:\/\/www.miomiorun.com\/fr\/wp-json\/wp\/v2\/product"}],"about":[{"href":"https:\/\/www.miomiorun.com\/fr\/wp-json\/wp\/v2\/types\/product"}],"wp:featuredmedia":[{"embeddable":true,"href":"https:\/\/www.miomiorun.com\/fr\/wp-json\/wp\/v2\/media\/246056"}],"wp:attachment":[{"href":"https:\/\/www.miomiorun.com\/fr\/wp-json\/wp\/v2\/media?parent=288010"}],"wp:term":[{"taxonomy":"product_brand","embeddable":true,"href":"https:\/\/www.miomiorun.com\/fr\/wp-json\/wp\/v2\/product_brand?post=288010"},{"taxonomy":"product_cat","embeddable":true,"href":"https:\/\/www.miomiorun.com\/fr\/wp-json\/wp\/v2\/product_cat?post=288010"},{"taxonomy":"product_tag","embeddable":true,"href":"https:\/\/www.miomiorun.com\/fr\/wp-json\/wp\/v2\/product_tag?post=288010"}],"curies":[{"name":"wp","href":"https:\/\/api.w.org\/{rel}","templated":true}]}}