{"id":287965,"date":"2023-11-11T18:15:30","date_gmt":"2023-11-11T17:15:30","guid":{"rendered":"https:\/\/miomiorun.com\/prodotto\/mestari-uomo\/"},"modified":"2025-12-12T17:43:46","modified_gmt":"2025-12-12T16:43:46","slug":"mestari-femme","status":"publish","type":"product","link":"https:\/\/www.miomiorun.com\/fr\/produit\/mestari-femme\/","title":{"rendered":"Mestari femme"},"content":{"rendered":"<div class=\"vc-row container\"><div class=\"vc-column\"><div class=\"vc-column-text\"><\/p>\n<h4>Caract\u00e9ristiques techniques<\/h4>\n<p>Cat\u00e9gorie : excellent amorti<br \/>\nD\u00e9calage : 8 mm<br \/>\nPoids : 340 g<br \/>\nId\u00e9al pour : les coureurs \u00e0 la recherche d&#8217;une chaussure offrant un bon amorti et une excellente stabilit\u00e9, avec une transition fluide, pour les courses de moyenne et longue distance.<br \/>\nPoids de l&#8217;athl\u00e8te : 75-85 kg<br \/>\nAllure de course : moyenne (5,00-6,00 min\/km)<br \/>\n<a href=\"https:\/\/miomiorun.com\/guida-alle-specifiche-tecniche\/\">Guide des sp\u00e9cifications techniques<\/a><\/p>\n<p><\/div><\/div><div class=\"vc-column\"><div class=\"vc-column-text\"><\/p>\n<h2 style=\"text-align: center\">KARHU Mestari offre un confort en mouvement \u00e0 chaque foul\u00e9e.<\/h2>\n<p>La <strong>Karhu Mestari<\/strong> pour femme est une chaussure de course souple et de haute qualit\u00e9 offrant un amorti maximal pour les coureuses neutres ou en phase initiale et interm\u00e9diaire d&#8217;hyperpronation. La Mestari Run pr\u00e9sente une hauteur de semelle suppl\u00e9mentaire, plus d&#8217;\u00e9lasticit\u00e9 au niveau de la pointe et une formule am\u00e9lior\u00e9e de notre amorti AeroFoam pour offrir le m\u00e9lange parfait de souplesse, de soutien et de retour d&#8217;\u00e9nergie tout en conservant l&#8217;effet de roulement caract\u00e9ristique de Karhu. Le mesh IdealKnit cr\u00e9e une sensation de luxe au niveau du pied, en enveloppant fermement la partie centrale du pied et en offrant une grande \u00e9lasticit\u00e9 accommodante au niveau de la pointe. La Mestari est con\u00e7ue pour \u00eatre le partenaire d&#8217;entra\u00eenement id\u00e9al des coureurs qui recherchent une course souple et efficace dans une silhouette moderne et \u00e9l\u00e9gante.<\/p>\n<h3>Caract\u00e9ristiques :<\/h3>\n<ul>\n<li>La\u00e7age anatomique pour un confort sur mesure<\/li>\n<li>Un pivot profond \u00e0 mi-longueur berce le pied pour un guidage et une transition fluides<\/li>\n<li>Un ressort suppl\u00e9mentaire et une unit\u00e9 de propulsion se combinent pour une foul\u00e9e \u00ab roulante \u00bb.<\/li>\n<li>L&#8217;AeroFoam am\u00e9lior\u00e9 offre un meilleur retour d&#8217;\u00e9nergie et un amorti maximal<\/li>\n<li>Construction en mesh StretchyIdealKnit pour la respirabilit\u00e9 et le maintien<\/li>\n<li>Syst\u00e8me de la\u00e7age M-lock pour maintenir le milieu du pied. <\/li>\n<\/ul>\n<p><img loading=\"lazy\" decoding=\"async\" class=\"\" src=\"https:\/\/cdn.shopify.com\/s\/files\/1\/0519\/4570\/1549\/files\/fulcrum_800x.png?v=1612961012\" width=\"205\" height=\"91\"><\/p>\n<p>La technologie KARHU Fulcrum est con\u00e7ue pour maintenir toutes les forces vers l&#8217;avant, r\u00e9duire les forces de freinage et utiliser l&#8217;\u00e9nergie naturelle de votre corps pour cr\u00e9er une foul\u00e9e plus fluide. C&#8217;est ce que nous appelons l&#8217;effet de roulement. La technologie Fulcrum offre : un amorti \u00e9quilibr\u00e9, un meilleur soutien, plus d&#8217;\u00e9nergie. La Fusion pr\u00e9sente un pivot sur trois quarts de sa longueur.<\/div><\/div><\/div>\n","protected":false},"excerpt":{"rendered":"<ul>\n<li>Chaussure id\u00e9ale \u00e9galement pour les pronateurs.<\/li>\n<li>Super amortie, id\u00e9ale pour parcourir de longues distances<\/li>\n<\/ul>\n","protected":false},"featured_media":247176,"template":"","meta":{"_acf_changed":false,"inline_featured_image":false},"product_brand":[],"product_cat":[24435,24434],"product_tag":[23474,23495],"class_list":{"0":"post-287965","1":"product","2":"type-product","3":"status-publish","4":"has-post-thumbnail","6":"product_cat-chaussures-pour-femmes-fr","7":"product_cat-neutre-fr-2","8":"product_tag-karhu-fr","9":"product_tag-karhu-femme","10":"pa_attivita-lifestyle-fr","11":"pa_attivita-marcher","12":"pa_attivita-running-fr","13":"pa_marca-karhu-fr","14":"pa_sesso-femme","15":"pa_size-37-5-fr","17":"first","18":"instock","19":"sale","20":"taxable","21":"shipping-taxable","22":"purchasable","23":"product-type-variable","24":"wvs-archive-product-wrapper"},"acf":[],"yoast_head":"<!-- This site is optimized with the Yoast SEO plugin v26.8 - https:\/\/yoast.com\/product\/yoast-seo-wordpress\/ -->\n<title>Karhu Mestari femme -chaussures de course pour femmes - MioMioRun<\/title>\n<meta name=\"description\" content=\"La Mestari est con\u00e7ue pour \u00eatre le partenaire d&#039;entra\u00eenement des coureurs qui recherchent une foul\u00e9e souple et efficace dans une silhouette moderne et \u00e9l\u00e9gante.\" \/>\n<meta name=\"robots\" content=\"index, follow, max-snippet:-1, max-image-preview:large, max-video-preview:-1\" \/>\n<link rel=\"canonical\" href=\"https:\/\/www.miomiorun.com\/fr\/produit\/mestari-femme\/\" \/>\n<meta property=\"og:locale\" content=\"fr_FR\" \/>\n<meta property=\"og:type\" content=\"article\" \/>\n<meta property=\"og:title\" content=\"Karhu Mestari femme -chaussures de course pour femmes - MioMioRun\" \/>\n<meta property=\"og:description\" content=\"La Mestari est con\u00e7ue pour \u00eatre le partenaire d&#039;entra\u00eenement des coureurs qui recherchent une foul\u00e9e souple et efficace dans une silhouette moderne et \u00e9l\u00e9gante.\" \/>\n<meta property=\"og:url\" content=\"https:\/\/www.miomiorun.com\/fr\/produit\/mestari-femme\/\" \/>\n<meta property=\"og:site_name\" content=\"MioMioRun\" \/>\n<meta property=\"article:publisher\" content=\"https:\/\/www.facebook.com\/miomiorun\/\" \/>\n<meta property=\"article:modified_time\" content=\"2025-12-12T16:43:46+00:00\" \/>\n<meta property=\"og:image\" content=\"https:\/\/www.miomiorun.com\/app\/uploads\/2024\/05\/karhu-Mestari-run-1.0-W-raindrops-seedpearl-F205003.webp\" \/>\n\t<meta property=\"og:image:width\" content=\"600\" \/>\n\t<meta property=\"og:image:height\" content=\"600\" \/>\n\t<meta property=\"og:image:type\" content=\"image\/webp\" \/>\n<meta name=\"twitter:card\" content=\"summary_large_image\" \/>\n<meta name=\"twitter:label1\" content=\"Est. reading time\" \/>\n\t<meta name=\"twitter:data1\" content=\"2 minutes\" \/>\n<script type=\"application\/ld+json\" class=\"yoast-schema-graph\">{\"@context\":\"https:\/\/schema.org\",\"@graph\":[{\"@type\":\"WebPage\",\"@id\":\"https:\/\/www.miomiorun.com\/fr\/produit\/mestari-femme\/\",\"url\":\"https:\/\/www.miomiorun.com\/fr\/produit\/mestari-femme\/\",\"name\":\"Karhu Mestari femme -chaussures de course pour femmes - MioMioRun\",\"isPartOf\":{\"@id\":\"https:\/\/www.miomiorun.com\/fr\/#website\"},\"primaryImageOfPage\":{\"@id\":\"https:\/\/www.miomiorun.com\/fr\/produit\/mestari-femme\/#primaryimage\"},\"image\":{\"@id\":\"https:\/\/www.miomiorun.com\/fr\/produit\/mestari-femme\/#primaryimage\"},\"thumbnailUrl\":\"https:\/\/www.miomiorun.com\/app\/uploads\/2024\/05\/karhu-Mestari-run-1.0-W-raindrops-seedpearl-F205003.webp\",\"datePublished\":\"2023-11-11T17:15:30+00:00\",\"dateModified\":\"2025-12-12T16:43:46+00:00\",\"description\":\"La Mestari est con\u00e7ue pour \u00eatre le partenaire d'entra\u00eenement des coureurs qui recherchent une foul\u00e9e souple et efficace dans une silhouette moderne et \u00e9l\u00e9gante.\",\"breadcrumb\":{\"@id\":\"https:\/\/www.miomiorun.com\/fr\/produit\/mestari-femme\/#breadcrumb\"},\"inLanguage\":\"fr-FR\",\"potentialAction\":[{\"@type\":\"ReadAction\",\"target\":[\"https:\/\/www.miomiorun.com\/fr\/produit\/mestari-femme\/\"]}]},{\"@type\":\"ImageObject\",\"inLanguage\":\"fr-FR\",\"@id\":\"https:\/\/www.miomiorun.com\/fr\/produit\/mestari-femme\/#primaryimage\",\"url\":\"https:\/\/www.miomiorun.com\/app\/uploads\/2024\/05\/karhu-Mestari-run-1.0-W-raindrops-seedpearl-F205003.webp\",\"contentUrl\":\"https:\/\/www.miomiorun.com\/app\/uploads\/2024\/05\/karhu-Mestari-run-1.0-W-raindrops-seedpearl-F205003.webp\",\"width\":600,\"height\":600,\"caption\":\"karhu Mestari run 1.0 W raindrops seedpearl F205003\"},{\"@type\":\"BreadcrumbList\",\"@id\":\"https:\/\/www.miomiorun.com\/fr\/produit\/mestari-femme\/#breadcrumb\",\"itemListElement\":[{\"@type\":\"ListItem\",\"position\":1,\"name\":\"Home\",\"item\":\"https:\/\/www.miomiorun.com\/fr\/home-page\/\"},{\"@type\":\"ListItem\",\"position\":2,\"name\":\"Shop\",\"item\":\"https:\/\/www.miomiorun.com\/shop\/\"},{\"@type\":\"ListItem\",\"position\":3,\"name\":\"Mestari femme\"}]},{\"@type\":\"WebSite\",\"@id\":\"https:\/\/www.miomiorun.com\/fr\/#website\",\"url\":\"https:\/\/www.miomiorun.com\/fr\/\",\"name\":\"MioMioRun\",\"description\":\"Boutique 100% running et trail\",\"publisher\":{\"@id\":\"https:\/\/www.miomiorun.com\/fr\/#organization\"},\"potentialAction\":[{\"@type\":\"SearchAction\",\"target\":{\"@type\":\"EntryPoint\",\"urlTemplate\":\"https:\/\/www.miomiorun.com\/fr\/?s={search_term_string}\"},\"query-input\":{\"@type\":\"PropertyValueSpecification\",\"valueRequired\":true,\"valueName\":\"search_term_string\"}}],\"inLanguage\":\"fr-FR\"},{\"@type\":\"Organization\",\"@id\":\"https:\/\/www.miomiorun.com\/fr\/#organization\",\"name\":\"MioMio Run\",\"url\":\"https:\/\/www.miomiorun.com\/fr\/\",\"logo\":{\"@type\":\"ImageObject\",\"inLanguage\":\"fr-FR\",\"@id\":\"https:\/\/www.miomiorun.com\/fr\/#\/schema\/logo\/image\/\",\"url\":\"https:\/\/www.miomiorun.com\/app\/uploads\/2019\/12\/logomio.png\",\"contentUrl\":\"https:\/\/www.miomiorun.com\/app\/uploads\/2019\/12\/logomio.png\",\"width\":115,\"height\":82,\"caption\":\"MioMio Run\"},\"image\":{\"@id\":\"https:\/\/www.miomiorun.com\/fr\/#\/schema\/logo\/image\/\"},\"sameAs\":[\"https:\/\/www.facebook.com\/miomiorun\/\",\"https:\/\/www.instagram.com\/miomiorun\/\"]}]}<\/script>\n<!-- \/ Yoast SEO plugin. -->","yoast_head_json":{"title":"Karhu Mestari femme -chaussures de course pour femmes - MioMioRun","description":"La Mestari est con\u00e7ue pour \u00eatre le partenaire d'entra\u00eenement des coureurs qui recherchent une foul\u00e9e souple et efficace dans une silhouette moderne et \u00e9l\u00e9gante.","robots":{"index":"index","follow":"follow","max-snippet":"max-snippet:-1","max-image-preview":"max-image-preview:large","max-video-preview":"max-video-preview:-1"},"canonical":"https:\/\/www.miomiorun.com\/fr\/produit\/mestari-femme\/","og_locale":"fr_FR","og_type":"article","og_title":"Karhu Mestari femme -chaussures de course pour femmes - MioMioRun","og_description":"La Mestari est con\u00e7ue pour \u00eatre le partenaire d'entra\u00eenement des coureurs qui recherchent une foul\u00e9e souple et efficace dans une silhouette moderne et \u00e9l\u00e9gante.","og_url":"https:\/\/www.miomiorun.com\/fr\/produit\/mestari-femme\/","og_site_name":"MioMioRun","article_publisher":"https:\/\/www.facebook.com\/miomiorun\/","article_modified_time":"2025-12-12T16:43:46+00:00","og_image":[{"width":600,"height":600,"url":"https:\/\/www.miomiorun.com\/app\/uploads\/2024\/05\/karhu-Mestari-run-1.0-W-raindrops-seedpearl-F205003.webp","type":"image\/webp"}],"twitter_card":"summary_large_image","twitter_misc":{"Est. reading time":"2 minutes"},"schema":{"@context":"https:\/\/schema.org","@graph":[{"@type":"WebPage","@id":"https:\/\/www.miomiorun.com\/fr\/produit\/mestari-femme\/","url":"https:\/\/www.miomiorun.com\/fr\/produit\/mestari-femme\/","name":"Karhu Mestari femme -chaussures de course pour femmes - MioMioRun","isPartOf":{"@id":"https:\/\/www.miomiorun.com\/fr\/#website"},"primaryImageOfPage":{"@id":"https:\/\/www.miomiorun.com\/fr\/produit\/mestari-femme\/#primaryimage"},"image":{"@id":"https:\/\/www.miomiorun.com\/fr\/produit\/mestari-femme\/#primaryimage"},"thumbnailUrl":"https:\/\/www.miomiorun.com\/app\/uploads\/2024\/05\/karhu-Mestari-run-1.0-W-raindrops-seedpearl-F205003.webp","datePublished":"2023-11-11T17:15:30+00:00","dateModified":"2025-12-12T16:43:46+00:00","description":"La Mestari est con\u00e7ue pour \u00eatre le partenaire d'entra\u00eenement des coureurs qui recherchent une foul\u00e9e souple et efficace dans une silhouette moderne et \u00e9l\u00e9gante.","breadcrumb":{"@id":"https:\/\/www.miomiorun.com\/fr\/produit\/mestari-femme\/#breadcrumb"},"inLanguage":"fr-FR","potentialAction":[{"@type":"ReadAction","target":["https:\/\/www.miomiorun.com\/fr\/produit\/mestari-femme\/"]}]},{"@type":"ImageObject","inLanguage":"fr-FR","@id":"https:\/\/www.miomiorun.com\/fr\/produit\/mestari-femme\/#primaryimage","url":"https:\/\/www.miomiorun.com\/app\/uploads\/2024\/05\/karhu-Mestari-run-1.0-W-raindrops-seedpearl-F205003.webp","contentUrl":"https:\/\/www.miomiorun.com\/app\/uploads\/2024\/05\/karhu-Mestari-run-1.0-W-raindrops-seedpearl-F205003.webp","width":600,"height":600,"caption":"karhu Mestari run 1.0 W raindrops seedpearl F205003"},{"@type":"BreadcrumbList","@id":"https:\/\/www.miomiorun.com\/fr\/produit\/mestari-femme\/#breadcrumb","itemListElement":[{"@type":"ListItem","position":1,"name":"Home","item":"https:\/\/www.miomiorun.com\/fr\/home-page\/"},{"@type":"ListItem","position":2,"name":"Shop","item":"https:\/\/www.miomiorun.com\/shop\/"},{"@type":"ListItem","position":3,"name":"Mestari femme"}]},{"@type":"WebSite","@id":"https:\/\/www.miomiorun.com\/fr\/#website","url":"https:\/\/www.miomiorun.com\/fr\/","name":"MioMioRun","description":"Boutique 100% running et trail","publisher":{"@id":"https:\/\/www.miomiorun.com\/fr\/#organization"},"potentialAction":[{"@type":"SearchAction","target":{"@type":"EntryPoint","urlTemplate":"https:\/\/www.miomiorun.com\/fr\/?s={search_term_string}"},"query-input":{"@type":"PropertyValueSpecification","valueRequired":true,"valueName":"search_term_string"}}],"inLanguage":"fr-FR"},{"@type":"Organization","@id":"https:\/\/www.miomiorun.com\/fr\/#organization","name":"MioMio Run","url":"https:\/\/www.miomiorun.com\/fr\/","logo":{"@type":"ImageObject","inLanguage":"fr-FR","@id":"https:\/\/www.miomiorun.com\/fr\/#\/schema\/logo\/image\/","url":"https:\/\/www.miomiorun.com\/app\/uploads\/2019\/12\/logomio.png","contentUrl":"https:\/\/www.miomiorun.com\/app\/uploads\/2019\/12\/logomio.png","width":115,"height":82,"caption":"MioMio Run"},"image":{"@id":"https:\/\/www.miomiorun.com\/fr\/#\/schema\/logo\/image\/"},"sameAs":["https:\/\/www.facebook.com\/miomiorun\/","https:\/\/www.instagram.com\/miomiorun\/"]}]}},"_links":{"self":[{"href":"https:\/\/www.miomiorun.com\/fr\/wp-json\/wp\/v2\/product\/287965","targetHints":{"allow":["GET"]}}],"collection":[{"href":"https:\/\/www.miomiorun.com\/fr\/wp-json\/wp\/v2\/product"}],"about":[{"href":"https:\/\/www.miomiorun.com\/fr\/wp-json\/wp\/v2\/types\/product"}],"wp:featuredmedia":[{"embeddable":true,"href":"https:\/\/www.miomiorun.com\/fr\/wp-json\/wp\/v2\/media\/247176"}],"wp:attachment":[{"href":"https:\/\/www.miomiorun.com\/fr\/wp-json\/wp\/v2\/media?parent=287965"}],"wp:term":[{"taxonomy":"product_brand","embeddable":true,"href":"https:\/\/www.miomiorun.com\/fr\/wp-json\/wp\/v2\/product_brand?post=287965"},{"taxonomy":"product_cat","embeddable":true,"href":"https:\/\/www.miomiorun.com\/fr\/wp-json\/wp\/v2\/product_cat?post=287965"},{"taxonomy":"product_tag","embeddable":true,"href":"https:\/\/www.miomiorun.com\/fr\/wp-json\/wp\/v2\/product_tag?post=287965"}],"curies":[{"name":"wp","href":"https:\/\/api.w.org\/{rel}","templated":true}]}}