{"id":287955,"date":"2023-11-14T12:01:32","date_gmt":"2023-11-14T11:01:32","guid":{"rendered":"https:\/\/miomiorun.com\/prodotto\/essential-fitness-gloves\/"},"modified":"2025-06-18T18:40:07","modified_gmt":"2025-06-18T16:40:07","slug":"essential-fitness-gloves","status":"publish","type":"product","link":"https:\/\/www.miomiorun.com\/fr\/produit\/essential-fitness-gloves\/","title":{"rendered":"Essential Fitness Gloves"},"content":{"rendered":"<p>Le nouveau <strong>gant ESSENTIAL FITNESS GLOVE<\/strong> de Nike offre souplesse et protection gr\u00e2ce \u00e0 son tissu en maille, ses coussinets de paume rembourr\u00e9s et son mat\u00e9riau \u00e0 faible densit\u00e9. Pour un confort absolu, m\u00eame lorsque vous utilisez les outils dans la salle de sport.<\/p>\n<p><strong>CARACT\u00c9RISTIQUES<\/strong><\/p>\n<ul>\n<li>Mat\u00e9riau ultra-l\u00e9ger pour une flexibilit\u00e9 maximale<\/li>\n<li>Tissu en maille sur le dos de la main pour une respirabilit\u00e9 optimale<\/li>\n<li>Couverture \u00e9tendue des doigts pour un retrait facile<\/li>\n<li>Protections de paume rembourr\u00e9es<\/li>\n<li>Poignet r\u00e9glable avec fermeture velcro<\/li>\n<\/ul>\n","protected":false},"excerpt":{"rendered":"<ul class=\"selling-points\">\n<li>Gants id\u00e9aux pour le fitness<\/li>\n<li>Dot\u00e9s d&#8217;un rembourrage sur la paume<\/li>\n<\/ul>\n","protected":false},"featured_media":246054,"template":"","meta":{"_acf_changed":false,"inline_featured_image":false},"product_brand":[],"product_cat":[22581,22538],"product_tag":[23507],"class_list":{"0":"post-287955","1":"product","2":"type-product","3":"status-publish","4":"has-post-thumbnail","6":"product_cat-gants","7":"product_cat-accessoires","8":"product_tag-nike-fr","9":"pa_attivita-fitness-fr","10":"pa_marca-nike-fr","11":"pa_sesso-femme","12":"pa_sesso-homme","13":"pa_size-small-fr","14":"pa_size-medium-fr","15":"pa_size-large-fr","16":"pa_size-extra-large-fr","18":"first","19":"instock","20":"sale","21":"taxable","22":"shipping-taxable","23":"purchasable","24":"product-type-variable","25":"wvs-archive-product-wrapper"},"acf":[],"yoast_head":"<!-- This site is optimized with the Yoast SEO plugin v26.8 - https:\/\/yoast.com\/product\/yoast-seo-wordpress\/ -->\n<title>NikeEssential Fitness Gloves - gants d&#039;hiver- MioMioRun.com<\/title>\n<meta name=\"description\" content=\"Le nouveau gant ESSENTIAL FITNESS GLOVE de Nike offre souplesse et protection gr\u00e2ce \u00e0 son tissu en maille, \u00e0 ses coussinets de paume rembourr\u00e9s et \u00e0 son rev\u00eatement en tissu.\" \/>\n<meta name=\"robots\" content=\"index, follow, max-snippet:-1, max-image-preview:large, max-video-preview:-1\" \/>\n<link rel=\"canonical\" href=\"https:\/\/www.miomiorun.com\/fr\/produit\/essential-fitness-gloves\/\" \/>\n<meta property=\"og:locale\" content=\"fr_FR\" \/>\n<meta property=\"og:type\" content=\"article\" \/>\n<meta property=\"og:title\" content=\"NikeEssential Fitness Gloves - gants d&#039;hiver- MioMioRun.com\" \/>\n<meta property=\"og:description\" content=\"Le nouveau gant ESSENTIAL FITNESS GLOVE de Nike offre souplesse et protection gr\u00e2ce \u00e0 son tissu en maille, \u00e0 ses coussinets de paume rembourr\u00e9s et \u00e0 son rev\u00eatement en tissu.\" \/>\n<meta property=\"og:url\" content=\"https:\/\/www.miomiorun.com\/fr\/produit\/essential-fitness-gloves\/\" \/>\n<meta property=\"og:site_name\" content=\"MioMioRun\" \/>\n<meta property=\"article:publisher\" content=\"https:\/\/www.facebook.com\/miomiorun\/\" \/>\n<meta property=\"article:modified_time\" content=\"2025-06-18T16:40:07+00:00\" \/>\n<meta property=\"og:image\" content=\"https:\/\/www.miomiorun.com\/app\/uploads\/2023\/11\/nike-essential-fitness-gloves-BK-AT-WH-NLGC5057.webp\" \/>\n\t<meta property=\"og:image:width\" content=\"600\" \/>\n\t<meta property=\"og:image:height\" content=\"600\" \/>\n\t<meta property=\"og:image:type\" content=\"image\/webp\" \/>\n<meta name=\"twitter:card\" content=\"summary_large_image\" \/>\n<script type=\"application\/ld+json\" class=\"yoast-schema-graph\">{\"@context\":\"https:\/\/schema.org\",\"@graph\":[{\"@type\":\"WebPage\",\"@id\":\"https:\/\/www.miomiorun.com\/fr\/produit\/essential-fitness-gloves\/\",\"url\":\"https:\/\/www.miomiorun.com\/fr\/produit\/essential-fitness-gloves\/\",\"name\":\"NikeEssential Fitness Gloves - gants d'hiver- MioMioRun.com\",\"isPartOf\":{\"@id\":\"https:\/\/www.miomiorun.com\/fr\/#website\"},\"primaryImageOfPage\":{\"@id\":\"https:\/\/www.miomiorun.com\/fr\/produit\/essential-fitness-gloves\/#primaryimage\"},\"image\":{\"@id\":\"https:\/\/www.miomiorun.com\/fr\/produit\/essential-fitness-gloves\/#primaryimage\"},\"thumbnailUrl\":\"https:\/\/www.miomiorun.com\/app\/uploads\/2023\/11\/nike-essential-fitness-gloves-BK-AT-WH-NLGC5057.webp\",\"datePublished\":\"2023-11-14T11:01:32+00:00\",\"dateModified\":\"2025-06-18T16:40:07+00:00\",\"description\":\"Le nouveau gant ESSENTIAL FITNESS GLOVE de Nike offre souplesse et protection gr\u00e2ce \u00e0 son tissu en maille, \u00e0 ses coussinets de paume rembourr\u00e9s et \u00e0 son rev\u00eatement en tissu.\",\"breadcrumb\":{\"@id\":\"https:\/\/www.miomiorun.com\/fr\/produit\/essential-fitness-gloves\/#breadcrumb\"},\"inLanguage\":\"fr-FR\",\"potentialAction\":[{\"@type\":\"ReadAction\",\"target\":[\"https:\/\/www.miomiorun.com\/fr\/produit\/essential-fitness-gloves\/\"]}]},{\"@type\":\"ImageObject\",\"inLanguage\":\"fr-FR\",\"@id\":\"https:\/\/www.miomiorun.com\/fr\/produit\/essential-fitness-gloves\/#primaryimage\",\"url\":\"https:\/\/www.miomiorun.com\/app\/uploads\/2023\/11\/nike-essential-fitness-gloves-BK-AT-WH-NLGC5057.webp\",\"contentUrl\":\"https:\/\/www.miomiorun.com\/app\/uploads\/2023\/11\/nike-essential-fitness-gloves-BK-AT-WH-NLGC5057.webp\",\"width\":600,\"height\":600,\"caption\":\"nike essential fitness gloves BK AT WH NLGC5057\"},{\"@type\":\"BreadcrumbList\",\"@id\":\"https:\/\/www.miomiorun.com\/fr\/produit\/essential-fitness-gloves\/#breadcrumb\",\"itemListElement\":[{\"@type\":\"ListItem\",\"position\":1,\"name\":\"Home\",\"item\":\"https:\/\/www.miomiorun.com\/fr\/home-page\/\"},{\"@type\":\"ListItem\",\"position\":2,\"name\":\"Shop\",\"item\":\"https:\/\/www.miomiorun.com\/shop\/\"},{\"@type\":\"ListItem\",\"position\":3,\"name\":\"Essential Fitness Gloves\"}]},{\"@type\":\"WebSite\",\"@id\":\"https:\/\/www.miomiorun.com\/fr\/#website\",\"url\":\"https:\/\/www.miomiorun.com\/fr\/\",\"name\":\"MioMioRun\",\"description\":\"Boutique 100% running et trail\",\"publisher\":{\"@id\":\"https:\/\/www.miomiorun.com\/fr\/#organization\"},\"potentialAction\":[{\"@type\":\"SearchAction\",\"target\":{\"@type\":\"EntryPoint\",\"urlTemplate\":\"https:\/\/www.miomiorun.com\/fr\/?s={search_term_string}\"},\"query-input\":{\"@type\":\"PropertyValueSpecification\",\"valueRequired\":true,\"valueName\":\"search_term_string\"}}],\"inLanguage\":\"fr-FR\"},{\"@type\":\"Organization\",\"@id\":\"https:\/\/www.miomiorun.com\/fr\/#organization\",\"name\":\"MioMio Run\",\"url\":\"https:\/\/www.miomiorun.com\/fr\/\",\"logo\":{\"@type\":\"ImageObject\",\"inLanguage\":\"fr-FR\",\"@id\":\"https:\/\/www.miomiorun.com\/fr\/#\/schema\/logo\/image\/\",\"url\":\"https:\/\/www.miomiorun.com\/app\/uploads\/2019\/12\/logomio.png\",\"contentUrl\":\"https:\/\/www.miomiorun.com\/app\/uploads\/2019\/12\/logomio.png\",\"width\":115,\"height\":82,\"caption\":\"MioMio Run\"},\"image\":{\"@id\":\"https:\/\/www.miomiorun.com\/fr\/#\/schema\/logo\/image\/\"},\"sameAs\":[\"https:\/\/www.facebook.com\/miomiorun\/\",\"https:\/\/www.instagram.com\/miomiorun\/\"]}]}<\/script>\n<!-- \/ Yoast SEO plugin. -->","yoast_head_json":{"title":"NikeEssential Fitness Gloves - gants d'hiver- MioMioRun.com","description":"Le nouveau gant ESSENTIAL FITNESS GLOVE de Nike offre souplesse et protection gr\u00e2ce \u00e0 son tissu en maille, \u00e0 ses coussinets de paume rembourr\u00e9s et \u00e0 son rev\u00eatement en tissu.","robots":{"index":"index","follow":"follow","max-snippet":"max-snippet:-1","max-image-preview":"max-image-preview:large","max-video-preview":"max-video-preview:-1"},"canonical":"https:\/\/www.miomiorun.com\/fr\/produit\/essential-fitness-gloves\/","og_locale":"fr_FR","og_type":"article","og_title":"NikeEssential Fitness Gloves - gants d'hiver- MioMioRun.com","og_description":"Le nouveau gant ESSENTIAL FITNESS GLOVE de Nike offre souplesse et protection gr\u00e2ce \u00e0 son tissu en maille, \u00e0 ses coussinets de paume rembourr\u00e9s et \u00e0 son rev\u00eatement en tissu.","og_url":"https:\/\/www.miomiorun.com\/fr\/produit\/essential-fitness-gloves\/","og_site_name":"MioMioRun","article_publisher":"https:\/\/www.facebook.com\/miomiorun\/","article_modified_time":"2025-06-18T16:40:07+00:00","og_image":[{"width":600,"height":600,"url":"https:\/\/www.miomiorun.com\/app\/uploads\/2023\/11\/nike-essential-fitness-gloves-BK-AT-WH-NLGC5057.webp","type":"image\/webp"}],"twitter_card":"summary_large_image","schema":{"@context":"https:\/\/schema.org","@graph":[{"@type":"WebPage","@id":"https:\/\/www.miomiorun.com\/fr\/produit\/essential-fitness-gloves\/","url":"https:\/\/www.miomiorun.com\/fr\/produit\/essential-fitness-gloves\/","name":"NikeEssential Fitness Gloves - gants d'hiver- MioMioRun.com","isPartOf":{"@id":"https:\/\/www.miomiorun.com\/fr\/#website"},"primaryImageOfPage":{"@id":"https:\/\/www.miomiorun.com\/fr\/produit\/essential-fitness-gloves\/#primaryimage"},"image":{"@id":"https:\/\/www.miomiorun.com\/fr\/produit\/essential-fitness-gloves\/#primaryimage"},"thumbnailUrl":"https:\/\/www.miomiorun.com\/app\/uploads\/2023\/11\/nike-essential-fitness-gloves-BK-AT-WH-NLGC5057.webp","datePublished":"2023-11-14T11:01:32+00:00","dateModified":"2025-06-18T16:40:07+00:00","description":"Le nouveau gant ESSENTIAL FITNESS GLOVE de Nike offre souplesse et protection gr\u00e2ce \u00e0 son tissu en maille, \u00e0 ses coussinets de paume rembourr\u00e9s et \u00e0 son rev\u00eatement en tissu.","breadcrumb":{"@id":"https:\/\/www.miomiorun.com\/fr\/produit\/essential-fitness-gloves\/#breadcrumb"},"inLanguage":"fr-FR","potentialAction":[{"@type":"ReadAction","target":["https:\/\/www.miomiorun.com\/fr\/produit\/essential-fitness-gloves\/"]}]},{"@type":"ImageObject","inLanguage":"fr-FR","@id":"https:\/\/www.miomiorun.com\/fr\/produit\/essential-fitness-gloves\/#primaryimage","url":"https:\/\/www.miomiorun.com\/app\/uploads\/2023\/11\/nike-essential-fitness-gloves-BK-AT-WH-NLGC5057.webp","contentUrl":"https:\/\/www.miomiorun.com\/app\/uploads\/2023\/11\/nike-essential-fitness-gloves-BK-AT-WH-NLGC5057.webp","width":600,"height":600,"caption":"nike essential fitness gloves BK AT WH NLGC5057"},{"@type":"BreadcrumbList","@id":"https:\/\/www.miomiorun.com\/fr\/produit\/essential-fitness-gloves\/#breadcrumb","itemListElement":[{"@type":"ListItem","position":1,"name":"Home","item":"https:\/\/www.miomiorun.com\/fr\/home-page\/"},{"@type":"ListItem","position":2,"name":"Shop","item":"https:\/\/www.miomiorun.com\/shop\/"},{"@type":"ListItem","position":3,"name":"Essential Fitness Gloves"}]},{"@type":"WebSite","@id":"https:\/\/www.miomiorun.com\/fr\/#website","url":"https:\/\/www.miomiorun.com\/fr\/","name":"MioMioRun","description":"Boutique 100% running et trail","publisher":{"@id":"https:\/\/www.miomiorun.com\/fr\/#organization"},"potentialAction":[{"@type":"SearchAction","target":{"@type":"EntryPoint","urlTemplate":"https:\/\/www.miomiorun.com\/fr\/?s={search_term_string}"},"query-input":{"@type":"PropertyValueSpecification","valueRequired":true,"valueName":"search_term_string"}}],"inLanguage":"fr-FR"},{"@type":"Organization","@id":"https:\/\/www.miomiorun.com\/fr\/#organization","name":"MioMio Run","url":"https:\/\/www.miomiorun.com\/fr\/","logo":{"@type":"ImageObject","inLanguage":"fr-FR","@id":"https:\/\/www.miomiorun.com\/fr\/#\/schema\/logo\/image\/","url":"https:\/\/www.miomiorun.com\/app\/uploads\/2019\/12\/logomio.png","contentUrl":"https:\/\/www.miomiorun.com\/app\/uploads\/2019\/12\/logomio.png","width":115,"height":82,"caption":"MioMio Run"},"image":{"@id":"https:\/\/www.miomiorun.com\/fr\/#\/schema\/logo\/image\/"},"sameAs":["https:\/\/www.facebook.com\/miomiorun\/","https:\/\/www.instagram.com\/miomiorun\/"]}]}},"_links":{"self":[{"href":"https:\/\/www.miomiorun.com\/fr\/wp-json\/wp\/v2\/product\/287955","targetHints":{"allow":["GET"]}}],"collection":[{"href":"https:\/\/www.miomiorun.com\/fr\/wp-json\/wp\/v2\/product"}],"about":[{"href":"https:\/\/www.miomiorun.com\/fr\/wp-json\/wp\/v2\/types\/product"}],"wp:featuredmedia":[{"embeddable":true,"href":"https:\/\/www.miomiorun.com\/fr\/wp-json\/wp\/v2\/media\/246054"}],"wp:attachment":[{"href":"https:\/\/www.miomiorun.com\/fr\/wp-json\/wp\/v2\/media?parent=287955"}],"wp:term":[{"taxonomy":"product_brand","embeddable":true,"href":"https:\/\/www.miomiorun.com\/fr\/wp-json\/wp\/v2\/product_brand?post=287955"},{"taxonomy":"product_cat","embeddable":true,"href":"https:\/\/www.miomiorun.com\/fr\/wp-json\/wp\/v2\/product_cat?post=287955"},{"taxonomy":"product_tag","embeddable":true,"href":"https:\/\/www.miomiorun.com\/fr\/wp-json\/wp\/v2\/product_tag?post=287955"}],"curies":[{"name":"wp","href":"https:\/\/api.w.org\/{rel}","templated":true}]}}