{"id":287944,"date":"2023-10-05T11:03:14","date_gmt":"2023-10-05T09:03:14","guid":{"rendered":"https:\/\/miomiorun.com\/prodotto\/openrun-pro\/"},"modified":"2025-04-18T10:30:23","modified_gmt":"2025-04-18T08:30:23","slug":"openrun-pro","status":"publish","type":"product","link":"https:\/\/www.miomiorun.com\/fr\/produit\/openrun-pro\/","title":{"rendered":"OpenRun Pro"},"content":{"rendered":"<p><div class=\"vc-row container\"><div class=\"vc-column\"><div class=\"vc-column-text\"><\/p>\n<div style=\"width: 1920px;\" class=\"wp-video\"><video class=\"wp-video-shortcode\" id=\"video-287944-1\" width=\"1920\" height=\"820\" loop autoplay preload=\"metadata\" controls=\"controls\"><source type=\"video\/mp4\" src=\"https:\/\/miomiorun.com\/wp-content\/uploads\/2023\/10\/Openrun_pro_banner__1.8.mp4?_=1\" \/><a href=\"https:\/\/miomiorun.com\/wp-content\/uploads\/2023\/10\/Openrun_pro_banner__1.8.mp4\">https:\/\/miomiorun.com\/wp-content\/uploads\/2023\/10\/Openrun_pro_banner__1.8.mp4<\/a><\/video><\/div>\n<p><\/div><div style=\"height:32px\" class=\"vc-empty-space\"><\/div><div class=\"vc-column-text\"><strong>OpenRun Pro<\/strong>, notre casque sportif haut de gamme, offre une qualit\u00e9 sonore sans pr\u00e9c\u00e9dent. La technologie am\u00e9lior\u00e9e, notamment les basses renforc\u00e9es, 10 heures de musique et d&#8217;appels, la fonction de charge rapide et notre ajustement ouvert signature que vous connaissez et aimez, sont pr\u00eats \u00e0 red\u00e9finir tout ce que vous saviez sur l&#8217;\u00e9coute ouverte.<\/p>\n<h2 class=\"item-title\">Technologie TurboPitch\u2122 de Shokz<\/h2>\n<div class=\"item-text\">Le casque est con\u00e7u pour offrir un meilleur son. Le casque OpenRun Pro est con\u00e7u avec la neuvi\u00e8me g\u00e9n\u00e9ration de technologie de conduction osseuse pour offrir un son clair et net des moyennes aux hautes fr\u00e9quences, ainsi qu&#8217;avec deux unit\u00e9s CoreCushion (renforcement des basses) \u00e0 l&#8217;int\u00e9rieur des transducteurs, qui garantissent que chaque note, chaque rythme et chaque son sont entendus.<\/div>\n<div>\n<h2 class=\"item-title\">10 heures de musique et d&#8217;appels<\/h2>\n<div class=\"item-text\">Le casque OpenRun Pro offre 10 heures de musique et d&#8217;appels pour vous donner de l&#8217;\u00e9nergie pendant les longues s\u00e9ances d&#8217;entra\u00eenement.<\/div>\n<div>\n<div class=\"item\">\n<div class=\"text-wrapper\">\n<h2 class=\"item-title\">R\u00e9sistance \u00e0 l&#8217;eau IP55<\/h2>\n<div class=\"item-text\">Avec un indice IP55 r\u00e9sistant \u00e0 la poussi\u00e8re et \u00e0 l&#8217;humidit\u00e9, le casque OpenRun Pro est si robuste qu&#8217;il peut r\u00e9sister \u00e0 la pluie, \u00e0 la sueur ou \u00e0 des conditions difficiles.<\/div>\n<div class=\"item-text\"><\/div>\n<\/div>\n<\/div>\n<div class=\"item\">\n<div class=\"text-wrapper\">\n<h2 class=\"item-title\">Deux microphones avec suppression du bruit<\/h2>\n<div class=\"item-text\">Pour prendre des appels, quel que soit l&#8217;endroit o\u00f9 vous vous entra\u00eenez. Le casque OpenRun Pro est \u00e9quip\u00e9 d&#8217;un double microphone antibruit pour des appels d&#8217;une clart\u00e9 cristalline des deux c\u00f4t\u00e9s.<\/div>\n<div>\n<div class=\"item\">\n<div class=\"text-wrapper\">\n<h2 class=\"item-title\">Recharge rapide<\/h2>\n<div class=\"item-text\">Une charge rapide de 5 minutes vous offre 1,5 heure d&#8217;\u00e9coute pour rester connect\u00e9.<\/div>\n<div class=\"item-text\"><\/div>\n<\/div>\n<\/div>\n<div class=\"item\">\n<div class=\"text-wrapper\">\n<h2 class=\"item-title\">Caract\u00e9ristiques des \u00e9couteurs ouverts Signature Shokz<br \/>\n: S\u00e9curit\u00e9<\/h2>\n<div class=\"item-text\">Avec OpenRun Pro, vous pouvez atteindre vos objectifs d&#8217;entra\u00eenement tout en surveillant la circulation, les pi\u00e9tons, les cyclistes et bien plus encore. Vous avez l&#8217;esprit tranquille lorsque vous faites du v\u00e9lo, de la course \u00e0 pied ou que vous vous lancez dans une comp\u00e9tition, et vous r\u00e9duisez de fa\u00e7on exponentielle les accidents de la route.<\/div>\n<div>\n<h2 class=\"item-title\">Tenue s\u00fbre<\/h2>\n<div class=\"item-text\">Le support en titane enveloppant garantit un ajustement s\u00fbr qui reste en place pendant l&#8217;entra\u00eenement, la course ou la comp\u00e9tition.<\/div>\n<\/div>\n<\/div>\n<\/div>\n<\/div>\n<\/div>\n<\/div>\n<\/div>\n<\/div>\n<p><\/div><\/div><\/div><div class=\"vc-row container\"><div class=\"vc-column\"><\/div><\/div><\/p>\n","protected":false},"excerpt":{"rendered":"<ul>\n<li class=\"title fadein-0 fadein-01-mb\">Confort de l&#8217;oreille ouverte,<\/li>\n<li>imperm\u00e9able<\/li>\n<li>Technologie de conduction osseuse<\/li>\n<\/ul>\n<p>&nbsp;<\/p>\n","protected":false},"featured_media":243406,"template":"","meta":{"_acf_changed":false,"inline_featured_image":false},"product_brand":[],"product_cat":[22538,22540],"product_tag":[23544],"class_list":{"0":"post-287944","1":"product","2":"type-product","3":"status-publish","4":"has-post-thumbnail","6":"product_cat-accessoires","7":"product_cat-ecouteurs","8":"product_tag-shokz-fr","9":"pa_attivita-fitness-fr","10":"pa_attivita-lifestyle-fr","11":"pa_attivita-marcher","12":"pa_attivita-outdoor-fr","13":"pa_attivita-running-fr","14":"pa_attivita-trail-fr","15":"pa_colore-openrun-pro-beige-fr","16":"pa_colore-openrun-pro-black-fr","17":"pa_colore-openrun-pro-blue-fr","18":"pa_colore-openrun-pro-pink-fr","19":"pa_marca-shokz-fr","20":"pa_sesso-femme","21":"pa_sesso-homme","23":"first","24":"instock","25":"sale","26":"taxable","27":"shipping-taxable","28":"purchasable","29":"product-type-variable","30":"wvs-archive-product-wrapper"},"acf":[],"yoast_head":"<!-- This site is optimized with the Yoast SEO plugin v26.8 - https:\/\/yoast.com\/product\/yoast-seo-wordpress\/ -->\n<title>Shokz OpenRun Pro - \u00e9couteurs de course - MioMioRun<\/title>\n<meta name=\"description\" content=\"OpenRun Pro, notre casque de sport haut de gamme avec une qualit\u00e9 sonore sans pr\u00e9c\u00e9dent. Technologie am\u00e9lior\u00e9e, y compris des basses plus puissantes\" \/>\n<meta name=\"robots\" content=\"index, follow, max-snippet:-1, max-image-preview:large, max-video-preview:-1\" \/>\n<link rel=\"canonical\" href=\"https:\/\/www.miomiorun.com\/fr\/produit\/openrun-pro\/\" \/>\n<meta property=\"og:locale\" content=\"fr_FR\" \/>\n<meta property=\"og:type\" content=\"article\" \/>\n<meta property=\"og:title\" content=\"Shokz OpenRun Pro - \u00e9couteurs de course - MioMioRun\" \/>\n<meta property=\"og:description\" content=\"OpenRun Pro, notre casque de sport haut de gamme avec une qualit\u00e9 sonore sans pr\u00e9c\u00e9dent. Technologie am\u00e9lior\u00e9e, y compris des basses plus puissantes\" \/>\n<meta property=\"og:url\" content=\"https:\/\/www.miomiorun.com\/fr\/produit\/openrun-pro\/\" \/>\n<meta property=\"og:site_name\" content=\"MioMioRun\" \/>\n<meta property=\"article:publisher\" content=\"https:\/\/www.facebook.com\/miomiorun\/\" \/>\n<meta property=\"article:modified_time\" content=\"2025-04-18T08:30:23+00:00\" \/>\n<meta property=\"og:image\" content=\"https:\/\/www.miomiorun.com\/app\/uploads\/2023\/10\/shokz-openrun-pro-black-S810BK.jpg\" \/>\n\t<meta property=\"og:image:width\" content=\"600\" \/>\n\t<meta property=\"og:image:height\" content=\"600\" \/>\n\t<meta property=\"og:image:type\" content=\"image\/jpeg\" \/>\n<meta name=\"twitter:card\" content=\"summary_large_image\" \/>\n<meta name=\"twitter:label1\" content=\"Est. reading time\" \/>\n\t<meta name=\"twitter:data1\" content=\"2 minutes\" \/>\n<script type=\"application\/ld+json\" class=\"yoast-schema-graph\">{\"@context\":\"https:\/\/schema.org\",\"@graph\":[{\"@type\":\"WebPage\",\"@id\":\"https:\/\/www.miomiorun.com\/fr\/produit\/openrun-pro\/\",\"url\":\"https:\/\/www.miomiorun.com\/fr\/produit\/openrun-pro\/\",\"name\":\"Shokz OpenRun Pro - \u00e9couteurs de course - MioMioRun\",\"isPartOf\":{\"@id\":\"https:\/\/www.miomiorun.com\/fr\/#website\"},\"primaryImageOfPage\":{\"@id\":\"https:\/\/www.miomiorun.com\/fr\/produit\/openrun-pro\/#primaryimage\"},\"image\":{\"@id\":\"https:\/\/www.miomiorun.com\/fr\/produit\/openrun-pro\/#primaryimage\"},\"thumbnailUrl\":\"https:\/\/www.miomiorun.com\/app\/uploads\/2023\/10\/shokz-openrun-pro-black-S810BK.jpg\",\"datePublished\":\"2023-10-05T09:03:14+00:00\",\"dateModified\":\"2025-04-18T08:30:23+00:00\",\"description\":\"OpenRun Pro, notre casque de sport haut de gamme avec une qualit\u00e9 sonore sans pr\u00e9c\u00e9dent. Technologie am\u00e9lior\u00e9e, y compris des basses plus puissantes\",\"breadcrumb\":{\"@id\":\"https:\/\/www.miomiorun.com\/fr\/produit\/openrun-pro\/#breadcrumb\"},\"inLanguage\":\"fr-FR\",\"potentialAction\":[{\"@type\":\"ReadAction\",\"target\":[\"https:\/\/www.miomiorun.com\/fr\/produit\/openrun-pro\/\"]}]},{\"@type\":\"ImageObject\",\"inLanguage\":\"fr-FR\",\"@id\":\"https:\/\/www.miomiorun.com\/fr\/produit\/openrun-pro\/#primaryimage\",\"url\":\"https:\/\/www.miomiorun.com\/app\/uploads\/2023\/10\/shokz-openrun-pro-black-S810BK.jpg\",\"contentUrl\":\"https:\/\/www.miomiorun.com\/app\/uploads\/2023\/10\/shokz-openrun-pro-black-S810BK.jpg\",\"width\":600,\"height\":600,\"caption\":\"shokz-openrun-pro-black-S810BK\"},{\"@type\":\"BreadcrumbList\",\"@id\":\"https:\/\/www.miomiorun.com\/fr\/produit\/openrun-pro\/#breadcrumb\",\"itemListElement\":[{\"@type\":\"ListItem\",\"position\":1,\"name\":\"Home\",\"item\":\"https:\/\/www.miomiorun.com\/fr\/home-page\/\"},{\"@type\":\"ListItem\",\"position\":2,\"name\":\"Shop\",\"item\":\"https:\/\/www.miomiorun.com\/shop\/\"},{\"@type\":\"ListItem\",\"position\":3,\"name\":\"OpenRun Pro\"}]},{\"@type\":\"WebSite\",\"@id\":\"https:\/\/www.miomiorun.com\/fr\/#website\",\"url\":\"https:\/\/www.miomiorun.com\/fr\/\",\"name\":\"MioMioRun\",\"description\":\"Boutique 100% running et trail\",\"publisher\":{\"@id\":\"https:\/\/www.miomiorun.com\/fr\/#organization\"},\"potentialAction\":[{\"@type\":\"SearchAction\",\"target\":{\"@type\":\"EntryPoint\",\"urlTemplate\":\"https:\/\/www.miomiorun.com\/fr\/?s={search_term_string}\"},\"query-input\":{\"@type\":\"PropertyValueSpecification\",\"valueRequired\":true,\"valueName\":\"search_term_string\"}}],\"inLanguage\":\"fr-FR\"},{\"@type\":\"Organization\",\"@id\":\"https:\/\/www.miomiorun.com\/fr\/#organization\",\"name\":\"MioMio Run\",\"url\":\"https:\/\/www.miomiorun.com\/fr\/\",\"logo\":{\"@type\":\"ImageObject\",\"inLanguage\":\"fr-FR\",\"@id\":\"https:\/\/www.miomiorun.com\/fr\/#\/schema\/logo\/image\/\",\"url\":\"https:\/\/www.miomiorun.com\/app\/uploads\/2019\/12\/logomio.png\",\"contentUrl\":\"https:\/\/www.miomiorun.com\/app\/uploads\/2019\/12\/logomio.png\",\"width\":115,\"height\":82,\"caption\":\"MioMio Run\"},\"image\":{\"@id\":\"https:\/\/www.miomiorun.com\/fr\/#\/schema\/logo\/image\/\"},\"sameAs\":[\"https:\/\/www.facebook.com\/miomiorun\/\",\"https:\/\/www.instagram.com\/miomiorun\/\"]}]}<\/script>\n<!-- \/ Yoast SEO plugin. -->","yoast_head_json":{"title":"Shokz OpenRun Pro - \u00e9couteurs de course - MioMioRun","description":"OpenRun Pro, notre casque de sport haut de gamme avec une qualit\u00e9 sonore sans pr\u00e9c\u00e9dent. Technologie am\u00e9lior\u00e9e, y compris des basses plus puissantes","robots":{"index":"index","follow":"follow","max-snippet":"max-snippet:-1","max-image-preview":"max-image-preview:large","max-video-preview":"max-video-preview:-1"},"canonical":"https:\/\/www.miomiorun.com\/fr\/produit\/openrun-pro\/","og_locale":"fr_FR","og_type":"article","og_title":"Shokz OpenRun Pro - \u00e9couteurs de course - MioMioRun","og_description":"OpenRun Pro, notre casque de sport haut de gamme avec une qualit\u00e9 sonore sans pr\u00e9c\u00e9dent. Technologie am\u00e9lior\u00e9e, y compris des basses plus puissantes","og_url":"https:\/\/www.miomiorun.com\/fr\/produit\/openrun-pro\/","og_site_name":"MioMioRun","article_publisher":"https:\/\/www.facebook.com\/miomiorun\/","article_modified_time":"2025-04-18T08:30:23+00:00","og_image":[{"width":600,"height":600,"url":"https:\/\/www.miomiorun.com\/app\/uploads\/2023\/10\/shokz-openrun-pro-black-S810BK.jpg","type":"image\/jpeg"}],"twitter_card":"summary_large_image","twitter_misc":{"Est. reading time":"2 minutes"},"schema":{"@context":"https:\/\/schema.org","@graph":[{"@type":"WebPage","@id":"https:\/\/www.miomiorun.com\/fr\/produit\/openrun-pro\/","url":"https:\/\/www.miomiorun.com\/fr\/produit\/openrun-pro\/","name":"Shokz OpenRun Pro - \u00e9couteurs de course - MioMioRun","isPartOf":{"@id":"https:\/\/www.miomiorun.com\/fr\/#website"},"primaryImageOfPage":{"@id":"https:\/\/www.miomiorun.com\/fr\/produit\/openrun-pro\/#primaryimage"},"image":{"@id":"https:\/\/www.miomiorun.com\/fr\/produit\/openrun-pro\/#primaryimage"},"thumbnailUrl":"https:\/\/www.miomiorun.com\/app\/uploads\/2023\/10\/shokz-openrun-pro-black-S810BK.jpg","datePublished":"2023-10-05T09:03:14+00:00","dateModified":"2025-04-18T08:30:23+00:00","description":"OpenRun Pro, notre casque de sport haut de gamme avec une qualit\u00e9 sonore sans pr\u00e9c\u00e9dent. Technologie am\u00e9lior\u00e9e, y compris des basses plus puissantes","breadcrumb":{"@id":"https:\/\/www.miomiorun.com\/fr\/produit\/openrun-pro\/#breadcrumb"},"inLanguage":"fr-FR","potentialAction":[{"@type":"ReadAction","target":["https:\/\/www.miomiorun.com\/fr\/produit\/openrun-pro\/"]}]},{"@type":"ImageObject","inLanguage":"fr-FR","@id":"https:\/\/www.miomiorun.com\/fr\/produit\/openrun-pro\/#primaryimage","url":"https:\/\/www.miomiorun.com\/app\/uploads\/2023\/10\/shokz-openrun-pro-black-S810BK.jpg","contentUrl":"https:\/\/www.miomiorun.com\/app\/uploads\/2023\/10\/shokz-openrun-pro-black-S810BK.jpg","width":600,"height":600,"caption":"shokz-openrun-pro-black-S810BK"},{"@type":"BreadcrumbList","@id":"https:\/\/www.miomiorun.com\/fr\/produit\/openrun-pro\/#breadcrumb","itemListElement":[{"@type":"ListItem","position":1,"name":"Home","item":"https:\/\/www.miomiorun.com\/fr\/home-page\/"},{"@type":"ListItem","position":2,"name":"Shop","item":"https:\/\/www.miomiorun.com\/shop\/"},{"@type":"ListItem","position":3,"name":"OpenRun Pro"}]},{"@type":"WebSite","@id":"https:\/\/www.miomiorun.com\/fr\/#website","url":"https:\/\/www.miomiorun.com\/fr\/","name":"MioMioRun","description":"Boutique 100% running et trail","publisher":{"@id":"https:\/\/www.miomiorun.com\/fr\/#organization"},"potentialAction":[{"@type":"SearchAction","target":{"@type":"EntryPoint","urlTemplate":"https:\/\/www.miomiorun.com\/fr\/?s={search_term_string}"},"query-input":{"@type":"PropertyValueSpecification","valueRequired":true,"valueName":"search_term_string"}}],"inLanguage":"fr-FR"},{"@type":"Organization","@id":"https:\/\/www.miomiorun.com\/fr\/#organization","name":"MioMio Run","url":"https:\/\/www.miomiorun.com\/fr\/","logo":{"@type":"ImageObject","inLanguage":"fr-FR","@id":"https:\/\/www.miomiorun.com\/fr\/#\/schema\/logo\/image\/","url":"https:\/\/www.miomiorun.com\/app\/uploads\/2019\/12\/logomio.png","contentUrl":"https:\/\/www.miomiorun.com\/app\/uploads\/2019\/12\/logomio.png","width":115,"height":82,"caption":"MioMio Run"},"image":{"@id":"https:\/\/www.miomiorun.com\/fr\/#\/schema\/logo\/image\/"},"sameAs":["https:\/\/www.facebook.com\/miomiorun\/","https:\/\/www.instagram.com\/miomiorun\/"]}]}},"_links":{"self":[{"href":"https:\/\/www.miomiorun.com\/fr\/wp-json\/wp\/v2\/product\/287944","targetHints":{"allow":["GET"]}}],"collection":[{"href":"https:\/\/www.miomiorun.com\/fr\/wp-json\/wp\/v2\/product"}],"about":[{"href":"https:\/\/www.miomiorun.com\/fr\/wp-json\/wp\/v2\/types\/product"}],"wp:featuredmedia":[{"embeddable":true,"href":"https:\/\/www.miomiorun.com\/fr\/wp-json\/wp\/v2\/media\/243406"}],"wp:attachment":[{"href":"https:\/\/www.miomiorun.com\/fr\/wp-json\/wp\/v2\/media?parent=287944"}],"wp:term":[{"taxonomy":"product_brand","embeddable":true,"href":"https:\/\/www.miomiorun.com\/fr\/wp-json\/wp\/v2\/product_brand?post=287944"},{"taxonomy":"product_cat","embeddable":true,"href":"https:\/\/www.miomiorun.com\/fr\/wp-json\/wp\/v2\/product_cat?post=287944"},{"taxonomy":"product_tag","embeddable":true,"href":"https:\/\/www.miomiorun.com\/fr\/wp-json\/wp\/v2\/product_tag?post=287944"}],"curies":[{"name":"wp","href":"https:\/\/api.w.org\/{rel}","templated":true}]}}