{"id":287895,"date":"2023-10-03T12:11:24","date_gmt":"2023-10-03T10:11:24","guid":{"rendered":"https:\/\/miomiorun.com\/prodotto\/ultra-raptor-ii-jr-gtx\/"},"modified":"2025-12-06T19:07:23","modified_gmt":"2025-12-06T18:07:23","slug":"ultra-raptor-ii-jr-gtx","status":"publish","type":"product","link":"https:\/\/www.miomiorun.com\/fr\/produit\/ultra-raptor-ii-jr-gtx\/","title":{"rendered":"Ultra Raptor II JR Gtx"},"content":{"rendered":"<div class=\"vc-row container\"><div class=\"vc-column\"><div class=\"vc-column-text\"><\/p>\n<h4>Caract\u00e9ristiques techniques<\/h4>\n<p>Cat\u00e9gorie : Amortissement structur\u00e9<br \/>\nD\u00e9calage : 4mm<br \/>\nId\u00e9al pour : les gar\u00e7ons qui ont besoin d&#8217;une chaussure avec un bon amorti et une bonne structure pour aborder les sentiers de montagne. Id\u00e9ale pour une premi\u00e8re approche du trail running ou pour les gar\u00e7ons qui ont d\u00e9j\u00e0 tendance \u00e0 s&#8217;attaquer \u00e0 des distances moyennes \u00e0 longues.<br \/>\n<a href=\"https:\/\/miomiorun.com\/fr\/guide-des-specificites\/\">Specifications guide<\/a><\/p>\n<p> <\/div><\/div><div class=\"vc-column\"><div class=\"vc-column-text\"><\/p>\n<p class=\"product-name\" data-qa=\"productName\"><strong>Ultra Raptor II GTX <\/strong>Junior est la chaussure \u00e0 membrane GORE-TEX imperm\u00e9able et respirante d\u00e9di\u00e9e \u00e0 la randonn\u00e9e et con\u00e7ue pour les jeunes enfants. Parfaite pour une utilisation quotidienne et pour courir\/marcher sur des terrains non pav\u00e9s. La tige est en maille respirante avec renfort en microfibres thermocollantes et bordures anti-abrasion pour plus de l\u00e9g\u00e8ret\u00e9 et une protection maximale contre les impacts. L&#8217;assise plantaire Ortholite\u00ae Hybrid est fabriqu\u00e9e \u00e0 partir de composants recycl\u00e9s issus du cycle de traitement et tous les mat\u00e9riaux de la chaussure sont v\u00e9g\u00e9taliens. La semelle FriXion\u00ae Blue compound offre une excellente adh\u00e9rence et une grande durabilit\u00e9. D\u00e9di\u00e9e \u00e0 nos petits V\u00e9lociraptors.<\/p>\n<p data-qa=\"productName\"><strong>Caract\u00e9ristiques :<\/strong><\/p>\n<div class=\"description-techspecs__items\">\n<ul class=\"features-container\">\n<li class=\"feature-item\">Tige en maille<\/li>\n<li class=\"feature-item\">La\u00e7age rapide<\/li>\n<li class=\"feature-item\">Semelle interm\u00e9diaire en canne \u00e0 sucre recycl\u00e9e \u00e0 30<\/li>\n<li class=\"feature-item\">Caoutchouc r\u00e9sistant Carrarmato<\/li>\n<\/ul>\n<p><img decoding=\"async\" src=\"https:\/\/www.lasportiva.com\/media\/techinfo_icons\/friction-blue.png\"><\/p>\n<p>Les compos\u00e9s <strong>FriXion\u00ae<\/strong> de <strong>La Sportiva<\/strong> sont con\u00e7us pour cr\u00e9er des semelles avec diff\u00e9rents param\u00e8tres d&#8217;adh\u00e9rence et de durabilit\u00e9 en fonction du type d&#8217;utilisation et du terrain sur lequel les chaussures La Sportiva sont utilis\u00e9es.<\/p>\n<p><img decoding=\"async\" src=\"https:\/\/www.lasportiva.com\/media\/techinfo_icons\/impact-brake-system.png\"><\/p>\n<p><strong>Syst\u00e8me innovant appliqu\u00e9 \u00e0 la semelle qui absorbe l&#8217;impact, favorise la traction et la tenue au freinage.<\/strong><br \/>\nCon\u00e7u et d\u00e9velopp\u00e9 par le Centre de Recherche et D\u00e9veloppement de La Sportiva, il offre de r\u00e9els avantages pendant la course en r\u00e9duisant l&#8217;impact n\u00e9gatif avec le sol. La disposition particuli\u00e8re des blocs fait que certains d&#8217;entre eux entrent d&#8217;abord en contact avec le sol, ce qui adoucit la bande de roulement.<\/p>\n<p><img decoding=\"async\" src=\"https:\/\/www.lasportiva.com\/media\/techinfo_icons\/GORETEX1.png\"><\/p>\n<p>Les chaussures con\u00e7ues avec la technologie GORE-TEX Extended Comfort sont id\u00e9ales \u00e0 l&#8217;int\u00e9rieur comme \u00e0 l&#8217;ext\u00e9rieur, \u00e0 des temp\u00e9ratures mod\u00e9r\u00e9es ou \u00e9lev\u00e9es, ou lors d&#8217;activit\u00e9s a\u00e9robiques \u00e0 fort impact.<\/p>\n<p>Elles sont imperm\u00e9ables dans le temps avec une respirabilit\u00e9 optimale et offrent une protection durable contre les \u00e9l\u00e9ments. L&#8217;eau ne p\u00e9n\u00e8tre pas \u00e0 l&#8217;int\u00e9rieur, tandis que la transpiration s&#8217;\u00e9chappe facilement.<\/p>\n<p>Gr\u00e2ce \u00e0 leur construction sans isolation, ils sont la solution parfaite pour un excellent confort climatique en \u00e9liminant l&#8217;exc\u00e8s de chaleur.<\/p>\n<p><img decoding=\"async\" src=\"https:\/\/www.lasportiva.com\/media\/techinfo_icons\/laspo6.png\"><\/p>\n<p>Les 3 mod\u00e8les Laspokids favorisent le d\u00e9veloppement des enfants gr\u00e2ce \u00e0 des technologies con\u00e7ues pour stimuler leur croissance physique et mentale de mani\u00e8re naturelle, gr\u00e2ce \u00e0 des solutions qui encouragent la libert\u00e9, la proprioception, l&#8217;interaction avec l&#8217;environnement et le &#8220;confort sensoriel&#8221;.<br \/>\nRunning, climbing et trekking : 3 produits pour 3 des moments les plus amusants d&#8217;une journ\u00e9e en montagne en compagnie de LaspoBoy et LaspoGirl : les sympathiques personnages qui, gr\u00e2ce aux pouvoirs de leurs chaussures, nous guident \u00e0 la d\u00e9couverte de la nature et des sports de montagne.<\/p>\n<\/div>\n<p><\/div><\/div><\/div>\n","protected":false},"excerpt":{"rendered":"<ul>\n<li>Chaussure pour les enfants qui aiment la montagne.<\/li>\n<li>Super amortissante et avec une excellente adh\u00e9rence.<\/li>\n<\/ul>\n","protected":false},"featured_media":243300,"template":"","meta":{"_acf_changed":false,"inline_featured_image":false},"product_brand":[],"product_cat":[22594,22593,22590],"product_tag":[23597,24181,24188],"class_list":{"0":"post-287895","1":"product","2":"type-product","3":"status-publish","4":"has-post-thumbnail","6":"product_cat-chaussures-pour-enfants","7":"product_cat-chaussures-pour-filles","8":"product_cat-enfant","9":"product_tag-la-sportiva-fr","10":"product_tag-la-sportiva-fille","11":"product_tag-la-sportiva-garcon","12":"pa_attivita-marcher","13":"pa_attivita-outdoor-fr","14":"pa_colore-ultra-raptor-ii-gtx-jr-papaya-sangria-fr","15":"pa_colore-ultra-raptor-ii-jr-gtx-lagoon-cherry-tomato-fr","16":"pa_marca-la-sportiva-fr","17":"pa_sesso-femme","18":"pa_sesso-homme","19":"pa_size-31-fr","20":"pa_size-32-fr","21":"pa_size-33-fr","22":"pa_size-34-fr","23":"pa_size-35-fr","24":"pa_size-36-fr","25":"pa_size-37-fr","26":"pa_size-38-fr","28":"first","29":"instock","30":"sale","31":"taxable","32":"shipping-taxable","33":"purchasable","34":"product-type-variable","35":"wvs-archive-product-wrapper"},"acf":[],"yoast_head":"<!-- This site is optimized with the Yoast SEO plugin v26.8 - https:\/\/yoast.com\/product\/yoast-seo-wordpress\/ -->\n<title>La SportivaUltra Raptor II JR Gtx - chaussures pour enfantsMioMioRun<\/title>\n<meta name=\"description\" content=\"Chaussure en membrane GORE-TEX imperm\u00e9able et respirante d\u00e9di\u00e9e \u00e0 la randonn\u00e9e et aux loisirs, con\u00e7ue pour les plus petits.\" \/>\n<meta name=\"robots\" content=\"index, follow, max-snippet:-1, max-image-preview:large, max-video-preview:-1\" \/>\n<link rel=\"canonical\" href=\"https:\/\/www.miomiorun.com\/fr\/produit\/ultra-raptor-ii-jr-gtx\/\" \/>\n<meta property=\"og:locale\" content=\"fr_FR\" \/>\n<meta property=\"og:type\" content=\"article\" \/>\n<meta property=\"og:title\" content=\"La SportivaUltra Raptor II JR Gtx - chaussures pour enfantsMioMioRun\" \/>\n<meta property=\"og:description\" content=\"Chaussure en membrane GORE-TEX imperm\u00e9able et respirante d\u00e9di\u00e9e \u00e0 la randonn\u00e9e et aux loisirs, con\u00e7ue pour les plus petits.\" \/>\n<meta property=\"og:url\" content=\"https:\/\/www.miomiorun.com\/fr\/produit\/ultra-raptor-ii-jr-gtx\/\" \/>\n<meta property=\"og:site_name\" content=\"MioMioRun\" \/>\n<meta property=\"article:publisher\" content=\"https:\/\/www.facebook.com\/miomiorun\/\" \/>\n<meta property=\"article:modified_time\" content=\"2025-12-06T18:07:23+00:00\" \/>\n<meta property=\"og:image\" content=\"https:\/\/www.miomiorun.com\/app\/uploads\/2023\/10\/la-sportiva-Ultra-Raptor-II-JR-Gtx-lagoon-cherry-tomato-34O638322.jpg\" \/>\n\t<meta property=\"og:image:width\" content=\"600\" \/>\n\t<meta property=\"og:image:height\" content=\"600\" \/>\n\t<meta property=\"og:image:type\" content=\"image\/jpeg\" \/>\n<meta name=\"twitter:card\" content=\"summary_large_image\" \/>\n<meta name=\"twitter:label1\" content=\"Est. reading time\" \/>\n\t<meta name=\"twitter:data1\" content=\"3 minutes\" \/>\n<script type=\"application\/ld+json\" class=\"yoast-schema-graph\">{\"@context\":\"https:\/\/schema.org\",\"@graph\":[{\"@type\":\"WebPage\",\"@id\":\"https:\/\/www.miomiorun.com\/fr\/produit\/ultra-raptor-ii-jr-gtx\/\",\"url\":\"https:\/\/www.miomiorun.com\/fr\/produit\/ultra-raptor-ii-jr-gtx\/\",\"name\":\"La SportivaUltra Raptor II JR Gtx - chaussures pour enfantsMioMioRun\",\"isPartOf\":{\"@id\":\"https:\/\/www.miomiorun.com\/fr\/#website\"},\"primaryImageOfPage\":{\"@id\":\"https:\/\/www.miomiorun.com\/fr\/produit\/ultra-raptor-ii-jr-gtx\/#primaryimage\"},\"image\":{\"@id\":\"https:\/\/www.miomiorun.com\/fr\/produit\/ultra-raptor-ii-jr-gtx\/#primaryimage\"},\"thumbnailUrl\":\"https:\/\/www.miomiorun.com\/app\/uploads\/2023\/10\/la-sportiva-Ultra-Raptor-II-JR-Gtx-lagoon-cherry-tomato-34O638322.jpg\",\"datePublished\":\"2023-10-03T10:11:24+00:00\",\"dateModified\":\"2025-12-06T18:07:23+00:00\",\"description\":\"Chaussure en membrane GORE-TEX imperm\u00e9able et respirante d\u00e9di\u00e9e \u00e0 la randonn\u00e9e et aux loisirs, con\u00e7ue pour les plus petits.\",\"breadcrumb\":{\"@id\":\"https:\/\/www.miomiorun.com\/fr\/produit\/ultra-raptor-ii-jr-gtx\/#breadcrumb\"},\"inLanguage\":\"fr-FR\",\"potentialAction\":[{\"@type\":\"ReadAction\",\"target\":[\"https:\/\/www.miomiorun.com\/fr\/produit\/ultra-raptor-ii-jr-gtx\/\"]}]},{\"@type\":\"ImageObject\",\"inLanguage\":\"fr-FR\",\"@id\":\"https:\/\/www.miomiorun.com\/fr\/produit\/ultra-raptor-ii-jr-gtx\/#primaryimage\",\"url\":\"https:\/\/www.miomiorun.com\/app\/uploads\/2023\/10\/la-sportiva-Ultra-Raptor-II-JR-Gtx-lagoon-cherry-tomato-34O638322.jpg\",\"contentUrl\":\"https:\/\/www.miomiorun.com\/app\/uploads\/2023\/10\/la-sportiva-Ultra-Raptor-II-JR-Gtx-lagoon-cherry-tomato-34O638322.jpg\",\"width\":600,\"height\":600,\"caption\":\"la-sportiva-Ultra-Raptor-II-JR-Gtx-lagoon-cherry-tomato-34O638322\"},{\"@type\":\"BreadcrumbList\",\"@id\":\"https:\/\/www.miomiorun.com\/fr\/produit\/ultra-raptor-ii-jr-gtx\/#breadcrumb\",\"itemListElement\":[{\"@type\":\"ListItem\",\"position\":1,\"name\":\"Home\",\"item\":\"https:\/\/www.miomiorun.com\/fr\/home-page\/\"},{\"@type\":\"ListItem\",\"position\":2,\"name\":\"Shop\",\"item\":\"https:\/\/www.miomiorun.com\/shop\/\"},{\"@type\":\"ListItem\",\"position\":3,\"name\":\"Ultra Raptor II JR Gtx\"}]},{\"@type\":\"WebSite\",\"@id\":\"https:\/\/www.miomiorun.com\/fr\/#website\",\"url\":\"https:\/\/www.miomiorun.com\/fr\/\",\"name\":\"MioMioRun\",\"description\":\"Boutique 100% running et trail\",\"publisher\":{\"@id\":\"https:\/\/www.miomiorun.com\/fr\/#organization\"},\"potentialAction\":[{\"@type\":\"SearchAction\",\"target\":{\"@type\":\"EntryPoint\",\"urlTemplate\":\"https:\/\/www.miomiorun.com\/fr\/?s={search_term_string}\"},\"query-input\":{\"@type\":\"PropertyValueSpecification\",\"valueRequired\":true,\"valueName\":\"search_term_string\"}}],\"inLanguage\":\"fr-FR\"},{\"@type\":\"Organization\",\"@id\":\"https:\/\/www.miomiorun.com\/fr\/#organization\",\"name\":\"MioMio Run\",\"url\":\"https:\/\/www.miomiorun.com\/fr\/\",\"logo\":{\"@type\":\"ImageObject\",\"inLanguage\":\"fr-FR\",\"@id\":\"https:\/\/www.miomiorun.com\/fr\/#\/schema\/logo\/image\/\",\"url\":\"https:\/\/www.miomiorun.com\/app\/uploads\/2019\/12\/logomio.png\",\"contentUrl\":\"https:\/\/www.miomiorun.com\/app\/uploads\/2019\/12\/logomio.png\",\"width\":115,\"height\":82,\"caption\":\"MioMio Run\"},\"image\":{\"@id\":\"https:\/\/www.miomiorun.com\/fr\/#\/schema\/logo\/image\/\"},\"sameAs\":[\"https:\/\/www.facebook.com\/miomiorun\/\",\"https:\/\/www.instagram.com\/miomiorun\/\"]}]}<\/script>\n<!-- \/ Yoast SEO plugin. -->","yoast_head_json":{"title":"La SportivaUltra Raptor II JR Gtx - chaussures pour enfantsMioMioRun","description":"Chaussure en membrane GORE-TEX imperm\u00e9able et respirante d\u00e9di\u00e9e \u00e0 la randonn\u00e9e et aux loisirs, con\u00e7ue pour les plus petits.","robots":{"index":"index","follow":"follow","max-snippet":"max-snippet:-1","max-image-preview":"max-image-preview:large","max-video-preview":"max-video-preview:-1"},"canonical":"https:\/\/www.miomiorun.com\/fr\/produit\/ultra-raptor-ii-jr-gtx\/","og_locale":"fr_FR","og_type":"article","og_title":"La SportivaUltra Raptor II JR Gtx - chaussures pour enfantsMioMioRun","og_description":"Chaussure en membrane GORE-TEX imperm\u00e9able et respirante d\u00e9di\u00e9e \u00e0 la randonn\u00e9e et aux loisirs, con\u00e7ue pour les plus petits.","og_url":"https:\/\/www.miomiorun.com\/fr\/produit\/ultra-raptor-ii-jr-gtx\/","og_site_name":"MioMioRun","article_publisher":"https:\/\/www.facebook.com\/miomiorun\/","article_modified_time":"2025-12-06T18:07:23+00:00","og_image":[{"width":600,"height":600,"url":"https:\/\/www.miomiorun.com\/app\/uploads\/2023\/10\/la-sportiva-Ultra-Raptor-II-JR-Gtx-lagoon-cherry-tomato-34O638322.jpg","type":"image\/jpeg"}],"twitter_card":"summary_large_image","twitter_misc":{"Est. reading time":"3 minutes"},"schema":{"@context":"https:\/\/schema.org","@graph":[{"@type":"WebPage","@id":"https:\/\/www.miomiorun.com\/fr\/produit\/ultra-raptor-ii-jr-gtx\/","url":"https:\/\/www.miomiorun.com\/fr\/produit\/ultra-raptor-ii-jr-gtx\/","name":"La SportivaUltra Raptor II JR Gtx - chaussures pour enfantsMioMioRun","isPartOf":{"@id":"https:\/\/www.miomiorun.com\/fr\/#website"},"primaryImageOfPage":{"@id":"https:\/\/www.miomiorun.com\/fr\/produit\/ultra-raptor-ii-jr-gtx\/#primaryimage"},"image":{"@id":"https:\/\/www.miomiorun.com\/fr\/produit\/ultra-raptor-ii-jr-gtx\/#primaryimage"},"thumbnailUrl":"https:\/\/www.miomiorun.com\/app\/uploads\/2023\/10\/la-sportiva-Ultra-Raptor-II-JR-Gtx-lagoon-cherry-tomato-34O638322.jpg","datePublished":"2023-10-03T10:11:24+00:00","dateModified":"2025-12-06T18:07:23+00:00","description":"Chaussure en membrane GORE-TEX imperm\u00e9able et respirante d\u00e9di\u00e9e \u00e0 la randonn\u00e9e et aux loisirs, con\u00e7ue pour les plus petits.","breadcrumb":{"@id":"https:\/\/www.miomiorun.com\/fr\/produit\/ultra-raptor-ii-jr-gtx\/#breadcrumb"},"inLanguage":"fr-FR","potentialAction":[{"@type":"ReadAction","target":["https:\/\/www.miomiorun.com\/fr\/produit\/ultra-raptor-ii-jr-gtx\/"]}]},{"@type":"ImageObject","inLanguage":"fr-FR","@id":"https:\/\/www.miomiorun.com\/fr\/produit\/ultra-raptor-ii-jr-gtx\/#primaryimage","url":"https:\/\/www.miomiorun.com\/app\/uploads\/2023\/10\/la-sportiva-Ultra-Raptor-II-JR-Gtx-lagoon-cherry-tomato-34O638322.jpg","contentUrl":"https:\/\/www.miomiorun.com\/app\/uploads\/2023\/10\/la-sportiva-Ultra-Raptor-II-JR-Gtx-lagoon-cherry-tomato-34O638322.jpg","width":600,"height":600,"caption":"la-sportiva-Ultra-Raptor-II-JR-Gtx-lagoon-cherry-tomato-34O638322"},{"@type":"BreadcrumbList","@id":"https:\/\/www.miomiorun.com\/fr\/produit\/ultra-raptor-ii-jr-gtx\/#breadcrumb","itemListElement":[{"@type":"ListItem","position":1,"name":"Home","item":"https:\/\/www.miomiorun.com\/fr\/home-page\/"},{"@type":"ListItem","position":2,"name":"Shop","item":"https:\/\/www.miomiorun.com\/shop\/"},{"@type":"ListItem","position":3,"name":"Ultra Raptor II JR Gtx"}]},{"@type":"WebSite","@id":"https:\/\/www.miomiorun.com\/fr\/#website","url":"https:\/\/www.miomiorun.com\/fr\/","name":"MioMioRun","description":"Boutique 100% running et trail","publisher":{"@id":"https:\/\/www.miomiorun.com\/fr\/#organization"},"potentialAction":[{"@type":"SearchAction","target":{"@type":"EntryPoint","urlTemplate":"https:\/\/www.miomiorun.com\/fr\/?s={search_term_string}"},"query-input":{"@type":"PropertyValueSpecification","valueRequired":true,"valueName":"search_term_string"}}],"inLanguage":"fr-FR"},{"@type":"Organization","@id":"https:\/\/www.miomiorun.com\/fr\/#organization","name":"MioMio Run","url":"https:\/\/www.miomiorun.com\/fr\/","logo":{"@type":"ImageObject","inLanguage":"fr-FR","@id":"https:\/\/www.miomiorun.com\/fr\/#\/schema\/logo\/image\/","url":"https:\/\/www.miomiorun.com\/app\/uploads\/2019\/12\/logomio.png","contentUrl":"https:\/\/www.miomiorun.com\/app\/uploads\/2019\/12\/logomio.png","width":115,"height":82,"caption":"MioMio Run"},"image":{"@id":"https:\/\/www.miomiorun.com\/fr\/#\/schema\/logo\/image\/"},"sameAs":["https:\/\/www.facebook.com\/miomiorun\/","https:\/\/www.instagram.com\/miomiorun\/"]}]}},"_links":{"self":[{"href":"https:\/\/www.miomiorun.com\/fr\/wp-json\/wp\/v2\/product\/287895","targetHints":{"allow":["GET"]}}],"collection":[{"href":"https:\/\/www.miomiorun.com\/fr\/wp-json\/wp\/v2\/product"}],"about":[{"href":"https:\/\/www.miomiorun.com\/fr\/wp-json\/wp\/v2\/types\/product"}],"wp:featuredmedia":[{"embeddable":true,"href":"https:\/\/www.miomiorun.com\/fr\/wp-json\/wp\/v2\/media\/243300"}],"wp:attachment":[{"href":"https:\/\/www.miomiorun.com\/fr\/wp-json\/wp\/v2\/media?parent=287895"}],"wp:term":[{"taxonomy":"product_brand","embeddable":true,"href":"https:\/\/www.miomiorun.com\/fr\/wp-json\/wp\/v2\/product_brand?post=287895"},{"taxonomy":"product_cat","embeddable":true,"href":"https:\/\/www.miomiorun.com\/fr\/wp-json\/wp\/v2\/product_cat?post=287895"},{"taxonomy":"product_tag","embeddable":true,"href":"https:\/\/www.miomiorun.com\/fr\/wp-json\/wp\/v2\/product_tag?post=287895"}],"curies":[{"name":"wp","href":"https:\/\/api.w.org\/{rel}","templated":true}]}}