{"id":287893,"date":"2023-10-16T10:20:48","date_gmt":"2023-10-16T08:20:48","guid":{"rendered":"https:\/\/miomiorun.com\/prodotto\/cyklon-cross-gtx-donna\/"},"modified":"2026-04-28T21:57:01","modified_gmt":"2026-04-28T19:57:01","slug":"cyklon-cross-gtx-femme","status":"publish","type":"product","link":"https:\/\/www.miomiorun.com\/fr\/produit\/cyklon-cross-gtx-femme\/","title":{"rendered":"Cyklon Cross Gtx femme"},"content":{"rendered":"<div class=\"vc-row container\"><div class=\"vc-column\"><div class=\"vc-column-text\"><\/p>\n<p><strong>Caract\u00e9ristiques techniques<\/strong><\/p>\n<p>Cat\u00e9gorie : amorti interm\u00e9diaire<br \/>\nD\u00e9calage : 7 mm<br \/>\nPoids : 260 g<br \/>\nId\u00e9al pour : les adeptes de la course tout terrain sur terrain technique sur des distances moyennes et pour les skyraces.<br \/>\nPoids de l&#8217;athl\u00e8te : 60-70 kg<br \/>\nAllure de course : moyenne-rapide (moins de 5.00 min\/km)<br \/>\n<a href=\"https:\/\/miomiorun.com\/fr\/guide-des-specificites\/\">Guide des sp\u00e9cifications<\/a><\/p>\n<p><\/div><\/div><div class=\"vc-column\"><div class=\"vc-column-text\">La Cyklon Cross GTX pour femme est une chaussure technique de Mountain Running\u00ae avec gu\u00eatre hydrofuge int\u00e9gr\u00e9e et syst\u00e8me de la\u00e7age BOA\u00ae Fit System. Con\u00e7ue pour l&#8217;entra\u00eenement et la comp\u00e9tition hors piste pendant les mois d&#8217;hiver, elle convient \u00e9galement \u00e0 la pratique de la raquette. La membrane GORE-TEX, imperm\u00e9able et respirante, fonctionne en synergie avec la gu\u00eatre hydrofuge pour emp\u00eacher la boue et la neige de p\u00e9n\u00e9trer. Le confort de la chaussure est assur\u00e9 par le syst\u00e8me \u00ab Easy-in \u00bb qui facilite et acc\u00e9l\u00e8re l&#8217;enfilage. L&#8217;utilisation de la technologie BOA\u00ae Fit System permet un r\u00e9glage plus pr\u00e9cis et plus rapide du volume. La semelle est en m\u00e9lange FriXion\u00ae White ultra adh\u00e9rent et est pr\u00e9dispos\u00e9e pour le montage de crampons AT Grip afin d&#8217;augmenter l&#8217;adh\u00e9rence sur les terrains enneig\u00e9s ou verglac\u00e9s. Le must have pour tous ceux qui aiment courir et faire de la comp\u00e9tition m\u00eame en hiver.<\/p>\n<p>Cyklon Cross GTX : pour votre hiver.<\/p>\n<p><strong>Caract\u00e9ristiques :<\/strong><\/p>\n<p>Gu\u00eatre hydrofuge en mesh bi-\u00e9lastique.<\/p>\n<p>Membrane imperm\u00e9able GORE-TEX avec technologie Flex Construction.<\/p>\n<p>Syst\u00e8me de fermeture rapide et pr\u00e9cis BOA\u00ae Fit System.<\/p>\n<p>Entr\u00e9e \u00ab Easy-in \u00bb qui facilite et acc\u00e9l\u00e8re l&#8217;enfilage.<\/p>\n<p>Application r\u00e9fl\u00e9chissante sur la gu\u00eatre et la bande pour une utilisation nocturne.<\/p>\n<p>Semelle en m\u00e9lange FriXion\u00ae White ultra adh\u00e9rente, pr\u00e9dispos\u00e9e pour le montage de crampons AT Grip afin d&#8217;augmenter l&#8217;adh\u00e9rence sur les terrains enneig\u00e9s ou verglac\u00e9s<\/p>\n<p>Gu\u00eatre :<\/p>\n<p>Maille bi-\u00e9lastique hydrofuge anti-tra\u00een\u00e9e r\u00e9sistante \u00e0 l&#8217;abrasion + fermeture \u00e9clair YKK\u00ae hydrofuge transversale avec rev\u00eatement de surface<\/p>\n<p>Tige :<\/p>\n<p>Maille 3D anti-abrasion et anti-tra\u00een\u00e9e + bande en microfibre tout autour avec rev\u00eatement anti-abrasion + renfort en TPU.<\/p>\n<p>Doublure :<\/p>\n<p>Gore\u00ae Flex Construction<\/p>\n<p>Semelle int\u00e9rieure :<\/p>\n<p>Ortholite\u00ae Hybrid Mountain Running Ergonomic 4 mm<\/p>\n<p>Semelle interm\u00e9diaire :<\/p>\n<p>EVA inject\u00e9 amortissant et double densit\u00e9 avec insert stabilisateur<\/p>\n<p>Semelle ext\u00e9rieure :<\/p>\n<p>FriXion\u00ae White ultra adh\u00e9rente avec possibilit\u00e9 de montage de crampons AT Grip<\/p>\n<p>MUD GROUNDS :<\/p>\n<p>Semelles d\u00e9di\u00e9es \u00e0 la course sur terrains mous et boueux gr\u00e2ce \u00e0 l&#8217;\u00e9paisseur, la forme et l&#8217;espacement des crampons qui composent la semelle ext\u00e9rieure.<\/p>\n<p>EVA &#8211; INJECT\u00c9<\/p>\n<p>Les semelles inject\u00e9es offrent un haut degr\u00e9 d&#8217;amorti et une grande \u00e9lasticit\u00e9 du mat\u00e9riau. Ces propri\u00e9t\u00e9s permettent de b\u00e9n\u00e9ficier d&#8217;une pouss\u00e9e propulsive du sol, favorisant la course sur les terrains hors route. L&#8217;EVA inject\u00e9 r\u00e9duit \u00e9galement consid\u00e9rablement l&#8217;effet d&#8217;\u00e9crasement au fil du temps, permettant au mat\u00e9riau de conserver les m\u00eames caract\u00e9ristiques de performance dans le temps.<\/p>\n<p>Les mod\u00e8les de la gamme Mountain Running\u00ae adoptent les semelles int\u00e9rieures \u00e9cologiques exclusives La Sportiva by OrthoLite\u00ae Hybrid, fabriqu\u00e9es \u00e0 partir de 20 % de mat\u00e9riaux recycl\u00e9s issus du cycle de production. Ces semelles int\u00e9rieures sont con\u00e7ues aussi bien pour les pieds masculins que f\u00e9minins et adoptent des \u00e9paisseurs et des mat\u00e9riaux diff\u00e9rents en fonction du poids moyen de l&#8217;utilisateur.<\/p>\n<p>\u2022 \u00c9cologiques et lavables : elles contiennent du caoutchouc recycl\u00e9 et peuvent \u00eatre lav\u00e9es en machine.<\/p>\n<p>\u2022 Confort maximal gr\u00e2ce \u00e0 l&#8217;a\u00e9ration de la semelle et aux cellules en mousse PU hautement respirantes pour un pied toujours sec et un confort climatique parfait.<\/p>\n<p>\u2022 Elles favorisent l&#8217;\u00e9vacuation de la transpiration tout en gardant le pied au sec.<\/p>\n<p>\u2022 Grande durabilit\u00e9 gr\u00e2ce \u00e0 une technologie qui \u00e9vite l&#8217;\u00e9crasement excessif du mat\u00e9riau : la compression dans le temps est inf\u00e9rieure \u00e0 5 %.<\/p>\n<p>High Volume :<\/p>\n<p>Id\u00e9al pour l&#8217;entra\u00eenement et la course sur de longues distances.<\/p>\n<p>Syst\u00e8me innovant appliqu\u00e9 \u00e0 la semelle qui absorbe les chocs, aide \u00e0 la traction et retient lors du freinage.<\/p>\n<p>Con\u00e7u et d\u00e9velopp\u00e9 par le centre de recherche et d\u00e9veloppement La Sportiva, il offre de r\u00e9els avantages pendant la course en r\u00e9duisant l&#8217;impact n\u00e9gatif avec le sol. La disposition particuli\u00e8re des crampons fait en sorte que certains d&#8217;entre eux entrent en premier en contact avec le sol, adoucissant ainsi l&#8217;appui de la semelle.<\/p>\n<p>Les m\u00e9langes La Sportiva FriXion\u00ae ont \u00e9t\u00e9 cr\u00e9\u00e9s dans le but de cr\u00e9er des bandes de roulement avec diff\u00e9rents param\u00e8tres d&#8217;adh\u00e9rence et de durabilit\u00e9 en fonction du type d&#8217;utilisation et du terrain sur lesquels les chaussures La Sportiva sont utilis\u00e9es.<\/p>\n<p>GORE\u00ae FLEX CONSTRUCTION<\/p>\n<p>BOA\u00ae FIT SYSTEM<\/p>\n<p>Le BOA\u00ae Fit System garantit un ajustement pr\u00e9cis et micro-r\u00e9glable<\/p>\n<p>AGILIT\u00c9 ET VITESSE<\/p>\n<p>Le syst\u00e8me BOA\u00ae Fit System permet des changements de direction plus rapides et plus puissants gr\u00e2ce \u00e0 une connexion continue entre l&#8217;\u00e9quipement et le corps.<\/p>\n<p>PUISSANCE ET PR\u00c9CISION<\/p>\n<p>Puissance sans compromettre la pr\u00e9cision, le syst\u00e8me BOA\u00ae Fit System offre une action plus explosive et une pr\u00e9cision sans pr\u00e9c\u00e9dent.<\/p>\n<p>ENDURANCE ET SANT\u00c9<\/p>\n<p>Allez plus loin, plus vite et plus fort. Le syst\u00e8me BOA\u00ae Fit System vous permet d&#8217;\u00e9conomiser de l&#8217;\u00e9nergie en am\u00e9liorant la circulation et l&#8217;efficacit\u00e9.<\/p>\n<p>DURABILIT\u00c9 ET QUALIT\u00c9<\/p>\n<p>Con\u00e7u avec des mat\u00e9riaux durables de haute qualit\u00e9 et rigoureusement test\u00e9 sur le terrain<\/p>\n<p>&nbsp;<\/p>\n<p>&nbsp;<\/div><\/div><\/div>\n","protected":false},"excerpt":{"rendered":"<ul>\n<li>fermeture homog\u00e8ne avec syst\u00e8me BOA<\/li>\n<li>id\u00e9al pour emp\u00eacher l&#8217;entr\u00e9e de d\u00e9bris<\/li>\n<li>excellente adh\u00e9rence sur les terrains difficiles<\/li>\n<li>MEMBRANE gtx<\/li>\n<\/ul>\n","protected":false},"featured_media":243318,"template":"","meta":{"_acf_changed":false,"inline_featured_image":false},"product_brand":[],"product_cat":[22605,22608],"product_tag":[23597,23601],"class_list":{"0":"post-287893","1":"product","2":"type-product","3":"status-publish","4":"has-post-thumbnail","6":"product_cat-chaussures-pour-femmes","7":"product_cat-trail-fr","8":"product_tag-la-sportiva-fr","9":"product_tag-la-sportiva-femme","10":"pa_attivita-outdoor-fr","11":"pa_attivita-trail-fr","12":"pa_colore-cyklon-cross-w-gtx-black-hibiscus-fr","13":"pa_marca-la-sportiva-fr","14":"pa_sesso-femme","15":"pa_size-38-fr","16":"pa_size-38-5-fr","18":"first","19":"instock","20":"sale","21":"taxable","22":"shipping-taxable","23":"purchasable","24":"product-type-variable","25":"wvs-archive-product-wrapper"},"acf":[],"yoast_head":"<!-- This site is optimized with the Yoast SEO plugin v26.8 - https:\/\/yoast.com\/product\/yoast-seo-wordpress\/ -->\n<title>La sportiva Cyklon Cross Gtx femme - Chaussures de trail femmes - MioMioRun<\/title>\n<meta name=\"description\" content=\"La Cyklon Cross GTX pour femme est une chaussure technique de Mountain Running\u00ae avec gu\u00eatre d\u00e9perlante int\u00e9gr\u00e9e et syst\u00e8me de la\u00e7age BOA\u00ae Fit System.\" \/>\n<meta name=\"robots\" content=\"index, follow, max-snippet:-1, max-image-preview:large, max-video-preview:-1\" \/>\n<link rel=\"canonical\" href=\"https:\/\/www.miomiorun.com\/fr\/produit\/cyklon-cross-gtx-femme\/\" \/>\n<meta property=\"og:locale\" content=\"fr_FR\" \/>\n<meta property=\"og:type\" content=\"article\" \/>\n<meta property=\"og:title\" content=\"La sportiva Cyklon Cross Gtx femme - Chaussures de trail femmes - MioMioRun\" \/>\n<meta property=\"og:description\" content=\"La Cyklon Cross GTX pour femme est une chaussure technique de Mountain Running\u00ae avec gu\u00eatre d\u00e9perlante int\u00e9gr\u00e9e et syst\u00e8me de la\u00e7age BOA\u00ae Fit System.\" \/>\n<meta property=\"og:url\" content=\"https:\/\/www.miomiorun.com\/fr\/produit\/cyklon-cross-gtx-femme\/\" \/>\n<meta property=\"og:site_name\" content=\"MioMioRun\" \/>\n<meta property=\"article:publisher\" content=\"https:\/\/www.facebook.com\/miomiorun\/\" \/>\n<meta property=\"article:modified_time\" content=\"2026-04-28T19:57:01+00:00\" \/>\n<meta property=\"og:image\" content=\"https:\/\/www.miomiorun.com\/app\/uploads\/2023\/10\/la-sportiva-cyklon-cross-W-GTX-black-hibiscus-56D999402.jpg\" \/>\n\t<meta property=\"og:image:width\" content=\"600\" \/>\n\t<meta property=\"og:image:height\" content=\"600\" \/>\n\t<meta property=\"og:image:type\" content=\"image\/jpeg\" \/>\n<meta name=\"twitter:card\" content=\"summary_large_image\" \/>\n<meta name=\"twitter:label1\" content=\"Est. reading time\" \/>\n\t<meta name=\"twitter:data1\" content=\"5 minutes\" \/>\n<script type=\"application\/ld+json\" class=\"yoast-schema-graph\">{\"@context\":\"https:\/\/schema.org\",\"@graph\":[{\"@type\":\"WebPage\",\"@id\":\"https:\/\/www.miomiorun.com\/fr\/produit\/cyklon-cross-gtx-femme\/\",\"url\":\"https:\/\/www.miomiorun.com\/fr\/produit\/cyklon-cross-gtx-femme\/\",\"name\":\"La sportiva Cyklon Cross Gtx femme - Chaussures de trail femmes - MioMioRun\",\"isPartOf\":{\"@id\":\"https:\/\/www.miomiorun.com\/fr\/#website\"},\"primaryImageOfPage\":{\"@id\":\"https:\/\/www.miomiorun.com\/fr\/produit\/cyklon-cross-gtx-femme\/#primaryimage\"},\"image\":{\"@id\":\"https:\/\/www.miomiorun.com\/fr\/produit\/cyklon-cross-gtx-femme\/#primaryimage\"},\"thumbnailUrl\":\"https:\/\/www.miomiorun.com\/app\/uploads\/2023\/10\/la-sportiva-cyklon-cross-W-GTX-black-hibiscus-56D999402.jpg\",\"datePublished\":\"2023-10-16T08:20:48+00:00\",\"dateModified\":\"2026-04-28T19:57:01+00:00\",\"description\":\"La Cyklon Cross GTX pour femme est une chaussure technique de Mountain Running\u00ae avec gu\u00eatre d\u00e9perlante int\u00e9gr\u00e9e et syst\u00e8me de la\u00e7age BOA\u00ae Fit System.\",\"breadcrumb\":{\"@id\":\"https:\/\/www.miomiorun.com\/fr\/produit\/cyklon-cross-gtx-femme\/#breadcrumb\"},\"inLanguage\":\"fr-FR\",\"potentialAction\":[{\"@type\":\"ReadAction\",\"target\":[\"https:\/\/www.miomiorun.com\/fr\/produit\/cyklon-cross-gtx-femme\/\"]}]},{\"@type\":\"ImageObject\",\"inLanguage\":\"fr-FR\",\"@id\":\"https:\/\/www.miomiorun.com\/fr\/produit\/cyklon-cross-gtx-femme\/#primaryimage\",\"url\":\"https:\/\/www.miomiorun.com\/app\/uploads\/2023\/10\/la-sportiva-cyklon-cross-W-GTX-black-hibiscus-56D999402.jpg\",\"contentUrl\":\"https:\/\/www.miomiorun.com\/app\/uploads\/2023\/10\/la-sportiva-cyklon-cross-W-GTX-black-hibiscus-56D999402.jpg\",\"width\":600,\"height\":600,\"caption\":\"la-sportiva-cyklon-cross-W-GTX-black-hibiscus-56D999402\"},{\"@type\":\"BreadcrumbList\",\"@id\":\"https:\/\/www.miomiorun.com\/fr\/produit\/cyklon-cross-gtx-femme\/#breadcrumb\",\"itemListElement\":[{\"@type\":\"ListItem\",\"position\":1,\"name\":\"Home\",\"item\":\"https:\/\/www.miomiorun.com\/fr\/home-page\/\"},{\"@type\":\"ListItem\",\"position\":2,\"name\":\"Shop\",\"item\":\"https:\/\/www.miomiorun.com\/shop\/\"},{\"@type\":\"ListItem\",\"position\":3,\"name\":\"Cyklon Cross Gtx femme\"}]},{\"@type\":\"WebSite\",\"@id\":\"https:\/\/www.miomiorun.com\/fr\/#website\",\"url\":\"https:\/\/www.miomiorun.com\/fr\/\",\"name\":\"MioMioRun\",\"description\":\"Boutique 100% running et trail\",\"publisher\":{\"@id\":\"https:\/\/www.miomiorun.com\/fr\/#organization\"},\"potentialAction\":[{\"@type\":\"SearchAction\",\"target\":{\"@type\":\"EntryPoint\",\"urlTemplate\":\"https:\/\/www.miomiorun.com\/fr\/?s={search_term_string}\"},\"query-input\":{\"@type\":\"PropertyValueSpecification\",\"valueRequired\":true,\"valueName\":\"search_term_string\"}}],\"inLanguage\":\"fr-FR\"},{\"@type\":\"Organization\",\"@id\":\"https:\/\/www.miomiorun.com\/fr\/#organization\",\"name\":\"MioMio Run\",\"url\":\"https:\/\/www.miomiorun.com\/fr\/\",\"logo\":{\"@type\":\"ImageObject\",\"inLanguage\":\"fr-FR\",\"@id\":\"https:\/\/www.miomiorun.com\/fr\/#\/schema\/logo\/image\/\",\"url\":\"https:\/\/www.miomiorun.com\/app\/uploads\/2019\/12\/logomio.png\",\"contentUrl\":\"https:\/\/www.miomiorun.com\/app\/uploads\/2019\/12\/logomio.png\",\"width\":115,\"height\":82,\"caption\":\"MioMio Run\"},\"image\":{\"@id\":\"https:\/\/www.miomiorun.com\/fr\/#\/schema\/logo\/image\/\"},\"sameAs\":[\"https:\/\/www.facebook.com\/miomiorun\/\",\"https:\/\/www.instagram.com\/miomiorun\/\"]}]}<\/script>\n<!-- \/ Yoast SEO plugin. -->","yoast_head_json":{"title":"La sportiva Cyklon Cross Gtx femme - Chaussures de trail femmes - MioMioRun","description":"La Cyklon Cross GTX pour femme est une chaussure technique de Mountain Running\u00ae avec gu\u00eatre d\u00e9perlante int\u00e9gr\u00e9e et syst\u00e8me de la\u00e7age BOA\u00ae Fit System.","robots":{"index":"index","follow":"follow","max-snippet":"max-snippet:-1","max-image-preview":"max-image-preview:large","max-video-preview":"max-video-preview:-1"},"canonical":"https:\/\/www.miomiorun.com\/fr\/produit\/cyklon-cross-gtx-femme\/","og_locale":"fr_FR","og_type":"article","og_title":"La sportiva Cyklon Cross Gtx femme - Chaussures de trail femmes - MioMioRun","og_description":"La Cyklon Cross GTX pour femme est une chaussure technique de Mountain Running\u00ae avec gu\u00eatre d\u00e9perlante int\u00e9gr\u00e9e et syst\u00e8me de la\u00e7age BOA\u00ae Fit System.","og_url":"https:\/\/www.miomiorun.com\/fr\/produit\/cyklon-cross-gtx-femme\/","og_site_name":"MioMioRun","article_publisher":"https:\/\/www.facebook.com\/miomiorun\/","article_modified_time":"2026-04-28T19:57:01+00:00","og_image":[{"width":600,"height":600,"url":"https:\/\/www.miomiorun.com\/app\/uploads\/2023\/10\/la-sportiva-cyklon-cross-W-GTX-black-hibiscus-56D999402.jpg","type":"image\/jpeg"}],"twitter_card":"summary_large_image","twitter_misc":{"Est. reading time":"5 minutes"},"schema":{"@context":"https:\/\/schema.org","@graph":[{"@type":"WebPage","@id":"https:\/\/www.miomiorun.com\/fr\/produit\/cyklon-cross-gtx-femme\/","url":"https:\/\/www.miomiorun.com\/fr\/produit\/cyklon-cross-gtx-femme\/","name":"La sportiva Cyklon Cross Gtx femme - Chaussures de trail femmes - MioMioRun","isPartOf":{"@id":"https:\/\/www.miomiorun.com\/fr\/#website"},"primaryImageOfPage":{"@id":"https:\/\/www.miomiorun.com\/fr\/produit\/cyklon-cross-gtx-femme\/#primaryimage"},"image":{"@id":"https:\/\/www.miomiorun.com\/fr\/produit\/cyklon-cross-gtx-femme\/#primaryimage"},"thumbnailUrl":"https:\/\/www.miomiorun.com\/app\/uploads\/2023\/10\/la-sportiva-cyklon-cross-W-GTX-black-hibiscus-56D999402.jpg","datePublished":"2023-10-16T08:20:48+00:00","dateModified":"2026-04-28T19:57:01+00:00","description":"La Cyklon Cross GTX pour femme est une chaussure technique de Mountain Running\u00ae avec gu\u00eatre d\u00e9perlante int\u00e9gr\u00e9e et syst\u00e8me de la\u00e7age BOA\u00ae Fit System.","breadcrumb":{"@id":"https:\/\/www.miomiorun.com\/fr\/produit\/cyklon-cross-gtx-femme\/#breadcrumb"},"inLanguage":"fr-FR","potentialAction":[{"@type":"ReadAction","target":["https:\/\/www.miomiorun.com\/fr\/produit\/cyklon-cross-gtx-femme\/"]}]},{"@type":"ImageObject","inLanguage":"fr-FR","@id":"https:\/\/www.miomiorun.com\/fr\/produit\/cyklon-cross-gtx-femme\/#primaryimage","url":"https:\/\/www.miomiorun.com\/app\/uploads\/2023\/10\/la-sportiva-cyklon-cross-W-GTX-black-hibiscus-56D999402.jpg","contentUrl":"https:\/\/www.miomiorun.com\/app\/uploads\/2023\/10\/la-sportiva-cyklon-cross-W-GTX-black-hibiscus-56D999402.jpg","width":600,"height":600,"caption":"la-sportiva-cyklon-cross-W-GTX-black-hibiscus-56D999402"},{"@type":"BreadcrumbList","@id":"https:\/\/www.miomiorun.com\/fr\/produit\/cyklon-cross-gtx-femme\/#breadcrumb","itemListElement":[{"@type":"ListItem","position":1,"name":"Home","item":"https:\/\/www.miomiorun.com\/fr\/home-page\/"},{"@type":"ListItem","position":2,"name":"Shop","item":"https:\/\/www.miomiorun.com\/shop\/"},{"@type":"ListItem","position":3,"name":"Cyklon Cross Gtx femme"}]},{"@type":"WebSite","@id":"https:\/\/www.miomiorun.com\/fr\/#website","url":"https:\/\/www.miomiorun.com\/fr\/","name":"MioMioRun","description":"Boutique 100% running et trail","publisher":{"@id":"https:\/\/www.miomiorun.com\/fr\/#organization"},"potentialAction":[{"@type":"SearchAction","target":{"@type":"EntryPoint","urlTemplate":"https:\/\/www.miomiorun.com\/fr\/?s={search_term_string}"},"query-input":{"@type":"PropertyValueSpecification","valueRequired":true,"valueName":"search_term_string"}}],"inLanguage":"fr-FR"},{"@type":"Organization","@id":"https:\/\/www.miomiorun.com\/fr\/#organization","name":"MioMio Run","url":"https:\/\/www.miomiorun.com\/fr\/","logo":{"@type":"ImageObject","inLanguage":"fr-FR","@id":"https:\/\/www.miomiorun.com\/fr\/#\/schema\/logo\/image\/","url":"https:\/\/www.miomiorun.com\/app\/uploads\/2019\/12\/logomio.png","contentUrl":"https:\/\/www.miomiorun.com\/app\/uploads\/2019\/12\/logomio.png","width":115,"height":82,"caption":"MioMio Run"},"image":{"@id":"https:\/\/www.miomiorun.com\/fr\/#\/schema\/logo\/image\/"},"sameAs":["https:\/\/www.facebook.com\/miomiorun\/","https:\/\/www.instagram.com\/miomiorun\/"]}]}},"_links":{"self":[{"href":"https:\/\/www.miomiorun.com\/fr\/wp-json\/wp\/v2\/product\/287893","targetHints":{"allow":["GET"]}}],"collection":[{"href":"https:\/\/www.miomiorun.com\/fr\/wp-json\/wp\/v2\/product"}],"about":[{"href":"https:\/\/www.miomiorun.com\/fr\/wp-json\/wp\/v2\/types\/product"}],"wp:featuredmedia":[{"embeddable":true,"href":"https:\/\/www.miomiorun.com\/fr\/wp-json\/wp\/v2\/media\/243318"}],"wp:attachment":[{"href":"https:\/\/www.miomiorun.com\/fr\/wp-json\/wp\/v2\/media?parent=287893"}],"wp:term":[{"taxonomy":"product_brand","embeddable":true,"href":"https:\/\/www.miomiorun.com\/fr\/wp-json\/wp\/v2\/product_brand?post=287893"},{"taxonomy":"product_cat","embeddable":true,"href":"https:\/\/www.miomiorun.com\/fr\/wp-json\/wp\/v2\/product_cat?post=287893"},{"taxonomy":"product_tag","embeddable":true,"href":"https:\/\/www.miomiorun.com\/fr\/wp-json\/wp\/v2\/product_tag?post=287893"}],"curies":[{"name":"wp","href":"https:\/\/api.w.org\/{rel}","templated":true}]}}