{"id":287868,"date":"2023-10-12T16:58:54","date_gmt":"2023-10-12T14:58:54","guid":{"rendered":"https:\/\/miomiorun.com\/prodotto\/swift-long-sleeve-donna\/"},"modified":"2025-07-01T17:49:19","modified_gmt":"2025-07-01T15:49:19","slug":"swift-long-sleeve-femme","status":"publish","type":"product","link":"https:\/\/www.miomiorun.com\/fr\/produit\/swift-long-sleeve-femme\/","title":{"rendered":"Swift Long Sleeve femme"},"content":{"rendered":"<div class=\"vc-row container\"><div class=\"vc-column\"><div class=\"vc-column-text\">Maillot \u00e0 manches longues en tissu technique et \u00e9cologique, con\u00e7u pour vous accompagner pendant l&#8217;entra\u00eenement hivernal. L&#8217;utilisation de mat\u00e9riaux l\u00e9gers mais thermiques aide le corps \u00e0 r\u00e9guler sa temp\u00e9rature pendant la phase a\u00e9robique.<\/p>\n<p>&nbsp;<\/p>\n<p><strong>Respirabilit\u00e9 :<\/strong><br \/>\nProduits hautement respirants pour un confort climatique optimal.<\/p>\n<p>Coupe <strong>\u00e9troite<\/strong>:<br \/>\nCoupe tr\u00e8s serr\u00e9e pour des performances maximales en comp\u00e9tition.<\/p>\n<p><strong>L\u00e9ger :<\/strong><br \/>\nDes produits qui r\u00e9duisent le poids au minimum<\/p>\n<p>La technologie antibact\u00e9rienne et anti-odeurs Polygiene\u00ae est un traitement durable et efficace qui utilise des sels d&#8217;argent pour emp\u00eacher la formation de bact\u00e9ries responsables des odeurs. Le r\u00e9sultat ? <strong>Vous pouvez porter vos v\u00eatements plus longtemps sans les laver.<\/strong><\/p>\n<p><strong>L2 &#8211; MID LAYER &amp; THERMAL LAYER<\/strong><br \/>\nFournit une isolation thermique suppl\u00e9mentaire en favorisant la transpiration gr\u00e2ce \u00e0 une grande respirabilit\u00e9.<\/p>\n<p>La Sportiva fabrique des produits pour la montagne depuis 1928 au pied des Dolomites : c&#8217;est pourquoi l&#8217;attention port\u00e9e \u00e0 chaque d\u00e9tail qui peut faire la diff\u00e9rence dans l&#8217;environnement est primordiale. Avec les logos <strong>RECYCLED FABRIC &amp; INSULATIONS<\/strong>, nous avons identifi\u00e9 des produits respectueux de l&#8217;environnement qui, gr\u00e2ce \u00e0 des choix de production et de construction, utilisent des mat\u00e9riaux d\u00e9riv\u00e9s de la r\u00e9utilisation du plastique, permettant ainsi au consommateur de faire un achat respectueux de l&#8217;environnement.<\/p>\n<p>TISSUS <strong>RECYCLES<\/strong><br \/>\nFibres de polyester fabriqu\u00e9es \u00e0 partir de bouteilles en plastique recycl\u00e9es et de proc\u00e9d\u00e9s respectueux de l&#8217;environnement.<br \/>\n&#8211; Les v\u00eatements fabriqu\u00e9s avec des tissus <strong>RECYCLES<\/strong> contribuent \u00e0 r\u00e9duire l&#8217;impact sur l&#8217;environnement<br \/>\n&#8211; Tous les produits p\u00e9trochimiques ont \u00e9t\u00e9 remplac\u00e9s par des bouteilles en plastique recycl\u00e9es<br \/>\n&#8211; Le processus de production des fibres recycl\u00e9es r\u00e9duit les \u00e9missions de CO2 dans l&#8217;atmosph\u00e8re d&#8217;environ 54 %- Durabilit\u00e9 et qualit\u00e9 garanties dans le temps.<\/p>\n<p>&nbsp;<\/p>\n<p>&nbsp;<\/p>\n<p>&nbsp;<\/p>\n<p>&nbsp;<\/div><\/div><\/div>\n","protected":false},"excerpt":{"rendered":"","protected":false},"featured_media":243172,"template":"","meta":{"_acf_changed":false,"inline_featured_image":false},"product_brand":[],"product_cat":[22601,22596],"product_tag":[23597,23601],"class_list":{"0":"post-287868","1":"product","2":"type-product","3":"status-publish","4":"has-post-thumbnail","6":"product_cat-maillots","7":"product_cat-vetements-pour-femmes","8":"product_tag-la-sportiva-fr","9":"product_tag-la-sportiva-femme","10":"pa_attivita-marcher","11":"pa_attivita-outdoor-fr","12":"pa_attivita-trail-fr","13":"pa_colore-swift-long-sleeve-w-storm-blue-cherry-tomato-fr","14":"pa_colore-swift-long-sleeve-w-tea-storm-blue-fr","15":"pa_marca-la-sportiva-fr","16":"pa_sesso-femme","17":"pa_size-extra-small-fr","18":"pa_size-small-fr","19":"pa_size-medium-fr","20":"pa_size-large-fr","22":"first","23":"instock","24":"sale","25":"taxable","26":"shipping-taxable","27":"purchasable","28":"product-type-variable","29":"wvs-archive-product-wrapper"},"acf":[],"yoast_head":"<!-- This site is optimized with the Yoast SEO plugin v26.8 - https:\/\/yoast.com\/product\/yoast-seo-wordpress\/ -->\n<title>La Sportiva Swift Long Sleeve femme - T-shirt de course - MioMioRun<\/title>\n<meta name=\"description\" content=\"Maillot \u00e0 manches longues en tissu technique con\u00e7u pour vous accompagner dans vos entra\u00eenements hivernaux. Mati\u00e8res l\u00e9g\u00e8res mais thermiques.\" \/>\n<meta name=\"robots\" content=\"index, follow, max-snippet:-1, max-image-preview:large, max-video-preview:-1\" \/>\n<link rel=\"canonical\" href=\"https:\/\/www.miomiorun.com\/fr\/produit\/swift-long-sleeve-femme\/\" \/>\n<meta property=\"og:locale\" content=\"fr_FR\" \/>\n<meta property=\"og:type\" content=\"article\" \/>\n<meta property=\"og:title\" content=\"La Sportiva Swift Long Sleeve femme - T-shirt de course - MioMioRun\" \/>\n<meta property=\"og:description\" content=\"Maillot \u00e0 manches longues en tissu technique con\u00e7u pour vous accompagner dans vos entra\u00eenements hivernaux. Mati\u00e8res l\u00e9g\u00e8res mais thermiques.\" \/>\n<meta property=\"og:url\" content=\"https:\/\/www.miomiorun.com\/fr\/produit\/swift-long-sleeve-femme\/\" \/>\n<meta property=\"og:site_name\" content=\"MioMioRun\" \/>\n<meta property=\"article:publisher\" content=\"https:\/\/www.facebook.com\/miomiorun\/\" \/>\n<meta property=\"article:modified_time\" content=\"2025-07-01T15:49:19+00:00\" \/>\n<meta property=\"og:image\" content=\"https:\/\/www.miomiorun.com\/app\/uploads\/2023\/10\/la-sportiva-swift-long-sleeve-W-tea-storm-blue-Q19730639.jpg\" \/>\n\t<meta property=\"og:image:width\" content=\"600\" \/>\n\t<meta property=\"og:image:height\" content=\"600\" \/>\n\t<meta property=\"og:image:type\" content=\"image\/jpeg\" \/>\n<meta name=\"twitter:card\" content=\"summary_large_image\" \/>\n<meta name=\"twitter:label1\" content=\"Est. reading time\" \/>\n\t<meta name=\"twitter:data1\" content=\"2 minutes\" \/>\n<script type=\"application\/ld+json\" class=\"yoast-schema-graph\">{\"@context\":\"https:\/\/schema.org\",\"@graph\":[{\"@type\":\"WebPage\",\"@id\":\"https:\/\/www.miomiorun.com\/fr\/produit\/swift-long-sleeve-femme\/\",\"url\":\"https:\/\/www.miomiorun.com\/fr\/produit\/swift-long-sleeve-femme\/\",\"name\":\"La Sportiva Swift Long Sleeve femme - T-shirt de course - MioMioRun\",\"isPartOf\":{\"@id\":\"https:\/\/www.miomiorun.com\/fr\/#website\"},\"primaryImageOfPage\":{\"@id\":\"https:\/\/www.miomiorun.com\/fr\/produit\/swift-long-sleeve-femme\/#primaryimage\"},\"image\":{\"@id\":\"https:\/\/www.miomiorun.com\/fr\/produit\/swift-long-sleeve-femme\/#primaryimage\"},\"thumbnailUrl\":\"https:\/\/www.miomiorun.com\/app\/uploads\/2023\/10\/la-sportiva-swift-long-sleeve-W-tea-storm-blue-Q19730639.jpg\",\"datePublished\":\"2023-10-12T14:58:54+00:00\",\"dateModified\":\"2025-07-01T15:49:19+00:00\",\"description\":\"Maillot \u00e0 manches longues en tissu technique con\u00e7u pour vous accompagner dans vos entra\u00eenements hivernaux. Mati\u00e8res l\u00e9g\u00e8res mais thermiques.\",\"breadcrumb\":{\"@id\":\"https:\/\/www.miomiorun.com\/fr\/produit\/swift-long-sleeve-femme\/#breadcrumb\"},\"inLanguage\":\"fr-FR\",\"potentialAction\":[{\"@type\":\"ReadAction\",\"target\":[\"https:\/\/www.miomiorun.com\/fr\/produit\/swift-long-sleeve-femme\/\"]}]},{\"@type\":\"ImageObject\",\"inLanguage\":\"fr-FR\",\"@id\":\"https:\/\/www.miomiorun.com\/fr\/produit\/swift-long-sleeve-femme\/#primaryimage\",\"url\":\"https:\/\/www.miomiorun.com\/app\/uploads\/2023\/10\/la-sportiva-swift-long-sleeve-W-tea-storm-blue-Q19730639.jpg\",\"contentUrl\":\"https:\/\/www.miomiorun.com\/app\/uploads\/2023\/10\/la-sportiva-swift-long-sleeve-W-tea-storm-blue-Q19730639.jpg\",\"width\":600,\"height\":600,\"caption\":\"la-sportiva-swift-long-sleeve-W-tea-storm-blue-Q19730639\"},{\"@type\":\"BreadcrumbList\",\"@id\":\"https:\/\/www.miomiorun.com\/fr\/produit\/swift-long-sleeve-femme\/#breadcrumb\",\"itemListElement\":[{\"@type\":\"ListItem\",\"position\":1,\"name\":\"Home\",\"item\":\"https:\/\/www.miomiorun.com\/fr\/home-page\/\"},{\"@type\":\"ListItem\",\"position\":2,\"name\":\"Shop\",\"item\":\"https:\/\/www.miomiorun.com\/shop\/\"},{\"@type\":\"ListItem\",\"position\":3,\"name\":\"Swift Long Sleeve femme\"}]},{\"@type\":\"WebSite\",\"@id\":\"https:\/\/www.miomiorun.com\/fr\/#website\",\"url\":\"https:\/\/www.miomiorun.com\/fr\/\",\"name\":\"MioMioRun\",\"description\":\"Boutique 100% running et trail\",\"publisher\":{\"@id\":\"https:\/\/www.miomiorun.com\/fr\/#organization\"},\"potentialAction\":[{\"@type\":\"SearchAction\",\"target\":{\"@type\":\"EntryPoint\",\"urlTemplate\":\"https:\/\/www.miomiorun.com\/fr\/?s={search_term_string}\"},\"query-input\":{\"@type\":\"PropertyValueSpecification\",\"valueRequired\":true,\"valueName\":\"search_term_string\"}}],\"inLanguage\":\"fr-FR\"},{\"@type\":\"Organization\",\"@id\":\"https:\/\/www.miomiorun.com\/fr\/#organization\",\"name\":\"MioMio Run\",\"url\":\"https:\/\/www.miomiorun.com\/fr\/\",\"logo\":{\"@type\":\"ImageObject\",\"inLanguage\":\"fr-FR\",\"@id\":\"https:\/\/www.miomiorun.com\/fr\/#\/schema\/logo\/image\/\",\"url\":\"https:\/\/www.miomiorun.com\/app\/uploads\/2019\/12\/logomio.png\",\"contentUrl\":\"https:\/\/www.miomiorun.com\/app\/uploads\/2019\/12\/logomio.png\",\"width\":115,\"height\":82,\"caption\":\"MioMio Run\"},\"image\":{\"@id\":\"https:\/\/www.miomiorun.com\/fr\/#\/schema\/logo\/image\/\"},\"sameAs\":[\"https:\/\/www.facebook.com\/miomiorun\/\",\"https:\/\/www.instagram.com\/miomiorun\/\"]}]}<\/script>\n<!-- \/ Yoast SEO plugin. -->","yoast_head_json":{"title":"La Sportiva Swift Long Sleeve femme - T-shirt de course - MioMioRun","description":"Maillot \u00e0 manches longues en tissu technique con\u00e7u pour vous accompagner dans vos entra\u00eenements hivernaux. Mati\u00e8res l\u00e9g\u00e8res mais thermiques.","robots":{"index":"index","follow":"follow","max-snippet":"max-snippet:-1","max-image-preview":"max-image-preview:large","max-video-preview":"max-video-preview:-1"},"canonical":"https:\/\/www.miomiorun.com\/fr\/produit\/swift-long-sleeve-femme\/","og_locale":"fr_FR","og_type":"article","og_title":"La Sportiva Swift Long Sleeve femme - T-shirt de course - MioMioRun","og_description":"Maillot \u00e0 manches longues en tissu technique con\u00e7u pour vous accompagner dans vos entra\u00eenements hivernaux. Mati\u00e8res l\u00e9g\u00e8res mais thermiques.","og_url":"https:\/\/www.miomiorun.com\/fr\/produit\/swift-long-sleeve-femme\/","og_site_name":"MioMioRun","article_publisher":"https:\/\/www.facebook.com\/miomiorun\/","article_modified_time":"2025-07-01T15:49:19+00:00","og_image":[{"width":600,"height":600,"url":"https:\/\/www.miomiorun.com\/app\/uploads\/2023\/10\/la-sportiva-swift-long-sleeve-W-tea-storm-blue-Q19730639.jpg","type":"image\/jpeg"}],"twitter_card":"summary_large_image","twitter_misc":{"Est. reading time":"2 minutes"},"schema":{"@context":"https:\/\/schema.org","@graph":[{"@type":"WebPage","@id":"https:\/\/www.miomiorun.com\/fr\/produit\/swift-long-sleeve-femme\/","url":"https:\/\/www.miomiorun.com\/fr\/produit\/swift-long-sleeve-femme\/","name":"La Sportiva Swift Long Sleeve femme - T-shirt de course - MioMioRun","isPartOf":{"@id":"https:\/\/www.miomiorun.com\/fr\/#website"},"primaryImageOfPage":{"@id":"https:\/\/www.miomiorun.com\/fr\/produit\/swift-long-sleeve-femme\/#primaryimage"},"image":{"@id":"https:\/\/www.miomiorun.com\/fr\/produit\/swift-long-sleeve-femme\/#primaryimage"},"thumbnailUrl":"https:\/\/www.miomiorun.com\/app\/uploads\/2023\/10\/la-sportiva-swift-long-sleeve-W-tea-storm-blue-Q19730639.jpg","datePublished":"2023-10-12T14:58:54+00:00","dateModified":"2025-07-01T15:49:19+00:00","description":"Maillot \u00e0 manches longues en tissu technique con\u00e7u pour vous accompagner dans vos entra\u00eenements hivernaux. Mati\u00e8res l\u00e9g\u00e8res mais thermiques.","breadcrumb":{"@id":"https:\/\/www.miomiorun.com\/fr\/produit\/swift-long-sleeve-femme\/#breadcrumb"},"inLanguage":"fr-FR","potentialAction":[{"@type":"ReadAction","target":["https:\/\/www.miomiorun.com\/fr\/produit\/swift-long-sleeve-femme\/"]}]},{"@type":"ImageObject","inLanguage":"fr-FR","@id":"https:\/\/www.miomiorun.com\/fr\/produit\/swift-long-sleeve-femme\/#primaryimage","url":"https:\/\/www.miomiorun.com\/app\/uploads\/2023\/10\/la-sportiva-swift-long-sleeve-W-tea-storm-blue-Q19730639.jpg","contentUrl":"https:\/\/www.miomiorun.com\/app\/uploads\/2023\/10\/la-sportiva-swift-long-sleeve-W-tea-storm-blue-Q19730639.jpg","width":600,"height":600,"caption":"la-sportiva-swift-long-sleeve-W-tea-storm-blue-Q19730639"},{"@type":"BreadcrumbList","@id":"https:\/\/www.miomiorun.com\/fr\/produit\/swift-long-sleeve-femme\/#breadcrumb","itemListElement":[{"@type":"ListItem","position":1,"name":"Home","item":"https:\/\/www.miomiorun.com\/fr\/home-page\/"},{"@type":"ListItem","position":2,"name":"Shop","item":"https:\/\/www.miomiorun.com\/shop\/"},{"@type":"ListItem","position":3,"name":"Swift Long Sleeve femme"}]},{"@type":"WebSite","@id":"https:\/\/www.miomiorun.com\/fr\/#website","url":"https:\/\/www.miomiorun.com\/fr\/","name":"MioMioRun","description":"Boutique 100% running et trail","publisher":{"@id":"https:\/\/www.miomiorun.com\/fr\/#organization"},"potentialAction":[{"@type":"SearchAction","target":{"@type":"EntryPoint","urlTemplate":"https:\/\/www.miomiorun.com\/fr\/?s={search_term_string}"},"query-input":{"@type":"PropertyValueSpecification","valueRequired":true,"valueName":"search_term_string"}}],"inLanguage":"fr-FR"},{"@type":"Organization","@id":"https:\/\/www.miomiorun.com\/fr\/#organization","name":"MioMio Run","url":"https:\/\/www.miomiorun.com\/fr\/","logo":{"@type":"ImageObject","inLanguage":"fr-FR","@id":"https:\/\/www.miomiorun.com\/fr\/#\/schema\/logo\/image\/","url":"https:\/\/www.miomiorun.com\/app\/uploads\/2019\/12\/logomio.png","contentUrl":"https:\/\/www.miomiorun.com\/app\/uploads\/2019\/12\/logomio.png","width":115,"height":82,"caption":"MioMio Run"},"image":{"@id":"https:\/\/www.miomiorun.com\/fr\/#\/schema\/logo\/image\/"},"sameAs":["https:\/\/www.facebook.com\/miomiorun\/","https:\/\/www.instagram.com\/miomiorun\/"]}]}},"_links":{"self":[{"href":"https:\/\/www.miomiorun.com\/fr\/wp-json\/wp\/v2\/product\/287868","targetHints":{"allow":["GET"]}}],"collection":[{"href":"https:\/\/www.miomiorun.com\/fr\/wp-json\/wp\/v2\/product"}],"about":[{"href":"https:\/\/www.miomiorun.com\/fr\/wp-json\/wp\/v2\/types\/product"}],"wp:featuredmedia":[{"embeddable":true,"href":"https:\/\/www.miomiorun.com\/fr\/wp-json\/wp\/v2\/media\/243172"}],"wp:attachment":[{"href":"https:\/\/www.miomiorun.com\/fr\/wp-json\/wp\/v2\/media?parent=287868"}],"wp:term":[{"taxonomy":"product_brand","embeddable":true,"href":"https:\/\/www.miomiorun.com\/fr\/wp-json\/wp\/v2\/product_brand?post=287868"},{"taxonomy":"product_cat","embeddable":true,"href":"https:\/\/www.miomiorun.com\/fr\/wp-json\/wp\/v2\/product_cat?post=287868"},{"taxonomy":"product_tag","embeddable":true,"href":"https:\/\/www.miomiorun.com\/fr\/wp-json\/wp\/v2\/product_tag?post=287868"}],"curies":[{"name":"wp","href":"https:\/\/api.w.org\/{rel}","templated":true}]}}