{"id":287855,"date":"2023-10-12T19:01:02","date_gmt":"2023-10-12T17:01:02","guid":{"rendered":"https:\/\/miomiorun.com\/prodotto\/chill-jkt-donna\/"},"modified":"2025-07-01T17:54:02","modified_gmt":"2025-07-01T15:54:02","slug":"chill-jkt-femme","status":"publish","type":"product","link":"https:\/\/www.miomiorun.com\/fr\/produit\/chill-jkt-femme\/","title":{"rendered":"Chill Jkt femme"},"content":{"rendered":"<p>V\u00eatement l\u00e9ger aux propri\u00e9t\u00e9s thermiques, le Chill JKT est la seconde couche id\u00e9ale pour poursuivre les activit\u00e9s de plein air m\u00eame lorsque le thermom\u00e8tre chute. La poche frontale zipp\u00e9e suppl\u00e9mentaire en fait un v\u00eatement encore plus polyvalent.<\/p>\n<p>+ Ouverture zipp\u00e9e sur le devant<br \/>\n+ Poche zipp\u00e9e sur le devant<br \/>\n+ Anti-odeur et antibact\u00e9rien (Polygiene\u00ae)<br \/>\n+ Trou pour le pouce dans le poignet<\/p>\n<p><b>Coupe : <\/b>R\u00e9guli\u00e8re<br \/>\n<b>Mati\u00e8res : <\/b>Principale : (DUF12) 94% Polyester, 6% Elasthanne<br \/>\n<b>Poids : <\/b>340 g (L)<\/p>\n","protected":false},"excerpt":{"rendered":"<p>V\u00eatement l\u00e9ger aux propri\u00e9t\u00e9s thermiques, le Chill JKT est la seconde couche id\u00e9ale pour poursuivre les activit\u00e9s de plein air m\u00eame lorsque le thermom\u00e8tre chute. La poche frontale zipp\u00e9e suppl\u00e9mentaire en fait un v\u00eatement encore plus polyvalent. + Ouverture zipp\u00e9e sur le devant + Poche zipp\u00e9e sur le devant + Anti-odeur et antibact\u00e9rien (Polygiene\u00ae) + &hellip; <a href=\"https:\/\/www.miomiorun.com\/fr\/produit\/chill-jkt-femme\/\">Continued<\/a><\/p>\n","protected":false},"featured_media":243196,"template":"","meta":{"_acf_changed":false,"inline_featured_image":false},"product_brand":[],"product_cat":[22601,22596],"product_tag":[23597,23601],"class_list":{"0":"post-287855","1":"product","2":"type-product","3":"status-publish","4":"has-post-thumbnail","6":"product_cat-maillots","7":"product_cat-vetements-pour-femmes","8":"product_tag-la-sportiva-fr","9":"product_tag-la-sportiva-femme","10":"pa_attivita-marcher","11":"pa_attivita-outdoor-fr","12":"pa_colore-chill-jkt-springtime-w-fr","13":"pa_colore-chill-jkt-w-cherry-tomato-storm-blue-fr","14":"pa_marca-la-sportiva-fr","15":"pa_sesso-femme","16":"pa_size-extra-small-fr","17":"pa_size-small-fr","18":"pa_size-medium-fr","20":"first","21":"instock","22":"sale","23":"taxable","24":"shipping-taxable","25":"purchasable","26":"product-type-variable","27":"wvs-archive-product-wrapper"},"acf":[],"yoast_head":"<!-- This site is optimized with the Yoast SEO plugin v26.8 - https:\/\/yoast.com\/product\/yoast-seo-wordpress\/ -->\n<title>La Sportiva Chill Jkt femme - T-shirt de course - MioMioRun<\/title>\n<meta name=\"description\" content=\"V\u00eatement l\u00e9ger aux propri\u00e9t\u00e9s thermiques, le Chill JKT est la seconde couche id\u00e9ale pour poursuivre les activit\u00e9s de plein air m\u00eame lorsque le thermom\u00e8tre chute.\" \/>\n<meta name=\"robots\" content=\"index, follow, max-snippet:-1, max-image-preview:large, max-video-preview:-1\" \/>\n<link rel=\"canonical\" href=\"https:\/\/www.miomiorun.com\/fr\/produit\/chill-jkt-femme\/\" \/>\n<meta property=\"og:locale\" content=\"fr_FR\" \/>\n<meta property=\"og:type\" content=\"article\" \/>\n<meta property=\"og:title\" content=\"La Sportiva Chill Jkt femme - T-shirt de course - MioMioRun\" \/>\n<meta property=\"og:description\" content=\"V\u00eatement l\u00e9ger aux propri\u00e9t\u00e9s thermiques, le Chill JKT est la seconde couche id\u00e9ale pour poursuivre les activit\u00e9s de plein air m\u00eame lorsque le thermom\u00e8tre chute.\" \/>\n<meta property=\"og:url\" content=\"https:\/\/www.miomiorun.com\/fr\/produit\/chill-jkt-femme\/\" \/>\n<meta property=\"og:site_name\" content=\"MioMioRun\" \/>\n<meta property=\"article:publisher\" content=\"https:\/\/www.facebook.com\/miomiorun\/\" \/>\n<meta property=\"article:modified_time\" content=\"2025-07-01T15:54:02+00:00\" \/>\n<meta property=\"og:image\" content=\"https:\/\/www.miomiorun.com\/app\/uploads\/2023\/10\/la-sportiva-chill-jkt-W-cherry-tomato-storm-blue-M32322639.jpg\" \/>\n\t<meta property=\"og:image:width\" content=\"600\" \/>\n\t<meta property=\"og:image:height\" content=\"600\" \/>\n\t<meta property=\"og:image:type\" content=\"image\/jpeg\" \/>\n<meta name=\"twitter:card\" content=\"summary_large_image\" \/>\n<script type=\"application\/ld+json\" class=\"yoast-schema-graph\">{\"@context\":\"https:\/\/schema.org\",\"@graph\":[{\"@type\":\"WebPage\",\"@id\":\"https:\/\/www.miomiorun.com\/fr\/produit\/chill-jkt-femme\/\",\"url\":\"https:\/\/www.miomiorun.com\/fr\/produit\/chill-jkt-femme\/\",\"name\":\"La Sportiva Chill Jkt femme - T-shirt de course - MioMioRun\",\"isPartOf\":{\"@id\":\"https:\/\/www.miomiorun.com\/fr\/#website\"},\"primaryImageOfPage\":{\"@id\":\"https:\/\/www.miomiorun.com\/fr\/produit\/chill-jkt-femme\/#primaryimage\"},\"image\":{\"@id\":\"https:\/\/www.miomiorun.com\/fr\/produit\/chill-jkt-femme\/#primaryimage\"},\"thumbnailUrl\":\"https:\/\/www.miomiorun.com\/app\/uploads\/2023\/10\/la-sportiva-chill-jkt-W-cherry-tomato-storm-blue-M32322639.jpg\",\"datePublished\":\"2023-10-12T17:01:02+00:00\",\"dateModified\":\"2025-07-01T15:54:02+00:00\",\"description\":\"V\u00eatement l\u00e9ger aux propri\u00e9t\u00e9s thermiques, le Chill JKT est la seconde couche id\u00e9ale pour poursuivre les activit\u00e9s de plein air m\u00eame lorsque le thermom\u00e8tre chute.\",\"breadcrumb\":{\"@id\":\"https:\/\/www.miomiorun.com\/fr\/produit\/chill-jkt-femme\/#breadcrumb\"},\"inLanguage\":\"fr-FR\",\"potentialAction\":[{\"@type\":\"ReadAction\",\"target\":[\"https:\/\/www.miomiorun.com\/fr\/produit\/chill-jkt-femme\/\"]}]},{\"@type\":\"ImageObject\",\"inLanguage\":\"fr-FR\",\"@id\":\"https:\/\/www.miomiorun.com\/fr\/produit\/chill-jkt-femme\/#primaryimage\",\"url\":\"https:\/\/www.miomiorun.com\/app\/uploads\/2023\/10\/la-sportiva-chill-jkt-W-cherry-tomato-storm-blue-M32322639.jpg\",\"contentUrl\":\"https:\/\/www.miomiorun.com\/app\/uploads\/2023\/10\/la-sportiva-chill-jkt-W-cherry-tomato-storm-blue-M32322639.jpg\",\"width\":600,\"height\":600,\"caption\":\"la-sportiva-chill-jkt-W-cherry-tomato-storm-blue-M32322639\"},{\"@type\":\"BreadcrumbList\",\"@id\":\"https:\/\/www.miomiorun.com\/fr\/produit\/chill-jkt-femme\/#breadcrumb\",\"itemListElement\":[{\"@type\":\"ListItem\",\"position\":1,\"name\":\"Home\",\"item\":\"https:\/\/www.miomiorun.com\/fr\/home-page\/\"},{\"@type\":\"ListItem\",\"position\":2,\"name\":\"Shop\",\"item\":\"https:\/\/www.miomiorun.com\/shop\/\"},{\"@type\":\"ListItem\",\"position\":3,\"name\":\"Chill Jkt femme\"}]},{\"@type\":\"WebSite\",\"@id\":\"https:\/\/www.miomiorun.com\/fr\/#website\",\"url\":\"https:\/\/www.miomiorun.com\/fr\/\",\"name\":\"MioMioRun\",\"description\":\"Boutique 100% running et trail\",\"publisher\":{\"@id\":\"https:\/\/www.miomiorun.com\/fr\/#organization\"},\"potentialAction\":[{\"@type\":\"SearchAction\",\"target\":{\"@type\":\"EntryPoint\",\"urlTemplate\":\"https:\/\/www.miomiorun.com\/fr\/?s={search_term_string}\"},\"query-input\":{\"@type\":\"PropertyValueSpecification\",\"valueRequired\":true,\"valueName\":\"search_term_string\"}}],\"inLanguage\":\"fr-FR\"},{\"@type\":\"Organization\",\"@id\":\"https:\/\/www.miomiorun.com\/fr\/#organization\",\"name\":\"MioMio Run\",\"url\":\"https:\/\/www.miomiorun.com\/fr\/\",\"logo\":{\"@type\":\"ImageObject\",\"inLanguage\":\"fr-FR\",\"@id\":\"https:\/\/www.miomiorun.com\/fr\/#\/schema\/logo\/image\/\",\"url\":\"https:\/\/www.miomiorun.com\/app\/uploads\/2019\/12\/logomio.png\",\"contentUrl\":\"https:\/\/www.miomiorun.com\/app\/uploads\/2019\/12\/logomio.png\",\"width\":115,\"height\":82,\"caption\":\"MioMio Run\"},\"image\":{\"@id\":\"https:\/\/www.miomiorun.com\/fr\/#\/schema\/logo\/image\/\"},\"sameAs\":[\"https:\/\/www.facebook.com\/miomiorun\/\",\"https:\/\/www.instagram.com\/miomiorun\/\"]}]}<\/script>\n<!-- \/ Yoast SEO plugin. -->","yoast_head_json":{"title":"La Sportiva Chill Jkt femme - T-shirt de course - MioMioRun","description":"V\u00eatement l\u00e9ger aux propri\u00e9t\u00e9s thermiques, le Chill JKT est la seconde couche id\u00e9ale pour poursuivre les activit\u00e9s de plein air m\u00eame lorsque le thermom\u00e8tre chute.","robots":{"index":"index","follow":"follow","max-snippet":"max-snippet:-1","max-image-preview":"max-image-preview:large","max-video-preview":"max-video-preview:-1"},"canonical":"https:\/\/www.miomiorun.com\/fr\/produit\/chill-jkt-femme\/","og_locale":"fr_FR","og_type":"article","og_title":"La Sportiva Chill Jkt femme - T-shirt de course - MioMioRun","og_description":"V\u00eatement l\u00e9ger aux propri\u00e9t\u00e9s thermiques, le Chill JKT est la seconde couche id\u00e9ale pour poursuivre les activit\u00e9s de plein air m\u00eame lorsque le thermom\u00e8tre chute.","og_url":"https:\/\/www.miomiorun.com\/fr\/produit\/chill-jkt-femme\/","og_site_name":"MioMioRun","article_publisher":"https:\/\/www.facebook.com\/miomiorun\/","article_modified_time":"2025-07-01T15:54:02+00:00","og_image":[{"width":600,"height":600,"url":"https:\/\/www.miomiorun.com\/app\/uploads\/2023\/10\/la-sportiva-chill-jkt-W-cherry-tomato-storm-blue-M32322639.jpg","type":"image\/jpeg"}],"twitter_card":"summary_large_image","schema":{"@context":"https:\/\/schema.org","@graph":[{"@type":"WebPage","@id":"https:\/\/www.miomiorun.com\/fr\/produit\/chill-jkt-femme\/","url":"https:\/\/www.miomiorun.com\/fr\/produit\/chill-jkt-femme\/","name":"La Sportiva Chill Jkt femme - T-shirt de course - MioMioRun","isPartOf":{"@id":"https:\/\/www.miomiorun.com\/fr\/#website"},"primaryImageOfPage":{"@id":"https:\/\/www.miomiorun.com\/fr\/produit\/chill-jkt-femme\/#primaryimage"},"image":{"@id":"https:\/\/www.miomiorun.com\/fr\/produit\/chill-jkt-femme\/#primaryimage"},"thumbnailUrl":"https:\/\/www.miomiorun.com\/app\/uploads\/2023\/10\/la-sportiva-chill-jkt-W-cherry-tomato-storm-blue-M32322639.jpg","datePublished":"2023-10-12T17:01:02+00:00","dateModified":"2025-07-01T15:54:02+00:00","description":"V\u00eatement l\u00e9ger aux propri\u00e9t\u00e9s thermiques, le Chill JKT est la seconde couche id\u00e9ale pour poursuivre les activit\u00e9s de plein air m\u00eame lorsque le thermom\u00e8tre chute.","breadcrumb":{"@id":"https:\/\/www.miomiorun.com\/fr\/produit\/chill-jkt-femme\/#breadcrumb"},"inLanguage":"fr-FR","potentialAction":[{"@type":"ReadAction","target":["https:\/\/www.miomiorun.com\/fr\/produit\/chill-jkt-femme\/"]}]},{"@type":"ImageObject","inLanguage":"fr-FR","@id":"https:\/\/www.miomiorun.com\/fr\/produit\/chill-jkt-femme\/#primaryimage","url":"https:\/\/www.miomiorun.com\/app\/uploads\/2023\/10\/la-sportiva-chill-jkt-W-cherry-tomato-storm-blue-M32322639.jpg","contentUrl":"https:\/\/www.miomiorun.com\/app\/uploads\/2023\/10\/la-sportiva-chill-jkt-W-cherry-tomato-storm-blue-M32322639.jpg","width":600,"height":600,"caption":"la-sportiva-chill-jkt-W-cherry-tomato-storm-blue-M32322639"},{"@type":"BreadcrumbList","@id":"https:\/\/www.miomiorun.com\/fr\/produit\/chill-jkt-femme\/#breadcrumb","itemListElement":[{"@type":"ListItem","position":1,"name":"Home","item":"https:\/\/www.miomiorun.com\/fr\/home-page\/"},{"@type":"ListItem","position":2,"name":"Shop","item":"https:\/\/www.miomiorun.com\/shop\/"},{"@type":"ListItem","position":3,"name":"Chill Jkt femme"}]},{"@type":"WebSite","@id":"https:\/\/www.miomiorun.com\/fr\/#website","url":"https:\/\/www.miomiorun.com\/fr\/","name":"MioMioRun","description":"Boutique 100% running et trail","publisher":{"@id":"https:\/\/www.miomiorun.com\/fr\/#organization"},"potentialAction":[{"@type":"SearchAction","target":{"@type":"EntryPoint","urlTemplate":"https:\/\/www.miomiorun.com\/fr\/?s={search_term_string}"},"query-input":{"@type":"PropertyValueSpecification","valueRequired":true,"valueName":"search_term_string"}}],"inLanguage":"fr-FR"},{"@type":"Organization","@id":"https:\/\/www.miomiorun.com\/fr\/#organization","name":"MioMio Run","url":"https:\/\/www.miomiorun.com\/fr\/","logo":{"@type":"ImageObject","inLanguage":"fr-FR","@id":"https:\/\/www.miomiorun.com\/fr\/#\/schema\/logo\/image\/","url":"https:\/\/www.miomiorun.com\/app\/uploads\/2019\/12\/logomio.png","contentUrl":"https:\/\/www.miomiorun.com\/app\/uploads\/2019\/12\/logomio.png","width":115,"height":82,"caption":"MioMio Run"},"image":{"@id":"https:\/\/www.miomiorun.com\/fr\/#\/schema\/logo\/image\/"},"sameAs":["https:\/\/www.facebook.com\/miomiorun\/","https:\/\/www.instagram.com\/miomiorun\/"]}]}},"_links":{"self":[{"href":"https:\/\/www.miomiorun.com\/fr\/wp-json\/wp\/v2\/product\/287855","targetHints":{"allow":["GET"]}}],"collection":[{"href":"https:\/\/www.miomiorun.com\/fr\/wp-json\/wp\/v2\/product"}],"about":[{"href":"https:\/\/www.miomiorun.com\/fr\/wp-json\/wp\/v2\/types\/product"}],"wp:featuredmedia":[{"embeddable":true,"href":"https:\/\/www.miomiorun.com\/fr\/wp-json\/wp\/v2\/media\/243196"}],"wp:attachment":[{"href":"https:\/\/www.miomiorun.com\/fr\/wp-json\/wp\/v2\/media?parent=287855"}],"wp:term":[{"taxonomy":"product_brand","embeddable":true,"href":"https:\/\/www.miomiorun.com\/fr\/wp-json\/wp\/v2\/product_brand?post=287855"},{"taxonomy":"product_cat","embeddable":true,"href":"https:\/\/www.miomiorun.com\/fr\/wp-json\/wp\/v2\/product_cat?post=287855"},{"taxonomy":"product_tag","embeddable":true,"href":"https:\/\/www.miomiorun.com\/fr\/wp-json\/wp\/v2\/product_tag?post=287855"}],"curies":[{"name":"wp","href":"https:\/\/api.w.org\/{rel}","templated":true}]}}