{"id":287636,"date":"2023-10-16T18:15:44","date_gmt":"2023-10-16T16:15:44","guid":{"rendered":"https:\/\/miomiorun.com\/prodotto\/stinson-7-uomo\/"},"modified":"2025-12-03T18:45:50","modified_gmt":"2025-12-03T17:45:50","slug":"stinson-7-homme","status":"publish","type":"product","link":"https:\/\/www.miomiorun.com\/fr\/produit\/stinson-7-homme\/","title":{"rendered":"Stinson 7 homme"},"content":{"rendered":"<div class=\"vc-row container\"><div class=\"vc-column\"><div class=\"vc-column-text\"><\/p>\n<p><strong>Caract\u00e9ristiques techniques<\/strong><\/p>\n<p>Cat\u00e9gorie : amorti sup\u00e9rieur<br \/>\nD\u00e9calage : 5 mm<br \/>\nPoids : 365 g<br \/>\nId\u00e9al pour : les coureurs amateurs de course tout-terrain \u00e0 la recherche d&#8217;un mod\u00e8le bien amorti et stable, pouvant \u00eatre utilis\u00e9 pour les longues et moyennes distances, aussi bien en montagne que sur les chemins de terre et l&#8217;asphalte.<br \/>\nPoids de l&#8217;athl\u00e8te : 70-90 kg<br \/>\nAllure de course : moyenne (5,00 min\/km)<br \/>\n<a href=\"https:\/\/miomiorun.com\/fr\/guide-des-specificites\/\">Guide des sp\u00e9cifications techniques<\/a><\/p>\n<p><\/div><\/div><div class=\"vc-column\"><div class=\"vc-column-text\"><\/p>\n<p class=\"content\">Si vous avez l&#8217;intention d&#8217;emporter une seule paire de chaussures pour votre prochaine aventure, choisissez celle-ci. R\u00e9put\u00e9e pour sa polyvalence, qui permet de l&#8217;utiliser aussi bien sur route que sur sentier, la <strong>Stinson 7<\/strong> pour homme est le m\u00e9lange parfait entre amorti souple et traction polyvalente. La Stinson est con\u00e7ue pour affronter tous les terrains : vous constaterez que l&#8217;asphalte, les sentiers et le gravier ne posent aucun probl\u00e8me \u00e0 la base stabilisatrice H-Frame\u2122, au renfort en caoutchouc \u00e0 l&#8217;avant et \u00e0 la semelle multidirectionnelle.<br \/>\n<strong>Caract\u00e9ristiques :<\/strong><\/p>\n<ul class=\"features-container\">\n<li class=\"feature-item\">Renfort r\u00e9sistant \u00e0 l&#8217;avant<\/li>\n<li class=\"feature-item\">Maille jacquard technique<\/li>\n<li class=\"feature-item\">H-Frame\u2122 stabilisante<\/li>\n<li class=\"feature-item\">Active Foot Frame\u2122 profonde<\/li>\n<li class=\"feature-item\">Semelle multidirectionnelle<\/li>\n<li class=\"feature-item\">Semelle int\u00e9rieure en polyester recycl\u00e9 (87 %)<\/li>\n<li class=\"feature-item\">Doublure de la tige en polyester recycl\u00e9 (40 %)<\/li>\n<li class=\"feature-item\">Tissu sup\u00e9rieur de la semelle int\u00e9rieure en polyester recycl\u00e9 (100 %)<\/li>\n<\/ul>\n<p><strong>Quelles sont les nouveaut\u00e9s ?<\/strong><\/p>\n<p>Les amateurs d&#8217;aventure appr\u00e9cieront les mousses plus souples, le nouveau H-Frame\u2122, l&#8217;Active Foot Frame\u2122 plus profond, la hauteur de la semelle sup\u00e9rieure et la traction am\u00e9lior\u00e9e de la Stinson.<\/p>\n<h2 class=\"card-title mb-3\"><span title=\"\" data-toggle=\"tooltip\" data-placement=\"bottom\" data-title=\"Alcune scarpe hanno un supporto integrato superiore, pensato per gli iperpronatori; altre sono in minima parte ortopediche, progettate per garantire ammortizzazione senza ostacolarti.\" data-original-title=\"\"><span class=\"techspec-bar-title\">Stabilit\u00e9<\/span><\/span><\/h2>\n<p class=\"tech-spec-product-msg active\">La Stinson 7 int\u00e8gre la technologie J-Frame\u2122, con\u00e7ue pour emp\u00eacher une flexion excessive vers l&#8217;int\u00e9rieur, ou hyperpronation, sans corriger de mani\u00e8re excessive votre foul\u00e9e.<\/p>\n<h2 class=\"card-title mb-3\"><span title=\"\" data-toggle=\"tooltip\" data-placement=\"bottom\" data-title=\"Tutte le nostre calzature presentano un\u2019intersuola ammortizzata, progettata per ridurre l\u2019impatto e garantire supporto. La quantit\u00e0 di ammortizzazione e quanto sia compatta o morbida varia da modello a modello.\" data-original-title=\"\"><span class=\"techspec-bar-title\">Amorti<\/span><\/span><\/h2>\n<p class=\"tech-spec-product-msg active\">La Stinson 7 est dot\u00e9e d&#8217;une couche d&#8217;amorti plus \u00e9paisse et plus souple, con\u00e7ue pour un impact et une exp\u00e9rience plus doux. <\/p>\n<p><\/div><\/div><\/div><\/p>\n","protected":false},"excerpt":{"rendered":"<ul class=\"features-container\">\n<li class=\"feature-item\">Chaussure ultra-amortissante<\/li>\n<li>id\u00e9ale pour les pronateurs<\/li>\n<li>id\u00e9ale pour une utilisation sur tous les terrains<\/li>\n<\/ul>\n","protected":false},"featured_media":383342,"template":"","meta":{"_acf_changed":false,"inline_featured_image":false},"product_brand":[],"product_cat":[24448,24446,24445],"product_tag":[23478,23604],"class_list":{"0":"post-287636","1":"product","2":"type-product","3":"status-publish","4":"has-post-thumbnail","6":"product_cat-chaussures-pour-hommes-fr","7":"product_cat-stables","8":"product_cat-trail-fr-3","9":"product_tag-hoka-one-one-fr","10":"product_tag-hoka-homme","11":"pa_attivita-marcher","12":"pa_attivita-outdoor-fr","13":"pa_attivita-trail-fr","14":"pa_colore-stinson-7-slate-blue-asphalt-grey-fr","15":"pa_marca-hoka-fr","16":"pa_sesso-homme","17":"pa_size-42-fr","19":"first","20":"instock","21":"sale","22":"taxable","23":"shipping-taxable","24":"purchasable","25":"product-type-variable","26":"wvs-archive-product-wrapper"},"acf":[],"yoast_head":"<!-- This site is optimized with the Yoast SEO plugin v26.8 - https:\/\/yoast.com\/product\/yoast-seo-wordpress\/ -->\n<title>Hoka Stinson 7 homme - Chaussures de trail stables - MioMioRun<\/title>\n<meta name=\"description\" content=\"La Stinson 7 offre le m\u00e9lange parfait entre amorti souple et traction polyvalente. La Stinson est con\u00e7ue pour affronter tous les terrains.\" \/>\n<meta name=\"robots\" content=\"index, follow, max-snippet:-1, max-image-preview:large, max-video-preview:-1\" \/>\n<link rel=\"canonical\" href=\"https:\/\/www.miomiorun.com\/fr\/produit\/stinson-7-homme\/\" \/>\n<meta property=\"og:locale\" content=\"fr_FR\" \/>\n<meta property=\"og:type\" content=\"article\" \/>\n<meta property=\"og:title\" content=\"Hoka Stinson 7 homme - Chaussures de trail stables - MioMioRun\" \/>\n<meta property=\"og:description\" content=\"La Stinson 7 offre le m\u00e9lange parfait entre amorti souple et traction polyvalente. La Stinson est con\u00e7ue pour affronter tous les terrains.\" \/>\n<meta property=\"og:url\" content=\"https:\/\/www.miomiorun.com\/fr\/produit\/stinson-7-homme\/\" \/>\n<meta property=\"og:site_name\" content=\"MioMioRun\" \/>\n<meta property=\"article:publisher\" content=\"https:\/\/www.facebook.com\/miomiorun\/\" \/>\n<meta property=\"article:modified_time\" content=\"2025-12-03T17:45:50+00:00\" \/>\n<meta property=\"og:image\" content=\"https:\/\/www.miomiorun.com\/app\/uploads\/2025\/12\/hoka-Stinson-7-slate-blue-asphalt-grey-1141530-SBLSP.webp\" \/>\n\t<meta property=\"og:image:width\" content=\"720\" \/>\n\t<meta property=\"og:image:height\" content=\"720\" \/>\n\t<meta property=\"og:image:type\" content=\"image\/webp\" \/>\n<meta name=\"twitter:card\" content=\"summary_large_image\" \/>\n<meta name=\"twitter:label1\" content=\"Est. reading time\" \/>\n\t<meta name=\"twitter:data1\" content=\"2 minutes\" \/>\n<script type=\"application\/ld+json\" class=\"yoast-schema-graph\">{\"@context\":\"https:\/\/schema.org\",\"@graph\":[{\"@type\":\"WebPage\",\"@id\":\"https:\/\/www.miomiorun.com\/fr\/produit\/stinson-7-homme\/\",\"url\":\"https:\/\/www.miomiorun.com\/fr\/produit\/stinson-7-homme\/\",\"name\":\"Hoka Stinson 7 homme - Chaussures de trail stables - MioMioRun\",\"isPartOf\":{\"@id\":\"https:\/\/www.miomiorun.com\/fr\/#website\"},\"primaryImageOfPage\":{\"@id\":\"https:\/\/www.miomiorun.com\/fr\/produit\/stinson-7-homme\/#primaryimage\"},\"image\":{\"@id\":\"https:\/\/www.miomiorun.com\/fr\/produit\/stinson-7-homme\/#primaryimage\"},\"thumbnailUrl\":\"https:\/\/www.miomiorun.com\/app\/uploads\/2025\/12\/hoka-Stinson-7-slate-blue-asphalt-grey-1141530-SBLSP.webp\",\"datePublished\":\"2023-10-16T16:15:44+00:00\",\"dateModified\":\"2025-12-03T17:45:50+00:00\",\"description\":\"La Stinson 7 offre le m\u00e9lange parfait entre amorti souple et traction polyvalente. La Stinson est con\u00e7ue pour affronter tous les terrains.\",\"breadcrumb\":{\"@id\":\"https:\/\/www.miomiorun.com\/fr\/produit\/stinson-7-homme\/#breadcrumb\"},\"inLanguage\":\"fr-FR\",\"potentialAction\":[{\"@type\":\"ReadAction\",\"target\":[\"https:\/\/www.miomiorun.com\/fr\/produit\/stinson-7-homme\/\"]}]},{\"@type\":\"ImageObject\",\"inLanguage\":\"fr-FR\",\"@id\":\"https:\/\/www.miomiorun.com\/fr\/produit\/stinson-7-homme\/#primaryimage\",\"url\":\"https:\/\/www.miomiorun.com\/app\/uploads\/2025\/12\/hoka-Stinson-7-slate-blue-asphalt-grey-1141530-SBLSP.webp\",\"contentUrl\":\"https:\/\/www.miomiorun.com\/app\/uploads\/2025\/12\/hoka-Stinson-7-slate-blue-asphalt-grey-1141530-SBLSP.webp\",\"width\":720,\"height\":720,\"caption\":\"hoka Stinson 7 slate blue asphalt grey 1141530 SBLSP\"},{\"@type\":\"BreadcrumbList\",\"@id\":\"https:\/\/www.miomiorun.com\/fr\/produit\/stinson-7-homme\/#breadcrumb\",\"itemListElement\":[{\"@type\":\"ListItem\",\"position\":1,\"name\":\"Home\",\"item\":\"https:\/\/www.miomiorun.com\/fr\/home-page\/\"},{\"@type\":\"ListItem\",\"position\":2,\"name\":\"Shop\",\"item\":\"https:\/\/www.miomiorun.com\/shop\/\"},{\"@type\":\"ListItem\",\"position\":3,\"name\":\"Stinson 7 homme\"}]},{\"@type\":\"WebSite\",\"@id\":\"https:\/\/www.miomiorun.com\/fr\/#website\",\"url\":\"https:\/\/www.miomiorun.com\/fr\/\",\"name\":\"MioMioRun\",\"description\":\"Boutique 100% running et trail\",\"publisher\":{\"@id\":\"https:\/\/www.miomiorun.com\/fr\/#organization\"},\"potentialAction\":[{\"@type\":\"SearchAction\",\"target\":{\"@type\":\"EntryPoint\",\"urlTemplate\":\"https:\/\/www.miomiorun.com\/fr\/?s={search_term_string}\"},\"query-input\":{\"@type\":\"PropertyValueSpecification\",\"valueRequired\":true,\"valueName\":\"search_term_string\"}}],\"inLanguage\":\"fr-FR\"},{\"@type\":\"Organization\",\"@id\":\"https:\/\/www.miomiorun.com\/fr\/#organization\",\"name\":\"MioMio Run\",\"url\":\"https:\/\/www.miomiorun.com\/fr\/\",\"logo\":{\"@type\":\"ImageObject\",\"inLanguage\":\"fr-FR\",\"@id\":\"https:\/\/www.miomiorun.com\/fr\/#\/schema\/logo\/image\/\",\"url\":\"https:\/\/www.miomiorun.com\/app\/uploads\/2019\/12\/logomio.png\",\"contentUrl\":\"https:\/\/www.miomiorun.com\/app\/uploads\/2019\/12\/logomio.png\",\"width\":115,\"height\":82,\"caption\":\"MioMio Run\"},\"image\":{\"@id\":\"https:\/\/www.miomiorun.com\/fr\/#\/schema\/logo\/image\/\"},\"sameAs\":[\"https:\/\/www.facebook.com\/miomiorun\/\",\"https:\/\/www.instagram.com\/miomiorun\/\"]}]}<\/script>\n<!-- \/ Yoast SEO plugin. -->","yoast_head_json":{"title":"Hoka Stinson 7 homme - Chaussures de trail stables - MioMioRun","description":"La Stinson 7 offre le m\u00e9lange parfait entre amorti souple et traction polyvalente. La Stinson est con\u00e7ue pour affronter tous les terrains.","robots":{"index":"index","follow":"follow","max-snippet":"max-snippet:-1","max-image-preview":"max-image-preview:large","max-video-preview":"max-video-preview:-1"},"canonical":"https:\/\/www.miomiorun.com\/fr\/produit\/stinson-7-homme\/","og_locale":"fr_FR","og_type":"article","og_title":"Hoka Stinson 7 homme - Chaussures de trail stables - MioMioRun","og_description":"La Stinson 7 offre le m\u00e9lange parfait entre amorti souple et traction polyvalente. La Stinson est con\u00e7ue pour affronter tous les terrains.","og_url":"https:\/\/www.miomiorun.com\/fr\/produit\/stinson-7-homme\/","og_site_name":"MioMioRun","article_publisher":"https:\/\/www.facebook.com\/miomiorun\/","article_modified_time":"2025-12-03T17:45:50+00:00","og_image":[{"width":720,"height":720,"url":"https:\/\/www.miomiorun.com\/app\/uploads\/2025\/12\/hoka-Stinson-7-slate-blue-asphalt-grey-1141530-SBLSP.webp","type":"image\/webp"}],"twitter_card":"summary_large_image","twitter_misc":{"Est. reading time":"2 minutes"},"schema":{"@context":"https:\/\/schema.org","@graph":[{"@type":"WebPage","@id":"https:\/\/www.miomiorun.com\/fr\/produit\/stinson-7-homme\/","url":"https:\/\/www.miomiorun.com\/fr\/produit\/stinson-7-homme\/","name":"Hoka Stinson 7 homme - Chaussures de trail stables - MioMioRun","isPartOf":{"@id":"https:\/\/www.miomiorun.com\/fr\/#website"},"primaryImageOfPage":{"@id":"https:\/\/www.miomiorun.com\/fr\/produit\/stinson-7-homme\/#primaryimage"},"image":{"@id":"https:\/\/www.miomiorun.com\/fr\/produit\/stinson-7-homme\/#primaryimage"},"thumbnailUrl":"https:\/\/www.miomiorun.com\/app\/uploads\/2025\/12\/hoka-Stinson-7-slate-blue-asphalt-grey-1141530-SBLSP.webp","datePublished":"2023-10-16T16:15:44+00:00","dateModified":"2025-12-03T17:45:50+00:00","description":"La Stinson 7 offre le m\u00e9lange parfait entre amorti souple et traction polyvalente. La Stinson est con\u00e7ue pour affronter tous les terrains.","breadcrumb":{"@id":"https:\/\/www.miomiorun.com\/fr\/produit\/stinson-7-homme\/#breadcrumb"},"inLanguage":"fr-FR","potentialAction":[{"@type":"ReadAction","target":["https:\/\/www.miomiorun.com\/fr\/produit\/stinson-7-homme\/"]}]},{"@type":"ImageObject","inLanguage":"fr-FR","@id":"https:\/\/www.miomiorun.com\/fr\/produit\/stinson-7-homme\/#primaryimage","url":"https:\/\/www.miomiorun.com\/app\/uploads\/2025\/12\/hoka-Stinson-7-slate-blue-asphalt-grey-1141530-SBLSP.webp","contentUrl":"https:\/\/www.miomiorun.com\/app\/uploads\/2025\/12\/hoka-Stinson-7-slate-blue-asphalt-grey-1141530-SBLSP.webp","width":720,"height":720,"caption":"hoka Stinson 7 slate blue asphalt grey 1141530 SBLSP"},{"@type":"BreadcrumbList","@id":"https:\/\/www.miomiorun.com\/fr\/produit\/stinson-7-homme\/#breadcrumb","itemListElement":[{"@type":"ListItem","position":1,"name":"Home","item":"https:\/\/www.miomiorun.com\/fr\/home-page\/"},{"@type":"ListItem","position":2,"name":"Shop","item":"https:\/\/www.miomiorun.com\/shop\/"},{"@type":"ListItem","position":3,"name":"Stinson 7 homme"}]},{"@type":"WebSite","@id":"https:\/\/www.miomiorun.com\/fr\/#website","url":"https:\/\/www.miomiorun.com\/fr\/","name":"MioMioRun","description":"Boutique 100% running et trail","publisher":{"@id":"https:\/\/www.miomiorun.com\/fr\/#organization"},"potentialAction":[{"@type":"SearchAction","target":{"@type":"EntryPoint","urlTemplate":"https:\/\/www.miomiorun.com\/fr\/?s={search_term_string}"},"query-input":{"@type":"PropertyValueSpecification","valueRequired":true,"valueName":"search_term_string"}}],"inLanguage":"fr-FR"},{"@type":"Organization","@id":"https:\/\/www.miomiorun.com\/fr\/#organization","name":"MioMio Run","url":"https:\/\/www.miomiorun.com\/fr\/","logo":{"@type":"ImageObject","inLanguage":"fr-FR","@id":"https:\/\/www.miomiorun.com\/fr\/#\/schema\/logo\/image\/","url":"https:\/\/www.miomiorun.com\/app\/uploads\/2019\/12\/logomio.png","contentUrl":"https:\/\/www.miomiorun.com\/app\/uploads\/2019\/12\/logomio.png","width":115,"height":82,"caption":"MioMio Run"},"image":{"@id":"https:\/\/www.miomiorun.com\/fr\/#\/schema\/logo\/image\/"},"sameAs":["https:\/\/www.facebook.com\/miomiorun\/","https:\/\/www.instagram.com\/miomiorun\/"]}]}},"_links":{"self":[{"href":"https:\/\/www.miomiorun.com\/fr\/wp-json\/wp\/v2\/product\/287636","targetHints":{"allow":["GET"]}}],"collection":[{"href":"https:\/\/www.miomiorun.com\/fr\/wp-json\/wp\/v2\/product"}],"about":[{"href":"https:\/\/www.miomiorun.com\/fr\/wp-json\/wp\/v2\/types\/product"}],"wp:featuredmedia":[{"embeddable":true,"href":"https:\/\/www.miomiorun.com\/fr\/wp-json\/wp\/v2\/media\/383342"}],"wp:attachment":[{"href":"https:\/\/www.miomiorun.com\/fr\/wp-json\/wp\/v2\/media?parent=287636"}],"wp:term":[{"taxonomy":"product_brand","embeddable":true,"href":"https:\/\/www.miomiorun.com\/fr\/wp-json\/wp\/v2\/product_brand?post=287636"},{"taxonomy":"product_cat","embeddable":true,"href":"https:\/\/www.miomiorun.com\/fr\/wp-json\/wp\/v2\/product_cat?post=287636"},{"taxonomy":"product_tag","embeddable":true,"href":"https:\/\/www.miomiorun.com\/fr\/wp-json\/wp\/v2\/product_tag?post=287636"}],"curies":[{"name":"wp","href":"https:\/\/api.w.org\/{rel}","templated":true}]}}