{"id":287631,"date":"2023-10-16T18:29:02","date_gmt":"2023-10-16T16:29:02","guid":{"rendered":"https:\/\/miomiorun.com\/prodotto\/cielo-road\/"},"modified":"2025-12-04T10:42:19","modified_gmt":"2025-12-04T09:42:19","slug":"cielo-road","status":"publish","type":"product","link":"https:\/\/www.miomiorun.com\/fr\/produit\/cielo-road\/","title":{"rendered":"Cielo Road"},"content":{"rendered":"<div class=\"vc-row container\"><div class=\"vc-column\"><div class=\"vc-column-text\"><\/p>\n<p><strong>Caract\u00e9ristiques techniques<\/strong><\/p>\n<p>Cat\u00e9gorie : piste<br \/>\nPoids : 213 g<br \/>\nId\u00e9al pour : les athl\u00e8tes \u00e0 la recherche de chaussures pour courir en t\u00eate, battre leurs records personnels et monter sur le podium.<br \/>\nPoids de l&#8217;athl\u00e8te : 60-75 kg<br \/>\nAllure de course : rapide &lt; 3,30 min\/km<br \/>\n<a href=\"https:\/\/miomiorun.com\/fr\/guide-des-specificites\/\">Guide des sp\u00e9cifications techniques<\/a><\/p>\n<p><\/div><\/div><div class=\"vc-column\"><div class=\"vc-column-text\"><\/p>\n<p id=\"tw-target-text\" class=\"tw-data-text tw-text-large tw-ta\" dir=\"ltr\" data-placeholder=\"Traduzione\"><strong>Basse, ultra-l\u00e9g\u00e8re, rapide<\/strong><\/p>\n<p>\u00c0 tous ceux qui aiment courir en t\u00eate, battre leurs records personnels et monter sur le podium : cette chaussure est faite pour vous. Con\u00e7ue pour les coureurs qui s&#8217;entra\u00eenent dur et qui se donnent encore plus \u00e0 fond en comp\u00e9tition, la nouvelle <strong>Cielo Road<\/strong> Unisex a \u00e9t\u00e9 pens\u00e9e pour garantir les performances classiques de HOKA tout en \u00e9tant pratiquement imperceptible sous le pied. Chaussure basse pour les courses sur route \u00e0 allure rapide, ce mod\u00e8le ultra-l\u00e9ger est dot\u00e9 d&#8217;une tige en mesh respirant, d&#8217;une mousse PEBA hautement r\u00e9active et d&#8217;un \u00ab syst\u00e8me de ch\u00e2ssis \u00bb int\u00e9gr\u00e9 pour une stabilit\u00e9 maximale du pied.<\/p>\n<h3>Stabilit\u00e9<\/h3>\n<p class=\"tech-spec-product-msg active\">La Cielo Road est dot\u00e9e d&#8217;un lit amortissant sym\u00e9trique, sans technologies orthop\u00e9diques suppl\u00e9mentaires. Con\u00e7ue pour vous offrir le soutien dont vous avez besoin, sans fonctionnalit\u00e9s superflues.<\/p>\n<h2 class=\"card-title mb-3\"><span title=\"\" data-toggle=\"tooltip\" data-placement=\"bottom\" data-title=\"Tutte le nostre calzature presentano un\u2019intersuola ammortizzata, progettata per ridurre l\u2019impatto e garantire supporto. La quantit\u00e0 di ammortizzazione e quanto sia compatta o morbida varia da modello a modello.\" data-original-title=\"\"><span class=\"techspec-bar-title\">Amorti<\/span><\/span><\/h2>\n<p class=\"tech-spec-product-msg active\">La Cielo Road pr\u00e9sente un amorti \u00e0 profil bas qui maintient le pied plus pr\u00e8s du sol et utilise un mat\u00e9riau plus compact, con\u00e7u pour rendre la pouss\u00e9e plus efficace.<br \/>\n<strong>Caract\u00e9ristiques :<\/strong><\/p>\n<ul class=\"features-container\">\n<li class=\"feature-item\">Empeigne en mesh l\u00e9ger 100 % polyester recycl\u00e9<\/li>\n<li class=\"feature-item\">Structure plate<\/li>\n<li class=\"feature-item\">Cadre interne offrant un bon maintien<\/li>\n<li class=\"feature-item\">Mousse PEBA l\u00e9g\u00e8re et r\u00e9active<\/li>\n<li class=\"feature-item\">Positionnement strat\u00e9gique du caoutchouc<\/li>\n<li class=\"feature-item\">Languette en maille polyester recycl\u00e9e (100 %)<\/li>\n<\/ul>\n<p><\/div><\/div><\/div><\/p>\n","protected":false},"excerpt":{"rendered":"","protected":false},"featured_media":243762,"template":"","meta":{"_acf_changed":false,"inline_featured_image":false},"product_brand":[],"product_cat":[22605,24448,22606,24447],"product_tag":[23478,23494,23604],"class_list":{"0":"post-287631","1":"product","2":"type-product","3":"status-publish","4":"has-post-thumbnail","6":"product_cat-chaussures-pour-femmes","7":"product_cat-chaussures-pour-hommes-fr","8":"product_cat-neutre","9":"product_cat-neutre-fr-3","10":"product_tag-hoka-one-one-fr","11":"product_tag-hoka-femme","12":"product_tag-hoka-homme","13":"pa_attivita-running-fr","14":"pa_colore-cielo-rd-black-multi-fr","15":"pa_marca-hoka-fr","16":"pa_sesso-femme","17":"pa_sesso-homme","18":"pa_size-38-fr","20":"first","21":"instock","22":"sale","23":"taxable","24":"shipping-taxable","25":"purchasable","26":"product-type-variable","27":"wvs-archive-product-wrapper"},"acf":[],"yoast_head":"<!-- This site is optimized with the Yoast SEO plugin v26.8 - https:\/\/yoast.com\/product\/yoast-seo-wordpress\/ -->\n<title>HokaCielo Road - chaussures de course pour homme - MioMioRun.com<\/title>\n<meta name=\"description\" content=\"La Cielo Road Unisex a \u00e9t\u00e9 con\u00e7ue pour garantir les performances classiques de HOKA tout en \u00e9tant pratiquement imperceptible sous le pied.\" \/>\n<meta name=\"robots\" content=\"index, follow, max-snippet:-1, max-image-preview:large, max-video-preview:-1\" \/>\n<link rel=\"canonical\" href=\"https:\/\/www.miomiorun.com\/fr\/produit\/cielo-road\/\" \/>\n<meta property=\"og:locale\" content=\"fr_FR\" \/>\n<meta property=\"og:type\" content=\"article\" \/>\n<meta property=\"og:title\" content=\"HokaCielo Road - chaussures de course pour homme - MioMioRun.com\" \/>\n<meta property=\"og:description\" content=\"La Cielo Road Unisex a \u00e9t\u00e9 con\u00e7ue pour garantir les performances classiques de HOKA tout en \u00e9tant pratiquement imperceptible sous le pied.\" \/>\n<meta property=\"og:url\" content=\"https:\/\/www.miomiorun.com\/fr\/produit\/cielo-road\/\" \/>\n<meta property=\"og:site_name\" content=\"MioMioRun\" \/>\n<meta property=\"article:publisher\" content=\"https:\/\/www.facebook.com\/miomiorun\/\" \/>\n<meta property=\"article:modified_time\" content=\"2025-12-04T09:42:19+00:00\" \/>\n<meta property=\"og:image\" content=\"https:\/\/www.miomiorun.com\/app\/uploads\/2023\/11\/hoka-one-one-cielo-rd-black-multi-1143490-BKML.jpg\" \/>\n\t<meta property=\"og:image:width\" content=\"600\" \/>\n\t<meta property=\"og:image:height\" content=\"600\" \/>\n\t<meta property=\"og:image:type\" content=\"image\/jpeg\" \/>\n<meta name=\"twitter:card\" content=\"summary_large_image\" \/>\n<meta name=\"twitter:label1\" content=\"Est. reading time\" \/>\n\t<meta name=\"twitter:data1\" content=\"2 minutes\" \/>\n<script type=\"application\/ld+json\" class=\"yoast-schema-graph\">{\"@context\":\"https:\/\/schema.org\",\"@graph\":[{\"@type\":\"WebPage\",\"@id\":\"https:\/\/www.miomiorun.com\/fr\/produit\/cielo-road\/\",\"url\":\"https:\/\/www.miomiorun.com\/fr\/produit\/cielo-road\/\",\"name\":\"HokaCielo Road - chaussures de course pour homme - MioMioRun.com\",\"isPartOf\":{\"@id\":\"https:\/\/www.miomiorun.com\/fr\/#website\"},\"primaryImageOfPage\":{\"@id\":\"https:\/\/www.miomiorun.com\/fr\/produit\/cielo-road\/#primaryimage\"},\"image\":{\"@id\":\"https:\/\/www.miomiorun.com\/fr\/produit\/cielo-road\/#primaryimage\"},\"thumbnailUrl\":\"https:\/\/www.miomiorun.com\/app\/uploads\/2023\/11\/hoka-one-one-cielo-rd-black-multi-1143490-BKML.jpg\",\"datePublished\":\"2023-10-16T16:29:02+00:00\",\"dateModified\":\"2025-12-04T09:42:19+00:00\",\"description\":\"La Cielo Road Unisex a \u00e9t\u00e9 con\u00e7ue pour garantir les performances classiques de HOKA tout en \u00e9tant pratiquement imperceptible sous le pied.\",\"breadcrumb\":{\"@id\":\"https:\/\/www.miomiorun.com\/fr\/produit\/cielo-road\/#breadcrumb\"},\"inLanguage\":\"fr-FR\",\"potentialAction\":[{\"@type\":\"ReadAction\",\"target\":[\"https:\/\/www.miomiorun.com\/fr\/produit\/cielo-road\/\"]}]},{\"@type\":\"ImageObject\",\"inLanguage\":\"fr-FR\",\"@id\":\"https:\/\/www.miomiorun.com\/fr\/produit\/cielo-road\/#primaryimage\",\"url\":\"https:\/\/www.miomiorun.com\/app\/uploads\/2023\/11\/hoka-one-one-cielo-rd-black-multi-1143490-BKML.jpg\",\"contentUrl\":\"https:\/\/www.miomiorun.com\/app\/uploads\/2023\/11\/hoka-one-one-cielo-rd-black-multi-1143490-BKML.jpg\",\"width\":600,\"height\":600,\"caption\":\"hoka-one-one-cielo-rd-black-multi-1143490-BKML\"},{\"@type\":\"BreadcrumbList\",\"@id\":\"https:\/\/www.miomiorun.com\/fr\/produit\/cielo-road\/#breadcrumb\",\"itemListElement\":[{\"@type\":\"ListItem\",\"position\":1,\"name\":\"Home\",\"item\":\"https:\/\/www.miomiorun.com\/fr\/home-page\/\"},{\"@type\":\"ListItem\",\"position\":2,\"name\":\"Shop\",\"item\":\"https:\/\/www.miomiorun.com\/shop\/\"},{\"@type\":\"ListItem\",\"position\":3,\"name\":\"Cielo Road\"}]},{\"@type\":\"WebSite\",\"@id\":\"https:\/\/www.miomiorun.com\/fr\/#website\",\"url\":\"https:\/\/www.miomiorun.com\/fr\/\",\"name\":\"MioMioRun\",\"description\":\"Boutique 100% running et trail\",\"publisher\":{\"@id\":\"https:\/\/www.miomiorun.com\/fr\/#organization\"},\"potentialAction\":[{\"@type\":\"SearchAction\",\"target\":{\"@type\":\"EntryPoint\",\"urlTemplate\":\"https:\/\/www.miomiorun.com\/fr\/?s={search_term_string}\"},\"query-input\":{\"@type\":\"PropertyValueSpecification\",\"valueRequired\":true,\"valueName\":\"search_term_string\"}}],\"inLanguage\":\"fr-FR\"},{\"@type\":\"Organization\",\"@id\":\"https:\/\/www.miomiorun.com\/fr\/#organization\",\"name\":\"MioMio Run\",\"url\":\"https:\/\/www.miomiorun.com\/fr\/\",\"logo\":{\"@type\":\"ImageObject\",\"inLanguage\":\"fr-FR\",\"@id\":\"https:\/\/www.miomiorun.com\/fr\/#\/schema\/logo\/image\/\",\"url\":\"https:\/\/www.miomiorun.com\/app\/uploads\/2019\/12\/logomio.png\",\"contentUrl\":\"https:\/\/www.miomiorun.com\/app\/uploads\/2019\/12\/logomio.png\",\"width\":115,\"height\":82,\"caption\":\"MioMio Run\"},\"image\":{\"@id\":\"https:\/\/www.miomiorun.com\/fr\/#\/schema\/logo\/image\/\"},\"sameAs\":[\"https:\/\/www.facebook.com\/miomiorun\/\",\"https:\/\/www.instagram.com\/miomiorun\/\"]}]}<\/script>\n<!-- \/ Yoast SEO plugin. -->","yoast_head_json":{"title":"HokaCielo Road - chaussures de course pour homme - MioMioRun.com","description":"La Cielo Road Unisex a \u00e9t\u00e9 con\u00e7ue pour garantir les performances classiques de HOKA tout en \u00e9tant pratiquement imperceptible sous le pied.","robots":{"index":"index","follow":"follow","max-snippet":"max-snippet:-1","max-image-preview":"max-image-preview:large","max-video-preview":"max-video-preview:-1"},"canonical":"https:\/\/www.miomiorun.com\/fr\/produit\/cielo-road\/","og_locale":"fr_FR","og_type":"article","og_title":"HokaCielo Road - chaussures de course pour homme - MioMioRun.com","og_description":"La Cielo Road Unisex a \u00e9t\u00e9 con\u00e7ue pour garantir les performances classiques de HOKA tout en \u00e9tant pratiquement imperceptible sous le pied.","og_url":"https:\/\/www.miomiorun.com\/fr\/produit\/cielo-road\/","og_site_name":"MioMioRun","article_publisher":"https:\/\/www.facebook.com\/miomiorun\/","article_modified_time":"2025-12-04T09:42:19+00:00","og_image":[{"width":600,"height":600,"url":"https:\/\/www.miomiorun.com\/app\/uploads\/2023\/11\/hoka-one-one-cielo-rd-black-multi-1143490-BKML.jpg","type":"image\/jpeg"}],"twitter_card":"summary_large_image","twitter_misc":{"Est. reading time":"2 minutes"},"schema":{"@context":"https:\/\/schema.org","@graph":[{"@type":"WebPage","@id":"https:\/\/www.miomiorun.com\/fr\/produit\/cielo-road\/","url":"https:\/\/www.miomiorun.com\/fr\/produit\/cielo-road\/","name":"HokaCielo Road - chaussures de course pour homme - MioMioRun.com","isPartOf":{"@id":"https:\/\/www.miomiorun.com\/fr\/#website"},"primaryImageOfPage":{"@id":"https:\/\/www.miomiorun.com\/fr\/produit\/cielo-road\/#primaryimage"},"image":{"@id":"https:\/\/www.miomiorun.com\/fr\/produit\/cielo-road\/#primaryimage"},"thumbnailUrl":"https:\/\/www.miomiorun.com\/app\/uploads\/2023\/11\/hoka-one-one-cielo-rd-black-multi-1143490-BKML.jpg","datePublished":"2023-10-16T16:29:02+00:00","dateModified":"2025-12-04T09:42:19+00:00","description":"La Cielo Road Unisex a \u00e9t\u00e9 con\u00e7ue pour garantir les performances classiques de HOKA tout en \u00e9tant pratiquement imperceptible sous le pied.","breadcrumb":{"@id":"https:\/\/www.miomiorun.com\/fr\/produit\/cielo-road\/#breadcrumb"},"inLanguage":"fr-FR","potentialAction":[{"@type":"ReadAction","target":["https:\/\/www.miomiorun.com\/fr\/produit\/cielo-road\/"]}]},{"@type":"ImageObject","inLanguage":"fr-FR","@id":"https:\/\/www.miomiorun.com\/fr\/produit\/cielo-road\/#primaryimage","url":"https:\/\/www.miomiorun.com\/app\/uploads\/2023\/11\/hoka-one-one-cielo-rd-black-multi-1143490-BKML.jpg","contentUrl":"https:\/\/www.miomiorun.com\/app\/uploads\/2023\/11\/hoka-one-one-cielo-rd-black-multi-1143490-BKML.jpg","width":600,"height":600,"caption":"hoka-one-one-cielo-rd-black-multi-1143490-BKML"},{"@type":"BreadcrumbList","@id":"https:\/\/www.miomiorun.com\/fr\/produit\/cielo-road\/#breadcrumb","itemListElement":[{"@type":"ListItem","position":1,"name":"Home","item":"https:\/\/www.miomiorun.com\/fr\/home-page\/"},{"@type":"ListItem","position":2,"name":"Shop","item":"https:\/\/www.miomiorun.com\/shop\/"},{"@type":"ListItem","position":3,"name":"Cielo Road"}]},{"@type":"WebSite","@id":"https:\/\/www.miomiorun.com\/fr\/#website","url":"https:\/\/www.miomiorun.com\/fr\/","name":"MioMioRun","description":"Boutique 100% running et trail","publisher":{"@id":"https:\/\/www.miomiorun.com\/fr\/#organization"},"potentialAction":[{"@type":"SearchAction","target":{"@type":"EntryPoint","urlTemplate":"https:\/\/www.miomiorun.com\/fr\/?s={search_term_string}"},"query-input":{"@type":"PropertyValueSpecification","valueRequired":true,"valueName":"search_term_string"}}],"inLanguage":"fr-FR"},{"@type":"Organization","@id":"https:\/\/www.miomiorun.com\/fr\/#organization","name":"MioMio Run","url":"https:\/\/www.miomiorun.com\/fr\/","logo":{"@type":"ImageObject","inLanguage":"fr-FR","@id":"https:\/\/www.miomiorun.com\/fr\/#\/schema\/logo\/image\/","url":"https:\/\/www.miomiorun.com\/app\/uploads\/2019\/12\/logomio.png","contentUrl":"https:\/\/www.miomiorun.com\/app\/uploads\/2019\/12\/logomio.png","width":115,"height":82,"caption":"MioMio Run"},"image":{"@id":"https:\/\/www.miomiorun.com\/fr\/#\/schema\/logo\/image\/"},"sameAs":["https:\/\/www.facebook.com\/miomiorun\/","https:\/\/www.instagram.com\/miomiorun\/"]}]}},"_links":{"self":[{"href":"https:\/\/www.miomiorun.com\/fr\/wp-json\/wp\/v2\/product\/287631","targetHints":{"allow":["GET"]}}],"collection":[{"href":"https:\/\/www.miomiorun.com\/fr\/wp-json\/wp\/v2\/product"}],"about":[{"href":"https:\/\/www.miomiorun.com\/fr\/wp-json\/wp\/v2\/types\/product"}],"wp:featuredmedia":[{"embeddable":true,"href":"https:\/\/www.miomiorun.com\/fr\/wp-json\/wp\/v2\/media\/243762"}],"wp:attachment":[{"href":"https:\/\/www.miomiorun.com\/fr\/wp-json\/wp\/v2\/media?parent=287631"}],"wp:term":[{"taxonomy":"product_brand","embeddable":true,"href":"https:\/\/www.miomiorun.com\/fr\/wp-json\/wp\/v2\/product_brand?post=287631"},{"taxonomy":"product_cat","embeddable":true,"href":"https:\/\/www.miomiorun.com\/fr\/wp-json\/wp\/v2\/product_cat?post=287631"},{"taxonomy":"product_tag","embeddable":true,"href":"https:\/\/www.miomiorun.com\/fr\/wp-json\/wp\/v2\/product_tag?post=287631"}],"curies":[{"name":"wp","href":"https:\/\/api.w.org\/{rel}","templated":true}]}}