{"id":287561,"date":"2023-10-25T11:14:59","date_gmt":"2023-10-25T09:14:59","guid":{"rendered":"https:\/\/miomiorun.com\/prodotto\/kinvara-14-kdz\/"},"modified":"2026-02-13T10:32:21","modified_gmt":"2026-02-13T09:32:21","slug":"kinvara-14-kdz","status":"publish","type":"product","link":"https:\/\/www.miomiorun.com\/fr\/produit\/kinvara-14-kdz\/","title":{"rendered":"Kinvara 14 KDZ"},"content":{"rendered":"<div class=\"vc-row container\"><div class=\"vc-column\"><div class=\"vc-column-text\"><\/p>\n<p><strong>Caract\u00e9ristiques techniques<\/strong><\/p>\n<p>Cat\u00e9gorie : amorti r\u00e9actif<br \/>\nId\u00e9al pour : les enfants qui ont besoin d&#8217;une chaussure plus r\u00e9active parce qu&#8217;ils poss\u00e8dent d\u00e9j\u00e0 une bonne technique de course ou qui s&#8217;orientent vers des disciplines sur des distances moyennes \u00e0 courtes.<\/p>\n<p><a href=\"https:\/\/miomiorun.com\/fr\/guide-des-specificites\/\">Guide des sp\u00e9cifications techniques<\/a><\/p>\n<p><\/div><\/div><div class=\"vc-column\"> <div class=\"vc-column-text\">Inspir\u00e9es de notre version pour adultes, ces baskets souples et respirantes pour enfants permettent de courir confortablement gr\u00e2ce \u00e0 la technologie memory foam et \u00e0 une semelle int\u00e9rieure moul\u00e9e. Du d\u00e9but \u00e0 la fin, tout est pens\u00e9 pour en faire vos chaussures de course pr\u00e9f\u00e9r\u00e9es.<\/p>\n<p>Voici les <strong>Kinvara 14<\/strong> pour enfants !<\/p>\n<p><strong>Caract\u00e9ristiques :<\/strong><\/p>\n<div class=\"description\">\n<ul>\n<li>Amorti PWRRUN l\u00e9ger<\/li>\n<li>Semelle int\u00e9rieure moul\u00e9e FORMFIT haute performance<\/li>\n<li>Technologie en mousse \u00e0 m\u00e9moire de forme FORM2U sur la semelle int\u00e9rieure<\/li>\n<li>Caoutchouc non marquant sur les orteils et le talon pour plus d&#8217;adh\u00e9rence et de durabilit\u00e9<\/li>\n<li>Tige en mesh l\u00e9ger pour plus de respirabilit\u00e9<\/li>\n<li>Pointe renforc\u00e9e pour plus de durabilit\u00e9<\/li>\n<li>Fermeture traditionnelle \u00e0 lacets<\/li>\n<li>Rev\u00eatement anti-odeurs<\/li>\n<li>Doublure 100 % PET recycl\u00e9<\/li>\n<li>Semelle flexible pour passer rapidement de l&#8217;appui \u00e0 la suspension<\/li>\n<\/ul>\n<\/div>\n<p><\/div><\/div><\/div>\n","protected":false},"excerpt":{"rendered":"<ul>\n<li>chaussures super amortissantes pour enfants<\/li>\n<li>id\u00e9ales pour \u00eatre port\u00e9es tous les jours<\/li>\n<\/ul>\n","protected":false},"featured_media":243610,"template":"","meta":{"_acf_changed":false,"inline_featured_image":false},"product_brand":[],"product_cat":[22594,22593,22590],"product_tag":[23579,24184,24189],"class_list":{"0":"post-287561","1":"product","2":"type-product","3":"status-publish","4":"has-post-thumbnail","6":"product_cat-chaussures-pour-enfants","7":"product_cat-chaussures-pour-filles","8":"product_cat-enfant","9":"product_tag-saucony-fr","10":"product_tag-saucony-fille","11":"product_tag-saucony-garcon","12":"pa_attivita-fitness-fr","13":"pa_attivita-lifestyle-fr","14":"pa_attivita-marcher","15":"pa_attivita-running-fr","16":"pa_colore-kinvara-14-kdz-ltt-grape-indigo-fr","17":"pa_colore-kinvara-14-ltt-navy-red-fr","18":"pa_colore-kinvara-14-ltt-vizi-blue-echo-fr","19":"pa_colore-kinvara-14-ltt-grey-blue-fr","20":"pa_marca-saucony-fr","21":"pa_sesso-femme","22":"pa_sesso-homme","23":"pa_size-33-5-fr","24":"pa_size-34-fr","25":"pa_size-35-fr","26":"pa_size-35-5-fr","27":"pa_size-36-fr","28":"pa_size-36-5-fr","29":"pa_size-37-fr","31":"first","32":"instock","33":"sale","34":"taxable","35":"shipping-taxable","36":"purchasable","37":"product-type-variable","38":"wvs-archive-product-wrapper"},"acf":[],"yoast_head":"<!-- This site is optimized with the Yoast SEO plugin v26.8 - https:\/\/yoast.com\/product\/yoast-seo-wordpress\/ -->\n<title>Saucony Kinvara 14 KDZ - Vente de chaussures de course \u00e0 pied - MioMioRun<\/title>\n<meta name=\"description\" content=\"Inspir\u00e9es de notre version pour adultes, ces baskets souples et respirantes pour gar\u00e7ons permettent de courir confortablement.\" \/>\n<meta name=\"robots\" content=\"index, follow, max-snippet:-1, max-image-preview:large, max-video-preview:-1\" \/>\n<link rel=\"canonical\" href=\"https:\/\/www.miomiorun.com\/fr\/produit\/kinvara-14-kdz\/\" \/>\n<meta property=\"og:locale\" content=\"fr_FR\" \/>\n<meta property=\"og:type\" content=\"article\" \/>\n<meta property=\"og:title\" content=\"Saucony Kinvara 14 KDZ - Vente de chaussures de course \u00e0 pied - MioMioRun\" \/>\n<meta property=\"og:description\" content=\"Inspir\u00e9es de notre version pour adultes, ces baskets souples et respirantes pour gar\u00e7ons permettent de courir confortablement.\" \/>\n<meta property=\"og:url\" content=\"https:\/\/www.miomiorun.com\/fr\/produit\/kinvara-14-kdz\/\" \/>\n<meta property=\"og:site_name\" content=\"MioMioRun\" \/>\n<meta property=\"article:publisher\" content=\"https:\/\/www.facebook.com\/miomiorun\/\" \/>\n<meta property=\"article:modified_time\" content=\"2026-02-13T09:32:21+00:00\" \/>\n<meta property=\"og:image\" content=\"https:\/\/www.miomiorun.com\/app\/uploads\/2023\/10\/saucony-kinvara-14-ltt-vizi-blue-echo-SK267289.jpg\" \/>\n\t<meta property=\"og:image:width\" content=\"600\" \/>\n\t<meta property=\"og:image:height\" content=\"600\" \/>\n\t<meta property=\"og:image:type\" content=\"image\/jpeg\" \/>\n<meta name=\"twitter:card\" content=\"summary_large_image\" \/>\n<meta name=\"twitter:label1\" content=\"Est. reading time\" \/>\n\t<meta name=\"twitter:data1\" content=\"1 minute\" \/>\n<script type=\"application\/ld+json\" class=\"yoast-schema-graph\">{\"@context\":\"https:\/\/schema.org\",\"@graph\":[{\"@type\":\"WebPage\",\"@id\":\"https:\/\/www.miomiorun.com\/fr\/produit\/kinvara-14-kdz\/\",\"url\":\"https:\/\/www.miomiorun.com\/fr\/produit\/kinvara-14-kdz\/\",\"name\":\"Saucony Kinvara 14 KDZ - Vente de chaussures de course \u00e0 pied - MioMioRun\",\"isPartOf\":{\"@id\":\"https:\/\/www.miomiorun.com\/fr\/#website\"},\"primaryImageOfPage\":{\"@id\":\"https:\/\/www.miomiorun.com\/fr\/produit\/kinvara-14-kdz\/#primaryimage\"},\"image\":{\"@id\":\"https:\/\/www.miomiorun.com\/fr\/produit\/kinvara-14-kdz\/#primaryimage\"},\"thumbnailUrl\":\"https:\/\/www.miomiorun.com\/app\/uploads\/2023\/10\/saucony-kinvara-14-ltt-vizi-blue-echo-SK267289.jpg\",\"datePublished\":\"2023-10-25T09:14:59+00:00\",\"dateModified\":\"2026-02-13T09:32:21+00:00\",\"description\":\"Inspir\u00e9es de notre version pour adultes, ces baskets souples et respirantes pour gar\u00e7ons permettent de courir confortablement.\",\"breadcrumb\":{\"@id\":\"https:\/\/www.miomiorun.com\/fr\/produit\/kinvara-14-kdz\/#breadcrumb\"},\"inLanguage\":\"fr-FR\",\"potentialAction\":[{\"@type\":\"ReadAction\",\"target\":[\"https:\/\/www.miomiorun.com\/fr\/produit\/kinvara-14-kdz\/\"]}]},{\"@type\":\"ImageObject\",\"inLanguage\":\"fr-FR\",\"@id\":\"https:\/\/www.miomiorun.com\/fr\/produit\/kinvara-14-kdz\/#primaryimage\",\"url\":\"https:\/\/www.miomiorun.com\/app\/uploads\/2023\/10\/saucony-kinvara-14-ltt-vizi-blue-echo-SK267289.jpg\",\"contentUrl\":\"https:\/\/www.miomiorun.com\/app\/uploads\/2023\/10\/saucony-kinvara-14-ltt-vizi-blue-echo-SK267289.jpg\",\"width\":600,\"height\":600,\"caption\":\"saucony-kinvara-14-ltt-vizi-blue-echo-SK267289\"},{\"@type\":\"BreadcrumbList\",\"@id\":\"https:\/\/www.miomiorun.com\/fr\/produit\/kinvara-14-kdz\/#breadcrumb\",\"itemListElement\":[{\"@type\":\"ListItem\",\"position\":1,\"name\":\"Home\",\"item\":\"https:\/\/www.miomiorun.com\/fr\/home-page\/\"},{\"@type\":\"ListItem\",\"position\":2,\"name\":\"Shop\",\"item\":\"https:\/\/www.miomiorun.com\/shop\/\"},{\"@type\":\"ListItem\",\"position\":3,\"name\":\"Kinvara 14 KDZ\"}]},{\"@type\":\"WebSite\",\"@id\":\"https:\/\/www.miomiorun.com\/fr\/#website\",\"url\":\"https:\/\/www.miomiorun.com\/fr\/\",\"name\":\"MioMioRun\",\"description\":\"Boutique 100% running et trail\",\"publisher\":{\"@id\":\"https:\/\/www.miomiorun.com\/fr\/#organization\"},\"potentialAction\":[{\"@type\":\"SearchAction\",\"target\":{\"@type\":\"EntryPoint\",\"urlTemplate\":\"https:\/\/www.miomiorun.com\/fr\/?s={search_term_string}\"},\"query-input\":{\"@type\":\"PropertyValueSpecification\",\"valueRequired\":true,\"valueName\":\"search_term_string\"}}],\"inLanguage\":\"fr-FR\"},{\"@type\":\"Organization\",\"@id\":\"https:\/\/www.miomiorun.com\/fr\/#organization\",\"name\":\"MioMio Run\",\"url\":\"https:\/\/www.miomiorun.com\/fr\/\",\"logo\":{\"@type\":\"ImageObject\",\"inLanguage\":\"fr-FR\",\"@id\":\"https:\/\/www.miomiorun.com\/fr\/#\/schema\/logo\/image\/\",\"url\":\"https:\/\/www.miomiorun.com\/app\/uploads\/2019\/12\/logomio.png\",\"contentUrl\":\"https:\/\/www.miomiorun.com\/app\/uploads\/2019\/12\/logomio.png\",\"width\":115,\"height\":82,\"caption\":\"MioMio Run\"},\"image\":{\"@id\":\"https:\/\/www.miomiorun.com\/fr\/#\/schema\/logo\/image\/\"},\"sameAs\":[\"https:\/\/www.facebook.com\/miomiorun\/\",\"https:\/\/www.instagram.com\/miomiorun\/\"]}]}<\/script>\n<!-- \/ Yoast SEO plugin. -->","yoast_head_json":{"title":"Saucony Kinvara 14 KDZ - Vente de chaussures de course \u00e0 pied - MioMioRun","description":"Inspir\u00e9es de notre version pour adultes, ces baskets souples et respirantes pour gar\u00e7ons permettent de courir confortablement.","robots":{"index":"index","follow":"follow","max-snippet":"max-snippet:-1","max-image-preview":"max-image-preview:large","max-video-preview":"max-video-preview:-1"},"canonical":"https:\/\/www.miomiorun.com\/fr\/produit\/kinvara-14-kdz\/","og_locale":"fr_FR","og_type":"article","og_title":"Saucony Kinvara 14 KDZ - Vente de chaussures de course \u00e0 pied - MioMioRun","og_description":"Inspir\u00e9es de notre version pour adultes, ces baskets souples et respirantes pour gar\u00e7ons permettent de courir confortablement.","og_url":"https:\/\/www.miomiorun.com\/fr\/produit\/kinvara-14-kdz\/","og_site_name":"MioMioRun","article_publisher":"https:\/\/www.facebook.com\/miomiorun\/","article_modified_time":"2026-02-13T09:32:21+00:00","og_image":[{"width":600,"height":600,"url":"https:\/\/www.miomiorun.com\/app\/uploads\/2023\/10\/saucony-kinvara-14-ltt-vizi-blue-echo-SK267289.jpg","type":"image\/jpeg"}],"twitter_card":"summary_large_image","twitter_misc":{"Est. reading time":"1 minute"},"schema":{"@context":"https:\/\/schema.org","@graph":[{"@type":"WebPage","@id":"https:\/\/www.miomiorun.com\/fr\/produit\/kinvara-14-kdz\/","url":"https:\/\/www.miomiorun.com\/fr\/produit\/kinvara-14-kdz\/","name":"Saucony Kinvara 14 KDZ - Vente de chaussures de course \u00e0 pied - MioMioRun","isPartOf":{"@id":"https:\/\/www.miomiorun.com\/fr\/#website"},"primaryImageOfPage":{"@id":"https:\/\/www.miomiorun.com\/fr\/produit\/kinvara-14-kdz\/#primaryimage"},"image":{"@id":"https:\/\/www.miomiorun.com\/fr\/produit\/kinvara-14-kdz\/#primaryimage"},"thumbnailUrl":"https:\/\/www.miomiorun.com\/app\/uploads\/2023\/10\/saucony-kinvara-14-ltt-vizi-blue-echo-SK267289.jpg","datePublished":"2023-10-25T09:14:59+00:00","dateModified":"2026-02-13T09:32:21+00:00","description":"Inspir\u00e9es de notre version pour adultes, ces baskets souples et respirantes pour gar\u00e7ons permettent de courir confortablement.","breadcrumb":{"@id":"https:\/\/www.miomiorun.com\/fr\/produit\/kinvara-14-kdz\/#breadcrumb"},"inLanguage":"fr-FR","potentialAction":[{"@type":"ReadAction","target":["https:\/\/www.miomiorun.com\/fr\/produit\/kinvara-14-kdz\/"]}]},{"@type":"ImageObject","inLanguage":"fr-FR","@id":"https:\/\/www.miomiorun.com\/fr\/produit\/kinvara-14-kdz\/#primaryimage","url":"https:\/\/www.miomiorun.com\/app\/uploads\/2023\/10\/saucony-kinvara-14-ltt-vizi-blue-echo-SK267289.jpg","contentUrl":"https:\/\/www.miomiorun.com\/app\/uploads\/2023\/10\/saucony-kinvara-14-ltt-vizi-blue-echo-SK267289.jpg","width":600,"height":600,"caption":"saucony-kinvara-14-ltt-vizi-blue-echo-SK267289"},{"@type":"BreadcrumbList","@id":"https:\/\/www.miomiorun.com\/fr\/produit\/kinvara-14-kdz\/#breadcrumb","itemListElement":[{"@type":"ListItem","position":1,"name":"Home","item":"https:\/\/www.miomiorun.com\/fr\/home-page\/"},{"@type":"ListItem","position":2,"name":"Shop","item":"https:\/\/www.miomiorun.com\/shop\/"},{"@type":"ListItem","position":3,"name":"Kinvara 14 KDZ"}]},{"@type":"WebSite","@id":"https:\/\/www.miomiorun.com\/fr\/#website","url":"https:\/\/www.miomiorun.com\/fr\/","name":"MioMioRun","description":"Boutique 100% running et trail","publisher":{"@id":"https:\/\/www.miomiorun.com\/fr\/#organization"},"potentialAction":[{"@type":"SearchAction","target":{"@type":"EntryPoint","urlTemplate":"https:\/\/www.miomiorun.com\/fr\/?s={search_term_string}"},"query-input":{"@type":"PropertyValueSpecification","valueRequired":true,"valueName":"search_term_string"}}],"inLanguage":"fr-FR"},{"@type":"Organization","@id":"https:\/\/www.miomiorun.com\/fr\/#organization","name":"MioMio Run","url":"https:\/\/www.miomiorun.com\/fr\/","logo":{"@type":"ImageObject","inLanguage":"fr-FR","@id":"https:\/\/www.miomiorun.com\/fr\/#\/schema\/logo\/image\/","url":"https:\/\/www.miomiorun.com\/app\/uploads\/2019\/12\/logomio.png","contentUrl":"https:\/\/www.miomiorun.com\/app\/uploads\/2019\/12\/logomio.png","width":115,"height":82,"caption":"MioMio Run"},"image":{"@id":"https:\/\/www.miomiorun.com\/fr\/#\/schema\/logo\/image\/"},"sameAs":["https:\/\/www.facebook.com\/miomiorun\/","https:\/\/www.instagram.com\/miomiorun\/"]}]}},"_links":{"self":[{"href":"https:\/\/www.miomiorun.com\/fr\/wp-json\/wp\/v2\/product\/287561","targetHints":{"allow":["GET"]}}],"collection":[{"href":"https:\/\/www.miomiorun.com\/fr\/wp-json\/wp\/v2\/product"}],"about":[{"href":"https:\/\/www.miomiorun.com\/fr\/wp-json\/wp\/v2\/types\/product"}],"wp:featuredmedia":[{"embeddable":true,"href":"https:\/\/www.miomiorun.com\/fr\/wp-json\/wp\/v2\/media\/243610"}],"wp:attachment":[{"href":"https:\/\/www.miomiorun.com\/fr\/wp-json\/wp\/v2\/media?parent=287561"}],"wp:term":[{"taxonomy":"product_brand","embeddable":true,"href":"https:\/\/www.miomiorun.com\/fr\/wp-json\/wp\/v2\/product_brand?post=287561"},{"taxonomy":"product_cat","embeddable":true,"href":"https:\/\/www.miomiorun.com\/fr\/wp-json\/wp\/v2\/product_cat?post=287561"},{"taxonomy":"product_tag","embeddable":true,"href":"https:\/\/www.miomiorun.com\/fr\/wp-json\/wp\/v2\/product_tag?post=287561"}],"curies":[{"name":"wp","href":"https:\/\/api.w.org\/{rel}","templated":true}]}}