{"id":287560,"date":"2023-10-25T11:36:06","date_gmt":"2023-10-25T09:36:06","guid":{"rendered":"https:\/\/miomiorun.com\/prodotto\/peregrine-12-bambino\/"},"modified":"2026-05-08T21:49:38","modified_gmt":"2026-05-08T19:49:38","slug":"peregrine-12-enfant","status":"publish","type":"product","link":"https:\/\/www.miomiorun.com\/fr\/produit\/peregrine-12-enfant\/","title":{"rendered":"Peregrine 12 enfant"},"content":{"rendered":"<div class=\"vc-row container\"><div class=\"vc-column\"><div class=\"vc-column-text\"><\/p>\n<h4>Caract\u00e9ristiques techniques<\/h4>\n<p>Cat\u00e9gorie : Amorti structur\u00e9<br \/>\nD\u00e9calage : 8 mm<br \/>\nId\u00e9al pour : les jeunes qui ont besoin d&#8217;une chaussure offrant un bon amorti et une bonne structure. Id\u00e9al pour les premiers pas dans la pratique sportive ou pour les jeunes qui souhaitent d\u00e9j\u00e0 s&#8217;attaquer \u00e0 des distances moyennes \u00e0 longues en montagne.<br \/>\n<a href=\"https:\/\/miomiorun.com\/fr\/guide-des-specificites\/\">Guide des caract\u00e9ristiques techniques<\/a><\/p>\n<p><\/div><\/div><div class=\"vc-column\"><div class=\"vc-column-text\"><\/p>\n<div class=\"description\">\n<p>La tige hydrofuge rend cette basket adapt\u00e9e \u00e0 tous les types de sentiers, tandis que la semelle en caoutchouc durable et l&#8217;embout renforc\u00e9 prolongent sa dur\u00e9e de vie pour de nombreuses autres randonn\u00e9es.<\/p>\n<p>Notre mod\u00e8le <strong>Peregrine 12<\/strong> pour enfant, r\u00e9sistant et adapt\u00e9 \u00e0 tous les terrains, b\u00e9n\u00e9ficie \u00e9galement d&#8217;une fermeture alternative, pour un chaussage rapide et pratique.<\/p>\n<p><strong>Caract\u00e9ristiques :<\/strong><\/p>\n<div class=\"description\">\n<ul>\n<li>Tige avec traitement d\u00e9perlant DWR pour une meilleure protection<\/li>\n<li>Tige en cuir et mesh<\/li>\n<li>Disponible avec une fermeture traditionnelle \u00e0 lacets et une fermeture alternative pour faciliter l&#8217;enfilage<\/li>\n<li>Bout renforc\u00e9 pour une plus grande durabilit\u00e9<\/li>\n<li>Doublure 100 % PET recycl\u00e9<\/li>\n<li>Rev\u00eatement anti-odeurs<\/li>\n<li>Semelle robuste et durable qui ne laisse pas de traces, pour une traction durable sur tous les terrains<\/li>\n<\/ul>\n<p>&nbsp;<\/p>\n<\/div>\n<\/div>\n<p><\/div><\/div><\/div>\n","protected":false},"excerpt":{"rendered":"<ul>\n<li>Id\u00e9ales pour la montagne<\/li>\n<li>Super amortissantes et excellente adh\u00e9rence<\/li>\n<\/ul>\n","protected":false},"featured_media":243616,"template":"","meta":{"_acf_changed":false,"inline_featured_image":false},"product_brand":[],"product_cat":[22594,22590],"product_tag":[23579,24189],"class_list":{"0":"post-287560","1":"product","2":"type-product","3":"status-publish","4":"has-post-thumbnail","6":"product_cat-chaussures-pour-enfants","7":"product_cat-enfant","8":"product_tag-saucony-fr","9":"product_tag-saucony-garcon","10":"pa_attivita-marcher","11":"pa_attivita-outdoor-fr","12":"pa_colore-peregrine-12-shld-black-slime-fr","13":"pa_marca-saucony-fr","14":"pa_sesso-homme","15":"pa_size-35-fr","16":"pa_size-37-5-fr","18":"first","19":"instock","20":"sale","21":"taxable","22":"shipping-taxable","23":"purchasable","24":"product-type-variable","25":"wvs-archive-product-wrapper"},"acf":[],"yoast_head":"<!-- This site is optimized with the Yoast SEO plugin v26.8 - https:\/\/yoast.com\/product\/yoast-seo-wordpress\/ -->\n<title>Saucony Peregrine 12 enfant - chaussures de course enfants - MioMioRun<\/title>\n<meta name=\"description\" content=\"Notre mod\u00e8le Peregrine 12 pour enfants, r\u00e9sistant et adapt\u00e9 \u00e0 tous les terrains, b\u00e9n\u00e9ficie \u00e9galement d&#039;une fermeture alternative pour un chaussage rapide et pratique.\" \/>\n<meta name=\"robots\" content=\"index, follow, max-snippet:-1, max-image-preview:large, max-video-preview:-1\" \/>\n<link rel=\"canonical\" href=\"https:\/\/www.miomiorun.com\/fr\/produit\/peregrine-12-enfant\/\" \/>\n<meta property=\"og:locale\" content=\"fr_FR\" \/>\n<meta property=\"og:type\" content=\"article\" \/>\n<meta property=\"og:title\" content=\"Saucony Peregrine 12 enfant - chaussures de course enfants - MioMioRun\" \/>\n<meta property=\"og:description\" content=\"Notre mod\u00e8le Peregrine 12 pour enfants, r\u00e9sistant et adapt\u00e9 \u00e0 tous les terrains, b\u00e9n\u00e9ficie \u00e9galement d&#039;une fermeture alternative pour un chaussage rapide et pratique.\" \/>\n<meta property=\"og:url\" content=\"https:\/\/www.miomiorun.com\/fr\/produit\/peregrine-12-enfant\/\" \/>\n<meta property=\"og:site_name\" content=\"MioMioRun\" \/>\n<meta property=\"article:publisher\" content=\"https:\/\/www.facebook.com\/miomiorun\/\" \/>\n<meta property=\"article:modified_time\" content=\"2026-05-08T19:49:38+00:00\" \/>\n<meta property=\"og:image\" content=\"https:\/\/www.miomiorun.com\/app\/uploads\/2023\/10\/saucony-peregrine-12-shld-black-slime-SK267297.jpg\" \/>\n\t<meta property=\"og:image:width\" content=\"600\" \/>\n\t<meta property=\"og:image:height\" content=\"600\" \/>\n\t<meta property=\"og:image:type\" content=\"image\/jpeg\" \/>\n<meta name=\"twitter:card\" content=\"summary_large_image\" \/>\n<meta name=\"twitter:label1\" content=\"Est. reading time\" \/>\n\t<meta name=\"twitter:data1\" content=\"1 minute\" \/>\n<script type=\"application\/ld+json\" class=\"yoast-schema-graph\">{\"@context\":\"https:\/\/schema.org\",\"@graph\":[{\"@type\":\"WebPage\",\"@id\":\"https:\/\/www.miomiorun.com\/fr\/produit\/peregrine-12-enfant\/\",\"url\":\"https:\/\/www.miomiorun.com\/fr\/produit\/peregrine-12-enfant\/\",\"name\":\"Saucony Peregrine 12 enfant - chaussures de course enfants - MioMioRun\",\"isPartOf\":{\"@id\":\"https:\/\/www.miomiorun.com\/fr\/#website\"},\"primaryImageOfPage\":{\"@id\":\"https:\/\/www.miomiorun.com\/fr\/produit\/peregrine-12-enfant\/#primaryimage\"},\"image\":{\"@id\":\"https:\/\/www.miomiorun.com\/fr\/produit\/peregrine-12-enfant\/#primaryimage\"},\"thumbnailUrl\":\"https:\/\/www.miomiorun.com\/app\/uploads\/2023\/10\/saucony-peregrine-12-shld-black-slime-SK267297.jpg\",\"datePublished\":\"2023-10-25T09:36:06+00:00\",\"dateModified\":\"2026-05-08T19:49:38+00:00\",\"description\":\"Notre mod\u00e8le Peregrine 12 pour enfants, r\u00e9sistant et adapt\u00e9 \u00e0 tous les terrains, b\u00e9n\u00e9ficie \u00e9galement d'une fermeture alternative pour un chaussage rapide et pratique.\",\"breadcrumb\":{\"@id\":\"https:\/\/www.miomiorun.com\/fr\/produit\/peregrine-12-enfant\/#breadcrumb\"},\"inLanguage\":\"fr-FR\",\"potentialAction\":[{\"@type\":\"ReadAction\",\"target\":[\"https:\/\/www.miomiorun.com\/fr\/produit\/peregrine-12-enfant\/\"]}]},{\"@type\":\"ImageObject\",\"inLanguage\":\"fr-FR\",\"@id\":\"https:\/\/www.miomiorun.com\/fr\/produit\/peregrine-12-enfant\/#primaryimage\",\"url\":\"https:\/\/www.miomiorun.com\/app\/uploads\/2023\/10\/saucony-peregrine-12-shld-black-slime-SK267297.jpg\",\"contentUrl\":\"https:\/\/www.miomiorun.com\/app\/uploads\/2023\/10\/saucony-peregrine-12-shld-black-slime-SK267297.jpg\",\"width\":600,\"height\":600,\"caption\":\"saucony-peregrine-12-shld-black-slime-SK267297\"},{\"@type\":\"BreadcrumbList\",\"@id\":\"https:\/\/www.miomiorun.com\/fr\/produit\/peregrine-12-enfant\/#breadcrumb\",\"itemListElement\":[{\"@type\":\"ListItem\",\"position\":1,\"name\":\"Home\",\"item\":\"https:\/\/www.miomiorun.com\/fr\/home-page\/\"},{\"@type\":\"ListItem\",\"position\":2,\"name\":\"Shop\",\"item\":\"https:\/\/www.miomiorun.com\/shop\/\"},{\"@type\":\"ListItem\",\"position\":3,\"name\":\"Peregrine 12 enfant\"}]},{\"@type\":\"WebSite\",\"@id\":\"https:\/\/www.miomiorun.com\/fr\/#website\",\"url\":\"https:\/\/www.miomiorun.com\/fr\/\",\"name\":\"MioMioRun\",\"description\":\"Boutique 100% running et trail\",\"publisher\":{\"@id\":\"https:\/\/www.miomiorun.com\/fr\/#organization\"},\"potentialAction\":[{\"@type\":\"SearchAction\",\"target\":{\"@type\":\"EntryPoint\",\"urlTemplate\":\"https:\/\/www.miomiorun.com\/fr\/?s={search_term_string}\"},\"query-input\":{\"@type\":\"PropertyValueSpecification\",\"valueRequired\":true,\"valueName\":\"search_term_string\"}}],\"inLanguage\":\"fr-FR\"},{\"@type\":\"Organization\",\"@id\":\"https:\/\/www.miomiorun.com\/fr\/#organization\",\"name\":\"MioMio Run\",\"url\":\"https:\/\/www.miomiorun.com\/fr\/\",\"logo\":{\"@type\":\"ImageObject\",\"inLanguage\":\"fr-FR\",\"@id\":\"https:\/\/www.miomiorun.com\/fr\/#\/schema\/logo\/image\/\",\"url\":\"https:\/\/www.miomiorun.com\/app\/uploads\/2019\/12\/logomio.png\",\"contentUrl\":\"https:\/\/www.miomiorun.com\/app\/uploads\/2019\/12\/logomio.png\",\"width\":115,\"height\":82,\"caption\":\"MioMio Run\"},\"image\":{\"@id\":\"https:\/\/www.miomiorun.com\/fr\/#\/schema\/logo\/image\/\"},\"sameAs\":[\"https:\/\/www.facebook.com\/miomiorun\/\",\"https:\/\/www.instagram.com\/miomiorun\/\"]}]}<\/script>\n<!-- \/ Yoast SEO plugin. -->","yoast_head_json":{"title":"Saucony Peregrine 12 enfant - chaussures de course enfants - MioMioRun","description":"Notre mod\u00e8le Peregrine 12 pour enfants, r\u00e9sistant et adapt\u00e9 \u00e0 tous les terrains, b\u00e9n\u00e9ficie \u00e9galement d'une fermeture alternative pour un chaussage rapide et pratique.","robots":{"index":"index","follow":"follow","max-snippet":"max-snippet:-1","max-image-preview":"max-image-preview:large","max-video-preview":"max-video-preview:-1"},"canonical":"https:\/\/www.miomiorun.com\/fr\/produit\/peregrine-12-enfant\/","og_locale":"fr_FR","og_type":"article","og_title":"Saucony Peregrine 12 enfant - chaussures de course enfants - MioMioRun","og_description":"Notre mod\u00e8le Peregrine 12 pour enfants, r\u00e9sistant et adapt\u00e9 \u00e0 tous les terrains, b\u00e9n\u00e9ficie \u00e9galement d'une fermeture alternative pour un chaussage rapide et pratique.","og_url":"https:\/\/www.miomiorun.com\/fr\/produit\/peregrine-12-enfant\/","og_site_name":"MioMioRun","article_publisher":"https:\/\/www.facebook.com\/miomiorun\/","article_modified_time":"2026-05-08T19:49:38+00:00","og_image":[{"width":600,"height":600,"url":"https:\/\/www.miomiorun.com\/app\/uploads\/2023\/10\/saucony-peregrine-12-shld-black-slime-SK267297.jpg","type":"image\/jpeg"}],"twitter_card":"summary_large_image","twitter_misc":{"Est. reading time":"1 minute"},"schema":{"@context":"https:\/\/schema.org","@graph":[{"@type":"WebPage","@id":"https:\/\/www.miomiorun.com\/fr\/produit\/peregrine-12-enfant\/","url":"https:\/\/www.miomiorun.com\/fr\/produit\/peregrine-12-enfant\/","name":"Saucony Peregrine 12 enfant - chaussures de course enfants - MioMioRun","isPartOf":{"@id":"https:\/\/www.miomiorun.com\/fr\/#website"},"primaryImageOfPage":{"@id":"https:\/\/www.miomiorun.com\/fr\/produit\/peregrine-12-enfant\/#primaryimage"},"image":{"@id":"https:\/\/www.miomiorun.com\/fr\/produit\/peregrine-12-enfant\/#primaryimage"},"thumbnailUrl":"https:\/\/www.miomiorun.com\/app\/uploads\/2023\/10\/saucony-peregrine-12-shld-black-slime-SK267297.jpg","datePublished":"2023-10-25T09:36:06+00:00","dateModified":"2026-05-08T19:49:38+00:00","description":"Notre mod\u00e8le Peregrine 12 pour enfants, r\u00e9sistant et adapt\u00e9 \u00e0 tous les terrains, b\u00e9n\u00e9ficie \u00e9galement d'une fermeture alternative pour un chaussage rapide et pratique.","breadcrumb":{"@id":"https:\/\/www.miomiorun.com\/fr\/produit\/peregrine-12-enfant\/#breadcrumb"},"inLanguage":"fr-FR","potentialAction":[{"@type":"ReadAction","target":["https:\/\/www.miomiorun.com\/fr\/produit\/peregrine-12-enfant\/"]}]},{"@type":"ImageObject","inLanguage":"fr-FR","@id":"https:\/\/www.miomiorun.com\/fr\/produit\/peregrine-12-enfant\/#primaryimage","url":"https:\/\/www.miomiorun.com\/app\/uploads\/2023\/10\/saucony-peregrine-12-shld-black-slime-SK267297.jpg","contentUrl":"https:\/\/www.miomiorun.com\/app\/uploads\/2023\/10\/saucony-peregrine-12-shld-black-slime-SK267297.jpg","width":600,"height":600,"caption":"saucony-peregrine-12-shld-black-slime-SK267297"},{"@type":"BreadcrumbList","@id":"https:\/\/www.miomiorun.com\/fr\/produit\/peregrine-12-enfant\/#breadcrumb","itemListElement":[{"@type":"ListItem","position":1,"name":"Home","item":"https:\/\/www.miomiorun.com\/fr\/home-page\/"},{"@type":"ListItem","position":2,"name":"Shop","item":"https:\/\/www.miomiorun.com\/shop\/"},{"@type":"ListItem","position":3,"name":"Peregrine 12 enfant"}]},{"@type":"WebSite","@id":"https:\/\/www.miomiorun.com\/fr\/#website","url":"https:\/\/www.miomiorun.com\/fr\/","name":"MioMioRun","description":"Boutique 100% running et trail","publisher":{"@id":"https:\/\/www.miomiorun.com\/fr\/#organization"},"potentialAction":[{"@type":"SearchAction","target":{"@type":"EntryPoint","urlTemplate":"https:\/\/www.miomiorun.com\/fr\/?s={search_term_string}"},"query-input":{"@type":"PropertyValueSpecification","valueRequired":true,"valueName":"search_term_string"}}],"inLanguage":"fr-FR"},{"@type":"Organization","@id":"https:\/\/www.miomiorun.com\/fr\/#organization","name":"MioMio Run","url":"https:\/\/www.miomiorun.com\/fr\/","logo":{"@type":"ImageObject","inLanguage":"fr-FR","@id":"https:\/\/www.miomiorun.com\/fr\/#\/schema\/logo\/image\/","url":"https:\/\/www.miomiorun.com\/app\/uploads\/2019\/12\/logomio.png","contentUrl":"https:\/\/www.miomiorun.com\/app\/uploads\/2019\/12\/logomio.png","width":115,"height":82,"caption":"MioMio Run"},"image":{"@id":"https:\/\/www.miomiorun.com\/fr\/#\/schema\/logo\/image\/"},"sameAs":["https:\/\/www.facebook.com\/miomiorun\/","https:\/\/www.instagram.com\/miomiorun\/"]}]}},"_links":{"self":[{"href":"https:\/\/www.miomiorun.com\/fr\/wp-json\/wp\/v2\/product\/287560","targetHints":{"allow":["GET"]}}],"collection":[{"href":"https:\/\/www.miomiorun.com\/fr\/wp-json\/wp\/v2\/product"}],"about":[{"href":"https:\/\/www.miomiorun.com\/fr\/wp-json\/wp\/v2\/types\/product"}],"wp:featuredmedia":[{"embeddable":true,"href":"https:\/\/www.miomiorun.com\/fr\/wp-json\/wp\/v2\/media\/243616"}],"wp:attachment":[{"href":"https:\/\/www.miomiorun.com\/fr\/wp-json\/wp\/v2\/media?parent=287560"}],"wp:term":[{"taxonomy":"product_brand","embeddable":true,"href":"https:\/\/www.miomiorun.com\/fr\/wp-json\/wp\/v2\/product_brand?post=287560"},{"taxonomy":"product_cat","embeddable":true,"href":"https:\/\/www.miomiorun.com\/fr\/wp-json\/wp\/v2\/product_cat?post=287560"},{"taxonomy":"product_tag","embeddable":true,"href":"https:\/\/www.miomiorun.com\/fr\/wp-json\/wp\/v2\/product_tag?post=287560"}],"curies":[{"name":"wp","href":"https:\/\/api.w.org\/{rel}","templated":true}]}}