{"id":287520,"date":"2023-10-25T12:38:17","date_gmt":"2023-10-25T10:38:17","guid":{"rendered":"https:\/\/miomiorun.com\/prodotto\/peregrine-12-boa-bambino\/"},"modified":"2025-12-04T17:50:07","modified_gmt":"2025-12-04T16:50:07","slug":"peregrine-12-boa-enfant-2","status":"publish","type":"product","link":"https:\/\/www.miomiorun.com\/fr\/produit\/peregrine-12-boa-enfant-2\/","title":{"rendered":"Peregrine 12 Boa enfant"},"content":{"rendered":"<div class=\"vc-row container\"><div class=\"vc-column\"><div class=\"vc-column-text\"><\/p>\n<h4>Caract\u00e9ristiques techniques<\/h4>\n<p>Cat\u00e9gorie : Amorti structur\u00e9<br \/>\nD\u00e9calage : 8 mm<br \/>\nId\u00e9al pour : les enfants qui ont besoin d&#8217;une chaussure offrant un bon amorti et une bonne structure. Id\u00e9al pour les premiers pas dans la pratique sportive ou pour les enfants qui ont d\u00e9j\u00e0 envie de s&#8217;attaquer \u00e0 des distances moyennes \u00e0 longues en montagne.<br \/>\n<a href=\"https:\/\/miomiorun.com\/fr\/guide-des-specificites\/\">Guide des sp\u00e9cifications techniques<\/a><\/p>\n<p><\/div> <\/div><div class=\"vc-column\"><div class=\"vc-column-text\">La <strong>Peregrine 12 Boa<\/strong> pour enfants, qui a fait ses preuves sur tous les terrains, est d\u00e9sormais \u00e9quip\u00e9e du syst\u00e8me innovant <strong>BOA Fit<\/strong> <strong>System<\/strong>, qui assure un ajustement parfait sans la\u00e7age, d&#8217;un simple clic. La tige hydrofuge fait de cette chaussure de sport le partenaire id\u00e9al pour toutes les conditions de terrain. La semelle en caoutchouc r\u00e9sistante et la pointe renforc\u00e9e garantissent un plaisir durable lors des randonn\u00e9es.<\/p>\n<p><strong>Caract\u00e9ristiques :<\/strong><\/p>\n<ul>\n<li>Syst\u00e8me BOA\u00ae Fit : il suffit de tourner pour obtenir un ajustement rapide, facile et pr\u00e9cis. <\/li>\n<li>Languette divis\u00e9e sur le c\u00f4t\u00e9 pour faciliter l&#8217;enfilage, col et languette en lycra extensible pour faciliter l&#8217;enfilage et le retrait. <\/li>\n<li>Tige hydrofuge avec traitement DWR pour une protection accrue<\/li>\n<li>Tige : cuir et mesh<\/li>\n<li>Robuste gr\u00e2ce \u00e0 son bout renforc\u00e9<\/li>\n<li>Doublure 100 % PET recycl\u00e9<\/li>\n<li>Doublure r\u00e9sistante aux odeurs<\/li>\n<li>Semelle avec bande de roulement r\u00e9sistante et non marquante pour une traction durable sur toutes les surfaces<\/li>\n<\/ul>\n<p><\/div><\/div><\/div>\n","protected":false},"excerpt":{"rendered":"<ul>\n<li>Id\u00e9al pour les randonn\u00e9es en montagne<\/li>\n<li>Fermeture \u00e0 boucle<\/li>\n<\/ul>\n","protected":false},"featured_media":243628,"template":"","meta":{"_acf_changed":false,"inline_featured_image":false},"product_brand":[],"product_cat":[22594,22590],"product_tag":[23579,24189],"class_list":{"0":"post-287520","1":"product","2":"type-product","3":"status-publish","4":"has-post-thumbnail","6":"product_cat-chaussures-pour-enfants","7":"product_cat-enfant","8":"product_tag-saucony-fr","9":"product_tag-saucony-garcon","11":"first","12":"instock","13":"sale","14":"taxable","15":"shipping-taxable","16":"purchasable","17":"product-type-variable","18":"wvs-archive-product-wrapper"},"acf":[],"yoast_head":"<!-- This site is optimized with the Yoast SEO plugin v26.8 - https:\/\/yoast.com\/product\/yoast-seo-wordpress\/ -->\n<title>Saucony Peregrine 12 Boa enfant - chaussures de trail enfant - MioMioRun<\/title>\n<meta name=\"description\" content=\"La Peregrine 12 Boa pour enfant, qui a fait ses preuves sur tous les terrains, est d\u00e9sormais \u00e9quip\u00e9e du syst\u00e8me innovant BOA Fit System, qui garantit un ajustement parfait.\" \/>\n<meta name=\"robots\" content=\"index, follow, max-snippet:-1, max-image-preview:large, max-video-preview:-1\" \/>\n<link rel=\"canonical\" href=\"https:\/\/www.miomiorun.com\/fr\/produit\/peregrine-12-boa-enfant-2\/\" \/>\n<meta property=\"og:locale\" content=\"fr_FR\" \/>\n<meta property=\"og:type\" content=\"article\" \/>\n<meta property=\"og:title\" content=\"Saucony Peregrine 12 Boa enfant - chaussures de trail enfant - MioMioRun\" \/>\n<meta property=\"og:description\" content=\"La Peregrine 12 Boa pour enfant, qui a fait ses preuves sur tous les terrains, est d\u00e9sormais \u00e9quip\u00e9e du syst\u00e8me innovant BOA Fit System, qui garantit un ajustement parfait.\" \/>\n<meta property=\"og:url\" content=\"https:\/\/www.miomiorun.com\/fr\/produit\/peregrine-12-boa-enfant-2\/\" \/>\n<meta property=\"og:site_name\" content=\"MioMioRun\" \/>\n<meta property=\"article:publisher\" content=\"https:\/\/www.facebook.com\/miomiorun\/\" \/>\n<meta property=\"article:modified_time\" content=\"2025-12-04T16:50:07+00:00\" \/>\n<meta property=\"og:image\" content=\"https:\/\/www.miomiorun.com\/app\/uploads\/2023\/10\/saucony-peregrine-12-kdz-shd-boa-navy-green-SK266095.jpg\" \/>\n\t<meta property=\"og:image:width\" content=\"600\" \/>\n\t<meta property=\"og:image:height\" content=\"600\" \/>\n\t<meta property=\"og:image:type\" content=\"image\/jpeg\" \/>\n<meta name=\"twitter:card\" content=\"summary_large_image\" \/>\n<meta name=\"twitter:label1\" content=\"Est. reading time\" \/>\n\t<meta name=\"twitter:data1\" content=\"1 minute\" \/>\n<script type=\"application\/ld+json\" class=\"yoast-schema-graph\">{\"@context\":\"https:\/\/schema.org\",\"@graph\":[{\"@type\":\"WebPage\",\"@id\":\"https:\/\/www.miomiorun.com\/fr\/produit\/peregrine-12-boa-enfant-2\/\",\"url\":\"https:\/\/www.miomiorun.com\/fr\/produit\/peregrine-12-boa-enfant-2\/\",\"name\":\"Saucony Peregrine 12 Boa enfant - chaussures de trail enfant - MioMioRun\",\"isPartOf\":{\"@id\":\"https:\/\/www.miomiorun.com\/fr\/#website\"},\"primaryImageOfPage\":{\"@id\":\"https:\/\/www.miomiorun.com\/fr\/produit\/peregrine-12-boa-enfant-2\/#primaryimage\"},\"image\":{\"@id\":\"https:\/\/www.miomiorun.com\/fr\/produit\/peregrine-12-boa-enfant-2\/#primaryimage\"},\"thumbnailUrl\":\"https:\/\/www.miomiorun.com\/app\/uploads\/2023\/10\/saucony-peregrine-12-kdz-shd-boa-navy-green-SK266095.jpg\",\"datePublished\":\"2023-10-25T10:38:17+00:00\",\"dateModified\":\"2025-12-04T16:50:07+00:00\",\"description\":\"La Peregrine 12 Boa pour enfant, qui a fait ses preuves sur tous les terrains, est d\u00e9sormais \u00e9quip\u00e9e du syst\u00e8me innovant BOA Fit System, qui garantit un ajustement parfait.\",\"breadcrumb\":{\"@id\":\"https:\/\/www.miomiorun.com\/fr\/produit\/peregrine-12-boa-enfant-2\/#breadcrumb\"},\"inLanguage\":\"fr-FR\",\"potentialAction\":[{\"@type\":\"ReadAction\",\"target\":[\"https:\/\/www.miomiorun.com\/fr\/produit\/peregrine-12-boa-enfant-2\/\"]}]},{\"@type\":\"ImageObject\",\"inLanguage\":\"fr-FR\",\"@id\":\"https:\/\/www.miomiorun.com\/fr\/produit\/peregrine-12-boa-enfant-2\/#primaryimage\",\"url\":\"https:\/\/www.miomiorun.com\/app\/uploads\/2023\/10\/saucony-peregrine-12-kdz-shd-boa-navy-green-SK266095.jpg\",\"contentUrl\":\"https:\/\/www.miomiorun.com\/app\/uploads\/2023\/10\/saucony-peregrine-12-kdz-shd-boa-navy-green-SK266095.jpg\",\"width\":600,\"height\":600,\"caption\":\"saucony-peregrine-12-kdz-shd-boa-navy-green-SK266095\"},{\"@type\":\"BreadcrumbList\",\"@id\":\"https:\/\/www.miomiorun.com\/fr\/produit\/peregrine-12-boa-enfant-2\/#breadcrumb\",\"itemListElement\":[{\"@type\":\"ListItem\",\"position\":1,\"name\":\"Home\",\"item\":\"https:\/\/www.miomiorun.com\/fr\/home-page\/\"},{\"@type\":\"ListItem\",\"position\":2,\"name\":\"Shop\",\"item\":\"https:\/\/www.miomiorun.com\/shop\/\"},{\"@type\":\"ListItem\",\"position\":3,\"name\":\"Peregrine 12 Boa enfant\"}]},{\"@type\":\"WebSite\",\"@id\":\"https:\/\/www.miomiorun.com\/fr\/#website\",\"url\":\"https:\/\/www.miomiorun.com\/fr\/\",\"name\":\"MioMioRun\",\"description\":\"Boutique 100% running et trail\",\"publisher\":{\"@id\":\"https:\/\/www.miomiorun.com\/fr\/#organization\"},\"potentialAction\":[{\"@type\":\"SearchAction\",\"target\":{\"@type\":\"EntryPoint\",\"urlTemplate\":\"https:\/\/www.miomiorun.com\/fr\/?s={search_term_string}\"},\"query-input\":{\"@type\":\"PropertyValueSpecification\",\"valueRequired\":true,\"valueName\":\"search_term_string\"}}],\"inLanguage\":\"fr-FR\"},{\"@type\":\"Organization\",\"@id\":\"https:\/\/www.miomiorun.com\/fr\/#organization\",\"name\":\"MioMio Run\",\"url\":\"https:\/\/www.miomiorun.com\/fr\/\",\"logo\":{\"@type\":\"ImageObject\",\"inLanguage\":\"fr-FR\",\"@id\":\"https:\/\/www.miomiorun.com\/fr\/#\/schema\/logo\/image\/\",\"url\":\"https:\/\/www.miomiorun.com\/app\/uploads\/2019\/12\/logomio.png\",\"contentUrl\":\"https:\/\/www.miomiorun.com\/app\/uploads\/2019\/12\/logomio.png\",\"width\":115,\"height\":82,\"caption\":\"MioMio Run\"},\"image\":{\"@id\":\"https:\/\/www.miomiorun.com\/fr\/#\/schema\/logo\/image\/\"},\"sameAs\":[\"https:\/\/www.facebook.com\/miomiorun\/\",\"https:\/\/www.instagram.com\/miomiorun\/\"]}]}<\/script>\n<!-- \/ Yoast SEO plugin. -->","yoast_head_json":{"title":"Saucony Peregrine 12 Boa enfant - chaussures de trail enfant - MioMioRun","description":"La Peregrine 12 Boa pour enfant, qui a fait ses preuves sur tous les terrains, est d\u00e9sormais \u00e9quip\u00e9e du syst\u00e8me innovant BOA Fit System, qui garantit un ajustement parfait.","robots":{"index":"index","follow":"follow","max-snippet":"max-snippet:-1","max-image-preview":"max-image-preview:large","max-video-preview":"max-video-preview:-1"},"canonical":"https:\/\/www.miomiorun.com\/fr\/produit\/peregrine-12-boa-enfant-2\/","og_locale":"fr_FR","og_type":"article","og_title":"Saucony Peregrine 12 Boa enfant - chaussures de trail enfant - MioMioRun","og_description":"La Peregrine 12 Boa pour enfant, qui a fait ses preuves sur tous les terrains, est d\u00e9sormais \u00e9quip\u00e9e du syst\u00e8me innovant BOA Fit System, qui garantit un ajustement parfait.","og_url":"https:\/\/www.miomiorun.com\/fr\/produit\/peregrine-12-boa-enfant-2\/","og_site_name":"MioMioRun","article_publisher":"https:\/\/www.facebook.com\/miomiorun\/","article_modified_time":"2025-12-04T16:50:07+00:00","og_image":[{"width":600,"height":600,"url":"https:\/\/www.miomiorun.com\/app\/uploads\/2023\/10\/saucony-peregrine-12-kdz-shd-boa-navy-green-SK266095.jpg","type":"image\/jpeg"}],"twitter_card":"summary_large_image","twitter_misc":{"Est. reading time":"1 minute"},"schema":{"@context":"https:\/\/schema.org","@graph":[{"@type":"WebPage","@id":"https:\/\/www.miomiorun.com\/fr\/produit\/peregrine-12-boa-enfant-2\/","url":"https:\/\/www.miomiorun.com\/fr\/produit\/peregrine-12-boa-enfant-2\/","name":"Saucony Peregrine 12 Boa enfant - chaussures de trail enfant - MioMioRun","isPartOf":{"@id":"https:\/\/www.miomiorun.com\/fr\/#website"},"primaryImageOfPage":{"@id":"https:\/\/www.miomiorun.com\/fr\/produit\/peregrine-12-boa-enfant-2\/#primaryimage"},"image":{"@id":"https:\/\/www.miomiorun.com\/fr\/produit\/peregrine-12-boa-enfant-2\/#primaryimage"},"thumbnailUrl":"https:\/\/www.miomiorun.com\/app\/uploads\/2023\/10\/saucony-peregrine-12-kdz-shd-boa-navy-green-SK266095.jpg","datePublished":"2023-10-25T10:38:17+00:00","dateModified":"2025-12-04T16:50:07+00:00","description":"La Peregrine 12 Boa pour enfant, qui a fait ses preuves sur tous les terrains, est d\u00e9sormais \u00e9quip\u00e9e du syst\u00e8me innovant BOA Fit System, qui garantit un ajustement parfait.","breadcrumb":{"@id":"https:\/\/www.miomiorun.com\/fr\/produit\/peregrine-12-boa-enfant-2\/#breadcrumb"},"inLanguage":"fr-FR","potentialAction":[{"@type":"ReadAction","target":["https:\/\/www.miomiorun.com\/fr\/produit\/peregrine-12-boa-enfant-2\/"]}]},{"@type":"ImageObject","inLanguage":"fr-FR","@id":"https:\/\/www.miomiorun.com\/fr\/produit\/peregrine-12-boa-enfant-2\/#primaryimage","url":"https:\/\/www.miomiorun.com\/app\/uploads\/2023\/10\/saucony-peregrine-12-kdz-shd-boa-navy-green-SK266095.jpg","contentUrl":"https:\/\/www.miomiorun.com\/app\/uploads\/2023\/10\/saucony-peregrine-12-kdz-shd-boa-navy-green-SK266095.jpg","width":600,"height":600,"caption":"saucony-peregrine-12-kdz-shd-boa-navy-green-SK266095"},{"@type":"BreadcrumbList","@id":"https:\/\/www.miomiorun.com\/fr\/produit\/peregrine-12-boa-enfant-2\/#breadcrumb","itemListElement":[{"@type":"ListItem","position":1,"name":"Home","item":"https:\/\/www.miomiorun.com\/fr\/home-page\/"},{"@type":"ListItem","position":2,"name":"Shop","item":"https:\/\/www.miomiorun.com\/shop\/"},{"@type":"ListItem","position":3,"name":"Peregrine 12 Boa enfant"}]},{"@type":"WebSite","@id":"https:\/\/www.miomiorun.com\/fr\/#website","url":"https:\/\/www.miomiorun.com\/fr\/","name":"MioMioRun","description":"Boutique 100% running et trail","publisher":{"@id":"https:\/\/www.miomiorun.com\/fr\/#organization"},"potentialAction":[{"@type":"SearchAction","target":{"@type":"EntryPoint","urlTemplate":"https:\/\/www.miomiorun.com\/fr\/?s={search_term_string}"},"query-input":{"@type":"PropertyValueSpecification","valueRequired":true,"valueName":"search_term_string"}}],"inLanguage":"fr-FR"},{"@type":"Organization","@id":"https:\/\/www.miomiorun.com\/fr\/#organization","name":"MioMio Run","url":"https:\/\/www.miomiorun.com\/fr\/","logo":{"@type":"ImageObject","inLanguage":"fr-FR","@id":"https:\/\/www.miomiorun.com\/fr\/#\/schema\/logo\/image\/","url":"https:\/\/www.miomiorun.com\/app\/uploads\/2019\/12\/logomio.png","contentUrl":"https:\/\/www.miomiorun.com\/app\/uploads\/2019\/12\/logomio.png","width":115,"height":82,"caption":"MioMio Run"},"image":{"@id":"https:\/\/www.miomiorun.com\/fr\/#\/schema\/logo\/image\/"},"sameAs":["https:\/\/www.facebook.com\/miomiorun\/","https:\/\/www.instagram.com\/miomiorun\/"]}]}},"_links":{"self":[{"href":"https:\/\/www.miomiorun.com\/fr\/wp-json\/wp\/v2\/product\/287520","targetHints":{"allow":["GET"]}}],"collection":[{"href":"https:\/\/www.miomiorun.com\/fr\/wp-json\/wp\/v2\/product"}],"about":[{"href":"https:\/\/www.miomiorun.com\/fr\/wp-json\/wp\/v2\/types\/product"}],"wp:featuredmedia":[{"embeddable":true,"href":"https:\/\/www.miomiorun.com\/fr\/wp-json\/wp\/v2\/media\/243628"}],"wp:attachment":[{"href":"https:\/\/www.miomiorun.com\/fr\/wp-json\/wp\/v2\/media?parent=287520"}],"wp:term":[{"taxonomy":"product_brand","embeddable":true,"href":"https:\/\/www.miomiorun.com\/fr\/wp-json\/wp\/v2\/product_brand?post=287520"},{"taxonomy":"product_cat","embeddable":true,"href":"https:\/\/www.miomiorun.com\/fr\/wp-json\/wp\/v2\/product_cat?post=287520"},{"taxonomy":"product_tag","embeddable":true,"href":"https:\/\/www.miomiorun.com\/fr\/wp-json\/wp\/v2\/product_tag?post=287520"}],"curies":[{"name":"wp","href":"https:\/\/api.w.org\/{rel}","templated":true}]}}