{"id":287517,"date":"2023-10-26T14:38:38","date_gmt":"2023-10-26T12:38:38","guid":{"rendered":"https:\/\/miomiorun.com\/prodotto\/core-dry-active-comfort-ss-donna\/"},"modified":"2026-05-08T21:49:13","modified_gmt":"2026-05-08T19:49:13","slug":"core-dry-active-comfort-ss-femme","status":"publish","type":"product","link":"https:\/\/www.miomiorun.com\/fr\/produit\/core-dry-active-comfort-ss-femme\/","title":{"rendered":"CORE Dry Active Comfort SS femme"},"content":{"rendered":"<p>La chemise <strong>CORE Dry Active Comfort SS<\/strong> pour femme est une couche de base douce et fonctionnelle, id\u00e9ale pour presque toutes les activit\u00e9s, de l&#8217;entra\u00eenement quotidien au ski alpin, de la randonn\u00e9e \u00e0 la d\u00e9tente apr\u00e8s le ski. Cette couche de base polyvalente et tr\u00e8s confortable est compos\u00e9e de polyester, de polyamide recycl\u00e9 et de polyamide, un m\u00e9lange doux et fonctionnel qui offre de la chaleur et un transport efficace de l&#8217;humidit\u00e9. En outre, le v\u00eatement pr\u00e9sente peu de coutures et une structure adapt\u00e9e au corps pour une meilleure thermor\u00e9gulation. Si vous voulez une seule couche de base pour tous vos entra\u00eenements et activit\u00e9s physiques, c&#8217;est la bonne.<\/p>\n<p><strong>Caract\u00e9ristiques :<\/strong><\/p>\n<ul>\n<li>Tissu souple et fonctionnel compos\u00e9 en partie de polyamide recycl\u00e9<\/li>\n<li>Structure bodymap pour une meilleure thermor\u00e9gulation<\/li>\n<li>Moins de coutures pour un confort optimal<\/li>\n<li>Coutures flatlock qui suivent les mouvements du corps<\/li>\n<\/ul>\n<p>&nbsp;<\/p>\n<p>&nbsp;<\/p>\n","protected":false},"excerpt":{"rendered":"<ul>\n<li>Id\u00e9al pour une activit\u00e9 physique<\/li>\n<li>L\u00e9ger et confortable<\/li>\n<li>Sans coutures<\/li>\n<\/ul>\n","protected":false},"featured_media":243864,"template":"","meta":{"_acf_changed":false,"inline_featured_image":false},"product_brand":[],"product_cat":[22600,22596],"product_tag":[23554,23648],"class_list":{"0":"post-287517","1":"product","2":"type-product","3":"status-publish","4":"has-post-thumbnail","6":"product_cat-sous-vetements","7":"product_cat-vetements-pour-femmes","8":"product_tag-craft-fr","9":"product_tag-craft-femme","10":"pa_attivita-marcher","11":"pa_attivita-outdoor-fr","12":"pa_attivita-running-fr","13":"pa_attivita-trail-fr","14":"pa_colore-core-dry-active-comfort-ss-w-fame-fr","15":"pa_marca-craft-fr","16":"pa_sesso-femme","17":"pa_size-extra-small-fr","18":"pa_size-small-fr","19":"pa_size-medium-fr","21":"first","22":"instock","23":"sale","24":"taxable","25":"shipping-taxable","26":"purchasable","27":"product-type-variable","28":"wvs-archive-product-wrapper"},"acf":[],"yoast_head":"<!-- This site is optimized with the Yoast SEO plugin v26.8 - https:\/\/yoast.com\/product\/yoast-seo-wordpress\/ -->\n<title>Craft CORE Dry Active Comfort SS femme -Sous-v\u00eatements - MioMioRun.com<\/title>\n<meta name=\"description\" content=\"La chemise CORE Dry Active Comfort SS pour femmes est une couche de base douce et fonctionnelle, id\u00e9ale pour presque toutes les activit\u00e9s, de l&#039;entra\u00eenement quotidien \u00e0 la course \u00e0 pied.\" \/>\n<meta name=\"robots\" content=\"index, follow, max-snippet:-1, max-image-preview:large, max-video-preview:-1\" \/>\n<link rel=\"canonical\" href=\"https:\/\/www.miomiorun.com\/fr\/produit\/core-dry-active-comfort-ss-femme\/\" \/>\n<meta property=\"og:locale\" content=\"fr_FR\" \/>\n<meta property=\"og:type\" content=\"article\" \/>\n<meta property=\"og:title\" content=\"Craft CORE Dry Active Comfort SS femme -Sous-v\u00eatements - MioMioRun.com\" \/>\n<meta property=\"og:description\" content=\"La chemise CORE Dry Active Comfort SS pour femmes est une couche de base douce et fonctionnelle, id\u00e9ale pour presque toutes les activit\u00e9s, de l&#039;entra\u00eenement quotidien \u00e0 la course \u00e0 pied.\" \/>\n<meta property=\"og:url\" content=\"https:\/\/www.miomiorun.com\/fr\/produit\/core-dry-active-comfort-ss-femme\/\" \/>\n<meta property=\"og:site_name\" content=\"MioMioRun\" \/>\n<meta property=\"article:publisher\" content=\"https:\/\/www.facebook.com\/miomiorun\/\" \/>\n<meta property=\"article:modified_time\" content=\"2026-05-08T19:49:13+00:00\" \/>\n<meta property=\"og:image\" content=\"https:\/\/www.miomiorun.com\/app\/uploads\/2023\/11\/craft-Core-dry-active-comfort-SS-W-fame-1911667-B738000.jpg\" \/>\n\t<meta property=\"og:image:width\" content=\"600\" \/>\n\t<meta property=\"og:image:height\" content=\"600\" \/>\n\t<meta property=\"og:image:type\" content=\"image\/jpeg\" \/>\n<meta name=\"twitter:card\" content=\"summary_large_image\" \/>\n<meta name=\"twitter:label1\" content=\"Est. reading time\" \/>\n\t<meta name=\"twitter:data1\" content=\"1 minute\" \/>\n<script type=\"application\/ld+json\" class=\"yoast-schema-graph\">{\"@context\":\"https:\/\/schema.org\",\"@graph\":[{\"@type\":\"WebPage\",\"@id\":\"https:\/\/www.miomiorun.com\/fr\/produit\/core-dry-active-comfort-ss-femme\/\",\"url\":\"https:\/\/www.miomiorun.com\/fr\/produit\/core-dry-active-comfort-ss-femme\/\",\"name\":\"Craft CORE Dry Active Comfort SS femme -Sous-v\u00eatements - MioMioRun.com\",\"isPartOf\":{\"@id\":\"https:\/\/www.miomiorun.com\/fr\/#website\"},\"primaryImageOfPage\":{\"@id\":\"https:\/\/www.miomiorun.com\/fr\/produit\/core-dry-active-comfort-ss-femme\/#primaryimage\"},\"image\":{\"@id\":\"https:\/\/www.miomiorun.com\/fr\/produit\/core-dry-active-comfort-ss-femme\/#primaryimage\"},\"thumbnailUrl\":\"https:\/\/www.miomiorun.com\/app\/uploads\/2023\/11\/craft-Core-dry-active-comfort-SS-W-fame-1911667-B738000.jpg\",\"datePublished\":\"2023-10-26T12:38:38+00:00\",\"dateModified\":\"2026-05-08T19:49:13+00:00\",\"description\":\"La chemise CORE Dry Active Comfort SS pour femmes est une couche de base douce et fonctionnelle, id\u00e9ale pour presque toutes les activit\u00e9s, de l'entra\u00eenement quotidien \u00e0 la course \u00e0 pied.\",\"breadcrumb\":{\"@id\":\"https:\/\/www.miomiorun.com\/fr\/produit\/core-dry-active-comfort-ss-femme\/#breadcrumb\"},\"inLanguage\":\"fr-FR\",\"potentialAction\":[{\"@type\":\"ReadAction\",\"target\":[\"https:\/\/www.miomiorun.com\/fr\/produit\/core-dry-active-comfort-ss-femme\/\"]}]},{\"@type\":\"ImageObject\",\"inLanguage\":\"fr-FR\",\"@id\":\"https:\/\/www.miomiorun.com\/fr\/produit\/core-dry-active-comfort-ss-femme\/#primaryimage\",\"url\":\"https:\/\/www.miomiorun.com\/app\/uploads\/2023\/11\/craft-Core-dry-active-comfort-SS-W-fame-1911667-B738000.jpg\",\"contentUrl\":\"https:\/\/www.miomiorun.com\/app\/uploads\/2023\/11\/craft-Core-dry-active-comfort-SS-W-fame-1911667-B738000.jpg\",\"width\":600,\"height\":600,\"caption\":\"craft-Core-dry-active-comfort-SS-W-fame-1911667-B738000\"},{\"@type\":\"BreadcrumbList\",\"@id\":\"https:\/\/www.miomiorun.com\/fr\/produit\/core-dry-active-comfort-ss-femme\/#breadcrumb\",\"itemListElement\":[{\"@type\":\"ListItem\",\"position\":1,\"name\":\"Home\",\"item\":\"https:\/\/www.miomiorun.com\/fr\/home-page\/\"},{\"@type\":\"ListItem\",\"position\":2,\"name\":\"Shop\",\"item\":\"https:\/\/www.miomiorun.com\/shop\/\"},{\"@type\":\"ListItem\",\"position\":3,\"name\":\"CORE Dry Active Comfort SS femme\"}]},{\"@type\":\"WebSite\",\"@id\":\"https:\/\/www.miomiorun.com\/fr\/#website\",\"url\":\"https:\/\/www.miomiorun.com\/fr\/\",\"name\":\"MioMioRun\",\"description\":\"Boutique 100% running et trail\",\"publisher\":{\"@id\":\"https:\/\/www.miomiorun.com\/fr\/#organization\"},\"potentialAction\":[{\"@type\":\"SearchAction\",\"target\":{\"@type\":\"EntryPoint\",\"urlTemplate\":\"https:\/\/www.miomiorun.com\/fr\/?s={search_term_string}\"},\"query-input\":{\"@type\":\"PropertyValueSpecification\",\"valueRequired\":true,\"valueName\":\"search_term_string\"}}],\"inLanguage\":\"fr-FR\"},{\"@type\":\"Organization\",\"@id\":\"https:\/\/www.miomiorun.com\/fr\/#organization\",\"name\":\"MioMio Run\",\"url\":\"https:\/\/www.miomiorun.com\/fr\/\",\"logo\":{\"@type\":\"ImageObject\",\"inLanguage\":\"fr-FR\",\"@id\":\"https:\/\/www.miomiorun.com\/fr\/#\/schema\/logo\/image\/\",\"url\":\"https:\/\/www.miomiorun.com\/app\/uploads\/2019\/12\/logomio.png\",\"contentUrl\":\"https:\/\/www.miomiorun.com\/app\/uploads\/2019\/12\/logomio.png\",\"width\":115,\"height\":82,\"caption\":\"MioMio Run\"},\"image\":{\"@id\":\"https:\/\/www.miomiorun.com\/fr\/#\/schema\/logo\/image\/\"},\"sameAs\":[\"https:\/\/www.facebook.com\/miomiorun\/\",\"https:\/\/www.instagram.com\/miomiorun\/\"]}]}<\/script>\n<!-- \/ Yoast SEO plugin. -->","yoast_head_json":{"title":"Craft CORE Dry Active Comfort SS femme -Sous-v\u00eatements - MioMioRun.com","description":"La chemise CORE Dry Active Comfort SS pour femmes est une couche de base douce et fonctionnelle, id\u00e9ale pour presque toutes les activit\u00e9s, de l'entra\u00eenement quotidien \u00e0 la course \u00e0 pied.","robots":{"index":"index","follow":"follow","max-snippet":"max-snippet:-1","max-image-preview":"max-image-preview:large","max-video-preview":"max-video-preview:-1"},"canonical":"https:\/\/www.miomiorun.com\/fr\/produit\/core-dry-active-comfort-ss-femme\/","og_locale":"fr_FR","og_type":"article","og_title":"Craft CORE Dry Active Comfort SS femme -Sous-v\u00eatements - MioMioRun.com","og_description":"La chemise CORE Dry Active Comfort SS pour femmes est une couche de base douce et fonctionnelle, id\u00e9ale pour presque toutes les activit\u00e9s, de l'entra\u00eenement quotidien \u00e0 la course \u00e0 pied.","og_url":"https:\/\/www.miomiorun.com\/fr\/produit\/core-dry-active-comfort-ss-femme\/","og_site_name":"MioMioRun","article_publisher":"https:\/\/www.facebook.com\/miomiorun\/","article_modified_time":"2026-05-08T19:49:13+00:00","og_image":[{"width":600,"height":600,"url":"https:\/\/www.miomiorun.com\/app\/uploads\/2023\/11\/craft-Core-dry-active-comfort-SS-W-fame-1911667-B738000.jpg","type":"image\/jpeg"}],"twitter_card":"summary_large_image","twitter_misc":{"Est. reading time":"1 minute"},"schema":{"@context":"https:\/\/schema.org","@graph":[{"@type":"WebPage","@id":"https:\/\/www.miomiorun.com\/fr\/produit\/core-dry-active-comfort-ss-femme\/","url":"https:\/\/www.miomiorun.com\/fr\/produit\/core-dry-active-comfort-ss-femme\/","name":"Craft CORE Dry Active Comfort SS femme -Sous-v\u00eatements - MioMioRun.com","isPartOf":{"@id":"https:\/\/www.miomiorun.com\/fr\/#website"},"primaryImageOfPage":{"@id":"https:\/\/www.miomiorun.com\/fr\/produit\/core-dry-active-comfort-ss-femme\/#primaryimage"},"image":{"@id":"https:\/\/www.miomiorun.com\/fr\/produit\/core-dry-active-comfort-ss-femme\/#primaryimage"},"thumbnailUrl":"https:\/\/www.miomiorun.com\/app\/uploads\/2023\/11\/craft-Core-dry-active-comfort-SS-W-fame-1911667-B738000.jpg","datePublished":"2023-10-26T12:38:38+00:00","dateModified":"2026-05-08T19:49:13+00:00","description":"La chemise CORE Dry Active Comfort SS pour femmes est une couche de base douce et fonctionnelle, id\u00e9ale pour presque toutes les activit\u00e9s, de l'entra\u00eenement quotidien \u00e0 la course \u00e0 pied.","breadcrumb":{"@id":"https:\/\/www.miomiorun.com\/fr\/produit\/core-dry-active-comfort-ss-femme\/#breadcrumb"},"inLanguage":"fr-FR","potentialAction":[{"@type":"ReadAction","target":["https:\/\/www.miomiorun.com\/fr\/produit\/core-dry-active-comfort-ss-femme\/"]}]},{"@type":"ImageObject","inLanguage":"fr-FR","@id":"https:\/\/www.miomiorun.com\/fr\/produit\/core-dry-active-comfort-ss-femme\/#primaryimage","url":"https:\/\/www.miomiorun.com\/app\/uploads\/2023\/11\/craft-Core-dry-active-comfort-SS-W-fame-1911667-B738000.jpg","contentUrl":"https:\/\/www.miomiorun.com\/app\/uploads\/2023\/11\/craft-Core-dry-active-comfort-SS-W-fame-1911667-B738000.jpg","width":600,"height":600,"caption":"craft-Core-dry-active-comfort-SS-W-fame-1911667-B738000"},{"@type":"BreadcrumbList","@id":"https:\/\/www.miomiorun.com\/fr\/produit\/core-dry-active-comfort-ss-femme\/#breadcrumb","itemListElement":[{"@type":"ListItem","position":1,"name":"Home","item":"https:\/\/www.miomiorun.com\/fr\/home-page\/"},{"@type":"ListItem","position":2,"name":"Shop","item":"https:\/\/www.miomiorun.com\/shop\/"},{"@type":"ListItem","position":3,"name":"CORE Dry Active Comfort SS femme"}]},{"@type":"WebSite","@id":"https:\/\/www.miomiorun.com\/fr\/#website","url":"https:\/\/www.miomiorun.com\/fr\/","name":"MioMioRun","description":"Boutique 100% running et trail","publisher":{"@id":"https:\/\/www.miomiorun.com\/fr\/#organization"},"potentialAction":[{"@type":"SearchAction","target":{"@type":"EntryPoint","urlTemplate":"https:\/\/www.miomiorun.com\/fr\/?s={search_term_string}"},"query-input":{"@type":"PropertyValueSpecification","valueRequired":true,"valueName":"search_term_string"}}],"inLanguage":"fr-FR"},{"@type":"Organization","@id":"https:\/\/www.miomiorun.com\/fr\/#organization","name":"MioMio Run","url":"https:\/\/www.miomiorun.com\/fr\/","logo":{"@type":"ImageObject","inLanguage":"fr-FR","@id":"https:\/\/www.miomiorun.com\/fr\/#\/schema\/logo\/image\/","url":"https:\/\/www.miomiorun.com\/app\/uploads\/2019\/12\/logomio.png","contentUrl":"https:\/\/www.miomiorun.com\/app\/uploads\/2019\/12\/logomio.png","width":115,"height":82,"caption":"MioMio Run"},"image":{"@id":"https:\/\/www.miomiorun.com\/fr\/#\/schema\/logo\/image\/"},"sameAs":["https:\/\/www.facebook.com\/miomiorun\/","https:\/\/www.instagram.com\/miomiorun\/"]}]}},"_links":{"self":[{"href":"https:\/\/www.miomiorun.com\/fr\/wp-json\/wp\/v2\/product\/287517","targetHints":{"allow":["GET"]}}],"collection":[{"href":"https:\/\/www.miomiorun.com\/fr\/wp-json\/wp\/v2\/product"}],"about":[{"href":"https:\/\/www.miomiorun.com\/fr\/wp-json\/wp\/v2\/types\/product"}],"wp:featuredmedia":[{"embeddable":true,"href":"https:\/\/www.miomiorun.com\/fr\/wp-json\/wp\/v2\/media\/243864"}],"wp:attachment":[{"href":"https:\/\/www.miomiorun.com\/fr\/wp-json\/wp\/v2\/media?parent=287517"}],"wp:term":[{"taxonomy":"product_brand","embeddable":true,"href":"https:\/\/www.miomiorun.com\/fr\/wp-json\/wp\/v2\/product_brand?post=287517"},{"taxonomy":"product_cat","embeddable":true,"href":"https:\/\/www.miomiorun.com\/fr\/wp-json\/wp\/v2\/product_cat?post=287517"},{"taxonomy":"product_tag","embeddable":true,"href":"https:\/\/www.miomiorun.com\/fr\/wp-json\/wp\/v2\/product_tag?post=287517"}],"curies":[{"name":"wp","href":"https:\/\/api.w.org\/{rel}","templated":true}]}}