{"id":287494,"date":"2023-10-26T14:52:35","date_gmt":"2023-10-26T12:52:35","guid":{"rendered":"https:\/\/miomiorun.com\/prodotto\/active-extreme-x-boxer-uomo\/"},"modified":"2025-07-04T11:14:37","modified_gmt":"2025-07-04T09:14:37","slug":"active-extreme-x-boxer-homme","status":"publish","type":"product","link":"https:\/\/www.miomiorun.com\/fr\/produit\/active-extreme-x-boxer-homme\/","title":{"rendered":"Active Extreme X Boxer homme"},"content":{"rendered":"<p>Le cale\u00e7on <strong>Active Extreme X<\/strong> est un cale\u00e7on de pointe con\u00e7u pour les comp\u00e9titions et les entra\u00eenements de haute intensit\u00e9 dans des conditions froides.<\/p>\n<p>Ce v\u00eatement haute performance associe le polyester SEAQUAL l\u00e9ger, la technologie Coolmax Air et le polyester recycl\u00e9 pour assurer une gestion exceptionnelle de la temp\u00e9rature corporelle pendant les activit\u00e9s de haute intensit\u00e9. En outre, le v\u00eatement est dot\u00e9 d&#8217;un tricot gaufr\u00e9 qui am\u00e9liore le transport de l&#8217;humidit\u00e9 et le confort. La grande \u00e9lasticit\u00e9 et la coupe ergonomique garantissent une libert\u00e9 de mouvement optimale. Un v\u00eatement \u00e9prouv\u00e9 pour les athl\u00e8tes d&#8217;\u00e9lite et les h\u00e9ros de tous les jours.<\/p>\n<h3>Tissu \u00e9cologique SEAQUAL<\/h3>\n<p>L&#8217;initiative <strong>SEAQUAL<\/strong> d\u00e9fie la pollution plastique et aide \u00e0 nettoyer les oc\u00e9ans des d\u00e9chets marins, poussant la soci\u00e9t\u00e9 vers la circularit\u00e9. Fruit de notre ambition d&#8217;assumer la pleine responsabilit\u00e9 de l&#8217;ensemble de la cha\u00eene de valeur, le boxer Active Extreme X Wind est fabriqu\u00e9 \u00e0 partir de plastique marin recycl\u00e9, un mat\u00e9riau 100 % recycl\u00e9. Le tissu SEAQUAL recycl\u00e9 est non seulement respectueux de l&#8217;environnement, mais il offre \u00e9galement une respirabilit\u00e9 et une ventilation exceptionnelles.<\/p>\n<h3>Technologie Coolmax Air<\/h3>\n<p>Les tissus <strong>Coolmax Air Technology<\/strong> sont con\u00e7us pour optimiser la gestion naturelle de la temp\u00e9rature corporelle, que ce soit dans des conditions de froid ou de chaleur. Gr\u00e2ce \u00e0 des fibres de polyester dot\u00e9es d&#8217;une section transversale unique en forme d&#8217;h\u00e9lice, le tissu offre une excellente thermor\u00e9gulation pour des performances optimales. Des tests ont montr\u00e9 que les v\u00eatements fabriqu\u00e9s avec la technologie Coolmax Air offrent une gestion sup\u00e9rieure de la temp\u00e9rature corporelle, un grand confort et un s\u00e9chage rapide.<\/p>\n<h3>Caract\u00e9ristiques :<\/h3>\n<ul>\n<li>Tissu fin, l\u00e9ger et \u00e9lastique<\/li>\n<li>Polyester SEAQUAL fabriqu\u00e9 \u00e0 partir de plastique recycl\u00e9<\/li>\n<li>Technologie Coolmax Air<\/li>\n<li>Conception en tricot gaufr\u00e9 pour un transport de l&#8217;humidit\u00e9 et un confort optimaux<\/li>\n<li>Coutures flatlock qui suivent les mouvements du corps<\/li>\n<li>Coupe ajust\u00e9e<\/li>\n<li>Transport de l&#8217;humidit\u00e9 : 5 sur 5<\/li>\n<li>Niveau d&#8217;activit\u00e9 : 5 sur 5<\/li>\n<li>Temp\u00e9rature : -5\u00baC \u00e0 +10\u00baC<\/li>\n<\/ul>\n<p>&nbsp;<\/p>\n<p>&nbsp;<\/p>\n","protected":false},"excerpt":{"rendered":"<ul>\n<li>Sous-v\u00eatements id\u00e9aux pour le sport<\/li>\n<li>L\u00e9gers et \u00e9lastiques<\/li>\n<\/ul>\n","protected":false},"featured_media":243870,"template":"","meta":{"_acf_changed":false,"inline_featured_image":false},"product_brand":[],"product_cat":[24479,24482,24484],"product_tag":[23554,23647],"class_list":{"0":"post-287494","1":"product","2":"type-product","3":"status-publish","4":"has-post-thumbnail","6":"product_cat-sous-vetements-fr-2","7":"product_cat-vetements-pour-hommes-fr","8":"product_cat-homme","9":"product_tag-craft-fr","10":"product_tag-craft-homme","11":"pa_attivita-fitness-fr","12":"pa_attivita-lifestyle-fr","13":"pa_attivita-marcher","14":"pa_attivita-outdoor-fr","15":"pa_attivita-running-fr","16":"pa_attivita-trail-fr","17":"pa_colore-active-extreme-x-boxer-black-fr","18":"pa_marca-craft-fr","19":"pa_sesso-homme","20":"pa_size-small-fr","22":"first","23":"instock","24":"sale","25":"taxable","26":"shipping-taxable","27":"purchasable","28":"product-type-variable","29":"wvs-archive-product-wrapper"},"acf":[],"yoast_head":"<!-- This site is optimized with the Yoast SEO plugin v26.8 - https:\/\/yoast.com\/product\/yoast-seo-wordpress\/ -->\n<title>Craft Active Extreme X Boxer homme - Sous-v\u00eatements pour hommes- MioMioRun<\/title>\n<meta name=\"description\" content=\"Le short de boxe Active Extreme X est un short de boxe avanc\u00e9 con\u00e7u pour les comp\u00e9titions et les entra\u00eenements de haute intensit\u00e9 dans des conditions froides.\" \/>\n<meta name=\"robots\" content=\"index, follow, max-snippet:-1, max-image-preview:large, max-video-preview:-1\" \/>\n<link rel=\"canonical\" href=\"https:\/\/www.miomiorun.com\/fr\/produit\/active-extreme-x-boxer-homme\/\" \/>\n<meta property=\"og:locale\" content=\"fr_FR\" \/>\n<meta property=\"og:type\" content=\"article\" \/>\n<meta property=\"og:title\" content=\"Craft Active Extreme X Boxer homme - Sous-v\u00eatements pour hommes- MioMioRun\" \/>\n<meta property=\"og:description\" content=\"Le short de boxe Active Extreme X est un short de boxe avanc\u00e9 con\u00e7u pour les comp\u00e9titions et les entra\u00eenements de haute intensit\u00e9 dans des conditions froides.\" \/>\n<meta property=\"og:url\" content=\"https:\/\/www.miomiorun.com\/fr\/produit\/active-extreme-x-boxer-homme\/\" \/>\n<meta property=\"og:site_name\" content=\"MioMioRun\" \/>\n<meta property=\"article:publisher\" content=\"https:\/\/www.facebook.com\/miomiorun\/\" \/>\n<meta property=\"article:modified_time\" content=\"2025-07-04T09:14:37+00:00\" \/>\n<meta property=\"og:image\" content=\"https:\/\/www.miomiorun.com\/app\/uploads\/2023\/11\/craft-Active-extreme-X-boxer-black-1909682-999000.jpg\" \/>\n\t<meta property=\"og:image:width\" content=\"600\" \/>\n\t<meta property=\"og:image:height\" content=\"600\" \/>\n\t<meta property=\"og:image:type\" content=\"image\/jpeg\" \/>\n<meta name=\"twitter:card\" content=\"summary_large_image\" \/>\n<meta name=\"twitter:label1\" content=\"Est. reading time\" \/>\n\t<meta name=\"twitter:data1\" content=\"2 minutes\" \/>\n<script type=\"application\/ld+json\" class=\"yoast-schema-graph\">{\"@context\":\"https:\/\/schema.org\",\"@graph\":[{\"@type\":\"WebPage\",\"@id\":\"https:\/\/www.miomiorun.com\/fr\/produit\/active-extreme-x-boxer-homme\/\",\"url\":\"https:\/\/www.miomiorun.com\/fr\/produit\/active-extreme-x-boxer-homme\/\",\"name\":\"Craft Active Extreme X Boxer homme - Sous-v\u00eatements pour hommes- MioMioRun\",\"isPartOf\":{\"@id\":\"https:\/\/www.miomiorun.com\/fr\/#website\"},\"primaryImageOfPage\":{\"@id\":\"https:\/\/www.miomiorun.com\/fr\/produit\/active-extreme-x-boxer-homme\/#primaryimage\"},\"image\":{\"@id\":\"https:\/\/www.miomiorun.com\/fr\/produit\/active-extreme-x-boxer-homme\/#primaryimage\"},\"thumbnailUrl\":\"https:\/\/www.miomiorun.com\/app\/uploads\/2023\/11\/craft-Active-extreme-X-boxer-black-1909682-999000.jpg\",\"datePublished\":\"2023-10-26T12:52:35+00:00\",\"dateModified\":\"2025-07-04T09:14:37+00:00\",\"description\":\"Le short de boxe Active Extreme X est un short de boxe avanc\u00e9 con\u00e7u pour les comp\u00e9titions et les entra\u00eenements de haute intensit\u00e9 dans des conditions froides.\",\"breadcrumb\":{\"@id\":\"https:\/\/www.miomiorun.com\/fr\/produit\/active-extreme-x-boxer-homme\/#breadcrumb\"},\"inLanguage\":\"fr-FR\",\"potentialAction\":[{\"@type\":\"ReadAction\",\"target\":[\"https:\/\/www.miomiorun.com\/fr\/produit\/active-extreme-x-boxer-homme\/\"]}]},{\"@type\":\"ImageObject\",\"inLanguage\":\"fr-FR\",\"@id\":\"https:\/\/www.miomiorun.com\/fr\/produit\/active-extreme-x-boxer-homme\/#primaryimage\",\"url\":\"https:\/\/www.miomiorun.com\/app\/uploads\/2023\/11\/craft-Active-extreme-X-boxer-black-1909682-999000.jpg\",\"contentUrl\":\"https:\/\/www.miomiorun.com\/app\/uploads\/2023\/11\/craft-Active-extreme-X-boxer-black-1909682-999000.jpg\",\"width\":600,\"height\":600,\"caption\":\"craft-Active-extreme-X-boxer-black-1909682-999000\"},{\"@type\":\"BreadcrumbList\",\"@id\":\"https:\/\/www.miomiorun.com\/fr\/produit\/active-extreme-x-boxer-homme\/#breadcrumb\",\"itemListElement\":[{\"@type\":\"ListItem\",\"position\":1,\"name\":\"Home\",\"item\":\"https:\/\/www.miomiorun.com\/fr\/home-page\/\"},{\"@type\":\"ListItem\",\"position\":2,\"name\":\"Shop\",\"item\":\"https:\/\/www.miomiorun.com\/shop\/\"},{\"@type\":\"ListItem\",\"position\":3,\"name\":\"Active Extreme X Boxer homme\"}]},{\"@type\":\"WebSite\",\"@id\":\"https:\/\/www.miomiorun.com\/fr\/#website\",\"url\":\"https:\/\/www.miomiorun.com\/fr\/\",\"name\":\"MioMioRun\",\"description\":\"Boutique 100% running et trail\",\"publisher\":{\"@id\":\"https:\/\/www.miomiorun.com\/fr\/#organization\"},\"potentialAction\":[{\"@type\":\"SearchAction\",\"target\":{\"@type\":\"EntryPoint\",\"urlTemplate\":\"https:\/\/www.miomiorun.com\/fr\/?s={search_term_string}\"},\"query-input\":{\"@type\":\"PropertyValueSpecification\",\"valueRequired\":true,\"valueName\":\"search_term_string\"}}],\"inLanguage\":\"fr-FR\"},{\"@type\":\"Organization\",\"@id\":\"https:\/\/www.miomiorun.com\/fr\/#organization\",\"name\":\"MioMio Run\",\"url\":\"https:\/\/www.miomiorun.com\/fr\/\",\"logo\":{\"@type\":\"ImageObject\",\"inLanguage\":\"fr-FR\",\"@id\":\"https:\/\/www.miomiorun.com\/fr\/#\/schema\/logo\/image\/\",\"url\":\"https:\/\/www.miomiorun.com\/app\/uploads\/2019\/12\/logomio.png\",\"contentUrl\":\"https:\/\/www.miomiorun.com\/app\/uploads\/2019\/12\/logomio.png\",\"width\":115,\"height\":82,\"caption\":\"MioMio Run\"},\"image\":{\"@id\":\"https:\/\/www.miomiorun.com\/fr\/#\/schema\/logo\/image\/\"},\"sameAs\":[\"https:\/\/www.facebook.com\/miomiorun\/\",\"https:\/\/www.instagram.com\/miomiorun\/\"]}]}<\/script>\n<!-- \/ Yoast SEO plugin. -->","yoast_head_json":{"title":"Craft Active Extreme X Boxer homme - Sous-v\u00eatements pour hommes- MioMioRun","description":"Le short de boxe Active Extreme X est un short de boxe avanc\u00e9 con\u00e7u pour les comp\u00e9titions et les entra\u00eenements de haute intensit\u00e9 dans des conditions froides.","robots":{"index":"index","follow":"follow","max-snippet":"max-snippet:-1","max-image-preview":"max-image-preview:large","max-video-preview":"max-video-preview:-1"},"canonical":"https:\/\/www.miomiorun.com\/fr\/produit\/active-extreme-x-boxer-homme\/","og_locale":"fr_FR","og_type":"article","og_title":"Craft Active Extreme X Boxer homme - Sous-v\u00eatements pour hommes- MioMioRun","og_description":"Le short de boxe Active Extreme X est un short de boxe avanc\u00e9 con\u00e7u pour les comp\u00e9titions et les entra\u00eenements de haute intensit\u00e9 dans des conditions froides.","og_url":"https:\/\/www.miomiorun.com\/fr\/produit\/active-extreme-x-boxer-homme\/","og_site_name":"MioMioRun","article_publisher":"https:\/\/www.facebook.com\/miomiorun\/","article_modified_time":"2025-07-04T09:14:37+00:00","og_image":[{"width":600,"height":600,"url":"https:\/\/www.miomiorun.com\/app\/uploads\/2023\/11\/craft-Active-extreme-X-boxer-black-1909682-999000.jpg","type":"image\/jpeg"}],"twitter_card":"summary_large_image","twitter_misc":{"Est. reading time":"2 minutes"},"schema":{"@context":"https:\/\/schema.org","@graph":[{"@type":"WebPage","@id":"https:\/\/www.miomiorun.com\/fr\/produit\/active-extreme-x-boxer-homme\/","url":"https:\/\/www.miomiorun.com\/fr\/produit\/active-extreme-x-boxer-homme\/","name":"Craft Active Extreme X Boxer homme - Sous-v\u00eatements pour hommes- MioMioRun","isPartOf":{"@id":"https:\/\/www.miomiorun.com\/fr\/#website"},"primaryImageOfPage":{"@id":"https:\/\/www.miomiorun.com\/fr\/produit\/active-extreme-x-boxer-homme\/#primaryimage"},"image":{"@id":"https:\/\/www.miomiorun.com\/fr\/produit\/active-extreme-x-boxer-homme\/#primaryimage"},"thumbnailUrl":"https:\/\/www.miomiorun.com\/app\/uploads\/2023\/11\/craft-Active-extreme-X-boxer-black-1909682-999000.jpg","datePublished":"2023-10-26T12:52:35+00:00","dateModified":"2025-07-04T09:14:37+00:00","description":"Le short de boxe Active Extreme X est un short de boxe avanc\u00e9 con\u00e7u pour les comp\u00e9titions et les entra\u00eenements de haute intensit\u00e9 dans des conditions froides.","breadcrumb":{"@id":"https:\/\/www.miomiorun.com\/fr\/produit\/active-extreme-x-boxer-homme\/#breadcrumb"},"inLanguage":"fr-FR","potentialAction":[{"@type":"ReadAction","target":["https:\/\/www.miomiorun.com\/fr\/produit\/active-extreme-x-boxer-homme\/"]}]},{"@type":"ImageObject","inLanguage":"fr-FR","@id":"https:\/\/www.miomiorun.com\/fr\/produit\/active-extreme-x-boxer-homme\/#primaryimage","url":"https:\/\/www.miomiorun.com\/app\/uploads\/2023\/11\/craft-Active-extreme-X-boxer-black-1909682-999000.jpg","contentUrl":"https:\/\/www.miomiorun.com\/app\/uploads\/2023\/11\/craft-Active-extreme-X-boxer-black-1909682-999000.jpg","width":600,"height":600,"caption":"craft-Active-extreme-X-boxer-black-1909682-999000"},{"@type":"BreadcrumbList","@id":"https:\/\/www.miomiorun.com\/fr\/produit\/active-extreme-x-boxer-homme\/#breadcrumb","itemListElement":[{"@type":"ListItem","position":1,"name":"Home","item":"https:\/\/www.miomiorun.com\/fr\/home-page\/"},{"@type":"ListItem","position":2,"name":"Shop","item":"https:\/\/www.miomiorun.com\/shop\/"},{"@type":"ListItem","position":3,"name":"Active Extreme X Boxer homme"}]},{"@type":"WebSite","@id":"https:\/\/www.miomiorun.com\/fr\/#website","url":"https:\/\/www.miomiorun.com\/fr\/","name":"MioMioRun","description":"Boutique 100% running et trail","publisher":{"@id":"https:\/\/www.miomiorun.com\/fr\/#organization"},"potentialAction":[{"@type":"SearchAction","target":{"@type":"EntryPoint","urlTemplate":"https:\/\/www.miomiorun.com\/fr\/?s={search_term_string}"},"query-input":{"@type":"PropertyValueSpecification","valueRequired":true,"valueName":"search_term_string"}}],"inLanguage":"fr-FR"},{"@type":"Organization","@id":"https:\/\/www.miomiorun.com\/fr\/#organization","name":"MioMio Run","url":"https:\/\/www.miomiorun.com\/fr\/","logo":{"@type":"ImageObject","inLanguage":"fr-FR","@id":"https:\/\/www.miomiorun.com\/fr\/#\/schema\/logo\/image\/","url":"https:\/\/www.miomiorun.com\/app\/uploads\/2019\/12\/logomio.png","contentUrl":"https:\/\/www.miomiorun.com\/app\/uploads\/2019\/12\/logomio.png","width":115,"height":82,"caption":"MioMio Run"},"image":{"@id":"https:\/\/www.miomiorun.com\/fr\/#\/schema\/logo\/image\/"},"sameAs":["https:\/\/www.facebook.com\/miomiorun\/","https:\/\/www.instagram.com\/miomiorun\/"]}]}},"_links":{"self":[{"href":"https:\/\/www.miomiorun.com\/fr\/wp-json\/wp\/v2\/product\/287494","targetHints":{"allow":["GET"]}}],"collection":[{"href":"https:\/\/www.miomiorun.com\/fr\/wp-json\/wp\/v2\/product"}],"about":[{"href":"https:\/\/www.miomiorun.com\/fr\/wp-json\/wp\/v2\/types\/product"}],"wp:featuredmedia":[{"embeddable":true,"href":"https:\/\/www.miomiorun.com\/fr\/wp-json\/wp\/v2\/media\/243870"}],"wp:attachment":[{"href":"https:\/\/www.miomiorun.com\/fr\/wp-json\/wp\/v2\/media?parent=287494"}],"wp:term":[{"taxonomy":"product_brand","embeddable":true,"href":"https:\/\/www.miomiorun.com\/fr\/wp-json\/wp\/v2\/product_brand?post=287494"},{"taxonomy":"product_cat","embeddable":true,"href":"https:\/\/www.miomiorun.com\/fr\/wp-json\/wp\/v2\/product_cat?post=287494"},{"taxonomy":"product_tag","embeddable":true,"href":"https:\/\/www.miomiorun.com\/fr\/wp-json\/wp\/v2\/product_tag?post=287494"}],"curies":[{"name":"wp","href":"https:\/\/api.w.org\/{rel}","templated":true}]}}