{"id":287487,"date":"2023-10-26T15:02:47","date_gmt":"2023-10-26T13:02:47","guid":{"rendered":"https:\/\/miomiorun.com\/prodotto\/adv-wool-merino-rn-ls-uomo\/"},"modified":"2025-07-04T11:21:27","modified_gmt":"2025-07-04T09:21:27","slug":"adv-wool-merino-rn-ls-homme","status":"publish","type":"product","link":"https:\/\/www.miomiorun.com\/fr\/produit\/adv-wool-merino-rn-ls-homme\/","title":{"rendered":"ADV Wool Merino Rn Ls homme"},"content":{"rendered":"<p>Le <strong>ADV Wool Merino RN LS<\/strong> pour homme est une couche de base tr\u00e8s fonctionnelle fabriqu\u00e9e \u00e0 partir d&#8217;un m\u00e9lange de laine m\u00e9rinos douce qui te garde au sec et au chaud tout au long de la journ\u00e9e.<\/p>\n<p>Cette chemise \u00e0 manches longues combine la laine m\u00e9rinos douce avec du polyester et du polyamide de haute qualit\u00e9 pour offrir une excellente thermor\u00e9gulation, un transport efficace de l&#8217;humidit\u00e9, une excellente durabilit\u00e9 et un ajustement optimal. Un choix parfait pour les entra\u00eenements de faible ou de forte intensit\u00e9 dans des conditions froides.<\/p>\n<h3>Caract\u00e9ristiques :<\/h3>\n<ul>\n<li>Tissu doux et fonctionnel en polyester, laine m\u00e9rinos et polyamide<\/li>\n<li>Laine m\u00e9rinos sans moisissure<\/li>\n<li>Conserve la chaleur m\u00eame lorsqu&#8217;elle est mouill\u00e9e<\/li>\n<li>Naturellement sans odeur<\/li>\n<li>Coupe r\u00e9guli\u00e8re<\/li>\n<\/ul>\n<p>&nbsp;<\/p>\n<p>&nbsp;<\/p>\n<p>&nbsp;<\/p>\n<p>&nbsp;<\/p>\n","protected":false},"excerpt":{"rendered":"<ul>\n<li>Sous-v\u00eatements en laine<\/li>\n<li>Id\u00e9aux pour les sports d&#8217;hiver<\/li>\n<\/ul>\n","protected":false},"featured_media":243872,"template":"","meta":{"_acf_changed":false,"inline_featured_image":false},"product_brand":[],"product_cat":[24479,24482],"product_tag":[23554,23647],"class_list":{"0":"post-287487","1":"product","2":"type-product","3":"status-publish","4":"has-post-thumbnail","6":"product_cat-sous-vetements-fr-2","7":"product_cat-vetements-pour-hommes-fr","8":"product_tag-craft-fr","9":"product_tag-craft-homme","10":"pa_attivita-marcher","11":"pa_attivita-outdoor-fr","12":"pa_attivita-running-fr","13":"pa_attivita-trail-fr","14":"pa_colore-adv-wool-merino-rn-ls-black-fr","15":"pa_marca-craft-fr","16":"pa_sesso-homme","17":"pa_size-small-fr","18":"pa_size-large-fr","19":"pa_size-extra-large-fr","21":"first","22":"instock","23":"sale","24":"taxable","25":"shipping-taxable","26":"purchasable","27":"product-type-variable","28":"wvs-archive-product-wrapper"},"acf":[],"yoast_head":"<!-- This site is optimized with the Yoast SEO plugin v26.8 - https:\/\/yoast.com\/product\/yoast-seo-wordpress\/ -->\n<title>Craft ADV Wool Merino Rn Ls homme - Chemise thermique - MioMioRun.com<\/title>\n<meta name=\"description\" content=\"La chemise ADV Wool Merino RN LS pour homme est une couche de base tr\u00e8s fonctionnelle fabriqu\u00e9e \u00e0 partir d&#039;un m\u00e9lange de laine m\u00e9rinos douce qui vous garde au sec.\" \/>\n<meta name=\"robots\" content=\"index, follow, max-snippet:-1, max-image-preview:large, max-video-preview:-1\" \/>\n<link rel=\"canonical\" href=\"https:\/\/www.miomiorun.com\/fr\/produit\/adv-wool-merino-rn-ls-homme\/\" \/>\n<meta property=\"og:locale\" content=\"fr_FR\" \/>\n<meta property=\"og:type\" content=\"article\" \/>\n<meta property=\"og:title\" content=\"Craft ADV Wool Merino Rn Ls homme - Chemise thermique - MioMioRun.com\" \/>\n<meta property=\"og:description\" content=\"La chemise ADV Wool Merino RN LS pour homme est une couche de base tr\u00e8s fonctionnelle fabriqu\u00e9e \u00e0 partir d&#039;un m\u00e9lange de laine m\u00e9rinos douce qui vous garde au sec.\" \/>\n<meta property=\"og:url\" content=\"https:\/\/www.miomiorun.com\/fr\/produit\/adv-wool-merino-rn-ls-homme\/\" \/>\n<meta property=\"og:site_name\" content=\"MioMioRun\" \/>\n<meta property=\"article:publisher\" content=\"https:\/\/www.facebook.com\/miomiorun\/\" \/>\n<meta property=\"article:modified_time\" content=\"2025-07-04T09:21:27+00:00\" \/>\n<meta property=\"og:image\" content=\"https:\/\/www.miomiorun.com\/app\/uploads\/2023\/11\/craft-ADV-wool-merino-RN-LS-black-1913755-999000.jpg\" \/>\n\t<meta property=\"og:image:width\" content=\"600\" \/>\n\t<meta property=\"og:image:height\" content=\"600\" \/>\n\t<meta property=\"og:image:type\" content=\"image\/jpeg\" \/>\n<meta name=\"twitter:card\" content=\"summary_large_image\" \/>\n<meta name=\"twitter:label1\" content=\"Est. reading time\" \/>\n\t<meta name=\"twitter:data1\" content=\"1 minute\" \/>\n<script type=\"application\/ld+json\" class=\"yoast-schema-graph\">{\"@context\":\"https:\/\/schema.org\",\"@graph\":[{\"@type\":\"WebPage\",\"@id\":\"https:\/\/www.miomiorun.com\/fr\/produit\/adv-wool-merino-rn-ls-homme\/\",\"url\":\"https:\/\/www.miomiorun.com\/fr\/produit\/adv-wool-merino-rn-ls-homme\/\",\"name\":\"Craft ADV Wool Merino Rn Ls homme - Chemise thermique - MioMioRun.com\",\"isPartOf\":{\"@id\":\"https:\/\/www.miomiorun.com\/fr\/#website\"},\"primaryImageOfPage\":{\"@id\":\"https:\/\/www.miomiorun.com\/fr\/produit\/adv-wool-merino-rn-ls-homme\/#primaryimage\"},\"image\":{\"@id\":\"https:\/\/www.miomiorun.com\/fr\/produit\/adv-wool-merino-rn-ls-homme\/#primaryimage\"},\"thumbnailUrl\":\"https:\/\/www.miomiorun.com\/app\/uploads\/2023\/11\/craft-ADV-wool-merino-RN-LS-black-1913755-999000.jpg\",\"datePublished\":\"2023-10-26T13:02:47+00:00\",\"dateModified\":\"2025-07-04T09:21:27+00:00\",\"description\":\"La chemise ADV Wool Merino RN LS pour homme est une couche de base tr\u00e8s fonctionnelle fabriqu\u00e9e \u00e0 partir d'un m\u00e9lange de laine m\u00e9rinos douce qui vous garde au sec.\",\"breadcrumb\":{\"@id\":\"https:\/\/www.miomiorun.com\/fr\/produit\/adv-wool-merino-rn-ls-homme\/#breadcrumb\"},\"inLanguage\":\"fr-FR\",\"potentialAction\":[{\"@type\":\"ReadAction\",\"target\":[\"https:\/\/www.miomiorun.com\/fr\/produit\/adv-wool-merino-rn-ls-homme\/\"]}]},{\"@type\":\"ImageObject\",\"inLanguage\":\"fr-FR\",\"@id\":\"https:\/\/www.miomiorun.com\/fr\/produit\/adv-wool-merino-rn-ls-homme\/#primaryimage\",\"url\":\"https:\/\/www.miomiorun.com\/app\/uploads\/2023\/11\/craft-ADV-wool-merino-RN-LS-black-1913755-999000.jpg\",\"contentUrl\":\"https:\/\/www.miomiorun.com\/app\/uploads\/2023\/11\/craft-ADV-wool-merino-RN-LS-black-1913755-999000.jpg\",\"width\":600,\"height\":600,\"caption\":\"craft-ADV-wool-merino-RN-LS-black-1913755-999000\"},{\"@type\":\"BreadcrumbList\",\"@id\":\"https:\/\/www.miomiorun.com\/fr\/produit\/adv-wool-merino-rn-ls-homme\/#breadcrumb\",\"itemListElement\":[{\"@type\":\"ListItem\",\"position\":1,\"name\":\"Home\",\"item\":\"https:\/\/www.miomiorun.com\/fr\/home-page\/\"},{\"@type\":\"ListItem\",\"position\":2,\"name\":\"Shop\",\"item\":\"https:\/\/www.miomiorun.com\/shop\/\"},{\"@type\":\"ListItem\",\"position\":3,\"name\":\"ADV Wool Merino Rn Ls homme\"}]},{\"@type\":\"WebSite\",\"@id\":\"https:\/\/www.miomiorun.com\/fr\/#website\",\"url\":\"https:\/\/www.miomiorun.com\/fr\/\",\"name\":\"MioMioRun\",\"description\":\"Boutique 100% running et trail\",\"publisher\":{\"@id\":\"https:\/\/www.miomiorun.com\/fr\/#organization\"},\"potentialAction\":[{\"@type\":\"SearchAction\",\"target\":{\"@type\":\"EntryPoint\",\"urlTemplate\":\"https:\/\/www.miomiorun.com\/fr\/?s={search_term_string}\"},\"query-input\":{\"@type\":\"PropertyValueSpecification\",\"valueRequired\":true,\"valueName\":\"search_term_string\"}}],\"inLanguage\":\"fr-FR\"},{\"@type\":\"Organization\",\"@id\":\"https:\/\/www.miomiorun.com\/fr\/#organization\",\"name\":\"MioMio Run\",\"url\":\"https:\/\/www.miomiorun.com\/fr\/\",\"logo\":{\"@type\":\"ImageObject\",\"inLanguage\":\"fr-FR\",\"@id\":\"https:\/\/www.miomiorun.com\/fr\/#\/schema\/logo\/image\/\",\"url\":\"https:\/\/www.miomiorun.com\/app\/uploads\/2019\/12\/logomio.png\",\"contentUrl\":\"https:\/\/www.miomiorun.com\/app\/uploads\/2019\/12\/logomio.png\",\"width\":115,\"height\":82,\"caption\":\"MioMio Run\"},\"image\":{\"@id\":\"https:\/\/www.miomiorun.com\/fr\/#\/schema\/logo\/image\/\"},\"sameAs\":[\"https:\/\/www.facebook.com\/miomiorun\/\",\"https:\/\/www.instagram.com\/miomiorun\/\"]}]}<\/script>\n<!-- \/ Yoast SEO plugin. -->","yoast_head_json":{"title":"Craft ADV Wool Merino Rn Ls homme - Chemise thermique - MioMioRun.com","description":"La chemise ADV Wool Merino RN LS pour homme est une couche de base tr\u00e8s fonctionnelle fabriqu\u00e9e \u00e0 partir d'un m\u00e9lange de laine m\u00e9rinos douce qui vous garde au sec.","robots":{"index":"index","follow":"follow","max-snippet":"max-snippet:-1","max-image-preview":"max-image-preview:large","max-video-preview":"max-video-preview:-1"},"canonical":"https:\/\/www.miomiorun.com\/fr\/produit\/adv-wool-merino-rn-ls-homme\/","og_locale":"fr_FR","og_type":"article","og_title":"Craft ADV Wool Merino Rn Ls homme - Chemise thermique - MioMioRun.com","og_description":"La chemise ADV Wool Merino RN LS pour homme est une couche de base tr\u00e8s fonctionnelle fabriqu\u00e9e \u00e0 partir d'un m\u00e9lange de laine m\u00e9rinos douce qui vous garde au sec.","og_url":"https:\/\/www.miomiorun.com\/fr\/produit\/adv-wool-merino-rn-ls-homme\/","og_site_name":"MioMioRun","article_publisher":"https:\/\/www.facebook.com\/miomiorun\/","article_modified_time":"2025-07-04T09:21:27+00:00","og_image":[{"width":600,"height":600,"url":"https:\/\/www.miomiorun.com\/app\/uploads\/2023\/11\/craft-ADV-wool-merino-RN-LS-black-1913755-999000.jpg","type":"image\/jpeg"}],"twitter_card":"summary_large_image","twitter_misc":{"Est. reading time":"1 minute"},"schema":{"@context":"https:\/\/schema.org","@graph":[{"@type":"WebPage","@id":"https:\/\/www.miomiorun.com\/fr\/produit\/adv-wool-merino-rn-ls-homme\/","url":"https:\/\/www.miomiorun.com\/fr\/produit\/adv-wool-merino-rn-ls-homme\/","name":"Craft ADV Wool Merino Rn Ls homme - Chemise thermique - MioMioRun.com","isPartOf":{"@id":"https:\/\/www.miomiorun.com\/fr\/#website"},"primaryImageOfPage":{"@id":"https:\/\/www.miomiorun.com\/fr\/produit\/adv-wool-merino-rn-ls-homme\/#primaryimage"},"image":{"@id":"https:\/\/www.miomiorun.com\/fr\/produit\/adv-wool-merino-rn-ls-homme\/#primaryimage"},"thumbnailUrl":"https:\/\/www.miomiorun.com\/app\/uploads\/2023\/11\/craft-ADV-wool-merino-RN-LS-black-1913755-999000.jpg","datePublished":"2023-10-26T13:02:47+00:00","dateModified":"2025-07-04T09:21:27+00:00","description":"La chemise ADV Wool Merino RN LS pour homme est une couche de base tr\u00e8s fonctionnelle fabriqu\u00e9e \u00e0 partir d'un m\u00e9lange de laine m\u00e9rinos douce qui vous garde au sec.","breadcrumb":{"@id":"https:\/\/www.miomiorun.com\/fr\/produit\/adv-wool-merino-rn-ls-homme\/#breadcrumb"},"inLanguage":"fr-FR","potentialAction":[{"@type":"ReadAction","target":["https:\/\/www.miomiorun.com\/fr\/produit\/adv-wool-merino-rn-ls-homme\/"]}]},{"@type":"ImageObject","inLanguage":"fr-FR","@id":"https:\/\/www.miomiorun.com\/fr\/produit\/adv-wool-merino-rn-ls-homme\/#primaryimage","url":"https:\/\/www.miomiorun.com\/app\/uploads\/2023\/11\/craft-ADV-wool-merino-RN-LS-black-1913755-999000.jpg","contentUrl":"https:\/\/www.miomiorun.com\/app\/uploads\/2023\/11\/craft-ADV-wool-merino-RN-LS-black-1913755-999000.jpg","width":600,"height":600,"caption":"craft-ADV-wool-merino-RN-LS-black-1913755-999000"},{"@type":"BreadcrumbList","@id":"https:\/\/www.miomiorun.com\/fr\/produit\/adv-wool-merino-rn-ls-homme\/#breadcrumb","itemListElement":[{"@type":"ListItem","position":1,"name":"Home","item":"https:\/\/www.miomiorun.com\/fr\/home-page\/"},{"@type":"ListItem","position":2,"name":"Shop","item":"https:\/\/www.miomiorun.com\/shop\/"},{"@type":"ListItem","position":3,"name":"ADV Wool Merino Rn Ls homme"}]},{"@type":"WebSite","@id":"https:\/\/www.miomiorun.com\/fr\/#website","url":"https:\/\/www.miomiorun.com\/fr\/","name":"MioMioRun","description":"Boutique 100% running et trail","publisher":{"@id":"https:\/\/www.miomiorun.com\/fr\/#organization"},"potentialAction":[{"@type":"SearchAction","target":{"@type":"EntryPoint","urlTemplate":"https:\/\/www.miomiorun.com\/fr\/?s={search_term_string}"},"query-input":{"@type":"PropertyValueSpecification","valueRequired":true,"valueName":"search_term_string"}}],"inLanguage":"fr-FR"},{"@type":"Organization","@id":"https:\/\/www.miomiorun.com\/fr\/#organization","name":"MioMio Run","url":"https:\/\/www.miomiorun.com\/fr\/","logo":{"@type":"ImageObject","inLanguage":"fr-FR","@id":"https:\/\/www.miomiorun.com\/fr\/#\/schema\/logo\/image\/","url":"https:\/\/www.miomiorun.com\/app\/uploads\/2019\/12\/logomio.png","contentUrl":"https:\/\/www.miomiorun.com\/app\/uploads\/2019\/12\/logomio.png","width":115,"height":82,"caption":"MioMio Run"},"image":{"@id":"https:\/\/www.miomiorun.com\/fr\/#\/schema\/logo\/image\/"},"sameAs":["https:\/\/www.facebook.com\/miomiorun\/","https:\/\/www.instagram.com\/miomiorun\/"]}]}},"_links":{"self":[{"href":"https:\/\/www.miomiorun.com\/fr\/wp-json\/wp\/v2\/product\/287487","targetHints":{"allow":["GET"]}}],"collection":[{"href":"https:\/\/www.miomiorun.com\/fr\/wp-json\/wp\/v2\/product"}],"about":[{"href":"https:\/\/www.miomiorun.com\/fr\/wp-json\/wp\/v2\/types\/product"}],"wp:featuredmedia":[{"embeddable":true,"href":"https:\/\/www.miomiorun.com\/fr\/wp-json\/wp\/v2\/media\/243872"}],"wp:attachment":[{"href":"https:\/\/www.miomiorun.com\/fr\/wp-json\/wp\/v2\/media?parent=287487"}],"wp:term":[{"taxonomy":"product_brand","embeddable":true,"href":"https:\/\/www.miomiorun.com\/fr\/wp-json\/wp\/v2\/product_brand?post=287487"},{"taxonomy":"product_cat","embeddable":true,"href":"https:\/\/www.miomiorun.com\/fr\/wp-json\/wp\/v2\/product_cat?post=287487"},{"taxonomy":"product_tag","embeddable":true,"href":"https:\/\/www.miomiorun.com\/fr\/wp-json\/wp\/v2\/product_tag?post=287487"}],"curies":[{"name":"wp","href":"https:\/\/api.w.org\/{rel}","templated":true}]}}