{"id":287342,"date":"2023-10-30T13:02:48","date_gmt":"2023-10-30T12:02:48","guid":{"rendered":"https:\/\/miomiorun.com\/prodotto\/core-essence-tights-donna\/"},"modified":"2025-06-17T16:36:54","modified_gmt":"2025-06-17T14:36:54","slug":"core-essence-tights-femme","status":"publish","type":"product","link":"https:\/\/www.miomiorun.com\/fr\/produit\/core-essence-tights-femme\/","title":{"rendered":"Core Essence Tights femme"},"content":{"rendered":"<div id=\"tw-target-text-container\" class=\"tw-ta-container F0azHf tw-nfl\" tabindex=\"0\">\n<p>Les <strong>collants Core Essence<\/strong> pour femmes sont d&#8217;excellents collants d&#8217;entra\u00eenement en jersey de polyester recycl\u00e9 et en \u00e9lasthanne. La coupe confortable fait de ce v\u00eatement d&#8217;entra\u00eenement polyvalent un favori absolu.<\/p>\n<h3>Caract\u00e9ristiques :<\/h3>\n<ul>\n<li>Maille en polyester et \u00e9lasthanne recycl\u00e9s<\/li>\n<li>Taille \u00e9lastiqu\u00e9e<\/li>\n<li>Petite poche int\u00e9rieure pour les cl\u00e9s<\/li>\n<\/ul>\n<\/div>\n","protected":false},"excerpt":{"rendered":"<ul>\n<li>Leggings en jersey pour courir dehors en hiver<\/li>\n<li>Super confortables<\/li>\n<\/ul>\n","protected":false},"featured_media":243918,"template":"","meta":{"_acf_changed":false,"inline_featured_image":false},"product_brand":[],"product_cat":[22603,22596,22595],"product_tag":[23554,23648],"class_list":{"0":"post-287342","1":"product","2":"type-product","3":"status-publish","4":"has-post-thumbnail","6":"product_cat-pantalon-long","7":"product_cat-vetements-pour-femmes","8":"product_cat-femme","9":"product_tag-craft-fr","10":"product_tag-craft-femme","11":"pa_attivita-fitness-fr","12":"pa_attivita-marcher","13":"pa_attivita-running-fr","14":"pa_colore-core-essence-tights-w-black-fr","15":"pa_colore-core-essence-tights-w-lupine-multi-fr","16":"pa_marca-craft-fr","17":"pa_sesso-femme","18":"pa_size-extra-small-fr","19":"pa_size-small-fr","20":"pa_size-medium-fr","22":"first","23":"instock","24":"sale","25":"taxable","26":"shipping-taxable","27":"purchasable","28":"product-type-variable","29":"wvs-archive-product-wrapper"},"acf":[],"yoast_head":"<!-- This site is optimized with the Yoast SEO plugin v26.8 - https:\/\/yoast.com\/product\/yoast-seo-wordpress\/ -->\n<title>Craft Core Essence Tights femme - Pantalon de course MioMioRun<\/title>\n<meta name=\"description\" content=\"Les collants Core Essence pour femmes sont d&#039;excellents collants d&#039;entra\u00eenement en jersey de polyester recycl\u00e9 et \u00e9lasthanne.\" \/>\n<meta name=\"robots\" content=\"index, follow, max-snippet:-1, max-image-preview:large, max-video-preview:-1\" \/>\n<link rel=\"canonical\" href=\"https:\/\/www.miomiorun.com\/fr\/produit\/core-essence-tights-femme\/\" \/>\n<meta property=\"og:locale\" content=\"fr_FR\" \/>\n<meta property=\"og:type\" content=\"article\" \/>\n<meta property=\"og:title\" content=\"Craft Core Essence Tights femme - Pantalon de course MioMioRun\" \/>\n<meta property=\"og:description\" content=\"Les collants Core Essence pour femmes sont d&#039;excellents collants d&#039;entra\u00eenement en jersey de polyester recycl\u00e9 et \u00e9lasthanne.\" \/>\n<meta property=\"og:url\" content=\"https:\/\/www.miomiorun.com\/fr\/produit\/core-essence-tights-femme\/\" \/>\n<meta property=\"og:site_name\" content=\"MioMioRun\" \/>\n<meta property=\"article:publisher\" content=\"https:\/\/www.facebook.com\/miomiorun\/\" \/>\n<meta property=\"article:modified_time\" content=\"2025-06-17T14:36:54+00:00\" \/>\n<meta property=\"og:image\" content=\"https:\/\/www.miomiorun.com\/app\/uploads\/2023\/11\/craft-Core-essence-tights-W-lupine-multi-1908772-724007.jpg\" \/>\n\t<meta property=\"og:image:width\" content=\"600\" \/>\n\t<meta property=\"og:image:height\" content=\"600\" \/>\n\t<meta property=\"og:image:type\" content=\"image\/jpeg\" \/>\n<meta name=\"twitter:card\" content=\"summary_large_image\" \/>\n<script type=\"application\/ld+json\" class=\"yoast-schema-graph\">{\"@context\":\"https:\/\/schema.org\",\"@graph\":[{\"@type\":\"WebPage\",\"@id\":\"https:\/\/www.miomiorun.com\/fr\/produit\/core-essence-tights-femme\/\",\"url\":\"https:\/\/www.miomiorun.com\/fr\/produit\/core-essence-tights-femme\/\",\"name\":\"Craft Core Essence Tights femme - Pantalon de course MioMioRun\",\"isPartOf\":{\"@id\":\"https:\/\/www.miomiorun.com\/fr\/#website\"},\"primaryImageOfPage\":{\"@id\":\"https:\/\/www.miomiorun.com\/fr\/produit\/core-essence-tights-femme\/#primaryimage\"},\"image\":{\"@id\":\"https:\/\/www.miomiorun.com\/fr\/produit\/core-essence-tights-femme\/#primaryimage\"},\"thumbnailUrl\":\"https:\/\/www.miomiorun.com\/app\/uploads\/2023\/11\/craft-Core-essence-tights-W-lupine-multi-1908772-724007.jpg\",\"datePublished\":\"2023-10-30T12:02:48+00:00\",\"dateModified\":\"2025-06-17T14:36:54+00:00\",\"description\":\"Les collants Core Essence pour femmes sont d'excellents collants d'entra\u00eenement en jersey de polyester recycl\u00e9 et \u00e9lasthanne.\",\"breadcrumb\":{\"@id\":\"https:\/\/www.miomiorun.com\/fr\/produit\/core-essence-tights-femme\/#breadcrumb\"},\"inLanguage\":\"fr-FR\",\"potentialAction\":[{\"@type\":\"ReadAction\",\"target\":[\"https:\/\/www.miomiorun.com\/fr\/produit\/core-essence-tights-femme\/\"]}]},{\"@type\":\"ImageObject\",\"inLanguage\":\"fr-FR\",\"@id\":\"https:\/\/www.miomiorun.com\/fr\/produit\/core-essence-tights-femme\/#primaryimage\",\"url\":\"https:\/\/www.miomiorun.com\/app\/uploads\/2023\/11\/craft-Core-essence-tights-W-lupine-multi-1908772-724007.jpg\",\"contentUrl\":\"https:\/\/www.miomiorun.com\/app\/uploads\/2023\/11\/craft-Core-essence-tights-W-lupine-multi-1908772-724007.jpg\",\"width\":600,\"height\":600,\"caption\":\"craft-Core-essence-tights-W-lupine-multi-1908772-724007\"},{\"@type\":\"BreadcrumbList\",\"@id\":\"https:\/\/www.miomiorun.com\/fr\/produit\/core-essence-tights-femme\/#breadcrumb\",\"itemListElement\":[{\"@type\":\"ListItem\",\"position\":1,\"name\":\"Home\",\"item\":\"https:\/\/www.miomiorun.com\/fr\/home-page\/\"},{\"@type\":\"ListItem\",\"position\":2,\"name\":\"Shop\",\"item\":\"https:\/\/www.miomiorun.com\/shop\/\"},{\"@type\":\"ListItem\",\"position\":3,\"name\":\"Core Essence Tights femme\"}]},{\"@type\":\"WebSite\",\"@id\":\"https:\/\/www.miomiorun.com\/fr\/#website\",\"url\":\"https:\/\/www.miomiorun.com\/fr\/\",\"name\":\"MioMioRun\",\"description\":\"Boutique 100% running et trail\",\"publisher\":{\"@id\":\"https:\/\/www.miomiorun.com\/fr\/#organization\"},\"potentialAction\":[{\"@type\":\"SearchAction\",\"target\":{\"@type\":\"EntryPoint\",\"urlTemplate\":\"https:\/\/www.miomiorun.com\/fr\/?s={search_term_string}\"},\"query-input\":{\"@type\":\"PropertyValueSpecification\",\"valueRequired\":true,\"valueName\":\"search_term_string\"}}],\"inLanguage\":\"fr-FR\"},{\"@type\":\"Organization\",\"@id\":\"https:\/\/www.miomiorun.com\/fr\/#organization\",\"name\":\"MioMio Run\",\"url\":\"https:\/\/www.miomiorun.com\/fr\/\",\"logo\":{\"@type\":\"ImageObject\",\"inLanguage\":\"fr-FR\",\"@id\":\"https:\/\/www.miomiorun.com\/fr\/#\/schema\/logo\/image\/\",\"url\":\"https:\/\/www.miomiorun.com\/app\/uploads\/2019\/12\/logomio.png\",\"contentUrl\":\"https:\/\/www.miomiorun.com\/app\/uploads\/2019\/12\/logomio.png\",\"width\":115,\"height\":82,\"caption\":\"MioMio Run\"},\"image\":{\"@id\":\"https:\/\/www.miomiorun.com\/fr\/#\/schema\/logo\/image\/\"},\"sameAs\":[\"https:\/\/www.facebook.com\/miomiorun\/\",\"https:\/\/www.instagram.com\/miomiorun\/\"]}]}<\/script>\n<!-- \/ Yoast SEO plugin. -->","yoast_head_json":{"title":"Craft Core Essence Tights femme - Pantalon de course MioMioRun","description":"Les collants Core Essence pour femmes sont d'excellents collants d'entra\u00eenement en jersey de polyester recycl\u00e9 et \u00e9lasthanne.","robots":{"index":"index","follow":"follow","max-snippet":"max-snippet:-1","max-image-preview":"max-image-preview:large","max-video-preview":"max-video-preview:-1"},"canonical":"https:\/\/www.miomiorun.com\/fr\/produit\/core-essence-tights-femme\/","og_locale":"fr_FR","og_type":"article","og_title":"Craft Core Essence Tights femme - Pantalon de course MioMioRun","og_description":"Les collants Core Essence pour femmes sont d'excellents collants d'entra\u00eenement en jersey de polyester recycl\u00e9 et \u00e9lasthanne.","og_url":"https:\/\/www.miomiorun.com\/fr\/produit\/core-essence-tights-femme\/","og_site_name":"MioMioRun","article_publisher":"https:\/\/www.facebook.com\/miomiorun\/","article_modified_time":"2025-06-17T14:36:54+00:00","og_image":[{"width":600,"height":600,"url":"https:\/\/www.miomiorun.com\/app\/uploads\/2023\/11\/craft-Core-essence-tights-W-lupine-multi-1908772-724007.jpg","type":"image\/jpeg"}],"twitter_card":"summary_large_image","schema":{"@context":"https:\/\/schema.org","@graph":[{"@type":"WebPage","@id":"https:\/\/www.miomiorun.com\/fr\/produit\/core-essence-tights-femme\/","url":"https:\/\/www.miomiorun.com\/fr\/produit\/core-essence-tights-femme\/","name":"Craft Core Essence Tights femme - Pantalon de course MioMioRun","isPartOf":{"@id":"https:\/\/www.miomiorun.com\/fr\/#website"},"primaryImageOfPage":{"@id":"https:\/\/www.miomiorun.com\/fr\/produit\/core-essence-tights-femme\/#primaryimage"},"image":{"@id":"https:\/\/www.miomiorun.com\/fr\/produit\/core-essence-tights-femme\/#primaryimage"},"thumbnailUrl":"https:\/\/www.miomiorun.com\/app\/uploads\/2023\/11\/craft-Core-essence-tights-W-lupine-multi-1908772-724007.jpg","datePublished":"2023-10-30T12:02:48+00:00","dateModified":"2025-06-17T14:36:54+00:00","description":"Les collants Core Essence pour femmes sont d'excellents collants d'entra\u00eenement en jersey de polyester recycl\u00e9 et \u00e9lasthanne.","breadcrumb":{"@id":"https:\/\/www.miomiorun.com\/fr\/produit\/core-essence-tights-femme\/#breadcrumb"},"inLanguage":"fr-FR","potentialAction":[{"@type":"ReadAction","target":["https:\/\/www.miomiorun.com\/fr\/produit\/core-essence-tights-femme\/"]}]},{"@type":"ImageObject","inLanguage":"fr-FR","@id":"https:\/\/www.miomiorun.com\/fr\/produit\/core-essence-tights-femme\/#primaryimage","url":"https:\/\/www.miomiorun.com\/app\/uploads\/2023\/11\/craft-Core-essence-tights-W-lupine-multi-1908772-724007.jpg","contentUrl":"https:\/\/www.miomiorun.com\/app\/uploads\/2023\/11\/craft-Core-essence-tights-W-lupine-multi-1908772-724007.jpg","width":600,"height":600,"caption":"craft-Core-essence-tights-W-lupine-multi-1908772-724007"},{"@type":"BreadcrumbList","@id":"https:\/\/www.miomiorun.com\/fr\/produit\/core-essence-tights-femme\/#breadcrumb","itemListElement":[{"@type":"ListItem","position":1,"name":"Home","item":"https:\/\/www.miomiorun.com\/fr\/home-page\/"},{"@type":"ListItem","position":2,"name":"Shop","item":"https:\/\/www.miomiorun.com\/shop\/"},{"@type":"ListItem","position":3,"name":"Core Essence Tights femme"}]},{"@type":"WebSite","@id":"https:\/\/www.miomiorun.com\/fr\/#website","url":"https:\/\/www.miomiorun.com\/fr\/","name":"MioMioRun","description":"Boutique 100% running et trail","publisher":{"@id":"https:\/\/www.miomiorun.com\/fr\/#organization"},"potentialAction":[{"@type":"SearchAction","target":{"@type":"EntryPoint","urlTemplate":"https:\/\/www.miomiorun.com\/fr\/?s={search_term_string}"},"query-input":{"@type":"PropertyValueSpecification","valueRequired":true,"valueName":"search_term_string"}}],"inLanguage":"fr-FR"},{"@type":"Organization","@id":"https:\/\/www.miomiorun.com\/fr\/#organization","name":"MioMio Run","url":"https:\/\/www.miomiorun.com\/fr\/","logo":{"@type":"ImageObject","inLanguage":"fr-FR","@id":"https:\/\/www.miomiorun.com\/fr\/#\/schema\/logo\/image\/","url":"https:\/\/www.miomiorun.com\/app\/uploads\/2019\/12\/logomio.png","contentUrl":"https:\/\/www.miomiorun.com\/app\/uploads\/2019\/12\/logomio.png","width":115,"height":82,"caption":"MioMio Run"},"image":{"@id":"https:\/\/www.miomiorun.com\/fr\/#\/schema\/logo\/image\/"},"sameAs":["https:\/\/www.facebook.com\/miomiorun\/","https:\/\/www.instagram.com\/miomiorun\/"]}]}},"_links":{"self":[{"href":"https:\/\/www.miomiorun.com\/fr\/wp-json\/wp\/v2\/product\/287342","targetHints":{"allow":["GET"]}}],"collection":[{"href":"https:\/\/www.miomiorun.com\/fr\/wp-json\/wp\/v2\/product"}],"about":[{"href":"https:\/\/www.miomiorun.com\/fr\/wp-json\/wp\/v2\/types\/product"}],"wp:featuredmedia":[{"embeddable":true,"href":"https:\/\/www.miomiorun.com\/fr\/wp-json\/wp\/v2\/media\/243918"}],"wp:attachment":[{"href":"https:\/\/www.miomiorun.com\/fr\/wp-json\/wp\/v2\/media?parent=287342"}],"wp:term":[{"taxonomy":"product_brand","embeddable":true,"href":"https:\/\/www.miomiorun.com\/fr\/wp-json\/wp\/v2\/product_brand?post=287342"},{"taxonomy":"product_cat","embeddable":true,"href":"https:\/\/www.miomiorun.com\/fr\/wp-json\/wp\/v2\/product_cat?post=287342"},{"taxonomy":"product_tag","embeddable":true,"href":"https:\/\/www.miomiorun.com\/fr\/wp-json\/wp\/v2\/product_tag?post=287342"}],"curies":[{"name":"wp","href":"https:\/\/api.w.org\/{rel}","templated":true}]}}