{"id":287320,"date":"2023-10-30T13:16:38","date_gmt":"2023-10-30T12:16:38","guid":{"rendered":"https:\/\/miomiorun.com\/prodotto\/adv-essence-run-tights-donna\/"},"modified":"2025-06-17T16:32:09","modified_gmt":"2025-06-17T14:32:09","slug":"adv-essence-run-tights-femme","status":"publish","type":"product","link":"https:\/\/www.miomiorun.com\/fr\/produit\/adv-essence-run-tights-femme\/","title":{"rendered":"ADV Essence Run Tights femme"},"content":{"rendered":"<div id=\"tw-target-text-container\" class=\"tw-ta-container F0azHf tw-nfl\" tabindex=\"0\">\n<p>Le collant <strong>ADV Essence<\/strong> Women&#8217;s Run Tights est un collant de course et d&#8217;entra\u00eenement tr\u00e8s fonctionnel, fabriqu\u00e9 en jersey de polyester recycl\u00e9 doux et en \u00e9lasthanne avec un excellent retour d&#8217;\u00e9lasticit\u00e9. Le collant est dot\u00e9 d&#8217;une large ceinture avec cordon de serrage ajustable pour un ajustement et un confort optimaux pendant les entra\u00eenements intenses.<\/p>\n<p><strong>Caract\u00e9ristiques :<\/strong><\/p>\n<ul>\n<li>Tissu doux en jersey de polyester recycl\u00e9 et d&#8217;\u00e9lasthanne<\/li>\n<li>Large ceinture avec cordon de serrage ajustable<\/li>\n<li>Grande poche pour t\u00e9l\u00e9phone \u00e0 l&#8217;int\u00e9rieur de la ceinture arri\u00e8re<\/li>\n<li>Pochette pour cl\u00e9s \u00e0 l&#8217;int\u00e9rieur de la taille<\/li>\n<li>Fermeture \u00e9clair au bas des jambes<\/li>\n<li>Imprim\u00e9s r\u00e9fl\u00e9chissants<\/li>\n<li>Taille moyenne<\/li>\n<\/ul>\n<\/div>\n","protected":false},"excerpt":{"rendered":"<ul>\n<li>Collants id\u00e9aux pour la course \u00e0 pied<\/li>\n<li>\u00c9quip\u00e9s de poches pour ranger vos cl\u00e9s et votre t\u00e9l\u00e9phone portable<\/li>\n<\/ul>\n","protected":false},"featured_media":243928,"template":"","meta":{"_acf_changed":false,"inline_featured_image":false},"product_brand":[],"product_cat":[22603,22596],"product_tag":[23554,23648],"class_list":{"0":"post-287320","1":"product","2":"type-product","3":"status-publish","4":"has-post-thumbnail","6":"product_cat-pantalon-long","7":"product_cat-vetements-pour-femmes","8":"product_tag-craft-fr","9":"product_tag-craft-femme","10":"pa_attivita-fitness-fr","11":"pa_attivita-marcher","12":"pa_attivita-running-fr","13":"pa_colore-adv-essence-run-tights-w-bark-multi-fr","14":"pa_colore-adv-essence-run-tights-w-black","15":"pa_marca-craft-fr","16":"pa_sesso-femme","17":"pa_size-extra-small-fr","18":"pa_size-small-fr","19":"pa_size-medium-fr","20":"pa_size-large-fr","22":"first","23":"instock","24":"sale","25":"taxable","26":"shipping-taxable","27":"purchasable","28":"product-type-variable","29":"wvs-archive-product-wrapper"},"acf":[],"yoast_head":"<!-- This site is optimized with the Yoast SEO plugin v26.8 - https:\/\/yoast.com\/product\/yoast-seo-wordpress\/ -->\n<title>Craft ADV Essence Run Tights femme - pantalons longs - MioMioRun<\/title>\n<meta name=\"description\" content=\"Les collants ADV Essence Run pour femmes sont des collants de course et d&#039;entra\u00eenement tr\u00e8s fonctionnels, fabriqu\u00e9s en jersey de polyester recycl\u00e9 doux.\" \/>\n<meta name=\"robots\" content=\"index, follow, max-snippet:-1, max-image-preview:large, max-video-preview:-1\" \/>\n<link rel=\"canonical\" href=\"https:\/\/www.miomiorun.com\/fr\/produit\/adv-essence-run-tights-femme\/\" \/>\n<meta property=\"og:locale\" content=\"fr_FR\" \/>\n<meta property=\"og:type\" content=\"article\" \/>\n<meta property=\"og:title\" content=\"Craft ADV Essence Run Tights femme - pantalons longs - MioMioRun\" \/>\n<meta property=\"og:description\" content=\"Les collants ADV Essence Run pour femmes sont des collants de course et d&#039;entra\u00eenement tr\u00e8s fonctionnels, fabriqu\u00e9s en jersey de polyester recycl\u00e9 doux.\" \/>\n<meta property=\"og:url\" content=\"https:\/\/www.miomiorun.com\/fr\/produit\/adv-essence-run-tights-femme\/\" \/>\n<meta property=\"og:site_name\" content=\"MioMioRun\" \/>\n<meta property=\"article:publisher\" content=\"https:\/\/www.facebook.com\/miomiorun\/\" \/>\n<meta property=\"article:modified_time\" content=\"2025-06-17T14:32:09+00:00\" \/>\n<meta property=\"og:image\" content=\"https:\/\/www.miomiorun.com\/app\/uploads\/2023\/11\/craft-ADV-essence-run-tights-W-black-1911917-999000.jpg\" \/>\n\t<meta property=\"og:image:width\" content=\"600\" \/>\n\t<meta property=\"og:image:height\" content=\"600\" \/>\n\t<meta property=\"og:image:type\" content=\"image\/jpeg\" \/>\n<meta name=\"twitter:card\" content=\"summary_large_image\" \/>\n<meta name=\"twitter:label1\" content=\"Est. reading time\" \/>\n\t<meta name=\"twitter:data1\" content=\"1 minute\" \/>\n<script type=\"application\/ld+json\" class=\"yoast-schema-graph\">{\"@context\":\"https:\/\/schema.org\",\"@graph\":[{\"@type\":\"WebPage\",\"@id\":\"https:\/\/www.miomiorun.com\/fr\/produit\/adv-essence-run-tights-femme\/\",\"url\":\"https:\/\/www.miomiorun.com\/fr\/produit\/adv-essence-run-tights-femme\/\",\"name\":\"Craft ADV Essence Run Tights femme - pantalons longs - MioMioRun\",\"isPartOf\":{\"@id\":\"https:\/\/www.miomiorun.com\/fr\/#website\"},\"primaryImageOfPage\":{\"@id\":\"https:\/\/www.miomiorun.com\/fr\/produit\/adv-essence-run-tights-femme\/#primaryimage\"},\"image\":{\"@id\":\"https:\/\/www.miomiorun.com\/fr\/produit\/adv-essence-run-tights-femme\/#primaryimage\"},\"thumbnailUrl\":\"https:\/\/www.miomiorun.com\/app\/uploads\/2023\/11\/craft-ADV-essence-run-tights-W-black-1911917-999000.jpg\",\"datePublished\":\"2023-10-30T12:16:38+00:00\",\"dateModified\":\"2025-06-17T14:32:09+00:00\",\"description\":\"Les collants ADV Essence Run pour femmes sont des collants de course et d'entra\u00eenement tr\u00e8s fonctionnels, fabriqu\u00e9s en jersey de polyester recycl\u00e9 doux.\",\"breadcrumb\":{\"@id\":\"https:\/\/www.miomiorun.com\/fr\/produit\/adv-essence-run-tights-femme\/#breadcrumb\"},\"inLanguage\":\"fr-FR\",\"potentialAction\":[{\"@type\":\"ReadAction\",\"target\":[\"https:\/\/www.miomiorun.com\/fr\/produit\/adv-essence-run-tights-femme\/\"]}]},{\"@type\":\"ImageObject\",\"inLanguage\":\"fr-FR\",\"@id\":\"https:\/\/www.miomiorun.com\/fr\/produit\/adv-essence-run-tights-femme\/#primaryimage\",\"url\":\"https:\/\/www.miomiorun.com\/app\/uploads\/2023\/11\/craft-ADV-essence-run-tights-W-black-1911917-999000.jpg\",\"contentUrl\":\"https:\/\/www.miomiorun.com\/app\/uploads\/2023\/11\/craft-ADV-essence-run-tights-W-black-1911917-999000.jpg\",\"width\":600,\"height\":600,\"caption\":\"craft-ADV-essence-run-tights-W-black-1911917-999000\"},{\"@type\":\"BreadcrumbList\",\"@id\":\"https:\/\/www.miomiorun.com\/fr\/produit\/adv-essence-run-tights-femme\/#breadcrumb\",\"itemListElement\":[{\"@type\":\"ListItem\",\"position\":1,\"name\":\"Home\",\"item\":\"https:\/\/www.miomiorun.com\/fr\/home-page\/\"},{\"@type\":\"ListItem\",\"position\":2,\"name\":\"Shop\",\"item\":\"https:\/\/www.miomiorun.com\/shop\/\"},{\"@type\":\"ListItem\",\"position\":3,\"name\":\"ADV Essence Run Tights femme\"}]},{\"@type\":\"WebSite\",\"@id\":\"https:\/\/www.miomiorun.com\/fr\/#website\",\"url\":\"https:\/\/www.miomiorun.com\/fr\/\",\"name\":\"MioMioRun\",\"description\":\"Boutique 100% running et trail\",\"publisher\":{\"@id\":\"https:\/\/www.miomiorun.com\/fr\/#organization\"},\"potentialAction\":[{\"@type\":\"SearchAction\",\"target\":{\"@type\":\"EntryPoint\",\"urlTemplate\":\"https:\/\/www.miomiorun.com\/fr\/?s={search_term_string}\"},\"query-input\":{\"@type\":\"PropertyValueSpecification\",\"valueRequired\":true,\"valueName\":\"search_term_string\"}}],\"inLanguage\":\"fr-FR\"},{\"@type\":\"Organization\",\"@id\":\"https:\/\/www.miomiorun.com\/fr\/#organization\",\"name\":\"MioMio Run\",\"url\":\"https:\/\/www.miomiorun.com\/fr\/\",\"logo\":{\"@type\":\"ImageObject\",\"inLanguage\":\"fr-FR\",\"@id\":\"https:\/\/www.miomiorun.com\/fr\/#\/schema\/logo\/image\/\",\"url\":\"https:\/\/www.miomiorun.com\/app\/uploads\/2019\/12\/logomio.png\",\"contentUrl\":\"https:\/\/www.miomiorun.com\/app\/uploads\/2019\/12\/logomio.png\",\"width\":115,\"height\":82,\"caption\":\"MioMio Run\"},\"image\":{\"@id\":\"https:\/\/www.miomiorun.com\/fr\/#\/schema\/logo\/image\/\"},\"sameAs\":[\"https:\/\/www.facebook.com\/miomiorun\/\",\"https:\/\/www.instagram.com\/miomiorun\/\"]}]}<\/script>\n<!-- \/ Yoast SEO plugin. -->","yoast_head_json":{"title":"Craft ADV Essence Run Tights femme - pantalons longs - MioMioRun","description":"Les collants ADV Essence Run pour femmes sont des collants de course et d'entra\u00eenement tr\u00e8s fonctionnels, fabriqu\u00e9s en jersey de polyester recycl\u00e9 doux.","robots":{"index":"index","follow":"follow","max-snippet":"max-snippet:-1","max-image-preview":"max-image-preview:large","max-video-preview":"max-video-preview:-1"},"canonical":"https:\/\/www.miomiorun.com\/fr\/produit\/adv-essence-run-tights-femme\/","og_locale":"fr_FR","og_type":"article","og_title":"Craft ADV Essence Run Tights femme - pantalons longs - MioMioRun","og_description":"Les collants ADV Essence Run pour femmes sont des collants de course et d'entra\u00eenement tr\u00e8s fonctionnels, fabriqu\u00e9s en jersey de polyester recycl\u00e9 doux.","og_url":"https:\/\/www.miomiorun.com\/fr\/produit\/adv-essence-run-tights-femme\/","og_site_name":"MioMioRun","article_publisher":"https:\/\/www.facebook.com\/miomiorun\/","article_modified_time":"2025-06-17T14:32:09+00:00","og_image":[{"width":600,"height":600,"url":"https:\/\/www.miomiorun.com\/app\/uploads\/2023\/11\/craft-ADV-essence-run-tights-W-black-1911917-999000.jpg","type":"image\/jpeg"}],"twitter_card":"summary_large_image","twitter_misc":{"Est. reading time":"1 minute"},"schema":{"@context":"https:\/\/schema.org","@graph":[{"@type":"WebPage","@id":"https:\/\/www.miomiorun.com\/fr\/produit\/adv-essence-run-tights-femme\/","url":"https:\/\/www.miomiorun.com\/fr\/produit\/adv-essence-run-tights-femme\/","name":"Craft ADV Essence Run Tights femme - pantalons longs - MioMioRun","isPartOf":{"@id":"https:\/\/www.miomiorun.com\/fr\/#website"},"primaryImageOfPage":{"@id":"https:\/\/www.miomiorun.com\/fr\/produit\/adv-essence-run-tights-femme\/#primaryimage"},"image":{"@id":"https:\/\/www.miomiorun.com\/fr\/produit\/adv-essence-run-tights-femme\/#primaryimage"},"thumbnailUrl":"https:\/\/www.miomiorun.com\/app\/uploads\/2023\/11\/craft-ADV-essence-run-tights-W-black-1911917-999000.jpg","datePublished":"2023-10-30T12:16:38+00:00","dateModified":"2025-06-17T14:32:09+00:00","description":"Les collants ADV Essence Run pour femmes sont des collants de course et d'entra\u00eenement tr\u00e8s fonctionnels, fabriqu\u00e9s en jersey de polyester recycl\u00e9 doux.","breadcrumb":{"@id":"https:\/\/www.miomiorun.com\/fr\/produit\/adv-essence-run-tights-femme\/#breadcrumb"},"inLanguage":"fr-FR","potentialAction":[{"@type":"ReadAction","target":["https:\/\/www.miomiorun.com\/fr\/produit\/adv-essence-run-tights-femme\/"]}]},{"@type":"ImageObject","inLanguage":"fr-FR","@id":"https:\/\/www.miomiorun.com\/fr\/produit\/adv-essence-run-tights-femme\/#primaryimage","url":"https:\/\/www.miomiorun.com\/app\/uploads\/2023\/11\/craft-ADV-essence-run-tights-W-black-1911917-999000.jpg","contentUrl":"https:\/\/www.miomiorun.com\/app\/uploads\/2023\/11\/craft-ADV-essence-run-tights-W-black-1911917-999000.jpg","width":600,"height":600,"caption":"craft-ADV-essence-run-tights-W-black-1911917-999000"},{"@type":"BreadcrumbList","@id":"https:\/\/www.miomiorun.com\/fr\/produit\/adv-essence-run-tights-femme\/#breadcrumb","itemListElement":[{"@type":"ListItem","position":1,"name":"Home","item":"https:\/\/www.miomiorun.com\/fr\/home-page\/"},{"@type":"ListItem","position":2,"name":"Shop","item":"https:\/\/www.miomiorun.com\/shop\/"},{"@type":"ListItem","position":3,"name":"ADV Essence Run Tights femme"}]},{"@type":"WebSite","@id":"https:\/\/www.miomiorun.com\/fr\/#website","url":"https:\/\/www.miomiorun.com\/fr\/","name":"MioMioRun","description":"Boutique 100% running et trail","publisher":{"@id":"https:\/\/www.miomiorun.com\/fr\/#organization"},"potentialAction":[{"@type":"SearchAction","target":{"@type":"EntryPoint","urlTemplate":"https:\/\/www.miomiorun.com\/fr\/?s={search_term_string}"},"query-input":{"@type":"PropertyValueSpecification","valueRequired":true,"valueName":"search_term_string"}}],"inLanguage":"fr-FR"},{"@type":"Organization","@id":"https:\/\/www.miomiorun.com\/fr\/#organization","name":"MioMio Run","url":"https:\/\/www.miomiorun.com\/fr\/","logo":{"@type":"ImageObject","inLanguage":"fr-FR","@id":"https:\/\/www.miomiorun.com\/fr\/#\/schema\/logo\/image\/","url":"https:\/\/www.miomiorun.com\/app\/uploads\/2019\/12\/logomio.png","contentUrl":"https:\/\/www.miomiorun.com\/app\/uploads\/2019\/12\/logomio.png","width":115,"height":82,"caption":"MioMio Run"},"image":{"@id":"https:\/\/www.miomiorun.com\/fr\/#\/schema\/logo\/image\/"},"sameAs":["https:\/\/www.facebook.com\/miomiorun\/","https:\/\/www.instagram.com\/miomiorun\/"]}]}},"_links":{"self":[{"href":"https:\/\/www.miomiorun.com\/fr\/wp-json\/wp\/v2\/product\/287320","targetHints":{"allow":["GET"]}}],"collection":[{"href":"https:\/\/www.miomiorun.com\/fr\/wp-json\/wp\/v2\/product"}],"about":[{"href":"https:\/\/www.miomiorun.com\/fr\/wp-json\/wp\/v2\/types\/product"}],"wp:featuredmedia":[{"embeddable":true,"href":"https:\/\/www.miomiorun.com\/fr\/wp-json\/wp\/v2\/media\/243928"}],"wp:attachment":[{"href":"https:\/\/www.miomiorun.com\/fr\/wp-json\/wp\/v2\/media?parent=287320"}],"wp:term":[{"taxonomy":"product_brand","embeddable":true,"href":"https:\/\/www.miomiorun.com\/fr\/wp-json\/wp\/v2\/product_brand?post=287320"},{"taxonomy":"product_cat","embeddable":true,"href":"https:\/\/www.miomiorun.com\/fr\/wp-json\/wp\/v2\/product_cat?post=287320"},{"taxonomy":"product_tag","embeddable":true,"href":"https:\/\/www.miomiorun.com\/fr\/wp-json\/wp\/v2\/product_tag?post=287320"}],"curies":[{"name":"wp","href":"https:\/\/api.w.org\/{rel}","templated":true}]}}