{"id":287241,"date":"2023-06-15T19:16:38","date_gmt":"2023-06-15T17:16:38","guid":{"rendered":"https:\/\/miomiorun.com\/prodotto\/synchron-2-0-donna\/"},"modified":"2026-05-08T21:47:25","modified_gmt":"2026-05-08T19:47:25","slug":"synchron-2-0-femme","status":"publish","type":"product","link":"https:\/\/www.miomiorun.com\/fr\/produit\/synchron-2-0-femme\/","title":{"rendered":"Synchron 2.0 femme"},"content":{"rendered":"<div class=\"vc-row container\"><div class=\"vc-column\"><div class=\"vc-column-text\"><\/p>\n<h4>Caract\u00e9ristiques techniques<\/h4>\n<p>Cat\u00e9gorie : Amortissement haut<br \/>\nD\u00e9calage : 8 mm<br \/>\nPoids : 277 g<br \/>\nId\u00e9al pour : les coureurs recherchant une chaussure avec un excellent amorti et une bonne stabilit\u00e9, avec une transition douce, pour les courses moyennes \u00e0 longues. Elles sont \u00e9galement id\u00e9ales pour les longues marches.<br \/>\nPoids de l&#8217;athl\u00e8te : 80-90 kg<br \/>\nAllure de course : lente (&gt;5.30 min\/km)<br \/>\n<a href=\"https:\/\/miomiorun.com\/fr\/guide-des-specificites\/\">Guide des sp\u00e9cifications<\/a><\/p>\n<p><\/div><\/div><div class=\"vc-column\"><div class=\"vc-column-text\">La <strong>Karhu Synchron 2.0 pour femme<\/strong> est une chaussure d&#8217;entra\u00eenement de tous les jours avec un amorti de premi\u00e8re qualit\u00e9 pour les coureuses neutres ou avec un sur-pronateur \u00e0 un stade moyen ou avanc\u00e9.<\/p>\n<p>La Synchron 2.0 Printemps 2023 a re\u00e7u une mise \u00e0 jour compl\u00e8te : une semelle interm\u00e9diaire AeroFoam Nova plus souple pour une conduite plus confortable et une tige redessin\u00e9e pour un meilleur maintien. Le repositionnement du Fulcrum stingray associ\u00e9 \u00e0 une semelle ext\u00e9rieure durable \u00e0 contact total et \u00e0 une semelle interm\u00e9diaire plus l\u00e9g\u00e8re produit une conduite souple, flexible et stable avec une transition en douceur et un soutien tout au long du cycle de la marche.La Synchron 2.0 est id\u00e9ale pour les longues courses et les longues journ\u00e9es \u00e0 pied. Nouveaut\u00e9 cette saison, la Synchron 2.0 est \u00e9galement disponible en coupe ample, KARHU l&#8217;appelle High Volume <strong>(HiVo<\/strong> ).<\/p>\n<p><strong>Caract\u00e9ristiques :<\/strong><\/p>\n<ul>\n<li><strong>Syst\u00e8me de la\u00e7age anatomique<\/strong>pour des micro-ajustements<\/li>\n<li><strong>Point d&#8217;appui sur <\/strong><strong>toute la longueur<\/strong> pour une conduite stable<\/li>\n<li>Semelle interm\u00e9diaire <strong>AeroFoam Nova<\/strong> souple et amortie<\/li>\n<li>Construction en <strong>maille id\u00e9ale<\/strong> pour la respirabilit\u00e9 et le maintien<\/li>\n<li>Tige sans couture<\/li>\n<li>Semelle int\u00e9rieure en mousse \u00e0 cellules ouvertes pour une sensation de douceur<\/li>\n<\/ul>\n<p>&nbsp;<\/p>\n<p><img loading=\"lazy\" decoding=\"async\" class=\"\" src=\"https:\/\/cdn.shopify.com\/s\/files\/1\/0519\/4570\/1549\/files\/fulcrum_800x.png?v=1612961012\" width=\"205\" height=\"91\" \/><\/p>\n<p>La technologie Fulcrum de KARHU est con\u00e7ue pour maintenir toutes les forces vers l&#8217;avant, en r\u00e9duisant les forces de freinage et en utilisant l&#8217;\u00e9nergie naturelle de votre corps pour cr\u00e9er une conduite plus douce. C&#8217;est ce que nous appelons l&#8217;effet de roulement. La technologie Fulcrum offre : un amorti \u00e9quilibr\u00e9, plus de soutien, plus d&#8217;\u00e9nergie. La Synchron est \u00e9quip\u00e9e d&#8217;un fulcrum de course sur toute la longueur.<\/p>\n<p><strong>Cette technologie offre :<\/strong><\/p>\n<ul>\n<li>un amortissement \u00e9quilibr\u00e9<\/li>\n<li>plus de soutien<\/li>\n<li>plus d&#8217;\u00e9nergie<\/li>\n<\/ul>\n<p><\/div><\/div><\/div>\n","protected":false},"excerpt":{"rendered":"<ul>\n<li>Chaussure de course ultra-amortie et confortable<\/li>\n<li>L\u00e9g\u00e8re<\/li>\n<li>Id\u00e9ale pour les longues courses<\/li>\n<\/ul>\n","protected":false},"featured_media":241740,"template":"","meta":{"_acf_changed":false,"inline_featured_image":false},"product_brand":[],"product_cat":[22605,22606],"product_tag":[23474,23495],"class_list":{"0":"post-287241","1":"product","2":"type-product","3":"status-publish","4":"has-post-thumbnail","6":"product_cat-chaussures-pour-femmes","7":"product_cat-neutre","8":"product_tag-karhu-fr","9":"product_tag-karhu-femme","10":"pa_attivita-marcher","11":"pa_attivita-running-fr","12":"pa_colore-synchron-ortix-2-0-w-algeirs-blue-rose-ta-fr","13":"pa_marca-karhu-fr","14":"pa_sesso-femme","15":"pa_size-37-5-fr","17":"first","18":"outofstock","19":"sale","20":"taxable","21":"shipping-taxable","22":"purchasable","23":"product-type-variable","24":"wvs-archive-product-wrapper"},"acf":[],"yoast_head":"<!-- This site is optimized with the Yoast SEO plugin v26.8 - https:\/\/yoast.com\/product\/yoast-seo-wordpress\/ -->\n<title>Karhu Synchron 2.0 femme -chaussures de course - MioMioRun<\/title>\n<meta name=\"description\" content=\"La Karhu Synchron 2.0 pour femmes est une chaussure d&#039;entra\u00eenement de tous les jours avec un amorti de premi\u00e8re qualit\u00e9 pour les surpronateurs neutres ou de stade moyen \u00e0 avanc\u00e9.\" \/>\n<meta name=\"robots\" content=\"index, follow, max-snippet:-1, max-image-preview:large, max-video-preview:-1\" \/>\n<link rel=\"canonical\" href=\"https:\/\/www.miomiorun.com\/fr\/produit\/synchron-2-0-femme\/\" \/>\n<meta property=\"og:locale\" content=\"fr_FR\" \/>\n<meta property=\"og:type\" content=\"article\" \/>\n<meta property=\"og:title\" content=\"Karhu Synchron 2.0 femme -chaussures de course - MioMioRun\" \/>\n<meta property=\"og:description\" content=\"La Karhu Synchron 2.0 pour femmes est une chaussure d&#039;entra\u00eenement de tous les jours avec un amorti de premi\u00e8re qualit\u00e9 pour les surpronateurs neutres ou de stade moyen \u00e0 avanc\u00e9.\" \/>\n<meta property=\"og:url\" content=\"https:\/\/www.miomiorun.com\/fr\/produit\/synchron-2-0-femme\/\" \/>\n<meta property=\"og:site_name\" content=\"MioMioRun\" \/>\n<meta property=\"article:publisher\" content=\"https:\/\/www.facebook.com\/miomiorun\/\" \/>\n<meta property=\"article:modified_time\" content=\"2026-05-08T19:47:25+00:00\" \/>\n<meta property=\"og:image\" content=\"https:\/\/www.miomiorun.com\/app\/uploads\/2023\/06\/karhu-synchron-ortix-2.0-W-algeirs-blue-rose-ta-F203000.jpg\" \/>\n\t<meta property=\"og:image:width\" content=\"600\" \/>\n\t<meta property=\"og:image:height\" content=\"600\" \/>\n\t<meta property=\"og:image:type\" content=\"image\/jpeg\" \/>\n<meta name=\"twitter:card\" content=\"summary_large_image\" \/>\n<meta name=\"twitter:label1\" content=\"Est. reading time\" \/>\n\t<meta name=\"twitter:data1\" content=\"2 minutes\" \/>\n<script type=\"application\/ld+json\" class=\"yoast-schema-graph\">{\"@context\":\"https:\/\/schema.org\",\"@graph\":[{\"@type\":\"WebPage\",\"@id\":\"https:\/\/www.miomiorun.com\/fr\/produit\/synchron-2-0-femme\/\",\"url\":\"https:\/\/www.miomiorun.com\/fr\/produit\/synchron-2-0-femme\/\",\"name\":\"Karhu Synchron 2.0 femme -chaussures de course - MioMioRun\",\"isPartOf\":{\"@id\":\"https:\/\/www.miomiorun.com\/fr\/#website\"},\"primaryImageOfPage\":{\"@id\":\"https:\/\/www.miomiorun.com\/fr\/produit\/synchron-2-0-femme\/#primaryimage\"},\"image\":{\"@id\":\"https:\/\/www.miomiorun.com\/fr\/produit\/synchron-2-0-femme\/#primaryimage\"},\"thumbnailUrl\":\"https:\/\/www.miomiorun.com\/app\/uploads\/2023\/06\/karhu-synchron-ortix-2.0-W-algeirs-blue-rose-ta-F203000.jpg\",\"datePublished\":\"2023-06-15T17:16:38+00:00\",\"dateModified\":\"2026-05-08T19:47:25+00:00\",\"description\":\"La Karhu Synchron 2.0 pour femmes est une chaussure d'entra\u00eenement de tous les jours avec un amorti de premi\u00e8re qualit\u00e9 pour les surpronateurs neutres ou de stade moyen \u00e0 avanc\u00e9.\",\"breadcrumb\":{\"@id\":\"https:\/\/www.miomiorun.com\/fr\/produit\/synchron-2-0-femme\/#breadcrumb\"},\"inLanguage\":\"fr-FR\",\"potentialAction\":[{\"@type\":\"ReadAction\",\"target\":[\"https:\/\/www.miomiorun.com\/fr\/produit\/synchron-2-0-femme\/\"]}]},{\"@type\":\"ImageObject\",\"inLanguage\":\"fr-FR\",\"@id\":\"https:\/\/www.miomiorun.com\/fr\/produit\/synchron-2-0-femme\/#primaryimage\",\"url\":\"https:\/\/www.miomiorun.com\/app\/uploads\/2023\/06\/karhu-synchron-ortix-2.0-W-algeirs-blue-rose-ta-F203000.jpg\",\"contentUrl\":\"https:\/\/www.miomiorun.com\/app\/uploads\/2023\/06\/karhu-synchron-ortix-2.0-W-algeirs-blue-rose-ta-F203000.jpg\",\"width\":600,\"height\":600,\"caption\":\"karhu-synchron-ortix-2.0-W-algeirs-blue-rose-ta-F203000\"},{\"@type\":\"BreadcrumbList\",\"@id\":\"https:\/\/www.miomiorun.com\/fr\/produit\/synchron-2-0-femme\/#breadcrumb\",\"itemListElement\":[{\"@type\":\"ListItem\",\"position\":1,\"name\":\"Home\",\"item\":\"https:\/\/www.miomiorun.com\/fr\/home-page\/\"},{\"@type\":\"ListItem\",\"position\":2,\"name\":\"Shop\",\"item\":\"https:\/\/www.miomiorun.com\/shop\/\"},{\"@type\":\"ListItem\",\"position\":3,\"name\":\"Synchron 2.0 femme\"}]},{\"@type\":\"WebSite\",\"@id\":\"https:\/\/www.miomiorun.com\/fr\/#website\",\"url\":\"https:\/\/www.miomiorun.com\/fr\/\",\"name\":\"MioMioRun\",\"description\":\"Boutique 100% running et trail\",\"publisher\":{\"@id\":\"https:\/\/www.miomiorun.com\/fr\/#organization\"},\"potentialAction\":[{\"@type\":\"SearchAction\",\"target\":{\"@type\":\"EntryPoint\",\"urlTemplate\":\"https:\/\/www.miomiorun.com\/fr\/?s={search_term_string}\"},\"query-input\":{\"@type\":\"PropertyValueSpecification\",\"valueRequired\":true,\"valueName\":\"search_term_string\"}}],\"inLanguage\":\"fr-FR\"},{\"@type\":\"Organization\",\"@id\":\"https:\/\/www.miomiorun.com\/fr\/#organization\",\"name\":\"MioMio Run\",\"url\":\"https:\/\/www.miomiorun.com\/fr\/\",\"logo\":{\"@type\":\"ImageObject\",\"inLanguage\":\"fr-FR\",\"@id\":\"https:\/\/www.miomiorun.com\/fr\/#\/schema\/logo\/image\/\",\"url\":\"https:\/\/www.miomiorun.com\/app\/uploads\/2019\/12\/logomio.png\",\"contentUrl\":\"https:\/\/www.miomiorun.com\/app\/uploads\/2019\/12\/logomio.png\",\"width\":115,\"height\":82,\"caption\":\"MioMio Run\"},\"image\":{\"@id\":\"https:\/\/www.miomiorun.com\/fr\/#\/schema\/logo\/image\/\"},\"sameAs\":[\"https:\/\/www.facebook.com\/miomiorun\/\",\"https:\/\/www.instagram.com\/miomiorun\/\"]}]}<\/script>\n<!-- \/ Yoast SEO plugin. -->","yoast_head_json":{"title":"Karhu Synchron 2.0 femme -chaussures de course - MioMioRun","description":"La Karhu Synchron 2.0 pour femmes est une chaussure d'entra\u00eenement de tous les jours avec un amorti de premi\u00e8re qualit\u00e9 pour les surpronateurs neutres ou de stade moyen \u00e0 avanc\u00e9.","robots":{"index":"index","follow":"follow","max-snippet":"max-snippet:-1","max-image-preview":"max-image-preview:large","max-video-preview":"max-video-preview:-1"},"canonical":"https:\/\/www.miomiorun.com\/fr\/produit\/synchron-2-0-femme\/","og_locale":"fr_FR","og_type":"article","og_title":"Karhu Synchron 2.0 femme -chaussures de course - MioMioRun","og_description":"La Karhu Synchron 2.0 pour femmes est une chaussure d'entra\u00eenement de tous les jours avec un amorti de premi\u00e8re qualit\u00e9 pour les surpronateurs neutres ou de stade moyen \u00e0 avanc\u00e9.","og_url":"https:\/\/www.miomiorun.com\/fr\/produit\/synchron-2-0-femme\/","og_site_name":"MioMioRun","article_publisher":"https:\/\/www.facebook.com\/miomiorun\/","article_modified_time":"2026-05-08T19:47:25+00:00","og_image":[{"width":600,"height":600,"url":"https:\/\/www.miomiorun.com\/app\/uploads\/2023\/06\/karhu-synchron-ortix-2.0-W-algeirs-blue-rose-ta-F203000.jpg","type":"image\/jpeg"}],"twitter_card":"summary_large_image","twitter_misc":{"Est. reading time":"2 minutes"},"schema":{"@context":"https:\/\/schema.org","@graph":[{"@type":"WebPage","@id":"https:\/\/www.miomiorun.com\/fr\/produit\/synchron-2-0-femme\/","url":"https:\/\/www.miomiorun.com\/fr\/produit\/synchron-2-0-femme\/","name":"Karhu Synchron 2.0 femme -chaussures de course - MioMioRun","isPartOf":{"@id":"https:\/\/www.miomiorun.com\/fr\/#website"},"primaryImageOfPage":{"@id":"https:\/\/www.miomiorun.com\/fr\/produit\/synchron-2-0-femme\/#primaryimage"},"image":{"@id":"https:\/\/www.miomiorun.com\/fr\/produit\/synchron-2-0-femme\/#primaryimage"},"thumbnailUrl":"https:\/\/www.miomiorun.com\/app\/uploads\/2023\/06\/karhu-synchron-ortix-2.0-W-algeirs-blue-rose-ta-F203000.jpg","datePublished":"2023-06-15T17:16:38+00:00","dateModified":"2026-05-08T19:47:25+00:00","description":"La Karhu Synchron 2.0 pour femmes est une chaussure d'entra\u00eenement de tous les jours avec un amorti de premi\u00e8re qualit\u00e9 pour les surpronateurs neutres ou de stade moyen \u00e0 avanc\u00e9.","breadcrumb":{"@id":"https:\/\/www.miomiorun.com\/fr\/produit\/synchron-2-0-femme\/#breadcrumb"},"inLanguage":"fr-FR","potentialAction":[{"@type":"ReadAction","target":["https:\/\/www.miomiorun.com\/fr\/produit\/synchron-2-0-femme\/"]}]},{"@type":"ImageObject","inLanguage":"fr-FR","@id":"https:\/\/www.miomiorun.com\/fr\/produit\/synchron-2-0-femme\/#primaryimage","url":"https:\/\/www.miomiorun.com\/app\/uploads\/2023\/06\/karhu-synchron-ortix-2.0-W-algeirs-blue-rose-ta-F203000.jpg","contentUrl":"https:\/\/www.miomiorun.com\/app\/uploads\/2023\/06\/karhu-synchron-ortix-2.0-W-algeirs-blue-rose-ta-F203000.jpg","width":600,"height":600,"caption":"karhu-synchron-ortix-2.0-W-algeirs-blue-rose-ta-F203000"},{"@type":"BreadcrumbList","@id":"https:\/\/www.miomiorun.com\/fr\/produit\/synchron-2-0-femme\/#breadcrumb","itemListElement":[{"@type":"ListItem","position":1,"name":"Home","item":"https:\/\/www.miomiorun.com\/fr\/home-page\/"},{"@type":"ListItem","position":2,"name":"Shop","item":"https:\/\/www.miomiorun.com\/shop\/"},{"@type":"ListItem","position":3,"name":"Synchron 2.0 femme"}]},{"@type":"WebSite","@id":"https:\/\/www.miomiorun.com\/fr\/#website","url":"https:\/\/www.miomiorun.com\/fr\/","name":"MioMioRun","description":"Boutique 100% running et trail","publisher":{"@id":"https:\/\/www.miomiorun.com\/fr\/#organization"},"potentialAction":[{"@type":"SearchAction","target":{"@type":"EntryPoint","urlTemplate":"https:\/\/www.miomiorun.com\/fr\/?s={search_term_string}"},"query-input":{"@type":"PropertyValueSpecification","valueRequired":true,"valueName":"search_term_string"}}],"inLanguage":"fr-FR"},{"@type":"Organization","@id":"https:\/\/www.miomiorun.com\/fr\/#organization","name":"MioMio Run","url":"https:\/\/www.miomiorun.com\/fr\/","logo":{"@type":"ImageObject","inLanguage":"fr-FR","@id":"https:\/\/www.miomiorun.com\/fr\/#\/schema\/logo\/image\/","url":"https:\/\/www.miomiorun.com\/app\/uploads\/2019\/12\/logomio.png","contentUrl":"https:\/\/www.miomiorun.com\/app\/uploads\/2019\/12\/logomio.png","width":115,"height":82,"caption":"MioMio Run"},"image":{"@id":"https:\/\/www.miomiorun.com\/fr\/#\/schema\/logo\/image\/"},"sameAs":["https:\/\/www.facebook.com\/miomiorun\/","https:\/\/www.instagram.com\/miomiorun\/"]}]}},"_links":{"self":[{"href":"https:\/\/www.miomiorun.com\/fr\/wp-json\/wp\/v2\/product\/287241","targetHints":{"allow":["GET"]}}],"collection":[{"href":"https:\/\/www.miomiorun.com\/fr\/wp-json\/wp\/v2\/product"}],"about":[{"href":"https:\/\/www.miomiorun.com\/fr\/wp-json\/wp\/v2\/types\/product"}],"wp:featuredmedia":[{"embeddable":true,"href":"https:\/\/www.miomiorun.com\/fr\/wp-json\/wp\/v2\/media\/241740"}],"wp:attachment":[{"href":"https:\/\/www.miomiorun.com\/fr\/wp-json\/wp\/v2\/media?parent=287241"}],"wp:term":[{"taxonomy":"product_brand","embeddable":true,"href":"https:\/\/www.miomiorun.com\/fr\/wp-json\/wp\/v2\/product_brand?post=287241"},{"taxonomy":"product_cat","embeddable":true,"href":"https:\/\/www.miomiorun.com\/fr\/wp-json\/wp\/v2\/product_cat?post=287241"},{"taxonomy":"product_tag","embeddable":true,"href":"https:\/\/www.miomiorun.com\/fr\/wp-json\/wp\/v2\/product_tag?post=287241"}],"curies":[{"name":"wp","href":"https:\/\/api.w.org\/{rel}","templated":true}]}}