{"id":287163,"date":"2023-06-24T17:01:40","date_gmt":"2023-06-24T15:01:40","guid":{"rendered":"https:\/\/miomiorun.com\/prodotto\/leki-spin-shark-sl-2\/"},"modified":"2025-06-20T18:52:39","modified_gmt":"2025-06-20T16:52:39","slug":"leki-spin-shark-sl-2","status":"publish","type":"product","link":"https:\/\/www.miomiorun.com\/fr\/produit\/leki-spin-shark-sl-2\/","title":{"rendered":"Leki Spin Shark SL"},"content":{"rendered":"<p>Ce b\u00e2ton de marche nordique en deux parties, fabriqu\u00e9 en aluminium tremp\u00e9 HTS 5.5, vous soutient sur tous les terrains. La poign\u00e9e en li\u00e8ge en deux parties, combin\u00e9e \u00e0 la g\u00e2chette Shark 2.0 et \u00e0 la sangle en maille respirante, garantit une connexion parfaite au b\u00e2ton. La sangle peut \u00eatre d\u00e9tach\u00e9e de la poign\u00e9e en un instant. Gr\u00e2ce au syst\u00e8me de r\u00e9glage Speed Lock+, elle est facilement ajustable entre 100 et 130 cm.<\/p>\n<p><img loading=\"lazy\" decoding=\"async\" class=\"\" src=\"https:\/\/res.cloudinary.com\/leki-lenhart-gmbh\/iu\/c_fit,h_840,w_600\/f_auto\/q_auto\/media\/d7\/57\/d9\/1643288579\/Shark%20System%20Schwarz_Logo?_a=AAAH2AI\" width=\"411\" height=\"24\" data-src=\"https:\/\/res.cloudinary.com\/leki-lenhart-gmbh\/iu\/c_fit,h_840,w_600\/f_auto\/q_auto\/media\/d7\/57\/d9\/1643288579\/Shark%20System%20Schwarz_Logo?_a=AAAH2AI\" \/><\/p>\n<p>Le syst\u00e8me Shark offre une transmission optimale de la force en mettant la main en contact direct avec le b\u00e2ton. Il permet d&#8217;attacher et de rel\u00e2cher rapidement la poign\u00e9e. Toutes les sangles et tous les gants Shark sont compatibles avec les b\u00e2tons Shark.<\/p>\n<h3>Shark 2.0<\/h3>\n<p>Poign\u00e9e polyvalente pour une vari\u00e9t\u00e9 d&#8217;activit\u00e9s sportives. Offre une transmission parfaite de la force et une manipulation ais\u00e9e. Id\u00e9al pour le ski de fond et la marche nordique. Mais aussi pour le skirolling et le trail running, ce multitalent a fait ses preuves.<\/p>\n<h3>Sangle Shark Power<\/h3>\n<p>Sangle de marche nordique parfaitement coup\u00e9e et r\u00e9glable individuellement.<\/p>\n<h3>Aluminium<\/h3>\n<p>Aluminium HTS (Heat Treated Shaft) 5.5<\/p>\n<h3>Speed Lock Plus<\/h3>\n<p>Le syst\u00e8me de r\u00e9glage fonctionne comme une pince externe qui permet un r\u00e9glage facile et assure une force de maintien maximale.<\/p>\n<h3>Rondelle nordique<\/h3>\n<p>Plaque compacte pour la marche nordique. Prot\u00e8ge contre l&#8217;affaissement sur terrain humide et se remplace facilement \u00e0 la main.<\/p>\n<h3>Embout Flex<\/h3>\n<p>Pointe robuste pour un maniement pr\u00e9cis du b\u00e2ton et une adh\u00e9rence parfaite sur presque tous les types de terrain.<\/p>\n<h3>Powergrip Pad<\/h3>\n<p>Le Powergrip Pad en mat\u00e9riau vulcanis\u00e9 assure une adh\u00e9rence optimale sur les chemins et routes pav\u00e9s.<\/p>\n<h3>Caract\u00e9ristiques<\/h3>\n<table class=\"table product-detail-properties-table\">\n<tbody>\n<tr class=\"properties-row\">\n<th class=\"properties-label\">Activit\u00e9s :<\/th>\n<td class=\"properties-value\">Marche nordique<\/td>\n<\/tr>\n<tr class=\"properties-row\">\n<th class=\"properties-label\">Groupe d&#8217;\u00e2ge<\/th>\n<td class=\"properties-value\">Adultes<\/td>\n<\/tr>\n<tr class=\"properties-row\">\n<th class=\"properties-label\">Genre :<\/th>\n<td class=\"properties-value\">Unisexe<\/td>\n<\/tr>\n<tr class=\"properties-row\">\n<th class=\"properties-label\">Gamme de tailles :<\/th>\n<td class=\"properties-value\">Pas de sizerun<\/td>\n<\/tr>\n<tr class=\"properties-row\">\n<th class=\"properties-label\">Construction :<\/th>\n<td class=\"properties-value\">Vario (r\u00e9glable en continu)<\/td>\n<\/tr>\n<tr class=\"properties-row\">\n<th class=\"properties-label\">Taille de l&#8217;emballage :<\/th>\n<td class=\"properties-value\">96 cm<\/td>\n<\/tr>\n<tr class=\"properties-row\">\n<th class=\"properties-label\">Poids :<\/th>\n<td class=\"properties-value\">208 g<\/td>\n<\/tr>\n<tr class=\"properties-row\">\n<th class=\"properties-label\">Diam\u00e8tre :<\/th>\n<td class=\"properties-value\">16|14 mm<\/td>\n<\/tr>\n<tr class=\"properties-row\">\n<th class=\"properties-label\">Syst\u00e8me de poign\u00e9e :<\/th>\n<td class=\"properties-value\">Syst\u00e8me Shark<\/td>\n<\/tr>\n<tr class=\"properties-row\">\n<th class=\"properties-label\">G\u00e9om\u00e9trie du tube :<\/th>\n<td class=\"properties-value\">Sans profil<\/td>\n<\/tr>\n<tr class=\"properties-row\">\n<th class=\"properties-label\">Forme du tube :<\/th>\n<td class=\"properties-value\">Cylindrique<\/td>\n<\/tr>\n<tr class=\"properties-row\">\n<th class=\"properties-label\">Poign\u00e9e :<\/th>\n<td class=\"properties-value\">Shark 2.0<\/td>\n<\/tr>\n<tr class=\"properties-row\">\n<th class=\"properties-label\">Sangle :<\/th>\n<td class=\"properties-value\">Courroie Shark Power Trigger<\/td>\n<\/tr>\n<tr class=\"properties-row\">\n<th class=\"properties-label\">Mat\u00e9riau du tube :<\/th>\n<td class=\"properties-value\">Aluminium (HTS 5.5)<\/td>\n<\/tr>\n<tr class=\"properties-row\">\n<th class=\"properties-label\">Partie sup\u00e9rieure du tube :<\/th>\n<td class=\"properties-value\">Aluminium<\/td>\n<\/tr>\n<tr class=\"properties-row\">\n<th class=\"properties-label\">Partie inf\u00e9rieure du tube :<\/th>\n<td class=\"properties-value\">Aluminium<\/td>\n<\/tr>\n<tr class=\"properties-row\">\n<th class=\"properties-label\">Syst\u00e8me de r\u00e9glage<\/th>\n<td class=\"properties-value\">Speed Lock plus<\/td>\n<\/tr>\n<tr class=\"properties-row\">\n<th class=\"properties-label\">Laveuse :<\/th>\n<td class=\"properties-value\">Nordic<\/td>\n<\/tr>\n<tr class=\"properties-row\">\n<th class=\"properties-label\">Conseil :<\/th>\n<td class=\"properties-value\">Flex Tip<\/td>\n<\/tr>\n<tr class=\"properties-row\">\n<th class=\"properties-label\">Taille de la pointe :<\/th>\n<td class=\"properties-value\">Kurz<\/td>\n<\/tr>\n<tr class=\"properties-row\">\n<th class=\"properties-label\">Coussin en caoutchouc :<\/th>\n<td class=\"properties-value\">Pad Powergrip<\/td>\n<\/tr>\n<\/tbody>\n<\/table>\n","protected":false},"excerpt":{"rendered":"<p>Ce b\u00e2ton de marche nordique en deux parties, fabriqu\u00e9 en aluminium tremp\u00e9 HTS 5.5, vous soutient sur tous les terrains. La poign\u00e9e en li\u00e8ge en deux parties, combin\u00e9e \u00e0 la g\u00e2chette Shark 2.0 et \u00e0 la sangle en maille respirante, garantit une connexion parfaite au b\u00e2ton. La sangle peut \u00eatre d\u00e9tach\u00e9e de la poign\u00e9e en &hellip; <a href=\"https:\/\/www.miomiorun.com\/fr\/produit\/leki-spin-shark-sl-2\/\">Continued<\/a><\/p>\n","protected":false},"featured_media":241856,"template":"","meta":{"_acf_changed":false,"inline_featured_image":false},"product_brand":[],"product_cat":[22539],"product_tag":[23596],"class_list":{"0":"post-287163","1":"product","2":"type-product","3":"status-publish","4":"has-post-thumbnail","6":"product_cat-batons","7":"product_tag-leki-fr","8":"pa_attivita-marcher","9":"pa_attivita-outdoor-fr","10":"pa_marca-leki-fr","11":"pa_sesso-femme","12":"pa_sesso-homme","14":"first","15":"instock","16":"sale","17":"taxable","18":"shipping-taxable","19":"purchasable","20":"product-type-simple"},"acf":[],"yoast_head":"<!-- This site is optimized with the Yoast SEO plugin v26.8 - https:\/\/yoast.com\/product\/yoast-seo-wordpress\/ -->\n<title>Leki Spin Shark SL - b\u00e2ton de course - MioMioRun.com<\/title>\n<meta name=\"description\" content=\"Ce b\u00e2ton de marche nordique en deux parties en aluminium tremp\u00e9 HTS 5.5 vous soutient sur tous les terrains. Il est facilement r\u00e9glable de 100 \u00e0 130 cm.\" \/>\n<meta name=\"robots\" content=\"index, follow, max-snippet:-1, max-image-preview:large, max-video-preview:-1\" \/>\n<link rel=\"canonical\" href=\"https:\/\/www.miomiorun.com\/fr\/produit\/leki-spin-shark-sl-2\/\" \/>\n<meta property=\"og:locale\" content=\"fr_FR\" \/>\n<meta property=\"og:type\" content=\"article\" \/>\n<meta property=\"og:title\" content=\"Leki Spin Shark SL - b\u00e2ton de course - MioMioRun.com\" \/>\n<meta property=\"og:description\" content=\"Ce b\u00e2ton de marche nordique en deux parties en aluminium tremp\u00e9 HTS 5.5 vous soutient sur tous les terrains. Il est facilement r\u00e9glable de 100 \u00e0 130 cm.\" \/>\n<meta property=\"og:url\" content=\"https:\/\/www.miomiorun.com\/fr\/produit\/leki-spin-shark-sl-2\/\" \/>\n<meta property=\"og:site_name\" content=\"MioMioRun\" \/>\n<meta property=\"article:publisher\" content=\"https:\/\/www.facebook.com\/miomiorun\/\" \/>\n<meta property=\"article:modified_time\" content=\"2025-06-20T16:52:39+00:00\" \/>\n<meta property=\"og:image\" content=\"https:\/\/www.miomiorun.com\/app\/uploads\/2023\/06\/leki-spin-shark-SL-65326142.jpg\" \/>\n\t<meta property=\"og:image:width\" content=\"600\" \/>\n\t<meta property=\"og:image:height\" content=\"600\" \/>\n\t<meta property=\"og:image:type\" content=\"image\/jpeg\" \/>\n<meta name=\"twitter:card\" content=\"summary_large_image\" \/>\n<meta name=\"twitter:label1\" content=\"Est. reading time\" \/>\n\t<meta name=\"twitter:data1\" content=\"2 minutes\" \/>\n<script type=\"application\/ld+json\" class=\"yoast-schema-graph\">{\"@context\":\"https:\/\/schema.org\",\"@graph\":[{\"@type\":\"WebPage\",\"@id\":\"https:\/\/www.miomiorun.com\/fr\/produit\/leki-spin-shark-sl-2\/\",\"url\":\"https:\/\/www.miomiorun.com\/fr\/produit\/leki-spin-shark-sl-2\/\",\"name\":\"Leki Spin Shark SL - b\u00e2ton de course - MioMioRun.com\",\"isPartOf\":{\"@id\":\"https:\/\/www.miomiorun.com\/fr\/#website\"},\"primaryImageOfPage\":{\"@id\":\"https:\/\/www.miomiorun.com\/fr\/produit\/leki-spin-shark-sl-2\/#primaryimage\"},\"image\":{\"@id\":\"https:\/\/www.miomiorun.com\/fr\/produit\/leki-spin-shark-sl-2\/#primaryimage\"},\"thumbnailUrl\":\"https:\/\/www.miomiorun.com\/app\/uploads\/2023\/06\/leki-spin-shark-SL-65326142.jpg\",\"datePublished\":\"2023-06-24T15:01:40+00:00\",\"dateModified\":\"2025-06-20T16:52:39+00:00\",\"description\":\"Ce b\u00e2ton de marche nordique en deux parties en aluminium tremp\u00e9 HTS 5.5 vous soutient sur tous les terrains. Il est facilement r\u00e9glable de 100 \u00e0 130 cm.\",\"breadcrumb\":{\"@id\":\"https:\/\/www.miomiorun.com\/fr\/produit\/leki-spin-shark-sl-2\/#breadcrumb\"},\"inLanguage\":\"fr-FR\",\"potentialAction\":[{\"@type\":\"ReadAction\",\"target\":[\"https:\/\/www.miomiorun.com\/fr\/produit\/leki-spin-shark-sl-2\/\"]}]},{\"@type\":\"ImageObject\",\"inLanguage\":\"fr-FR\",\"@id\":\"https:\/\/www.miomiorun.com\/fr\/produit\/leki-spin-shark-sl-2\/#primaryimage\",\"url\":\"https:\/\/www.miomiorun.com\/app\/uploads\/2023\/06\/leki-spin-shark-SL-65326142.jpg\",\"contentUrl\":\"https:\/\/www.miomiorun.com\/app\/uploads\/2023\/06\/leki-spin-shark-SL-65326142.jpg\",\"width\":600,\"height\":600,\"caption\":\"leki-spin-shark-SL-65326142\"},{\"@type\":\"BreadcrumbList\",\"@id\":\"https:\/\/www.miomiorun.com\/fr\/produit\/leki-spin-shark-sl-2\/#breadcrumb\",\"itemListElement\":[{\"@type\":\"ListItem\",\"position\":1,\"name\":\"Home\",\"item\":\"https:\/\/www.miomiorun.com\/fr\/home-page\/\"},{\"@type\":\"ListItem\",\"position\":2,\"name\":\"Shop\",\"item\":\"https:\/\/www.miomiorun.com\/shop\/\"},{\"@type\":\"ListItem\",\"position\":3,\"name\":\"Leki Spin Shark SL\"}]},{\"@type\":\"WebSite\",\"@id\":\"https:\/\/www.miomiorun.com\/fr\/#website\",\"url\":\"https:\/\/www.miomiorun.com\/fr\/\",\"name\":\"MioMioRun\",\"description\":\"Boutique 100% running et trail\",\"publisher\":{\"@id\":\"https:\/\/www.miomiorun.com\/fr\/#organization\"},\"potentialAction\":[{\"@type\":\"SearchAction\",\"target\":{\"@type\":\"EntryPoint\",\"urlTemplate\":\"https:\/\/www.miomiorun.com\/fr\/?s={search_term_string}\"},\"query-input\":{\"@type\":\"PropertyValueSpecification\",\"valueRequired\":true,\"valueName\":\"search_term_string\"}}],\"inLanguage\":\"fr-FR\"},{\"@type\":\"Organization\",\"@id\":\"https:\/\/www.miomiorun.com\/fr\/#organization\",\"name\":\"MioMio Run\",\"url\":\"https:\/\/www.miomiorun.com\/fr\/\",\"logo\":{\"@type\":\"ImageObject\",\"inLanguage\":\"fr-FR\",\"@id\":\"https:\/\/www.miomiorun.com\/fr\/#\/schema\/logo\/image\/\",\"url\":\"https:\/\/www.miomiorun.com\/app\/uploads\/2019\/12\/logomio.png\",\"contentUrl\":\"https:\/\/www.miomiorun.com\/app\/uploads\/2019\/12\/logomio.png\",\"width\":115,\"height\":82,\"caption\":\"MioMio Run\"},\"image\":{\"@id\":\"https:\/\/www.miomiorun.com\/fr\/#\/schema\/logo\/image\/\"},\"sameAs\":[\"https:\/\/www.facebook.com\/miomiorun\/\",\"https:\/\/www.instagram.com\/miomiorun\/\"]}]}<\/script>\n<!-- \/ Yoast SEO plugin. -->","yoast_head_json":{"title":"Leki Spin Shark SL - b\u00e2ton de course - MioMioRun.com","description":"Ce b\u00e2ton de marche nordique en deux parties en aluminium tremp\u00e9 HTS 5.5 vous soutient sur tous les terrains. Il est facilement r\u00e9glable de 100 \u00e0 130 cm.","robots":{"index":"index","follow":"follow","max-snippet":"max-snippet:-1","max-image-preview":"max-image-preview:large","max-video-preview":"max-video-preview:-1"},"canonical":"https:\/\/www.miomiorun.com\/fr\/produit\/leki-spin-shark-sl-2\/","og_locale":"fr_FR","og_type":"article","og_title":"Leki Spin Shark SL - b\u00e2ton de course - MioMioRun.com","og_description":"Ce b\u00e2ton de marche nordique en deux parties en aluminium tremp\u00e9 HTS 5.5 vous soutient sur tous les terrains. Il est facilement r\u00e9glable de 100 \u00e0 130 cm.","og_url":"https:\/\/www.miomiorun.com\/fr\/produit\/leki-spin-shark-sl-2\/","og_site_name":"MioMioRun","article_publisher":"https:\/\/www.facebook.com\/miomiorun\/","article_modified_time":"2025-06-20T16:52:39+00:00","og_image":[{"width":600,"height":600,"url":"https:\/\/www.miomiorun.com\/app\/uploads\/2023\/06\/leki-spin-shark-SL-65326142.jpg","type":"image\/jpeg"}],"twitter_card":"summary_large_image","twitter_misc":{"Est. reading time":"2 minutes"},"schema":{"@context":"https:\/\/schema.org","@graph":[{"@type":"WebPage","@id":"https:\/\/www.miomiorun.com\/fr\/produit\/leki-spin-shark-sl-2\/","url":"https:\/\/www.miomiorun.com\/fr\/produit\/leki-spin-shark-sl-2\/","name":"Leki Spin Shark SL - b\u00e2ton de course - MioMioRun.com","isPartOf":{"@id":"https:\/\/www.miomiorun.com\/fr\/#website"},"primaryImageOfPage":{"@id":"https:\/\/www.miomiorun.com\/fr\/produit\/leki-spin-shark-sl-2\/#primaryimage"},"image":{"@id":"https:\/\/www.miomiorun.com\/fr\/produit\/leki-spin-shark-sl-2\/#primaryimage"},"thumbnailUrl":"https:\/\/www.miomiorun.com\/app\/uploads\/2023\/06\/leki-spin-shark-SL-65326142.jpg","datePublished":"2023-06-24T15:01:40+00:00","dateModified":"2025-06-20T16:52:39+00:00","description":"Ce b\u00e2ton de marche nordique en deux parties en aluminium tremp\u00e9 HTS 5.5 vous soutient sur tous les terrains. Il est facilement r\u00e9glable de 100 \u00e0 130 cm.","breadcrumb":{"@id":"https:\/\/www.miomiorun.com\/fr\/produit\/leki-spin-shark-sl-2\/#breadcrumb"},"inLanguage":"fr-FR","potentialAction":[{"@type":"ReadAction","target":["https:\/\/www.miomiorun.com\/fr\/produit\/leki-spin-shark-sl-2\/"]}]},{"@type":"ImageObject","inLanguage":"fr-FR","@id":"https:\/\/www.miomiorun.com\/fr\/produit\/leki-spin-shark-sl-2\/#primaryimage","url":"https:\/\/www.miomiorun.com\/app\/uploads\/2023\/06\/leki-spin-shark-SL-65326142.jpg","contentUrl":"https:\/\/www.miomiorun.com\/app\/uploads\/2023\/06\/leki-spin-shark-SL-65326142.jpg","width":600,"height":600,"caption":"leki-spin-shark-SL-65326142"},{"@type":"BreadcrumbList","@id":"https:\/\/www.miomiorun.com\/fr\/produit\/leki-spin-shark-sl-2\/#breadcrumb","itemListElement":[{"@type":"ListItem","position":1,"name":"Home","item":"https:\/\/www.miomiorun.com\/fr\/home-page\/"},{"@type":"ListItem","position":2,"name":"Shop","item":"https:\/\/www.miomiorun.com\/shop\/"},{"@type":"ListItem","position":3,"name":"Leki Spin Shark SL"}]},{"@type":"WebSite","@id":"https:\/\/www.miomiorun.com\/fr\/#website","url":"https:\/\/www.miomiorun.com\/fr\/","name":"MioMioRun","description":"Boutique 100% running et trail","publisher":{"@id":"https:\/\/www.miomiorun.com\/fr\/#organization"},"potentialAction":[{"@type":"SearchAction","target":{"@type":"EntryPoint","urlTemplate":"https:\/\/www.miomiorun.com\/fr\/?s={search_term_string}"},"query-input":{"@type":"PropertyValueSpecification","valueRequired":true,"valueName":"search_term_string"}}],"inLanguage":"fr-FR"},{"@type":"Organization","@id":"https:\/\/www.miomiorun.com\/fr\/#organization","name":"MioMio Run","url":"https:\/\/www.miomiorun.com\/fr\/","logo":{"@type":"ImageObject","inLanguage":"fr-FR","@id":"https:\/\/www.miomiorun.com\/fr\/#\/schema\/logo\/image\/","url":"https:\/\/www.miomiorun.com\/app\/uploads\/2019\/12\/logomio.png","contentUrl":"https:\/\/www.miomiorun.com\/app\/uploads\/2019\/12\/logomio.png","width":115,"height":82,"caption":"MioMio Run"},"image":{"@id":"https:\/\/www.miomiorun.com\/fr\/#\/schema\/logo\/image\/"},"sameAs":["https:\/\/www.facebook.com\/miomiorun\/","https:\/\/www.instagram.com\/miomiorun\/"]}]}},"_links":{"self":[{"href":"https:\/\/www.miomiorun.com\/fr\/wp-json\/wp\/v2\/product\/287163","targetHints":{"allow":["GET"]}}],"collection":[{"href":"https:\/\/www.miomiorun.com\/fr\/wp-json\/wp\/v2\/product"}],"about":[{"href":"https:\/\/www.miomiorun.com\/fr\/wp-json\/wp\/v2\/types\/product"}],"wp:featuredmedia":[{"embeddable":true,"href":"https:\/\/www.miomiorun.com\/fr\/wp-json\/wp\/v2\/media\/241856"}],"wp:attachment":[{"href":"https:\/\/www.miomiorun.com\/fr\/wp-json\/wp\/v2\/media?parent=287163"}],"wp:term":[{"taxonomy":"product_brand","embeddable":true,"href":"https:\/\/www.miomiorun.com\/fr\/wp-json\/wp\/v2\/product_brand?post=287163"},{"taxonomy":"product_cat","embeddable":true,"href":"https:\/\/www.miomiorun.com\/fr\/wp-json\/wp\/v2\/product_cat?post=287163"},{"taxonomy":"product_tag","embeddable":true,"href":"https:\/\/www.miomiorun.com\/fr\/wp-json\/wp\/v2\/product_tag?post=287163"}],"curies":[{"name":"wp","href":"https:\/\/api.w.org\/{rel}","templated":true}]}}