{"id":287114,"date":"2023-07-11T14:36:39","date_gmt":"2023-07-11T12:36:39","guid":{"rendered":"https:\/\/miomiorun.com\/prodotto\/method-7-8-tight-donna\/"},"modified":"2026-05-08T21:47:20","modified_gmt":"2026-05-08T19:47:20","slug":"method-7-8-tight-femme","status":"publish","type":"product","link":"https:\/\/www.miomiorun.com\/fr\/produit\/method-7-8-tight-femme\/","title":{"rendered":"Method 7\/8 tight femme"},"content":{"rendered":"<h3>Le collant Method 7\/8 allie confort de course et libert\u00e9 de mouvement.<\/h3>\n<p>La coupe moderne offre un soutien et une l\u00e9g\u00e8ret\u00e9 parfaite, tandis que l&#8217;\u00e9lasticit\u00e9 ajoute du confort pour un kilom\u00e9trage sans distraction.<\/p>\n<p>&nbsp;<\/p>\n<p><strong>ID\u00c9AL POUR :<\/strong><\/p>\n<p><img loading=\"lazy\" decoding=\"async\" class=\"a-responsive-image__img\" src=\"https:\/\/www.brooksrunning.com\/on\/demandware.static\/-\/Sites-brooks-master-catalog\/default\/dw733fa591\/specs\/PDP-BestFor-FTW-APP-All-Day-Wear.svg\" alt=\"\" width=\"38\" height=\"38\" \/> l&#8217;entra\u00eenement<\/p>\n<p>&nbsp;<\/p>\n<p><strong>CARACT\u00c9RISTIQUES :<\/strong><\/p>\n<ul class=\"m-long-description__features\">\n<li class=\"m-long-description__feature\">Coupe moderne<\/li>\n<li class=\"m-long-description__feature\">Tissu souple offrant un soutien<\/li>\n<li class=\"m-long-description__feature\">Espace pour ranger les objets de premi\u00e8re n\u00e9cessit\u00e9<\/li>\n<\/ul>\n<div class=\"o-feature-callout__feature-copy\">\n<div class=\"o-feature-callout__feature-copy\">\n<h3 class=\"a-type-h4 o-feature-callout__feature-eyebrow\">Une coupe qui offre du confort<\/h3>\n<h2 class=\"a-type-h3--big o-feature-callout__feature-header\">Nouvelle coupe moderne<\/h2>\n<p class=\"a-type-p o-feature-callout__feature-body\">Les collants ont une taille plus haute pour un meilleur ajustement, tandis que les coutures essentielles assurent une grande l\u00e9g\u00e8ret\u00e9.<\/p>\n<ul class=\"o-feature-callout__feature-list\">\n<li class=\"a-type-p o-feature-callout__feature-list-item\"><span class=\"a-type-p o-feature-callout__feature-list-item-text\">Le tissu DriLayer\u00ae HorsePower, lisse et modelant, offre un ajustement parfait.<\/span><\/li>\n<\/ul>\n<\/div>\n<div class=\"o-feature-callout__feature-copy\">\n<h3 class=\"a-type-h4 o-feature-callout__feature-eyebrow\">Libert\u00e9 de mouvement<\/h3>\n<h2 class=\"a-type-h3--big o-feature-callout__feature-header\">Tissu souple offrant un soutien<\/h2>\n<p class=\"a-type-p o-feature-callout__feature-body\">Le tissu respirant et l\u00e9ger offre la bonne dose de compression pour une sensation agr\u00e9able de soutien.<\/p>\n<\/div>\n<\/div>\n<div><\/div>\n<h3 class=\"o-feature-callout__feature-copy\">A propos des poches<\/h3>\n<div class=\"o-feature-callout__feature-copy\">\n<div class=\"o-feature-callout__feature-copy\">\n<h2 class=\"a-type-h3--big o-feature-callout__feature-header\">De l&#8217;espace pour ranger l&#8217;essentiel<\/h2>\n<p class=\"o-feature-callout__feature-copy\">Emportez tout ce dont vous avez besoin avec vous, gr\u00e2ce aux deux poches lat\u00e9rales et \u00e0 la poche arri\u00e8re adapt\u00e9e au rangement de votre smartphone.<\/p>\n<\/div>\n<\/div>\n","protected":false},"excerpt":{"rendered":"<ul class=\"m-long-description__features\">\n<li class=\"m-long-description__feature\">Pantalon l\u00e9ger et compressif<\/li>\n<li class=\"m-long-description__feature\">avec peu de tissu<\/li>\n<li class=\"m-long-description__feature\">\u00e9lastique<\/li>\n<\/ul>\n","protected":false},"featured_media":242046,"template":"","meta":{"_acf_changed":false,"inline_featured_image":false},"product_brand":[],"product_cat":[22603,22596,22595],"product_tag":[23462,23656],"class_list":{"0":"post-287114","1":"product","2":"type-product","3":"status-publish","4":"has-post-thumbnail","6":"product_cat-pantalon-long","7":"product_cat-vetements-pour-femmes","8":"product_cat-femme","9":"product_tag-brooks-fr","10":"product_tag-brooks-femme","11":"pa_attivita-fitness-fr","12":"pa_attivita-marcher","13":"pa_attivita-running-fr","14":"pa_colore-method-7-8-tight-w-black-fr","15":"pa_colore-method-7-8-tight-w-fast-floral-print-fr","16":"pa_marca-brooks-fr","17":"pa_sesso-femme","18":"pa_size-extra-small-fr","19":"pa_size-small-fr","20":"pa_size-medium-fr","22":"first","23":"instock","24":"sale","25":"taxable","26":"shipping-taxable","27":"purchasable","28":"product-type-variable","29":"wvs-archive-product-wrapper"},"acf":[],"yoast_head":"<!-- This site is optimized with the Yoast SEO plugin v26.8 - https:\/\/yoast.com\/product\/yoast-seo-wordpress\/ -->\n<title>Brooks Method 7\/8 tight femme - Pantalon 7\/8 - MioMioRun<\/title>\n<meta name=\"description\" content=\"Le collant Method 7\/8 allie confort de course et libert\u00e9 de mouvement. La coupe moderne apporte soutien et l\u00e9g\u00e8ret\u00e9.\" \/>\n<meta name=\"robots\" content=\"index, follow, max-snippet:-1, max-image-preview:large, max-video-preview:-1\" \/>\n<link rel=\"canonical\" href=\"https:\/\/www.miomiorun.com\/fr\/produit\/method-7-8-tight-femme\/\" \/>\n<meta property=\"og:locale\" content=\"fr_FR\" \/>\n<meta property=\"og:type\" content=\"article\" \/>\n<meta property=\"og:title\" content=\"Brooks Method 7\/8 tight femme - Pantalon 7\/8 - MioMioRun\" \/>\n<meta property=\"og:description\" content=\"Le collant Method 7\/8 allie confort de course et libert\u00e9 de mouvement. La coupe moderne apporte soutien et l\u00e9g\u00e8ret\u00e9.\" \/>\n<meta property=\"og:url\" content=\"https:\/\/www.miomiorun.com\/fr\/produit\/method-7-8-tight-femme\/\" \/>\n<meta property=\"og:site_name\" content=\"MioMioRun\" \/>\n<meta property=\"article:publisher\" content=\"https:\/\/www.facebook.com\/miomiorun\/\" \/>\n<meta property=\"article:modified_time\" content=\"2026-05-08T19:47:20+00:00\" \/>\n<meta property=\"og:image\" content=\"https:\/\/www.miomiorun.com\/app\/uploads\/2023\/07\/brooks-method-7-8-tight-W-black-221524001.jpg\" \/>\n\t<meta property=\"og:image:width\" content=\"600\" \/>\n\t<meta property=\"og:image:height\" content=\"600\" \/>\n\t<meta property=\"og:image:type\" content=\"image\/jpeg\" \/>\n<meta name=\"twitter:card\" content=\"summary_large_image\" \/>\n<meta name=\"twitter:label1\" content=\"Est. reading time\" \/>\n\t<meta name=\"twitter:data1\" content=\"1 minute\" \/>\n<script type=\"application\/ld+json\" class=\"yoast-schema-graph\">{\"@context\":\"https:\/\/schema.org\",\"@graph\":[{\"@type\":\"WebPage\",\"@id\":\"https:\/\/www.miomiorun.com\/fr\/produit\/method-7-8-tight-femme\/\",\"url\":\"https:\/\/www.miomiorun.com\/fr\/produit\/method-7-8-tight-femme\/\",\"name\":\"Brooks Method 7\/8 tight femme - Pantalon 7\/8 - MioMioRun\",\"isPartOf\":{\"@id\":\"https:\/\/www.miomiorun.com\/fr\/#website\"},\"primaryImageOfPage\":{\"@id\":\"https:\/\/www.miomiorun.com\/fr\/produit\/method-7-8-tight-femme\/#primaryimage\"},\"image\":{\"@id\":\"https:\/\/www.miomiorun.com\/fr\/produit\/method-7-8-tight-femme\/#primaryimage\"},\"thumbnailUrl\":\"https:\/\/www.miomiorun.com\/app\/uploads\/2023\/07\/brooks-method-7-8-tight-W-black-221524001.jpg\",\"datePublished\":\"2023-07-11T12:36:39+00:00\",\"dateModified\":\"2026-05-08T19:47:20+00:00\",\"description\":\"Le collant Method 7\/8 allie confort de course et libert\u00e9 de mouvement. La coupe moderne apporte soutien et l\u00e9g\u00e8ret\u00e9.\",\"breadcrumb\":{\"@id\":\"https:\/\/www.miomiorun.com\/fr\/produit\/method-7-8-tight-femme\/#breadcrumb\"},\"inLanguage\":\"fr-FR\",\"potentialAction\":[{\"@type\":\"ReadAction\",\"target\":[\"https:\/\/www.miomiorun.com\/fr\/produit\/method-7-8-tight-femme\/\"]}]},{\"@type\":\"ImageObject\",\"inLanguage\":\"fr-FR\",\"@id\":\"https:\/\/www.miomiorun.com\/fr\/produit\/method-7-8-tight-femme\/#primaryimage\",\"url\":\"https:\/\/www.miomiorun.com\/app\/uploads\/2023\/07\/brooks-method-7-8-tight-W-black-221524001.jpg\",\"contentUrl\":\"https:\/\/www.miomiorun.com\/app\/uploads\/2023\/07\/brooks-method-7-8-tight-W-black-221524001.jpg\",\"width\":600,\"height\":600,\"caption\":\"brooks-method-7-8-tight-W-black-221524001\"},{\"@type\":\"BreadcrumbList\",\"@id\":\"https:\/\/www.miomiorun.com\/fr\/produit\/method-7-8-tight-femme\/#breadcrumb\",\"itemListElement\":[{\"@type\":\"ListItem\",\"position\":1,\"name\":\"Home\",\"item\":\"https:\/\/www.miomiorun.com\/fr\/home-page\/\"},{\"@type\":\"ListItem\",\"position\":2,\"name\":\"Shop\",\"item\":\"https:\/\/www.miomiorun.com\/shop\/\"},{\"@type\":\"ListItem\",\"position\":3,\"name\":\"Method 7\/8 tight femme\"}]},{\"@type\":\"WebSite\",\"@id\":\"https:\/\/www.miomiorun.com\/fr\/#website\",\"url\":\"https:\/\/www.miomiorun.com\/fr\/\",\"name\":\"MioMioRun\",\"description\":\"Boutique 100% running et trail\",\"publisher\":{\"@id\":\"https:\/\/www.miomiorun.com\/fr\/#organization\"},\"potentialAction\":[{\"@type\":\"SearchAction\",\"target\":{\"@type\":\"EntryPoint\",\"urlTemplate\":\"https:\/\/www.miomiorun.com\/fr\/?s={search_term_string}\"},\"query-input\":{\"@type\":\"PropertyValueSpecification\",\"valueRequired\":true,\"valueName\":\"search_term_string\"}}],\"inLanguage\":\"fr-FR\"},{\"@type\":\"Organization\",\"@id\":\"https:\/\/www.miomiorun.com\/fr\/#organization\",\"name\":\"MioMio Run\",\"url\":\"https:\/\/www.miomiorun.com\/fr\/\",\"logo\":{\"@type\":\"ImageObject\",\"inLanguage\":\"fr-FR\",\"@id\":\"https:\/\/www.miomiorun.com\/fr\/#\/schema\/logo\/image\/\",\"url\":\"https:\/\/www.miomiorun.com\/app\/uploads\/2019\/12\/logomio.png\",\"contentUrl\":\"https:\/\/www.miomiorun.com\/app\/uploads\/2019\/12\/logomio.png\",\"width\":115,\"height\":82,\"caption\":\"MioMio Run\"},\"image\":{\"@id\":\"https:\/\/www.miomiorun.com\/fr\/#\/schema\/logo\/image\/\"},\"sameAs\":[\"https:\/\/www.facebook.com\/miomiorun\/\",\"https:\/\/www.instagram.com\/miomiorun\/\"]}]}<\/script>\n<!-- \/ Yoast SEO plugin. -->","yoast_head_json":{"title":"Brooks Method 7\/8 tight femme - Pantalon 7\/8 - MioMioRun","description":"Le collant Method 7\/8 allie confort de course et libert\u00e9 de mouvement. La coupe moderne apporte soutien et l\u00e9g\u00e8ret\u00e9.","robots":{"index":"index","follow":"follow","max-snippet":"max-snippet:-1","max-image-preview":"max-image-preview:large","max-video-preview":"max-video-preview:-1"},"canonical":"https:\/\/www.miomiorun.com\/fr\/produit\/method-7-8-tight-femme\/","og_locale":"fr_FR","og_type":"article","og_title":"Brooks Method 7\/8 tight femme - Pantalon 7\/8 - MioMioRun","og_description":"Le collant Method 7\/8 allie confort de course et libert\u00e9 de mouvement. La coupe moderne apporte soutien et l\u00e9g\u00e8ret\u00e9.","og_url":"https:\/\/www.miomiorun.com\/fr\/produit\/method-7-8-tight-femme\/","og_site_name":"MioMioRun","article_publisher":"https:\/\/www.facebook.com\/miomiorun\/","article_modified_time":"2026-05-08T19:47:20+00:00","og_image":[{"width":600,"height":600,"url":"https:\/\/www.miomiorun.com\/app\/uploads\/2023\/07\/brooks-method-7-8-tight-W-black-221524001.jpg","type":"image\/jpeg"}],"twitter_card":"summary_large_image","twitter_misc":{"Est. reading time":"1 minute"},"schema":{"@context":"https:\/\/schema.org","@graph":[{"@type":"WebPage","@id":"https:\/\/www.miomiorun.com\/fr\/produit\/method-7-8-tight-femme\/","url":"https:\/\/www.miomiorun.com\/fr\/produit\/method-7-8-tight-femme\/","name":"Brooks Method 7\/8 tight femme - Pantalon 7\/8 - MioMioRun","isPartOf":{"@id":"https:\/\/www.miomiorun.com\/fr\/#website"},"primaryImageOfPage":{"@id":"https:\/\/www.miomiorun.com\/fr\/produit\/method-7-8-tight-femme\/#primaryimage"},"image":{"@id":"https:\/\/www.miomiorun.com\/fr\/produit\/method-7-8-tight-femme\/#primaryimage"},"thumbnailUrl":"https:\/\/www.miomiorun.com\/app\/uploads\/2023\/07\/brooks-method-7-8-tight-W-black-221524001.jpg","datePublished":"2023-07-11T12:36:39+00:00","dateModified":"2026-05-08T19:47:20+00:00","description":"Le collant Method 7\/8 allie confort de course et libert\u00e9 de mouvement. La coupe moderne apporte soutien et l\u00e9g\u00e8ret\u00e9.","breadcrumb":{"@id":"https:\/\/www.miomiorun.com\/fr\/produit\/method-7-8-tight-femme\/#breadcrumb"},"inLanguage":"fr-FR","potentialAction":[{"@type":"ReadAction","target":["https:\/\/www.miomiorun.com\/fr\/produit\/method-7-8-tight-femme\/"]}]},{"@type":"ImageObject","inLanguage":"fr-FR","@id":"https:\/\/www.miomiorun.com\/fr\/produit\/method-7-8-tight-femme\/#primaryimage","url":"https:\/\/www.miomiorun.com\/app\/uploads\/2023\/07\/brooks-method-7-8-tight-W-black-221524001.jpg","contentUrl":"https:\/\/www.miomiorun.com\/app\/uploads\/2023\/07\/brooks-method-7-8-tight-W-black-221524001.jpg","width":600,"height":600,"caption":"brooks-method-7-8-tight-W-black-221524001"},{"@type":"BreadcrumbList","@id":"https:\/\/www.miomiorun.com\/fr\/produit\/method-7-8-tight-femme\/#breadcrumb","itemListElement":[{"@type":"ListItem","position":1,"name":"Home","item":"https:\/\/www.miomiorun.com\/fr\/home-page\/"},{"@type":"ListItem","position":2,"name":"Shop","item":"https:\/\/www.miomiorun.com\/shop\/"},{"@type":"ListItem","position":3,"name":"Method 7\/8 tight femme"}]},{"@type":"WebSite","@id":"https:\/\/www.miomiorun.com\/fr\/#website","url":"https:\/\/www.miomiorun.com\/fr\/","name":"MioMioRun","description":"Boutique 100% running et trail","publisher":{"@id":"https:\/\/www.miomiorun.com\/fr\/#organization"},"potentialAction":[{"@type":"SearchAction","target":{"@type":"EntryPoint","urlTemplate":"https:\/\/www.miomiorun.com\/fr\/?s={search_term_string}"},"query-input":{"@type":"PropertyValueSpecification","valueRequired":true,"valueName":"search_term_string"}}],"inLanguage":"fr-FR"},{"@type":"Organization","@id":"https:\/\/www.miomiorun.com\/fr\/#organization","name":"MioMio Run","url":"https:\/\/www.miomiorun.com\/fr\/","logo":{"@type":"ImageObject","inLanguage":"fr-FR","@id":"https:\/\/www.miomiorun.com\/fr\/#\/schema\/logo\/image\/","url":"https:\/\/www.miomiorun.com\/app\/uploads\/2019\/12\/logomio.png","contentUrl":"https:\/\/www.miomiorun.com\/app\/uploads\/2019\/12\/logomio.png","width":115,"height":82,"caption":"MioMio Run"},"image":{"@id":"https:\/\/www.miomiorun.com\/fr\/#\/schema\/logo\/image\/"},"sameAs":["https:\/\/www.facebook.com\/miomiorun\/","https:\/\/www.instagram.com\/miomiorun\/"]}]}},"_links":{"self":[{"href":"https:\/\/www.miomiorun.com\/fr\/wp-json\/wp\/v2\/product\/287114","targetHints":{"allow":["GET"]}}],"collection":[{"href":"https:\/\/www.miomiorun.com\/fr\/wp-json\/wp\/v2\/product"}],"about":[{"href":"https:\/\/www.miomiorun.com\/fr\/wp-json\/wp\/v2\/types\/product"}],"wp:featuredmedia":[{"embeddable":true,"href":"https:\/\/www.miomiorun.com\/fr\/wp-json\/wp\/v2\/media\/242046"}],"wp:attachment":[{"href":"https:\/\/www.miomiorun.com\/fr\/wp-json\/wp\/v2\/media?parent=287114"}],"wp:term":[{"taxonomy":"product_brand","embeddable":true,"href":"https:\/\/www.miomiorun.com\/fr\/wp-json\/wp\/v2\/product_brand?post=287114"},{"taxonomy":"product_cat","embeddable":true,"href":"https:\/\/www.miomiorun.com\/fr\/wp-json\/wp\/v2\/product_cat?post=287114"},{"taxonomy":"product_tag","embeddable":true,"href":"https:\/\/www.miomiorun.com\/fr\/wp-json\/wp\/v2\/product_tag?post=287114"}],"curies":[{"name":"wp","href":"https:\/\/api.w.org\/{rel}","templated":true}]}}