{"id":287102,"date":"2023-07-11T15:25:15","date_gmt":"2023-07-11T13:25:15","guid":{"rendered":"https:\/\/miomiorun.com\/prodotto\/distance-long-sleeve-2-0-donna\/"},"modified":"2025-06-18T19:01:45","modified_gmt":"2025-06-18T17:01:45","slug":"distance-long-sleeve-2-0-femme","status":"publish","type":"product","link":"https:\/\/www.miomiorun.com\/fr\/produit\/distance-long-sleeve-2-0-femme\/","title":{"rendered":"Distance Long Sleeve 2.0 femme"},"content":{"rendered":"<h3>M\u00eame un maillot de course basique ne devrait pas \u00eatre&#8230; trop basique.<\/h3>\n<p>Mettez vos favoris au go\u00fbt du jour avec ce maillot de course l\u00e9ger pour femme. Le tissu doux \u00e0 s\u00e9chage rapide \u00e9vacue la transpiration, tandis que la coupe con\u00e7ue pour la course \u00e0 pied offre un confort sans distraction.<\/p>\n<p><strong>CARACT\u00c9RISTIQUES :<\/strong><\/p>\n<ul class=\"m-long-description__features\">\n<li class=\"m-long-description__feature\">S\u00e9chage rapide<\/li>\n<li class=\"m-long-description__feature\">Ultra doux<\/li>\n<li class=\"m-long-description__feature\">Id\u00e9al pour la course \u00e0 pied<\/li>\n<\/ul>\n<h3>Une course difficile ? Pas de probl\u00e8me.<\/h3>\n<h2>Evacuation de la transpiration<\/h2>\n<p>Le tissu DriLayer\u00ae \u00e9vacue la transpiration pour vous aider \u00e0 rester \u00e0 l&#8217;aise et au sec.Protection solaire UPF 50<\/p>\n<h3>Tissu agr\u00e9able au toucher<\/h3>\n<h2>Super doux<\/h2>\n<p>Le tissu en coton m\u00e9lang\u00e9 et les coutures douces procurent une sensation de confort sur le corps.<\/p>\n<h3>Libert\u00e9 de mouvement<\/h3>\n<h2>Tenue de course<\/h2>\n<ul>\n<li>La coupe sans distraction bouge avec le corps pendant la course.<\/li>\n<li>Les trous pour les pouces maintiennent les manches en place.<\/li>\n<\/ul>\n<p>&nbsp;<\/p>\n<p>&nbsp;<\/p>\n<p>&nbsp;<\/p>\n","protected":false},"excerpt":{"rendered":"<ul class=\"m-long-description__features\">\n<li class=\"m-long-description__feature\">T-shirt qui vous prot\u00e8ge du soleil<\/li>\n<li class=\"m-long-description__feature\">S\u00e9chage ultra-rapide<\/li>\n<\/ul>\n","protected":false},"featured_media":242058,"template":"","meta":{"_acf_changed":false,"inline_featured_image":false},"product_brand":[],"product_cat":[22601,22596,22595],"product_tag":[23462,23656],"class_list":{"0":"post-287102","1":"product","2":"type-product","3":"status-publish","4":"has-post-thumbnail","6":"product_cat-maillots","7":"product_cat-vetements-pour-femmes","8":"product_cat-femme","9":"product_tag-brooks-fr","10":"product_tag-brooks-femme","11":"pa_attivita-marcher","12":"pa_attivita-running-fr","13":"pa_colore-distance-long-sleeve-2-0-w-htr-frosted-fr","14":"pa_marca-brooks-fr","15":"pa_sesso-femme","16":"pa_size-extra-small-fr","17":"pa_size-small-fr","18":"pa_size-medium-fr","20":"first","21":"instock","22":"sale","23":"taxable","24":"shipping-taxable","25":"purchasable","26":"product-type-variable","27":"wvs-archive-product-wrapper"},"acf":[],"yoast_head":"<!-- This site is optimized with the Yoast SEO plugin v26.8 - https:\/\/yoast.com\/product\/yoast-seo-wordpress\/ -->\n<title>BrooksDistance Long Sleeve 2.0 femme -maillot de course - MioMioRun<\/title>\n<meta name=\"description\" content=\"M\u00eame un maillot de course basique ne devrait pas \u00eatre... trop basique. Mettez \u00e0 jour vos favoris avec ce maillot de course l\u00e9ger pour femmes.\" \/>\n<meta name=\"robots\" content=\"index, follow, max-snippet:-1, max-image-preview:large, max-video-preview:-1\" \/>\n<link rel=\"canonical\" href=\"https:\/\/www.miomiorun.com\/fr\/produit\/distance-long-sleeve-2-0-femme\/\" \/>\n<meta property=\"og:locale\" content=\"fr_FR\" \/>\n<meta property=\"og:type\" content=\"article\" \/>\n<meta property=\"og:title\" content=\"BrooksDistance Long Sleeve 2.0 femme -maillot de course - MioMioRun\" \/>\n<meta property=\"og:description\" content=\"M\u00eame un maillot de course basique ne devrait pas \u00eatre... trop basique. Mettez \u00e0 jour vos favoris avec ce maillot de course l\u00e9ger pour femmes.\" \/>\n<meta property=\"og:url\" content=\"https:\/\/www.miomiorun.com\/fr\/produit\/distance-long-sleeve-2-0-femme\/\" \/>\n<meta property=\"og:site_name\" content=\"MioMioRun\" \/>\n<meta property=\"article:publisher\" content=\"https:\/\/www.facebook.com\/miomiorun\/\" \/>\n<meta property=\"article:modified_time\" content=\"2025-06-18T17:01:45+00:00\" \/>\n<meta property=\"og:image\" content=\"https:\/\/www.miomiorun.com\/app\/uploads\/2023\/07\/brooks-distance-long-sleeve-2.0-W-htr-frosted-221610603.jpg\" \/>\n\t<meta property=\"og:image:width\" content=\"600\" \/>\n\t<meta property=\"og:image:height\" content=\"600\" \/>\n\t<meta property=\"og:image:type\" content=\"image\/jpeg\" \/>\n<meta name=\"twitter:card\" content=\"summary_large_image\" \/>\n<meta name=\"twitter:label1\" content=\"Est. reading time\" \/>\n\t<meta name=\"twitter:data1\" content=\"1 minute\" \/>\n<script type=\"application\/ld+json\" class=\"yoast-schema-graph\">{\"@context\":\"https:\/\/schema.org\",\"@graph\":[{\"@type\":\"WebPage\",\"@id\":\"https:\/\/www.miomiorun.com\/fr\/produit\/distance-long-sleeve-2-0-femme\/\",\"url\":\"https:\/\/www.miomiorun.com\/fr\/produit\/distance-long-sleeve-2-0-femme\/\",\"name\":\"BrooksDistance Long Sleeve 2.0 femme -maillot de course - MioMioRun\",\"isPartOf\":{\"@id\":\"https:\/\/www.miomiorun.com\/fr\/#website\"},\"primaryImageOfPage\":{\"@id\":\"https:\/\/www.miomiorun.com\/fr\/produit\/distance-long-sleeve-2-0-femme\/#primaryimage\"},\"image\":{\"@id\":\"https:\/\/www.miomiorun.com\/fr\/produit\/distance-long-sleeve-2-0-femme\/#primaryimage\"},\"thumbnailUrl\":\"https:\/\/www.miomiorun.com\/app\/uploads\/2023\/07\/brooks-distance-long-sleeve-2.0-W-htr-frosted-221610603.jpg\",\"datePublished\":\"2023-07-11T13:25:15+00:00\",\"dateModified\":\"2025-06-18T17:01:45+00:00\",\"description\":\"M\u00eame un maillot de course basique ne devrait pas \u00eatre... trop basique. Mettez \u00e0 jour vos favoris avec ce maillot de course l\u00e9ger pour femmes.\",\"breadcrumb\":{\"@id\":\"https:\/\/www.miomiorun.com\/fr\/produit\/distance-long-sleeve-2-0-femme\/#breadcrumb\"},\"inLanguage\":\"fr-FR\",\"potentialAction\":[{\"@type\":\"ReadAction\",\"target\":[\"https:\/\/www.miomiorun.com\/fr\/produit\/distance-long-sleeve-2-0-femme\/\"]}]},{\"@type\":\"ImageObject\",\"inLanguage\":\"fr-FR\",\"@id\":\"https:\/\/www.miomiorun.com\/fr\/produit\/distance-long-sleeve-2-0-femme\/#primaryimage\",\"url\":\"https:\/\/www.miomiorun.com\/app\/uploads\/2023\/07\/brooks-distance-long-sleeve-2.0-W-htr-frosted-221610603.jpg\",\"contentUrl\":\"https:\/\/www.miomiorun.com\/app\/uploads\/2023\/07\/brooks-distance-long-sleeve-2.0-W-htr-frosted-221610603.jpg\",\"width\":600,\"height\":600,\"caption\":\"brooks-distance-long-sleeve-2.0-W-htr-frosted-221610603\"},{\"@type\":\"BreadcrumbList\",\"@id\":\"https:\/\/www.miomiorun.com\/fr\/produit\/distance-long-sleeve-2-0-femme\/#breadcrumb\",\"itemListElement\":[{\"@type\":\"ListItem\",\"position\":1,\"name\":\"Home\",\"item\":\"https:\/\/www.miomiorun.com\/fr\/home-page\/\"},{\"@type\":\"ListItem\",\"position\":2,\"name\":\"Shop\",\"item\":\"https:\/\/www.miomiorun.com\/shop\/\"},{\"@type\":\"ListItem\",\"position\":3,\"name\":\"Distance Long Sleeve 2.0 femme\"}]},{\"@type\":\"WebSite\",\"@id\":\"https:\/\/www.miomiorun.com\/fr\/#website\",\"url\":\"https:\/\/www.miomiorun.com\/fr\/\",\"name\":\"MioMioRun\",\"description\":\"Boutique 100% running et trail\",\"publisher\":{\"@id\":\"https:\/\/www.miomiorun.com\/fr\/#organization\"},\"potentialAction\":[{\"@type\":\"SearchAction\",\"target\":{\"@type\":\"EntryPoint\",\"urlTemplate\":\"https:\/\/www.miomiorun.com\/fr\/?s={search_term_string}\"},\"query-input\":{\"@type\":\"PropertyValueSpecification\",\"valueRequired\":true,\"valueName\":\"search_term_string\"}}],\"inLanguage\":\"fr-FR\"},{\"@type\":\"Organization\",\"@id\":\"https:\/\/www.miomiorun.com\/fr\/#organization\",\"name\":\"MioMio Run\",\"url\":\"https:\/\/www.miomiorun.com\/fr\/\",\"logo\":{\"@type\":\"ImageObject\",\"inLanguage\":\"fr-FR\",\"@id\":\"https:\/\/www.miomiorun.com\/fr\/#\/schema\/logo\/image\/\",\"url\":\"https:\/\/www.miomiorun.com\/app\/uploads\/2019\/12\/logomio.png\",\"contentUrl\":\"https:\/\/www.miomiorun.com\/app\/uploads\/2019\/12\/logomio.png\",\"width\":115,\"height\":82,\"caption\":\"MioMio Run\"},\"image\":{\"@id\":\"https:\/\/www.miomiorun.com\/fr\/#\/schema\/logo\/image\/\"},\"sameAs\":[\"https:\/\/www.facebook.com\/miomiorun\/\",\"https:\/\/www.instagram.com\/miomiorun\/\"]}]}<\/script>\n<!-- \/ Yoast SEO plugin. -->","yoast_head_json":{"title":"BrooksDistance Long Sleeve 2.0 femme -maillot de course - MioMioRun","description":"M\u00eame un maillot de course basique ne devrait pas \u00eatre... trop basique. Mettez \u00e0 jour vos favoris avec ce maillot de course l\u00e9ger pour femmes.","robots":{"index":"index","follow":"follow","max-snippet":"max-snippet:-1","max-image-preview":"max-image-preview:large","max-video-preview":"max-video-preview:-1"},"canonical":"https:\/\/www.miomiorun.com\/fr\/produit\/distance-long-sleeve-2-0-femme\/","og_locale":"fr_FR","og_type":"article","og_title":"BrooksDistance Long Sleeve 2.0 femme -maillot de course - MioMioRun","og_description":"M\u00eame un maillot de course basique ne devrait pas \u00eatre... trop basique. Mettez \u00e0 jour vos favoris avec ce maillot de course l\u00e9ger pour femmes.","og_url":"https:\/\/www.miomiorun.com\/fr\/produit\/distance-long-sleeve-2-0-femme\/","og_site_name":"MioMioRun","article_publisher":"https:\/\/www.facebook.com\/miomiorun\/","article_modified_time":"2025-06-18T17:01:45+00:00","og_image":[{"width":600,"height":600,"url":"https:\/\/www.miomiorun.com\/app\/uploads\/2023\/07\/brooks-distance-long-sleeve-2.0-W-htr-frosted-221610603.jpg","type":"image\/jpeg"}],"twitter_card":"summary_large_image","twitter_misc":{"Est. reading time":"1 minute"},"schema":{"@context":"https:\/\/schema.org","@graph":[{"@type":"WebPage","@id":"https:\/\/www.miomiorun.com\/fr\/produit\/distance-long-sleeve-2-0-femme\/","url":"https:\/\/www.miomiorun.com\/fr\/produit\/distance-long-sleeve-2-0-femme\/","name":"BrooksDistance Long Sleeve 2.0 femme -maillot de course - MioMioRun","isPartOf":{"@id":"https:\/\/www.miomiorun.com\/fr\/#website"},"primaryImageOfPage":{"@id":"https:\/\/www.miomiorun.com\/fr\/produit\/distance-long-sleeve-2-0-femme\/#primaryimage"},"image":{"@id":"https:\/\/www.miomiorun.com\/fr\/produit\/distance-long-sleeve-2-0-femme\/#primaryimage"},"thumbnailUrl":"https:\/\/www.miomiorun.com\/app\/uploads\/2023\/07\/brooks-distance-long-sleeve-2.0-W-htr-frosted-221610603.jpg","datePublished":"2023-07-11T13:25:15+00:00","dateModified":"2025-06-18T17:01:45+00:00","description":"M\u00eame un maillot de course basique ne devrait pas \u00eatre... trop basique. Mettez \u00e0 jour vos favoris avec ce maillot de course l\u00e9ger pour femmes.","breadcrumb":{"@id":"https:\/\/www.miomiorun.com\/fr\/produit\/distance-long-sleeve-2-0-femme\/#breadcrumb"},"inLanguage":"fr-FR","potentialAction":[{"@type":"ReadAction","target":["https:\/\/www.miomiorun.com\/fr\/produit\/distance-long-sleeve-2-0-femme\/"]}]},{"@type":"ImageObject","inLanguage":"fr-FR","@id":"https:\/\/www.miomiorun.com\/fr\/produit\/distance-long-sleeve-2-0-femme\/#primaryimage","url":"https:\/\/www.miomiorun.com\/app\/uploads\/2023\/07\/brooks-distance-long-sleeve-2.0-W-htr-frosted-221610603.jpg","contentUrl":"https:\/\/www.miomiorun.com\/app\/uploads\/2023\/07\/brooks-distance-long-sleeve-2.0-W-htr-frosted-221610603.jpg","width":600,"height":600,"caption":"brooks-distance-long-sleeve-2.0-W-htr-frosted-221610603"},{"@type":"BreadcrumbList","@id":"https:\/\/www.miomiorun.com\/fr\/produit\/distance-long-sleeve-2-0-femme\/#breadcrumb","itemListElement":[{"@type":"ListItem","position":1,"name":"Home","item":"https:\/\/www.miomiorun.com\/fr\/home-page\/"},{"@type":"ListItem","position":2,"name":"Shop","item":"https:\/\/www.miomiorun.com\/shop\/"},{"@type":"ListItem","position":3,"name":"Distance Long Sleeve 2.0 femme"}]},{"@type":"WebSite","@id":"https:\/\/www.miomiorun.com\/fr\/#website","url":"https:\/\/www.miomiorun.com\/fr\/","name":"MioMioRun","description":"Boutique 100% running et trail","publisher":{"@id":"https:\/\/www.miomiorun.com\/fr\/#organization"},"potentialAction":[{"@type":"SearchAction","target":{"@type":"EntryPoint","urlTemplate":"https:\/\/www.miomiorun.com\/fr\/?s={search_term_string}"},"query-input":{"@type":"PropertyValueSpecification","valueRequired":true,"valueName":"search_term_string"}}],"inLanguage":"fr-FR"},{"@type":"Organization","@id":"https:\/\/www.miomiorun.com\/fr\/#organization","name":"MioMio Run","url":"https:\/\/www.miomiorun.com\/fr\/","logo":{"@type":"ImageObject","inLanguage":"fr-FR","@id":"https:\/\/www.miomiorun.com\/fr\/#\/schema\/logo\/image\/","url":"https:\/\/www.miomiorun.com\/app\/uploads\/2019\/12\/logomio.png","contentUrl":"https:\/\/www.miomiorun.com\/app\/uploads\/2019\/12\/logomio.png","width":115,"height":82,"caption":"MioMio Run"},"image":{"@id":"https:\/\/www.miomiorun.com\/fr\/#\/schema\/logo\/image\/"},"sameAs":["https:\/\/www.facebook.com\/miomiorun\/","https:\/\/www.instagram.com\/miomiorun\/"]}]}},"_links":{"self":[{"href":"https:\/\/www.miomiorun.com\/fr\/wp-json\/wp\/v2\/product\/287102","targetHints":{"allow":["GET"]}}],"collection":[{"href":"https:\/\/www.miomiorun.com\/fr\/wp-json\/wp\/v2\/product"}],"about":[{"href":"https:\/\/www.miomiorun.com\/fr\/wp-json\/wp\/v2\/types\/product"}],"wp:featuredmedia":[{"embeddable":true,"href":"https:\/\/www.miomiorun.com\/fr\/wp-json\/wp\/v2\/media\/242058"}],"wp:attachment":[{"href":"https:\/\/www.miomiorun.com\/fr\/wp-json\/wp\/v2\/media?parent=287102"}],"wp:term":[{"taxonomy":"product_brand","embeddable":true,"href":"https:\/\/www.miomiorun.com\/fr\/wp-json\/wp\/v2\/product_brand?post=287102"},{"taxonomy":"product_cat","embeddable":true,"href":"https:\/\/www.miomiorun.com\/fr\/wp-json\/wp\/v2\/product_cat?post=287102"},{"taxonomy":"product_tag","embeddable":true,"href":"https:\/\/www.miomiorun.com\/fr\/wp-json\/wp\/v2\/product_tag?post=287102"}],"curies":[{"name":"wp","href":"https:\/\/api.w.org\/{rel}","templated":true}]}}