{"id":287097,"date":"2023-07-11T15:43:57","date_gmt":"2023-07-11T13:43:57","guid":{"rendered":"https:\/\/miomiorun.com\/prodotto\/high-point-long-sleeve-donna\/"},"modified":"2025-06-18T19:15:18","modified_gmt":"2025-06-18T17:15:18","slug":"high-point-long-sleeve-femme","status":"publish","type":"product","link":"https:\/\/www.miomiorun.com\/fr\/produit\/high-point-long-sleeve-femme\/","title":{"rendered":"High Point Long Sleeve femme"},"content":{"rendered":"<h3>D\u00e9couvrez des v\u00eatements performants con\u00e7us pour le trail.<\/h3>\n<p>Ce maillot f\u00e9minin haut de gamme est dot\u00e9 d&#8217;un tissu respirant con\u00e7u pour la thermor\u00e9gulation, afin que vous restiez au frais par temps chaud et au chaud par temps froid, tandis que la silhouette pr\u00e8s du corps permet de superposer facilement les v\u00eatements.<\/p>\n<p><strong>CARACT\u00c9RISTIQUES :<\/strong><\/p>\n<ul>\n<li>Confort froid\/chaud<\/li>\n<li>Evacue la transpiration<\/li>\n<li>Adaptation \u00e0 la pratique du sport<\/li>\n<li>Compatible avec les sacs \u00e0 dos et les gilets<\/li>\n<\/ul>\n<h3>Froid ? Chaud ? Vous \u00eates pr\u00eat.<\/h3>\n<h2>R\u00e9gulation de la temp\u00e9rature<\/h2>\n<p>Le tissu en laine m\u00e9rinos thermor\u00e9gule pendant la course, vous gardant au frais par temps chaud et au chaud par temps froid.<\/p>\n<p>&nbsp;<\/p>\n<h3>Une course difficile ? Pas de transpiration.<\/h3>\n<h2>Evacuation de la transpiration et s\u00e9chage rapide.<\/h2>\n<p>Le tissu DriLayer\u00ae \u00e9vacue la transpiration et s\u00e8che rapidement pour un confort de course optimal.<\/p>\n<h3>Occulte chacun de vos mouvements<\/h3>\n<h2>Silhouette ajust\u00e9e<\/h2>\n<p>Ce maillot est pr\u00e8s du corps, id\u00e9al pour les superpositions, tandis que l&#8217;encolure plus haute prot\u00e8ge contre les irritations caus\u00e9es par le sac \u00e0 dos ou la veste.<\/p>\n<p>&nbsp;<\/p>\n","protected":false},"excerpt":{"rendered":"<p>D\u00e9couvrez des v\u00eatements performants con\u00e7us pour le trail. Ce maillot f\u00e9minin haut de gamme est dot\u00e9 d&#8217;un tissu respirant con\u00e7u pour la thermor\u00e9gulation, afin que vous restiez au frais par temps chaud et au chaud par temps froid, tandis que la silhouette pr\u00e8s du corps permet de superposer facilement les v\u00eatements. CARACT\u00c9RISTIQUES : Confort froid\/chaud &hellip; <a href=\"https:\/\/www.miomiorun.com\/fr\/produit\/high-point-long-sleeve-femme\/\">Continued<\/a><\/p>\n","protected":false},"featured_media":242066,"template":"","meta":{"_acf_changed":false,"inline_featured_image":false},"product_brand":[],"product_cat":[22601,22596,22595],"product_tag":[23462,23656],"class_list":{"0":"post-287097","1":"product","2":"type-product","3":"status-publish","4":"has-post-thumbnail","6":"product_cat-maillots","7":"product_cat-vetements-pour-femmes","8":"product_cat-femme","9":"product_tag-brooks-fr","10":"product_tag-brooks-femme","11":"pa_attivita-marcher","12":"pa_attivita-outdoor-fr","13":"pa_attivita-running-fr","14":"pa_attivita-trail-fr","15":"pa_colore-high-point-long-sleeve-w-black-fr-2","16":"pa_colore-high-point-long-sleeve-w-lemon-chrome-fr","17":"pa_marca-brooks-fr","18":"pa_sesso-femme","19":"pa_size-extra-small-fr","20":"pa_size-small-fr","21":"pa_size-medium-fr","23":"first","24":"instock","25":"sale","26":"taxable","27":"shipping-taxable","28":"purchasable","29":"product-type-variable","30":"wvs-archive-product-wrapper"},"acf":[],"yoast_head":"<!-- This site is optimized with the Yoast SEO plugin v26.8 - https:\/\/yoast.com\/product\/yoast-seo-wordpress\/ -->\n<title>BrooksHigh Point Long Sleeve femme - maillot de course - MioMioRun<\/title>\n<meta name=\"description\" content=\"Ce T-shirt pour femmes de qualit\u00e9 sup\u00e9rieure est dot\u00e9 d&#039;un tissu respirant con\u00e7u pour la thermor\u00e9gulation.\" \/>\n<meta name=\"robots\" content=\"index, follow, max-snippet:-1, max-image-preview:large, max-video-preview:-1\" \/>\n<link rel=\"canonical\" href=\"https:\/\/www.miomiorun.com\/fr\/produit\/high-point-long-sleeve-femme\/\" \/>\n<meta property=\"og:locale\" content=\"fr_FR\" \/>\n<meta property=\"og:type\" content=\"article\" \/>\n<meta property=\"og:title\" content=\"BrooksHigh Point Long Sleeve femme - maillot de course - MioMioRun\" \/>\n<meta property=\"og:description\" content=\"Ce T-shirt pour femmes de qualit\u00e9 sup\u00e9rieure est dot\u00e9 d&#039;un tissu respirant con\u00e7u pour la thermor\u00e9gulation.\" \/>\n<meta property=\"og:url\" content=\"https:\/\/www.miomiorun.com\/fr\/produit\/high-point-long-sleeve-femme\/\" \/>\n<meta property=\"og:site_name\" content=\"MioMioRun\" \/>\n<meta property=\"article:publisher\" content=\"https:\/\/www.facebook.com\/miomiorun\/\" \/>\n<meta property=\"article:modified_time\" content=\"2025-06-18T17:15:18+00:00\" \/>\n<meta property=\"og:image\" content=\"https:\/\/www.miomiorun.com\/app\/uploads\/2023\/07\/brooks-high-point-long-sleeve-W-bright-purple-221637558.jpg\" \/>\n\t<meta property=\"og:image:width\" content=\"600\" \/>\n\t<meta property=\"og:image:height\" content=\"600\" \/>\n\t<meta property=\"og:image:type\" content=\"image\/jpeg\" \/>\n<meta name=\"twitter:card\" content=\"summary_large_image\" \/>\n<meta name=\"twitter:label1\" content=\"Est. reading time\" \/>\n\t<meta name=\"twitter:data1\" content=\"1 minute\" \/>\n<script type=\"application\/ld+json\" class=\"yoast-schema-graph\">{\"@context\":\"https:\/\/schema.org\",\"@graph\":[{\"@type\":\"WebPage\",\"@id\":\"https:\/\/www.miomiorun.com\/fr\/produit\/high-point-long-sleeve-femme\/\",\"url\":\"https:\/\/www.miomiorun.com\/fr\/produit\/high-point-long-sleeve-femme\/\",\"name\":\"BrooksHigh Point Long Sleeve femme - maillot de course - MioMioRun\",\"isPartOf\":{\"@id\":\"https:\/\/www.miomiorun.com\/fr\/#website\"},\"primaryImageOfPage\":{\"@id\":\"https:\/\/www.miomiorun.com\/fr\/produit\/high-point-long-sleeve-femme\/#primaryimage\"},\"image\":{\"@id\":\"https:\/\/www.miomiorun.com\/fr\/produit\/high-point-long-sleeve-femme\/#primaryimage\"},\"thumbnailUrl\":\"https:\/\/www.miomiorun.com\/app\/uploads\/2023\/07\/brooks-high-point-long-sleeve-W-bright-purple-221637558.jpg\",\"datePublished\":\"2023-07-11T13:43:57+00:00\",\"dateModified\":\"2025-06-18T17:15:18+00:00\",\"description\":\"Ce T-shirt pour femmes de qualit\u00e9 sup\u00e9rieure est dot\u00e9 d'un tissu respirant con\u00e7u pour la thermor\u00e9gulation.\",\"breadcrumb\":{\"@id\":\"https:\/\/www.miomiorun.com\/fr\/produit\/high-point-long-sleeve-femme\/#breadcrumb\"},\"inLanguage\":\"fr-FR\",\"potentialAction\":[{\"@type\":\"ReadAction\",\"target\":[\"https:\/\/www.miomiorun.com\/fr\/produit\/high-point-long-sleeve-femme\/\"]}]},{\"@type\":\"ImageObject\",\"inLanguage\":\"fr-FR\",\"@id\":\"https:\/\/www.miomiorun.com\/fr\/produit\/high-point-long-sleeve-femme\/#primaryimage\",\"url\":\"https:\/\/www.miomiorun.com\/app\/uploads\/2023\/07\/brooks-high-point-long-sleeve-W-bright-purple-221637558.jpg\",\"contentUrl\":\"https:\/\/www.miomiorun.com\/app\/uploads\/2023\/07\/brooks-high-point-long-sleeve-W-bright-purple-221637558.jpg\",\"width\":600,\"height\":600,\"caption\":\"brooks-high-point-long-sleeve-W-bright-purple-221637558\"},{\"@type\":\"BreadcrumbList\",\"@id\":\"https:\/\/www.miomiorun.com\/fr\/produit\/high-point-long-sleeve-femme\/#breadcrumb\",\"itemListElement\":[{\"@type\":\"ListItem\",\"position\":1,\"name\":\"Home\",\"item\":\"https:\/\/www.miomiorun.com\/fr\/home-page\/\"},{\"@type\":\"ListItem\",\"position\":2,\"name\":\"Shop\",\"item\":\"https:\/\/www.miomiorun.com\/shop\/\"},{\"@type\":\"ListItem\",\"position\":3,\"name\":\"High Point Long Sleeve femme\"}]},{\"@type\":\"WebSite\",\"@id\":\"https:\/\/www.miomiorun.com\/fr\/#website\",\"url\":\"https:\/\/www.miomiorun.com\/fr\/\",\"name\":\"MioMioRun\",\"description\":\"Boutique 100% running et trail\",\"publisher\":{\"@id\":\"https:\/\/www.miomiorun.com\/fr\/#organization\"},\"potentialAction\":[{\"@type\":\"SearchAction\",\"target\":{\"@type\":\"EntryPoint\",\"urlTemplate\":\"https:\/\/www.miomiorun.com\/fr\/?s={search_term_string}\"},\"query-input\":{\"@type\":\"PropertyValueSpecification\",\"valueRequired\":true,\"valueName\":\"search_term_string\"}}],\"inLanguage\":\"fr-FR\"},{\"@type\":\"Organization\",\"@id\":\"https:\/\/www.miomiorun.com\/fr\/#organization\",\"name\":\"MioMio Run\",\"url\":\"https:\/\/www.miomiorun.com\/fr\/\",\"logo\":{\"@type\":\"ImageObject\",\"inLanguage\":\"fr-FR\",\"@id\":\"https:\/\/www.miomiorun.com\/fr\/#\/schema\/logo\/image\/\",\"url\":\"https:\/\/www.miomiorun.com\/app\/uploads\/2019\/12\/logomio.png\",\"contentUrl\":\"https:\/\/www.miomiorun.com\/app\/uploads\/2019\/12\/logomio.png\",\"width\":115,\"height\":82,\"caption\":\"MioMio Run\"},\"image\":{\"@id\":\"https:\/\/www.miomiorun.com\/fr\/#\/schema\/logo\/image\/\"},\"sameAs\":[\"https:\/\/www.facebook.com\/miomiorun\/\",\"https:\/\/www.instagram.com\/miomiorun\/\"]}]}<\/script>\n<!-- \/ Yoast SEO plugin. -->","yoast_head_json":{"title":"BrooksHigh Point Long Sleeve femme - maillot de course - MioMioRun","description":"Ce T-shirt pour femmes de qualit\u00e9 sup\u00e9rieure est dot\u00e9 d'un tissu respirant con\u00e7u pour la thermor\u00e9gulation.","robots":{"index":"index","follow":"follow","max-snippet":"max-snippet:-1","max-image-preview":"max-image-preview:large","max-video-preview":"max-video-preview:-1"},"canonical":"https:\/\/www.miomiorun.com\/fr\/produit\/high-point-long-sleeve-femme\/","og_locale":"fr_FR","og_type":"article","og_title":"BrooksHigh Point Long Sleeve femme - maillot de course - MioMioRun","og_description":"Ce T-shirt pour femmes de qualit\u00e9 sup\u00e9rieure est dot\u00e9 d'un tissu respirant con\u00e7u pour la thermor\u00e9gulation.","og_url":"https:\/\/www.miomiorun.com\/fr\/produit\/high-point-long-sleeve-femme\/","og_site_name":"MioMioRun","article_publisher":"https:\/\/www.facebook.com\/miomiorun\/","article_modified_time":"2025-06-18T17:15:18+00:00","og_image":[{"width":600,"height":600,"url":"https:\/\/www.miomiorun.com\/app\/uploads\/2023\/07\/brooks-high-point-long-sleeve-W-bright-purple-221637558.jpg","type":"image\/jpeg"}],"twitter_card":"summary_large_image","twitter_misc":{"Est. reading time":"1 minute"},"schema":{"@context":"https:\/\/schema.org","@graph":[{"@type":"WebPage","@id":"https:\/\/www.miomiorun.com\/fr\/produit\/high-point-long-sleeve-femme\/","url":"https:\/\/www.miomiorun.com\/fr\/produit\/high-point-long-sleeve-femme\/","name":"BrooksHigh Point Long Sleeve femme - maillot de course - MioMioRun","isPartOf":{"@id":"https:\/\/www.miomiorun.com\/fr\/#website"},"primaryImageOfPage":{"@id":"https:\/\/www.miomiorun.com\/fr\/produit\/high-point-long-sleeve-femme\/#primaryimage"},"image":{"@id":"https:\/\/www.miomiorun.com\/fr\/produit\/high-point-long-sleeve-femme\/#primaryimage"},"thumbnailUrl":"https:\/\/www.miomiorun.com\/app\/uploads\/2023\/07\/brooks-high-point-long-sleeve-W-bright-purple-221637558.jpg","datePublished":"2023-07-11T13:43:57+00:00","dateModified":"2025-06-18T17:15:18+00:00","description":"Ce T-shirt pour femmes de qualit\u00e9 sup\u00e9rieure est dot\u00e9 d'un tissu respirant con\u00e7u pour la thermor\u00e9gulation.","breadcrumb":{"@id":"https:\/\/www.miomiorun.com\/fr\/produit\/high-point-long-sleeve-femme\/#breadcrumb"},"inLanguage":"fr-FR","potentialAction":[{"@type":"ReadAction","target":["https:\/\/www.miomiorun.com\/fr\/produit\/high-point-long-sleeve-femme\/"]}]},{"@type":"ImageObject","inLanguage":"fr-FR","@id":"https:\/\/www.miomiorun.com\/fr\/produit\/high-point-long-sleeve-femme\/#primaryimage","url":"https:\/\/www.miomiorun.com\/app\/uploads\/2023\/07\/brooks-high-point-long-sleeve-W-bright-purple-221637558.jpg","contentUrl":"https:\/\/www.miomiorun.com\/app\/uploads\/2023\/07\/brooks-high-point-long-sleeve-W-bright-purple-221637558.jpg","width":600,"height":600,"caption":"brooks-high-point-long-sleeve-W-bright-purple-221637558"},{"@type":"BreadcrumbList","@id":"https:\/\/www.miomiorun.com\/fr\/produit\/high-point-long-sleeve-femme\/#breadcrumb","itemListElement":[{"@type":"ListItem","position":1,"name":"Home","item":"https:\/\/www.miomiorun.com\/fr\/home-page\/"},{"@type":"ListItem","position":2,"name":"Shop","item":"https:\/\/www.miomiorun.com\/shop\/"},{"@type":"ListItem","position":3,"name":"High Point Long Sleeve femme"}]},{"@type":"WebSite","@id":"https:\/\/www.miomiorun.com\/fr\/#website","url":"https:\/\/www.miomiorun.com\/fr\/","name":"MioMioRun","description":"Boutique 100% running et trail","publisher":{"@id":"https:\/\/www.miomiorun.com\/fr\/#organization"},"potentialAction":[{"@type":"SearchAction","target":{"@type":"EntryPoint","urlTemplate":"https:\/\/www.miomiorun.com\/fr\/?s={search_term_string}"},"query-input":{"@type":"PropertyValueSpecification","valueRequired":true,"valueName":"search_term_string"}}],"inLanguage":"fr-FR"},{"@type":"Organization","@id":"https:\/\/www.miomiorun.com\/fr\/#organization","name":"MioMio Run","url":"https:\/\/www.miomiorun.com\/fr\/","logo":{"@type":"ImageObject","inLanguage":"fr-FR","@id":"https:\/\/www.miomiorun.com\/fr\/#\/schema\/logo\/image\/","url":"https:\/\/www.miomiorun.com\/app\/uploads\/2019\/12\/logomio.png","contentUrl":"https:\/\/www.miomiorun.com\/app\/uploads\/2019\/12\/logomio.png","width":115,"height":82,"caption":"MioMio Run"},"image":{"@id":"https:\/\/www.miomiorun.com\/fr\/#\/schema\/logo\/image\/"},"sameAs":["https:\/\/www.facebook.com\/miomiorun\/","https:\/\/www.instagram.com\/miomiorun\/"]}]}},"_links":{"self":[{"href":"https:\/\/www.miomiorun.com\/fr\/wp-json\/wp\/v2\/product\/287097","targetHints":{"allow":["GET"]}}],"collection":[{"href":"https:\/\/www.miomiorun.com\/fr\/wp-json\/wp\/v2\/product"}],"about":[{"href":"https:\/\/www.miomiorun.com\/fr\/wp-json\/wp\/v2\/types\/product"}],"wp:featuredmedia":[{"embeddable":true,"href":"https:\/\/www.miomiorun.com\/fr\/wp-json\/wp\/v2\/media\/242066"}],"wp:attachment":[{"href":"https:\/\/www.miomiorun.com\/fr\/wp-json\/wp\/v2\/media?parent=287097"}],"wp:term":[{"taxonomy":"product_brand","embeddable":true,"href":"https:\/\/www.miomiorun.com\/fr\/wp-json\/wp\/v2\/product_brand?post=287097"},{"taxonomy":"product_cat","embeddable":true,"href":"https:\/\/www.miomiorun.com\/fr\/wp-json\/wp\/v2\/product_cat?post=287097"},{"taxonomy":"product_tag","embeddable":true,"href":"https:\/\/www.miomiorun.com\/fr\/wp-json\/wp\/v2\/product_tag?post=287097"}],"curies":[{"name":"wp","href":"https:\/\/api.w.org\/{rel}","templated":true}]}}