{"id":287052,"date":"2023-07-13T15:10:10","date_gmt":"2023-07-13T13:10:10","guid":{"rendered":"https:\/\/miomiorun.com\/prodotto\/marathon-ow-pants-short-uomo\/"},"modified":"2025-06-18T19:18:13","modified_gmt":"2025-06-18T17:18:13","slug":"marathon-ow-pants-short-homme","status":"publish","type":"product","link":"https:\/\/www.miomiorun.com\/fr\/produit\/marathon-ow-pants-short-homme\/","title":{"rendered":"Marathon OW Pants Short homme"},"content":{"rendered":"<div id=\"tab-description\" class=\"tab-pane active\" role=\"tabpanel\">\n<div class=\"tab-custom\">\n<div class=\"tab-content\">\n<div id=\"tab-description\" class=\"tab-pane active\" role=\"tabpanel\">\n<div class=\"tab-custom\">\n<div class=\"tab-custom-inner-max content-wysiwyg\">\n<p>Men&#8217;s <strong>Marathon<\/strong> est le short de course ultra-l\u00e9ger (moins de 70 grammes) fabriqu\u00e9 avec le syst\u00e8me exclusif Zero-Friction qui \u00e9limine les points de frottement entre la peau et le tissu. La construction sans coutures au niveau des jambes, une seule au milieu du short, \u00e9vite l&#8217;abrasion et augmente le confort sur les longues distances. La ceinture ergonomique \u00e9lastiqu\u00e9e permet au short de rester toujours dans la bonne position, et le traitement 3D du tissu garantit un ajustement parfait.<\/p>\n<\/div>\n<\/div>\n<\/div>\n<\/div>\n<\/div>\n<\/div>\n<p class=\"uppercase mb-2 text-black\"><span class=\"text-gray-400\">Mati\u00e8re : 100% POLYAMIDE<\/span><\/p>\n<div class=\"py-2\">\n<h3 class=\"uppercase my-1 text-black\">SYST\u00c8ME DE FRICTION Z\u00c9RO<\/h3>\n<div>Con\u00e7u pour ne pas se laisser distraire et pour b\u00e9n\u00e9ficier d&#8217;une libert\u00e9 de mouvement absolue. En \u00e9liminant les coutures \u00e0 l&#8217;int\u00e9rieur et \u00e0 l&#8217;ext\u00e9rieur de la jambe, la peau est prot\u00e9g\u00e9e des frottements. Une fois que vous l&#8217;aurez essay\u00e9, vous ne pourrez plus vous passer du syst\u00e8me Zero-Friction.<\/div>\n<\/div>\n<div class=\"py-2\">\n<h3 class=\"uppercase my-1 text-black\">LIGNES DE MOUVEMENT EN 3D<\/h3>\n<div>Des lignes tridimensionnelles sont int\u00e9gr\u00e9es dans la structure du mat\u00e9riau afin de cr\u00e9er une plus grande libert\u00e9 de mouvement. Cette technologie de production sp\u00e9ciale augmente l&#8217;\u00e9lasticit\u00e9 et garantit un ajustement parfait.<\/div>\n<\/div>\n<div class=\"py-2\">\n<h3 class=\"uppercase my-1 text-black\">\u00c9LASTIQUE ERGONOMIQUE<\/h3>\n<div>Plus besoin de lacets, la ceinture \u00e9lastique ergonomique est optimis\u00e9e pour assurer un maintien ferme sans compression. Le pantalon est facile \u00e0 enfiler et imm\u00e9diatement pr\u00eat pour la course.<\/div>\n<\/div>\n<div class=\"tab-custom-inner-max content-wysiwyg\">\n<div class=\"product-line\">\n<div id=\"tab-technology\" class=\"tab-pane active\" role=\"tabpanel\">\n<div class=\"tab-custom\">\n<div class=\"tab-items\">\n<div class=\"row\">\n<div class=\"col-xs-12 col-sm-4\">\n<div class=\"tab-item\">\n<div class=\"media media-md\">\n<div class=\"media-left\">\n<\/div>\n<\/div>\n<\/div>\n<\/div>\n<\/div>\n<\/div>\n<\/div>\n<\/div>\n<\/div>\n<\/div>\n","protected":false},"excerpt":{"rendered":"<ul>\n<li>Short anti-frottements<\/li>\n<li>Doux et \u00e9lastique<\/li>\n<li>S\u00e9chage rapide<\/li>\n<\/ul>\n","protected":false},"featured_media":242160,"template":"","meta":{"_acf_changed":false,"inline_featured_image":false},"product_brand":[],"product_cat":[24251,24430],"product_tag":[23526,23550],"class_list":{"0":"post-287052","1":"product","2":"type-product","3":"status-publish","4":"has-post-thumbnail","6":"product_cat-pantalon-court-fr","7":"product_cat-vetements-pour-hommes","8":"product_tag-uyn-fr","9":"product_tag-uyn-homme","10":"pa_attivita-running-fr","11":"pa_marca-uyn-fr","12":"pa_sesso-homme","13":"pa_size-large-fr","15":"first","16":"instock","17":"sale","18":"taxable","19":"shipping-taxable","20":"purchasable","21":"product-type-variable","22":"wvs-archive-product-wrapper"},"acf":[],"yoast_head":"<!-- This site is optimized with the Yoast SEO plugin v26.8 - https:\/\/yoast.com\/product\/yoast-seo-wordpress\/ -->\n<title>UynMarathon OW Pants Short homme - Short pour hommes - MioMioRun<\/title>\n<meta name=\"description\" content=\"Men&#039;s Marathon est le short de course ultra-l\u00e9ger (moins de 70 grammes) fabriqu\u00e9 avec le syst\u00e8me exclusif Zero-Friction.\" \/>\n<meta name=\"robots\" content=\"index, follow, max-snippet:-1, max-image-preview:large, max-video-preview:-1\" \/>\n<link rel=\"canonical\" href=\"https:\/\/www.miomiorun.com\/fr\/produit\/marathon-ow-pants-short-homme\/\" \/>\n<meta property=\"og:locale\" content=\"fr_FR\" \/>\n<meta property=\"og:type\" content=\"article\" \/>\n<meta property=\"og:title\" content=\"UynMarathon OW Pants Short homme - Short pour hommes - MioMioRun\" \/>\n<meta property=\"og:description\" content=\"Men&#039;s Marathon est le short de course ultra-l\u00e9ger (moins de 70 grammes) fabriqu\u00e9 avec le syst\u00e8me exclusif Zero-Friction.\" \/>\n<meta property=\"og:url\" content=\"https:\/\/www.miomiorun.com\/fr\/produit\/marathon-ow-pants-short-homme\/\" \/>\n<meta property=\"og:site_name\" content=\"MioMioRun\" \/>\n<meta property=\"article:publisher\" content=\"https:\/\/www.facebook.com\/miomiorun\/\" \/>\n<meta property=\"article:modified_time\" content=\"2025-06-18T17:18:13+00:00\" \/>\n<meta property=\"og:image\" content=\"https:\/\/www.miomiorun.com\/app\/uploads\/2023\/07\/Uyn-Marathon-OW-pants-M-O101659.jpg\" \/>\n\t<meta property=\"og:image:width\" content=\"600\" \/>\n\t<meta property=\"og:image:height\" content=\"600\" \/>\n\t<meta property=\"og:image:type\" content=\"image\/jpeg\" \/>\n<meta name=\"twitter:card\" content=\"summary_large_image\" \/>\n<meta name=\"twitter:label1\" content=\"Est. reading time\" \/>\n\t<meta name=\"twitter:data1\" content=\"1 minute\" \/>\n<script type=\"application\/ld+json\" class=\"yoast-schema-graph\">{\"@context\":\"https:\/\/schema.org\",\"@graph\":[{\"@type\":\"WebPage\",\"@id\":\"https:\/\/www.miomiorun.com\/fr\/produit\/marathon-ow-pants-short-homme\/\",\"url\":\"https:\/\/www.miomiorun.com\/fr\/produit\/marathon-ow-pants-short-homme\/\",\"name\":\"UynMarathon OW Pants Short homme - Short pour hommes - MioMioRun\",\"isPartOf\":{\"@id\":\"https:\/\/www.miomiorun.com\/fr\/#website\"},\"primaryImageOfPage\":{\"@id\":\"https:\/\/www.miomiorun.com\/fr\/produit\/marathon-ow-pants-short-homme\/#primaryimage\"},\"image\":{\"@id\":\"https:\/\/www.miomiorun.com\/fr\/produit\/marathon-ow-pants-short-homme\/#primaryimage\"},\"thumbnailUrl\":\"https:\/\/www.miomiorun.com\/app\/uploads\/2023\/07\/Uyn-Marathon-OW-pants-M-O101659.jpg\",\"datePublished\":\"2023-07-13T13:10:10+00:00\",\"dateModified\":\"2025-06-18T17:18:13+00:00\",\"description\":\"Men's Marathon est le short de course ultra-l\u00e9ger (moins de 70 grammes) fabriqu\u00e9 avec le syst\u00e8me exclusif Zero-Friction.\",\"breadcrumb\":{\"@id\":\"https:\/\/www.miomiorun.com\/fr\/produit\/marathon-ow-pants-short-homme\/#breadcrumb\"},\"inLanguage\":\"fr-FR\",\"potentialAction\":[{\"@type\":\"ReadAction\",\"target\":[\"https:\/\/www.miomiorun.com\/fr\/produit\/marathon-ow-pants-short-homme\/\"]}]},{\"@type\":\"ImageObject\",\"inLanguage\":\"fr-FR\",\"@id\":\"https:\/\/www.miomiorun.com\/fr\/produit\/marathon-ow-pants-short-homme\/#primaryimage\",\"url\":\"https:\/\/www.miomiorun.com\/app\/uploads\/2023\/07\/Uyn-Marathon-OW-pants-M-O101659.jpg\",\"contentUrl\":\"https:\/\/www.miomiorun.com\/app\/uploads\/2023\/07\/Uyn-Marathon-OW-pants-M-O101659.jpg\",\"width\":600,\"height\":600,\"caption\":\"Uyn-Marathon-OW-pants-M-O101659\"},{\"@type\":\"BreadcrumbList\",\"@id\":\"https:\/\/www.miomiorun.com\/fr\/produit\/marathon-ow-pants-short-homme\/#breadcrumb\",\"itemListElement\":[{\"@type\":\"ListItem\",\"position\":1,\"name\":\"Home\",\"item\":\"https:\/\/www.miomiorun.com\/fr\/home-page\/\"},{\"@type\":\"ListItem\",\"position\":2,\"name\":\"Shop\",\"item\":\"https:\/\/www.miomiorun.com\/shop\/\"},{\"@type\":\"ListItem\",\"position\":3,\"name\":\"Marathon OW Pants Short homme\"}]},{\"@type\":\"WebSite\",\"@id\":\"https:\/\/www.miomiorun.com\/fr\/#website\",\"url\":\"https:\/\/www.miomiorun.com\/fr\/\",\"name\":\"MioMioRun\",\"description\":\"Boutique 100% running et trail\",\"publisher\":{\"@id\":\"https:\/\/www.miomiorun.com\/fr\/#organization\"},\"potentialAction\":[{\"@type\":\"SearchAction\",\"target\":{\"@type\":\"EntryPoint\",\"urlTemplate\":\"https:\/\/www.miomiorun.com\/fr\/?s={search_term_string}\"},\"query-input\":{\"@type\":\"PropertyValueSpecification\",\"valueRequired\":true,\"valueName\":\"search_term_string\"}}],\"inLanguage\":\"fr-FR\"},{\"@type\":\"Organization\",\"@id\":\"https:\/\/www.miomiorun.com\/fr\/#organization\",\"name\":\"MioMio Run\",\"url\":\"https:\/\/www.miomiorun.com\/fr\/\",\"logo\":{\"@type\":\"ImageObject\",\"inLanguage\":\"fr-FR\",\"@id\":\"https:\/\/www.miomiorun.com\/fr\/#\/schema\/logo\/image\/\",\"url\":\"https:\/\/www.miomiorun.com\/app\/uploads\/2019\/12\/logomio.png\",\"contentUrl\":\"https:\/\/www.miomiorun.com\/app\/uploads\/2019\/12\/logomio.png\",\"width\":115,\"height\":82,\"caption\":\"MioMio Run\"},\"image\":{\"@id\":\"https:\/\/www.miomiorun.com\/fr\/#\/schema\/logo\/image\/\"},\"sameAs\":[\"https:\/\/www.facebook.com\/miomiorun\/\",\"https:\/\/www.instagram.com\/miomiorun\/\"]}]}<\/script>\n<!-- \/ Yoast SEO plugin. -->","yoast_head_json":{"title":"UynMarathon OW Pants Short homme - Short pour hommes - MioMioRun","description":"Men's Marathon est le short de course ultra-l\u00e9ger (moins de 70 grammes) fabriqu\u00e9 avec le syst\u00e8me exclusif Zero-Friction.","robots":{"index":"index","follow":"follow","max-snippet":"max-snippet:-1","max-image-preview":"max-image-preview:large","max-video-preview":"max-video-preview:-1"},"canonical":"https:\/\/www.miomiorun.com\/fr\/produit\/marathon-ow-pants-short-homme\/","og_locale":"fr_FR","og_type":"article","og_title":"UynMarathon OW Pants Short homme - Short pour hommes - MioMioRun","og_description":"Men's Marathon est le short de course ultra-l\u00e9ger (moins de 70 grammes) fabriqu\u00e9 avec le syst\u00e8me exclusif Zero-Friction.","og_url":"https:\/\/www.miomiorun.com\/fr\/produit\/marathon-ow-pants-short-homme\/","og_site_name":"MioMioRun","article_publisher":"https:\/\/www.facebook.com\/miomiorun\/","article_modified_time":"2025-06-18T17:18:13+00:00","og_image":[{"width":600,"height":600,"url":"https:\/\/www.miomiorun.com\/app\/uploads\/2023\/07\/Uyn-Marathon-OW-pants-M-O101659.jpg","type":"image\/jpeg"}],"twitter_card":"summary_large_image","twitter_misc":{"Est. reading time":"1 minute"},"schema":{"@context":"https:\/\/schema.org","@graph":[{"@type":"WebPage","@id":"https:\/\/www.miomiorun.com\/fr\/produit\/marathon-ow-pants-short-homme\/","url":"https:\/\/www.miomiorun.com\/fr\/produit\/marathon-ow-pants-short-homme\/","name":"UynMarathon OW Pants Short homme - Short pour hommes - MioMioRun","isPartOf":{"@id":"https:\/\/www.miomiorun.com\/fr\/#website"},"primaryImageOfPage":{"@id":"https:\/\/www.miomiorun.com\/fr\/produit\/marathon-ow-pants-short-homme\/#primaryimage"},"image":{"@id":"https:\/\/www.miomiorun.com\/fr\/produit\/marathon-ow-pants-short-homme\/#primaryimage"},"thumbnailUrl":"https:\/\/www.miomiorun.com\/app\/uploads\/2023\/07\/Uyn-Marathon-OW-pants-M-O101659.jpg","datePublished":"2023-07-13T13:10:10+00:00","dateModified":"2025-06-18T17:18:13+00:00","description":"Men's Marathon est le short de course ultra-l\u00e9ger (moins de 70 grammes) fabriqu\u00e9 avec le syst\u00e8me exclusif Zero-Friction.","breadcrumb":{"@id":"https:\/\/www.miomiorun.com\/fr\/produit\/marathon-ow-pants-short-homme\/#breadcrumb"},"inLanguage":"fr-FR","potentialAction":[{"@type":"ReadAction","target":["https:\/\/www.miomiorun.com\/fr\/produit\/marathon-ow-pants-short-homme\/"]}]},{"@type":"ImageObject","inLanguage":"fr-FR","@id":"https:\/\/www.miomiorun.com\/fr\/produit\/marathon-ow-pants-short-homme\/#primaryimage","url":"https:\/\/www.miomiorun.com\/app\/uploads\/2023\/07\/Uyn-Marathon-OW-pants-M-O101659.jpg","contentUrl":"https:\/\/www.miomiorun.com\/app\/uploads\/2023\/07\/Uyn-Marathon-OW-pants-M-O101659.jpg","width":600,"height":600,"caption":"Uyn-Marathon-OW-pants-M-O101659"},{"@type":"BreadcrumbList","@id":"https:\/\/www.miomiorun.com\/fr\/produit\/marathon-ow-pants-short-homme\/#breadcrumb","itemListElement":[{"@type":"ListItem","position":1,"name":"Home","item":"https:\/\/www.miomiorun.com\/fr\/home-page\/"},{"@type":"ListItem","position":2,"name":"Shop","item":"https:\/\/www.miomiorun.com\/shop\/"},{"@type":"ListItem","position":3,"name":"Marathon OW Pants Short homme"}]},{"@type":"WebSite","@id":"https:\/\/www.miomiorun.com\/fr\/#website","url":"https:\/\/www.miomiorun.com\/fr\/","name":"MioMioRun","description":"Boutique 100% running et trail","publisher":{"@id":"https:\/\/www.miomiorun.com\/fr\/#organization"},"potentialAction":[{"@type":"SearchAction","target":{"@type":"EntryPoint","urlTemplate":"https:\/\/www.miomiorun.com\/fr\/?s={search_term_string}"},"query-input":{"@type":"PropertyValueSpecification","valueRequired":true,"valueName":"search_term_string"}}],"inLanguage":"fr-FR"},{"@type":"Organization","@id":"https:\/\/www.miomiorun.com\/fr\/#organization","name":"MioMio Run","url":"https:\/\/www.miomiorun.com\/fr\/","logo":{"@type":"ImageObject","inLanguage":"fr-FR","@id":"https:\/\/www.miomiorun.com\/fr\/#\/schema\/logo\/image\/","url":"https:\/\/www.miomiorun.com\/app\/uploads\/2019\/12\/logomio.png","contentUrl":"https:\/\/www.miomiorun.com\/app\/uploads\/2019\/12\/logomio.png","width":115,"height":82,"caption":"MioMio Run"},"image":{"@id":"https:\/\/www.miomiorun.com\/fr\/#\/schema\/logo\/image\/"},"sameAs":["https:\/\/www.facebook.com\/miomiorun\/","https:\/\/www.instagram.com\/miomiorun\/"]}]}},"_links":{"self":[{"href":"https:\/\/www.miomiorun.com\/fr\/wp-json\/wp\/v2\/product\/287052","targetHints":{"allow":["GET"]}}],"collection":[{"href":"https:\/\/www.miomiorun.com\/fr\/wp-json\/wp\/v2\/product"}],"about":[{"href":"https:\/\/www.miomiorun.com\/fr\/wp-json\/wp\/v2\/types\/product"}],"wp:featuredmedia":[{"embeddable":true,"href":"https:\/\/www.miomiorun.com\/fr\/wp-json\/wp\/v2\/media\/242160"}],"wp:attachment":[{"href":"https:\/\/www.miomiorun.com\/fr\/wp-json\/wp\/v2\/media?parent=287052"}],"wp:term":[{"taxonomy":"product_brand","embeddable":true,"href":"https:\/\/www.miomiorun.com\/fr\/wp-json\/wp\/v2\/product_brand?post=287052"},{"taxonomy":"product_cat","embeddable":true,"href":"https:\/\/www.miomiorun.com\/fr\/wp-json\/wp\/v2\/product_cat?post=287052"},{"taxonomy":"product_tag","embeddable":true,"href":"https:\/\/www.miomiorun.com\/fr\/wp-json\/wp\/v2\/product_tag?post=287052"}],"curies":[{"name":"wp","href":"https:\/\/api.w.org\/{rel}","templated":true}]}}