{"id":286788,"date":"2023-07-20T14:53:44","date_gmt":"2023-07-20T12:53:44","guid":{"rendered":"https:\/\/miomiorun.com\/prodotto\/notch-thermal-beanie\/"},"modified":"2025-06-19T18:19:34","modified_gmt":"2025-06-19T16:19:34","slug":"notch-thermal-beanie","status":"publish","type":"product","link":"https:\/\/www.miomiorun.com\/fr\/produit\/notch-thermal-beanie\/","title":{"rendered":"Notch Thermal Beanie"},"content":{"rendered":"<p>Le bonnet <strong>Notch Thermal Beanie<\/strong> est le bonnet de course parfait pour l&#8217;hiver. Il garde votre t\u00eate au chaud et est anti-odeur.<\/p>\n<p>ID\u00c9AL POUR :<\/p>\n<p><img loading=\"lazy\" decoding=\"async\" class=\"a-responsive-image__img\" src=\"https:\/\/www.brooksrunning.com\/on\/demandware.static\/-\/Sites-brooks-master-catalog\/default\/dw76d19a15\/specs\/PDP-BestFor-APP-Warmth.svg\" alt=\"\" width=\"33\" height=\"33\" \/> Basses temp\u00e9ratures<\/p>\n<p><img loading=\"lazy\" decoding=\"async\" class=\"a-responsive-image__img\" src=\"https:\/\/www.brooksrunning.com\/on\/demandware.static\/-\/Sites-brooks-master-catalog\/default\/dweb5c0570\/specs\/PDP-BestFor-APP-Oder-Resistant.svg\" alt=\"\" width=\"33\" height=\"33\" \/> R\u00e9sistant aux odeurs<\/p>\n<p><strong>Caract\u00e9ristiques :<\/strong><\/p>\n<ul class=\"m-long-description__features\">\n<li class=\"m-long-description__feature\">Ajustement s\u00fbr<\/li>\n<li class=\"m-long-description__feature\">Chaleur accrue<\/li>\n<li class=\"m-long-description__feature\">R\u00e9sistant aux odeurs<\/li>\n<li class=\"m-long-description__feature\">Respectueux de l&#8217;environnement<\/li>\n<\/ul>\n<div class=\"o-feature-callout__feature-copy\">\n<h3 class=\"a-type-h4 o-feature-callout__feature-eyebrow\">Bien en place<\/h3>\n<h2 class=\"a-type-h3--big o-feature-callout__feature-header\">Ajustement stable<\/h2>\n<p class=\"a-type-p o-feature-callout__feature-body\">Une casquette de course \u00e0 pied pour l&#8217;hiver qui ne bouge pas pendant l&#8217;entra\u00eenement.<\/p>\n<div class=\"o-feature-callout__feature-copy\">\n<h3 class=\"a-type-h4 o-feature-callout__feature-eyebrow\">Confortable et douillet<\/h3>\n<h2 class=\"a-type-h3--big o-feature-callout__feature-header\">Une \u00e9treinte chaleureuse<\/h2>\n<p class=\"a-type-p o-feature-callout__feature-body\">Courez sans souci avec cette casquette, dot\u00e9e d&#8217;une doublure en polaire respirante.<\/p>\n<div class=\"o-feature-callout__feature-copy\">\n<h3 class=\"a-type-h4 o-feature-callout__feature-eyebrow\">Fini les v\u00eatements qui sentent mauvais<\/h3>\n<h2 class=\"a-type-h3--big o-feature-callout__feature-header\">R\u00e9sistant aux odeurs<\/h2>\n<p class=\"a-type-p o-feature-callout__feature-body\">La finition anti-odeur de cette casquette r\u00e9siste au lavage.<\/p>\n<\/div>\n<\/div>\n<\/div>\n","protected":false},"excerpt":{"rendered":"<ul class=\"m-long-description__features\">\n<li class=\"m-long-description__feature\">Bonnet id\u00e9al pour l&#8217;hiver<\/li>\n<li class=\"m-long-description__feature\">Repousse les odeurs<\/li>\n<li class=\"m-long-description__feature\">Garde la t\u00eate au chaud gr\u00e2ce \u00e0 sa doublure polaire<\/li>\n<\/ul>\n","protected":false},"featured_media":242406,"template":"","meta":{"_acf_changed":false,"inline_featured_image":false},"product_brand":[],"product_cat":[22580,22579,22538],"product_tag":[23462],"class_list":{"0":"post-286788","1":"product","2":"type-product","3":"status-publish","4":"has-post-thumbnail","6":"product_cat-chapeaux-casquettes","7":"product_cat-chauffage","8":"product_cat-accessoires","9":"product_tag-brooks-fr","10":"pa_attivita-marcher","11":"pa_attivita-running-fr","12":"pa_colore-notch-thermal-beanie-black-fr","13":"pa_colore-notch-thermal-beanie-nightlife-asphalt-fr","14":"pa_marca-brooks-fr","15":"pa_sesso-femme","16":"pa_sesso-homme","18":"first","19":"instock","20":"sale","21":"taxable","22":"shipping-taxable","23":"purchasable","24":"product-type-variable","25":"wvs-archive-product-wrapper"},"acf":[],"yoast_head":"<!-- This site is optimized with the Yoast SEO plugin v26.8 - https:\/\/yoast.com\/product\/yoast-seo-wordpress\/ -->\n<title>Brooks Notch Thermal Beanie - casquette de course- MioMioRun.com<\/title>\n<meta name=\"description\" content=\"Le bonnet Notch Thermal Beanie est le bonnet de course parfait pour l&#039;hiver. Il garde la t\u00eate au chaud et est dot\u00e9 d&#039;une doublure en polaire respirante.\" \/>\n<meta name=\"robots\" content=\"index, follow, max-snippet:-1, max-image-preview:large, max-video-preview:-1\" \/>\n<link rel=\"canonical\" href=\"https:\/\/www.miomiorun.com\/fr\/produit\/notch-thermal-beanie\/\" \/>\n<meta property=\"og:locale\" content=\"fr_FR\" \/>\n<meta property=\"og:type\" content=\"article\" \/>\n<meta property=\"og:title\" content=\"Brooks Notch Thermal Beanie - casquette de course- MioMioRun.com\" \/>\n<meta property=\"og:description\" content=\"Le bonnet Notch Thermal Beanie est le bonnet de course parfait pour l&#039;hiver. Il garde la t\u00eate au chaud et est dot\u00e9 d&#039;une doublure en polaire respirante.\" \/>\n<meta property=\"og:url\" content=\"https:\/\/www.miomiorun.com\/fr\/produit\/notch-thermal-beanie\/\" \/>\n<meta property=\"og:site_name\" content=\"MioMioRun\" \/>\n<meta property=\"article:publisher\" content=\"https:\/\/www.facebook.com\/miomiorun\/\" \/>\n<meta property=\"article:modified_time\" content=\"2025-06-19T16:19:34+00:00\" \/>\n<meta property=\"og:image\" content=\"https:\/\/www.miomiorun.com\/app\/uploads\/2023\/08\/brooks-notch-thermal-beanie-black-280439001.jpg\" \/>\n\t<meta property=\"og:image:width\" content=\"600\" \/>\n\t<meta property=\"og:image:height\" content=\"600\" \/>\n\t<meta property=\"og:image:type\" content=\"image\/jpeg\" \/>\n<meta name=\"twitter:card\" content=\"summary_large_image\" \/>\n<meta name=\"twitter:label1\" content=\"Est. reading time\" \/>\n\t<meta name=\"twitter:data1\" content=\"1 minute\" \/>\n<script type=\"application\/ld+json\" class=\"yoast-schema-graph\">{\"@context\":\"https:\/\/schema.org\",\"@graph\":[{\"@type\":\"WebPage\",\"@id\":\"https:\/\/www.miomiorun.com\/fr\/produit\/notch-thermal-beanie\/\",\"url\":\"https:\/\/www.miomiorun.com\/fr\/produit\/notch-thermal-beanie\/\",\"name\":\"Brooks Notch Thermal Beanie - casquette de course- MioMioRun.com\",\"isPartOf\":{\"@id\":\"https:\/\/www.miomiorun.com\/fr\/#website\"},\"primaryImageOfPage\":{\"@id\":\"https:\/\/www.miomiorun.com\/fr\/produit\/notch-thermal-beanie\/#primaryimage\"},\"image\":{\"@id\":\"https:\/\/www.miomiorun.com\/fr\/produit\/notch-thermal-beanie\/#primaryimage\"},\"thumbnailUrl\":\"https:\/\/www.miomiorun.com\/app\/uploads\/2023\/08\/brooks-notch-thermal-beanie-black-280439001.jpg\",\"datePublished\":\"2023-07-20T12:53:44+00:00\",\"dateModified\":\"2025-06-19T16:19:34+00:00\",\"description\":\"Le bonnet Notch Thermal Beanie est le bonnet de course parfait pour l'hiver. Il garde la t\u00eate au chaud et est dot\u00e9 d'une doublure en polaire respirante.\",\"breadcrumb\":{\"@id\":\"https:\/\/www.miomiorun.com\/fr\/produit\/notch-thermal-beanie\/#breadcrumb\"},\"inLanguage\":\"fr-FR\",\"potentialAction\":[{\"@type\":\"ReadAction\",\"target\":[\"https:\/\/www.miomiorun.com\/fr\/produit\/notch-thermal-beanie\/\"]}]},{\"@type\":\"ImageObject\",\"inLanguage\":\"fr-FR\",\"@id\":\"https:\/\/www.miomiorun.com\/fr\/produit\/notch-thermal-beanie\/#primaryimage\",\"url\":\"https:\/\/www.miomiorun.com\/app\/uploads\/2023\/08\/brooks-notch-thermal-beanie-black-280439001.jpg\",\"contentUrl\":\"https:\/\/www.miomiorun.com\/app\/uploads\/2023\/08\/brooks-notch-thermal-beanie-black-280439001.jpg\",\"width\":600,\"height\":600,\"caption\":\"brooks-notch-thermal-beanie-black-280439001\"},{\"@type\":\"BreadcrumbList\",\"@id\":\"https:\/\/www.miomiorun.com\/fr\/produit\/notch-thermal-beanie\/#breadcrumb\",\"itemListElement\":[{\"@type\":\"ListItem\",\"position\":1,\"name\":\"Home\",\"item\":\"https:\/\/www.miomiorun.com\/fr\/home-page\/\"},{\"@type\":\"ListItem\",\"position\":2,\"name\":\"Shop\",\"item\":\"https:\/\/www.miomiorun.com\/shop\/\"},{\"@type\":\"ListItem\",\"position\":3,\"name\":\"Notch Thermal Beanie\"}]},{\"@type\":\"WebSite\",\"@id\":\"https:\/\/www.miomiorun.com\/fr\/#website\",\"url\":\"https:\/\/www.miomiorun.com\/fr\/\",\"name\":\"MioMioRun\",\"description\":\"Boutique 100% running et trail\",\"publisher\":{\"@id\":\"https:\/\/www.miomiorun.com\/fr\/#organization\"},\"potentialAction\":[{\"@type\":\"SearchAction\",\"target\":{\"@type\":\"EntryPoint\",\"urlTemplate\":\"https:\/\/www.miomiorun.com\/fr\/?s={search_term_string}\"},\"query-input\":{\"@type\":\"PropertyValueSpecification\",\"valueRequired\":true,\"valueName\":\"search_term_string\"}}],\"inLanguage\":\"fr-FR\"},{\"@type\":\"Organization\",\"@id\":\"https:\/\/www.miomiorun.com\/fr\/#organization\",\"name\":\"MioMio Run\",\"url\":\"https:\/\/www.miomiorun.com\/fr\/\",\"logo\":{\"@type\":\"ImageObject\",\"inLanguage\":\"fr-FR\",\"@id\":\"https:\/\/www.miomiorun.com\/fr\/#\/schema\/logo\/image\/\",\"url\":\"https:\/\/www.miomiorun.com\/app\/uploads\/2019\/12\/logomio.png\",\"contentUrl\":\"https:\/\/www.miomiorun.com\/app\/uploads\/2019\/12\/logomio.png\",\"width\":115,\"height\":82,\"caption\":\"MioMio Run\"},\"image\":{\"@id\":\"https:\/\/www.miomiorun.com\/fr\/#\/schema\/logo\/image\/\"},\"sameAs\":[\"https:\/\/www.facebook.com\/miomiorun\/\",\"https:\/\/www.instagram.com\/miomiorun\/\"]}]}<\/script>\n<!-- \/ Yoast SEO plugin. -->","yoast_head_json":{"title":"Brooks Notch Thermal Beanie - casquette de course- MioMioRun.com","description":"Le bonnet Notch Thermal Beanie est le bonnet de course parfait pour l'hiver. Il garde la t\u00eate au chaud et est dot\u00e9 d'une doublure en polaire respirante.","robots":{"index":"index","follow":"follow","max-snippet":"max-snippet:-1","max-image-preview":"max-image-preview:large","max-video-preview":"max-video-preview:-1"},"canonical":"https:\/\/www.miomiorun.com\/fr\/produit\/notch-thermal-beanie\/","og_locale":"fr_FR","og_type":"article","og_title":"Brooks Notch Thermal Beanie - casquette de course- MioMioRun.com","og_description":"Le bonnet Notch Thermal Beanie est le bonnet de course parfait pour l'hiver. Il garde la t\u00eate au chaud et est dot\u00e9 d'une doublure en polaire respirante.","og_url":"https:\/\/www.miomiorun.com\/fr\/produit\/notch-thermal-beanie\/","og_site_name":"MioMioRun","article_publisher":"https:\/\/www.facebook.com\/miomiorun\/","article_modified_time":"2025-06-19T16:19:34+00:00","og_image":[{"width":600,"height":600,"url":"https:\/\/www.miomiorun.com\/app\/uploads\/2023\/08\/brooks-notch-thermal-beanie-black-280439001.jpg","type":"image\/jpeg"}],"twitter_card":"summary_large_image","twitter_misc":{"Est. reading time":"1 minute"},"schema":{"@context":"https:\/\/schema.org","@graph":[{"@type":"WebPage","@id":"https:\/\/www.miomiorun.com\/fr\/produit\/notch-thermal-beanie\/","url":"https:\/\/www.miomiorun.com\/fr\/produit\/notch-thermal-beanie\/","name":"Brooks Notch Thermal Beanie - casquette de course- MioMioRun.com","isPartOf":{"@id":"https:\/\/www.miomiorun.com\/fr\/#website"},"primaryImageOfPage":{"@id":"https:\/\/www.miomiorun.com\/fr\/produit\/notch-thermal-beanie\/#primaryimage"},"image":{"@id":"https:\/\/www.miomiorun.com\/fr\/produit\/notch-thermal-beanie\/#primaryimage"},"thumbnailUrl":"https:\/\/www.miomiorun.com\/app\/uploads\/2023\/08\/brooks-notch-thermal-beanie-black-280439001.jpg","datePublished":"2023-07-20T12:53:44+00:00","dateModified":"2025-06-19T16:19:34+00:00","description":"Le bonnet Notch Thermal Beanie est le bonnet de course parfait pour l'hiver. Il garde la t\u00eate au chaud et est dot\u00e9 d'une doublure en polaire respirante.","breadcrumb":{"@id":"https:\/\/www.miomiorun.com\/fr\/produit\/notch-thermal-beanie\/#breadcrumb"},"inLanguage":"fr-FR","potentialAction":[{"@type":"ReadAction","target":["https:\/\/www.miomiorun.com\/fr\/produit\/notch-thermal-beanie\/"]}]},{"@type":"ImageObject","inLanguage":"fr-FR","@id":"https:\/\/www.miomiorun.com\/fr\/produit\/notch-thermal-beanie\/#primaryimage","url":"https:\/\/www.miomiorun.com\/app\/uploads\/2023\/08\/brooks-notch-thermal-beanie-black-280439001.jpg","contentUrl":"https:\/\/www.miomiorun.com\/app\/uploads\/2023\/08\/brooks-notch-thermal-beanie-black-280439001.jpg","width":600,"height":600,"caption":"brooks-notch-thermal-beanie-black-280439001"},{"@type":"BreadcrumbList","@id":"https:\/\/www.miomiorun.com\/fr\/produit\/notch-thermal-beanie\/#breadcrumb","itemListElement":[{"@type":"ListItem","position":1,"name":"Home","item":"https:\/\/www.miomiorun.com\/fr\/home-page\/"},{"@type":"ListItem","position":2,"name":"Shop","item":"https:\/\/www.miomiorun.com\/shop\/"},{"@type":"ListItem","position":3,"name":"Notch Thermal Beanie"}]},{"@type":"WebSite","@id":"https:\/\/www.miomiorun.com\/fr\/#website","url":"https:\/\/www.miomiorun.com\/fr\/","name":"MioMioRun","description":"Boutique 100% running et trail","publisher":{"@id":"https:\/\/www.miomiorun.com\/fr\/#organization"},"potentialAction":[{"@type":"SearchAction","target":{"@type":"EntryPoint","urlTemplate":"https:\/\/www.miomiorun.com\/fr\/?s={search_term_string}"},"query-input":{"@type":"PropertyValueSpecification","valueRequired":true,"valueName":"search_term_string"}}],"inLanguage":"fr-FR"},{"@type":"Organization","@id":"https:\/\/www.miomiorun.com\/fr\/#organization","name":"MioMio Run","url":"https:\/\/www.miomiorun.com\/fr\/","logo":{"@type":"ImageObject","inLanguage":"fr-FR","@id":"https:\/\/www.miomiorun.com\/fr\/#\/schema\/logo\/image\/","url":"https:\/\/www.miomiorun.com\/app\/uploads\/2019\/12\/logomio.png","contentUrl":"https:\/\/www.miomiorun.com\/app\/uploads\/2019\/12\/logomio.png","width":115,"height":82,"caption":"MioMio Run"},"image":{"@id":"https:\/\/www.miomiorun.com\/fr\/#\/schema\/logo\/image\/"},"sameAs":["https:\/\/www.facebook.com\/miomiorun\/","https:\/\/www.instagram.com\/miomiorun\/"]}]}},"_links":{"self":[{"href":"https:\/\/www.miomiorun.com\/fr\/wp-json\/wp\/v2\/product\/286788","targetHints":{"allow":["GET"]}}],"collection":[{"href":"https:\/\/www.miomiorun.com\/fr\/wp-json\/wp\/v2\/product"}],"about":[{"href":"https:\/\/www.miomiorun.com\/fr\/wp-json\/wp\/v2\/types\/product"}],"wp:featuredmedia":[{"embeddable":true,"href":"https:\/\/www.miomiorun.com\/fr\/wp-json\/wp\/v2\/media\/242406"}],"wp:attachment":[{"href":"https:\/\/www.miomiorun.com\/fr\/wp-json\/wp\/v2\/media?parent=286788"}],"wp:term":[{"taxonomy":"product_brand","embeddable":true,"href":"https:\/\/www.miomiorun.com\/fr\/wp-json\/wp\/v2\/product_brand?post=286788"},{"taxonomy":"product_cat","embeddable":true,"href":"https:\/\/www.miomiorun.com\/fr\/wp-json\/wp\/v2\/product_cat?post=286788"},{"taxonomy":"product_tag","embeddable":true,"href":"https:\/\/www.miomiorun.com\/fr\/wp-json\/wp\/v2\/product_tag?post=286788"}],"curies":[{"name":"wp","href":"https:\/\/api.w.org\/{rel}","templated":true}]}}