{"id":286706,"date":"2023-04-11T15:12:02","date_gmt":"2023-04-11T13:12:02","guid":{"rendered":"https:\/\/miomiorun.com\/prodotto\/pro-trail-wind-ls-tee-donna\/"},"modified":"2026-05-08T21:45:09","modified_gmt":"2026-05-08T19:45:09","slug":"pro-trail-wind-ls-tee-femme","status":"publish","type":"product","link":"https:\/\/www.miomiorun.com\/fr\/produit\/pro-trail-wind-ls-tee-femme\/","title":{"rendered":"PRO Trail Wind LS Tee femme"},"content":{"rendered":"<p>Le <strong>PRO Trail Wind LS Tee<\/strong> pour femme est un maillot \u00e0 manches longues fin et coupe-vent con\u00e7u pour les courses sur sentier de haute intensit\u00e9 lors des journ\u00e9es venteuses du printemps et de l&#8217;\u00e9t\u00e9.<\/p>\n<p>Ce v\u00eatement de qualit\u00e9 professionnelle est compos\u00e9 d&#8217;un tissu ripstop extensible coupe-vent sur le devant et d&#8217;un jersey jacquard ventil\u00e9 sur le dos et les manches. Ce T-shirt \u00e0 manches longues est \u00e9galement dot\u00e9 de manches raglan pour une plus grande libert\u00e9 de mouvement, d&#8217;une courte fermeture \u00e0 glissi\u00e8re sur le devant pour \u00e9vacuer l&#8217;exc\u00e8s de chaleur, de poches pratiques et d&#8217;un ruban adh\u00e9sif sur l&#8217;encolure pour \u00e9viter les irritations. En outre, le v\u00eatement est dot\u00e9 d&#8217;une impression en silicone sur les \u00e9paules pour une bonne prise en main lors du transport d&#8217;un sac \u00e0 dos ou d&#8217;un syst\u00e8me d&#8217;hydratation pendant les longues randonn\u00e9es.<\/p>\n<h3>Caract\u00e9ristiques :<\/h3>\n<ul>\n<li>Tissu stretch ripstop fin et coupe-vent \u00e0 l&#8217;avant<\/li>\n<li>Tricot jacquard doux et ventil\u00e9 au dos et aux manches<\/li>\n<li>Ouverture de l&#8217;encolure avec ruban adh\u00e9sif<\/li>\n<li>Manches raglan<\/li>\n<li>Fermeture \u00e9clair courte sur le devant<\/li>\n<li>Petite poche en filet \u00e9lastique sur le bas gauche<\/li>\n<li>Petite poche zipp\u00e9e en bas \u00e0 droite<\/li>\n<li>Impression silicone sur les \u00e9paules<\/li>\n<li>Coupe r\u00e9guli\u00e8re<\/li>\n<\/ul>\n","protected":false},"excerpt":{"rendered":"<ul>\n<li>Tissu ripstop extensible, fin et coupe-vent sur le devant<\/li>\n<li>Maille jacquard douce et a\u00e9r\u00e9e sur le dos et les manches<\/li>\n<li>Col avec bande de propret\u00e9<\/li>\n<\/ul>\n","protected":false},"featured_media":239991,"template":"","meta":{"_acf_changed":false,"inline_featured_image":false},"product_brand":[],"product_cat":[22601,22596],"product_tag":[23554,23648],"class_list":{"0":"post-286706","1":"product","2":"type-product","3":"status-publish","4":"has-post-thumbnail","6":"product_cat-maillots","7":"product_cat-vetements-pour-femmes","8":"product_tag-craft-fr","9":"product_tag-craft-femme","10":"pa_attivita-marcher","11":"pa_attivita-outdoor-fr","12":"pa_attivita-trail-fr","13":"pa_colore-pro-trail-wind-ls-tee-w-desert-fr","14":"pa_marca-craft-fr","15":"pa_sesso-femme","16":"pa_size-extra-small-fr","17":"pa_size-small-fr","18":"pa_size-medium-fr","20":"first","21":"instock","22":"sale","23":"taxable","24":"shipping-taxable","25":"purchasable","26":"product-type-variable","27":"wvs-archive-product-wrapper"},"acf":[],"yoast_head":"<!-- This site is optimized with the Yoast SEO plugin v26.8 - https:\/\/yoast.com\/product\/yoast-seo-wordpress\/ -->\n<title>Craft PRO Trail Wind LS Tee femme - T-shirt de course- MioMioRun<\/title>\n<meta name=\"description\" content=\"Le tee-shirt PRO Trail Wind LS Tee pour femmes est un tee-shirt fin \u00e0 manches longues avec protection contre le vent, con\u00e7u pour les courses sur sentier de haute intensit\u00e9.\" \/>\n<meta name=\"robots\" content=\"index, follow, max-snippet:-1, max-image-preview:large, max-video-preview:-1\" \/>\n<link rel=\"canonical\" href=\"https:\/\/www.miomiorun.com\/fr\/produit\/pro-trail-wind-ls-tee-femme\/\" \/>\n<meta property=\"og:locale\" content=\"fr_FR\" \/>\n<meta property=\"og:type\" content=\"article\" \/>\n<meta property=\"og:title\" content=\"Craft PRO Trail Wind LS Tee femme - T-shirt de course- MioMioRun\" \/>\n<meta property=\"og:description\" content=\"Le tee-shirt PRO Trail Wind LS Tee pour femmes est un tee-shirt fin \u00e0 manches longues avec protection contre le vent, con\u00e7u pour les courses sur sentier de haute intensit\u00e9.\" \/>\n<meta property=\"og:url\" content=\"https:\/\/www.miomiorun.com\/fr\/produit\/pro-trail-wind-ls-tee-femme\/\" \/>\n<meta property=\"og:site_name\" content=\"MioMioRun\" \/>\n<meta property=\"article:publisher\" content=\"https:\/\/www.facebook.com\/miomiorun\/\" \/>\n<meta property=\"article:modified_time\" content=\"2026-05-08T19:45:09+00:00\" \/>\n<meta property=\"og:image\" content=\"https:\/\/www.miomiorun.com\/app\/uploads\/2023\/04\/craft-pro-trail-wind-ls-tee-W-desert-1913144-574000.jpg\" \/>\n\t<meta property=\"og:image:width\" content=\"600\" \/>\n\t<meta property=\"og:image:height\" content=\"600\" \/>\n\t<meta property=\"og:image:type\" content=\"image\/jpeg\" \/>\n<meta name=\"twitter:card\" content=\"summary_large_image\" \/>\n<meta name=\"twitter:label1\" content=\"Est. reading time\" \/>\n\t<meta name=\"twitter:data1\" content=\"1 minute\" \/>\n<script type=\"application\/ld+json\" class=\"yoast-schema-graph\">{\"@context\":\"https:\/\/schema.org\",\"@graph\":[{\"@type\":\"WebPage\",\"@id\":\"https:\/\/www.miomiorun.com\/fr\/produit\/pro-trail-wind-ls-tee-femme\/\",\"url\":\"https:\/\/www.miomiorun.com\/fr\/produit\/pro-trail-wind-ls-tee-femme\/\",\"name\":\"Craft PRO Trail Wind LS Tee femme - T-shirt de course- MioMioRun\",\"isPartOf\":{\"@id\":\"https:\/\/www.miomiorun.com\/fr\/#website\"},\"primaryImageOfPage\":{\"@id\":\"https:\/\/www.miomiorun.com\/fr\/produit\/pro-trail-wind-ls-tee-femme\/#primaryimage\"},\"image\":{\"@id\":\"https:\/\/www.miomiorun.com\/fr\/produit\/pro-trail-wind-ls-tee-femme\/#primaryimage\"},\"thumbnailUrl\":\"https:\/\/www.miomiorun.com\/app\/uploads\/2023\/04\/craft-pro-trail-wind-ls-tee-W-desert-1913144-574000.jpg\",\"datePublished\":\"2023-04-11T13:12:02+00:00\",\"dateModified\":\"2026-05-08T19:45:09+00:00\",\"description\":\"Le tee-shirt PRO Trail Wind LS Tee pour femmes est un tee-shirt fin \u00e0 manches longues avec protection contre le vent, con\u00e7u pour les courses sur sentier de haute intensit\u00e9.\",\"breadcrumb\":{\"@id\":\"https:\/\/www.miomiorun.com\/fr\/produit\/pro-trail-wind-ls-tee-femme\/#breadcrumb\"},\"inLanguage\":\"fr-FR\",\"potentialAction\":[{\"@type\":\"ReadAction\",\"target\":[\"https:\/\/www.miomiorun.com\/fr\/produit\/pro-trail-wind-ls-tee-femme\/\"]}]},{\"@type\":\"ImageObject\",\"inLanguage\":\"fr-FR\",\"@id\":\"https:\/\/www.miomiorun.com\/fr\/produit\/pro-trail-wind-ls-tee-femme\/#primaryimage\",\"url\":\"https:\/\/www.miomiorun.com\/app\/uploads\/2023\/04\/craft-pro-trail-wind-ls-tee-W-desert-1913144-574000.jpg\",\"contentUrl\":\"https:\/\/www.miomiorun.com\/app\/uploads\/2023\/04\/craft-pro-trail-wind-ls-tee-W-desert-1913144-574000.jpg\",\"width\":600,\"height\":600,\"caption\":\"craft-pro-trail-wind-ls-tee-W-desert-1913144-574000\"},{\"@type\":\"BreadcrumbList\",\"@id\":\"https:\/\/www.miomiorun.com\/fr\/produit\/pro-trail-wind-ls-tee-femme\/#breadcrumb\",\"itemListElement\":[{\"@type\":\"ListItem\",\"position\":1,\"name\":\"Home\",\"item\":\"https:\/\/www.miomiorun.com\/fr\/home-page\/\"},{\"@type\":\"ListItem\",\"position\":2,\"name\":\"Shop\",\"item\":\"https:\/\/www.miomiorun.com\/shop\/\"},{\"@type\":\"ListItem\",\"position\":3,\"name\":\"PRO Trail Wind LS Tee femme\"}]},{\"@type\":\"WebSite\",\"@id\":\"https:\/\/www.miomiorun.com\/fr\/#website\",\"url\":\"https:\/\/www.miomiorun.com\/fr\/\",\"name\":\"MioMioRun\",\"description\":\"Boutique 100% running et trail\",\"publisher\":{\"@id\":\"https:\/\/www.miomiorun.com\/fr\/#organization\"},\"potentialAction\":[{\"@type\":\"SearchAction\",\"target\":{\"@type\":\"EntryPoint\",\"urlTemplate\":\"https:\/\/www.miomiorun.com\/fr\/?s={search_term_string}\"},\"query-input\":{\"@type\":\"PropertyValueSpecification\",\"valueRequired\":true,\"valueName\":\"search_term_string\"}}],\"inLanguage\":\"fr-FR\"},{\"@type\":\"Organization\",\"@id\":\"https:\/\/www.miomiorun.com\/fr\/#organization\",\"name\":\"MioMio Run\",\"url\":\"https:\/\/www.miomiorun.com\/fr\/\",\"logo\":{\"@type\":\"ImageObject\",\"inLanguage\":\"fr-FR\",\"@id\":\"https:\/\/www.miomiorun.com\/fr\/#\/schema\/logo\/image\/\",\"url\":\"https:\/\/www.miomiorun.com\/app\/uploads\/2019\/12\/logomio.png\",\"contentUrl\":\"https:\/\/www.miomiorun.com\/app\/uploads\/2019\/12\/logomio.png\",\"width\":115,\"height\":82,\"caption\":\"MioMio Run\"},\"image\":{\"@id\":\"https:\/\/www.miomiorun.com\/fr\/#\/schema\/logo\/image\/\"},\"sameAs\":[\"https:\/\/www.facebook.com\/miomiorun\/\",\"https:\/\/www.instagram.com\/miomiorun\/\"]}]}<\/script>\n<!-- \/ Yoast SEO plugin. -->","yoast_head_json":{"title":"Craft PRO Trail Wind LS Tee femme - T-shirt de course- MioMioRun","description":"Le tee-shirt PRO Trail Wind LS Tee pour femmes est un tee-shirt fin \u00e0 manches longues avec protection contre le vent, con\u00e7u pour les courses sur sentier de haute intensit\u00e9.","robots":{"index":"index","follow":"follow","max-snippet":"max-snippet:-1","max-image-preview":"max-image-preview:large","max-video-preview":"max-video-preview:-1"},"canonical":"https:\/\/www.miomiorun.com\/fr\/produit\/pro-trail-wind-ls-tee-femme\/","og_locale":"fr_FR","og_type":"article","og_title":"Craft PRO Trail Wind LS Tee femme - T-shirt de course- MioMioRun","og_description":"Le tee-shirt PRO Trail Wind LS Tee pour femmes est un tee-shirt fin \u00e0 manches longues avec protection contre le vent, con\u00e7u pour les courses sur sentier de haute intensit\u00e9.","og_url":"https:\/\/www.miomiorun.com\/fr\/produit\/pro-trail-wind-ls-tee-femme\/","og_site_name":"MioMioRun","article_publisher":"https:\/\/www.facebook.com\/miomiorun\/","article_modified_time":"2026-05-08T19:45:09+00:00","og_image":[{"width":600,"height":600,"url":"https:\/\/www.miomiorun.com\/app\/uploads\/2023\/04\/craft-pro-trail-wind-ls-tee-W-desert-1913144-574000.jpg","type":"image\/jpeg"}],"twitter_card":"summary_large_image","twitter_misc":{"Est. reading time":"1 minute"},"schema":{"@context":"https:\/\/schema.org","@graph":[{"@type":"WebPage","@id":"https:\/\/www.miomiorun.com\/fr\/produit\/pro-trail-wind-ls-tee-femme\/","url":"https:\/\/www.miomiorun.com\/fr\/produit\/pro-trail-wind-ls-tee-femme\/","name":"Craft PRO Trail Wind LS Tee femme - T-shirt de course- MioMioRun","isPartOf":{"@id":"https:\/\/www.miomiorun.com\/fr\/#website"},"primaryImageOfPage":{"@id":"https:\/\/www.miomiorun.com\/fr\/produit\/pro-trail-wind-ls-tee-femme\/#primaryimage"},"image":{"@id":"https:\/\/www.miomiorun.com\/fr\/produit\/pro-trail-wind-ls-tee-femme\/#primaryimage"},"thumbnailUrl":"https:\/\/www.miomiorun.com\/app\/uploads\/2023\/04\/craft-pro-trail-wind-ls-tee-W-desert-1913144-574000.jpg","datePublished":"2023-04-11T13:12:02+00:00","dateModified":"2026-05-08T19:45:09+00:00","description":"Le tee-shirt PRO Trail Wind LS Tee pour femmes est un tee-shirt fin \u00e0 manches longues avec protection contre le vent, con\u00e7u pour les courses sur sentier de haute intensit\u00e9.","breadcrumb":{"@id":"https:\/\/www.miomiorun.com\/fr\/produit\/pro-trail-wind-ls-tee-femme\/#breadcrumb"},"inLanguage":"fr-FR","potentialAction":[{"@type":"ReadAction","target":["https:\/\/www.miomiorun.com\/fr\/produit\/pro-trail-wind-ls-tee-femme\/"]}]},{"@type":"ImageObject","inLanguage":"fr-FR","@id":"https:\/\/www.miomiorun.com\/fr\/produit\/pro-trail-wind-ls-tee-femme\/#primaryimage","url":"https:\/\/www.miomiorun.com\/app\/uploads\/2023\/04\/craft-pro-trail-wind-ls-tee-W-desert-1913144-574000.jpg","contentUrl":"https:\/\/www.miomiorun.com\/app\/uploads\/2023\/04\/craft-pro-trail-wind-ls-tee-W-desert-1913144-574000.jpg","width":600,"height":600,"caption":"craft-pro-trail-wind-ls-tee-W-desert-1913144-574000"},{"@type":"BreadcrumbList","@id":"https:\/\/www.miomiorun.com\/fr\/produit\/pro-trail-wind-ls-tee-femme\/#breadcrumb","itemListElement":[{"@type":"ListItem","position":1,"name":"Home","item":"https:\/\/www.miomiorun.com\/fr\/home-page\/"},{"@type":"ListItem","position":2,"name":"Shop","item":"https:\/\/www.miomiorun.com\/shop\/"},{"@type":"ListItem","position":3,"name":"PRO Trail Wind LS Tee femme"}]},{"@type":"WebSite","@id":"https:\/\/www.miomiorun.com\/fr\/#website","url":"https:\/\/www.miomiorun.com\/fr\/","name":"MioMioRun","description":"Boutique 100% running et trail","publisher":{"@id":"https:\/\/www.miomiorun.com\/fr\/#organization"},"potentialAction":[{"@type":"SearchAction","target":{"@type":"EntryPoint","urlTemplate":"https:\/\/www.miomiorun.com\/fr\/?s={search_term_string}"},"query-input":{"@type":"PropertyValueSpecification","valueRequired":true,"valueName":"search_term_string"}}],"inLanguage":"fr-FR"},{"@type":"Organization","@id":"https:\/\/www.miomiorun.com\/fr\/#organization","name":"MioMio Run","url":"https:\/\/www.miomiorun.com\/fr\/","logo":{"@type":"ImageObject","inLanguage":"fr-FR","@id":"https:\/\/www.miomiorun.com\/fr\/#\/schema\/logo\/image\/","url":"https:\/\/www.miomiorun.com\/app\/uploads\/2019\/12\/logomio.png","contentUrl":"https:\/\/www.miomiorun.com\/app\/uploads\/2019\/12\/logomio.png","width":115,"height":82,"caption":"MioMio Run"},"image":{"@id":"https:\/\/www.miomiorun.com\/fr\/#\/schema\/logo\/image\/"},"sameAs":["https:\/\/www.facebook.com\/miomiorun\/","https:\/\/www.instagram.com\/miomiorun\/"]}]}},"_links":{"self":[{"href":"https:\/\/www.miomiorun.com\/fr\/wp-json\/wp\/v2\/product\/286706","targetHints":{"allow":["GET"]}}],"collection":[{"href":"https:\/\/www.miomiorun.com\/fr\/wp-json\/wp\/v2\/product"}],"about":[{"href":"https:\/\/www.miomiorun.com\/fr\/wp-json\/wp\/v2\/types\/product"}],"wp:featuredmedia":[{"embeddable":true,"href":"https:\/\/www.miomiorun.com\/fr\/wp-json\/wp\/v2\/media\/239991"}],"wp:attachment":[{"href":"https:\/\/www.miomiorun.com\/fr\/wp-json\/wp\/v2\/media?parent=286706"}],"wp:term":[{"taxonomy":"product_brand","embeddable":true,"href":"https:\/\/www.miomiorun.com\/fr\/wp-json\/wp\/v2\/product_brand?post=286706"},{"taxonomy":"product_cat","embeddable":true,"href":"https:\/\/www.miomiorun.com\/fr\/wp-json\/wp\/v2\/product_cat?post=286706"},{"taxonomy":"product_tag","embeddable":true,"href":"https:\/\/www.miomiorun.com\/fr\/wp-json\/wp\/v2\/product_tag?post=286706"}],"curies":[{"name":"wp","href":"https:\/\/api.w.org\/{rel}","templated":true}]}}