{"id":286685,"date":"2023-09-18T18:14:36","date_gmt":"2023-09-18T16:14:36","guid":{"rendered":"https:\/\/miomiorun.com\/prodotto\/assali-trainer-da-12x1\/"},"modified":"2025-06-20T10:05:45","modified_gmt":"2025-06-20T08:05:45","slug":"assali-trainer-da-12x1","status":"publish","type":"product","link":"https:\/\/www.miomiorun.com\/fr\/produit\/assali-trainer-da-12x1\/","title":{"rendered":"Assali Trainer da 12X1"},"content":{"rendered":"<p><div class=\"vc-row container\"><div class=\"vc-column\"><div class=\"vc-column-text\">Les axes inclin\u00e9s E-Thru vous permettent d&#8217;int\u00e9grer votre VTT dans les rouleaux d&#8217;entra\u00eenement <sup>Tacx\u00ae<\/sup>. Les axes ne sont compatibles qu&#8217;avec les rouleaux d&#8217;entra\u00eenement Tacx classiques. D&#8217;autres axes sont disponibles pour les rouleaux \u00e0 entra\u00eenement direct et remplacent les axes inclin\u00e9s standard.<\/p>\n<p><strong>T1711 Axe <\/strong><strong>E-Thru<\/strong> <strong> pour rouleaux d&#8217;entra\u00eenement M12x1, avec filetage m\u00e9trique fin <\/strong>: convient aux moyeux avec axe 142 \u00d712 mm : axe DT Swiss RWS (conique et plat), syst\u00e8me Syntace X-12 (Specialised) et divers types Shimano.<\/div><\/div><\/div><div class=\"vc-row container\"><div class=\"vc-column\"><div class=\"vc-column-text\"><\/p>\n<div class=\"app__feature__card\">\n<div class=\"app__feature__card\">\n<h3 class=\"app__feature__card__title light left\" data-v-5b9e0d04=\"\" data-test=\"gc__heading\">DISPOSITIVI COMPATIBILI<\/h3>\n<div class=\"app__tabs__content__wrap js__app__tabs__content\">\n<div class=\"app__render-content\">\n<div>\n<ul class=\"app__product__list\">\n<li class=\"app__product__list__item\"><img loading=\"lazy\" decoding=\"async\" class=\"app__product__list__item__image\" src=\"https:\/\/static.garmincdn.com\/en\/products\/T2650\/g\/cf-lg-6b370e4c-4528-426f-a2a8-86ddc405a548.jpg\" alt=\"Tacx\u00ae Blue Matic Basic Trainer\" width=\"121\" height=\"121\" \/><span class=\"app__product__list__item__content\"> Tacx\u00ae Blue Matic Basic Trainer <\/span><\/li>\n<li class=\"app__product__list__item\"><img loading=\"lazy\" decoding=\"async\" class=\"app__product__list__item__image\" src=\"https:\/\/static.garmincdn.com\/en\/products\/T2675\/g\/cf-lg-f2c51f85-4b59-41be-ae2b-d983647d21a5.jpg\" alt=\"Tacx\u00ae Blue Twist Basic Trainer\" width=\"120\" height=\"120\" \/><span class=\"app__product__list__item__content\"> Tacx\u00ae Blue Twist Basic Trainer <\/span><\/li>\n<li class=\"app__product__list__item\"><img loading=\"lazy\" decoding=\"async\" class=\"app__product__list__item__image\" src=\"https:\/\/static.garmincdn.com\/en\/products\/T2500\/g\/cf-lg-62cd4ff0-e060-44aa-9e8b-51ab48ea83d9.jpg\" alt=\"Tacx\u00ae Booster Basic Trainer\" width=\"120\" height=\"120\" \/><span class=\"app__product__list__item__content\"> Tacx\u00ae Booster Basic Trainer <\/span><\/li>\n<li class=\"app__product__list__item\"><img loading=\"lazy\" decoding=\"async\" class=\"app__product__list__item__image\" src=\"https:\/\/static.garmincdn.com\/en\/products\/T2240\/g\/cf-lg-ee604b5f-d953-43c7-9d47-53ba35ff3fb1.jpg\" alt=\"Tacx\u00ae Flow Smart Trainer\" width=\"120\" height=\"120\" \/><span class=\"app__product__list__item__content\"> Tacx\u00ae Flow Smart Trainer <\/span><\/li>\n<li class=\"app__product__list__item\"><img loading=\"lazy\" decoding=\"async\" class=\"app__product__list__item__image\" src=\"https:\/\/static.garmincdn.com\/en\/products\/T2400\/g\/cf-lg-7cc92077-e574-49bd-918d-c15e3212900a.jpg\" alt=\"Tacx\u00ae Satori Smart Trainer\" width=\"121\" height=\"121\" \/><span class=\"app__product__list__item__content\"> Tacx\u00ae Satori Smart Trainer <\/span><\/li>\n<\/ul>\n<\/div>\n<\/div>\n<\/div>\n<\/div>\n<\/div>\n<p><\/div><\/div><\/div><\/p>\n","protected":false},"excerpt":{"rendered":"","protected":false},"featured_media":242816,"template":"","meta":{"_acf_changed":false,"inline_featured_image":false},"product_brand":[],"product_cat":[22569,22537],"product_tag":[23480,23535],"class_list":{"0":"post-286685","1":"product","2":"type-product","3":"status-publish","4":"has-post-thumbnail","6":"product_cat-entrainement-en-salle","7":"product_cat-garmin-fr","8":"product_tag-garmin-fr","9":"product_tag-tacx-fr","10":"pa_marca-tacx-fr","11":"pa_sesso-femme","12":"pa_sesso-homme","14":"first","15":"outofstock","16":"sale","17":"taxable","18":"shipping-taxable","19":"purchasable","20":"product-type-simple"},"acf":[],"yoast_head":"<!-- This site is optimized with the Yoast SEO plugin v26.8 - https:\/\/yoast.com\/product\/yoast-seo-wordpress\/ -->\n<title>Tacx Assali Trainer da 12X1 - Rouleaux interactifs - MioMioRun<\/title>\n<meta name=\"description\" content=\"T1711 Axe E-Thru pour rouleaux d&#039;entra\u00eenement M12x1, avec filetage m\u00e9trique fin : convient aux moyeux avec axes inclin\u00e9s 142 x 12 mm : DT Swiss et Shimano\" \/>\n<meta name=\"robots\" content=\"index, follow, max-snippet:-1, max-image-preview:large, max-video-preview:-1\" \/>\n<link rel=\"canonical\" href=\"https:\/\/www.miomiorun.com\/fr\/produit\/assali-trainer-da-12x1\/\" \/>\n<meta property=\"og:locale\" content=\"fr_FR\" \/>\n<meta property=\"og:type\" content=\"article\" \/>\n<meta property=\"og:title\" content=\"Tacx Assali Trainer da 12X1 - Rouleaux interactifs - MioMioRun\" \/>\n<meta property=\"og:description\" content=\"T1711 Axe E-Thru pour rouleaux d&#039;entra\u00eenement M12x1, avec filetage m\u00e9trique fin : convient aux moyeux avec axes inclin\u00e9s 142 x 12 mm : DT Swiss et Shimano\" \/>\n<meta property=\"og:url\" content=\"https:\/\/www.miomiorun.com\/fr\/produit\/assali-trainer-da-12x1\/\" \/>\n<meta property=\"og:site_name\" content=\"MioMioRun\" \/>\n<meta property=\"article:publisher\" content=\"https:\/\/www.facebook.com\/miomiorun\/\" \/>\n<meta property=\"article:modified_time\" content=\"2025-06-20T08:05:45+00:00\" \/>\n<meta property=\"og:image\" content=\"https:\/\/www.miomiorun.com\/app\/uploads\/2023\/09\/garmin-PERNO-TACX-12X1-T1711.jpg\" \/>\n\t<meta property=\"og:image:width\" content=\"600\" \/>\n\t<meta property=\"og:image:height\" content=\"600\" \/>\n\t<meta property=\"og:image:type\" content=\"image\/jpeg\" \/>\n<meta name=\"twitter:card\" content=\"summary_large_image\" \/>\n<meta name=\"twitter:label1\" content=\"Est. reading time\" \/>\n\t<meta name=\"twitter:data1\" content=\"1 minute\" \/>\n<script type=\"application\/ld+json\" class=\"yoast-schema-graph\">{\"@context\":\"https:\/\/schema.org\",\"@graph\":[{\"@type\":\"WebPage\",\"@id\":\"https:\/\/www.miomiorun.com\/fr\/produit\/assali-trainer-da-12x1\/\",\"url\":\"https:\/\/www.miomiorun.com\/fr\/produit\/assali-trainer-da-12x1\/\",\"name\":\"Tacx Assali Trainer da 12X1 - Rouleaux interactifs - MioMioRun\",\"isPartOf\":{\"@id\":\"https:\/\/www.miomiorun.com\/fr\/#website\"},\"primaryImageOfPage\":{\"@id\":\"https:\/\/www.miomiorun.com\/fr\/produit\/assali-trainer-da-12x1\/#primaryimage\"},\"image\":{\"@id\":\"https:\/\/www.miomiorun.com\/fr\/produit\/assali-trainer-da-12x1\/#primaryimage\"},\"thumbnailUrl\":\"https:\/\/www.miomiorun.com\/app\/uploads\/2023\/09\/garmin-PERNO-TACX-12X1-T1711.jpg\",\"datePublished\":\"2023-09-18T16:14:36+00:00\",\"dateModified\":\"2025-06-20T08:05:45+00:00\",\"description\":\"T1711 Axe E-Thru pour rouleaux d'entra\u00eenement M12x1, avec filetage m\u00e9trique fin : convient aux moyeux avec axes inclin\u00e9s 142 x 12 mm : DT Swiss et Shimano\",\"breadcrumb\":{\"@id\":\"https:\/\/www.miomiorun.com\/fr\/produit\/assali-trainer-da-12x1\/#breadcrumb\"},\"inLanguage\":\"fr-FR\",\"potentialAction\":[{\"@type\":\"ReadAction\",\"target\":[\"https:\/\/www.miomiorun.com\/fr\/produit\/assali-trainer-da-12x1\/\"]}]},{\"@type\":\"ImageObject\",\"inLanguage\":\"fr-FR\",\"@id\":\"https:\/\/www.miomiorun.com\/fr\/produit\/assali-trainer-da-12x1\/#primaryimage\",\"url\":\"https:\/\/www.miomiorun.com\/app\/uploads\/2023\/09\/garmin-PERNO-TACX-12X1-T1711.jpg\",\"contentUrl\":\"https:\/\/www.miomiorun.com\/app\/uploads\/2023\/09\/garmin-PERNO-TACX-12X1-T1711.jpg\",\"width\":600,\"height\":600,\"caption\":\"garmin-PERNO-TACX-12X1-T1711\"},{\"@type\":\"BreadcrumbList\",\"@id\":\"https:\/\/www.miomiorun.com\/fr\/produit\/assali-trainer-da-12x1\/#breadcrumb\",\"itemListElement\":[{\"@type\":\"ListItem\",\"position\":1,\"name\":\"Home\",\"item\":\"https:\/\/www.miomiorun.com\/fr\/home-page\/\"},{\"@type\":\"ListItem\",\"position\":2,\"name\":\"Shop\",\"item\":\"https:\/\/www.miomiorun.com\/shop\/\"},{\"@type\":\"ListItem\",\"position\":3,\"name\":\"Assali Trainer da 12X1\"}]},{\"@type\":\"WebSite\",\"@id\":\"https:\/\/www.miomiorun.com\/fr\/#website\",\"url\":\"https:\/\/www.miomiorun.com\/fr\/\",\"name\":\"MioMioRun\",\"description\":\"Boutique 100% running et trail\",\"publisher\":{\"@id\":\"https:\/\/www.miomiorun.com\/fr\/#organization\"},\"potentialAction\":[{\"@type\":\"SearchAction\",\"target\":{\"@type\":\"EntryPoint\",\"urlTemplate\":\"https:\/\/www.miomiorun.com\/fr\/?s={search_term_string}\"},\"query-input\":{\"@type\":\"PropertyValueSpecification\",\"valueRequired\":true,\"valueName\":\"search_term_string\"}}],\"inLanguage\":\"fr-FR\"},{\"@type\":\"Organization\",\"@id\":\"https:\/\/www.miomiorun.com\/fr\/#organization\",\"name\":\"MioMio Run\",\"url\":\"https:\/\/www.miomiorun.com\/fr\/\",\"logo\":{\"@type\":\"ImageObject\",\"inLanguage\":\"fr-FR\",\"@id\":\"https:\/\/www.miomiorun.com\/fr\/#\/schema\/logo\/image\/\",\"url\":\"https:\/\/www.miomiorun.com\/app\/uploads\/2019\/12\/logomio.png\",\"contentUrl\":\"https:\/\/www.miomiorun.com\/app\/uploads\/2019\/12\/logomio.png\",\"width\":115,\"height\":82,\"caption\":\"MioMio Run\"},\"image\":{\"@id\":\"https:\/\/www.miomiorun.com\/fr\/#\/schema\/logo\/image\/\"},\"sameAs\":[\"https:\/\/www.facebook.com\/miomiorun\/\",\"https:\/\/www.instagram.com\/miomiorun\/\"]}]}<\/script>\n<!-- \/ Yoast SEO plugin. -->","yoast_head_json":{"title":"Tacx Assali Trainer da 12X1 - Rouleaux interactifs - MioMioRun","description":"T1711 Axe E-Thru pour rouleaux d'entra\u00eenement M12x1, avec filetage m\u00e9trique fin : convient aux moyeux avec axes inclin\u00e9s 142 x 12 mm : DT Swiss et Shimano","robots":{"index":"index","follow":"follow","max-snippet":"max-snippet:-1","max-image-preview":"max-image-preview:large","max-video-preview":"max-video-preview:-1"},"canonical":"https:\/\/www.miomiorun.com\/fr\/produit\/assali-trainer-da-12x1\/","og_locale":"fr_FR","og_type":"article","og_title":"Tacx Assali Trainer da 12X1 - Rouleaux interactifs - MioMioRun","og_description":"T1711 Axe E-Thru pour rouleaux d'entra\u00eenement M12x1, avec filetage m\u00e9trique fin : convient aux moyeux avec axes inclin\u00e9s 142 x 12 mm : DT Swiss et Shimano","og_url":"https:\/\/www.miomiorun.com\/fr\/produit\/assali-trainer-da-12x1\/","og_site_name":"MioMioRun","article_publisher":"https:\/\/www.facebook.com\/miomiorun\/","article_modified_time":"2025-06-20T08:05:45+00:00","og_image":[{"width":600,"height":600,"url":"https:\/\/www.miomiorun.com\/app\/uploads\/2023\/09\/garmin-PERNO-TACX-12X1-T1711.jpg","type":"image\/jpeg"}],"twitter_card":"summary_large_image","twitter_misc":{"Est. reading time":"1 minute"},"schema":{"@context":"https:\/\/schema.org","@graph":[{"@type":"WebPage","@id":"https:\/\/www.miomiorun.com\/fr\/produit\/assali-trainer-da-12x1\/","url":"https:\/\/www.miomiorun.com\/fr\/produit\/assali-trainer-da-12x1\/","name":"Tacx Assali Trainer da 12X1 - Rouleaux interactifs - MioMioRun","isPartOf":{"@id":"https:\/\/www.miomiorun.com\/fr\/#website"},"primaryImageOfPage":{"@id":"https:\/\/www.miomiorun.com\/fr\/produit\/assali-trainer-da-12x1\/#primaryimage"},"image":{"@id":"https:\/\/www.miomiorun.com\/fr\/produit\/assali-trainer-da-12x1\/#primaryimage"},"thumbnailUrl":"https:\/\/www.miomiorun.com\/app\/uploads\/2023\/09\/garmin-PERNO-TACX-12X1-T1711.jpg","datePublished":"2023-09-18T16:14:36+00:00","dateModified":"2025-06-20T08:05:45+00:00","description":"T1711 Axe E-Thru pour rouleaux d'entra\u00eenement M12x1, avec filetage m\u00e9trique fin : convient aux moyeux avec axes inclin\u00e9s 142 x 12 mm : DT Swiss et Shimano","breadcrumb":{"@id":"https:\/\/www.miomiorun.com\/fr\/produit\/assali-trainer-da-12x1\/#breadcrumb"},"inLanguage":"fr-FR","potentialAction":[{"@type":"ReadAction","target":["https:\/\/www.miomiorun.com\/fr\/produit\/assali-trainer-da-12x1\/"]}]},{"@type":"ImageObject","inLanguage":"fr-FR","@id":"https:\/\/www.miomiorun.com\/fr\/produit\/assali-trainer-da-12x1\/#primaryimage","url":"https:\/\/www.miomiorun.com\/app\/uploads\/2023\/09\/garmin-PERNO-TACX-12X1-T1711.jpg","contentUrl":"https:\/\/www.miomiorun.com\/app\/uploads\/2023\/09\/garmin-PERNO-TACX-12X1-T1711.jpg","width":600,"height":600,"caption":"garmin-PERNO-TACX-12X1-T1711"},{"@type":"BreadcrumbList","@id":"https:\/\/www.miomiorun.com\/fr\/produit\/assali-trainer-da-12x1\/#breadcrumb","itemListElement":[{"@type":"ListItem","position":1,"name":"Home","item":"https:\/\/www.miomiorun.com\/fr\/home-page\/"},{"@type":"ListItem","position":2,"name":"Shop","item":"https:\/\/www.miomiorun.com\/shop\/"},{"@type":"ListItem","position":3,"name":"Assali Trainer da 12X1"}]},{"@type":"WebSite","@id":"https:\/\/www.miomiorun.com\/fr\/#website","url":"https:\/\/www.miomiorun.com\/fr\/","name":"MioMioRun","description":"Boutique 100% running et trail","publisher":{"@id":"https:\/\/www.miomiorun.com\/fr\/#organization"},"potentialAction":[{"@type":"SearchAction","target":{"@type":"EntryPoint","urlTemplate":"https:\/\/www.miomiorun.com\/fr\/?s={search_term_string}"},"query-input":{"@type":"PropertyValueSpecification","valueRequired":true,"valueName":"search_term_string"}}],"inLanguage":"fr-FR"},{"@type":"Organization","@id":"https:\/\/www.miomiorun.com\/fr\/#organization","name":"MioMio Run","url":"https:\/\/www.miomiorun.com\/fr\/","logo":{"@type":"ImageObject","inLanguage":"fr-FR","@id":"https:\/\/www.miomiorun.com\/fr\/#\/schema\/logo\/image\/","url":"https:\/\/www.miomiorun.com\/app\/uploads\/2019\/12\/logomio.png","contentUrl":"https:\/\/www.miomiorun.com\/app\/uploads\/2019\/12\/logomio.png","width":115,"height":82,"caption":"MioMio Run"},"image":{"@id":"https:\/\/www.miomiorun.com\/fr\/#\/schema\/logo\/image\/"},"sameAs":["https:\/\/www.facebook.com\/miomiorun\/","https:\/\/www.instagram.com\/miomiorun\/"]}]}},"_links":{"self":[{"href":"https:\/\/www.miomiorun.com\/fr\/wp-json\/wp\/v2\/product\/286685","targetHints":{"allow":["GET"]}}],"collection":[{"href":"https:\/\/www.miomiorun.com\/fr\/wp-json\/wp\/v2\/product"}],"about":[{"href":"https:\/\/www.miomiorun.com\/fr\/wp-json\/wp\/v2\/types\/product"}],"wp:featuredmedia":[{"embeddable":true,"href":"https:\/\/www.miomiorun.com\/fr\/wp-json\/wp\/v2\/media\/242816"}],"wp:attachment":[{"href":"https:\/\/www.miomiorun.com\/fr\/wp-json\/wp\/v2\/media?parent=286685"}],"wp:term":[{"taxonomy":"product_brand","embeddable":true,"href":"https:\/\/www.miomiorun.com\/fr\/wp-json\/wp\/v2\/product_brand?post=286685"},{"taxonomy":"product_cat","embeddable":true,"href":"https:\/\/www.miomiorun.com\/fr\/wp-json\/wp\/v2\/product_cat?post=286685"},{"taxonomy":"product_tag","embeddable":true,"href":"https:\/\/www.miomiorun.com\/fr\/wp-json\/wp\/v2\/product_tag?post=286685"}],"curies":[{"name":"wp","href":"https:\/\/api.w.org\/{rel}","templated":true}]}}