{"id":286645,"date":"2023-04-06T13:49:59","date_gmt":"2023-04-06T11:49:59","guid":{"rendered":"https:\/\/miomiorun.com\/prodotto\/pro-trail-ss-donna\/"},"modified":"2025-07-14T16:29:36","modified_gmt":"2025-07-14T14:29:36","slug":"pro-trail-ss-femme","status":"publish","type":"product","link":"https:\/\/www.miomiorun.com\/fr\/produit\/pro-trail-ss-femme\/","title":{"rendered":"PRO Trail SS femme"},"content":{"rendered":"<p>Le <strong>PRO Trail Tee<\/strong> pour femmes est un tee-shirt de course \u00e0 pied de niveau professionnel con\u00e7u pour les courses \u00e0 pied de haute intensit\u00e9.<\/p>\n<p>Ce tee-shirt de course \u00e0 pied haute performance se compose d&#8217;un tissu jacquard en jersey avec une construction ripstop sur le devant et une maille extensible tiss\u00e9e sur le dos pour une ventilation suppl\u00e9mentaire et une protection contre l&#8217;usure et l&#8217;abrasion dues \u00e0 la course \u00e0 pied.Le maillot pr\u00e9sente \u00e9galement des manches raglan et des fentes lat\u00e9rales pour une plus grande libert\u00e9 de mouvement, ainsi que des extr\u00e9mit\u00e9s de manches et un trou de cou recouverts de ruban adh\u00e9sif pour \u00e9viter les frottements. En outre, le v\u00eatement pr\u00e9sente un imprim\u00e9 en silicone sur les \u00e9paules pour une prise s\u00fbre lors du transport d&#8217;un sac \u00e0 dos ou d&#8217;un syst\u00e8me d&#8217;hydratation pendant les longues randonn\u00e9es.<\/p>\n<h2>Caract\u00e9ristiques :<\/h2>\n<p>&#8211; Tricot jacquard avec structure ripstop sur le devant et les manches<br \/>\n&#8211; Tricot extensible tiss\u00e9 dans le dos<br \/>\n&#8211; Bas des manches et encolure ruban\u00e9s<br \/>\n&#8211; Manches raglan<br \/>\n&#8211; Fentes lat\u00e9rales<\/p>\n<h4>Tissu<\/h4>\n<p class=\"css-8rgusf\">Devant et manches : 93% polyester recycl\u00e9 7% \u00e9lasthanne Dos : 90% polyester recycl\u00e9 10% \u00e9lasthanne<\/p>\n<p class=\"css-8rgusf\">Lavable en machine \u00e0 40 degr\u00e9s.<\/p>\n","protected":false},"excerpt":{"rendered":"<p>\u2022 Poignets et col ras du cou avec bande de propret\u00e9<br \/>\n\u2022 Manches raglan<br \/>\n\u2022 Fentes lat\u00e9rales<\/p>\n","protected":false},"featured_media":239987,"template":"","meta":{"_acf_changed":false,"inline_featured_image":false},"product_brand":[],"product_cat":[22604,22596,22595],"product_tag":[23554,23648],"class_list":{"0":"post-286645","1":"product","2":"type-product","3":"status-publish","4":"has-post-thumbnail","6":"product_cat-t-shirt","7":"product_cat-vetements-pour-femmes","8":"product_cat-femme","9":"product_tag-craft-fr","10":"product_tag-craft-femme","11":"pa_attivita-marcher","12":"pa_attivita-outdoor-fr","13":"pa_attivita-trail-fr","14":"pa_marca-craft-fr","15":"pa_sesso-femme","16":"pa_size-large-fr","18":"first","19":"instock","20":"sale","21":"taxable","22":"shipping-taxable","23":"purchasable","24":"product-type-variable","25":"wvs-archive-product-wrapper"},"acf":[],"yoast_head":"<!-- This site is optimized with the Yoast SEO plugin v26.8 - https:\/\/yoast.com\/product\/yoast-seo-wordpress\/ -->\n<title>Craft PRO Trail SS femme - T-shirt de course - MioMioRun<\/title>\n<meta name=\"description\" content=\"Ce maillot de course \u00e0 pied haute performance est compos\u00e9 d&#039;un tissu jacquard en jersey avec une structure ripstop sur le devant et une maille extensible.\" \/>\n<meta name=\"robots\" content=\"index, follow, max-snippet:-1, max-image-preview:large, max-video-preview:-1\" \/>\n<link rel=\"canonical\" href=\"https:\/\/www.miomiorun.com\/fr\/produit\/pro-trail-ss-femme\/\" \/>\n<meta property=\"og:locale\" content=\"fr_FR\" \/>\n<meta property=\"og:type\" content=\"article\" \/>\n<meta property=\"og:title\" content=\"Craft PRO Trail SS femme - T-shirt de course - MioMioRun\" \/>\n<meta property=\"og:description\" content=\"Ce maillot de course \u00e0 pied haute performance est compos\u00e9 d&#039;un tissu jacquard en jersey avec une structure ripstop sur le devant et une maille extensible.\" \/>\n<meta property=\"og:url\" content=\"https:\/\/www.miomiorun.com\/fr\/produit\/pro-trail-ss-femme\/\" \/>\n<meta property=\"og:site_name\" content=\"MioMioRun\" \/>\n<meta property=\"article:publisher\" content=\"https:\/\/www.facebook.com\/miomiorun\/\" \/>\n<meta property=\"article:modified_time\" content=\"2025-07-14T14:29:36+00:00\" \/>\n<meta property=\"og:image\" content=\"https:\/\/www.miomiorun.com\/app\/uploads\/2023\/04\/craft-pro-trail-ss-tee-W-peach-desert-1913142-582574.jpg\" \/>\n\t<meta property=\"og:image:width\" content=\"600\" \/>\n\t<meta property=\"og:image:height\" content=\"600\" \/>\n\t<meta property=\"og:image:type\" content=\"image\/jpeg\" \/>\n<meta name=\"twitter:card\" content=\"summary_large_image\" \/>\n<meta name=\"twitter:label1\" content=\"Est. reading time\" \/>\n\t<meta name=\"twitter:data1\" content=\"1 minute\" \/>\n<script type=\"application\/ld+json\" class=\"yoast-schema-graph\">{\"@context\":\"https:\/\/schema.org\",\"@graph\":[{\"@type\":\"WebPage\",\"@id\":\"https:\/\/www.miomiorun.com\/fr\/produit\/pro-trail-ss-femme\/\",\"url\":\"https:\/\/www.miomiorun.com\/fr\/produit\/pro-trail-ss-femme\/\",\"name\":\"Craft PRO Trail SS femme - T-shirt de course - MioMioRun\",\"isPartOf\":{\"@id\":\"https:\/\/www.miomiorun.com\/fr\/#website\"},\"primaryImageOfPage\":{\"@id\":\"https:\/\/www.miomiorun.com\/fr\/produit\/pro-trail-ss-femme\/#primaryimage\"},\"image\":{\"@id\":\"https:\/\/www.miomiorun.com\/fr\/produit\/pro-trail-ss-femme\/#primaryimage\"},\"thumbnailUrl\":\"https:\/\/www.miomiorun.com\/app\/uploads\/2023\/04\/craft-pro-trail-ss-tee-W-peach-desert-1913142-582574.jpg\",\"datePublished\":\"2023-04-06T11:49:59+00:00\",\"dateModified\":\"2025-07-14T14:29:36+00:00\",\"description\":\"Ce maillot de course \u00e0 pied haute performance est compos\u00e9 d'un tissu jacquard en jersey avec une structure ripstop sur le devant et une maille extensible.\",\"breadcrumb\":{\"@id\":\"https:\/\/www.miomiorun.com\/fr\/produit\/pro-trail-ss-femme\/#breadcrumb\"},\"inLanguage\":\"fr-FR\",\"potentialAction\":[{\"@type\":\"ReadAction\",\"target\":[\"https:\/\/www.miomiorun.com\/fr\/produit\/pro-trail-ss-femme\/\"]}]},{\"@type\":\"ImageObject\",\"inLanguage\":\"fr-FR\",\"@id\":\"https:\/\/www.miomiorun.com\/fr\/produit\/pro-trail-ss-femme\/#primaryimage\",\"url\":\"https:\/\/www.miomiorun.com\/app\/uploads\/2023\/04\/craft-pro-trail-ss-tee-W-peach-desert-1913142-582574.jpg\",\"contentUrl\":\"https:\/\/www.miomiorun.com\/app\/uploads\/2023\/04\/craft-pro-trail-ss-tee-W-peach-desert-1913142-582574.jpg\",\"width\":600,\"height\":600,\"caption\":\"craft-pro-trail-ss-tee-W-peach-desert-1913142-582574\"},{\"@type\":\"BreadcrumbList\",\"@id\":\"https:\/\/www.miomiorun.com\/fr\/produit\/pro-trail-ss-femme\/#breadcrumb\",\"itemListElement\":[{\"@type\":\"ListItem\",\"position\":1,\"name\":\"Home\",\"item\":\"https:\/\/www.miomiorun.com\/fr\/home-page\/\"},{\"@type\":\"ListItem\",\"position\":2,\"name\":\"Shop\",\"item\":\"https:\/\/www.miomiorun.com\/shop\/\"},{\"@type\":\"ListItem\",\"position\":3,\"name\":\"PRO Trail SS femme\"}]},{\"@type\":\"WebSite\",\"@id\":\"https:\/\/www.miomiorun.com\/fr\/#website\",\"url\":\"https:\/\/www.miomiorun.com\/fr\/\",\"name\":\"MioMioRun\",\"description\":\"Boutique 100% running et trail\",\"publisher\":{\"@id\":\"https:\/\/www.miomiorun.com\/fr\/#organization\"},\"potentialAction\":[{\"@type\":\"SearchAction\",\"target\":{\"@type\":\"EntryPoint\",\"urlTemplate\":\"https:\/\/www.miomiorun.com\/fr\/?s={search_term_string}\"},\"query-input\":{\"@type\":\"PropertyValueSpecification\",\"valueRequired\":true,\"valueName\":\"search_term_string\"}}],\"inLanguage\":\"fr-FR\"},{\"@type\":\"Organization\",\"@id\":\"https:\/\/www.miomiorun.com\/fr\/#organization\",\"name\":\"MioMio Run\",\"url\":\"https:\/\/www.miomiorun.com\/fr\/\",\"logo\":{\"@type\":\"ImageObject\",\"inLanguage\":\"fr-FR\",\"@id\":\"https:\/\/www.miomiorun.com\/fr\/#\/schema\/logo\/image\/\",\"url\":\"https:\/\/www.miomiorun.com\/app\/uploads\/2019\/12\/logomio.png\",\"contentUrl\":\"https:\/\/www.miomiorun.com\/app\/uploads\/2019\/12\/logomio.png\",\"width\":115,\"height\":82,\"caption\":\"MioMio Run\"},\"image\":{\"@id\":\"https:\/\/www.miomiorun.com\/fr\/#\/schema\/logo\/image\/\"},\"sameAs\":[\"https:\/\/www.facebook.com\/miomiorun\/\",\"https:\/\/www.instagram.com\/miomiorun\/\"]}]}<\/script>\n<!-- \/ Yoast SEO plugin. -->","yoast_head_json":{"title":"Craft PRO Trail SS femme - T-shirt de course - MioMioRun","description":"Ce maillot de course \u00e0 pied haute performance est compos\u00e9 d'un tissu jacquard en jersey avec une structure ripstop sur le devant et une maille extensible.","robots":{"index":"index","follow":"follow","max-snippet":"max-snippet:-1","max-image-preview":"max-image-preview:large","max-video-preview":"max-video-preview:-1"},"canonical":"https:\/\/www.miomiorun.com\/fr\/produit\/pro-trail-ss-femme\/","og_locale":"fr_FR","og_type":"article","og_title":"Craft PRO Trail SS femme - T-shirt de course - MioMioRun","og_description":"Ce maillot de course \u00e0 pied haute performance est compos\u00e9 d'un tissu jacquard en jersey avec une structure ripstop sur le devant et une maille extensible.","og_url":"https:\/\/www.miomiorun.com\/fr\/produit\/pro-trail-ss-femme\/","og_site_name":"MioMioRun","article_publisher":"https:\/\/www.facebook.com\/miomiorun\/","article_modified_time":"2025-07-14T14:29:36+00:00","og_image":[{"width":600,"height":600,"url":"https:\/\/www.miomiorun.com\/app\/uploads\/2023\/04\/craft-pro-trail-ss-tee-W-peach-desert-1913142-582574.jpg","type":"image\/jpeg"}],"twitter_card":"summary_large_image","twitter_misc":{"Est. reading time":"1 minute"},"schema":{"@context":"https:\/\/schema.org","@graph":[{"@type":"WebPage","@id":"https:\/\/www.miomiorun.com\/fr\/produit\/pro-trail-ss-femme\/","url":"https:\/\/www.miomiorun.com\/fr\/produit\/pro-trail-ss-femme\/","name":"Craft PRO Trail SS femme - T-shirt de course - MioMioRun","isPartOf":{"@id":"https:\/\/www.miomiorun.com\/fr\/#website"},"primaryImageOfPage":{"@id":"https:\/\/www.miomiorun.com\/fr\/produit\/pro-trail-ss-femme\/#primaryimage"},"image":{"@id":"https:\/\/www.miomiorun.com\/fr\/produit\/pro-trail-ss-femme\/#primaryimage"},"thumbnailUrl":"https:\/\/www.miomiorun.com\/app\/uploads\/2023\/04\/craft-pro-trail-ss-tee-W-peach-desert-1913142-582574.jpg","datePublished":"2023-04-06T11:49:59+00:00","dateModified":"2025-07-14T14:29:36+00:00","description":"Ce maillot de course \u00e0 pied haute performance est compos\u00e9 d'un tissu jacquard en jersey avec une structure ripstop sur le devant et une maille extensible.","breadcrumb":{"@id":"https:\/\/www.miomiorun.com\/fr\/produit\/pro-trail-ss-femme\/#breadcrumb"},"inLanguage":"fr-FR","potentialAction":[{"@type":"ReadAction","target":["https:\/\/www.miomiorun.com\/fr\/produit\/pro-trail-ss-femme\/"]}]},{"@type":"ImageObject","inLanguage":"fr-FR","@id":"https:\/\/www.miomiorun.com\/fr\/produit\/pro-trail-ss-femme\/#primaryimage","url":"https:\/\/www.miomiorun.com\/app\/uploads\/2023\/04\/craft-pro-trail-ss-tee-W-peach-desert-1913142-582574.jpg","contentUrl":"https:\/\/www.miomiorun.com\/app\/uploads\/2023\/04\/craft-pro-trail-ss-tee-W-peach-desert-1913142-582574.jpg","width":600,"height":600,"caption":"craft-pro-trail-ss-tee-W-peach-desert-1913142-582574"},{"@type":"BreadcrumbList","@id":"https:\/\/www.miomiorun.com\/fr\/produit\/pro-trail-ss-femme\/#breadcrumb","itemListElement":[{"@type":"ListItem","position":1,"name":"Home","item":"https:\/\/www.miomiorun.com\/fr\/home-page\/"},{"@type":"ListItem","position":2,"name":"Shop","item":"https:\/\/www.miomiorun.com\/shop\/"},{"@type":"ListItem","position":3,"name":"PRO Trail SS femme"}]},{"@type":"WebSite","@id":"https:\/\/www.miomiorun.com\/fr\/#website","url":"https:\/\/www.miomiorun.com\/fr\/","name":"MioMioRun","description":"Boutique 100% running et trail","publisher":{"@id":"https:\/\/www.miomiorun.com\/fr\/#organization"},"potentialAction":[{"@type":"SearchAction","target":{"@type":"EntryPoint","urlTemplate":"https:\/\/www.miomiorun.com\/fr\/?s={search_term_string}"},"query-input":{"@type":"PropertyValueSpecification","valueRequired":true,"valueName":"search_term_string"}}],"inLanguage":"fr-FR"},{"@type":"Organization","@id":"https:\/\/www.miomiorun.com\/fr\/#organization","name":"MioMio Run","url":"https:\/\/www.miomiorun.com\/fr\/","logo":{"@type":"ImageObject","inLanguage":"fr-FR","@id":"https:\/\/www.miomiorun.com\/fr\/#\/schema\/logo\/image\/","url":"https:\/\/www.miomiorun.com\/app\/uploads\/2019\/12\/logomio.png","contentUrl":"https:\/\/www.miomiorun.com\/app\/uploads\/2019\/12\/logomio.png","width":115,"height":82,"caption":"MioMio Run"},"image":{"@id":"https:\/\/www.miomiorun.com\/fr\/#\/schema\/logo\/image\/"},"sameAs":["https:\/\/www.facebook.com\/miomiorun\/","https:\/\/www.instagram.com\/miomiorun\/"]}]}},"_links":{"self":[{"href":"https:\/\/www.miomiorun.com\/fr\/wp-json\/wp\/v2\/product\/286645","targetHints":{"allow":["GET"]}}],"collection":[{"href":"https:\/\/www.miomiorun.com\/fr\/wp-json\/wp\/v2\/product"}],"about":[{"href":"https:\/\/www.miomiorun.com\/fr\/wp-json\/wp\/v2\/types\/product"}],"wp:featuredmedia":[{"embeddable":true,"href":"https:\/\/www.miomiorun.com\/fr\/wp-json\/wp\/v2\/media\/239987"}],"wp:attachment":[{"href":"https:\/\/www.miomiorun.com\/fr\/wp-json\/wp\/v2\/media?parent=286645"}],"wp:term":[{"taxonomy":"product_brand","embeddable":true,"href":"https:\/\/www.miomiorun.com\/fr\/wp-json\/wp\/v2\/product_brand?post=286645"},{"taxonomy":"product_cat","embeddable":true,"href":"https:\/\/www.miomiorun.com\/fr\/wp-json\/wp\/v2\/product_cat?post=286645"},{"taxonomy":"product_tag","embeddable":true,"href":"https:\/\/www.miomiorun.com\/fr\/wp-json\/wp\/v2\/product_tag?post=286645"}],"curies":[{"name":"wp","href":"https:\/\/api.w.org\/{rel}","templated":true}]}}