{"id":286634,"date":"2023-04-11T15:15:34","date_gmt":"2023-04-11T13:15:34","guid":{"rendered":"https:\/\/miomiorun.com\/prodotto\/pro-trail-2in1-skirt-donna\/"},"modified":"2025-07-14T16:54:58","modified_gmt":"2025-07-14T14:54:58","slug":"pro-trail-2in1-skirt-femme","status":"publish","type":"product","link":"https:\/\/www.miomiorun.com\/fr\/produit\/pro-trail-2in1-skirt-femme\/","title":{"rendered":"PRO Trail 2in1 Skirt femme"},"content":{"rendered":"<p>La jupe<strong> PRO Trail 2-en-1<\/strong> pour femme est une jupe de course \u00e0 pied de niveau professionnel con\u00e7ue pour le trail running au plus haut niveau.<\/p>\n<p>Cette jupe haute performance est compos\u00e9e d&#8217;un tissu ext\u00e9rieur en polyester recycl\u00e9 extensible dans les 4 sens et d&#8217;une chaussette int\u00e9rieure en jersey de polyamide. La jupe est \u00e9galement dot\u00e9e d&#8217;une large ceinture pour une coupe ajust\u00e9e, d&#8217;un ourlet \u00e0 bandes et de multiples poches et passants.<\/p>\n<h3>Caract\u00e9ristiques :<\/h3>\n<ul>\n<li>Coquille en polyester recycl\u00e9 durable et extensible dans les 4 sens<\/li>\n<li>Doublure int\u00e9rieure en jersey de polyamide avec un excellent retour d&#8217;\u00e9lasticit\u00e9<\/li>\n<li>Large ceinture pour un ajustement parfait<\/li>\n<li>Ourlet coll\u00e9 pour minimiser les frottements<\/li>\n<li>Passants de ceinture dans le dos pour le gel \u00e9nerg\u00e9tique<\/li>\n<li>Trois poches dans le dos<\/li>\n<li>Poche pour t\u00e9l\u00e9phone portable sur la jambe droite du collant int\u00e9rieur<\/li>\n<\/ul>\n","protected":false},"excerpt":{"rendered":"<ul>\n<li>Tissu ext\u00e9rieur durable et extensible dans les 4 sens, fabriqu\u00e9 en polyester recycl\u00e9.<\/li>\n<li>Culotte int\u00e9rieure en jersey polyamide avec un excellent retour \u00e9lastique.<\/li>\n<li>Ceinture large pour un ajustement parfait.<\/li>\n<\/ul>\n","protected":false},"featured_media":239995,"template":"","meta":{"_acf_changed":false,"inline_featured_image":false},"product_brand":[],"product_cat":[22602,22596,22595],"product_tag":[23554,23648],"class_list":{"0":"post-286634","1":"product","2":"type-product","3":"status-publish","4":"has-post-thumbnail","6":"product_cat-pantalon-court","7":"product_cat-vetements-pour-femmes","8":"product_cat-femme","9":"product_tag-craft-fr","10":"product_tag-craft-femme","11":"pa_attivita-marcher","12":"pa_attivita-outdoor-fr","13":"pa_attivita-trail-fr","14":"pa_colore-pro-trail-2in1-skirt-w-desert-slate-fr","15":"pa_marca-craft-fr","16":"pa_sesso-femme","17":"pa_size-small-fr","18":"pa_size-medium-fr","20":"first","21":"instock","22":"sale","23":"taxable","24":"shipping-taxable","25":"purchasable","26":"product-type-variable","27":"wvs-archive-product-wrapper"},"acf":[],"yoast_head":"<!-- This site is optimized with the Yoast SEO plugin v26.8 - https:\/\/yoast.com\/product\/yoast-seo-wordpress\/ -->\n<title>Craft PRO Trail 2in1 Skirt femme - Jupe pour femme - MioMioRun<\/title>\n<meta name=\"description\" content=\"La jupe PRO Trail 2-in-1 pour femmes est une jupe de course \u00e0 pied de niveau professionnel con\u00e7ue pour le trail running au plus haut niveau.\" \/>\n<meta name=\"robots\" content=\"index, follow, max-snippet:-1, max-image-preview:large, max-video-preview:-1\" \/>\n<link rel=\"canonical\" href=\"https:\/\/www.miomiorun.com\/fr\/produit\/pro-trail-2in1-skirt-femme\/\" \/>\n<meta property=\"og:locale\" content=\"fr_FR\" \/>\n<meta property=\"og:type\" content=\"article\" \/>\n<meta property=\"og:title\" content=\"Craft PRO Trail 2in1 Skirt femme - Jupe pour femme - MioMioRun\" \/>\n<meta property=\"og:description\" content=\"La jupe PRO Trail 2-in-1 pour femmes est une jupe de course \u00e0 pied de niveau professionnel con\u00e7ue pour le trail running au plus haut niveau.\" \/>\n<meta property=\"og:url\" content=\"https:\/\/www.miomiorun.com\/fr\/produit\/pro-trail-2in1-skirt-femme\/\" \/>\n<meta property=\"og:site_name\" content=\"MioMioRun\" \/>\n<meta property=\"article:publisher\" content=\"https:\/\/www.facebook.com\/miomiorun\/\" \/>\n<meta property=\"article:modified_time\" content=\"2025-07-14T14:54:58+00:00\" \/>\n<meta property=\"og:image\" content=\"https:\/\/www.miomiorun.com\/app\/uploads\/2023\/04\/craft-pro-trail-2in1-skirt-W-desert-slate-1912450-574992.jpg\" \/>\n\t<meta property=\"og:image:width\" content=\"600\" \/>\n\t<meta property=\"og:image:height\" content=\"600\" \/>\n\t<meta property=\"og:image:type\" content=\"image\/jpeg\" \/>\n<meta name=\"twitter:card\" content=\"summary_large_image\" \/>\n<meta name=\"twitter:label1\" content=\"Est. reading time\" \/>\n\t<meta name=\"twitter:data1\" content=\"1 minute\" \/>\n<script type=\"application\/ld+json\" class=\"yoast-schema-graph\">{\"@context\":\"https:\/\/schema.org\",\"@graph\":[{\"@type\":\"WebPage\",\"@id\":\"https:\/\/www.miomiorun.com\/fr\/produit\/pro-trail-2in1-skirt-femme\/\",\"url\":\"https:\/\/www.miomiorun.com\/fr\/produit\/pro-trail-2in1-skirt-femme\/\",\"name\":\"Craft PRO Trail 2in1 Skirt femme - Jupe pour femme - MioMioRun\",\"isPartOf\":{\"@id\":\"https:\/\/www.miomiorun.com\/fr\/#website\"},\"primaryImageOfPage\":{\"@id\":\"https:\/\/www.miomiorun.com\/fr\/produit\/pro-trail-2in1-skirt-femme\/#primaryimage\"},\"image\":{\"@id\":\"https:\/\/www.miomiorun.com\/fr\/produit\/pro-trail-2in1-skirt-femme\/#primaryimage\"},\"thumbnailUrl\":\"https:\/\/www.miomiorun.com\/app\/uploads\/2023\/04\/craft-pro-trail-2in1-skirt-W-desert-slate-1912450-574992.jpg\",\"datePublished\":\"2023-04-11T13:15:34+00:00\",\"dateModified\":\"2025-07-14T14:54:58+00:00\",\"description\":\"La jupe PRO Trail 2-in-1 pour femmes est une jupe de course \u00e0 pied de niveau professionnel con\u00e7ue pour le trail running au plus haut niveau.\",\"breadcrumb\":{\"@id\":\"https:\/\/www.miomiorun.com\/fr\/produit\/pro-trail-2in1-skirt-femme\/#breadcrumb\"},\"inLanguage\":\"fr-FR\",\"potentialAction\":[{\"@type\":\"ReadAction\",\"target\":[\"https:\/\/www.miomiorun.com\/fr\/produit\/pro-trail-2in1-skirt-femme\/\"]}]},{\"@type\":\"ImageObject\",\"inLanguage\":\"fr-FR\",\"@id\":\"https:\/\/www.miomiorun.com\/fr\/produit\/pro-trail-2in1-skirt-femme\/#primaryimage\",\"url\":\"https:\/\/www.miomiorun.com\/app\/uploads\/2023\/04\/craft-pro-trail-2in1-skirt-W-desert-slate-1912450-574992.jpg\",\"contentUrl\":\"https:\/\/www.miomiorun.com\/app\/uploads\/2023\/04\/craft-pro-trail-2in1-skirt-W-desert-slate-1912450-574992.jpg\",\"width\":600,\"height\":600,\"caption\":\"craft-pro-trail-2in1-skirt-W-desert-slate-1912450-574992\"},{\"@type\":\"BreadcrumbList\",\"@id\":\"https:\/\/www.miomiorun.com\/fr\/produit\/pro-trail-2in1-skirt-femme\/#breadcrumb\",\"itemListElement\":[{\"@type\":\"ListItem\",\"position\":1,\"name\":\"Home\",\"item\":\"https:\/\/www.miomiorun.com\/fr\/home-page\/\"},{\"@type\":\"ListItem\",\"position\":2,\"name\":\"Shop\",\"item\":\"https:\/\/www.miomiorun.com\/shop\/\"},{\"@type\":\"ListItem\",\"position\":3,\"name\":\"PRO Trail 2in1 Skirt femme\"}]},{\"@type\":\"WebSite\",\"@id\":\"https:\/\/www.miomiorun.com\/fr\/#website\",\"url\":\"https:\/\/www.miomiorun.com\/fr\/\",\"name\":\"MioMioRun\",\"description\":\"Boutique 100% running et trail\",\"publisher\":{\"@id\":\"https:\/\/www.miomiorun.com\/fr\/#organization\"},\"potentialAction\":[{\"@type\":\"SearchAction\",\"target\":{\"@type\":\"EntryPoint\",\"urlTemplate\":\"https:\/\/www.miomiorun.com\/fr\/?s={search_term_string}\"},\"query-input\":{\"@type\":\"PropertyValueSpecification\",\"valueRequired\":true,\"valueName\":\"search_term_string\"}}],\"inLanguage\":\"fr-FR\"},{\"@type\":\"Organization\",\"@id\":\"https:\/\/www.miomiorun.com\/fr\/#organization\",\"name\":\"MioMio Run\",\"url\":\"https:\/\/www.miomiorun.com\/fr\/\",\"logo\":{\"@type\":\"ImageObject\",\"inLanguage\":\"fr-FR\",\"@id\":\"https:\/\/www.miomiorun.com\/fr\/#\/schema\/logo\/image\/\",\"url\":\"https:\/\/www.miomiorun.com\/app\/uploads\/2019\/12\/logomio.png\",\"contentUrl\":\"https:\/\/www.miomiorun.com\/app\/uploads\/2019\/12\/logomio.png\",\"width\":115,\"height\":82,\"caption\":\"MioMio Run\"},\"image\":{\"@id\":\"https:\/\/www.miomiorun.com\/fr\/#\/schema\/logo\/image\/\"},\"sameAs\":[\"https:\/\/www.facebook.com\/miomiorun\/\",\"https:\/\/www.instagram.com\/miomiorun\/\"]}]}<\/script>\n<!-- \/ Yoast SEO plugin. -->","yoast_head_json":{"title":"Craft PRO Trail 2in1 Skirt femme - Jupe pour femme - MioMioRun","description":"La jupe PRO Trail 2-in-1 pour femmes est une jupe de course \u00e0 pied de niveau professionnel con\u00e7ue pour le trail running au plus haut niveau.","robots":{"index":"index","follow":"follow","max-snippet":"max-snippet:-1","max-image-preview":"max-image-preview:large","max-video-preview":"max-video-preview:-1"},"canonical":"https:\/\/www.miomiorun.com\/fr\/produit\/pro-trail-2in1-skirt-femme\/","og_locale":"fr_FR","og_type":"article","og_title":"Craft PRO Trail 2in1 Skirt femme - Jupe pour femme - MioMioRun","og_description":"La jupe PRO Trail 2-in-1 pour femmes est une jupe de course \u00e0 pied de niveau professionnel con\u00e7ue pour le trail running au plus haut niveau.","og_url":"https:\/\/www.miomiorun.com\/fr\/produit\/pro-trail-2in1-skirt-femme\/","og_site_name":"MioMioRun","article_publisher":"https:\/\/www.facebook.com\/miomiorun\/","article_modified_time":"2025-07-14T14:54:58+00:00","og_image":[{"width":600,"height":600,"url":"https:\/\/www.miomiorun.com\/app\/uploads\/2023\/04\/craft-pro-trail-2in1-skirt-W-desert-slate-1912450-574992.jpg","type":"image\/jpeg"}],"twitter_card":"summary_large_image","twitter_misc":{"Est. reading time":"1 minute"},"schema":{"@context":"https:\/\/schema.org","@graph":[{"@type":"WebPage","@id":"https:\/\/www.miomiorun.com\/fr\/produit\/pro-trail-2in1-skirt-femme\/","url":"https:\/\/www.miomiorun.com\/fr\/produit\/pro-trail-2in1-skirt-femme\/","name":"Craft PRO Trail 2in1 Skirt femme - Jupe pour femme - MioMioRun","isPartOf":{"@id":"https:\/\/www.miomiorun.com\/fr\/#website"},"primaryImageOfPage":{"@id":"https:\/\/www.miomiorun.com\/fr\/produit\/pro-trail-2in1-skirt-femme\/#primaryimage"},"image":{"@id":"https:\/\/www.miomiorun.com\/fr\/produit\/pro-trail-2in1-skirt-femme\/#primaryimage"},"thumbnailUrl":"https:\/\/www.miomiorun.com\/app\/uploads\/2023\/04\/craft-pro-trail-2in1-skirt-W-desert-slate-1912450-574992.jpg","datePublished":"2023-04-11T13:15:34+00:00","dateModified":"2025-07-14T14:54:58+00:00","description":"La jupe PRO Trail 2-in-1 pour femmes est une jupe de course \u00e0 pied de niveau professionnel con\u00e7ue pour le trail running au plus haut niveau.","breadcrumb":{"@id":"https:\/\/www.miomiorun.com\/fr\/produit\/pro-trail-2in1-skirt-femme\/#breadcrumb"},"inLanguage":"fr-FR","potentialAction":[{"@type":"ReadAction","target":["https:\/\/www.miomiorun.com\/fr\/produit\/pro-trail-2in1-skirt-femme\/"]}]},{"@type":"ImageObject","inLanguage":"fr-FR","@id":"https:\/\/www.miomiorun.com\/fr\/produit\/pro-trail-2in1-skirt-femme\/#primaryimage","url":"https:\/\/www.miomiorun.com\/app\/uploads\/2023\/04\/craft-pro-trail-2in1-skirt-W-desert-slate-1912450-574992.jpg","contentUrl":"https:\/\/www.miomiorun.com\/app\/uploads\/2023\/04\/craft-pro-trail-2in1-skirt-W-desert-slate-1912450-574992.jpg","width":600,"height":600,"caption":"craft-pro-trail-2in1-skirt-W-desert-slate-1912450-574992"},{"@type":"BreadcrumbList","@id":"https:\/\/www.miomiorun.com\/fr\/produit\/pro-trail-2in1-skirt-femme\/#breadcrumb","itemListElement":[{"@type":"ListItem","position":1,"name":"Home","item":"https:\/\/www.miomiorun.com\/fr\/home-page\/"},{"@type":"ListItem","position":2,"name":"Shop","item":"https:\/\/www.miomiorun.com\/shop\/"},{"@type":"ListItem","position":3,"name":"PRO Trail 2in1 Skirt femme"}]},{"@type":"WebSite","@id":"https:\/\/www.miomiorun.com\/fr\/#website","url":"https:\/\/www.miomiorun.com\/fr\/","name":"MioMioRun","description":"Boutique 100% running et trail","publisher":{"@id":"https:\/\/www.miomiorun.com\/fr\/#organization"},"potentialAction":[{"@type":"SearchAction","target":{"@type":"EntryPoint","urlTemplate":"https:\/\/www.miomiorun.com\/fr\/?s={search_term_string}"},"query-input":{"@type":"PropertyValueSpecification","valueRequired":true,"valueName":"search_term_string"}}],"inLanguage":"fr-FR"},{"@type":"Organization","@id":"https:\/\/www.miomiorun.com\/fr\/#organization","name":"MioMio Run","url":"https:\/\/www.miomiorun.com\/fr\/","logo":{"@type":"ImageObject","inLanguage":"fr-FR","@id":"https:\/\/www.miomiorun.com\/fr\/#\/schema\/logo\/image\/","url":"https:\/\/www.miomiorun.com\/app\/uploads\/2019\/12\/logomio.png","contentUrl":"https:\/\/www.miomiorun.com\/app\/uploads\/2019\/12\/logomio.png","width":115,"height":82,"caption":"MioMio Run"},"image":{"@id":"https:\/\/www.miomiorun.com\/fr\/#\/schema\/logo\/image\/"},"sameAs":["https:\/\/www.facebook.com\/miomiorun\/","https:\/\/www.instagram.com\/miomiorun\/"]}]}},"_links":{"self":[{"href":"https:\/\/www.miomiorun.com\/fr\/wp-json\/wp\/v2\/product\/286634","targetHints":{"allow":["GET"]}}],"collection":[{"href":"https:\/\/www.miomiorun.com\/fr\/wp-json\/wp\/v2\/product"}],"about":[{"href":"https:\/\/www.miomiorun.com\/fr\/wp-json\/wp\/v2\/types\/product"}],"wp:featuredmedia":[{"embeddable":true,"href":"https:\/\/www.miomiorun.com\/fr\/wp-json\/wp\/v2\/media\/239995"}],"wp:attachment":[{"href":"https:\/\/www.miomiorun.com\/fr\/wp-json\/wp\/v2\/media?parent=286634"}],"wp:term":[{"taxonomy":"product_brand","embeddable":true,"href":"https:\/\/www.miomiorun.com\/fr\/wp-json\/wp\/v2\/product_brand?post=286634"},{"taxonomy":"product_cat","embeddable":true,"href":"https:\/\/www.miomiorun.com\/fr\/wp-json\/wp\/v2\/product_cat?post=286634"},{"taxonomy":"product_tag","embeddable":true,"href":"https:\/\/www.miomiorun.com\/fr\/wp-json\/wp\/v2\/product_tag?post=286634"}],"curies":[{"name":"wp","href":"https:\/\/api.w.org\/{rel}","templated":true}]}}