{"id":286627,"date":"2023-04-11T15:00:35","date_gmt":"2023-04-11T13:00:35","guid":{"rendered":"https:\/\/miomiorun.com\/prodotto\/pro-trail-singlet-uomo\/"},"modified":"2025-07-14T16:44:47","modified_gmt":"2025-07-14T14:44:47","slug":"pro-trail-singlet-homme","status":"publish","type":"product","link":"https:\/\/www.miomiorun.com\/fr\/produit\/pro-trail-singlet-homme\/","title":{"rendered":"Pro Trail Singlet homme"},"content":{"rendered":"<p><strong>Le PRO Trail<\/strong> Singlet pour homme est un singlet de course \u00e0 pied de niveau professionnel con\u00e7u pour la course \u00e0 pied de haute intensit\u00e9 sur sentier.<\/p>\n<p>Ce singlet haute performance est compos\u00e9 d&#8217;un tissu <strong>jersey jac<\/strong> quard avec une construction ripstop \u00e0 l&#8217;avant et une maille extensible tiss\u00e9e \u00e0 l&#8217;arri\u00e8re pour une meilleure ventilation et une protection contre l&#8217;usure et l&#8217;abrasion dues \u00e0 la course \u00e0 pied.<\/p>\n<p>Le gilet est \u00e9galement dot\u00e9 d&#8217;a\u00e9rations lat\u00e9rales pour une plus grande libert\u00e9 de mouvement, d&#8217;une petite poche en maille extensible sur l&#8217;empi\u00e8cement sup\u00e9rieur du dos et d&#8217;un ourlet coll\u00e9 au niveau de l&#8217;encolure pour \u00e9viter les frottements. De plus, le v\u00eatement est dot\u00e9 d&#8217;une impression en silicone sur les \u00e9paules pour une bonne prise en main lors du transport d&#8217;un sac \u00e0 dos ou d&#8217;un syst\u00e8me d&#8217;hydratation pendant les longues randonn\u00e9es.<\/p>\n<h3>Caract\u00e9ristiques :<\/h3>\n<ul>\n<li>Tissu jersey jacquard avec structure ripstop sur le devant et les manches<\/li>\n<li>Maille \u00e9lastique tiss\u00e9e au dos<\/li>\n<li>Bande de propret\u00e9 au niveau de l&#8217;encolure<\/li>\n<li>Petite poche en maille \u00e9lastiqu\u00e9e sur l&#8217;empi\u00e8cement sup\u00e9rieur du dos<\/li>\n<li>Fentes lat\u00e9rales<\/li>\n<li>Impression silicone sur les \u00e9paules<\/li>\n<li>Coupe r\u00e9guli\u00e8re<\/li>\n<\/ul>\n","protected":false},"excerpt":{"rendered":"<ul>\n<li>Tissu jersey jacquard avec construction ind\u00e9chirable sur le devant et les manches<\/li>\n<li>Maille \u00e9lastique tiss\u00e9e au dos<\/li>\n<li>Ourlet thermosoud\u00e9 au niveau du col<\/li>\n<\/ul>\n","protected":false},"featured_media":239927,"template":"","meta":{"_acf_changed":false,"inline_featured_image":false},"product_brand":[],"product_cat":[24257,24482],"product_tag":[23554,23647],"class_list":{"0":"post-286627","1":"product","2":"type-product","3":"status-publish","4":"has-post-thumbnail","6":"product_cat-gilets-fr","7":"product_cat-vetements-pour-hommes-fr","8":"product_tag-craft-fr","9":"product_tag-craft-homme","10":"pa_attivita-marcher","11":"pa_attivita-trail-fr","12":"pa_marca-craft-fr","13":"pa_sesso-homme","14":"pa_size-medium-fr","16":"first","17":"instock","18":"sale","19":"taxable","20":"shipping-taxable","21":"purchasable","22":"product-type-variable","23":"wvs-archive-product-wrapper"},"acf":[],"yoast_head":"<!-- This site is optimized with the Yoast SEO plugin v26.8 - https:\/\/yoast.com\/product\/yoast-seo-wordpress\/ -->\n<title>Craft Pro Trail Singlet homme - d\u00e9bardeurs de course - MioMioRun.com<\/title>\n<meta name=\"description\" content=\"Le PRO Trail Singlet pour homme est un singlet de course \u00e0 pied de niveau professionnel con\u00e7u pour la course \u00e0 pied de haute intensit\u00e9.\" \/>\n<meta name=\"robots\" content=\"index, follow, max-snippet:-1, max-image-preview:large, max-video-preview:-1\" \/>\n<link rel=\"canonical\" href=\"https:\/\/www.miomiorun.com\/fr\/produit\/pro-trail-singlet-homme\/\" \/>\n<meta property=\"og:locale\" content=\"fr_FR\" \/>\n<meta property=\"og:type\" content=\"article\" \/>\n<meta property=\"og:title\" content=\"Craft Pro Trail Singlet homme - d\u00e9bardeurs de course - MioMioRun.com\" \/>\n<meta property=\"og:description\" content=\"Le PRO Trail Singlet pour homme est un singlet de course \u00e0 pied de niveau professionnel con\u00e7u pour la course \u00e0 pied de haute intensit\u00e9.\" \/>\n<meta property=\"og:url\" content=\"https:\/\/www.miomiorun.com\/fr\/produit\/pro-trail-singlet-homme\/\" \/>\n<meta property=\"og:site_name\" content=\"MioMioRun\" \/>\n<meta property=\"article:publisher\" content=\"https:\/\/www.facebook.com\/miomiorun\/\" \/>\n<meta property=\"article:modified_time\" content=\"2025-07-14T14:44:47+00:00\" \/>\n<meta property=\"og:image\" content=\"https:\/\/www.miomiorun.com\/app\/uploads\/2023\/04\/craft-pro-trail-singlet-desert-1913153-574000.jpg\" \/>\n\t<meta property=\"og:image:width\" content=\"600\" \/>\n\t<meta property=\"og:image:height\" content=\"600\" \/>\n\t<meta property=\"og:image:type\" content=\"image\/jpeg\" \/>\n<meta name=\"twitter:card\" content=\"summary_large_image\" \/>\n<meta name=\"twitter:label1\" content=\"Est. reading time\" \/>\n\t<meta name=\"twitter:data1\" content=\"1 minute\" \/>\n<script type=\"application\/ld+json\" class=\"yoast-schema-graph\">{\"@context\":\"https:\/\/schema.org\",\"@graph\":[{\"@type\":\"WebPage\",\"@id\":\"https:\/\/www.miomiorun.com\/fr\/produit\/pro-trail-singlet-homme\/\",\"url\":\"https:\/\/www.miomiorun.com\/fr\/produit\/pro-trail-singlet-homme\/\",\"name\":\"Craft Pro Trail Singlet homme - d\u00e9bardeurs de course - MioMioRun.com\",\"isPartOf\":{\"@id\":\"https:\/\/www.miomiorun.com\/fr\/#website\"},\"primaryImageOfPage\":{\"@id\":\"https:\/\/www.miomiorun.com\/fr\/produit\/pro-trail-singlet-homme\/#primaryimage\"},\"image\":{\"@id\":\"https:\/\/www.miomiorun.com\/fr\/produit\/pro-trail-singlet-homme\/#primaryimage\"},\"thumbnailUrl\":\"https:\/\/www.miomiorun.com\/app\/uploads\/2023\/04\/craft-pro-trail-singlet-desert-1913153-574000.jpg\",\"datePublished\":\"2023-04-11T13:00:35+00:00\",\"dateModified\":\"2025-07-14T14:44:47+00:00\",\"description\":\"Le PRO Trail Singlet pour homme est un singlet de course \u00e0 pied de niveau professionnel con\u00e7u pour la course \u00e0 pied de haute intensit\u00e9.\",\"breadcrumb\":{\"@id\":\"https:\/\/www.miomiorun.com\/fr\/produit\/pro-trail-singlet-homme\/#breadcrumb\"},\"inLanguage\":\"fr-FR\",\"potentialAction\":[{\"@type\":\"ReadAction\",\"target\":[\"https:\/\/www.miomiorun.com\/fr\/produit\/pro-trail-singlet-homme\/\"]}]},{\"@type\":\"ImageObject\",\"inLanguage\":\"fr-FR\",\"@id\":\"https:\/\/www.miomiorun.com\/fr\/produit\/pro-trail-singlet-homme\/#primaryimage\",\"url\":\"https:\/\/www.miomiorun.com\/app\/uploads\/2023\/04\/craft-pro-trail-singlet-desert-1913153-574000.jpg\",\"contentUrl\":\"https:\/\/www.miomiorun.com\/app\/uploads\/2023\/04\/craft-pro-trail-singlet-desert-1913153-574000.jpg\",\"width\":600,\"height\":600,\"caption\":\"craft-pro-trail--singlet-desert-1913153-574000\"},{\"@type\":\"BreadcrumbList\",\"@id\":\"https:\/\/www.miomiorun.com\/fr\/produit\/pro-trail-singlet-homme\/#breadcrumb\",\"itemListElement\":[{\"@type\":\"ListItem\",\"position\":1,\"name\":\"Home\",\"item\":\"https:\/\/www.miomiorun.com\/fr\/home-page\/\"},{\"@type\":\"ListItem\",\"position\":2,\"name\":\"Shop\",\"item\":\"https:\/\/www.miomiorun.com\/shop\/\"},{\"@type\":\"ListItem\",\"position\":3,\"name\":\"Pro Trail Singlet homme\"}]},{\"@type\":\"WebSite\",\"@id\":\"https:\/\/www.miomiorun.com\/fr\/#website\",\"url\":\"https:\/\/www.miomiorun.com\/fr\/\",\"name\":\"MioMioRun\",\"description\":\"Boutique 100% running et trail\",\"publisher\":{\"@id\":\"https:\/\/www.miomiorun.com\/fr\/#organization\"},\"potentialAction\":[{\"@type\":\"SearchAction\",\"target\":{\"@type\":\"EntryPoint\",\"urlTemplate\":\"https:\/\/www.miomiorun.com\/fr\/?s={search_term_string}\"},\"query-input\":{\"@type\":\"PropertyValueSpecification\",\"valueRequired\":true,\"valueName\":\"search_term_string\"}}],\"inLanguage\":\"fr-FR\"},{\"@type\":\"Organization\",\"@id\":\"https:\/\/www.miomiorun.com\/fr\/#organization\",\"name\":\"MioMio Run\",\"url\":\"https:\/\/www.miomiorun.com\/fr\/\",\"logo\":{\"@type\":\"ImageObject\",\"inLanguage\":\"fr-FR\",\"@id\":\"https:\/\/www.miomiorun.com\/fr\/#\/schema\/logo\/image\/\",\"url\":\"https:\/\/www.miomiorun.com\/app\/uploads\/2019\/12\/logomio.png\",\"contentUrl\":\"https:\/\/www.miomiorun.com\/app\/uploads\/2019\/12\/logomio.png\",\"width\":115,\"height\":82,\"caption\":\"MioMio Run\"},\"image\":{\"@id\":\"https:\/\/www.miomiorun.com\/fr\/#\/schema\/logo\/image\/\"},\"sameAs\":[\"https:\/\/www.facebook.com\/miomiorun\/\",\"https:\/\/www.instagram.com\/miomiorun\/\"]}]}<\/script>\n<!-- \/ Yoast SEO plugin. -->","yoast_head_json":{"title":"Craft Pro Trail Singlet homme - d\u00e9bardeurs de course - MioMioRun.com","description":"Le PRO Trail Singlet pour homme est un singlet de course \u00e0 pied de niveau professionnel con\u00e7u pour la course \u00e0 pied de haute intensit\u00e9.","robots":{"index":"index","follow":"follow","max-snippet":"max-snippet:-1","max-image-preview":"max-image-preview:large","max-video-preview":"max-video-preview:-1"},"canonical":"https:\/\/www.miomiorun.com\/fr\/produit\/pro-trail-singlet-homme\/","og_locale":"fr_FR","og_type":"article","og_title":"Craft Pro Trail Singlet homme - d\u00e9bardeurs de course - MioMioRun.com","og_description":"Le PRO Trail Singlet pour homme est un singlet de course \u00e0 pied de niveau professionnel con\u00e7u pour la course \u00e0 pied de haute intensit\u00e9.","og_url":"https:\/\/www.miomiorun.com\/fr\/produit\/pro-trail-singlet-homme\/","og_site_name":"MioMioRun","article_publisher":"https:\/\/www.facebook.com\/miomiorun\/","article_modified_time":"2025-07-14T14:44:47+00:00","og_image":[{"width":600,"height":600,"url":"https:\/\/www.miomiorun.com\/app\/uploads\/2023\/04\/craft-pro-trail-singlet-desert-1913153-574000.jpg","type":"image\/jpeg"}],"twitter_card":"summary_large_image","twitter_misc":{"Est. reading time":"1 minute"},"schema":{"@context":"https:\/\/schema.org","@graph":[{"@type":"WebPage","@id":"https:\/\/www.miomiorun.com\/fr\/produit\/pro-trail-singlet-homme\/","url":"https:\/\/www.miomiorun.com\/fr\/produit\/pro-trail-singlet-homme\/","name":"Craft Pro Trail Singlet homme - d\u00e9bardeurs de course - MioMioRun.com","isPartOf":{"@id":"https:\/\/www.miomiorun.com\/fr\/#website"},"primaryImageOfPage":{"@id":"https:\/\/www.miomiorun.com\/fr\/produit\/pro-trail-singlet-homme\/#primaryimage"},"image":{"@id":"https:\/\/www.miomiorun.com\/fr\/produit\/pro-trail-singlet-homme\/#primaryimage"},"thumbnailUrl":"https:\/\/www.miomiorun.com\/app\/uploads\/2023\/04\/craft-pro-trail-singlet-desert-1913153-574000.jpg","datePublished":"2023-04-11T13:00:35+00:00","dateModified":"2025-07-14T14:44:47+00:00","description":"Le PRO Trail Singlet pour homme est un singlet de course \u00e0 pied de niveau professionnel con\u00e7u pour la course \u00e0 pied de haute intensit\u00e9.","breadcrumb":{"@id":"https:\/\/www.miomiorun.com\/fr\/produit\/pro-trail-singlet-homme\/#breadcrumb"},"inLanguage":"fr-FR","potentialAction":[{"@type":"ReadAction","target":["https:\/\/www.miomiorun.com\/fr\/produit\/pro-trail-singlet-homme\/"]}]},{"@type":"ImageObject","inLanguage":"fr-FR","@id":"https:\/\/www.miomiorun.com\/fr\/produit\/pro-trail-singlet-homme\/#primaryimage","url":"https:\/\/www.miomiorun.com\/app\/uploads\/2023\/04\/craft-pro-trail-singlet-desert-1913153-574000.jpg","contentUrl":"https:\/\/www.miomiorun.com\/app\/uploads\/2023\/04\/craft-pro-trail-singlet-desert-1913153-574000.jpg","width":600,"height":600,"caption":"craft-pro-trail--singlet-desert-1913153-574000"},{"@type":"BreadcrumbList","@id":"https:\/\/www.miomiorun.com\/fr\/produit\/pro-trail-singlet-homme\/#breadcrumb","itemListElement":[{"@type":"ListItem","position":1,"name":"Home","item":"https:\/\/www.miomiorun.com\/fr\/home-page\/"},{"@type":"ListItem","position":2,"name":"Shop","item":"https:\/\/www.miomiorun.com\/shop\/"},{"@type":"ListItem","position":3,"name":"Pro Trail Singlet homme"}]},{"@type":"WebSite","@id":"https:\/\/www.miomiorun.com\/fr\/#website","url":"https:\/\/www.miomiorun.com\/fr\/","name":"MioMioRun","description":"Boutique 100% running et trail","publisher":{"@id":"https:\/\/www.miomiorun.com\/fr\/#organization"},"potentialAction":[{"@type":"SearchAction","target":{"@type":"EntryPoint","urlTemplate":"https:\/\/www.miomiorun.com\/fr\/?s={search_term_string}"},"query-input":{"@type":"PropertyValueSpecification","valueRequired":true,"valueName":"search_term_string"}}],"inLanguage":"fr-FR"},{"@type":"Organization","@id":"https:\/\/www.miomiorun.com\/fr\/#organization","name":"MioMio Run","url":"https:\/\/www.miomiorun.com\/fr\/","logo":{"@type":"ImageObject","inLanguage":"fr-FR","@id":"https:\/\/www.miomiorun.com\/fr\/#\/schema\/logo\/image\/","url":"https:\/\/www.miomiorun.com\/app\/uploads\/2019\/12\/logomio.png","contentUrl":"https:\/\/www.miomiorun.com\/app\/uploads\/2019\/12\/logomio.png","width":115,"height":82,"caption":"MioMio Run"},"image":{"@id":"https:\/\/www.miomiorun.com\/fr\/#\/schema\/logo\/image\/"},"sameAs":["https:\/\/www.facebook.com\/miomiorun\/","https:\/\/www.instagram.com\/miomiorun\/"]}]}},"_links":{"self":[{"href":"https:\/\/www.miomiorun.com\/fr\/wp-json\/wp\/v2\/product\/286627","targetHints":{"allow":["GET"]}}],"collection":[{"href":"https:\/\/www.miomiorun.com\/fr\/wp-json\/wp\/v2\/product"}],"about":[{"href":"https:\/\/www.miomiorun.com\/fr\/wp-json\/wp\/v2\/types\/product"}],"wp:featuredmedia":[{"embeddable":true,"href":"https:\/\/www.miomiorun.com\/fr\/wp-json\/wp\/v2\/media\/239927"}],"wp:attachment":[{"href":"https:\/\/www.miomiorun.com\/fr\/wp-json\/wp\/v2\/media?parent=286627"}],"wp:term":[{"taxonomy":"product_brand","embeddable":true,"href":"https:\/\/www.miomiorun.com\/fr\/wp-json\/wp\/v2\/product_brand?post=286627"},{"taxonomy":"product_cat","embeddable":true,"href":"https:\/\/www.miomiorun.com\/fr\/wp-json\/wp\/v2\/product_cat?post=286627"},{"taxonomy":"product_tag","embeddable":true,"href":"https:\/\/www.miomiorun.com\/fr\/wp-json\/wp\/v2\/product_tag?post=286627"}],"curies":[{"name":"wp","href":"https:\/\/api.w.org\/{rel}","templated":true}]}}