{"id":286436,"date":"2023-04-13T18:43:51","date_gmt":"2023-04-13T16:43:51","guid":{"rendered":"https:\/\/miomiorun.com\/prodotto\/adv-hit-padded-sport-top-donna\/"},"modified":"2026-05-08T21:44:17","modified_gmt":"2026-05-08T19:44:17","slug":"adv-hit-padded-sport-top-femme","status":"publish","type":"product","link":"https:\/\/www.miomiorun.com\/fr\/produit\/adv-hit-padded-sport-top-femme\/","title":{"rendered":"Adv Hit Padded Sport Top femme"},"content":{"rendered":"<p>Le haut de sport <strong>ADV HiT Padded<\/strong> Sport Top est un haut de sport tr\u00e8s fonctionnel, dot\u00e9 d&#8217;un support l\u00e9ger et d&#8217;un rembourrage amovible, qui convient \u00e0 la plupart des types d&#8217;entra\u00eenement en salle \u00e0 haute intensit\u00e9.<\/p>\n<p>Le haut est fabriqu\u00e9 dans un tissu jersey extensible et \u00e0 s\u00e9chage rapide en polyester recycl\u00e9, qui offre une excellente \u00e9vacuation de l&#8217;humidit\u00e9 et un refroidissement pour des performances optimales. En outre, il est dot\u00e9 d&#8217;un \u00e9lastique dans le bas, de bretelles crois\u00e9es dans le dos et d&#8217;une doublure sur le devant pour \u00e9viter les transparences. La conception ergonomique combin\u00e9e \u00e0 une grande extensibilit\u00e9 garantit une libert\u00e9 de mouvement et un confort optimal.<\/p>\n<p><strong>Caract\u00e9ristiques :<\/strong><\/p>\n<ul>\n<li>&#8211; Tissu jersey doux en polyester recycl\u00e9 et spandex<br \/>\n&#8211; Soutien l\u00e9ger<br \/>\n&#8211; Rembourrage amovible<br \/>\n&#8211; Ourlet \u00e9lastiqu\u00e9 pour le maintien et l&#8217;ajustement<br \/>\n&#8211; Bretelles crois\u00e9es dans le dos<br \/>\n&#8211; Doublure \u00e0 l&#8217;avant pour \u00e9viter la transparence<br \/>\n&#8211; D\u00e9tails tapiss\u00e9s<\/li>\n<\/ul>\n","protected":false},"excerpt":{"rendered":"<p>\u2022 Ourlet \u00e9lastiqu\u00e9 pour un maintien et un ajustement parfaits<br \/>\n\u2022 Bretelles crois\u00e9es dans le dos<br \/>\n\u2022 Devant doubl\u00e9 pour \u00e9viter toute transparence<br \/>\n\u2022 D\u00e9tails avec bande adh\u00e9sive<\/p>\n","protected":false},"featured_media":240007,"template":"","meta":{"_acf_changed":false,"inline_featured_image":false},"product_brand":[],"product_cat":[22600,22596],"product_tag":[23554,23648],"class_list":{"0":"post-286436","1":"product","2":"type-product","3":"status-publish","4":"has-post-thumbnail","6":"product_cat-sous-vetements","7":"product_cat-vetements-pour-femmes","8":"product_tag-craft-fr","9":"product_tag-craft-femme","10":"pa_attivita-fitness-fr","11":"pa_attivita-marcher","12":"pa_attivita-running-fr","13":"pa_colore-adv-hit-padded-sport-top-w-blaze-cliff-fr","14":"pa_marca-craft-fr","15":"pa_sesso-femme","16":"pa_size-extra-small-fr","17":"pa_size-small-fr","19":"first","20":"instock","21":"sale","22":"taxable","23":"shipping-taxable","24":"purchasable","25":"product-type-variable","26":"wvs-archive-product-wrapper"},"acf":[],"yoast_head":"<!-- This site is optimized with the Yoast SEO plugin v26.8 - https:\/\/yoast.com\/product\/yoast-seo-wordpress\/ -->\n<title>Craft Adv Hit Padded Sport Top femme - Haut de sport- MioMioRun<\/title>\n<meta name=\"description\" content=\"Le haut de sport ADV HiT Padded Sport Top est un haut de sport tr\u00e8s fonctionnel avec un soutien l\u00e9ger et un rembourrage amovible qui convient \u00e0 la plupart des entra\u00eenements.\" \/>\n<meta name=\"robots\" content=\"index, follow, max-snippet:-1, max-image-preview:large, max-video-preview:-1\" \/>\n<link rel=\"canonical\" href=\"https:\/\/www.miomiorun.com\/fr\/produit\/adv-hit-padded-sport-top-femme\/\" \/>\n<meta property=\"og:locale\" content=\"fr_FR\" \/>\n<meta property=\"og:type\" content=\"article\" \/>\n<meta property=\"og:title\" content=\"Craft Adv Hit Padded Sport Top femme - Haut de sport- MioMioRun\" \/>\n<meta property=\"og:description\" content=\"Le haut de sport ADV HiT Padded Sport Top est un haut de sport tr\u00e8s fonctionnel avec un soutien l\u00e9ger et un rembourrage amovible qui convient \u00e0 la plupart des entra\u00eenements.\" \/>\n<meta property=\"og:url\" content=\"https:\/\/www.miomiorun.com\/fr\/produit\/adv-hit-padded-sport-top-femme\/\" \/>\n<meta property=\"og:site_name\" content=\"MioMioRun\" \/>\n<meta property=\"article:publisher\" content=\"https:\/\/www.facebook.com\/miomiorun\/\" \/>\n<meta property=\"article:modified_time\" content=\"2026-05-08T19:44:17+00:00\" \/>\n<meta property=\"og:image\" content=\"https:\/\/www.miomiorun.com\/app\/uploads\/2023\/04\/craft-adv-hit-padded-sport-top-W-blaze-cliff-1913700-396791.jpg\" \/>\n\t<meta property=\"og:image:width\" content=\"600\" \/>\n\t<meta property=\"og:image:height\" content=\"600\" \/>\n\t<meta property=\"og:image:type\" content=\"image\/jpeg\" \/>\n<meta name=\"twitter:card\" content=\"summary_large_image\" \/>\n<meta name=\"twitter:label1\" content=\"Est. reading time\" \/>\n\t<meta name=\"twitter:data1\" content=\"1 minute\" \/>\n<script type=\"application\/ld+json\" class=\"yoast-schema-graph\">{\"@context\":\"https:\/\/schema.org\",\"@graph\":[{\"@type\":\"WebPage\",\"@id\":\"https:\/\/www.miomiorun.com\/fr\/produit\/adv-hit-padded-sport-top-femme\/\",\"url\":\"https:\/\/www.miomiorun.com\/fr\/produit\/adv-hit-padded-sport-top-femme\/\",\"name\":\"Craft Adv Hit Padded Sport Top femme - Haut de sport- MioMioRun\",\"isPartOf\":{\"@id\":\"https:\/\/www.miomiorun.com\/fr\/#website\"},\"primaryImageOfPage\":{\"@id\":\"https:\/\/www.miomiorun.com\/fr\/produit\/adv-hit-padded-sport-top-femme\/#primaryimage\"},\"image\":{\"@id\":\"https:\/\/www.miomiorun.com\/fr\/produit\/adv-hit-padded-sport-top-femme\/#primaryimage\"},\"thumbnailUrl\":\"https:\/\/www.miomiorun.com\/app\/uploads\/2023\/04\/craft-adv-hit-padded-sport-top-W-blaze-cliff-1913700-396791.jpg\",\"datePublished\":\"2023-04-13T16:43:51+00:00\",\"dateModified\":\"2026-05-08T19:44:17+00:00\",\"description\":\"Le haut de sport ADV HiT Padded Sport Top est un haut de sport tr\u00e8s fonctionnel avec un soutien l\u00e9ger et un rembourrage amovible qui convient \u00e0 la plupart des entra\u00eenements.\",\"breadcrumb\":{\"@id\":\"https:\/\/www.miomiorun.com\/fr\/produit\/adv-hit-padded-sport-top-femme\/#breadcrumb\"},\"inLanguage\":\"fr-FR\",\"potentialAction\":[{\"@type\":\"ReadAction\",\"target\":[\"https:\/\/www.miomiorun.com\/fr\/produit\/adv-hit-padded-sport-top-femme\/\"]}]},{\"@type\":\"ImageObject\",\"inLanguage\":\"fr-FR\",\"@id\":\"https:\/\/www.miomiorun.com\/fr\/produit\/adv-hit-padded-sport-top-femme\/#primaryimage\",\"url\":\"https:\/\/www.miomiorun.com\/app\/uploads\/2023\/04\/craft-adv-hit-padded-sport-top-W-blaze-cliff-1913700-396791.jpg\",\"contentUrl\":\"https:\/\/www.miomiorun.com\/app\/uploads\/2023\/04\/craft-adv-hit-padded-sport-top-W-blaze-cliff-1913700-396791.jpg\",\"width\":600,\"height\":600,\"caption\":\"craft-adv-hit-padded-sport-top-W-blaze-cliff-1913700-396791\"},{\"@type\":\"BreadcrumbList\",\"@id\":\"https:\/\/www.miomiorun.com\/fr\/produit\/adv-hit-padded-sport-top-femme\/#breadcrumb\",\"itemListElement\":[{\"@type\":\"ListItem\",\"position\":1,\"name\":\"Home\",\"item\":\"https:\/\/www.miomiorun.com\/fr\/home-page\/\"},{\"@type\":\"ListItem\",\"position\":2,\"name\":\"Shop\",\"item\":\"https:\/\/www.miomiorun.com\/shop\/\"},{\"@type\":\"ListItem\",\"position\":3,\"name\":\"Adv Hit Padded Sport Top femme\"}]},{\"@type\":\"WebSite\",\"@id\":\"https:\/\/www.miomiorun.com\/fr\/#website\",\"url\":\"https:\/\/www.miomiorun.com\/fr\/\",\"name\":\"MioMioRun\",\"description\":\"Boutique 100% running et trail\",\"publisher\":{\"@id\":\"https:\/\/www.miomiorun.com\/fr\/#organization\"},\"potentialAction\":[{\"@type\":\"SearchAction\",\"target\":{\"@type\":\"EntryPoint\",\"urlTemplate\":\"https:\/\/www.miomiorun.com\/fr\/?s={search_term_string}\"},\"query-input\":{\"@type\":\"PropertyValueSpecification\",\"valueRequired\":true,\"valueName\":\"search_term_string\"}}],\"inLanguage\":\"fr-FR\"},{\"@type\":\"Organization\",\"@id\":\"https:\/\/www.miomiorun.com\/fr\/#organization\",\"name\":\"MioMio Run\",\"url\":\"https:\/\/www.miomiorun.com\/fr\/\",\"logo\":{\"@type\":\"ImageObject\",\"inLanguage\":\"fr-FR\",\"@id\":\"https:\/\/www.miomiorun.com\/fr\/#\/schema\/logo\/image\/\",\"url\":\"https:\/\/www.miomiorun.com\/app\/uploads\/2019\/12\/logomio.png\",\"contentUrl\":\"https:\/\/www.miomiorun.com\/app\/uploads\/2019\/12\/logomio.png\",\"width\":115,\"height\":82,\"caption\":\"MioMio Run\"},\"image\":{\"@id\":\"https:\/\/www.miomiorun.com\/fr\/#\/schema\/logo\/image\/\"},\"sameAs\":[\"https:\/\/www.facebook.com\/miomiorun\/\",\"https:\/\/www.instagram.com\/miomiorun\/\"]}]}<\/script>\n<!-- \/ Yoast SEO plugin. -->","yoast_head_json":{"title":"Craft Adv Hit Padded Sport Top femme - Haut de sport- MioMioRun","description":"Le haut de sport ADV HiT Padded Sport Top est un haut de sport tr\u00e8s fonctionnel avec un soutien l\u00e9ger et un rembourrage amovible qui convient \u00e0 la plupart des entra\u00eenements.","robots":{"index":"index","follow":"follow","max-snippet":"max-snippet:-1","max-image-preview":"max-image-preview:large","max-video-preview":"max-video-preview:-1"},"canonical":"https:\/\/www.miomiorun.com\/fr\/produit\/adv-hit-padded-sport-top-femme\/","og_locale":"fr_FR","og_type":"article","og_title":"Craft Adv Hit Padded Sport Top femme - Haut de sport- MioMioRun","og_description":"Le haut de sport ADV HiT Padded Sport Top est un haut de sport tr\u00e8s fonctionnel avec un soutien l\u00e9ger et un rembourrage amovible qui convient \u00e0 la plupart des entra\u00eenements.","og_url":"https:\/\/www.miomiorun.com\/fr\/produit\/adv-hit-padded-sport-top-femme\/","og_site_name":"MioMioRun","article_publisher":"https:\/\/www.facebook.com\/miomiorun\/","article_modified_time":"2026-05-08T19:44:17+00:00","og_image":[{"width":600,"height":600,"url":"https:\/\/www.miomiorun.com\/app\/uploads\/2023\/04\/craft-adv-hit-padded-sport-top-W-blaze-cliff-1913700-396791.jpg","type":"image\/jpeg"}],"twitter_card":"summary_large_image","twitter_misc":{"Est. reading time":"1 minute"},"schema":{"@context":"https:\/\/schema.org","@graph":[{"@type":"WebPage","@id":"https:\/\/www.miomiorun.com\/fr\/produit\/adv-hit-padded-sport-top-femme\/","url":"https:\/\/www.miomiorun.com\/fr\/produit\/adv-hit-padded-sport-top-femme\/","name":"Craft Adv Hit Padded Sport Top femme - Haut de sport- MioMioRun","isPartOf":{"@id":"https:\/\/www.miomiorun.com\/fr\/#website"},"primaryImageOfPage":{"@id":"https:\/\/www.miomiorun.com\/fr\/produit\/adv-hit-padded-sport-top-femme\/#primaryimage"},"image":{"@id":"https:\/\/www.miomiorun.com\/fr\/produit\/adv-hit-padded-sport-top-femme\/#primaryimage"},"thumbnailUrl":"https:\/\/www.miomiorun.com\/app\/uploads\/2023\/04\/craft-adv-hit-padded-sport-top-W-blaze-cliff-1913700-396791.jpg","datePublished":"2023-04-13T16:43:51+00:00","dateModified":"2026-05-08T19:44:17+00:00","description":"Le haut de sport ADV HiT Padded Sport Top est un haut de sport tr\u00e8s fonctionnel avec un soutien l\u00e9ger et un rembourrage amovible qui convient \u00e0 la plupart des entra\u00eenements.","breadcrumb":{"@id":"https:\/\/www.miomiorun.com\/fr\/produit\/adv-hit-padded-sport-top-femme\/#breadcrumb"},"inLanguage":"fr-FR","potentialAction":[{"@type":"ReadAction","target":["https:\/\/www.miomiorun.com\/fr\/produit\/adv-hit-padded-sport-top-femme\/"]}]},{"@type":"ImageObject","inLanguage":"fr-FR","@id":"https:\/\/www.miomiorun.com\/fr\/produit\/adv-hit-padded-sport-top-femme\/#primaryimage","url":"https:\/\/www.miomiorun.com\/app\/uploads\/2023\/04\/craft-adv-hit-padded-sport-top-W-blaze-cliff-1913700-396791.jpg","contentUrl":"https:\/\/www.miomiorun.com\/app\/uploads\/2023\/04\/craft-adv-hit-padded-sport-top-W-blaze-cliff-1913700-396791.jpg","width":600,"height":600,"caption":"craft-adv-hit-padded-sport-top-W-blaze-cliff-1913700-396791"},{"@type":"BreadcrumbList","@id":"https:\/\/www.miomiorun.com\/fr\/produit\/adv-hit-padded-sport-top-femme\/#breadcrumb","itemListElement":[{"@type":"ListItem","position":1,"name":"Home","item":"https:\/\/www.miomiorun.com\/fr\/home-page\/"},{"@type":"ListItem","position":2,"name":"Shop","item":"https:\/\/www.miomiorun.com\/shop\/"},{"@type":"ListItem","position":3,"name":"Adv Hit Padded Sport Top femme"}]},{"@type":"WebSite","@id":"https:\/\/www.miomiorun.com\/fr\/#website","url":"https:\/\/www.miomiorun.com\/fr\/","name":"MioMioRun","description":"Boutique 100% running et trail","publisher":{"@id":"https:\/\/www.miomiorun.com\/fr\/#organization"},"potentialAction":[{"@type":"SearchAction","target":{"@type":"EntryPoint","urlTemplate":"https:\/\/www.miomiorun.com\/fr\/?s={search_term_string}"},"query-input":{"@type":"PropertyValueSpecification","valueRequired":true,"valueName":"search_term_string"}}],"inLanguage":"fr-FR"},{"@type":"Organization","@id":"https:\/\/www.miomiorun.com\/fr\/#organization","name":"MioMio Run","url":"https:\/\/www.miomiorun.com\/fr\/","logo":{"@type":"ImageObject","inLanguage":"fr-FR","@id":"https:\/\/www.miomiorun.com\/fr\/#\/schema\/logo\/image\/","url":"https:\/\/www.miomiorun.com\/app\/uploads\/2019\/12\/logomio.png","contentUrl":"https:\/\/www.miomiorun.com\/app\/uploads\/2019\/12\/logomio.png","width":115,"height":82,"caption":"MioMio Run"},"image":{"@id":"https:\/\/www.miomiorun.com\/fr\/#\/schema\/logo\/image\/"},"sameAs":["https:\/\/www.facebook.com\/miomiorun\/","https:\/\/www.instagram.com\/miomiorun\/"]}]}},"_links":{"self":[{"href":"https:\/\/www.miomiorun.com\/fr\/wp-json\/wp\/v2\/product\/286436","targetHints":{"allow":["GET"]}}],"collection":[{"href":"https:\/\/www.miomiorun.com\/fr\/wp-json\/wp\/v2\/product"}],"about":[{"href":"https:\/\/www.miomiorun.com\/fr\/wp-json\/wp\/v2\/types\/product"}],"wp:featuredmedia":[{"embeddable":true,"href":"https:\/\/www.miomiorun.com\/fr\/wp-json\/wp\/v2\/media\/240007"}],"wp:attachment":[{"href":"https:\/\/www.miomiorun.com\/fr\/wp-json\/wp\/v2\/media?parent=286436"}],"wp:term":[{"taxonomy":"product_brand","embeddable":true,"href":"https:\/\/www.miomiorun.com\/fr\/wp-json\/wp\/v2\/product_brand?post=286436"},{"taxonomy":"product_cat","embeddable":true,"href":"https:\/\/www.miomiorun.com\/fr\/wp-json\/wp\/v2\/product_cat?post=286436"},{"taxonomy":"product_tag","embeddable":true,"href":"https:\/\/www.miomiorun.com\/fr\/wp-json\/wp\/v2\/product_tag?post=286436"}],"curies":[{"name":"wp","href":"https:\/\/api.w.org\/{rel}","templated":true}]}}