{"id":286431,"date":"2023-04-13T18:49:21","date_gmt":"2023-04-13T16:49:21","guid":{"rendered":"https:\/\/miomiorun.com\/prodotto\/pro-hit-blocked-tights-donna\/"},"modified":"2025-07-14T17:10:53","modified_gmt":"2025-07-14T15:10:53","slug":"pro-hit-blocked-tights-femme","status":"publish","type":"product","link":"https:\/\/www.miomiorun.com\/fr\/produit\/pro-hit-blocked-tights-femme\/","title":{"rendered":"Pro Hit Blocked Tights femme"},"content":{"rendered":"<div id=\"tw-target-text-container\" class=\"tw-ta-container F0azHf tw-nfl\" tabindex=\"0\">\n<p dir=\"ltr\" data-placeholder=\"Traduzione\"><strong>Le<\/strong> collant <strong>PRO Charge Blocked<\/strong> pour femme est un collant d&#8217;entra\u00eenement de niveau professionnel avec une taille haute pour un confort optimal pendant les entra\u00eenements de haute intensit\u00e9. Le collant est fabriqu\u00e9 en jersey de polyester recycl\u00e9 doux et en \u00e9lasthanne avec un excellent retour.<\/p>\n<h3 dir=\"ltr\" data-placeholder=\"Traduzione\">Concept multi-entra\u00eenement<\/h3>\n<p dir=\"ltr\" data-placeholder=\"Traduzione\">Charge est un concept multi-entra\u00eenement qui associe des entra\u00eenements de haute intensit\u00e9 \u00e0 la mode de la rue pour faire une d\u00e9claration audacieuse dans la salle de sport, dans la nature urbaine et au-del\u00e0.<\/p>\n<p dir=\"ltr\" data-placeholder=\"Traduzione\"><strong>Caract\u00e9ristiques :<\/strong><\/p>\n<ul>\n<li>Tissu jersey souple et tr\u00e8s fonctionnel en polyester recycl\u00e9 et \u00e9lasthanne<\/li>\n<li>Taille haute avec ceinture large<\/li>\n<li>D\u00e9tails perfor\u00e9s<\/li>\n<\/ul>\n<\/div>\n","protected":false},"excerpt":{"rendered":"<ul>\n<li>Tissu jersey doux et hautement fonctionnel, fabriqu\u00e9 \u00e0 partir de polyester recycl\u00e9 et d&#8217;\u00e9lasthanne.<\/li>\n<li>Taille haute avec ceinture large.<\/li>\n<li>D\u00e9tails perfor\u00e9s.<\/li>\n<\/ul>\n","protected":false},"featured_media":240009,"template":"","meta":{"_acf_changed":false,"inline_featured_image":false},"product_brand":[],"product_cat":[22603,22596,22595],"product_tag":[23554,23648],"class_list":{"0":"post-286431","1":"product","2":"type-product","3":"status-publish","4":"has-post-thumbnail","6":"product_cat-pantalon-long","7":"product_cat-vetements-pour-femmes","8":"product_cat-femme","9":"product_tag-craft-fr","10":"product_tag-craft-femme","11":"pa_attivita-fitness-fr","12":"pa_attivita-marcher","13":"pa_attivita-running-fr","14":"pa_colore-pro-hit-blocked-tights-w-blaze-cliff-fr","15":"pa_marca-craft-fr","16":"pa_sesso-femme","17":"pa_size-extra-small-fr","18":"pa_size-small-fr","19":"pa_size-medium-fr","21":"first","22":"instock","23":"sale","24":"taxable","25":"shipping-taxable","26":"purchasable","27":"product-type-variable","28":"wvs-archive-product-wrapper"},"acf":[],"yoast_head":"<!-- This site is optimized with the Yoast SEO plugin v26.8 - https:\/\/yoast.com\/product\/yoast-seo-wordpress\/ -->\n<title>Craft Pro Hit Blocked Tights femme - Pantalon de course - MioMioRun<\/title>\n<meta name=\"description\" content=\"Le collant PRO Charge Blocked pour femme est un collant d&#039;entra\u00eenement de niveau professionnel avec une taille haute pour un confort optimal.\" \/>\n<meta name=\"robots\" content=\"index, follow, max-snippet:-1, max-image-preview:large, max-video-preview:-1\" \/>\n<link rel=\"canonical\" href=\"https:\/\/www.miomiorun.com\/fr\/produit\/pro-hit-blocked-tights-femme\/\" \/>\n<meta property=\"og:locale\" content=\"fr_FR\" \/>\n<meta property=\"og:type\" content=\"article\" \/>\n<meta property=\"og:title\" content=\"Craft Pro Hit Blocked Tights femme - Pantalon de course - MioMioRun\" \/>\n<meta property=\"og:description\" content=\"Le collant PRO Charge Blocked pour femme est un collant d&#039;entra\u00eenement de niveau professionnel avec une taille haute pour un confort optimal.\" \/>\n<meta property=\"og:url\" content=\"https:\/\/www.miomiorun.com\/fr\/produit\/pro-hit-blocked-tights-femme\/\" \/>\n<meta property=\"og:site_name\" content=\"MioMioRun\" \/>\n<meta property=\"article:publisher\" content=\"https:\/\/www.facebook.com\/miomiorun\/\" \/>\n<meta property=\"article:modified_time\" content=\"2025-07-14T15:10:53+00:00\" \/>\n<meta property=\"og:image\" content=\"https:\/\/www.miomiorun.com\/app\/uploads\/2023\/04\/craft-pro-hit-blocked-tights-W-blaze-cliff-1911913-396791.jpg\" \/>\n\t<meta property=\"og:image:width\" content=\"600\" \/>\n\t<meta property=\"og:image:height\" content=\"600\" \/>\n\t<meta property=\"og:image:type\" content=\"image\/jpeg\" \/>\n<meta name=\"twitter:card\" content=\"summary_large_image\" \/>\n<meta name=\"twitter:label1\" content=\"Est. reading time\" \/>\n\t<meta name=\"twitter:data1\" content=\"1 minute\" \/>\n<script type=\"application\/ld+json\" class=\"yoast-schema-graph\">{\"@context\":\"https:\/\/schema.org\",\"@graph\":[{\"@type\":\"WebPage\",\"@id\":\"https:\/\/www.miomiorun.com\/fr\/produit\/pro-hit-blocked-tights-femme\/\",\"url\":\"https:\/\/www.miomiorun.com\/fr\/produit\/pro-hit-blocked-tights-femme\/\",\"name\":\"Craft Pro Hit Blocked Tights femme - Pantalon de course - MioMioRun\",\"isPartOf\":{\"@id\":\"https:\/\/www.miomiorun.com\/fr\/#website\"},\"primaryImageOfPage\":{\"@id\":\"https:\/\/www.miomiorun.com\/fr\/produit\/pro-hit-blocked-tights-femme\/#primaryimage\"},\"image\":{\"@id\":\"https:\/\/www.miomiorun.com\/fr\/produit\/pro-hit-blocked-tights-femme\/#primaryimage\"},\"thumbnailUrl\":\"https:\/\/www.miomiorun.com\/app\/uploads\/2023\/04\/craft-pro-hit-blocked-tights-W-blaze-cliff-1911913-396791.jpg\",\"datePublished\":\"2023-04-13T16:49:21+00:00\",\"dateModified\":\"2025-07-14T15:10:53+00:00\",\"description\":\"Le collant PRO Charge Blocked pour femme est un collant d'entra\u00eenement de niveau professionnel avec une taille haute pour un confort optimal.\",\"breadcrumb\":{\"@id\":\"https:\/\/www.miomiorun.com\/fr\/produit\/pro-hit-blocked-tights-femme\/#breadcrumb\"},\"inLanguage\":\"fr-FR\",\"potentialAction\":[{\"@type\":\"ReadAction\",\"target\":[\"https:\/\/www.miomiorun.com\/fr\/produit\/pro-hit-blocked-tights-femme\/\"]}]},{\"@type\":\"ImageObject\",\"inLanguage\":\"fr-FR\",\"@id\":\"https:\/\/www.miomiorun.com\/fr\/produit\/pro-hit-blocked-tights-femme\/#primaryimage\",\"url\":\"https:\/\/www.miomiorun.com\/app\/uploads\/2023\/04\/craft-pro-hit-blocked-tights-W-blaze-cliff-1911913-396791.jpg\",\"contentUrl\":\"https:\/\/www.miomiorun.com\/app\/uploads\/2023\/04\/craft-pro-hit-blocked-tights-W-blaze-cliff-1911913-396791.jpg\",\"width\":600,\"height\":600,\"caption\":\"craft-pro-hit-blocked-tights-W-blaze-cliff-1911913-396791\"},{\"@type\":\"BreadcrumbList\",\"@id\":\"https:\/\/www.miomiorun.com\/fr\/produit\/pro-hit-blocked-tights-femme\/#breadcrumb\",\"itemListElement\":[{\"@type\":\"ListItem\",\"position\":1,\"name\":\"Home\",\"item\":\"https:\/\/www.miomiorun.com\/fr\/home-page\/\"},{\"@type\":\"ListItem\",\"position\":2,\"name\":\"Shop\",\"item\":\"https:\/\/www.miomiorun.com\/shop\/\"},{\"@type\":\"ListItem\",\"position\":3,\"name\":\"Pro Hit Blocked Tights femme\"}]},{\"@type\":\"WebSite\",\"@id\":\"https:\/\/www.miomiorun.com\/fr\/#website\",\"url\":\"https:\/\/www.miomiorun.com\/fr\/\",\"name\":\"MioMioRun\",\"description\":\"Boutique 100% running et trail\",\"publisher\":{\"@id\":\"https:\/\/www.miomiorun.com\/fr\/#organization\"},\"potentialAction\":[{\"@type\":\"SearchAction\",\"target\":{\"@type\":\"EntryPoint\",\"urlTemplate\":\"https:\/\/www.miomiorun.com\/fr\/?s={search_term_string}\"},\"query-input\":{\"@type\":\"PropertyValueSpecification\",\"valueRequired\":true,\"valueName\":\"search_term_string\"}}],\"inLanguage\":\"fr-FR\"},{\"@type\":\"Organization\",\"@id\":\"https:\/\/www.miomiorun.com\/fr\/#organization\",\"name\":\"MioMio Run\",\"url\":\"https:\/\/www.miomiorun.com\/fr\/\",\"logo\":{\"@type\":\"ImageObject\",\"inLanguage\":\"fr-FR\",\"@id\":\"https:\/\/www.miomiorun.com\/fr\/#\/schema\/logo\/image\/\",\"url\":\"https:\/\/www.miomiorun.com\/app\/uploads\/2019\/12\/logomio.png\",\"contentUrl\":\"https:\/\/www.miomiorun.com\/app\/uploads\/2019\/12\/logomio.png\",\"width\":115,\"height\":82,\"caption\":\"MioMio Run\"},\"image\":{\"@id\":\"https:\/\/www.miomiorun.com\/fr\/#\/schema\/logo\/image\/\"},\"sameAs\":[\"https:\/\/www.facebook.com\/miomiorun\/\",\"https:\/\/www.instagram.com\/miomiorun\/\"]}]}<\/script>\n<!-- \/ Yoast SEO plugin. -->","yoast_head_json":{"title":"Craft Pro Hit Blocked Tights femme - Pantalon de course - MioMioRun","description":"Le collant PRO Charge Blocked pour femme est un collant d'entra\u00eenement de niveau professionnel avec une taille haute pour un confort optimal.","robots":{"index":"index","follow":"follow","max-snippet":"max-snippet:-1","max-image-preview":"max-image-preview:large","max-video-preview":"max-video-preview:-1"},"canonical":"https:\/\/www.miomiorun.com\/fr\/produit\/pro-hit-blocked-tights-femme\/","og_locale":"fr_FR","og_type":"article","og_title":"Craft Pro Hit Blocked Tights femme - Pantalon de course - MioMioRun","og_description":"Le collant PRO Charge Blocked pour femme est un collant d'entra\u00eenement de niveau professionnel avec une taille haute pour un confort optimal.","og_url":"https:\/\/www.miomiorun.com\/fr\/produit\/pro-hit-blocked-tights-femme\/","og_site_name":"MioMioRun","article_publisher":"https:\/\/www.facebook.com\/miomiorun\/","article_modified_time":"2025-07-14T15:10:53+00:00","og_image":[{"width":600,"height":600,"url":"https:\/\/www.miomiorun.com\/app\/uploads\/2023\/04\/craft-pro-hit-blocked-tights-W-blaze-cliff-1911913-396791.jpg","type":"image\/jpeg"}],"twitter_card":"summary_large_image","twitter_misc":{"Est. reading time":"1 minute"},"schema":{"@context":"https:\/\/schema.org","@graph":[{"@type":"WebPage","@id":"https:\/\/www.miomiorun.com\/fr\/produit\/pro-hit-blocked-tights-femme\/","url":"https:\/\/www.miomiorun.com\/fr\/produit\/pro-hit-blocked-tights-femme\/","name":"Craft Pro Hit Blocked Tights femme - Pantalon de course - MioMioRun","isPartOf":{"@id":"https:\/\/www.miomiorun.com\/fr\/#website"},"primaryImageOfPage":{"@id":"https:\/\/www.miomiorun.com\/fr\/produit\/pro-hit-blocked-tights-femme\/#primaryimage"},"image":{"@id":"https:\/\/www.miomiorun.com\/fr\/produit\/pro-hit-blocked-tights-femme\/#primaryimage"},"thumbnailUrl":"https:\/\/www.miomiorun.com\/app\/uploads\/2023\/04\/craft-pro-hit-blocked-tights-W-blaze-cliff-1911913-396791.jpg","datePublished":"2023-04-13T16:49:21+00:00","dateModified":"2025-07-14T15:10:53+00:00","description":"Le collant PRO Charge Blocked pour femme est un collant d'entra\u00eenement de niveau professionnel avec une taille haute pour un confort optimal.","breadcrumb":{"@id":"https:\/\/www.miomiorun.com\/fr\/produit\/pro-hit-blocked-tights-femme\/#breadcrumb"},"inLanguage":"fr-FR","potentialAction":[{"@type":"ReadAction","target":["https:\/\/www.miomiorun.com\/fr\/produit\/pro-hit-blocked-tights-femme\/"]}]},{"@type":"ImageObject","inLanguage":"fr-FR","@id":"https:\/\/www.miomiorun.com\/fr\/produit\/pro-hit-blocked-tights-femme\/#primaryimage","url":"https:\/\/www.miomiorun.com\/app\/uploads\/2023\/04\/craft-pro-hit-blocked-tights-W-blaze-cliff-1911913-396791.jpg","contentUrl":"https:\/\/www.miomiorun.com\/app\/uploads\/2023\/04\/craft-pro-hit-blocked-tights-W-blaze-cliff-1911913-396791.jpg","width":600,"height":600,"caption":"craft-pro-hit-blocked-tights-W-blaze-cliff-1911913-396791"},{"@type":"BreadcrumbList","@id":"https:\/\/www.miomiorun.com\/fr\/produit\/pro-hit-blocked-tights-femme\/#breadcrumb","itemListElement":[{"@type":"ListItem","position":1,"name":"Home","item":"https:\/\/www.miomiorun.com\/fr\/home-page\/"},{"@type":"ListItem","position":2,"name":"Shop","item":"https:\/\/www.miomiorun.com\/shop\/"},{"@type":"ListItem","position":3,"name":"Pro Hit Blocked Tights femme"}]},{"@type":"WebSite","@id":"https:\/\/www.miomiorun.com\/fr\/#website","url":"https:\/\/www.miomiorun.com\/fr\/","name":"MioMioRun","description":"Boutique 100% running et trail","publisher":{"@id":"https:\/\/www.miomiorun.com\/fr\/#organization"},"potentialAction":[{"@type":"SearchAction","target":{"@type":"EntryPoint","urlTemplate":"https:\/\/www.miomiorun.com\/fr\/?s={search_term_string}"},"query-input":{"@type":"PropertyValueSpecification","valueRequired":true,"valueName":"search_term_string"}}],"inLanguage":"fr-FR"},{"@type":"Organization","@id":"https:\/\/www.miomiorun.com\/fr\/#organization","name":"MioMio Run","url":"https:\/\/www.miomiorun.com\/fr\/","logo":{"@type":"ImageObject","inLanguage":"fr-FR","@id":"https:\/\/www.miomiorun.com\/fr\/#\/schema\/logo\/image\/","url":"https:\/\/www.miomiorun.com\/app\/uploads\/2019\/12\/logomio.png","contentUrl":"https:\/\/www.miomiorun.com\/app\/uploads\/2019\/12\/logomio.png","width":115,"height":82,"caption":"MioMio Run"},"image":{"@id":"https:\/\/www.miomiorun.com\/fr\/#\/schema\/logo\/image\/"},"sameAs":["https:\/\/www.facebook.com\/miomiorun\/","https:\/\/www.instagram.com\/miomiorun\/"]}]}},"_links":{"self":[{"href":"https:\/\/www.miomiorun.com\/fr\/wp-json\/wp\/v2\/product\/286431","targetHints":{"allow":["GET"]}}],"collection":[{"href":"https:\/\/www.miomiorun.com\/fr\/wp-json\/wp\/v2\/product"}],"about":[{"href":"https:\/\/www.miomiorun.com\/fr\/wp-json\/wp\/v2\/types\/product"}],"wp:featuredmedia":[{"embeddable":true,"href":"https:\/\/www.miomiorun.com\/fr\/wp-json\/wp\/v2\/media\/240009"}],"wp:attachment":[{"href":"https:\/\/www.miomiorun.com\/fr\/wp-json\/wp\/v2\/media?parent=286431"}],"wp:term":[{"taxonomy":"product_brand","embeddable":true,"href":"https:\/\/www.miomiorun.com\/fr\/wp-json\/wp\/v2\/product_brand?post=286431"},{"taxonomy":"product_cat","embeddable":true,"href":"https:\/\/www.miomiorun.com\/fr\/wp-json\/wp\/v2\/product_cat?post=286431"},{"taxonomy":"product_tag","embeddable":true,"href":"https:\/\/www.miomiorun.com\/fr\/wp-json\/wp\/v2\/product_tag?post=286431"}],"curies":[{"name":"wp","href":"https:\/\/api.w.org\/{rel}","templated":true}]}}